{"id":18835,"date":"2025-01-13T15:26:07","date_gmt":"2025-01-13T15:26:07","guid":{"rendered":"https:\/\/aivlisoft.com\/?post_type=product&#038;p=18835"},"modified":"2025-01-14T11:41:39","modified_gmt":"2025-01-14T11:41:39","slug":"tp-link-er605-router-vpn-safestream-gb-multiwan","status":"publish","type":"product","link":"https:\/\/aivlisoft.net\/shop\/producto\/tp-link-er605-router-vpn-safestream-gb-multiwan\/","title":{"rendered":"TP-Link ER605 Router VPN SafeStream Gb MultiWAN"},"content":{"rendered":"<p><\/p>\n<table class=\"tabla_caracteristicas k-table\" width=\"100%\">\n<tbody>\n<tr>\n<td valign=\"top\"><strong>Marca<\/strong><\/td>\n<td>Tp-Link<\/td>\n<\/tr>\n<tr>\n<td valign=\"top\"><strong>Modelo<\/strong><\/td>\n<td><strong>TL-R605<\/strong><\/td>\n<\/tr>\n<tr>\n<td valign=\"top\"><strong>Caracter&iacute;sticas de Hardware<\/strong><\/td>\n<td>&#8211; Est&aacute;ndares y Protocolos: <br \/>&nbsp; IEEE 802.3, 802.3u, 802.3ab<br \/>&nbsp; TCP\/IP, DHCP, ICMP, NAT, PPPoE, SNTP, HTTP, DNS, IPsec, PPTP, L2TP<br \/>&#8211; Interfaz: <br \/>&nbsp; 1 puerto WAN Gigabit fijo<br \/>&nbsp; 1 puerto LAN Gigabit fijo<br \/>&nbsp; 3 puertos WAN \/ LAN Gigabit intercambiables<br \/>&#8211; Medios de Red: <br \/>&nbsp; 10BASE-T: UTP categor&iacute;a 3, 4, 5 cable (M&aacute;x.100 m)<br \/>&nbsp; EIA \/ TIA-568 100&Omega; STP (M&aacute;x.100 m)<br \/>&nbsp; 100BASE-TX: UTP categor&iacute;a 5, cable 5e (m&aacute;x. 100 m)<br \/>&nbsp; EIA \/ TIA-568 100&Omega; STP (M&aacute;x.100 m)<br \/>&nbsp; 1000BASE-T: cable UTP categor&iacute;a 5, 5e, 6 (m&aacute;x. 100 m)<br \/>&#8211; Botones: Bot&oacute;n Reset<br \/>&#8211; Fuente de Alimentaci&oacute;n: Adaptador externo de 9V \/ 0.85A DC<br \/>&#8211; Flash: SPI 16MB<br \/>&#8211; DRAM: 128 MB<br \/>&#8211; LED: PWR, SYS, WAN, LAN<br \/>&#8211; Dimensiones: 158 &times; 101 &times; 25mm (6.2 &times; 4.0 &times; 1.0 in)<br \/><strong>Rendimiento<\/strong><br \/>&#8211; Sesiones Concurrentes: 25,000<br \/>&#8211; Rendimiento VPN IPsec: 41.5 Mbps<\/td>\n<\/tr>\n<tr>\n<td valign=\"top\"><strong>Funciones<\/strong><\/td>\n<td><strong>B&aacute;sicas<\/strong><br \/>&#8211; Tipo de conexi&oacute;n WAN<br \/>&nbsp; IP est&aacute;tica \/ din&aacute;mica<br \/>&nbsp; PPPoE<br \/>&nbsp; PPTP<br \/>&nbsp; L2TP<br \/>&#8211; DHCP<br \/>&nbsp; Servidor \/ Cliente DHCP<br \/>&nbsp; Reserva de direcci&oacute;n DHCP<br \/>&nbsp; DHCP de m&uacute;ltiples redes<br \/>&nbsp; Interfaces multi-IP<br \/>&#8211; Clonado MAC: Modificar la direcci&oacute;n MAC WAN \/ LAN<br \/>&#8211; IPTV: IGMP v2\/v3 Proxy<br \/>&#8211; IPv6: Desarrollando<br \/>&#8211; VLAN: 802.1Q VLAN<br \/><strong>Avanzadas<\/strong><br \/>&#8211; ACL:&nbsp; Filtrado IP \/ MAC \/ nombres de dominio<br \/>&#8211; Enrutamiento Avanzado &nbsp;&nbsp; &nbsp;<br \/>&nbsp; Enrutamiento est&aacute;tico<br \/>&nbsp; Enrutamiento de pol&iacute;ticas<br \/>&#8211; Control de Ancho de Banda<br \/>&nbsp; IP\/Port-based Bandwidth Control<br \/>&nbsp; Guarantee &amp; Limited Bandwidth<br \/>&#8211; Balanceo de Carga <br \/>&nbsp; Balance de carga inteligente<br \/>&nbsp; Enrutamiento optimizado para aplicaciones<br \/>&nbsp; Copia de seguridad de enlace (sincronizaci&oacute;n, conmutaci&oacute;n por error)<br \/>&nbsp; Detecci&oacute;n en l&iacute;nea<br \/>&#8211; NAT &nbsp;&nbsp; &nbsp;<br \/>&nbsp; NAT uno a uno<br \/>&nbsp; NAT de redes m&uacute;ltiples<br \/>&nbsp; Servidor virtual<br \/>&nbsp; Activaci&oacute;n de puertos<br \/>&nbsp; NAT-DMZ<br \/>&nbsp; FTP \/ H.323 \/ SIP \/ IPSec \/ PPTP ALG, UPnP<br \/>&#8211; Seguridad <br \/>&nbsp; Firewall SPI<br \/>&nbsp; Paso de VPN<br \/>&nbsp; FTP \/ TFTP \/ H.323 \/ RTSP ALG<br \/>&nbsp; Defensa DoS, Ping de la muerte<br \/>&nbsp; Administraci&oacute;n Local<br \/>&#8211; Session Limit: L&iacute;mite de sesi&oacute;n basado en IP<\/td>\n<\/tr>\n<tr>\n<td valign=\"top\"><strong>VPN<\/strong><\/td>\n<td>&#8211; VPN IPsec <br \/>&nbsp; 20 t&uacute;neles VPN IPsec<br \/>&nbsp; LAN a LAN, cliente a LAN<br \/>&nbsp; Modo de negociaci&oacute;n principal y agresivo<br \/>&nbsp; Algoritmo de cifrado DES, 3DES, AES128, AES192, AES256<br \/>&nbsp; IKEv1 \/ v2<br \/>&nbsp; Algoritmo de autenticaci&oacute;n MD5, SHA1<br \/>&nbsp; NAT transversal (NAT-T)<br \/>&nbsp; Detecci&oacute;n de pares muertos (DPD)<br \/>&nbsp; Perfect Forward Secrecy (PFS)<br \/>&#8211; VPN PPTP<br \/>&nbsp; Servidor VPN PPTP<br \/>&nbsp; 10 clientes VPN PPTP<br \/>&nbsp; 16 t&uacute;neles<br \/>&nbsp; PPTP con cifrado MPPE<br \/>&#8211; VPN L2TP <br \/>&nbsp; Servidor VPN L2TP<br \/>&nbsp; 10 clientes VPN L2TP<br \/>&nbsp; 16 t&uacute;neles<br \/>&nbsp; L2TP sobre IPSec<br \/>&#8211; OpenVPN <br \/>&nbsp; Servidor OpenVPN<br \/>&nbsp; 10 clientes OpenVPN<br \/>&nbsp; 16 t&uacute;neles OpenVPN<\/td>\n<\/tr>\n<tr>\n<td valign=\"top\"><strong>Seguridad y Autenticaci&oacute;n<\/strong><\/td>\n<td><strong>Seguridad<\/strong><br \/>&#8211; Defensa contra Ataques &nbsp;&nbsp; &nbsp;<br \/>&nbsp; Defensa contra inundaciones TCP \/ UDP \/ ICMP<br \/>&nbsp; Bloquear escaneo TCP (Stealth FIN \/ Xmas \/ Null)<br \/>&nbsp; Bloquear ping de WAN<br \/>&#8211; Filtrado<br \/>&nbsp; Filtrado de grupos WEB<br \/>&nbsp; Filtrado de URL<br \/>&nbsp; Seguridad web<br \/>Inspecci&oacute;n ARP &nbsp;&nbsp; &nbsp;<br \/>&nbsp; Env&iacute;o de paquetes GARP<br \/>&nbsp; Escaneo ARP<br \/>&nbsp; Enlace IP-MAC<br \/>&#8211; Access Control: Control de acceso basado en IP de origen \/ destino<br \/><strong>Autenticaci&oacute;n<\/strong><br \/>Web Autenticaci&oacute;n <br \/>&#8211; Sin autenticaci&oacute;n<br \/>&#8211; Contrase&ntilde;a simple<br \/>&#8211; Hotspot(Usuario local \/ Cup&oacute;n \/ SMS \/ Radio)<br \/>&#8211; Cortador de radio externo<br \/>&#8211; Servidor de portal externo<br \/>&#8211; Facebook<\/td>\n<\/tr>\n<tr>\n<td valign=\"top\"><strong>Gesti&oacute;n y Otros<\/strong><\/td>\n<td><strong>Gest&oacute;n<\/strong><br \/>&#8211; Omada App: Yes<br \/>&#8211; Centralized Management<br \/>&nbsp; Omada Cloud-Based Controller<br \/>&nbsp; Omada Hardware Controller (OC300)<br \/>&nbsp; Omada Hardware Controller (OC200)<br \/>&nbsp; Omada Software Controller<br \/>&#8211; Servicio: Dynamic DNS (Dyndns, No-IP, Peanuthull, Comexe)<br \/>&#8211; Cloud Access: S&iacute; (a trav&eacute;s de OC300, OC200, Controlador Omada en la Nube o Controlador Omada Software)<br \/>&#8211; Mantenimiento <br \/>&nbsp; Configuracion de hora<br \/>&nbsp; Diagn&oacute;stico<br \/>&nbsp; Actualizaci&oacute;n de firmware<br \/>&nbsp; Valores predeterminados de f&aacute;brica \/ reinicio<br \/>&nbsp; Copia de seguridad de restauracion<br \/>&nbsp; Registro del sistema<br \/>&nbsp; Gesti&oacute;n remota<br \/>&nbsp; Estad&iacute;sticas<br \/>&nbsp; Configuraci&oacute;n del controlador<br \/>&nbsp; SNMP<br \/>&#8211; Management Features <br \/>&nbsp; Descubrimiento autom&aacute;tico de dispositivos<br \/>&nbsp; Monitoreo de red inteligente<br \/>&nbsp; Advertencias de eventos anormales<br \/>&nbsp; Configuraci&oacute;n unificada<br \/>&nbsp; Programa de reinicio<br \/>&nbsp; Configuraci&oacute;n del portal cautivo<br \/>&nbsp; ZTP (aprovisionamiento sin intervenci&oacute;n)<br \/><strong>Otros<br \/><\/strong>&#8211; Certificaciones: CE, FCC, RoHS<br \/>&#8211; Contenido del Paquete:<br \/>&nbsp; TL-R605<br \/>&nbsp; Adaptador de corriente<br \/>&nbsp; Cable Ethernet RJ45<br \/>&nbsp; Gu&iacute;a de Instalaci&oacute;n R&aacute;pida<br \/>&#8211; Requisitos del sistema: Microsoft&reg; Windows&reg; 10, 8, 7,Vista&trade;, XP o MAC&reg; OS, NetWare&reg;, UNIX&reg; o Linux<br \/>&#8211; Factores Ambientales<br \/>&nbsp; Temperatura de Funcionamiento: 0&ordm;~40&ordm;C (32&ordm;~10&ordm;?)<br \/>&nbsp; Temperatura de Almacenamiento: -40&ordm;~70&ordm;C (-40&ordm;F~158&ordm;F)<br \/>&nbsp; Humedad de Funcionamiento: 10%~90% sin condensaci&oacute;n<br \/>&nbsp; Humedad de Almacenamiento: 5%~90% sin condensaci&oacute;n<strong><\/strong><\/td>\n<\/tr>\n<tr>\n<td valign=\"top\"><strong>Fecha de revisi&oacute;n<\/strong><\/td>\n<td>21-12-2020 por MPM<\/td>\n<\/tr>\n<\/tbody>\n<\/table>\n","protected":false},"excerpt":{"rendered":"<p>Marca Tp-Link Modelo TL-R605 Caracter&iacute;sticas de Hardware &#8211; Est&aacute;ndares y Protocolos: &nbsp; IEEE 802.3, 802.3u, 802.3ab&nbsp; TCP\/IP, DHCP, ICMP, NAT, PPPoE, SNTP, HTTP, DNS, IPsec, PPTP, L2TP&#8211; Interfaz: &nbsp; 1 puerto WAN Gigabit fijo&nbsp; 1 puerto LAN Gigabit fijo&nbsp; 3 puertos WAN \/ LAN Gigabit intercambiables&#8211; Medios de Red: &nbsp; 10BASE-T: UTP categor&iacute;a 3, 4,&hellip;&nbsp;<a href=\"https:\/\/aivlisoft.net\/shop\/producto\/tp-link-er605-router-vpn-safestream-gb-multiwan\/\" rel=\"bookmark\"><span class=\"screen-reader-text\">TP-Link ER605 Router VPN SafeStream Gb MultiWAN<\/span><\/a><\/p>\n","protected":false},"featured_media":18836,"template":"","meta":{"neve_meta_sidebar":"","neve_meta_container":"","neve_meta_enable_content_width":"","neve_meta_content_width":0,"neve_meta_title_alignment":"","neve_meta_author_avatar":"","neve_post_elements_order":"","neve_meta_disable_header":"","neve_meta_disable_footer":"","neve_meta_disable_title":""},"product_brand":[],"product_cat":[8769],"product_tag":[6848],"class_list":{"0":"post-18835","1":"product","2":"type-product","3":"status-publish","4":"has-post-thumbnail","6":"product_cat-routers-redes-con-cable","7":"product_tag-er605","9":"first","10":"instock","11":"taxable","12":"shipping-taxable","13":"purchasable","14":"product-type-simple"},"yoast_head":"<!-- This site is optimized with the Yoast SEO plugin v26.0 - https:\/\/yoast.com\/wordpress\/plugins\/seo\/ -->\n<title>TP-Link ER605 Router VPN SafeStream Gb MultiWAN - Aivlisoft Inform\u00e1tica<\/title>\n<meta name=\"robots\" content=\"index, follow, max-snippet:-1, max-image-preview:large, max-video-preview:-1\" \/>\n<link rel=\"canonical\" href=\"https:\/\/aivlisoft.net\/shop\/producto\/tp-link-er605-router-vpn-safestream-gb-multiwan\/\" \/>\n<meta property=\"og:locale\" content=\"es_ES\" \/>\n<meta property=\"og:type\" content=\"article\" \/>\n<meta property=\"og:title\" content=\"TP-Link ER605 Router VPN SafeStream Gb MultiWAN - Aivlisoft Inform\u00e1tica\" \/>\n<meta property=\"og:description\" content=\"Marca Tp-Link Modelo TL-R605 Caracter&iacute;sticas de Hardware &#8211; Est&aacute;ndares y Protocolos: &nbsp; IEEE 802.3, 802.3u, 802.3ab&nbsp; TCP\/IP, DHCP, ICMP, NAT, PPPoE, SNTP, HTTP, DNS, IPsec, PPTP, L2TP&#8211; Interfaz: &nbsp; 1 puerto WAN Gigabit fijo&nbsp; 1 puerto LAN Gigabit fijo&nbsp; 3 puertos WAN \/ LAN Gigabit intercambiables&#8211; Medios de Red: &nbsp; 10BASE-T: UTP categor&iacute;a 3, 4,&hellip;&nbsp;TP-Link ER605 Router VPN SafeStream Gb MultiWAN\" \/>\n<meta property=\"og:url\" content=\"https:\/\/aivlisoft.net\/shop\/producto\/tp-link-er605-router-vpn-safestream-gb-multiwan\/\" \/>\n<meta property=\"og:site_name\" content=\"Aivlisoft Inform\u00e1tica\" \/>\n<meta property=\"article:modified_time\" content=\"2025-01-14T11:41:39+00:00\" \/>\n<meta property=\"og:image\" content=\"https:\/\/aivlisoft.net\/shop\/wp-content\/uploads\/2025\/01\/NROCAB0079_800.jpg\" \/>\n\t<meta property=\"og:image:width\" content=\"800\" \/>\n\t<meta property=\"og:image:height\" content=\"800\" \/>\n\t<meta property=\"og:image:type\" content=\"image\/jpeg\" \/>\n<meta name=\"twitter:card\" content=\"summary_large_image\" \/>\n<meta name=\"twitter:label1\" content=\"Tiempo de lectura\" \/>\n\t<meta name=\"twitter:data1\" content=\"4 minutos\" \/>\n<script type=\"application\/ld+json\" class=\"yoast-schema-graph\">{\"@context\":\"https:\/\/schema.org\",\"@graph\":[{\"@type\":\"WebPage\",\"@id\":\"https:\/\/aivlisoft.net\/shop\/producto\/tp-link-er605-router-vpn-safestream-gb-multiwan\/\",\"url\":\"https:\/\/aivlisoft.net\/shop\/producto\/tp-link-er605-router-vpn-safestream-gb-multiwan\/\",\"name\":\"TP-Link ER605 Router VPN SafeStream Gb MultiWAN - Aivlisoft Inform\u00e1tica\",\"isPartOf\":{\"@id\":\"https:\/\/aivlisoft.net\/shop\/#website\"},\"primaryImageOfPage\":{\"@id\":\"https:\/\/aivlisoft.net\/shop\/producto\/tp-link-er605-router-vpn-safestream-gb-multiwan\/#primaryimage\"},\"image\":{\"@id\":\"https:\/\/aivlisoft.net\/shop\/producto\/tp-link-er605-router-vpn-safestream-gb-multiwan\/#primaryimage\"},\"thumbnailUrl\":\"https:\/\/aivlisoft.net\/shop\/wp-content\/uploads\/2025\/01\/NROCAB0079_800.jpg\",\"datePublished\":\"2025-01-13T15:26:07+00:00\",\"dateModified\":\"2025-01-14T11:41:39+00:00\",\"breadcrumb\":{\"@id\":\"https:\/\/aivlisoft.net\/shop\/producto\/tp-link-er605-router-vpn-safestream-gb-multiwan\/#breadcrumb\"},\"inLanguage\":\"es\",\"potentialAction\":[{\"@type\":\"ReadAction\",\"target\":[\"https:\/\/aivlisoft.net\/shop\/producto\/tp-link-er605-router-vpn-safestream-gb-multiwan\/\"]}]},{\"@type\":\"ImageObject\",\"inLanguage\":\"es\",\"@id\":\"https:\/\/aivlisoft.net\/shop\/producto\/tp-link-er605-router-vpn-safestream-gb-multiwan\/#primaryimage\",\"url\":\"https:\/\/aivlisoft.net\/shop\/wp-content\/uploads\/2025\/01\/NROCAB0079_800.jpg\",\"contentUrl\":\"https:\/\/aivlisoft.net\/shop\/wp-content\/uploads\/2025\/01\/NROCAB0079_800.jpg\",\"width\":800,\"height\":800},{\"@type\":\"BreadcrumbList\",\"@id\":\"https:\/\/aivlisoft.net\/shop\/producto\/tp-link-er605-router-vpn-safestream-gb-multiwan\/#breadcrumb\",\"itemListElement\":[{\"@type\":\"ListItem\",\"position\":1,\"name\":\"Portada\",\"item\":\"https:\/\/aivlisoft.net\/shop\/\"},{\"@type\":\"ListItem\",\"position\":2,\"name\":\"Tienda\",\"item\":\"https:\/\/aivlisoft.net\/shop\/tienda\/\"},{\"@type\":\"ListItem\",\"position\":3,\"name\":\"TP-Link ER605 Router VPN SafeStream Gb MultiWAN\"}]},{\"@type\":\"WebSite\",\"@id\":\"https:\/\/aivlisoft.net\/shop\/#website\",\"url\":\"https:\/\/aivlisoft.net\/shop\/\",\"name\":\"Aivlisoft Inform\u00e1tica\",\"description\":\"En Aivlisoft Inform\u00e1tica ofrecemos soluciones tecnol\u00f3gicas para empresas: venta de ordenadores, consumibles, perif\u00e9ricos y m\u00e1s. Calidad, atenci\u00f3n personalizada y los mejores precios para tu negocio.\",\"publisher\":{\"@id\":\"https:\/\/aivlisoft.net\/shop\/#organization\"},\"potentialAction\":[{\"@type\":\"SearchAction\",\"target\":{\"@type\":\"EntryPoint\",\"urlTemplate\":\"https:\/\/aivlisoft.net\/shop\/?s={search_term_string}\"},\"query-input\":{\"@type\":\"PropertyValueSpecification\",\"valueRequired\":true,\"valueName\":\"search_term_string\"}}],\"inLanguage\":\"es\"},{\"@type\":\"Organization\",\"@id\":\"https:\/\/aivlisoft.net\/shop\/#organization\",\"name\":\"Aivlisoft Inform\u00e1tica\",\"url\":\"https:\/\/aivlisoft.net\/shop\/\",\"logo\":{\"@type\":\"ImageObject\",\"inLanguage\":\"es\",\"@id\":\"https:\/\/aivlisoft.net\/shop\/#\/schema\/logo\/image\/\",\"url\":\"https:\/\/aivlisoft.net\/shop\/wp-content\/uploads\/2024\/12\/removal.ai_5b848c54-0cdf-4140-95c5-c5536bb7573b-logodef.png\",\"contentUrl\":\"https:\/\/aivlisoft.net\/shop\/wp-content\/uploads\/2024\/12\/removal.ai_5b848c54-0cdf-4140-95c5-c5536bb7573b-logodef.png\",\"width\":484,\"height\":182,\"caption\":\"Aivlisoft Inform\u00e1tica\"},\"image\":{\"@id\":\"https:\/\/aivlisoft.net\/shop\/#\/schema\/logo\/image\/\"}}]}<\/script>\n<!-- \/ Yoast SEO plugin. -->","yoast_head_json":{"title":"TP-Link ER605 Router VPN SafeStream Gb MultiWAN - Aivlisoft Inform\u00e1tica","robots":{"index":"index","follow":"follow","max-snippet":"max-snippet:-1","max-image-preview":"max-image-preview:large","max-video-preview":"max-video-preview:-1"},"canonical":"https:\/\/aivlisoft.net\/shop\/producto\/tp-link-er605-router-vpn-safestream-gb-multiwan\/","og_locale":"es_ES","og_type":"article","og_title":"TP-Link ER605 Router VPN SafeStream Gb MultiWAN - Aivlisoft Inform\u00e1tica","og_description":"Marca Tp-Link Modelo TL-R605 Caracter&iacute;sticas de Hardware &#8211; Est&aacute;ndares y Protocolos: &nbsp; IEEE 802.3, 802.3u, 802.3ab&nbsp; TCP\/IP, DHCP, ICMP, NAT, PPPoE, SNTP, HTTP, DNS, IPsec, PPTP, L2TP&#8211; Interfaz: &nbsp; 1 puerto WAN Gigabit fijo&nbsp; 1 puerto LAN Gigabit fijo&nbsp; 3 puertos WAN \/ LAN Gigabit intercambiables&#8211; Medios de Red: &nbsp; 10BASE-T: UTP categor&iacute;a 3, 4,&hellip;&nbsp;TP-Link ER605 Router VPN SafeStream Gb MultiWAN","og_url":"https:\/\/aivlisoft.net\/shop\/producto\/tp-link-er605-router-vpn-safestream-gb-multiwan\/","og_site_name":"Aivlisoft Inform\u00e1tica","article_modified_time":"2025-01-14T11:41:39+00:00","og_image":[{"width":800,"height":800,"url":"https:\/\/aivlisoft.net\/shop\/wp-content\/uploads\/2025\/01\/NROCAB0079_800.jpg","type":"image\/jpeg"}],"twitter_card":"summary_large_image","twitter_misc":{"Tiempo de lectura":"4 minutos"},"schema":{"@context":"https:\/\/schema.org","@graph":[{"@type":"WebPage","@id":"https:\/\/aivlisoft.net\/shop\/producto\/tp-link-er605-router-vpn-safestream-gb-multiwan\/","url":"https:\/\/aivlisoft.net\/shop\/producto\/tp-link-er605-router-vpn-safestream-gb-multiwan\/","name":"TP-Link ER605 Router VPN SafeStream Gb MultiWAN - Aivlisoft Inform\u00e1tica","isPartOf":{"@id":"https:\/\/aivlisoft.net\/shop\/#website"},"primaryImageOfPage":{"@id":"https:\/\/aivlisoft.net\/shop\/producto\/tp-link-er605-router-vpn-safestream-gb-multiwan\/#primaryimage"},"image":{"@id":"https:\/\/aivlisoft.net\/shop\/producto\/tp-link-er605-router-vpn-safestream-gb-multiwan\/#primaryimage"},"thumbnailUrl":"https:\/\/aivlisoft.net\/shop\/wp-content\/uploads\/2025\/01\/NROCAB0079_800.jpg","datePublished":"2025-01-13T15:26:07+00:00","dateModified":"2025-01-14T11:41:39+00:00","breadcrumb":{"@id":"https:\/\/aivlisoft.net\/shop\/producto\/tp-link-er605-router-vpn-safestream-gb-multiwan\/#breadcrumb"},"inLanguage":"es","potentialAction":[{"@type":"ReadAction","target":["https:\/\/aivlisoft.net\/shop\/producto\/tp-link-er605-router-vpn-safestream-gb-multiwan\/"]}]},{"@type":"ImageObject","inLanguage":"es","@id":"https:\/\/aivlisoft.net\/shop\/producto\/tp-link-er605-router-vpn-safestream-gb-multiwan\/#primaryimage","url":"https:\/\/aivlisoft.net\/shop\/wp-content\/uploads\/2025\/01\/NROCAB0079_800.jpg","contentUrl":"https:\/\/aivlisoft.net\/shop\/wp-content\/uploads\/2025\/01\/NROCAB0079_800.jpg","width":800,"height":800},{"@type":"BreadcrumbList","@id":"https:\/\/aivlisoft.net\/shop\/producto\/tp-link-er605-router-vpn-safestream-gb-multiwan\/#breadcrumb","itemListElement":[{"@type":"ListItem","position":1,"name":"Portada","item":"https:\/\/aivlisoft.net\/shop\/"},{"@type":"ListItem","position":2,"name":"Tienda","item":"https:\/\/aivlisoft.net\/shop\/tienda\/"},{"@type":"ListItem","position":3,"name":"TP-Link ER605 Router VPN SafeStream Gb MultiWAN"}]},{"@type":"WebSite","@id":"https:\/\/aivlisoft.net\/shop\/#website","url":"https:\/\/aivlisoft.net\/shop\/","name":"Aivlisoft Inform\u00e1tica","description":"En Aivlisoft Inform\u00e1tica ofrecemos soluciones tecnol\u00f3gicas para empresas: venta de ordenadores, consumibles, perif\u00e9ricos y m\u00e1s. Calidad, atenci\u00f3n personalizada y los mejores precios para tu negocio.","publisher":{"@id":"https:\/\/aivlisoft.net\/shop\/#organization"},"potentialAction":[{"@type":"SearchAction","target":{"@type":"EntryPoint","urlTemplate":"https:\/\/aivlisoft.net\/shop\/?s={search_term_string}"},"query-input":{"@type":"PropertyValueSpecification","valueRequired":true,"valueName":"search_term_string"}}],"inLanguage":"es"},{"@type":"Organization","@id":"https:\/\/aivlisoft.net\/shop\/#organization","name":"Aivlisoft Inform\u00e1tica","url":"https:\/\/aivlisoft.net\/shop\/","logo":{"@type":"ImageObject","inLanguage":"es","@id":"https:\/\/aivlisoft.net\/shop\/#\/schema\/logo\/image\/","url":"https:\/\/aivlisoft.net\/shop\/wp-content\/uploads\/2024\/12\/removal.ai_5b848c54-0cdf-4140-95c5-c5536bb7573b-logodef.png","contentUrl":"https:\/\/aivlisoft.net\/shop\/wp-content\/uploads\/2024\/12\/removal.ai_5b848c54-0cdf-4140-95c5-c5536bb7573b-logodef.png","width":484,"height":182,"caption":"Aivlisoft Inform\u00e1tica"},"image":{"@id":"https:\/\/aivlisoft.net\/shop\/#\/schema\/logo\/image\/"}}]}},"_links":{"self":[{"href":"https:\/\/aivlisoft.net\/shop\/wp-json\/wp\/v2\/product\/18835","targetHints":{"allow":["GET"]}}],"collection":[{"href":"https:\/\/aivlisoft.net\/shop\/wp-json\/wp\/v2\/product"}],"about":[{"href":"https:\/\/aivlisoft.net\/shop\/wp-json\/wp\/v2\/types\/product"}],"wp:featuredmedia":[{"embeddable":true,"href":"https:\/\/aivlisoft.net\/shop\/wp-json\/wp\/v2\/media\/18836"}],"wp:attachment":[{"href":"https:\/\/aivlisoft.net\/shop\/wp-json\/wp\/v2\/media?parent=18835"}],"wp:term":[{"taxonomy":"product_brand","embeddable":true,"href":"https:\/\/aivlisoft.net\/shop\/wp-json\/wp\/v2\/product_brand?post=18835"},{"taxonomy":"product_cat","embeddable":true,"href":"https:\/\/aivlisoft.net\/shop\/wp-json\/wp\/v2\/product_cat?post=18835"},{"taxonomy":"product_tag","embeddable":true,"href":"https:\/\/aivlisoft.net\/shop\/wp-json\/wp\/v2\/product_tag?post=18835"}],"curies":[{"name":"wp","href":"https:\/\/api.w.org\/{rel}","templated":true}]}}