{"id":18824,"date":"2025-01-13T15:26:02","date_gmt":"2025-01-13T15:26:02","guid":{"rendered":"https:\/\/aivlisoft.com\/?post_type=product&#038;p=18824"},"modified":"2025-01-14T11:41:36","modified_gmt":"2025-01-14T11:41:36","slug":"mikrotik-rb4011igs5hacq2hnd-in-router-10xgb-1xspf","status":"publish","type":"product","link":"https:\/\/aivlisoft.net\/shop\/producto\/mikrotik-rb4011igs5hacq2hnd-in-router-10xgb-1xspf\/","title":{"rendered":"MikroTik RB4011iGS+5HacQ2HnD-IN Router 10xGB 1xSPF"},"content":{"rendered":"<p><\/p>\n<table class=\"tabla_caracteristicas k-table\" width=\"100%\">\n<tbody>\n<tr>\n<td><strong>Marca<\/strong><\/td>\n<td>Mikrotik<\/td>\n<\/tr>\n<tr>\n<td valign=\"top\"><strong>Modelo<\/strong><\/td>\n<td><strong>RB4011iGS+5HacQ2HnD-IN<\/strong><\/td>\n<\/tr>\n<tr>\n<td valign=\"top\"><strong>Caracteristicas<\/strong><\/td>\n<td>&#8211; Arquitectura: ARM 32bit<br \/>&#8211; CPU: AL21400<br \/>&#8211; CPU core count: 4<br \/>&#8211; Frecuencia nominal de la CPU: 1.4 GHz<br \/>&#8211; Dimensiones: 228 x 120 x 30 mm.<br \/>&#8211; Nivel de licencia: 5<br \/>&#8211; Sistema operativo: RouterOS<br \/>&#8211; Tama&ntilde;o de la memoria RAM: 1 GB<br \/>&#8211; Tama&ntilde;o de almacenamiento: 512 MB<br \/>&#8211; Tipo de almacenamiento: NAND<br \/>&#8211; Temperatura ambiente probada: -40 &deg; C a 45 &deg; C<br \/><strong>Alimentaci&oacute;n<\/strong><br \/>&#8211; PoE en: PoE pasivo<br \/>&#8211; PoE out: PoE pasivo hasta 57V<br \/>&#8211; PoE en voltaje de entrada: 18-57 V<br \/>&#8211; N&uacute;mero de entradas de CC: 2 (conector de CC, PoE-IN)<br \/>&#8211; Voltaje de entrada de jack DC: 12-57 V<br \/>&#8211; Salida m&aacute;xima por puerto (entrada&gt; 30 V): 420 mA<br \/>&#8211; Salida m&aacute;xima por puerto (entrada &lt;30 V): 600 mA<br \/>&#8211; Salida total m&aacute;xima (A): 600 mA<br \/>&#8211; Consumo m&aacute;ximo de energ&iacute;a: 44 W<br \/>&#8211; Consumo m&aacute;ximo de energ&iacute;a sin accesorios: 23 W<br \/><strong>Inal&aacute;mbrico<\/strong><br \/>&#8211; Velocidad de CA: AC2000<br \/>&#8211; Antena de ganancia dBi para 5 GHz: 3<br \/>&#8211; Est&aacute;ndares inal&aacute;mbricos de 5 GHz: 802.11a \/ n \/ ac<br \/>&#8211; Generaci&oacute;n de wifi: 5<br \/>&#8211; Velocidad de datos m&aacute;xima inal&aacute;mbrica de 5 GHz: 1733 Mbit \/ s<br \/>&#8211; Velocidad de datos m&aacute;xima inal&aacute;mbrica de 2.4 GHz: 300 Mbit \/ s<br \/>&#8211; N&uacute;mero de cadenas inal&aacute;mbricas de 5 GHz: 4.<br \/>&#8211; Modelo de chip inal&aacute;mbrico de 5 GHz: QCA9984<br \/>&#8211; N&uacute;mero de cadenas inal&aacute;mbricas 2.4 GHz: 2<br \/>&#8211; Est&aacute;ndares inal&aacute;mbricos de 2.4 GHz: 802.11b \/ g \/ n<br \/>&#8211; Ganancia de antena dBi para 2.4 GHz: 3<br \/>&#8211; Modelo de chip inal&aacute;mbrico de 2.4 GHz: R11e-2HnD<br \/><strong>Ethernet<\/strong><br \/>&#8211; 10\/100\/1000 puertos Ethernet: 10<br \/><strong>Fibra<\/strong><br \/>&#8211; Puertos SFP +: 1<br \/><strong>Perif&eacute;ricos<\/strong><br \/>&#8211; Ranura MiniPCI-e: 1<br \/>&#8211; Puerto serie: RJ45<br \/><strong>Incluye<br \/><\/strong>&#8211; Adaptador de corriente de 24V 2.5A<br \/>&#8211; Cable IEC<\/td>\n<\/tr>\n<tr>\n<td><strong>Fecha de revisi&oacute;n<\/strong><\/td>\n<td>26-06-2019 por MSB<\/td>\n<\/tr>\n<\/tbody>\n<\/table>\n","protected":false},"excerpt":{"rendered":"<p>Marca Mikrotik Modelo RB4011iGS+5HacQ2HnD-IN Caracteristicas &#8211; Arquitectura: ARM 32bit&#8211; CPU: AL21400&#8211; CPU core count: 4&#8211; Frecuencia nominal de la CPU: 1.4 GHz&#8211; Dimensiones: 228 x 120 x 30 mm.&#8211; Nivel de licencia: 5&#8211; Sistema operativo: RouterOS&#8211; Tama&ntilde;o de la memoria RAM: 1 GB&#8211; Tama&ntilde;o de almacenamiento: 512 MB&#8211; Tipo de almacenamiento: NAND&#8211; Temperatura ambiente probada:&hellip;&nbsp;<a href=\"https:\/\/aivlisoft.net\/shop\/producto\/mikrotik-rb4011igs5hacq2hnd-in-router-10xgb-1xspf\/\" rel=\"bookmark\"><span class=\"screen-reader-text\">MikroTik RB4011iGS+5HacQ2HnD-IN Router 10xGB 1xSPF<\/span><\/a><\/p>\n","protected":false},"featured_media":18825,"template":"","meta":{"neve_meta_sidebar":"","neve_meta_container":"","neve_meta_enable_content_width":"","neve_meta_content_width":0,"neve_meta_title_alignment":"","neve_meta_author_avatar":"","neve_post_elements_order":"","neve_meta_disable_header":"","neve_meta_disable_footer":"","neve_meta_disable_title":""},"product_brand":[],"product_cat":[8769],"product_tag":[6845],"class_list":{"0":"post-18824","1":"product","2":"type-product","3":"status-publish","4":"has-post-thumbnail","6":"product_cat-routers-redes-con-cable","7":"product_tag-rb4011igs5hacq2hnd","9":"first","10":"instock","11":"taxable","12":"shipping-taxable","13":"purchasable","14":"product-type-simple"},"yoast_head":"<!-- This site is optimized with the Yoast SEO plugin v26.0 - https:\/\/yoast.com\/wordpress\/plugins\/seo\/ -->\n<title>MikroTik RB4011iGS+5HacQ2HnD-IN Router 10xGB 1xSPF - Aivlisoft Inform\u00e1tica<\/title>\n<meta name=\"robots\" content=\"index, follow, max-snippet:-1, max-image-preview:large, max-video-preview:-1\" \/>\n<link rel=\"canonical\" href=\"https:\/\/aivlisoft.net\/shop\/producto\/mikrotik-rb4011igs5hacq2hnd-in-router-10xgb-1xspf\/\" \/>\n<meta property=\"og:locale\" content=\"es_ES\" \/>\n<meta property=\"og:type\" content=\"article\" \/>\n<meta property=\"og:title\" content=\"MikroTik RB4011iGS+5HacQ2HnD-IN Router 10xGB 1xSPF - Aivlisoft Inform\u00e1tica\" \/>\n<meta property=\"og:description\" content=\"Marca Mikrotik Modelo RB4011iGS+5HacQ2HnD-IN Caracteristicas &#8211; Arquitectura: ARM 32bit&#8211; CPU: AL21400&#8211; CPU core count: 4&#8211; Frecuencia nominal de la CPU: 1.4 GHz&#8211; Dimensiones: 228 x 120 x 30 mm.&#8211; Nivel de licencia: 5&#8211; Sistema operativo: RouterOS&#8211; Tama&ntilde;o de la memoria RAM: 1 GB&#8211; Tama&ntilde;o de almacenamiento: 512 MB&#8211; Tipo de almacenamiento: NAND&#8211; Temperatura ambiente probada:&hellip;&nbsp;MikroTik RB4011iGS+5HacQ2HnD-IN Router 10xGB 1xSPF\" \/>\n<meta property=\"og:url\" content=\"https:\/\/aivlisoft.net\/shop\/producto\/mikrotik-rb4011igs5hacq2hnd-in-router-10xgb-1xspf\/\" \/>\n<meta property=\"og:site_name\" content=\"Aivlisoft Inform\u00e1tica\" \/>\n<meta property=\"article:modified_time\" content=\"2025-01-14T11:41:36+00:00\" \/>\n<meta property=\"og:image\" content=\"https:\/\/aivlisoft.net\/shop\/wp-content\/uploads\/2025\/01\/NROCAB0076_800.jpg\" \/>\n\t<meta property=\"og:image:width\" content=\"800\" \/>\n\t<meta property=\"og:image:height\" content=\"800\" \/>\n\t<meta property=\"og:image:type\" content=\"image\/jpeg\" \/>\n<meta name=\"twitter:card\" content=\"summary_large_image\" \/>\n<meta name=\"twitter:label1\" content=\"Tiempo de lectura\" \/>\n\t<meta name=\"twitter:data1\" content=\"1 minuto\" \/>\n<script type=\"application\/ld+json\" class=\"yoast-schema-graph\">{\"@context\":\"https:\/\/schema.org\",\"@graph\":[{\"@type\":\"WebPage\",\"@id\":\"https:\/\/aivlisoft.net\/shop\/producto\/mikrotik-rb4011igs5hacq2hnd-in-router-10xgb-1xspf\/\",\"url\":\"https:\/\/aivlisoft.net\/shop\/producto\/mikrotik-rb4011igs5hacq2hnd-in-router-10xgb-1xspf\/\",\"name\":\"MikroTik RB4011iGS+5HacQ2HnD-IN Router 10xGB 1xSPF - Aivlisoft Inform\u00e1tica\",\"isPartOf\":{\"@id\":\"https:\/\/aivlisoft.net\/shop\/#website\"},\"primaryImageOfPage\":{\"@id\":\"https:\/\/aivlisoft.net\/shop\/producto\/mikrotik-rb4011igs5hacq2hnd-in-router-10xgb-1xspf\/#primaryimage\"},\"image\":{\"@id\":\"https:\/\/aivlisoft.net\/shop\/producto\/mikrotik-rb4011igs5hacq2hnd-in-router-10xgb-1xspf\/#primaryimage\"},\"thumbnailUrl\":\"https:\/\/aivlisoft.net\/shop\/wp-content\/uploads\/2025\/01\/NROCAB0076_800.jpg\",\"datePublished\":\"2025-01-13T15:26:02+00:00\",\"dateModified\":\"2025-01-14T11:41:36+00:00\",\"breadcrumb\":{\"@id\":\"https:\/\/aivlisoft.net\/shop\/producto\/mikrotik-rb4011igs5hacq2hnd-in-router-10xgb-1xspf\/#breadcrumb\"},\"inLanguage\":\"es\",\"potentialAction\":[{\"@type\":\"ReadAction\",\"target\":[\"https:\/\/aivlisoft.net\/shop\/producto\/mikrotik-rb4011igs5hacq2hnd-in-router-10xgb-1xspf\/\"]}]},{\"@type\":\"ImageObject\",\"inLanguage\":\"es\",\"@id\":\"https:\/\/aivlisoft.net\/shop\/producto\/mikrotik-rb4011igs5hacq2hnd-in-router-10xgb-1xspf\/#primaryimage\",\"url\":\"https:\/\/aivlisoft.net\/shop\/wp-content\/uploads\/2025\/01\/NROCAB0076_800.jpg\",\"contentUrl\":\"https:\/\/aivlisoft.net\/shop\/wp-content\/uploads\/2025\/01\/NROCAB0076_800.jpg\",\"width\":800,\"height\":800},{\"@type\":\"BreadcrumbList\",\"@id\":\"https:\/\/aivlisoft.net\/shop\/producto\/mikrotik-rb4011igs5hacq2hnd-in-router-10xgb-1xspf\/#breadcrumb\",\"itemListElement\":[{\"@type\":\"ListItem\",\"position\":1,\"name\":\"Portada\",\"item\":\"https:\/\/aivlisoft.net\/shop\/\"},{\"@type\":\"ListItem\",\"position\":2,\"name\":\"Tienda\",\"item\":\"https:\/\/aivlisoft.net\/shop\/tienda\/\"},{\"@type\":\"ListItem\",\"position\":3,\"name\":\"MikroTik RB4011iGS+5HacQ2HnD-IN Router 10xGB 1xSPF\"}]},{\"@type\":\"WebSite\",\"@id\":\"https:\/\/aivlisoft.net\/shop\/#website\",\"url\":\"https:\/\/aivlisoft.net\/shop\/\",\"name\":\"Aivlisoft Inform\u00e1tica\",\"description\":\"En Aivlisoft Inform\u00e1tica ofrecemos soluciones tecnol\u00f3gicas para empresas: venta de ordenadores, consumibles, perif\u00e9ricos y m\u00e1s. Calidad, atenci\u00f3n personalizada y los mejores precios para tu negocio.\",\"publisher\":{\"@id\":\"https:\/\/aivlisoft.net\/shop\/#organization\"},\"potentialAction\":[{\"@type\":\"SearchAction\",\"target\":{\"@type\":\"EntryPoint\",\"urlTemplate\":\"https:\/\/aivlisoft.net\/shop\/?s={search_term_string}\"},\"query-input\":{\"@type\":\"PropertyValueSpecification\",\"valueRequired\":true,\"valueName\":\"search_term_string\"}}],\"inLanguage\":\"es\"},{\"@type\":\"Organization\",\"@id\":\"https:\/\/aivlisoft.net\/shop\/#organization\",\"name\":\"Aivlisoft Inform\u00e1tica\",\"url\":\"https:\/\/aivlisoft.net\/shop\/\",\"logo\":{\"@type\":\"ImageObject\",\"inLanguage\":\"es\",\"@id\":\"https:\/\/aivlisoft.net\/shop\/#\/schema\/logo\/image\/\",\"url\":\"https:\/\/aivlisoft.net\/shop\/wp-content\/uploads\/2024\/12\/removal.ai_5b848c54-0cdf-4140-95c5-c5536bb7573b-logodef.png\",\"contentUrl\":\"https:\/\/aivlisoft.net\/shop\/wp-content\/uploads\/2024\/12\/removal.ai_5b848c54-0cdf-4140-95c5-c5536bb7573b-logodef.png\",\"width\":484,\"height\":182,\"caption\":\"Aivlisoft Inform\u00e1tica\"},\"image\":{\"@id\":\"https:\/\/aivlisoft.net\/shop\/#\/schema\/logo\/image\/\"}}]}<\/script>\n<!-- \/ Yoast SEO plugin. -->","yoast_head_json":{"title":"MikroTik RB4011iGS+5HacQ2HnD-IN Router 10xGB 1xSPF - Aivlisoft Inform\u00e1tica","robots":{"index":"index","follow":"follow","max-snippet":"max-snippet:-1","max-image-preview":"max-image-preview:large","max-video-preview":"max-video-preview:-1"},"canonical":"https:\/\/aivlisoft.net\/shop\/producto\/mikrotik-rb4011igs5hacq2hnd-in-router-10xgb-1xspf\/","og_locale":"es_ES","og_type":"article","og_title":"MikroTik RB4011iGS+5HacQ2HnD-IN Router 10xGB 1xSPF - Aivlisoft Inform\u00e1tica","og_description":"Marca Mikrotik Modelo RB4011iGS+5HacQ2HnD-IN Caracteristicas &#8211; Arquitectura: ARM 32bit&#8211; CPU: AL21400&#8211; CPU core count: 4&#8211; Frecuencia nominal de la CPU: 1.4 GHz&#8211; Dimensiones: 228 x 120 x 30 mm.&#8211; Nivel de licencia: 5&#8211; Sistema operativo: RouterOS&#8211; Tama&ntilde;o de la memoria RAM: 1 GB&#8211; Tama&ntilde;o de almacenamiento: 512 MB&#8211; Tipo de almacenamiento: NAND&#8211; Temperatura ambiente probada:&hellip;&nbsp;MikroTik RB4011iGS+5HacQ2HnD-IN Router 10xGB 1xSPF","og_url":"https:\/\/aivlisoft.net\/shop\/producto\/mikrotik-rb4011igs5hacq2hnd-in-router-10xgb-1xspf\/","og_site_name":"Aivlisoft Inform\u00e1tica","article_modified_time":"2025-01-14T11:41:36+00:00","og_image":[{"width":800,"height":800,"url":"https:\/\/aivlisoft.net\/shop\/wp-content\/uploads\/2025\/01\/NROCAB0076_800.jpg","type":"image\/jpeg"}],"twitter_card":"summary_large_image","twitter_misc":{"Tiempo de lectura":"1 minuto"},"schema":{"@context":"https:\/\/schema.org","@graph":[{"@type":"WebPage","@id":"https:\/\/aivlisoft.net\/shop\/producto\/mikrotik-rb4011igs5hacq2hnd-in-router-10xgb-1xspf\/","url":"https:\/\/aivlisoft.net\/shop\/producto\/mikrotik-rb4011igs5hacq2hnd-in-router-10xgb-1xspf\/","name":"MikroTik RB4011iGS+5HacQ2HnD-IN Router 10xGB 1xSPF - Aivlisoft Inform\u00e1tica","isPartOf":{"@id":"https:\/\/aivlisoft.net\/shop\/#website"},"primaryImageOfPage":{"@id":"https:\/\/aivlisoft.net\/shop\/producto\/mikrotik-rb4011igs5hacq2hnd-in-router-10xgb-1xspf\/#primaryimage"},"image":{"@id":"https:\/\/aivlisoft.net\/shop\/producto\/mikrotik-rb4011igs5hacq2hnd-in-router-10xgb-1xspf\/#primaryimage"},"thumbnailUrl":"https:\/\/aivlisoft.net\/shop\/wp-content\/uploads\/2025\/01\/NROCAB0076_800.jpg","datePublished":"2025-01-13T15:26:02+00:00","dateModified":"2025-01-14T11:41:36+00:00","breadcrumb":{"@id":"https:\/\/aivlisoft.net\/shop\/producto\/mikrotik-rb4011igs5hacq2hnd-in-router-10xgb-1xspf\/#breadcrumb"},"inLanguage":"es","potentialAction":[{"@type":"ReadAction","target":["https:\/\/aivlisoft.net\/shop\/producto\/mikrotik-rb4011igs5hacq2hnd-in-router-10xgb-1xspf\/"]}]},{"@type":"ImageObject","inLanguage":"es","@id":"https:\/\/aivlisoft.net\/shop\/producto\/mikrotik-rb4011igs5hacq2hnd-in-router-10xgb-1xspf\/#primaryimage","url":"https:\/\/aivlisoft.net\/shop\/wp-content\/uploads\/2025\/01\/NROCAB0076_800.jpg","contentUrl":"https:\/\/aivlisoft.net\/shop\/wp-content\/uploads\/2025\/01\/NROCAB0076_800.jpg","width":800,"height":800},{"@type":"BreadcrumbList","@id":"https:\/\/aivlisoft.net\/shop\/producto\/mikrotik-rb4011igs5hacq2hnd-in-router-10xgb-1xspf\/#breadcrumb","itemListElement":[{"@type":"ListItem","position":1,"name":"Portada","item":"https:\/\/aivlisoft.net\/shop\/"},{"@type":"ListItem","position":2,"name":"Tienda","item":"https:\/\/aivlisoft.net\/shop\/tienda\/"},{"@type":"ListItem","position":3,"name":"MikroTik RB4011iGS+5HacQ2HnD-IN Router 10xGB 1xSPF"}]},{"@type":"WebSite","@id":"https:\/\/aivlisoft.net\/shop\/#website","url":"https:\/\/aivlisoft.net\/shop\/","name":"Aivlisoft Inform\u00e1tica","description":"En Aivlisoft Inform\u00e1tica ofrecemos soluciones tecnol\u00f3gicas para empresas: venta de ordenadores, consumibles, perif\u00e9ricos y m\u00e1s. Calidad, atenci\u00f3n personalizada y los mejores precios para tu negocio.","publisher":{"@id":"https:\/\/aivlisoft.net\/shop\/#organization"},"potentialAction":[{"@type":"SearchAction","target":{"@type":"EntryPoint","urlTemplate":"https:\/\/aivlisoft.net\/shop\/?s={search_term_string}"},"query-input":{"@type":"PropertyValueSpecification","valueRequired":true,"valueName":"search_term_string"}}],"inLanguage":"es"},{"@type":"Organization","@id":"https:\/\/aivlisoft.net\/shop\/#organization","name":"Aivlisoft Inform\u00e1tica","url":"https:\/\/aivlisoft.net\/shop\/","logo":{"@type":"ImageObject","inLanguage":"es","@id":"https:\/\/aivlisoft.net\/shop\/#\/schema\/logo\/image\/","url":"https:\/\/aivlisoft.net\/shop\/wp-content\/uploads\/2024\/12\/removal.ai_5b848c54-0cdf-4140-95c5-c5536bb7573b-logodef.png","contentUrl":"https:\/\/aivlisoft.net\/shop\/wp-content\/uploads\/2024\/12\/removal.ai_5b848c54-0cdf-4140-95c5-c5536bb7573b-logodef.png","width":484,"height":182,"caption":"Aivlisoft Inform\u00e1tica"},"image":{"@id":"https:\/\/aivlisoft.net\/shop\/#\/schema\/logo\/image\/"}}]}},"_links":{"self":[{"href":"https:\/\/aivlisoft.net\/shop\/wp-json\/wp\/v2\/product\/18824","targetHints":{"allow":["GET"]}}],"collection":[{"href":"https:\/\/aivlisoft.net\/shop\/wp-json\/wp\/v2\/product"}],"about":[{"href":"https:\/\/aivlisoft.net\/shop\/wp-json\/wp\/v2\/types\/product"}],"wp:featuredmedia":[{"embeddable":true,"href":"https:\/\/aivlisoft.net\/shop\/wp-json\/wp\/v2\/media\/18825"}],"wp:attachment":[{"href":"https:\/\/aivlisoft.net\/shop\/wp-json\/wp\/v2\/media?parent=18824"}],"wp:term":[{"taxonomy":"product_brand","embeddable":true,"href":"https:\/\/aivlisoft.net\/shop\/wp-json\/wp\/v2\/product_brand?post=18824"},{"taxonomy":"product_cat","embeddable":true,"href":"https:\/\/aivlisoft.net\/shop\/wp-json\/wp\/v2\/product_cat?post=18824"},{"taxonomy":"product_tag","embeddable":true,"href":"https:\/\/aivlisoft.net\/shop\/wp-json\/wp\/v2\/product_tag?post=18824"}],"curies":[{"name":"wp","href":"https:\/\/api.w.org\/{rel}","templated":true}]}}