{"id":18810,"date":"2025-01-13T15:25:56","date_gmt":"2025-01-13T15:25:56","guid":{"rendered":"https:\/\/aivlisoft.com\/?post_type=product&#038;p=18810"},"modified":"2025-01-14T11:41:33","modified_gmt":"2025-01-14T11:41:33","slug":"mikrotik-rb960pgs-hex-poe-router-5xgb-1xsfp-l4","status":"publish","type":"product","link":"https:\/\/aivlisoft.net\/shop\/producto\/mikrotik-rb960pgs-hex-poe-router-5xgb-1xsfp-l4\/","title":{"rendered":"MikroTik RB960PGS hEX PoE Router 5xGB 1xSFP L4"},"content":{"rendered":"<p><\/p>\n<table class=\"tabla_caracteristicas k-table\" width=\"100%\">\n<tbody>\n<tr>\n<td><strong>Marca<\/strong><\/td>\n<td>Mikrotik<\/td>\n<\/tr>\n<tr>\n<td valign=\"top\"><strong>Modelo<\/strong><\/td>\n<td><strong>RB960PGS<\/strong><\/td>\n<\/tr>\n<tr>\n<td valign=\"top\"><strong>Conexiones<\/strong><\/td>\n<td>&#8211; 5 x 10\/100\/1000 Ethernet<br \/>&#8211; 1 x SFP<br \/>&#8211; 1 x USB tipo A<\/td>\n<\/tr>\n<tr>\n<td valign=\"top\"><strong>Caracteristicas<\/strong><\/td>\n<td>&#8211; C&oacute;digo de producto: hEX PoE<br \/>&#8211; Arquitectura: MIPSBE<br \/>&#8211; CPU: QCA9557<br \/>&#8211; N&uacute;cleo de CPU: 1<br \/>&#8211; Frecuencia nominal de la CPU: 800 MHz<br \/>&#8211; Nivel de licencia: 4<br \/>&#8211; Tama&ntilde;o de la RAM: 128 MB<br \/>&#8211; Tama&ntilde;o de almacenamiento: 16 MB<br \/>&#8211; Tipo de almacenamiento: FLASH<br \/>&#8211; Temperatura ambiente probada: -40 + 70 C<br \/><strong>Alimentaci&oacute;n<\/strong><br \/>&#8211; Consumo m&aacute;ximo de energ&iacute;a: 9W<br \/>&#8211; PoE en: PoE pasivo<br \/>&#8211; PoE fuera: 802.3af \/ at<br \/>&#8211; PoE en entrada Voltaje: 12-57 V<br \/>&#8211; N&uacute;mero de entradas de CC: 2 (toma de CC, PoE-IN)<br \/>&#8211; Voltaje de entrada del conector de CC: 12-57 V<\/td>\n<\/tr>\n<tr>\n<td><strong>Fecha de revisi&oacute;n<\/strong><\/td>\n<td>24-04-2018 por MSB<\/td>\n<\/tr>\n<\/tbody>\n<\/table>\n","protected":false},"excerpt":{"rendered":"<p>Marca Mikrotik Modelo RB960PGS Conexiones &#8211; 5 x 10\/100\/1000 Ethernet&#8211; 1 x SFP&#8211; 1 x USB tipo A Caracteristicas &#8211; C&oacute;digo de producto: hEX PoE&#8211; Arquitectura: MIPSBE&#8211; CPU: QCA9557&#8211; N&uacute;cleo de CPU: 1&#8211; Frecuencia nominal de la CPU: 800 MHz&#8211; Nivel de licencia: 4&#8211; Tama&ntilde;o de la RAM: 128 MB&#8211; Tama&ntilde;o de almacenamiento: 16 MB&#8211;&hellip;&nbsp;<a href=\"https:\/\/aivlisoft.net\/shop\/producto\/mikrotik-rb960pgs-hex-poe-router-5xgb-1xsfp-l4\/\" rel=\"bookmark\"><span class=\"screen-reader-text\">MikroTik RB960PGS hEX PoE Router 5xGB 1xSFP L4<\/span><\/a><\/p>\n","protected":false},"featured_media":18811,"template":"","meta":{"neve_meta_sidebar":"","neve_meta_container":"","neve_meta_enable_content_width":"","neve_meta_content_width":0,"neve_meta_title_alignment":"","neve_meta_author_avatar":"","neve_post_elements_order":"","neve_meta_disable_header":"","neve_meta_disable_footer":"","neve_meta_disable_title":""},"product_brand":[],"product_cat":[8769],"product_tag":[6842],"class_list":{"0":"post-18810","1":"product","2":"type-product","3":"status-publish","4":"has-post-thumbnail","6":"product_cat-routers-redes-con-cable","7":"product_tag-rb960pgs","9":"first","10":"instock","11":"taxable","12":"shipping-taxable","13":"purchasable","14":"product-type-simple"},"yoast_head":"<!-- This site is optimized with the Yoast SEO plugin v26.0 - https:\/\/yoast.com\/wordpress\/plugins\/seo\/ -->\n<title>MikroTik RB960PGS hEX PoE Router 5xGB 1xSFP L4 - Aivlisoft Inform\u00e1tica<\/title>\n<meta name=\"robots\" content=\"index, follow, max-snippet:-1, max-image-preview:large, max-video-preview:-1\" \/>\n<link rel=\"canonical\" href=\"https:\/\/aivlisoft.net\/shop\/producto\/mikrotik-rb960pgs-hex-poe-router-5xgb-1xsfp-l4\/\" \/>\n<meta property=\"og:locale\" content=\"es_ES\" \/>\n<meta property=\"og:type\" content=\"article\" \/>\n<meta property=\"og:title\" content=\"MikroTik RB960PGS hEX PoE Router 5xGB 1xSFP L4 - Aivlisoft Inform\u00e1tica\" \/>\n<meta property=\"og:description\" content=\"Marca Mikrotik Modelo RB960PGS Conexiones &#8211; 5 x 10\/100\/1000 Ethernet&#8211; 1 x SFP&#8211; 1 x USB tipo A Caracteristicas &#8211; C&oacute;digo de producto: hEX PoE&#8211; Arquitectura: MIPSBE&#8211; CPU: QCA9557&#8211; N&uacute;cleo de CPU: 1&#8211; Frecuencia nominal de la CPU: 800 MHz&#8211; Nivel de licencia: 4&#8211; Tama&ntilde;o de la RAM: 128 MB&#8211; Tama&ntilde;o de almacenamiento: 16 MB&#8211;&hellip;&nbsp;MikroTik RB960PGS hEX PoE Router 5xGB 1xSFP L4\" \/>\n<meta property=\"og:url\" content=\"https:\/\/aivlisoft.net\/shop\/producto\/mikrotik-rb960pgs-hex-poe-router-5xgb-1xsfp-l4\/\" \/>\n<meta property=\"og:site_name\" content=\"Aivlisoft Inform\u00e1tica\" \/>\n<meta property=\"article:modified_time\" content=\"2025-01-14T11:41:33+00:00\" \/>\n<meta property=\"og:image\" content=\"https:\/\/aivlisoft.net\/shop\/wp-content\/uploads\/2025\/01\/NROCAB0071_800.jpg\" \/>\n\t<meta property=\"og:image:width\" content=\"800\" \/>\n\t<meta property=\"og:image:height\" content=\"800\" \/>\n\t<meta property=\"og:image:type\" content=\"image\/jpeg\" \/>\n<meta name=\"twitter:card\" content=\"summary_large_image\" \/>\n<meta name=\"twitter:label1\" content=\"Tiempo de lectura\" \/>\n\t<meta name=\"twitter:data1\" content=\"1 minuto\" \/>\n<script type=\"application\/ld+json\" class=\"yoast-schema-graph\">{\"@context\":\"https:\/\/schema.org\",\"@graph\":[{\"@type\":\"WebPage\",\"@id\":\"https:\/\/aivlisoft.net\/shop\/producto\/mikrotik-rb960pgs-hex-poe-router-5xgb-1xsfp-l4\/\",\"url\":\"https:\/\/aivlisoft.net\/shop\/producto\/mikrotik-rb960pgs-hex-poe-router-5xgb-1xsfp-l4\/\",\"name\":\"MikroTik RB960PGS hEX PoE Router 5xGB 1xSFP L4 - Aivlisoft Inform\u00e1tica\",\"isPartOf\":{\"@id\":\"https:\/\/aivlisoft.net\/shop\/#website\"},\"primaryImageOfPage\":{\"@id\":\"https:\/\/aivlisoft.net\/shop\/producto\/mikrotik-rb960pgs-hex-poe-router-5xgb-1xsfp-l4\/#primaryimage\"},\"image\":{\"@id\":\"https:\/\/aivlisoft.net\/shop\/producto\/mikrotik-rb960pgs-hex-poe-router-5xgb-1xsfp-l4\/#primaryimage\"},\"thumbnailUrl\":\"https:\/\/aivlisoft.net\/shop\/wp-content\/uploads\/2025\/01\/NROCAB0071_800.jpg\",\"datePublished\":\"2025-01-13T15:25:56+00:00\",\"dateModified\":\"2025-01-14T11:41:33+00:00\",\"breadcrumb\":{\"@id\":\"https:\/\/aivlisoft.net\/shop\/producto\/mikrotik-rb960pgs-hex-poe-router-5xgb-1xsfp-l4\/#breadcrumb\"},\"inLanguage\":\"es\",\"potentialAction\":[{\"@type\":\"ReadAction\",\"target\":[\"https:\/\/aivlisoft.net\/shop\/producto\/mikrotik-rb960pgs-hex-poe-router-5xgb-1xsfp-l4\/\"]}]},{\"@type\":\"ImageObject\",\"inLanguage\":\"es\",\"@id\":\"https:\/\/aivlisoft.net\/shop\/producto\/mikrotik-rb960pgs-hex-poe-router-5xgb-1xsfp-l4\/#primaryimage\",\"url\":\"https:\/\/aivlisoft.net\/shop\/wp-content\/uploads\/2025\/01\/NROCAB0071_800.jpg\",\"contentUrl\":\"https:\/\/aivlisoft.net\/shop\/wp-content\/uploads\/2025\/01\/NROCAB0071_800.jpg\",\"width\":800,\"height\":800},{\"@type\":\"BreadcrumbList\",\"@id\":\"https:\/\/aivlisoft.net\/shop\/producto\/mikrotik-rb960pgs-hex-poe-router-5xgb-1xsfp-l4\/#breadcrumb\",\"itemListElement\":[{\"@type\":\"ListItem\",\"position\":1,\"name\":\"Portada\",\"item\":\"https:\/\/aivlisoft.net\/shop\/\"},{\"@type\":\"ListItem\",\"position\":2,\"name\":\"Tienda\",\"item\":\"https:\/\/aivlisoft.net\/shop\/tienda\/\"},{\"@type\":\"ListItem\",\"position\":3,\"name\":\"MikroTik RB960PGS hEX PoE Router 5xGB 1xSFP L4\"}]},{\"@type\":\"WebSite\",\"@id\":\"https:\/\/aivlisoft.net\/shop\/#website\",\"url\":\"https:\/\/aivlisoft.net\/shop\/\",\"name\":\"Aivlisoft Inform\u00e1tica\",\"description\":\"En Aivlisoft Inform\u00e1tica ofrecemos soluciones tecnol\u00f3gicas para empresas: venta de ordenadores, consumibles, perif\u00e9ricos y m\u00e1s. Calidad, atenci\u00f3n personalizada y los mejores precios para tu negocio.\",\"publisher\":{\"@id\":\"https:\/\/aivlisoft.net\/shop\/#organization\"},\"potentialAction\":[{\"@type\":\"SearchAction\",\"target\":{\"@type\":\"EntryPoint\",\"urlTemplate\":\"https:\/\/aivlisoft.net\/shop\/?s={search_term_string}\"},\"query-input\":{\"@type\":\"PropertyValueSpecification\",\"valueRequired\":true,\"valueName\":\"search_term_string\"}}],\"inLanguage\":\"es\"},{\"@type\":\"Organization\",\"@id\":\"https:\/\/aivlisoft.net\/shop\/#organization\",\"name\":\"Aivlisoft Inform\u00e1tica\",\"url\":\"https:\/\/aivlisoft.net\/shop\/\",\"logo\":{\"@type\":\"ImageObject\",\"inLanguage\":\"es\",\"@id\":\"https:\/\/aivlisoft.net\/shop\/#\/schema\/logo\/image\/\",\"url\":\"https:\/\/aivlisoft.net\/shop\/wp-content\/uploads\/2024\/12\/removal.ai_5b848c54-0cdf-4140-95c5-c5536bb7573b-logodef.png\",\"contentUrl\":\"https:\/\/aivlisoft.net\/shop\/wp-content\/uploads\/2024\/12\/removal.ai_5b848c54-0cdf-4140-95c5-c5536bb7573b-logodef.png\",\"width\":484,\"height\":182,\"caption\":\"Aivlisoft Inform\u00e1tica\"},\"image\":{\"@id\":\"https:\/\/aivlisoft.net\/shop\/#\/schema\/logo\/image\/\"}}]}<\/script>\n<!-- \/ Yoast SEO plugin. -->","yoast_head_json":{"title":"MikroTik RB960PGS hEX PoE Router 5xGB 1xSFP L4 - Aivlisoft Inform\u00e1tica","robots":{"index":"index","follow":"follow","max-snippet":"max-snippet:-1","max-image-preview":"max-image-preview:large","max-video-preview":"max-video-preview:-1"},"canonical":"https:\/\/aivlisoft.net\/shop\/producto\/mikrotik-rb960pgs-hex-poe-router-5xgb-1xsfp-l4\/","og_locale":"es_ES","og_type":"article","og_title":"MikroTik RB960PGS hEX PoE Router 5xGB 1xSFP L4 - Aivlisoft Inform\u00e1tica","og_description":"Marca Mikrotik Modelo RB960PGS Conexiones &#8211; 5 x 10\/100\/1000 Ethernet&#8211; 1 x SFP&#8211; 1 x USB tipo A Caracteristicas &#8211; C&oacute;digo de producto: hEX PoE&#8211; Arquitectura: MIPSBE&#8211; CPU: QCA9557&#8211; N&uacute;cleo de CPU: 1&#8211; Frecuencia nominal de la CPU: 800 MHz&#8211; Nivel de licencia: 4&#8211; Tama&ntilde;o de la RAM: 128 MB&#8211; Tama&ntilde;o de almacenamiento: 16 MB&#8211;&hellip;&nbsp;MikroTik RB960PGS hEX PoE Router 5xGB 1xSFP L4","og_url":"https:\/\/aivlisoft.net\/shop\/producto\/mikrotik-rb960pgs-hex-poe-router-5xgb-1xsfp-l4\/","og_site_name":"Aivlisoft Inform\u00e1tica","article_modified_time":"2025-01-14T11:41:33+00:00","og_image":[{"width":800,"height":800,"url":"https:\/\/aivlisoft.net\/shop\/wp-content\/uploads\/2025\/01\/NROCAB0071_800.jpg","type":"image\/jpeg"}],"twitter_card":"summary_large_image","twitter_misc":{"Tiempo de lectura":"1 minuto"},"schema":{"@context":"https:\/\/schema.org","@graph":[{"@type":"WebPage","@id":"https:\/\/aivlisoft.net\/shop\/producto\/mikrotik-rb960pgs-hex-poe-router-5xgb-1xsfp-l4\/","url":"https:\/\/aivlisoft.net\/shop\/producto\/mikrotik-rb960pgs-hex-poe-router-5xgb-1xsfp-l4\/","name":"MikroTik RB960PGS hEX PoE Router 5xGB 1xSFP L4 - Aivlisoft Inform\u00e1tica","isPartOf":{"@id":"https:\/\/aivlisoft.net\/shop\/#website"},"primaryImageOfPage":{"@id":"https:\/\/aivlisoft.net\/shop\/producto\/mikrotik-rb960pgs-hex-poe-router-5xgb-1xsfp-l4\/#primaryimage"},"image":{"@id":"https:\/\/aivlisoft.net\/shop\/producto\/mikrotik-rb960pgs-hex-poe-router-5xgb-1xsfp-l4\/#primaryimage"},"thumbnailUrl":"https:\/\/aivlisoft.net\/shop\/wp-content\/uploads\/2025\/01\/NROCAB0071_800.jpg","datePublished":"2025-01-13T15:25:56+00:00","dateModified":"2025-01-14T11:41:33+00:00","breadcrumb":{"@id":"https:\/\/aivlisoft.net\/shop\/producto\/mikrotik-rb960pgs-hex-poe-router-5xgb-1xsfp-l4\/#breadcrumb"},"inLanguage":"es","potentialAction":[{"@type":"ReadAction","target":["https:\/\/aivlisoft.net\/shop\/producto\/mikrotik-rb960pgs-hex-poe-router-5xgb-1xsfp-l4\/"]}]},{"@type":"ImageObject","inLanguage":"es","@id":"https:\/\/aivlisoft.net\/shop\/producto\/mikrotik-rb960pgs-hex-poe-router-5xgb-1xsfp-l4\/#primaryimage","url":"https:\/\/aivlisoft.net\/shop\/wp-content\/uploads\/2025\/01\/NROCAB0071_800.jpg","contentUrl":"https:\/\/aivlisoft.net\/shop\/wp-content\/uploads\/2025\/01\/NROCAB0071_800.jpg","width":800,"height":800},{"@type":"BreadcrumbList","@id":"https:\/\/aivlisoft.net\/shop\/producto\/mikrotik-rb960pgs-hex-poe-router-5xgb-1xsfp-l4\/#breadcrumb","itemListElement":[{"@type":"ListItem","position":1,"name":"Portada","item":"https:\/\/aivlisoft.net\/shop\/"},{"@type":"ListItem","position":2,"name":"Tienda","item":"https:\/\/aivlisoft.net\/shop\/tienda\/"},{"@type":"ListItem","position":3,"name":"MikroTik RB960PGS hEX PoE Router 5xGB 1xSFP L4"}]},{"@type":"WebSite","@id":"https:\/\/aivlisoft.net\/shop\/#website","url":"https:\/\/aivlisoft.net\/shop\/","name":"Aivlisoft Inform\u00e1tica","description":"En Aivlisoft Inform\u00e1tica ofrecemos soluciones tecnol\u00f3gicas para empresas: venta de ordenadores, consumibles, perif\u00e9ricos y m\u00e1s. Calidad, atenci\u00f3n personalizada y los mejores precios para tu negocio.","publisher":{"@id":"https:\/\/aivlisoft.net\/shop\/#organization"},"potentialAction":[{"@type":"SearchAction","target":{"@type":"EntryPoint","urlTemplate":"https:\/\/aivlisoft.net\/shop\/?s={search_term_string}"},"query-input":{"@type":"PropertyValueSpecification","valueRequired":true,"valueName":"search_term_string"}}],"inLanguage":"es"},{"@type":"Organization","@id":"https:\/\/aivlisoft.net\/shop\/#organization","name":"Aivlisoft Inform\u00e1tica","url":"https:\/\/aivlisoft.net\/shop\/","logo":{"@type":"ImageObject","inLanguage":"es","@id":"https:\/\/aivlisoft.net\/shop\/#\/schema\/logo\/image\/","url":"https:\/\/aivlisoft.net\/shop\/wp-content\/uploads\/2024\/12\/removal.ai_5b848c54-0cdf-4140-95c5-c5536bb7573b-logodef.png","contentUrl":"https:\/\/aivlisoft.net\/shop\/wp-content\/uploads\/2024\/12\/removal.ai_5b848c54-0cdf-4140-95c5-c5536bb7573b-logodef.png","width":484,"height":182,"caption":"Aivlisoft Inform\u00e1tica"},"image":{"@id":"https:\/\/aivlisoft.net\/shop\/#\/schema\/logo\/image\/"}}]}},"_links":{"self":[{"href":"https:\/\/aivlisoft.net\/shop\/wp-json\/wp\/v2\/product\/18810","targetHints":{"allow":["GET"]}}],"collection":[{"href":"https:\/\/aivlisoft.net\/shop\/wp-json\/wp\/v2\/product"}],"about":[{"href":"https:\/\/aivlisoft.net\/shop\/wp-json\/wp\/v2\/types\/product"}],"wp:featuredmedia":[{"embeddable":true,"href":"https:\/\/aivlisoft.net\/shop\/wp-json\/wp\/v2\/media\/18811"}],"wp:attachment":[{"href":"https:\/\/aivlisoft.net\/shop\/wp-json\/wp\/v2\/media?parent=18810"}],"wp:term":[{"taxonomy":"product_brand","embeddable":true,"href":"https:\/\/aivlisoft.net\/shop\/wp-json\/wp\/v2\/product_brand?post=18810"},{"taxonomy":"product_cat","embeddable":true,"href":"https:\/\/aivlisoft.net\/shop\/wp-json\/wp\/v2\/product_cat?post=18810"},{"taxonomy":"product_tag","embeddable":true,"href":"https:\/\/aivlisoft.net\/shop\/wp-json\/wp\/v2\/product_tag?post=18810"}],"curies":[{"name":"wp","href":"https:\/\/api.w.org\/{rel}","templated":true}]}}