{"id":18789,"date":"2025-01-13T15:25:41","date_gmt":"2025-01-13T15:25:41","guid":{"rendered":"https:\/\/aivlisoft.com\/?post_type=product&#038;p=18789"},"modified":"2025-01-14T11:41:25","modified_gmt":"2025-01-14T11:41:25","slug":"mikrotik-rb750r2-hex-lite-router-5x10-100-l4","status":"publish","type":"product","link":"https:\/\/aivlisoft.net\/shop\/producto\/mikrotik-rb750r2-hex-lite-router-5x10-100-l4\/","title":{"rendered":"MikroTik RB750r2 hEX lite Router 5&#215;10\/100 L4"},"content":{"rendered":"<div>\n<div>\n<div>El hEX lite es un peque&ntilde;o router de Ethernet de cinco puertos en una atractiva caja de pl&aacute;stico.<\/div>\n<div>Su precio es m&aacute;s bajo que la licencia RouterOS sola, simplemente no hay elecci&oacute;n cuando se trata de administrar su red dom&eacute;stica por cable, el RB750r2&nbsp; (HEX lite) lo tiene todo.<\/div>\n<div>No s&oacute;lo es asequible, peque&ntilde;o, atractivo y f&aacute;cil de usar, es probablemente el router MPLS m&aacute;s asequible disponible en el mercado. Sin competencia en precio y caracter&iacute;sticas, el RB750r2 tiene ambos. Con su dise&ntilde;o compacto y aspecto limpio, va a encajar perfectamente en cualquier entorno SOHO.<\/div>\n<div>&nbsp;<\/div>\n<div>La caja contiene: RB750r2 en una caja de pl&aacute;stico y fuente de alimentaci&oacute;n.<\/div>\n<\/div>\n<\/div>\n<p><\/p>\n<table class=\"tabla_caracteristicas\" width=\"100%\">\n<tbody>\n<tr>\n<td><strong>Marca<\/strong><\/td>\n<td>Mikrotik<\/td>\n<\/tr>\n<tr>\n<td valign=\"top\"><strong>Modelo<\/strong><\/td>\n<td><strong>RB750r2<\/strong><\/td>\n<\/tr>\n<tr>\n<td valign=\"top\"><strong>Caracter&iacute;sticas<\/strong><\/td>\n<td>\n<div>&#8211;<strong> CPU frecuencia nominal: 850 MHz<\/strong><\/div>\n<div>&#8211;<strong> Tama&ntilde;o de RAM: 64 MB<\/strong><br \/>\t\t\t&#8211;<strong> Puertos Ethernet 10\/100: 5<\/strong><\/div>\n<\/td>\n<\/tr>\n<tr>\n<td valign=\"top\">\n<div><strong>Caracter&iacute;sticas<br \/>\t\t\tadicionales<\/strong><\/div>\n<\/td>\n<td>\n<div>&#8211; N&uacute;mero de n&uacute;cleos de CPU: 1<\/div>\n<div>&#8211; Arquitectura: MIPS-BE<br \/>\t\t\t&#8211; Conector de alimentaci&oacute;n: 1<br \/>\t\t\t&#8211; PoE out: No<br \/>\t\t\t&#8211; PoE in: S&iacute;<br \/>\t\t\t&#8211; Voltaje de entrada soportados: 6 V &#8211; 30 V<br \/>\t\t\t&#8211; Dimensiones: 113x89x28 mm<br \/>\t\t\t&#8211; Rango de temperatura de funcionamiento: -20 &deg;C&nbsp; +70 &deg;C<br \/>\t\t\t&#8211; Nivel de Licencia RouterOS: 4<\/div>\n<div>&#8211; Consumo m&aacute;ximo de energ&iacute;a: 2 W<\/div>\n<\/td>\n<\/tr>\n<tr>\n<td valign=\"top\"><strong>Folleto t&eacute;cnico<\/strong><\/td>\n<td><a href=\"http:\/\/i.mt.lv\/routerboard\/files\/hEX_lite-150520120706.pdf\">http:\/\/i.mt.lv\/routerboard\/files\/hEX_lite-150520120706.pdf<\/a><\/td>\n<\/tr>\n<tr>\n<td><strong>Fecha de revisi&oacute;n<\/strong><\/td>\n<td>23-10-2015 por DLS<\/td>\n<\/tr>\n<\/tbody>\n<\/table>\n","protected":false},"excerpt":{"rendered":"<p>El hEX lite es un peque&ntilde;o router de Ethernet de cinco puertos en una atractiva caja de pl&aacute;stico. Su precio es m&aacute;s bajo que la licencia RouterOS sola, simplemente no hay elecci&oacute;n cuando se trata de administrar su red dom&eacute;stica por cable, el RB750r2&nbsp; (HEX lite) lo tiene todo. No s&oacute;lo es asequible, peque&ntilde;o, atractivo&hellip;&nbsp;<a href=\"https:\/\/aivlisoft.net\/shop\/producto\/mikrotik-rb750r2-hex-lite-router-5x10-100-l4\/\" rel=\"bookmark\"><span class=\"screen-reader-text\">MikroTik RB750r2 hEX lite Router 5&#215;10\/100 L4<\/span><\/a><\/p>\n","protected":false},"featured_media":18790,"template":"","meta":{"neve_meta_sidebar":"","neve_meta_container":"","neve_meta_enable_content_width":"","neve_meta_content_width":0,"neve_meta_title_alignment":"","neve_meta_author_avatar":"","neve_post_elements_order":"","neve_meta_disable_header":"","neve_meta_disable_footer":"","neve_meta_disable_title":""},"product_brand":[],"product_cat":[8769],"product_tag":[6836],"class_list":{"0":"post-18789","1":"product","2":"type-product","3":"status-publish","4":"has-post-thumbnail","6":"product_cat-routers-redes-con-cable","7":"product_tag-rb750r2","9":"first","10":"instock","11":"taxable","12":"shipping-taxable","13":"purchasable","14":"product-type-simple"},"yoast_head":"<!-- This site is optimized with the Yoast SEO plugin v26.0 - https:\/\/yoast.com\/wordpress\/plugins\/seo\/ -->\n<title>MikroTik RB750r2 hEX lite Router 5x10\/100 L4 - Aivlisoft Inform\u00e1tica<\/title>\n<meta name=\"robots\" content=\"index, follow, max-snippet:-1, max-image-preview:large, max-video-preview:-1\" \/>\n<link rel=\"canonical\" href=\"https:\/\/aivlisoft.net\/shop\/producto\/mikrotik-rb750r2-hex-lite-router-5x10-100-l4\/\" \/>\n<meta property=\"og:locale\" content=\"es_ES\" \/>\n<meta property=\"og:type\" content=\"article\" \/>\n<meta property=\"og:title\" content=\"MikroTik RB750r2 hEX lite Router 5x10\/100 L4 - Aivlisoft Inform\u00e1tica\" \/>\n<meta property=\"og:description\" content=\"El hEX lite es un peque&ntilde;o router de Ethernet de cinco puertos en una atractiva caja de pl&aacute;stico. Su precio es m&aacute;s bajo que la licencia RouterOS sola, simplemente no hay elecci&oacute;n cuando se trata de administrar su red dom&eacute;stica por cable, el RB750r2&nbsp; (HEX lite) lo tiene todo. No s&oacute;lo es asequible, peque&ntilde;o, atractivo&hellip;&nbsp;MikroTik RB750r2 hEX lite Router 5&#215;10\/100 L4\" \/>\n<meta property=\"og:url\" content=\"https:\/\/aivlisoft.net\/shop\/producto\/mikrotik-rb750r2-hex-lite-router-5x10-100-l4\/\" \/>\n<meta property=\"og:site_name\" content=\"Aivlisoft Inform\u00e1tica\" \/>\n<meta property=\"article:modified_time\" content=\"2025-01-14T11:41:25+00:00\" \/>\n<meta property=\"og:image\" content=\"https:\/\/aivlisoft.net\/shop\/wp-content\/uploads\/2025\/01\/NROCAB0046_large.jpg\" \/>\n\t<meta property=\"og:image:width\" content=\"400\" \/>\n\t<meta property=\"og:image:height\" content=\"400\" \/>\n\t<meta property=\"og:image:type\" content=\"image\/jpeg\" \/>\n<meta name=\"twitter:card\" content=\"summary_large_image\" \/>\n<meta name=\"twitter:label1\" content=\"Tiempo de lectura\" \/>\n\t<meta name=\"twitter:data1\" content=\"1 minuto\" \/>\n<script type=\"application\/ld+json\" class=\"yoast-schema-graph\">{\"@context\":\"https:\/\/schema.org\",\"@graph\":[{\"@type\":\"WebPage\",\"@id\":\"https:\/\/aivlisoft.net\/shop\/producto\/mikrotik-rb750r2-hex-lite-router-5x10-100-l4\/\",\"url\":\"https:\/\/aivlisoft.net\/shop\/producto\/mikrotik-rb750r2-hex-lite-router-5x10-100-l4\/\",\"name\":\"MikroTik RB750r2 hEX lite Router 5x10\/100 L4 - Aivlisoft Inform\u00e1tica\",\"isPartOf\":{\"@id\":\"https:\/\/aivlisoft.net\/shop\/#website\"},\"primaryImageOfPage\":{\"@id\":\"https:\/\/aivlisoft.net\/shop\/producto\/mikrotik-rb750r2-hex-lite-router-5x10-100-l4\/#primaryimage\"},\"image\":{\"@id\":\"https:\/\/aivlisoft.net\/shop\/producto\/mikrotik-rb750r2-hex-lite-router-5x10-100-l4\/#primaryimage\"},\"thumbnailUrl\":\"https:\/\/aivlisoft.net\/shop\/wp-content\/uploads\/2025\/01\/NROCAB0046_large.jpg\",\"datePublished\":\"2025-01-13T15:25:41+00:00\",\"dateModified\":\"2025-01-14T11:41:25+00:00\",\"breadcrumb\":{\"@id\":\"https:\/\/aivlisoft.net\/shop\/producto\/mikrotik-rb750r2-hex-lite-router-5x10-100-l4\/#breadcrumb\"},\"inLanguage\":\"es\",\"potentialAction\":[{\"@type\":\"ReadAction\",\"target\":[\"https:\/\/aivlisoft.net\/shop\/producto\/mikrotik-rb750r2-hex-lite-router-5x10-100-l4\/\"]}]},{\"@type\":\"ImageObject\",\"inLanguage\":\"es\",\"@id\":\"https:\/\/aivlisoft.net\/shop\/producto\/mikrotik-rb750r2-hex-lite-router-5x10-100-l4\/#primaryimage\",\"url\":\"https:\/\/aivlisoft.net\/shop\/wp-content\/uploads\/2025\/01\/NROCAB0046_large.jpg\",\"contentUrl\":\"https:\/\/aivlisoft.net\/shop\/wp-content\/uploads\/2025\/01\/NROCAB0046_large.jpg\",\"width\":400,\"height\":400},{\"@type\":\"BreadcrumbList\",\"@id\":\"https:\/\/aivlisoft.net\/shop\/producto\/mikrotik-rb750r2-hex-lite-router-5x10-100-l4\/#breadcrumb\",\"itemListElement\":[{\"@type\":\"ListItem\",\"position\":1,\"name\":\"Portada\",\"item\":\"https:\/\/aivlisoft.net\/shop\/\"},{\"@type\":\"ListItem\",\"position\":2,\"name\":\"Tienda\",\"item\":\"https:\/\/aivlisoft.net\/shop\/tienda\/\"},{\"@type\":\"ListItem\",\"position\":3,\"name\":\"MikroTik RB750r2 hEX lite Router 5&#215;10\/100 L4\"}]},{\"@type\":\"WebSite\",\"@id\":\"https:\/\/aivlisoft.net\/shop\/#website\",\"url\":\"https:\/\/aivlisoft.net\/shop\/\",\"name\":\"Aivlisoft Inform\u00e1tica\",\"description\":\"En Aivlisoft Inform\u00e1tica ofrecemos soluciones tecnol\u00f3gicas para empresas: venta de ordenadores, consumibles, perif\u00e9ricos y m\u00e1s. Calidad, atenci\u00f3n personalizada y los mejores precios para tu negocio.\",\"publisher\":{\"@id\":\"https:\/\/aivlisoft.net\/shop\/#organization\"},\"potentialAction\":[{\"@type\":\"SearchAction\",\"target\":{\"@type\":\"EntryPoint\",\"urlTemplate\":\"https:\/\/aivlisoft.net\/shop\/?s={search_term_string}\"},\"query-input\":{\"@type\":\"PropertyValueSpecification\",\"valueRequired\":true,\"valueName\":\"search_term_string\"}}],\"inLanguage\":\"es\"},{\"@type\":\"Organization\",\"@id\":\"https:\/\/aivlisoft.net\/shop\/#organization\",\"name\":\"Aivlisoft Inform\u00e1tica\",\"url\":\"https:\/\/aivlisoft.net\/shop\/\",\"logo\":{\"@type\":\"ImageObject\",\"inLanguage\":\"es\",\"@id\":\"https:\/\/aivlisoft.net\/shop\/#\/schema\/logo\/image\/\",\"url\":\"https:\/\/aivlisoft.net\/shop\/wp-content\/uploads\/2024\/12\/removal.ai_5b848c54-0cdf-4140-95c5-c5536bb7573b-logodef.png\",\"contentUrl\":\"https:\/\/aivlisoft.net\/shop\/wp-content\/uploads\/2024\/12\/removal.ai_5b848c54-0cdf-4140-95c5-c5536bb7573b-logodef.png\",\"width\":484,\"height\":182,\"caption\":\"Aivlisoft Inform\u00e1tica\"},\"image\":{\"@id\":\"https:\/\/aivlisoft.net\/shop\/#\/schema\/logo\/image\/\"}}]}<\/script>\n<!-- \/ Yoast SEO plugin. -->","yoast_head_json":{"title":"MikroTik RB750r2 hEX lite Router 5x10\/100 L4 - Aivlisoft Inform\u00e1tica","robots":{"index":"index","follow":"follow","max-snippet":"max-snippet:-1","max-image-preview":"max-image-preview:large","max-video-preview":"max-video-preview:-1"},"canonical":"https:\/\/aivlisoft.net\/shop\/producto\/mikrotik-rb750r2-hex-lite-router-5x10-100-l4\/","og_locale":"es_ES","og_type":"article","og_title":"MikroTik RB750r2 hEX lite Router 5x10\/100 L4 - Aivlisoft Inform\u00e1tica","og_description":"El hEX lite es un peque&ntilde;o router de Ethernet de cinco puertos en una atractiva caja de pl&aacute;stico. Su precio es m&aacute;s bajo que la licencia RouterOS sola, simplemente no hay elecci&oacute;n cuando se trata de administrar su red dom&eacute;stica por cable, el RB750r2&nbsp; (HEX lite) lo tiene todo. No s&oacute;lo es asequible, peque&ntilde;o, atractivo&hellip;&nbsp;MikroTik RB750r2 hEX lite Router 5&#215;10\/100 L4","og_url":"https:\/\/aivlisoft.net\/shop\/producto\/mikrotik-rb750r2-hex-lite-router-5x10-100-l4\/","og_site_name":"Aivlisoft Inform\u00e1tica","article_modified_time":"2025-01-14T11:41:25+00:00","og_image":[{"width":400,"height":400,"url":"https:\/\/aivlisoft.net\/shop\/wp-content\/uploads\/2025\/01\/NROCAB0046_large.jpg","type":"image\/jpeg"}],"twitter_card":"summary_large_image","twitter_misc":{"Tiempo de lectura":"1 minuto"},"schema":{"@context":"https:\/\/schema.org","@graph":[{"@type":"WebPage","@id":"https:\/\/aivlisoft.net\/shop\/producto\/mikrotik-rb750r2-hex-lite-router-5x10-100-l4\/","url":"https:\/\/aivlisoft.net\/shop\/producto\/mikrotik-rb750r2-hex-lite-router-5x10-100-l4\/","name":"MikroTik RB750r2 hEX lite Router 5x10\/100 L4 - Aivlisoft Inform\u00e1tica","isPartOf":{"@id":"https:\/\/aivlisoft.net\/shop\/#website"},"primaryImageOfPage":{"@id":"https:\/\/aivlisoft.net\/shop\/producto\/mikrotik-rb750r2-hex-lite-router-5x10-100-l4\/#primaryimage"},"image":{"@id":"https:\/\/aivlisoft.net\/shop\/producto\/mikrotik-rb750r2-hex-lite-router-5x10-100-l4\/#primaryimage"},"thumbnailUrl":"https:\/\/aivlisoft.net\/shop\/wp-content\/uploads\/2025\/01\/NROCAB0046_large.jpg","datePublished":"2025-01-13T15:25:41+00:00","dateModified":"2025-01-14T11:41:25+00:00","breadcrumb":{"@id":"https:\/\/aivlisoft.net\/shop\/producto\/mikrotik-rb750r2-hex-lite-router-5x10-100-l4\/#breadcrumb"},"inLanguage":"es","potentialAction":[{"@type":"ReadAction","target":["https:\/\/aivlisoft.net\/shop\/producto\/mikrotik-rb750r2-hex-lite-router-5x10-100-l4\/"]}]},{"@type":"ImageObject","inLanguage":"es","@id":"https:\/\/aivlisoft.net\/shop\/producto\/mikrotik-rb750r2-hex-lite-router-5x10-100-l4\/#primaryimage","url":"https:\/\/aivlisoft.net\/shop\/wp-content\/uploads\/2025\/01\/NROCAB0046_large.jpg","contentUrl":"https:\/\/aivlisoft.net\/shop\/wp-content\/uploads\/2025\/01\/NROCAB0046_large.jpg","width":400,"height":400},{"@type":"BreadcrumbList","@id":"https:\/\/aivlisoft.net\/shop\/producto\/mikrotik-rb750r2-hex-lite-router-5x10-100-l4\/#breadcrumb","itemListElement":[{"@type":"ListItem","position":1,"name":"Portada","item":"https:\/\/aivlisoft.net\/shop\/"},{"@type":"ListItem","position":2,"name":"Tienda","item":"https:\/\/aivlisoft.net\/shop\/tienda\/"},{"@type":"ListItem","position":3,"name":"MikroTik RB750r2 hEX lite Router 5&#215;10\/100 L4"}]},{"@type":"WebSite","@id":"https:\/\/aivlisoft.net\/shop\/#website","url":"https:\/\/aivlisoft.net\/shop\/","name":"Aivlisoft Inform\u00e1tica","description":"En Aivlisoft Inform\u00e1tica ofrecemos soluciones tecnol\u00f3gicas para empresas: venta de ordenadores, consumibles, perif\u00e9ricos y m\u00e1s. Calidad, atenci\u00f3n personalizada y los mejores precios para tu negocio.","publisher":{"@id":"https:\/\/aivlisoft.net\/shop\/#organization"},"potentialAction":[{"@type":"SearchAction","target":{"@type":"EntryPoint","urlTemplate":"https:\/\/aivlisoft.net\/shop\/?s={search_term_string}"},"query-input":{"@type":"PropertyValueSpecification","valueRequired":true,"valueName":"search_term_string"}}],"inLanguage":"es"},{"@type":"Organization","@id":"https:\/\/aivlisoft.net\/shop\/#organization","name":"Aivlisoft Inform\u00e1tica","url":"https:\/\/aivlisoft.net\/shop\/","logo":{"@type":"ImageObject","inLanguage":"es","@id":"https:\/\/aivlisoft.net\/shop\/#\/schema\/logo\/image\/","url":"https:\/\/aivlisoft.net\/shop\/wp-content\/uploads\/2024\/12\/removal.ai_5b848c54-0cdf-4140-95c5-c5536bb7573b-logodef.png","contentUrl":"https:\/\/aivlisoft.net\/shop\/wp-content\/uploads\/2024\/12\/removal.ai_5b848c54-0cdf-4140-95c5-c5536bb7573b-logodef.png","width":484,"height":182,"caption":"Aivlisoft Inform\u00e1tica"},"image":{"@id":"https:\/\/aivlisoft.net\/shop\/#\/schema\/logo\/image\/"}}]}},"_links":{"self":[{"href":"https:\/\/aivlisoft.net\/shop\/wp-json\/wp\/v2\/product\/18789","targetHints":{"allow":["GET"]}}],"collection":[{"href":"https:\/\/aivlisoft.net\/shop\/wp-json\/wp\/v2\/product"}],"about":[{"href":"https:\/\/aivlisoft.net\/shop\/wp-json\/wp\/v2\/types\/product"}],"wp:featuredmedia":[{"embeddable":true,"href":"https:\/\/aivlisoft.net\/shop\/wp-json\/wp\/v2\/media\/18790"}],"wp:attachment":[{"href":"https:\/\/aivlisoft.net\/shop\/wp-json\/wp\/v2\/media?parent=18789"}],"wp:term":[{"taxonomy":"product_brand","embeddable":true,"href":"https:\/\/aivlisoft.net\/shop\/wp-json\/wp\/v2\/product_brand?post=18789"},{"taxonomy":"product_cat","embeddable":true,"href":"https:\/\/aivlisoft.net\/shop\/wp-json\/wp\/v2\/product_cat?post=18789"},{"taxonomy":"product_tag","embeddable":true,"href":"https:\/\/aivlisoft.net\/shop\/wp-json\/wp\/v2\/product_tag?post=18789"}],"curies":[{"name":"wp","href":"https:\/\/api.w.org\/{rel}","templated":true}]}}