{"id":18785,"date":"2025-01-13T15:25:37","date_gmt":"2025-01-13T15:25:37","guid":{"rendered":"https:\/\/aivlisoft.com\/?post_type=product&#038;p=18785"},"modified":"2025-01-14T11:41:22","modified_gmt":"2025-01-14T11:41:22","slug":"ubiquiti-edgerouter-lite-erlite-3-3xgb-layer-3","status":"publish","type":"product","link":"https:\/\/aivlisoft.net\/shop\/producto\/ubiquiti-edgerouter-lite-erlite-3-3xgb-layer-3\/","title":{"rendered":"Ubiquiti EdgeRouter Lite ERLite-3 3xGB Layer 3"},"content":{"rendered":"<p>EdgeRouter Lite es capaz de entregar 1 mill&oacute;n de paquetes por segundo en un dispositivo compacto, manejable y con un precio asequible. Desarrollado sobre el potente sistema operativo EdgeOS rico en funciones y que ofrece una interfaz gr&aacute;fica de usuario de &uacute;ltima generaci&oacute;n. De f&aacute;cil configuraci&oacute;n este dispositivo proporciona seguridad y gestiona todas las caracter&iacute;sticas necesarias para ejecutar de manera eficiente su red.<\/p>\n<div style=\"text-align: justify;\">&nbsp;<\/div>\n<p>&nbsp;<\/p>\n<table class=\"tabla_caracteristicas\" width=\"100%\">\n<tr>\n<td valign=\"top\" width=\"35%\"><strong>Marca<\/strong><\/td>\n<td valign=\"top\" width=\"65%\">Ubiquiti<\/td>\n<\/tr>\n<tr>\n<td valign=\"top\" width=\"35%\"><strong>Modelo<\/strong><\/td>\n<td valign=\"top\" width=\"65%\">\n<div>ERLite-3<strong> (UBN-ERLITE3<\/strong>)<\/div>\n<\/td>\n<\/tr>\n<tr>\n<td valign=\"top\" width=\"35%\"><strong>Especificaciones f&iacute;sicas<\/strong><\/td>\n<td valign=\"top\" width=\"65%\">\n<div><strong>N&uacute;mero de puertos:<\/strong><\/div>\n<div>&#8211; 3x puertos Ethernet 10\/100\/1000<\/div>\n<div>&#8211; 1x RJ45 serial<\/div>\n<div><strong>Procesador<\/strong>:<\/div>\n<div>&#8211; Dual Core 500 MHz, MIPS64 con aceleraci&oacute;n por hardware<\/div>\n<div>&nbsp; y procesamiento de paquetes<\/div>\n<div><strong>Memoria:<\/strong><\/div>\n<div>&#8211; 512 MB DDR2 (RAM)<\/div>\n<div>&#8211; 2GB flash (Interno)<\/div>\n<div><strong>Energ&iacute;a<\/strong>:<\/div>\n<div>&#8211; 12 VDC, 1A (adaptador incluido)<\/div>\n<div>&#8211; Soporta rangos de 9 a 24 VDC<\/div>\n<div><strong>Certificaciones:<\/strong><\/div>\n<div>&#8211; CE, FCC, IC<\/div>\n<\/td>\n<\/tr>\n<tr>\n<td valign=\"top\" width=\"35%\"><strong>Software<\/strong><\/td>\n<td valign=\"top\" width=\"65%\">\n<div><strong>Interfaz\/Encapsulaci&oacute;n<\/strong><\/div>\n<div>&#8211; Ethernet<\/div>\n<div>&#8211; 802.1q VLAN<\/div>\n<div>&#8211; PPPoe<\/div>\n<div>&#8211; GRE<\/div>\n<div>&#8211; IP inIP<\/div>\n<div>&#8211; Brinding<\/div>\n<div>&#8211; Bonding (802.3ad)<\/div>\n<div><strong>Direccionamiento<\/strong><\/div>\n<div>&#8211; Direccionamiento est&aacute;tico IPv4\/IPv6<\/div>\n<div>&#8211; DHCP\/DHCPv6<\/div>\n<div><strong>Enrutamiento<\/strong><\/div>\n<div>&#8211; Rutas est&aacute;ticas<\/div>\n<div>&#8211; OSPF\/OSPFv3<\/div>\n<div>&#8211; RIP\/RIPng<\/div>\n<div>&#8211; BGP (con soporte IPv6)<\/div>\n<div>&#8211; Proxy IGMP<\/div>\n<div><strong>Seguridad<\/strong><\/div>\n<div>&#8211; Firewall basado en ACL&#39;s<\/div>\n<div>&#8211; Firewall basado en zonas<\/div>\n<div>&#8211; NAT<\/div>\n<div><strong>VPN<\/strong><\/div>\n<div>&#8211; IPSec Site-to-Site y acceso remoto<\/div>\n<div>&#8211; OpenVPN Site-to-Site y acceso remoto<\/div>\n<div>&#8211; Acceso remoto PPTP y L2TP<\/div>\n<div>&#8211; Cliente PPTP<\/div>\n<div><strong>Servicios<\/strong><\/div>\n<div>&#8211; Servidor DHCP\/DHCPv6<\/div>\n<div>&#8211; Relay DHCP\/DHCPv6<\/div>\n<div>&#8211; DNS din&aacute;mico<\/div>\n<div>&#8211; Segumiento DNS<\/div>\n<div>&#8211; VRRP<\/div>\n<div>&#8211; Cliente RADIUS<\/div>\n<div>&#8211; Cach&eacute; web<\/div>\n<div>&#8211; Servidor PPPoE<\/div>\n<div><strong>Administraci&oacute;n<\/strong><\/div>\n<div>&#8211; Interfaz web<\/div>\n<div>&#8211; CLI (consola, SSH, Telnet)<\/div>\n<div>&#8211; SNMP<\/div>\n<div>&#8211; NetFlow<\/div>\n<div>&#8211; LLDP<\/div>\n<div>&#8211; NTP<\/div>\n<div>&#8211; UBNT discovery protocol<\/div>\n<div>&#8211; Logging<\/div>\n<\/td>\n<\/tr>\n<tr>\n<td valign=\"top\"><strong>Otras caracter&iacute;sticas<\/strong><\/td>\n<td>\n<div><strong>Medidas del router:<\/strong><\/div>\n<div>&#8211; 200 x 90 x 30 mm<\/div>\n<div><strong>Peso:<\/strong><\/div>\n<div>&#8211; 345 g.<\/div>\n<div><strong>Consumo m&aacute;ximo:<\/strong><\/div>\n<div>&#8211; 7 W<\/div>\n<\/td>\n<\/tr>\n<tr>\n<td valign=\"top\"><strong>Folleto t&eacute;cnico<\/strong><\/td>\n<td><a href=\"https:\/\/dl.ubnt.com\/datasheets\/edgemax\/EdgeRouter_Lite_DS.pdf\">https:\/\/dl.ubnt.com\/datasheets\/edgemax\/EdgeRouter_Lite_DS.pdf<\/a><\/td>\n<\/tr>\n<tr>\n<td valign=\"top\"><strong>Gu&iacute;a de instalaci&oacute;n<\/strong><\/td>\n<td><a href=\"https:\/\/dl.ubnt.com\/guides\/edgemax\/EdgeRouter_Lite_QSG.pdf\">https:\/\/dl.ubnt.com\/guides\/edgemax\/EdgeRouter_Lite_QSG.pdf<\/a><\/td>\n<\/tr>\n<tr>\n<td><strong>Fecha de revisi&oacute;n<\/strong><\/td>\n<td>10-12-2015 por DLS<\/td>\n<\/tr>\n<\/table>\n","protected":false},"excerpt":{"rendered":"<p>EdgeRouter Lite es capaz de entregar 1 mill&oacute;n de paquetes por segundo en un dispositivo compacto, manejable y con un precio asequible. Desarrollado sobre el potente sistema operativo EdgeOS rico en funciones y que ofrece una interfaz gr&aacute;fica de usuario de &uacute;ltima generaci&oacute;n. De f&aacute;cil configuraci&oacute;n este dispositivo proporciona seguridad y gestiona todas las caracter&iacute;sticas&hellip;&nbsp;<a href=\"https:\/\/aivlisoft.net\/shop\/producto\/ubiquiti-edgerouter-lite-erlite-3-3xgb-layer-3\/\" rel=\"bookmark\"><span class=\"screen-reader-text\">Ubiquiti EdgeRouter Lite ERLite-3 3xGB Layer 3<\/span><\/a><\/p>\n","protected":false},"featured_media":18786,"template":"","meta":{"neve_meta_sidebar":"","neve_meta_container":"","neve_meta_enable_content_width":"","neve_meta_content_width":0,"neve_meta_title_alignment":"","neve_meta_author_avatar":"","neve_post_elements_order":"","neve_meta_disable_header":"","neve_meta_disable_footer":"","neve_meta_disable_title":""},"product_brand":[],"product_cat":[8769],"product_tag":[6834],"class_list":{"0":"post-18785","1":"product","2":"type-product","3":"status-publish","4":"has-post-thumbnail","6":"product_cat-routers-redes-con-cable","7":"product_tag-erlite-3","9":"first","10":"instock","11":"taxable","12":"shipping-taxable","13":"purchasable","14":"product-type-simple"},"yoast_head":"<!-- This site is optimized with the Yoast SEO plugin v26.0 - https:\/\/yoast.com\/wordpress\/plugins\/seo\/ -->\n<title>Ubiquiti EdgeRouter Lite ERLite-3 3xGB Layer 3 - Aivlisoft Inform\u00e1tica<\/title>\n<meta name=\"robots\" content=\"index, follow, max-snippet:-1, max-image-preview:large, max-video-preview:-1\" \/>\n<link rel=\"canonical\" href=\"https:\/\/aivlisoft.net\/shop\/producto\/ubiquiti-edgerouter-lite-erlite-3-3xgb-layer-3\/\" \/>\n<meta property=\"og:locale\" content=\"es_ES\" \/>\n<meta property=\"og:type\" content=\"article\" \/>\n<meta property=\"og:title\" content=\"Ubiquiti EdgeRouter Lite ERLite-3 3xGB Layer 3 - Aivlisoft Inform\u00e1tica\" \/>\n<meta property=\"og:description\" content=\"EdgeRouter Lite es capaz de entregar 1 mill&oacute;n de paquetes por segundo en un dispositivo compacto, manejable y con un precio asequible. Desarrollado sobre el potente sistema operativo EdgeOS rico en funciones y que ofrece una interfaz gr&aacute;fica de usuario de &uacute;ltima generaci&oacute;n. De f&aacute;cil configuraci&oacute;n este dispositivo proporciona seguridad y gestiona todas las caracter&iacute;sticas&hellip;&nbsp;Ubiquiti EdgeRouter Lite ERLite-3 3xGB Layer 3\" \/>\n<meta property=\"og:url\" content=\"https:\/\/aivlisoft.net\/shop\/producto\/ubiquiti-edgerouter-lite-erlite-3-3xgb-layer-3\/\" \/>\n<meta property=\"og:site_name\" content=\"Aivlisoft Inform\u00e1tica\" \/>\n<meta property=\"article:modified_time\" content=\"2025-01-14T11:41:22+00:00\" \/>\n<meta property=\"og:image\" content=\"https:\/\/aivlisoft.net\/shop\/wp-content\/uploads\/2025\/01\/NROCAB0040_large.jpg\" \/>\n\t<meta property=\"og:image:width\" content=\"400\" \/>\n\t<meta property=\"og:image:height\" content=\"400\" \/>\n\t<meta property=\"og:image:type\" content=\"image\/jpeg\" \/>\n<meta name=\"twitter:card\" content=\"summary_large_image\" \/>\n<meta name=\"twitter:label1\" content=\"Tiempo de lectura\" \/>\n\t<meta name=\"twitter:data1\" content=\"2 minutos\" \/>\n<script type=\"application\/ld+json\" class=\"yoast-schema-graph\">{\"@context\":\"https:\/\/schema.org\",\"@graph\":[{\"@type\":\"WebPage\",\"@id\":\"https:\/\/aivlisoft.net\/shop\/producto\/ubiquiti-edgerouter-lite-erlite-3-3xgb-layer-3\/\",\"url\":\"https:\/\/aivlisoft.net\/shop\/producto\/ubiquiti-edgerouter-lite-erlite-3-3xgb-layer-3\/\",\"name\":\"Ubiquiti EdgeRouter Lite ERLite-3 3xGB Layer 3 - Aivlisoft Inform\u00e1tica\",\"isPartOf\":{\"@id\":\"https:\/\/aivlisoft.net\/shop\/#website\"},\"primaryImageOfPage\":{\"@id\":\"https:\/\/aivlisoft.net\/shop\/producto\/ubiquiti-edgerouter-lite-erlite-3-3xgb-layer-3\/#primaryimage\"},\"image\":{\"@id\":\"https:\/\/aivlisoft.net\/shop\/producto\/ubiquiti-edgerouter-lite-erlite-3-3xgb-layer-3\/#primaryimage\"},\"thumbnailUrl\":\"https:\/\/aivlisoft.net\/shop\/wp-content\/uploads\/2025\/01\/NROCAB0040_large.jpg\",\"datePublished\":\"2025-01-13T15:25:37+00:00\",\"dateModified\":\"2025-01-14T11:41:22+00:00\",\"breadcrumb\":{\"@id\":\"https:\/\/aivlisoft.net\/shop\/producto\/ubiquiti-edgerouter-lite-erlite-3-3xgb-layer-3\/#breadcrumb\"},\"inLanguage\":\"es\",\"potentialAction\":[{\"@type\":\"ReadAction\",\"target\":[\"https:\/\/aivlisoft.net\/shop\/producto\/ubiquiti-edgerouter-lite-erlite-3-3xgb-layer-3\/\"]}]},{\"@type\":\"ImageObject\",\"inLanguage\":\"es\",\"@id\":\"https:\/\/aivlisoft.net\/shop\/producto\/ubiquiti-edgerouter-lite-erlite-3-3xgb-layer-3\/#primaryimage\",\"url\":\"https:\/\/aivlisoft.net\/shop\/wp-content\/uploads\/2025\/01\/NROCAB0040_large.jpg\",\"contentUrl\":\"https:\/\/aivlisoft.net\/shop\/wp-content\/uploads\/2025\/01\/NROCAB0040_large.jpg\",\"width\":400,\"height\":400},{\"@type\":\"BreadcrumbList\",\"@id\":\"https:\/\/aivlisoft.net\/shop\/producto\/ubiquiti-edgerouter-lite-erlite-3-3xgb-layer-3\/#breadcrumb\",\"itemListElement\":[{\"@type\":\"ListItem\",\"position\":1,\"name\":\"Portada\",\"item\":\"https:\/\/aivlisoft.net\/shop\/\"},{\"@type\":\"ListItem\",\"position\":2,\"name\":\"Tienda\",\"item\":\"https:\/\/aivlisoft.net\/shop\/tienda\/\"},{\"@type\":\"ListItem\",\"position\":3,\"name\":\"Ubiquiti EdgeRouter Lite ERLite-3 3xGB Layer 3\"}]},{\"@type\":\"WebSite\",\"@id\":\"https:\/\/aivlisoft.net\/shop\/#website\",\"url\":\"https:\/\/aivlisoft.net\/shop\/\",\"name\":\"Aivlisoft Inform\u00e1tica\",\"description\":\"En Aivlisoft Inform\u00e1tica ofrecemos soluciones tecnol\u00f3gicas para empresas: venta de ordenadores, consumibles, perif\u00e9ricos y m\u00e1s. Calidad, atenci\u00f3n personalizada y los mejores precios para tu negocio.\",\"publisher\":{\"@id\":\"https:\/\/aivlisoft.net\/shop\/#organization\"},\"potentialAction\":[{\"@type\":\"SearchAction\",\"target\":{\"@type\":\"EntryPoint\",\"urlTemplate\":\"https:\/\/aivlisoft.net\/shop\/?s={search_term_string}\"},\"query-input\":{\"@type\":\"PropertyValueSpecification\",\"valueRequired\":true,\"valueName\":\"search_term_string\"}}],\"inLanguage\":\"es\"},{\"@type\":\"Organization\",\"@id\":\"https:\/\/aivlisoft.net\/shop\/#organization\",\"name\":\"Aivlisoft Inform\u00e1tica\",\"url\":\"https:\/\/aivlisoft.net\/shop\/\",\"logo\":{\"@type\":\"ImageObject\",\"inLanguage\":\"es\",\"@id\":\"https:\/\/aivlisoft.net\/shop\/#\/schema\/logo\/image\/\",\"url\":\"https:\/\/aivlisoft.net\/shop\/wp-content\/uploads\/2024\/12\/removal.ai_5b848c54-0cdf-4140-95c5-c5536bb7573b-logodef.png\",\"contentUrl\":\"https:\/\/aivlisoft.net\/shop\/wp-content\/uploads\/2024\/12\/removal.ai_5b848c54-0cdf-4140-95c5-c5536bb7573b-logodef.png\",\"width\":484,\"height\":182,\"caption\":\"Aivlisoft Inform\u00e1tica\"},\"image\":{\"@id\":\"https:\/\/aivlisoft.net\/shop\/#\/schema\/logo\/image\/\"}}]}<\/script>\n<!-- \/ Yoast SEO plugin. -->","yoast_head_json":{"title":"Ubiquiti EdgeRouter Lite ERLite-3 3xGB Layer 3 - Aivlisoft Inform\u00e1tica","robots":{"index":"index","follow":"follow","max-snippet":"max-snippet:-1","max-image-preview":"max-image-preview:large","max-video-preview":"max-video-preview:-1"},"canonical":"https:\/\/aivlisoft.net\/shop\/producto\/ubiquiti-edgerouter-lite-erlite-3-3xgb-layer-3\/","og_locale":"es_ES","og_type":"article","og_title":"Ubiquiti EdgeRouter Lite ERLite-3 3xGB Layer 3 - Aivlisoft Inform\u00e1tica","og_description":"EdgeRouter Lite es capaz de entregar 1 mill&oacute;n de paquetes por segundo en un dispositivo compacto, manejable y con un precio asequible. Desarrollado sobre el potente sistema operativo EdgeOS rico en funciones y que ofrece una interfaz gr&aacute;fica de usuario de &uacute;ltima generaci&oacute;n. De f&aacute;cil configuraci&oacute;n este dispositivo proporciona seguridad y gestiona todas las caracter&iacute;sticas&hellip;&nbsp;Ubiquiti EdgeRouter Lite ERLite-3 3xGB Layer 3","og_url":"https:\/\/aivlisoft.net\/shop\/producto\/ubiquiti-edgerouter-lite-erlite-3-3xgb-layer-3\/","og_site_name":"Aivlisoft Inform\u00e1tica","article_modified_time":"2025-01-14T11:41:22+00:00","og_image":[{"width":400,"height":400,"url":"https:\/\/aivlisoft.net\/shop\/wp-content\/uploads\/2025\/01\/NROCAB0040_large.jpg","type":"image\/jpeg"}],"twitter_card":"summary_large_image","twitter_misc":{"Tiempo de lectura":"2 minutos"},"schema":{"@context":"https:\/\/schema.org","@graph":[{"@type":"WebPage","@id":"https:\/\/aivlisoft.net\/shop\/producto\/ubiquiti-edgerouter-lite-erlite-3-3xgb-layer-3\/","url":"https:\/\/aivlisoft.net\/shop\/producto\/ubiquiti-edgerouter-lite-erlite-3-3xgb-layer-3\/","name":"Ubiquiti EdgeRouter Lite ERLite-3 3xGB Layer 3 - Aivlisoft Inform\u00e1tica","isPartOf":{"@id":"https:\/\/aivlisoft.net\/shop\/#website"},"primaryImageOfPage":{"@id":"https:\/\/aivlisoft.net\/shop\/producto\/ubiquiti-edgerouter-lite-erlite-3-3xgb-layer-3\/#primaryimage"},"image":{"@id":"https:\/\/aivlisoft.net\/shop\/producto\/ubiquiti-edgerouter-lite-erlite-3-3xgb-layer-3\/#primaryimage"},"thumbnailUrl":"https:\/\/aivlisoft.net\/shop\/wp-content\/uploads\/2025\/01\/NROCAB0040_large.jpg","datePublished":"2025-01-13T15:25:37+00:00","dateModified":"2025-01-14T11:41:22+00:00","breadcrumb":{"@id":"https:\/\/aivlisoft.net\/shop\/producto\/ubiquiti-edgerouter-lite-erlite-3-3xgb-layer-3\/#breadcrumb"},"inLanguage":"es","potentialAction":[{"@type":"ReadAction","target":["https:\/\/aivlisoft.net\/shop\/producto\/ubiquiti-edgerouter-lite-erlite-3-3xgb-layer-3\/"]}]},{"@type":"ImageObject","inLanguage":"es","@id":"https:\/\/aivlisoft.net\/shop\/producto\/ubiquiti-edgerouter-lite-erlite-3-3xgb-layer-3\/#primaryimage","url":"https:\/\/aivlisoft.net\/shop\/wp-content\/uploads\/2025\/01\/NROCAB0040_large.jpg","contentUrl":"https:\/\/aivlisoft.net\/shop\/wp-content\/uploads\/2025\/01\/NROCAB0040_large.jpg","width":400,"height":400},{"@type":"BreadcrumbList","@id":"https:\/\/aivlisoft.net\/shop\/producto\/ubiquiti-edgerouter-lite-erlite-3-3xgb-layer-3\/#breadcrumb","itemListElement":[{"@type":"ListItem","position":1,"name":"Portada","item":"https:\/\/aivlisoft.net\/shop\/"},{"@type":"ListItem","position":2,"name":"Tienda","item":"https:\/\/aivlisoft.net\/shop\/tienda\/"},{"@type":"ListItem","position":3,"name":"Ubiquiti EdgeRouter Lite ERLite-3 3xGB Layer 3"}]},{"@type":"WebSite","@id":"https:\/\/aivlisoft.net\/shop\/#website","url":"https:\/\/aivlisoft.net\/shop\/","name":"Aivlisoft Inform\u00e1tica","description":"En Aivlisoft Inform\u00e1tica ofrecemos soluciones tecnol\u00f3gicas para empresas: venta de ordenadores, consumibles, perif\u00e9ricos y m\u00e1s. Calidad, atenci\u00f3n personalizada y los mejores precios para tu negocio.","publisher":{"@id":"https:\/\/aivlisoft.net\/shop\/#organization"},"potentialAction":[{"@type":"SearchAction","target":{"@type":"EntryPoint","urlTemplate":"https:\/\/aivlisoft.net\/shop\/?s={search_term_string}"},"query-input":{"@type":"PropertyValueSpecification","valueRequired":true,"valueName":"search_term_string"}}],"inLanguage":"es"},{"@type":"Organization","@id":"https:\/\/aivlisoft.net\/shop\/#organization","name":"Aivlisoft Inform\u00e1tica","url":"https:\/\/aivlisoft.net\/shop\/","logo":{"@type":"ImageObject","inLanguage":"es","@id":"https:\/\/aivlisoft.net\/shop\/#\/schema\/logo\/image\/","url":"https:\/\/aivlisoft.net\/shop\/wp-content\/uploads\/2024\/12\/removal.ai_5b848c54-0cdf-4140-95c5-c5536bb7573b-logodef.png","contentUrl":"https:\/\/aivlisoft.net\/shop\/wp-content\/uploads\/2024\/12\/removal.ai_5b848c54-0cdf-4140-95c5-c5536bb7573b-logodef.png","width":484,"height":182,"caption":"Aivlisoft Inform\u00e1tica"},"image":{"@id":"https:\/\/aivlisoft.net\/shop\/#\/schema\/logo\/image\/"}}]}},"_links":{"self":[{"href":"https:\/\/aivlisoft.net\/shop\/wp-json\/wp\/v2\/product\/18785","targetHints":{"allow":["GET"]}}],"collection":[{"href":"https:\/\/aivlisoft.net\/shop\/wp-json\/wp\/v2\/product"}],"about":[{"href":"https:\/\/aivlisoft.net\/shop\/wp-json\/wp\/v2\/types\/product"}],"wp:featuredmedia":[{"embeddable":true,"href":"https:\/\/aivlisoft.net\/shop\/wp-json\/wp\/v2\/media\/18786"}],"wp:attachment":[{"href":"https:\/\/aivlisoft.net\/shop\/wp-json\/wp\/v2\/media?parent=18785"}],"wp:term":[{"taxonomy":"product_brand","embeddable":true,"href":"https:\/\/aivlisoft.net\/shop\/wp-json\/wp\/v2\/product_brand?post=18785"},{"taxonomy":"product_cat","embeddable":true,"href":"https:\/\/aivlisoft.net\/shop\/wp-json\/wp\/v2\/product_cat?post=18785"},{"taxonomy":"product_tag","embeddable":true,"href":"https:\/\/aivlisoft.net\/shop\/wp-json\/wp\/v2\/product_tag?post=18785"}],"curies":[{"name":"wp","href":"https:\/\/api.w.org\/{rel}","templated":true}]}}