{"id":18780,"date":"2025-01-13T15:25:35","date_gmt":"2025-01-13T15:25:35","guid":{"rendered":"https:\/\/aivlisoft.com\/?post_type=product&#038;p=18780"},"modified":"2025-01-14T11:41:19","modified_gmt":"2025-01-14T11:41:19","slug":"asus-dsl-ax82u-router-ax5400-wifi6-1xdsl-aimesh","status":"publish","type":"product","link":"https:\/\/aivlisoft.net\/shop\/producto\/asus-dsl-ax82u-router-ax5400-wifi6-1xdsl-aimesh\/","title":{"rendered":"Asus DSL-AX82U Router AX5400 WiFi6 1xDSL AiMesh"},"content":{"rendered":"<p><\/p>\n<table class=\"tabla_caracteristicas k-table\" width=\"100%\">\n<tr>\n<td valign=\"top\"><strong>Marca<\/strong><\/td>\n<td>Asus<\/td>\n<\/tr>\n<tr>\n<td valign=\"top\"><strong>Modelo<\/strong><\/td>\n<td>DSL-AX82U<br \/>\t\t\t<strong>(90IG05Q0-BM9100)<\/strong><\/td>\n<\/tr>\n<tr>\n<td valign=\"top\"><strong>Interfaz<\/strong><\/td>\n<td>&#8211; Puertos Ethernet LAN (RJ-45): 5<br \/>\t\t\t&#8211; Ranuras para tarjetas de memoria: No<br \/>\t\t\t&#8211; Cantidad de puertos tipo A USB 3.2 Gen 1 (3.1 Gen 1): 1<br \/>\t\t\t&#8211; Conector de entrada de CC<br \/>\t\t\t&#8211; RJ11 para xDSL: 1<\/td>\n<\/tr>\n<tr>\n<td valign=\"top\"><strong>Caracteristicas<\/strong><\/td>\n<td><strong>Seguridad<\/strong><br \/>\t\t\t&#8211; Algoritmos de seguridad: WPA-Enterprise, WPA2-PSK, WPA3-PSK, WPS<br \/>\t\t\t&#8211; Cortafuegos<br \/>\t\t\t&#8211; Seguridad del cortafuegos: SPI, DoS<br \/>\t\t\t&#8211; Acceso de invitado<br \/>\t\t\t&#8211; Control parental<br \/>\t\t\t&#8211; Filtrado<br \/>\t\t\t&#8211; Filtrado de URL<br \/>\t\t\t&#8211; Soporte DMZ<br \/>\t\t\t<strong>Caracter&iacute;sticas WAN<\/strong><br \/>\t\t\t&#8211; WAN Ethernet<br \/>\t\t\t&#8211; WAN DSL<br \/>\t\t\t&#8211; Tipo de conexi&oacute;n WAN: RJ-45, RJ11<br \/>\t\t\t<strong>Caracter&iacute;sticas de LAN inal&aacute;mbrico<\/strong><br \/>\t\t\t&#8211; Banda Wi-Fi: doble banda (2,4 GHz \/ 5 GHz)<br \/>\t\t\t&#8211; Est&aacute;ndar de Wi-Fi superior: Wi-Fi 6 (802.11ax)<br \/>\t\t\t&#8211; Velocidad de transferencia de datos WLAN (m&aacute;x.): 5400 Mbit \/ s<br \/>\t\t\t&#8211; Est&aacute;ndares de Wi-Fi: 802.11a, 802.11b, 802.11g, 802.11n, 802.11ac, 802.3, 802.3u, 802.11i, 802.11e, IPv4, IPv6, Wi-Fi 6 (802.11ax)<br \/>\t\t\t&#8211; Modulaci&oacute;n: 1024-QAM Mobile network<br \/>\t\t\t<strong>Antena<\/strong><br \/>\t\t\t&#8211; Tipo de antena: Externo<br \/>\t\t\t&#8211; Cantidad de antenas: 4<br \/>\t\t\t<strong>Funciones de gesti&oacute;n<\/strong><br \/>\t\t\t&#8211; Gesti&oacute;n basada en web<br \/>\t\t\t&#8211; Soporte de calidad de servicio (QoS)<br \/>\t\t\t&#8211; Bot&oacute;n de reinicio<br \/>\t\t\t&#8211; Bot&oacute;n pulsador WPS<br \/>\t\t\t<strong>Redes m&oacute;viles<\/strong><br \/>\t\t\t&#8211; 3G y 4G<br \/>\t\t\t<strong>Requisitos del sistema<\/strong><br \/>\t\t\t&#8211; Sistemas operativos Windows compatibles: Windows 10, Windows 7, Windows 8<br \/>\t\t\t&#8211; Sistemas operativos Mac compatibles: Mac OS X 10.6 Snow Leopard, Mac OS X 10.7 Lion, Mac OS X 10.8 Mountain Lion<br \/>\t\t\t<strong>Peso y dimensiones<\/strong><br \/>\t\t\t&#8211; Ancho: 275,5 mm<br \/>\t\t\t&#8211; Profundidad: 184,4 mm<br \/>\t\t\t&#8211; Altura: 165 mm<br \/>\t\t\t&#8211; Peso: 740 g<br \/>\t\t\t<strong>Incluye<\/strong><br \/>\t\t\t&#8211; Cables incluidos: LAN (RJ-45)<br \/>\t\t\t&#8211; Adaptador de CA incluido<br \/>\t\t\t&#8211; Gu&iacute;a de inicio r&aacute;pido<\/td>\n<\/tr>\n<tr>\n<td valign=\"top\"><strong>Fecha de revisi&oacute;n<\/strong><\/td>\n<td>13-04-2021 por MPM<\/td>\n<\/tr>\n<\/table>\n","protected":false},"excerpt":{"rendered":"<p>Marca Asus Modelo DSL-AX82U (90IG05Q0-BM9100) Interfaz &#8211; Puertos Ethernet LAN (RJ-45): 5 &#8211; Ranuras para tarjetas de memoria: No &#8211; Cantidad de puertos tipo A USB 3.2 Gen 1 (3.1 Gen 1): 1 &#8211; Conector de entrada de CC &#8211; RJ11 para xDSL: 1 Caracteristicas Seguridad &#8211; Algoritmos de seguridad: WPA-Enterprise, WPA2-PSK, WPA3-PSK, WPS &#8211;&hellip;&nbsp;<a href=\"https:\/\/aivlisoft.net\/shop\/producto\/asus-dsl-ax82u-router-ax5400-wifi6-1xdsl-aimesh\/\" rel=\"bookmark\"><span class=\"screen-reader-text\">Asus DSL-AX82U Router AX5400 WiFi6 1xDSL AiMesh<\/span><\/a><\/p>\n","protected":false},"featured_media":18781,"template":"","meta":{"neve_meta_sidebar":"","neve_meta_container":"","neve_meta_enable_content_width":"","neve_meta_content_width":0,"neve_meta_title_alignment":"","neve_meta_author_avatar":"","neve_post_elements_order":"","neve_meta_disable_header":"","neve_meta_disable_footer":"","neve_meta_disable_title":""},"product_brand":[],"product_cat":[8768],"product_tag":[6833],"class_list":{"0":"post-18780","1":"product","2":"type-product","3":"status-publish","4":"has-post-thumbnail","6":"product_cat-routers-adsl","7":"product_tag-90ig05q0-bm9100","9":"first","10":"instock","11":"taxable","12":"shipping-taxable","13":"purchasable","14":"product-type-simple"},"yoast_head":"<!-- This site is optimized with the Yoast SEO plugin v26.0 - https:\/\/yoast.com\/wordpress\/plugins\/seo\/ -->\n<title>Asus DSL-AX82U Router AX5400 WiFi6 1xDSL AiMesh - Aivlisoft Inform\u00e1tica<\/title>\n<meta name=\"robots\" content=\"index, follow, max-snippet:-1, max-image-preview:large, max-video-preview:-1\" \/>\n<link rel=\"canonical\" href=\"https:\/\/aivlisoft.net\/shop\/producto\/asus-dsl-ax82u-router-ax5400-wifi6-1xdsl-aimesh\/\" \/>\n<meta property=\"og:locale\" content=\"es_ES\" \/>\n<meta property=\"og:type\" content=\"article\" \/>\n<meta property=\"og:title\" content=\"Asus DSL-AX82U Router AX5400 WiFi6 1xDSL AiMesh - Aivlisoft Inform\u00e1tica\" \/>\n<meta property=\"og:description\" content=\"Marca Asus Modelo DSL-AX82U (90IG05Q0-BM9100) Interfaz &#8211; Puertos Ethernet LAN (RJ-45): 5 &#8211; Ranuras para tarjetas de memoria: No &#8211; Cantidad de puertos tipo A USB 3.2 Gen 1 (3.1 Gen 1): 1 &#8211; Conector de entrada de CC &#8211; RJ11 para xDSL: 1 Caracteristicas Seguridad &#8211; Algoritmos de seguridad: WPA-Enterprise, WPA2-PSK, WPA3-PSK, WPS &#8211;&hellip;&nbsp;Asus DSL-AX82U Router AX5400 WiFi6 1xDSL AiMesh\" \/>\n<meta property=\"og:url\" content=\"https:\/\/aivlisoft.net\/shop\/producto\/asus-dsl-ax82u-router-ax5400-wifi6-1xdsl-aimesh\/\" \/>\n<meta property=\"og:site_name\" content=\"Aivlisoft Inform\u00e1tica\" \/>\n<meta property=\"article:modified_time\" content=\"2025-01-14T11:41:19+00:00\" \/>\n<meta property=\"og:image\" content=\"https:\/\/aivlisoft.net\/shop\/wp-content\/uploads\/2025\/01\/NROADS0079_800.jpg\" \/>\n\t<meta property=\"og:image:width\" content=\"800\" \/>\n\t<meta property=\"og:image:height\" content=\"800\" \/>\n\t<meta property=\"og:image:type\" content=\"image\/jpeg\" \/>\n<meta name=\"twitter:card\" content=\"summary_large_image\" \/>\n<meta name=\"twitter:label1\" content=\"Tiempo de lectura\" \/>\n\t<meta name=\"twitter:data1\" content=\"1 minuto\" \/>\n<script type=\"application\/ld+json\" class=\"yoast-schema-graph\">{\"@context\":\"https:\/\/schema.org\",\"@graph\":[{\"@type\":\"WebPage\",\"@id\":\"https:\/\/aivlisoft.net\/shop\/producto\/asus-dsl-ax82u-router-ax5400-wifi6-1xdsl-aimesh\/\",\"url\":\"https:\/\/aivlisoft.net\/shop\/producto\/asus-dsl-ax82u-router-ax5400-wifi6-1xdsl-aimesh\/\",\"name\":\"Asus DSL-AX82U Router AX5400 WiFi6 1xDSL AiMesh - Aivlisoft Inform\u00e1tica\",\"isPartOf\":{\"@id\":\"https:\/\/aivlisoft.net\/shop\/#website\"},\"primaryImageOfPage\":{\"@id\":\"https:\/\/aivlisoft.net\/shop\/producto\/asus-dsl-ax82u-router-ax5400-wifi6-1xdsl-aimesh\/#primaryimage\"},\"image\":{\"@id\":\"https:\/\/aivlisoft.net\/shop\/producto\/asus-dsl-ax82u-router-ax5400-wifi6-1xdsl-aimesh\/#primaryimage\"},\"thumbnailUrl\":\"https:\/\/aivlisoft.net\/shop\/wp-content\/uploads\/2025\/01\/NROADS0079_800.jpg\",\"datePublished\":\"2025-01-13T15:25:35+00:00\",\"dateModified\":\"2025-01-14T11:41:19+00:00\",\"breadcrumb\":{\"@id\":\"https:\/\/aivlisoft.net\/shop\/producto\/asus-dsl-ax82u-router-ax5400-wifi6-1xdsl-aimesh\/#breadcrumb\"},\"inLanguage\":\"es\",\"potentialAction\":[{\"@type\":\"ReadAction\",\"target\":[\"https:\/\/aivlisoft.net\/shop\/producto\/asus-dsl-ax82u-router-ax5400-wifi6-1xdsl-aimesh\/\"]}]},{\"@type\":\"ImageObject\",\"inLanguage\":\"es\",\"@id\":\"https:\/\/aivlisoft.net\/shop\/producto\/asus-dsl-ax82u-router-ax5400-wifi6-1xdsl-aimesh\/#primaryimage\",\"url\":\"https:\/\/aivlisoft.net\/shop\/wp-content\/uploads\/2025\/01\/NROADS0079_800.jpg\",\"contentUrl\":\"https:\/\/aivlisoft.net\/shop\/wp-content\/uploads\/2025\/01\/NROADS0079_800.jpg\",\"width\":800,\"height\":800},{\"@type\":\"BreadcrumbList\",\"@id\":\"https:\/\/aivlisoft.net\/shop\/producto\/asus-dsl-ax82u-router-ax5400-wifi6-1xdsl-aimesh\/#breadcrumb\",\"itemListElement\":[{\"@type\":\"ListItem\",\"position\":1,\"name\":\"Portada\",\"item\":\"https:\/\/aivlisoft.net\/shop\/\"},{\"@type\":\"ListItem\",\"position\":2,\"name\":\"Tienda\",\"item\":\"https:\/\/aivlisoft.net\/shop\/tienda\/\"},{\"@type\":\"ListItem\",\"position\":3,\"name\":\"Asus DSL-AX82U Router AX5400 WiFi6 1xDSL AiMesh\"}]},{\"@type\":\"WebSite\",\"@id\":\"https:\/\/aivlisoft.net\/shop\/#website\",\"url\":\"https:\/\/aivlisoft.net\/shop\/\",\"name\":\"Aivlisoft Inform\u00e1tica\",\"description\":\"En Aivlisoft Inform\u00e1tica ofrecemos soluciones tecnol\u00f3gicas para empresas: venta de ordenadores, consumibles, perif\u00e9ricos y m\u00e1s. Calidad, atenci\u00f3n personalizada y los mejores precios para tu negocio.\",\"publisher\":{\"@id\":\"https:\/\/aivlisoft.net\/shop\/#organization\"},\"potentialAction\":[{\"@type\":\"SearchAction\",\"target\":{\"@type\":\"EntryPoint\",\"urlTemplate\":\"https:\/\/aivlisoft.net\/shop\/?s={search_term_string}\"},\"query-input\":{\"@type\":\"PropertyValueSpecification\",\"valueRequired\":true,\"valueName\":\"search_term_string\"}}],\"inLanguage\":\"es\"},{\"@type\":\"Organization\",\"@id\":\"https:\/\/aivlisoft.net\/shop\/#organization\",\"name\":\"Aivlisoft Inform\u00e1tica\",\"url\":\"https:\/\/aivlisoft.net\/shop\/\",\"logo\":{\"@type\":\"ImageObject\",\"inLanguage\":\"es\",\"@id\":\"https:\/\/aivlisoft.net\/shop\/#\/schema\/logo\/image\/\",\"url\":\"https:\/\/aivlisoft.net\/shop\/wp-content\/uploads\/2024\/12\/removal.ai_5b848c54-0cdf-4140-95c5-c5536bb7573b-logodef.png\",\"contentUrl\":\"https:\/\/aivlisoft.net\/shop\/wp-content\/uploads\/2024\/12\/removal.ai_5b848c54-0cdf-4140-95c5-c5536bb7573b-logodef.png\",\"width\":484,\"height\":182,\"caption\":\"Aivlisoft Inform\u00e1tica\"},\"image\":{\"@id\":\"https:\/\/aivlisoft.net\/shop\/#\/schema\/logo\/image\/\"}}]}<\/script>\n<!-- \/ Yoast SEO plugin. -->","yoast_head_json":{"title":"Asus DSL-AX82U Router AX5400 WiFi6 1xDSL AiMesh - Aivlisoft Inform\u00e1tica","robots":{"index":"index","follow":"follow","max-snippet":"max-snippet:-1","max-image-preview":"max-image-preview:large","max-video-preview":"max-video-preview:-1"},"canonical":"https:\/\/aivlisoft.net\/shop\/producto\/asus-dsl-ax82u-router-ax5400-wifi6-1xdsl-aimesh\/","og_locale":"es_ES","og_type":"article","og_title":"Asus DSL-AX82U Router AX5400 WiFi6 1xDSL AiMesh - Aivlisoft Inform\u00e1tica","og_description":"Marca Asus Modelo DSL-AX82U (90IG05Q0-BM9100) Interfaz &#8211; Puertos Ethernet LAN (RJ-45): 5 &#8211; Ranuras para tarjetas de memoria: No &#8211; Cantidad de puertos tipo A USB 3.2 Gen 1 (3.1 Gen 1): 1 &#8211; Conector de entrada de CC &#8211; RJ11 para xDSL: 1 Caracteristicas Seguridad &#8211; Algoritmos de seguridad: WPA-Enterprise, WPA2-PSK, WPA3-PSK, WPS &#8211;&hellip;&nbsp;Asus DSL-AX82U Router AX5400 WiFi6 1xDSL AiMesh","og_url":"https:\/\/aivlisoft.net\/shop\/producto\/asus-dsl-ax82u-router-ax5400-wifi6-1xdsl-aimesh\/","og_site_name":"Aivlisoft Inform\u00e1tica","article_modified_time":"2025-01-14T11:41:19+00:00","og_image":[{"width":800,"height":800,"url":"https:\/\/aivlisoft.net\/shop\/wp-content\/uploads\/2025\/01\/NROADS0079_800.jpg","type":"image\/jpeg"}],"twitter_card":"summary_large_image","twitter_misc":{"Tiempo de lectura":"1 minuto"},"schema":{"@context":"https:\/\/schema.org","@graph":[{"@type":"WebPage","@id":"https:\/\/aivlisoft.net\/shop\/producto\/asus-dsl-ax82u-router-ax5400-wifi6-1xdsl-aimesh\/","url":"https:\/\/aivlisoft.net\/shop\/producto\/asus-dsl-ax82u-router-ax5400-wifi6-1xdsl-aimesh\/","name":"Asus DSL-AX82U Router AX5400 WiFi6 1xDSL AiMesh - Aivlisoft Inform\u00e1tica","isPartOf":{"@id":"https:\/\/aivlisoft.net\/shop\/#website"},"primaryImageOfPage":{"@id":"https:\/\/aivlisoft.net\/shop\/producto\/asus-dsl-ax82u-router-ax5400-wifi6-1xdsl-aimesh\/#primaryimage"},"image":{"@id":"https:\/\/aivlisoft.net\/shop\/producto\/asus-dsl-ax82u-router-ax5400-wifi6-1xdsl-aimesh\/#primaryimage"},"thumbnailUrl":"https:\/\/aivlisoft.net\/shop\/wp-content\/uploads\/2025\/01\/NROADS0079_800.jpg","datePublished":"2025-01-13T15:25:35+00:00","dateModified":"2025-01-14T11:41:19+00:00","breadcrumb":{"@id":"https:\/\/aivlisoft.net\/shop\/producto\/asus-dsl-ax82u-router-ax5400-wifi6-1xdsl-aimesh\/#breadcrumb"},"inLanguage":"es","potentialAction":[{"@type":"ReadAction","target":["https:\/\/aivlisoft.net\/shop\/producto\/asus-dsl-ax82u-router-ax5400-wifi6-1xdsl-aimesh\/"]}]},{"@type":"ImageObject","inLanguage":"es","@id":"https:\/\/aivlisoft.net\/shop\/producto\/asus-dsl-ax82u-router-ax5400-wifi6-1xdsl-aimesh\/#primaryimage","url":"https:\/\/aivlisoft.net\/shop\/wp-content\/uploads\/2025\/01\/NROADS0079_800.jpg","contentUrl":"https:\/\/aivlisoft.net\/shop\/wp-content\/uploads\/2025\/01\/NROADS0079_800.jpg","width":800,"height":800},{"@type":"BreadcrumbList","@id":"https:\/\/aivlisoft.net\/shop\/producto\/asus-dsl-ax82u-router-ax5400-wifi6-1xdsl-aimesh\/#breadcrumb","itemListElement":[{"@type":"ListItem","position":1,"name":"Portada","item":"https:\/\/aivlisoft.net\/shop\/"},{"@type":"ListItem","position":2,"name":"Tienda","item":"https:\/\/aivlisoft.net\/shop\/tienda\/"},{"@type":"ListItem","position":3,"name":"Asus DSL-AX82U Router AX5400 WiFi6 1xDSL AiMesh"}]},{"@type":"WebSite","@id":"https:\/\/aivlisoft.net\/shop\/#website","url":"https:\/\/aivlisoft.net\/shop\/","name":"Aivlisoft Inform\u00e1tica","description":"En Aivlisoft Inform\u00e1tica ofrecemos soluciones tecnol\u00f3gicas para empresas: venta de ordenadores, consumibles, perif\u00e9ricos y m\u00e1s. Calidad, atenci\u00f3n personalizada y los mejores precios para tu negocio.","publisher":{"@id":"https:\/\/aivlisoft.net\/shop\/#organization"},"potentialAction":[{"@type":"SearchAction","target":{"@type":"EntryPoint","urlTemplate":"https:\/\/aivlisoft.net\/shop\/?s={search_term_string}"},"query-input":{"@type":"PropertyValueSpecification","valueRequired":true,"valueName":"search_term_string"}}],"inLanguage":"es"},{"@type":"Organization","@id":"https:\/\/aivlisoft.net\/shop\/#organization","name":"Aivlisoft Inform\u00e1tica","url":"https:\/\/aivlisoft.net\/shop\/","logo":{"@type":"ImageObject","inLanguage":"es","@id":"https:\/\/aivlisoft.net\/shop\/#\/schema\/logo\/image\/","url":"https:\/\/aivlisoft.net\/shop\/wp-content\/uploads\/2024\/12\/removal.ai_5b848c54-0cdf-4140-95c5-c5536bb7573b-logodef.png","contentUrl":"https:\/\/aivlisoft.net\/shop\/wp-content\/uploads\/2024\/12\/removal.ai_5b848c54-0cdf-4140-95c5-c5536bb7573b-logodef.png","width":484,"height":182,"caption":"Aivlisoft Inform\u00e1tica"},"image":{"@id":"https:\/\/aivlisoft.net\/shop\/#\/schema\/logo\/image\/"}}]}},"_links":{"self":[{"href":"https:\/\/aivlisoft.net\/shop\/wp-json\/wp\/v2\/product\/18780","targetHints":{"allow":["GET"]}}],"collection":[{"href":"https:\/\/aivlisoft.net\/shop\/wp-json\/wp\/v2\/product"}],"about":[{"href":"https:\/\/aivlisoft.net\/shop\/wp-json\/wp\/v2\/types\/product"}],"wp:featuredmedia":[{"embeddable":true,"href":"https:\/\/aivlisoft.net\/shop\/wp-json\/wp\/v2\/media\/18781"}],"wp:attachment":[{"href":"https:\/\/aivlisoft.net\/shop\/wp-json\/wp\/v2\/media?parent=18780"}],"wp:term":[{"taxonomy":"product_brand","embeddable":true,"href":"https:\/\/aivlisoft.net\/shop\/wp-json\/wp\/v2\/product_brand?post=18780"},{"taxonomy":"product_cat","embeddable":true,"href":"https:\/\/aivlisoft.net\/shop\/wp-json\/wp\/v2\/product_cat?post=18780"},{"taxonomy":"product_tag","embeddable":true,"href":"https:\/\/aivlisoft.net\/shop\/wp-json\/wp\/v2\/product_tag?post=18780"}],"curies":[{"name":"wp","href":"https:\/\/api.w.org\/{rel}","templated":true}]}}