{"id":18736,"date":"2025-01-13T15:25:00","date_gmt":"2025-01-13T15:25:00","guid":{"rendered":"https:\/\/aivlisoft.com\/?post_type=product&#038;p=18736"},"modified":"2025-01-14T20:08:23","modified_gmt":"2025-01-14T20:08:23","slug":"zyxel-usgflex100-v2-firewall-1xwan-4xlan1a-secur","status":"publish","type":"product","link":"https:\/\/aivlisoft.net\/shop\/producto\/zyxel-usgflex100-v2-firewall-1xwan-4xlan1a-secur\/","title":{"rendered":"Zyxel USGFlex100 v2 Firewall 1xWAN 4xLAN+1a Secur"},"content":{"rendered":"<p>&nbsp;<\/p>\n<table class=\"tabla_caracteristicas k-table\" width=\"100%\">\n<tr>\n<td><strong>Marca<\/strong><\/td>\n<td>Zyxel<\/td>\n<\/tr>\n<tr>\n<td><strong>Modelo<\/strong><\/td>\n<td><strong>USGFLEX100-EU0112F<\/strong><\/td>\n<\/tr>\n<tr>\n<td><strong>Hardware<\/strong><\/td>\n<td>&#8211; Puertos RJ-45 de 10\/100\/1000 Mbps: 4 x LAN\/DMZ, 1 x WAN<br \/>\t\t\t&#8211; Puertos USB3.0: 1<br \/>\t\t\t&#8211; Puerto de consola: RJ45<br \/>\t\t\t&#8211; Sin ventilador<\/td>\n<\/tr>\n<tr>\n<td><strong>Gesti&oacute;n<\/strong><\/td>\n<td>&#8211; Antimalware<br \/>\t\t\t&#8211; IPS<br \/>\t\t\t&#8211; Patrulla de aplicaciones<br \/>\t\t\t&#8211; Seguridad del correo electr&oacute;nico<br \/>\t\t\t&#8211; Filtrado web<br \/>\t\t\t&#8211; Detecci&oacute;n y respuesta colaborativa<br \/>\t\t\t&#8211; Inspecci&oacute;n SSL (HTTPS)<br \/>\t\t\t&#8211; Autenticaci&oacute;n de 2 factores<br \/>\t\t\t&#8211; Informaci&oacute;n del dispositivo<br \/>\t\t\t&#8211; Sincronizaci&oacute;n de perfil de seguridad (SPS)<br \/>\t\t\t&#8211; VPN: IKEv2, IPSec, SSL, L2TP\/IPSec<br \/>\t\t\t&#8211; Microsoft Azure<br \/>\t\t\t&#8211; Amazon VPC<br \/>\t\t\t&#8211; N&uacute;mero predeterminado de AP administrado: 8<br \/>\t\t\t&#8211; Recomendar m&aacute;x. AP en 1 Grupo AP: 10<br \/>\t\t\t&#8211; Servicio WiFi seguro<br \/>\t\t\t&#8211; N&uacute;mero m&aacute;ximo de puntos de acceso en modo t&uacute;nel: 6<br \/>\t\t\t&#8211; No. M&aacute;ximo de AP Administrados: 24<br \/>\t\t\t&#8211; Modo administrado en la nube Nebula<br \/>\t\t\t&#8211; Inicios de sesi&oacute;n de dispositivos simult&aacute;neos (predeterminado\/m&aacute;x.)<\/td>\n<\/tr>\n<tr>\n<td><strong>Software<\/strong><\/td>\n<td>&#8211; Rendimiento del cortafuegos SPI (Mbps): 900<br \/>\t\t\t&#8211; Rendimiento VPN (Mbps): 270<br \/>\t\t\t&#8211; Rendimiento VPN IMIX (Mbps): 100<br \/>\t\t\t&#8211; Rendimiento IPS (Mbps): 540<br \/>\t\t\t&#8211; Rendimiento antimalware (Mbps): 360<br \/>\t\t\t&#8211; Rendimiento AV (Mbps): 360<br \/>\t\t\t&#8211; Rendimiento UTM (antimalware e IPS, Mbps): 360<br \/>\t\t\t&#8211; M&aacute;x. Sesiones simult&aacute;neas de TCP: 300.000<br \/>\t\t\t&#8211; T&uacute;neles IPsec VPN de puerta de enlace a puerta de enlace recomendados: 20<br \/>\t\t\t&#8211; M&aacute;x. t&uacute;neles VPN IPsec simult&aacute;neos: 40<br \/>\t\t\t&#8211; Usuarios de SSL VPN simult&aacute;neos: 30<br \/>\t\t\t&#8211; Interfaz VLAN: 8<\/td>\n<\/tr>\n<tr>\n<td><strong>Otras Caracter&iacute;sticas<\/strong><\/td>\n<td><strong>Alimentaci&oacute;n<\/strong><br \/>\t\t\t&#8211; Entrada de energ&iacute;a: 12V CC, 2A m&aacute;x.<br \/>\t\t\t&#8211; M&aacute;x. Consumo de energ&iacute;a (vatios m&aacute;x.): 12,5<br \/>\t\t\t&#8211; Disipaci&oacute;n de calor (BTU\/h): 42,65<br \/>\t\t\t<strong>Entorno<\/strong><br \/>\t\t\t&#8211; Temperatura de funcionamiento: 0&deg;C a 40&deg;C \/ 32&deg;F a 104&deg;F<br \/>\t\t\t&#8211; Humedad en funcionamiento: 10 % a 90 % (sin condensaci&oacute;n)<br \/>\t\t\t&#8211; Temperatura de almacenamiento: &#8211; 30&deg;C a 70&deg;C \/ &#8211; 22&deg;F a 158&deg;F<br \/>\t\t\t&#8211; Humedad de almacenamiento: 10% a 90% (sin condensaci&oacute;n)<br \/>\t\t\t&#8211; MTBF (h): 989810.8<br \/>\t\t\t<strong>Otros<\/strong><br \/>\t\t\t&#8211; Dimensiones (WxDxH)(mm\/in.): 216&#215;147.3&#215;33 \/ 8.50&#215;5.80&#215;1.30<br \/>\t\t\t&#8211; Peso (kg\/lb.): 0.85\/1.87<br \/>\t\t\t&#8211; Certificaciones:<br \/>\t\t\t&nbsp;&nbsp; EMC:<br \/>\t\t\t&nbsp; FCC Part 15 (Class B)<br \/>\t\t\t&nbsp; CE EMC (Class B)<br \/>\t\t\t&nbsp; BSMI<br \/>\t\t\t&nbsp; Safety: LVD (EN60950-1), BSMI<br \/>\t\t\t&#8211; Accesorios incluidos:<br \/>\t\t\t&nbsp; Adaptador de corriente<br \/>\t\t\t&nbsp; Cable RJ-45 &#8211; RS-232 para conexi&oacute;n a consola<\/td>\n<\/tr>\n<tr>\n<td><strong>Fecha de revisi&oacute;n<\/strong><\/td>\n<td>08-11-2022 por MPM<\/td>\n<\/tr>\n<\/table>\n","protected":false},"excerpt":{"rendered":"<p>&nbsp; Marca Zyxel Modelo USGFLEX100-EU0112F Hardware &#8211; Puertos RJ-45 de 10\/100\/1000 Mbps: 4 x LAN\/DMZ, 1 x WAN &#8211; Puertos USB3.0: 1 &#8211; Puerto de consola: RJ45 &#8211; Sin ventilador Gesti&oacute;n &#8211; Antimalware &#8211; IPS &#8211; Patrulla de aplicaciones &#8211; Seguridad del correo electr&oacute;nico &#8211; Filtrado web &#8211; Detecci&oacute;n y respuesta colaborativa &#8211; Inspecci&oacute;n SSL&hellip;&nbsp;<a href=\"https:\/\/aivlisoft.net\/shop\/producto\/zyxel-usgflex100-v2-firewall-1xwan-4xlan1a-secur\/\" rel=\"bookmark\"><span class=\"screen-reader-text\">Zyxel USGFlex100 v2 Firewall 1xWAN 4xLAN+1a Secur<\/span><\/a><\/p>\n","protected":false},"featured_media":18737,"template":"","meta":{"neve_meta_sidebar":"","neve_meta_container":"","neve_meta_enable_content_width":"","neve_meta_content_width":0,"neve_meta_title_alignment":"","neve_meta_author_avatar":"","neve_post_elements_order":"","neve_meta_disable_header":"","neve_meta_disable_footer":"","neve_meta_disable_title":""},"product_brand":[],"product_cat":[15,8769,6832],"product_tag":[6804],"class_list":{"0":"post-18736","1":"product","2":"type-product","3":"status-publish","4":"has-post-thumbnail","6":"product_cat-sin-categorizar","7":"product_cat-routers-redes-con-cable","8":"product_cat-routers-modems","9":"product_tag-usgflex100-eu0112f","11":"first","12":"instock","13":"taxable","14":"shipping-taxable","15":"purchasable","16":"product-type-simple"},"yoast_head":"<!-- This site is optimized with the Yoast SEO plugin v26.0 - https:\/\/yoast.com\/wordpress\/plugins\/seo\/ -->\n<title>Zyxel USGFlex100 v2 Firewall 1xWAN 4xLAN+1a Secur - Aivlisoft Inform\u00e1tica<\/title>\n<meta name=\"robots\" content=\"index, follow, max-snippet:-1, max-image-preview:large, max-video-preview:-1\" \/>\n<link rel=\"canonical\" href=\"https:\/\/aivlisoft.net\/shop\/producto\/zyxel-usgflex100-v2-firewall-1xwan-4xlan1a-secur\/\" \/>\n<meta property=\"og:locale\" content=\"es_ES\" \/>\n<meta property=\"og:type\" content=\"article\" \/>\n<meta property=\"og:title\" content=\"Zyxel USGFlex100 v2 Firewall 1xWAN 4xLAN+1a Secur - Aivlisoft Inform\u00e1tica\" \/>\n<meta property=\"og:description\" content=\"&nbsp; Marca Zyxel Modelo USGFLEX100-EU0112F Hardware &#8211; Puertos RJ-45 de 10\/100\/1000 Mbps: 4 x LAN\/DMZ, 1 x WAN &#8211; Puertos USB3.0: 1 &#8211; Puerto de consola: RJ45 &#8211; Sin ventilador Gesti&oacute;n &#8211; Antimalware &#8211; IPS &#8211; Patrulla de aplicaciones &#8211; Seguridad del correo electr&oacute;nico &#8211; Filtrado web &#8211; Detecci&oacute;n y respuesta colaborativa &#8211; Inspecci&oacute;n SSL&hellip;&nbsp;Zyxel USGFlex100 v2 Firewall 1xWAN 4xLAN+1a Secur\" \/>\n<meta property=\"og:url\" content=\"https:\/\/aivlisoft.net\/shop\/producto\/zyxel-usgflex100-v2-firewall-1xwan-4xlan1a-secur\/\" \/>\n<meta property=\"og:site_name\" content=\"Aivlisoft Inform\u00e1tica\" \/>\n<meta property=\"article:modified_time\" content=\"2025-01-14T20:08:23+00:00\" \/>\n<meta property=\"og:image\" content=\"https:\/\/aivlisoft.net\/shop\/wp-content\/uploads\/2025\/01\/NPPPHW0044_800.jpg\" \/>\n\t<meta property=\"og:image:width\" content=\"800\" \/>\n\t<meta property=\"og:image:height\" content=\"800\" \/>\n\t<meta property=\"og:image:type\" content=\"image\/jpeg\" \/>\n<meta name=\"twitter:card\" content=\"summary_large_image\" \/>\n<meta name=\"twitter:label1\" content=\"Tiempo de lectura\" \/>\n\t<meta name=\"twitter:data1\" content=\"2 minutos\" \/>\n<script type=\"application\/ld+json\" class=\"yoast-schema-graph\">{\"@context\":\"https:\/\/schema.org\",\"@graph\":[{\"@type\":\"WebPage\",\"@id\":\"https:\/\/aivlisoft.net\/shop\/producto\/zyxel-usgflex100-v2-firewall-1xwan-4xlan1a-secur\/\",\"url\":\"https:\/\/aivlisoft.net\/shop\/producto\/zyxel-usgflex100-v2-firewall-1xwan-4xlan1a-secur\/\",\"name\":\"Zyxel USGFlex100 v2 Firewall 1xWAN 4xLAN+1a Secur - Aivlisoft Inform\u00e1tica\",\"isPartOf\":{\"@id\":\"https:\/\/aivlisoft.net\/shop\/#website\"},\"primaryImageOfPage\":{\"@id\":\"https:\/\/aivlisoft.net\/shop\/producto\/zyxel-usgflex100-v2-firewall-1xwan-4xlan1a-secur\/#primaryimage\"},\"image\":{\"@id\":\"https:\/\/aivlisoft.net\/shop\/producto\/zyxel-usgflex100-v2-firewall-1xwan-4xlan1a-secur\/#primaryimage\"},\"thumbnailUrl\":\"https:\/\/aivlisoft.net\/shop\/wp-content\/uploads\/2025\/01\/NPPPHW0044_800.jpg\",\"datePublished\":\"2025-01-13T15:25:00+00:00\",\"dateModified\":\"2025-01-14T20:08:23+00:00\",\"breadcrumb\":{\"@id\":\"https:\/\/aivlisoft.net\/shop\/producto\/zyxel-usgflex100-v2-firewall-1xwan-4xlan1a-secur\/#breadcrumb\"},\"inLanguage\":\"es\",\"potentialAction\":[{\"@type\":\"ReadAction\",\"target\":[\"https:\/\/aivlisoft.net\/shop\/producto\/zyxel-usgflex100-v2-firewall-1xwan-4xlan1a-secur\/\"]}]},{\"@type\":\"ImageObject\",\"inLanguage\":\"es\",\"@id\":\"https:\/\/aivlisoft.net\/shop\/producto\/zyxel-usgflex100-v2-firewall-1xwan-4xlan1a-secur\/#primaryimage\",\"url\":\"https:\/\/aivlisoft.net\/shop\/wp-content\/uploads\/2025\/01\/NPPPHW0044_800.jpg\",\"contentUrl\":\"https:\/\/aivlisoft.net\/shop\/wp-content\/uploads\/2025\/01\/NPPPHW0044_800.jpg\",\"width\":800,\"height\":800},{\"@type\":\"BreadcrumbList\",\"@id\":\"https:\/\/aivlisoft.net\/shop\/producto\/zyxel-usgflex100-v2-firewall-1xwan-4xlan1a-secur\/#breadcrumb\",\"itemListElement\":[{\"@type\":\"ListItem\",\"position\":1,\"name\":\"Portada\",\"item\":\"https:\/\/aivlisoft.net\/shop\/\"},{\"@type\":\"ListItem\",\"position\":2,\"name\":\"Tienda\",\"item\":\"https:\/\/aivlisoft.net\/shop\/tienda\/\"},{\"@type\":\"ListItem\",\"position\":3,\"name\":\"Zyxel USGFlex100 v2 Firewall 1xWAN 4xLAN+1a Secur\"}]},{\"@type\":\"WebSite\",\"@id\":\"https:\/\/aivlisoft.net\/shop\/#website\",\"url\":\"https:\/\/aivlisoft.net\/shop\/\",\"name\":\"Aivlisoft Inform\u00e1tica\",\"description\":\"En Aivlisoft Inform\u00e1tica ofrecemos soluciones tecnol\u00f3gicas para empresas: venta de ordenadores, consumibles, perif\u00e9ricos y m\u00e1s. Calidad, atenci\u00f3n personalizada y los mejores precios para tu negocio.\",\"publisher\":{\"@id\":\"https:\/\/aivlisoft.net\/shop\/#organization\"},\"potentialAction\":[{\"@type\":\"SearchAction\",\"target\":{\"@type\":\"EntryPoint\",\"urlTemplate\":\"https:\/\/aivlisoft.net\/shop\/?s={search_term_string}\"},\"query-input\":{\"@type\":\"PropertyValueSpecification\",\"valueRequired\":true,\"valueName\":\"search_term_string\"}}],\"inLanguage\":\"es\"},{\"@type\":\"Organization\",\"@id\":\"https:\/\/aivlisoft.net\/shop\/#organization\",\"name\":\"Aivlisoft Inform\u00e1tica\",\"url\":\"https:\/\/aivlisoft.net\/shop\/\",\"logo\":{\"@type\":\"ImageObject\",\"inLanguage\":\"es\",\"@id\":\"https:\/\/aivlisoft.net\/shop\/#\/schema\/logo\/image\/\",\"url\":\"https:\/\/aivlisoft.net\/shop\/wp-content\/uploads\/2024\/12\/removal.ai_5b848c54-0cdf-4140-95c5-c5536bb7573b-logodef.png\",\"contentUrl\":\"https:\/\/aivlisoft.net\/shop\/wp-content\/uploads\/2024\/12\/removal.ai_5b848c54-0cdf-4140-95c5-c5536bb7573b-logodef.png\",\"width\":484,\"height\":182,\"caption\":\"Aivlisoft Inform\u00e1tica\"},\"image\":{\"@id\":\"https:\/\/aivlisoft.net\/shop\/#\/schema\/logo\/image\/\"}}]}<\/script>\n<!-- \/ Yoast SEO plugin. -->","yoast_head_json":{"title":"Zyxel USGFlex100 v2 Firewall 1xWAN 4xLAN+1a Secur - Aivlisoft Inform\u00e1tica","robots":{"index":"index","follow":"follow","max-snippet":"max-snippet:-1","max-image-preview":"max-image-preview:large","max-video-preview":"max-video-preview:-1"},"canonical":"https:\/\/aivlisoft.net\/shop\/producto\/zyxel-usgflex100-v2-firewall-1xwan-4xlan1a-secur\/","og_locale":"es_ES","og_type":"article","og_title":"Zyxel USGFlex100 v2 Firewall 1xWAN 4xLAN+1a Secur - Aivlisoft Inform\u00e1tica","og_description":"&nbsp; Marca Zyxel Modelo USGFLEX100-EU0112F Hardware &#8211; Puertos RJ-45 de 10\/100\/1000 Mbps: 4 x LAN\/DMZ, 1 x WAN &#8211; Puertos USB3.0: 1 &#8211; Puerto de consola: RJ45 &#8211; Sin ventilador Gesti&oacute;n &#8211; Antimalware &#8211; IPS &#8211; Patrulla de aplicaciones &#8211; Seguridad del correo electr&oacute;nico &#8211; Filtrado web &#8211; Detecci&oacute;n y respuesta colaborativa &#8211; Inspecci&oacute;n SSL&hellip;&nbsp;Zyxel USGFlex100 v2 Firewall 1xWAN 4xLAN+1a Secur","og_url":"https:\/\/aivlisoft.net\/shop\/producto\/zyxel-usgflex100-v2-firewall-1xwan-4xlan1a-secur\/","og_site_name":"Aivlisoft Inform\u00e1tica","article_modified_time":"2025-01-14T20:08:23+00:00","og_image":[{"width":800,"height":800,"url":"https:\/\/aivlisoft.net\/shop\/wp-content\/uploads\/2025\/01\/NPPPHW0044_800.jpg","type":"image\/jpeg"}],"twitter_card":"summary_large_image","twitter_misc":{"Tiempo de lectura":"2 minutos"},"schema":{"@context":"https:\/\/schema.org","@graph":[{"@type":"WebPage","@id":"https:\/\/aivlisoft.net\/shop\/producto\/zyxel-usgflex100-v2-firewall-1xwan-4xlan1a-secur\/","url":"https:\/\/aivlisoft.net\/shop\/producto\/zyxel-usgflex100-v2-firewall-1xwan-4xlan1a-secur\/","name":"Zyxel USGFlex100 v2 Firewall 1xWAN 4xLAN+1a Secur - Aivlisoft Inform\u00e1tica","isPartOf":{"@id":"https:\/\/aivlisoft.net\/shop\/#website"},"primaryImageOfPage":{"@id":"https:\/\/aivlisoft.net\/shop\/producto\/zyxel-usgflex100-v2-firewall-1xwan-4xlan1a-secur\/#primaryimage"},"image":{"@id":"https:\/\/aivlisoft.net\/shop\/producto\/zyxel-usgflex100-v2-firewall-1xwan-4xlan1a-secur\/#primaryimage"},"thumbnailUrl":"https:\/\/aivlisoft.net\/shop\/wp-content\/uploads\/2025\/01\/NPPPHW0044_800.jpg","datePublished":"2025-01-13T15:25:00+00:00","dateModified":"2025-01-14T20:08:23+00:00","breadcrumb":{"@id":"https:\/\/aivlisoft.net\/shop\/producto\/zyxel-usgflex100-v2-firewall-1xwan-4xlan1a-secur\/#breadcrumb"},"inLanguage":"es","potentialAction":[{"@type":"ReadAction","target":["https:\/\/aivlisoft.net\/shop\/producto\/zyxel-usgflex100-v2-firewall-1xwan-4xlan1a-secur\/"]}]},{"@type":"ImageObject","inLanguage":"es","@id":"https:\/\/aivlisoft.net\/shop\/producto\/zyxel-usgflex100-v2-firewall-1xwan-4xlan1a-secur\/#primaryimage","url":"https:\/\/aivlisoft.net\/shop\/wp-content\/uploads\/2025\/01\/NPPPHW0044_800.jpg","contentUrl":"https:\/\/aivlisoft.net\/shop\/wp-content\/uploads\/2025\/01\/NPPPHW0044_800.jpg","width":800,"height":800},{"@type":"BreadcrumbList","@id":"https:\/\/aivlisoft.net\/shop\/producto\/zyxel-usgflex100-v2-firewall-1xwan-4xlan1a-secur\/#breadcrumb","itemListElement":[{"@type":"ListItem","position":1,"name":"Portada","item":"https:\/\/aivlisoft.net\/shop\/"},{"@type":"ListItem","position":2,"name":"Tienda","item":"https:\/\/aivlisoft.net\/shop\/tienda\/"},{"@type":"ListItem","position":3,"name":"Zyxel USGFlex100 v2 Firewall 1xWAN 4xLAN+1a Secur"}]},{"@type":"WebSite","@id":"https:\/\/aivlisoft.net\/shop\/#website","url":"https:\/\/aivlisoft.net\/shop\/","name":"Aivlisoft Inform\u00e1tica","description":"En Aivlisoft Inform\u00e1tica ofrecemos soluciones tecnol\u00f3gicas para empresas: venta de ordenadores, consumibles, perif\u00e9ricos y m\u00e1s. Calidad, atenci\u00f3n personalizada y los mejores precios para tu negocio.","publisher":{"@id":"https:\/\/aivlisoft.net\/shop\/#organization"},"potentialAction":[{"@type":"SearchAction","target":{"@type":"EntryPoint","urlTemplate":"https:\/\/aivlisoft.net\/shop\/?s={search_term_string}"},"query-input":{"@type":"PropertyValueSpecification","valueRequired":true,"valueName":"search_term_string"}}],"inLanguage":"es"},{"@type":"Organization","@id":"https:\/\/aivlisoft.net\/shop\/#organization","name":"Aivlisoft Inform\u00e1tica","url":"https:\/\/aivlisoft.net\/shop\/","logo":{"@type":"ImageObject","inLanguage":"es","@id":"https:\/\/aivlisoft.net\/shop\/#\/schema\/logo\/image\/","url":"https:\/\/aivlisoft.net\/shop\/wp-content\/uploads\/2024\/12\/removal.ai_5b848c54-0cdf-4140-95c5-c5536bb7573b-logodef.png","contentUrl":"https:\/\/aivlisoft.net\/shop\/wp-content\/uploads\/2024\/12\/removal.ai_5b848c54-0cdf-4140-95c5-c5536bb7573b-logodef.png","width":484,"height":182,"caption":"Aivlisoft Inform\u00e1tica"},"image":{"@id":"https:\/\/aivlisoft.net\/shop\/#\/schema\/logo\/image\/"}}]}},"_links":{"self":[{"href":"https:\/\/aivlisoft.net\/shop\/wp-json\/wp\/v2\/product\/18736","targetHints":{"allow":["GET"]}}],"collection":[{"href":"https:\/\/aivlisoft.net\/shop\/wp-json\/wp\/v2\/product"}],"about":[{"href":"https:\/\/aivlisoft.net\/shop\/wp-json\/wp\/v2\/types\/product"}],"wp:featuredmedia":[{"embeddable":true,"href":"https:\/\/aivlisoft.net\/shop\/wp-json\/wp\/v2\/media\/18737"}],"wp:attachment":[{"href":"https:\/\/aivlisoft.net\/shop\/wp-json\/wp\/v2\/media?parent=18736"}],"wp:term":[{"taxonomy":"product_brand","embeddable":true,"href":"https:\/\/aivlisoft.net\/shop\/wp-json\/wp\/v2\/product_brand?post=18736"},{"taxonomy":"product_cat","embeddable":true,"href":"https:\/\/aivlisoft.net\/shop\/wp-json\/wp\/v2\/product_cat?post=18736"},{"taxonomy":"product_tag","embeddable":true,"href":"https:\/\/aivlisoft.net\/shop\/wp-json\/wp\/v2\/product_tag?post=18736"}],"curies":[{"name":"wp","href":"https:\/\/api.w.org\/{rel}","templated":true}]}}