{"id":18727,"date":"2025-01-13T15:24:56","date_gmt":"2025-01-13T15:24:56","guid":{"rendered":"https:\/\/aivlisoft.com\/?post_type=product&#038;p=18727"},"modified":"2025-01-14T20:08:24","modified_gmt":"2025-01-14T20:08:24","slug":"zyxel-usgflex700-firewal-12xconf2xsfp2usb1a-sec","status":"publish","type":"product","link":"https:\/\/aivlisoft.net\/shop\/producto\/zyxel-usgflex700-firewal-12xconf2xsfp2usb1a-sec\/","title":{"rendered":"Zyxel USGFlex700 Firewal 12xCONF+2xSFP+2USB+1a Sec"},"content":{"rendered":"<p>&nbsp;<\/p>\n<table class=\"tabla_caracteristicas k-table\" width=\"100%\">\n<tr>\n<td><strong>Marca<\/strong><\/td>\n<td>Zyxel<\/td>\n<\/tr>\n<tr>\n<td><strong>Modelo<\/strong><\/td>\n<td><strong>USGFLEX700-EU0102F<\/strong><\/td>\n<\/tr>\n<tr>\n<td><strong>Interfaces<\/strong><\/td>\n<td>&#8211; Puertos RJ-45 de 10\/100\/1000 Mbps: 12 (Configurable), 2 x SFP (Configurable)<br \/>\t\t\t&#8211; Puertos USB 3.0: 2<br \/>\t\t\t&#8211; Puerto de consola: DB9<br \/>\t\t\t&#8211; Montable en rack<\/td>\n<\/tr>\n<tr>\n<td><strong>Caracter&iacute;sticas<\/strong><\/td>\n<td><strong>Capacidad y rendimiento del sistema<\/strong><br \/>\t\t\t&#8211; Rendimiento del firewall SPI (Mbps): 5400<br \/>\t\t\t&#8211; Rendimiento de VPN (Mbps): 1110<br \/>\t\t\t&#8211; Rendimiento de VPN IMIX (Mbps): 550<br \/>\t\t\t&#8211; Rendimiento IPS (Mbps): 2000<br \/>\t\t\t&#8211; Rendimiento de Anti-Malware (Mbps): 1450<br \/>\t\t\t&#8211; Rendimiento AV (Mbps): 1450<br \/>\t\t\t&#8211; Rendimiento UTM (Anti-malware e IPS, Mbps): 1350<br \/>\t\t\t&#8211; Max. Sesiones simult&aacute;neas de TCP: 1600000<br \/>\t\t\t&#8211; T&uacute;neles VPN IPsec de puerta de enlace a puerta de enlace recomendados: 250<br \/>\t\t\t&#8211; Max. t&uacute;neles VPN IPsec concurrentes: 500<br \/>\t\t\t&#8211; Usuarios de VPN SSL concurrentes: 150<br \/>\t\t\t&#8211; Interfaz VLAN: 128<br \/>\t\t\t&#8211; Inicios de sesi&oacute;n de dispositivos simult&aacute;neos (predet \/m&aacute;x.): 500\/800<br \/>\t\t\t<strong>Caracter&iacute;sticas de seguridad<\/strong><br \/>\t\t\t&#8211; Anti-malware<br \/>\t\t\t&#8211; IPS<br \/>\t\t\t&#8211; Patrulla de aplicaciones<br \/>\t\t\t&#8211; Seguridad del correo electr&oacute;nico<br \/>\t\t\t&#8211; Filtrado web (CF)<br \/>\t\t\t&#8211; SecuReporter Premium<br \/>\t\t\t&#8211; Detecci&oacute;n y respuesta colaborativas<br \/>\t\t\t&#8211; Inspecci&oacute;n SSL (HTTPS)<br \/>\t\t\t&#8211; Autenticaci&oacute;n de 2 factores<br \/>\t\t\t<strong>Caracter&iacute;sticas VPN<\/strong><br \/>\t\t\t&#8211; VPN: IKEv2, IPSec, SSL, L2TP \/ IPSec<br \/>\t\t\t&#8211; Microsoft Azure<br \/>\t\t\t&#8211; Amazon VPC<br \/>\t\t\t<strong>Gesti&oacute;n WLAN<\/strong><br \/>\t\t\t&#8211; N&uacute;mero predeterminado de AP administrado: 8<br \/>\t\t\t&#8211; Recomendar m&aacute;x. AP en 1 Grupo AP: 200<br \/>\t\t\t&#8211; Servicio WiFi seguro<br \/>\t\t\t&#8211; N&uacute;mero m&aacute;ximo de AP en modo t&uacute;nel: 66<br \/>\t\t\t&#8211; N&uacute;mero m&aacute;ximo de AP gestionados: 264<br \/>\t\t\t<strong>Gesti&oacute;n de la conectividad<\/strong><br \/>\t\t\t&#8211; Modo administrado por la nube (Nebula)<br \/>\t\t\t&#8211; Gesti&oacute;n de puntos de acceso<br \/>\t\t\t&#8211; Soporte para impresora de tickets \/ Cantidad de soporte (m&aacute;x.): S&iacute; (SP350E) \/ 10<br \/>\t\t\t&#8211; Dispositivo HA Pro<br \/>\t\t\t<strong>Requerimientos de energ&iacute;a<\/strong><br \/>\t\t\t&#8211; Alimentaci&oacute;n: 100-240V AC, 50\/60Hz, 2.5A max.<br \/>\t\t\t&#8211; Consumo m&aacute;x: 46 W<br \/>\t\t\t&#8211; Disipaci&oacute;n de calor (BTU \/ h): 120.1<br \/>\t\t\t<strong>Especificaciones f&iacute;sicas<\/strong><br \/>\t\t\t&#8211; Dimensiones (AnxPxAl): 430 x 250 x 44 mm<br \/>\t\t\t&#8211; Peso: 3.3 kg<br \/>\t\t\t<strong>Accesorios incluidos<\/strong><br \/>\t\t\t&#8211; Kit de montaje en rack<br \/>\t\t\t&#8211; Cable de alimentac&oacute;n<br \/>\t\t\t<strong>Certificaciones<\/strong><br \/>\t\t\t&#8211; FCC Part 15 (Class B), CE EMC (Class B), C-Tick (Class B), BSMI<\/td>\n<\/tr>\n<tr>\n<td><strong>Fecha de revisi&oacute;n<\/strong><\/td>\n<td>30-06-2021 por MSB<\/td>\n<\/tr>\n<\/table>\n","protected":false},"excerpt":{"rendered":"<p>&nbsp; Marca Zyxel Modelo USGFLEX700-EU0102F Interfaces &#8211; Puertos RJ-45 de 10\/100\/1000 Mbps: 12 (Configurable), 2 x SFP (Configurable) &#8211; Puertos USB 3.0: 2 &#8211; Puerto de consola: DB9 &#8211; Montable en rack Caracter&iacute;sticas Capacidad y rendimiento del sistema &#8211; Rendimiento del firewall SPI (Mbps): 5400 &#8211; Rendimiento de VPN (Mbps): 1110 &#8211; Rendimiento de VPN&hellip;&nbsp;<a href=\"https:\/\/aivlisoft.net\/shop\/producto\/zyxel-usgflex700-firewal-12xconf2xsfp2usb1a-sec\/\" rel=\"bookmark\"><span class=\"screen-reader-text\">Zyxel USGFlex700 Firewal 12xCONF+2xSFP+2USB+1a Sec<\/span><\/a><\/p>\n","protected":false},"featured_media":18728,"template":"","meta":{"neve_meta_sidebar":"","neve_meta_container":"","neve_meta_enable_content_width":"","neve_meta_content_width":0,"neve_meta_title_alignment":"","neve_meta_author_avatar":"","neve_post_elements_order":"","neve_meta_disable_header":"","neve_meta_disable_footer":"","neve_meta_disable_title":""},"product_brand":[],"product_cat":[15,8769,6832],"product_tag":[6802],"class_list":{"0":"post-18727","1":"product","2":"type-product","3":"status-publish","4":"has-post-thumbnail","6":"product_cat-sin-categorizar","7":"product_cat-routers-redes-con-cable","8":"product_cat-routers-modems","9":"product_tag-usgflex700-eu0102f","11":"first","12":"instock","13":"taxable","14":"shipping-taxable","15":"purchasable","16":"product-type-simple"},"yoast_head":"<!-- This site is optimized with the Yoast SEO plugin v26.0 - https:\/\/yoast.com\/wordpress\/plugins\/seo\/ -->\n<title>Zyxel USGFlex700 Firewal 12xCONF+2xSFP+2USB+1a Sec - Aivlisoft Inform\u00e1tica<\/title>\n<meta name=\"robots\" content=\"index, follow, max-snippet:-1, max-image-preview:large, max-video-preview:-1\" \/>\n<link rel=\"canonical\" href=\"https:\/\/aivlisoft.net\/shop\/producto\/zyxel-usgflex700-firewal-12xconf2xsfp2usb1a-sec\/\" \/>\n<meta property=\"og:locale\" content=\"es_ES\" \/>\n<meta property=\"og:type\" content=\"article\" \/>\n<meta property=\"og:title\" content=\"Zyxel USGFlex700 Firewal 12xCONF+2xSFP+2USB+1a Sec - Aivlisoft Inform\u00e1tica\" \/>\n<meta property=\"og:description\" content=\"&nbsp; Marca Zyxel Modelo USGFLEX700-EU0102F Interfaces &#8211; Puertos RJ-45 de 10\/100\/1000 Mbps: 12 (Configurable), 2 x SFP (Configurable) &#8211; Puertos USB 3.0: 2 &#8211; Puerto de consola: DB9 &#8211; Montable en rack Caracter&iacute;sticas Capacidad y rendimiento del sistema &#8211; Rendimiento del firewall SPI (Mbps): 5400 &#8211; Rendimiento de VPN (Mbps): 1110 &#8211; Rendimiento de VPN&hellip;&nbsp;Zyxel USGFlex700 Firewal 12xCONF+2xSFP+2USB+1a Sec\" \/>\n<meta property=\"og:url\" content=\"https:\/\/aivlisoft.net\/shop\/producto\/zyxel-usgflex700-firewal-12xconf2xsfp2usb1a-sec\/\" \/>\n<meta property=\"og:site_name\" content=\"Aivlisoft Inform\u00e1tica\" \/>\n<meta property=\"article:modified_time\" content=\"2025-01-14T20:08:24+00:00\" \/>\n<meta property=\"og:image\" content=\"https:\/\/aivlisoft.net\/shop\/wp-content\/uploads\/2025\/01\/NPPPHW0042_800.jpg\" \/>\n\t<meta property=\"og:image:width\" content=\"800\" \/>\n\t<meta property=\"og:image:height\" content=\"800\" \/>\n\t<meta property=\"og:image:type\" content=\"image\/jpeg\" \/>\n<meta name=\"twitter:card\" content=\"summary_large_image\" \/>\n<meta name=\"twitter:label1\" content=\"Tiempo de lectura\" \/>\n\t<meta name=\"twitter:data1\" content=\"2 minutos\" \/>\n<script type=\"application\/ld+json\" class=\"yoast-schema-graph\">{\"@context\":\"https:\/\/schema.org\",\"@graph\":[{\"@type\":\"WebPage\",\"@id\":\"https:\/\/aivlisoft.net\/shop\/producto\/zyxel-usgflex700-firewal-12xconf2xsfp2usb1a-sec\/\",\"url\":\"https:\/\/aivlisoft.net\/shop\/producto\/zyxel-usgflex700-firewal-12xconf2xsfp2usb1a-sec\/\",\"name\":\"Zyxel USGFlex700 Firewal 12xCONF+2xSFP+2USB+1a Sec - Aivlisoft Inform\u00e1tica\",\"isPartOf\":{\"@id\":\"https:\/\/aivlisoft.net\/shop\/#website\"},\"primaryImageOfPage\":{\"@id\":\"https:\/\/aivlisoft.net\/shop\/producto\/zyxel-usgflex700-firewal-12xconf2xsfp2usb1a-sec\/#primaryimage\"},\"image\":{\"@id\":\"https:\/\/aivlisoft.net\/shop\/producto\/zyxel-usgflex700-firewal-12xconf2xsfp2usb1a-sec\/#primaryimage\"},\"thumbnailUrl\":\"https:\/\/aivlisoft.net\/shop\/wp-content\/uploads\/2025\/01\/NPPPHW0042_800.jpg\",\"datePublished\":\"2025-01-13T15:24:56+00:00\",\"dateModified\":\"2025-01-14T20:08:24+00:00\",\"breadcrumb\":{\"@id\":\"https:\/\/aivlisoft.net\/shop\/producto\/zyxel-usgflex700-firewal-12xconf2xsfp2usb1a-sec\/#breadcrumb\"},\"inLanguage\":\"es\",\"potentialAction\":[{\"@type\":\"ReadAction\",\"target\":[\"https:\/\/aivlisoft.net\/shop\/producto\/zyxel-usgflex700-firewal-12xconf2xsfp2usb1a-sec\/\"]}]},{\"@type\":\"ImageObject\",\"inLanguage\":\"es\",\"@id\":\"https:\/\/aivlisoft.net\/shop\/producto\/zyxel-usgflex700-firewal-12xconf2xsfp2usb1a-sec\/#primaryimage\",\"url\":\"https:\/\/aivlisoft.net\/shop\/wp-content\/uploads\/2025\/01\/NPPPHW0042_800.jpg\",\"contentUrl\":\"https:\/\/aivlisoft.net\/shop\/wp-content\/uploads\/2025\/01\/NPPPHW0042_800.jpg\",\"width\":800,\"height\":800},{\"@type\":\"BreadcrumbList\",\"@id\":\"https:\/\/aivlisoft.net\/shop\/producto\/zyxel-usgflex700-firewal-12xconf2xsfp2usb1a-sec\/#breadcrumb\",\"itemListElement\":[{\"@type\":\"ListItem\",\"position\":1,\"name\":\"Portada\",\"item\":\"https:\/\/aivlisoft.net\/shop\/\"},{\"@type\":\"ListItem\",\"position\":2,\"name\":\"Tienda\",\"item\":\"https:\/\/aivlisoft.net\/shop\/tienda\/\"},{\"@type\":\"ListItem\",\"position\":3,\"name\":\"Zyxel USGFlex700 Firewal 12xCONF+2xSFP+2USB+1a Sec\"}]},{\"@type\":\"WebSite\",\"@id\":\"https:\/\/aivlisoft.net\/shop\/#website\",\"url\":\"https:\/\/aivlisoft.net\/shop\/\",\"name\":\"Aivlisoft Inform\u00e1tica\",\"description\":\"En Aivlisoft Inform\u00e1tica ofrecemos soluciones tecnol\u00f3gicas para empresas: venta de ordenadores, consumibles, perif\u00e9ricos y m\u00e1s. Calidad, atenci\u00f3n personalizada y los mejores precios para tu negocio.\",\"publisher\":{\"@id\":\"https:\/\/aivlisoft.net\/shop\/#organization\"},\"potentialAction\":[{\"@type\":\"SearchAction\",\"target\":{\"@type\":\"EntryPoint\",\"urlTemplate\":\"https:\/\/aivlisoft.net\/shop\/?s={search_term_string}\"},\"query-input\":{\"@type\":\"PropertyValueSpecification\",\"valueRequired\":true,\"valueName\":\"search_term_string\"}}],\"inLanguage\":\"es\"},{\"@type\":\"Organization\",\"@id\":\"https:\/\/aivlisoft.net\/shop\/#organization\",\"name\":\"Aivlisoft Inform\u00e1tica\",\"url\":\"https:\/\/aivlisoft.net\/shop\/\",\"logo\":{\"@type\":\"ImageObject\",\"inLanguage\":\"es\",\"@id\":\"https:\/\/aivlisoft.net\/shop\/#\/schema\/logo\/image\/\",\"url\":\"https:\/\/aivlisoft.net\/shop\/wp-content\/uploads\/2024\/12\/removal.ai_5b848c54-0cdf-4140-95c5-c5536bb7573b-logodef.png\",\"contentUrl\":\"https:\/\/aivlisoft.net\/shop\/wp-content\/uploads\/2024\/12\/removal.ai_5b848c54-0cdf-4140-95c5-c5536bb7573b-logodef.png\",\"width\":484,\"height\":182,\"caption\":\"Aivlisoft Inform\u00e1tica\"},\"image\":{\"@id\":\"https:\/\/aivlisoft.net\/shop\/#\/schema\/logo\/image\/\"}}]}<\/script>\n<!-- \/ Yoast SEO plugin. -->","yoast_head_json":{"title":"Zyxel USGFlex700 Firewal 12xCONF+2xSFP+2USB+1a Sec - Aivlisoft Inform\u00e1tica","robots":{"index":"index","follow":"follow","max-snippet":"max-snippet:-1","max-image-preview":"max-image-preview:large","max-video-preview":"max-video-preview:-1"},"canonical":"https:\/\/aivlisoft.net\/shop\/producto\/zyxel-usgflex700-firewal-12xconf2xsfp2usb1a-sec\/","og_locale":"es_ES","og_type":"article","og_title":"Zyxel USGFlex700 Firewal 12xCONF+2xSFP+2USB+1a Sec - Aivlisoft Inform\u00e1tica","og_description":"&nbsp; Marca Zyxel Modelo USGFLEX700-EU0102F Interfaces &#8211; Puertos RJ-45 de 10\/100\/1000 Mbps: 12 (Configurable), 2 x SFP (Configurable) &#8211; Puertos USB 3.0: 2 &#8211; Puerto de consola: DB9 &#8211; Montable en rack Caracter&iacute;sticas Capacidad y rendimiento del sistema &#8211; Rendimiento del firewall SPI (Mbps): 5400 &#8211; Rendimiento de VPN (Mbps): 1110 &#8211; Rendimiento de VPN&hellip;&nbsp;Zyxel USGFlex700 Firewal 12xCONF+2xSFP+2USB+1a Sec","og_url":"https:\/\/aivlisoft.net\/shop\/producto\/zyxel-usgflex700-firewal-12xconf2xsfp2usb1a-sec\/","og_site_name":"Aivlisoft Inform\u00e1tica","article_modified_time":"2025-01-14T20:08:24+00:00","og_image":[{"width":800,"height":800,"url":"https:\/\/aivlisoft.net\/shop\/wp-content\/uploads\/2025\/01\/NPPPHW0042_800.jpg","type":"image\/jpeg"}],"twitter_card":"summary_large_image","twitter_misc":{"Tiempo de lectura":"2 minutos"},"schema":{"@context":"https:\/\/schema.org","@graph":[{"@type":"WebPage","@id":"https:\/\/aivlisoft.net\/shop\/producto\/zyxel-usgflex700-firewal-12xconf2xsfp2usb1a-sec\/","url":"https:\/\/aivlisoft.net\/shop\/producto\/zyxel-usgflex700-firewal-12xconf2xsfp2usb1a-sec\/","name":"Zyxel USGFlex700 Firewal 12xCONF+2xSFP+2USB+1a Sec - Aivlisoft Inform\u00e1tica","isPartOf":{"@id":"https:\/\/aivlisoft.net\/shop\/#website"},"primaryImageOfPage":{"@id":"https:\/\/aivlisoft.net\/shop\/producto\/zyxel-usgflex700-firewal-12xconf2xsfp2usb1a-sec\/#primaryimage"},"image":{"@id":"https:\/\/aivlisoft.net\/shop\/producto\/zyxel-usgflex700-firewal-12xconf2xsfp2usb1a-sec\/#primaryimage"},"thumbnailUrl":"https:\/\/aivlisoft.net\/shop\/wp-content\/uploads\/2025\/01\/NPPPHW0042_800.jpg","datePublished":"2025-01-13T15:24:56+00:00","dateModified":"2025-01-14T20:08:24+00:00","breadcrumb":{"@id":"https:\/\/aivlisoft.net\/shop\/producto\/zyxel-usgflex700-firewal-12xconf2xsfp2usb1a-sec\/#breadcrumb"},"inLanguage":"es","potentialAction":[{"@type":"ReadAction","target":["https:\/\/aivlisoft.net\/shop\/producto\/zyxel-usgflex700-firewal-12xconf2xsfp2usb1a-sec\/"]}]},{"@type":"ImageObject","inLanguage":"es","@id":"https:\/\/aivlisoft.net\/shop\/producto\/zyxel-usgflex700-firewal-12xconf2xsfp2usb1a-sec\/#primaryimage","url":"https:\/\/aivlisoft.net\/shop\/wp-content\/uploads\/2025\/01\/NPPPHW0042_800.jpg","contentUrl":"https:\/\/aivlisoft.net\/shop\/wp-content\/uploads\/2025\/01\/NPPPHW0042_800.jpg","width":800,"height":800},{"@type":"BreadcrumbList","@id":"https:\/\/aivlisoft.net\/shop\/producto\/zyxel-usgflex700-firewal-12xconf2xsfp2usb1a-sec\/#breadcrumb","itemListElement":[{"@type":"ListItem","position":1,"name":"Portada","item":"https:\/\/aivlisoft.net\/shop\/"},{"@type":"ListItem","position":2,"name":"Tienda","item":"https:\/\/aivlisoft.net\/shop\/tienda\/"},{"@type":"ListItem","position":3,"name":"Zyxel USGFlex700 Firewal 12xCONF+2xSFP+2USB+1a Sec"}]},{"@type":"WebSite","@id":"https:\/\/aivlisoft.net\/shop\/#website","url":"https:\/\/aivlisoft.net\/shop\/","name":"Aivlisoft Inform\u00e1tica","description":"En Aivlisoft Inform\u00e1tica ofrecemos soluciones tecnol\u00f3gicas para empresas: venta de ordenadores, consumibles, perif\u00e9ricos y m\u00e1s. Calidad, atenci\u00f3n personalizada y los mejores precios para tu negocio.","publisher":{"@id":"https:\/\/aivlisoft.net\/shop\/#organization"},"potentialAction":[{"@type":"SearchAction","target":{"@type":"EntryPoint","urlTemplate":"https:\/\/aivlisoft.net\/shop\/?s={search_term_string}"},"query-input":{"@type":"PropertyValueSpecification","valueRequired":true,"valueName":"search_term_string"}}],"inLanguage":"es"},{"@type":"Organization","@id":"https:\/\/aivlisoft.net\/shop\/#organization","name":"Aivlisoft Inform\u00e1tica","url":"https:\/\/aivlisoft.net\/shop\/","logo":{"@type":"ImageObject","inLanguage":"es","@id":"https:\/\/aivlisoft.net\/shop\/#\/schema\/logo\/image\/","url":"https:\/\/aivlisoft.net\/shop\/wp-content\/uploads\/2024\/12\/removal.ai_5b848c54-0cdf-4140-95c5-c5536bb7573b-logodef.png","contentUrl":"https:\/\/aivlisoft.net\/shop\/wp-content\/uploads\/2024\/12\/removal.ai_5b848c54-0cdf-4140-95c5-c5536bb7573b-logodef.png","width":484,"height":182,"caption":"Aivlisoft Inform\u00e1tica"},"image":{"@id":"https:\/\/aivlisoft.net\/shop\/#\/schema\/logo\/image\/"}}]}},"_links":{"self":[{"href":"https:\/\/aivlisoft.net\/shop\/wp-json\/wp\/v2\/product\/18727","targetHints":{"allow":["GET"]}}],"collection":[{"href":"https:\/\/aivlisoft.net\/shop\/wp-json\/wp\/v2\/product"}],"about":[{"href":"https:\/\/aivlisoft.net\/shop\/wp-json\/wp\/v2\/types\/product"}],"wp:featuredmedia":[{"embeddable":true,"href":"https:\/\/aivlisoft.net\/shop\/wp-json\/wp\/v2\/media\/18728"}],"wp:attachment":[{"href":"https:\/\/aivlisoft.net\/shop\/wp-json\/wp\/v2\/media?parent=18727"}],"wp:term":[{"taxonomy":"product_brand","embeddable":true,"href":"https:\/\/aivlisoft.net\/shop\/wp-json\/wp\/v2\/product_brand?post=18727"},{"taxonomy":"product_cat","embeddable":true,"href":"https:\/\/aivlisoft.net\/shop\/wp-json\/wp\/v2\/product_cat?post=18727"},{"taxonomy":"product_tag","embeddable":true,"href":"https:\/\/aivlisoft.net\/shop\/wp-json\/wp\/v2\/product_tag?post=18727"}],"curies":[{"name":"wp","href":"https:\/\/api.w.org\/{rel}","templated":true}]}}