{"id":18696,"date":"2025-01-13T15:24:38","date_gmt":"2025-01-13T15:24:38","guid":{"rendered":"https:\/\/aivlisoft.com\/?post_type=product&#038;p=18696"},"modified":"2025-01-14T20:09:53","modified_gmt":"2025-01-14T20:09:53","slug":"zyxel-vpn50-firewall-vpn-50","status":"publish","type":"product","link":"https:\/\/aivlisoft.net\/shop\/producto\/zyxel-vpn50-firewall-vpn-50\/","title":{"rendered":"ZyXEL VPN50 Firewall VPN 50"},"content":{"rendered":"<p><\/p>\n<table class=\"tabla_caracteristicas k-table\" width=\"100%\">\n<tbody>\n<tr>\n<td><strong>Marca<\/strong><\/td>\n<td>Zyxel<\/td>\n<\/tr>\n<tr>\n<td><strong>Modelo<\/strong><\/td>\n<td><strong>VPN50-EU0101F<\/strong><\/td>\n<\/tr>\n<tr>\n<td><strong>Interfaces<\/strong><\/td>\n<td>&#8211; Interfaces: 4 x LAN \/ DMZ, 1 x WAN, 1 x SFP<br \/>&#8211; Puertos USB 3.0: 1<br \/>&#8211; Puerto de consola: RJ45<\/td>\n<\/tr>\n<tr>\n<td><strong>Caracteristicas<\/strong><\/td>\n<td>&#8211; Rendimiento del firewall SPI (Mbps): 800<br \/>&#8211; Rendimiento de VPN (Mbps): 150<br \/>&#8211; Max. Sesiones concurrentes TCP: 400.000<br \/>&#8211; Max. T&uacute;neles VPN IPSec concurrentes: 50<br \/>&#8211; Usuarios concurrentes de SSL VPN(predeterminado \/ m&aacute;x.): 10\/50<br \/>&#8211; Interfaz VLAN: 8<br \/>&#8211; Inicios de sesi&oacute;n simult&aacute;neos del dispositivo (predeterminado \/ m&aacute;x.): 64<br \/><strong>Administraci&oacute;n de WLAN<\/strong><br \/>&#8211; N&uacute;mero AP administrado (predeterminado \/ m&aacute;x.): 8\/40<br \/>&#8211; AP m&aacute;ximo recomendado en 1 grupo de AP: 20<br \/><strong>Caracter&iacute;sticas clave<\/strong><br \/>&#8211; Cortafuegos DPI<br \/>&#8211; VPN: IKEv2, IPSec, SSL, L2TP \/ IPSec<br \/>&#8211; Modo EZ<br \/>&#8211; Gesti&oacute;n de hotspot<br \/>&#8211; Soporte de impresora de tickets \/ Cantidad de soporte (m&aacute;x.) (SP350E) \/ 10<br \/>&#8211; Microsoft Azure<br \/>&#8211; Amazon VPC<br \/><strong>Requerimientos de energ&iacute;a<\/strong><br \/>&#8211; Entrada de energ&iacute;a: 12V DC, 2<strong>.<\/strong>5A max.<br \/>&#8211; Max. consumo de energ&iacute;a (vatios): 12<br \/>&#8211; Disipaci&oacute;n de calor (BTU \/ h): 40.92<br \/><strong>Especificaciones f&iacute;sicas<\/strong><br \/>&#8211; Dimensiones (WxDxH): 216 x 143 x 33 mm<br \/>&#8211; Peso: 0.88 kg<br \/><strong>Accesorios incluidos<\/strong><br \/>&#8211; Adaptador de corriente<br \/>&#8211; Cable RJ-45 &#8211; RS-232 <\/td>\n<\/tr>\n<tr>\n<td><strong>Fecha de revisi&oacute;n<\/strong><\/td>\n<td>19-11-2020 por MSB<\/td>\n<\/tr>\n<\/tbody>\n<\/table>\n","protected":false},"excerpt":{"rendered":"<p>Marca Zyxel Modelo VPN50-EU0101F Interfaces &#8211; Interfaces: 4 x LAN \/ DMZ, 1 x WAN, 1 x SFP&#8211; Puertos USB 3.0: 1&#8211; Puerto de consola: RJ45 Caracteristicas &#8211; Rendimiento del firewall SPI (Mbps): 800&#8211; Rendimiento de VPN (Mbps): 150&#8211; Max. Sesiones concurrentes TCP: 400.000&#8211; Max. T&uacute;neles VPN IPSec concurrentes: 50&#8211; Usuarios concurrentes de SSL VPN(predeterminado&hellip;&nbsp;<a href=\"https:\/\/aivlisoft.net\/shop\/producto\/zyxel-vpn50-firewall-vpn-50\/\" rel=\"bookmark\"><span class=\"screen-reader-text\">ZyXEL VPN50 Firewall VPN 50<\/span><\/a><\/p>\n","protected":false},"featured_media":18697,"template":"","meta":{"neve_meta_sidebar":"","neve_meta_container":"","neve_meta_enable_content_width":"","neve_meta_content_width":0,"neve_meta_title_alignment":"","neve_meta_author_avatar":"","neve_post_elements_order":"","neve_meta_disable_header":"","neve_meta_disable_footer":"","neve_meta_disable_title":""},"product_brand":[],"product_cat":[15,8769,6832],"product_tag":[6794],"class_list":{"0":"post-18696","1":"product","2":"type-product","3":"status-publish","4":"has-post-thumbnail","6":"product_cat-sin-categorizar","7":"product_cat-routers-redes-con-cable","8":"product_cat-routers-modems","9":"product_tag-vpn50-eu0101f","11":"first","12":"instock","13":"taxable","14":"shipping-taxable","15":"purchasable","16":"product-type-simple"},"yoast_head":"<!-- This site is optimized with the Yoast SEO plugin v26.0 - https:\/\/yoast.com\/wordpress\/plugins\/seo\/ -->\n<title>ZyXEL VPN50 Firewall VPN 50 - Aivlisoft Inform\u00e1tica<\/title>\n<meta name=\"robots\" content=\"index, follow, max-snippet:-1, max-image-preview:large, max-video-preview:-1\" \/>\n<link rel=\"canonical\" href=\"https:\/\/aivlisoft.net\/shop\/producto\/zyxel-vpn50-firewall-vpn-50\/\" \/>\n<meta property=\"og:locale\" content=\"es_ES\" \/>\n<meta property=\"og:type\" content=\"article\" \/>\n<meta property=\"og:title\" content=\"ZyXEL VPN50 Firewall VPN 50 - Aivlisoft Inform\u00e1tica\" \/>\n<meta property=\"og:description\" content=\"Marca Zyxel Modelo VPN50-EU0101F Interfaces &#8211; Interfaces: 4 x LAN \/ DMZ, 1 x WAN, 1 x SFP&#8211; Puertos USB 3.0: 1&#8211; Puerto de consola: RJ45 Caracteristicas &#8211; Rendimiento del firewall SPI (Mbps): 800&#8211; Rendimiento de VPN (Mbps): 150&#8211; Max. Sesiones concurrentes TCP: 400.000&#8211; Max. T&uacute;neles VPN IPSec concurrentes: 50&#8211; Usuarios concurrentes de SSL VPN(predeterminado&hellip;&nbsp;ZyXEL VPN50 Firewall VPN 50\" \/>\n<meta property=\"og:url\" content=\"https:\/\/aivlisoft.net\/shop\/producto\/zyxel-vpn50-firewall-vpn-50\/\" \/>\n<meta property=\"og:site_name\" content=\"Aivlisoft Inform\u00e1tica\" \/>\n<meta property=\"article:modified_time\" content=\"2025-01-14T20:09:53+00:00\" \/>\n<meta property=\"og:image\" content=\"https:\/\/aivlisoft.net\/shop\/wp-content\/uploads\/2025\/01\/NPPPHW0027_800.jpg\" \/>\n\t<meta property=\"og:image:width\" content=\"800\" \/>\n\t<meta property=\"og:image:height\" content=\"800\" \/>\n\t<meta property=\"og:image:type\" content=\"image\/jpeg\" \/>\n<meta name=\"twitter:card\" content=\"summary_large_image\" \/>\n<meta name=\"twitter:label1\" content=\"Tiempo de lectura\" \/>\n\t<meta name=\"twitter:data1\" content=\"1 minuto\" \/>\n<script type=\"application\/ld+json\" class=\"yoast-schema-graph\">{\"@context\":\"https:\/\/schema.org\",\"@graph\":[{\"@type\":\"WebPage\",\"@id\":\"https:\/\/aivlisoft.net\/shop\/producto\/zyxel-vpn50-firewall-vpn-50\/\",\"url\":\"https:\/\/aivlisoft.net\/shop\/producto\/zyxel-vpn50-firewall-vpn-50\/\",\"name\":\"ZyXEL VPN50 Firewall VPN 50 - Aivlisoft Inform\u00e1tica\",\"isPartOf\":{\"@id\":\"https:\/\/aivlisoft.net\/shop\/#website\"},\"primaryImageOfPage\":{\"@id\":\"https:\/\/aivlisoft.net\/shop\/producto\/zyxel-vpn50-firewall-vpn-50\/#primaryimage\"},\"image\":{\"@id\":\"https:\/\/aivlisoft.net\/shop\/producto\/zyxel-vpn50-firewall-vpn-50\/#primaryimage\"},\"thumbnailUrl\":\"https:\/\/aivlisoft.net\/shop\/wp-content\/uploads\/2025\/01\/NPPPHW0027_800.jpg\",\"datePublished\":\"2025-01-13T15:24:38+00:00\",\"dateModified\":\"2025-01-14T20:09:53+00:00\",\"breadcrumb\":{\"@id\":\"https:\/\/aivlisoft.net\/shop\/producto\/zyxel-vpn50-firewall-vpn-50\/#breadcrumb\"},\"inLanguage\":\"es\",\"potentialAction\":[{\"@type\":\"ReadAction\",\"target\":[\"https:\/\/aivlisoft.net\/shop\/producto\/zyxel-vpn50-firewall-vpn-50\/\"]}]},{\"@type\":\"ImageObject\",\"inLanguage\":\"es\",\"@id\":\"https:\/\/aivlisoft.net\/shop\/producto\/zyxel-vpn50-firewall-vpn-50\/#primaryimage\",\"url\":\"https:\/\/aivlisoft.net\/shop\/wp-content\/uploads\/2025\/01\/NPPPHW0027_800.jpg\",\"contentUrl\":\"https:\/\/aivlisoft.net\/shop\/wp-content\/uploads\/2025\/01\/NPPPHW0027_800.jpg\",\"width\":800,\"height\":800},{\"@type\":\"BreadcrumbList\",\"@id\":\"https:\/\/aivlisoft.net\/shop\/producto\/zyxel-vpn50-firewall-vpn-50\/#breadcrumb\",\"itemListElement\":[{\"@type\":\"ListItem\",\"position\":1,\"name\":\"Portada\",\"item\":\"https:\/\/aivlisoft.net\/shop\/\"},{\"@type\":\"ListItem\",\"position\":2,\"name\":\"Tienda\",\"item\":\"https:\/\/aivlisoft.net\/shop\/tienda\/\"},{\"@type\":\"ListItem\",\"position\":3,\"name\":\"ZyXEL VPN50 Firewall VPN 50\"}]},{\"@type\":\"WebSite\",\"@id\":\"https:\/\/aivlisoft.net\/shop\/#website\",\"url\":\"https:\/\/aivlisoft.net\/shop\/\",\"name\":\"Aivlisoft Inform\u00e1tica\",\"description\":\"En Aivlisoft Inform\u00e1tica ofrecemos soluciones tecnol\u00f3gicas para empresas: venta de ordenadores, consumibles, perif\u00e9ricos y m\u00e1s. Calidad, atenci\u00f3n personalizada y los mejores precios para tu negocio.\",\"publisher\":{\"@id\":\"https:\/\/aivlisoft.net\/shop\/#organization\"},\"potentialAction\":[{\"@type\":\"SearchAction\",\"target\":{\"@type\":\"EntryPoint\",\"urlTemplate\":\"https:\/\/aivlisoft.net\/shop\/?s={search_term_string}\"},\"query-input\":{\"@type\":\"PropertyValueSpecification\",\"valueRequired\":true,\"valueName\":\"search_term_string\"}}],\"inLanguage\":\"es\"},{\"@type\":\"Organization\",\"@id\":\"https:\/\/aivlisoft.net\/shop\/#organization\",\"name\":\"Aivlisoft Inform\u00e1tica\",\"url\":\"https:\/\/aivlisoft.net\/shop\/\",\"logo\":{\"@type\":\"ImageObject\",\"inLanguage\":\"es\",\"@id\":\"https:\/\/aivlisoft.net\/shop\/#\/schema\/logo\/image\/\",\"url\":\"https:\/\/aivlisoft.net\/shop\/wp-content\/uploads\/2024\/12\/removal.ai_5b848c54-0cdf-4140-95c5-c5536bb7573b-logodef.png\",\"contentUrl\":\"https:\/\/aivlisoft.net\/shop\/wp-content\/uploads\/2024\/12\/removal.ai_5b848c54-0cdf-4140-95c5-c5536bb7573b-logodef.png\",\"width\":484,\"height\":182,\"caption\":\"Aivlisoft Inform\u00e1tica\"},\"image\":{\"@id\":\"https:\/\/aivlisoft.net\/shop\/#\/schema\/logo\/image\/\"}}]}<\/script>\n<!-- \/ Yoast SEO plugin. -->","yoast_head_json":{"title":"ZyXEL VPN50 Firewall VPN 50 - Aivlisoft Inform\u00e1tica","robots":{"index":"index","follow":"follow","max-snippet":"max-snippet:-1","max-image-preview":"max-image-preview:large","max-video-preview":"max-video-preview:-1"},"canonical":"https:\/\/aivlisoft.net\/shop\/producto\/zyxel-vpn50-firewall-vpn-50\/","og_locale":"es_ES","og_type":"article","og_title":"ZyXEL VPN50 Firewall VPN 50 - Aivlisoft Inform\u00e1tica","og_description":"Marca Zyxel Modelo VPN50-EU0101F Interfaces &#8211; Interfaces: 4 x LAN \/ DMZ, 1 x WAN, 1 x SFP&#8211; Puertos USB 3.0: 1&#8211; Puerto de consola: RJ45 Caracteristicas &#8211; Rendimiento del firewall SPI (Mbps): 800&#8211; Rendimiento de VPN (Mbps): 150&#8211; Max. Sesiones concurrentes TCP: 400.000&#8211; Max. T&uacute;neles VPN IPSec concurrentes: 50&#8211; Usuarios concurrentes de SSL VPN(predeterminado&hellip;&nbsp;ZyXEL VPN50 Firewall VPN 50","og_url":"https:\/\/aivlisoft.net\/shop\/producto\/zyxel-vpn50-firewall-vpn-50\/","og_site_name":"Aivlisoft Inform\u00e1tica","article_modified_time":"2025-01-14T20:09:53+00:00","og_image":[{"width":800,"height":800,"url":"https:\/\/aivlisoft.net\/shop\/wp-content\/uploads\/2025\/01\/NPPPHW0027_800.jpg","type":"image\/jpeg"}],"twitter_card":"summary_large_image","twitter_misc":{"Tiempo de lectura":"1 minuto"},"schema":{"@context":"https:\/\/schema.org","@graph":[{"@type":"WebPage","@id":"https:\/\/aivlisoft.net\/shop\/producto\/zyxel-vpn50-firewall-vpn-50\/","url":"https:\/\/aivlisoft.net\/shop\/producto\/zyxel-vpn50-firewall-vpn-50\/","name":"ZyXEL VPN50 Firewall VPN 50 - Aivlisoft Inform\u00e1tica","isPartOf":{"@id":"https:\/\/aivlisoft.net\/shop\/#website"},"primaryImageOfPage":{"@id":"https:\/\/aivlisoft.net\/shop\/producto\/zyxel-vpn50-firewall-vpn-50\/#primaryimage"},"image":{"@id":"https:\/\/aivlisoft.net\/shop\/producto\/zyxel-vpn50-firewall-vpn-50\/#primaryimage"},"thumbnailUrl":"https:\/\/aivlisoft.net\/shop\/wp-content\/uploads\/2025\/01\/NPPPHW0027_800.jpg","datePublished":"2025-01-13T15:24:38+00:00","dateModified":"2025-01-14T20:09:53+00:00","breadcrumb":{"@id":"https:\/\/aivlisoft.net\/shop\/producto\/zyxel-vpn50-firewall-vpn-50\/#breadcrumb"},"inLanguage":"es","potentialAction":[{"@type":"ReadAction","target":["https:\/\/aivlisoft.net\/shop\/producto\/zyxel-vpn50-firewall-vpn-50\/"]}]},{"@type":"ImageObject","inLanguage":"es","@id":"https:\/\/aivlisoft.net\/shop\/producto\/zyxel-vpn50-firewall-vpn-50\/#primaryimage","url":"https:\/\/aivlisoft.net\/shop\/wp-content\/uploads\/2025\/01\/NPPPHW0027_800.jpg","contentUrl":"https:\/\/aivlisoft.net\/shop\/wp-content\/uploads\/2025\/01\/NPPPHW0027_800.jpg","width":800,"height":800},{"@type":"BreadcrumbList","@id":"https:\/\/aivlisoft.net\/shop\/producto\/zyxel-vpn50-firewall-vpn-50\/#breadcrumb","itemListElement":[{"@type":"ListItem","position":1,"name":"Portada","item":"https:\/\/aivlisoft.net\/shop\/"},{"@type":"ListItem","position":2,"name":"Tienda","item":"https:\/\/aivlisoft.net\/shop\/tienda\/"},{"@type":"ListItem","position":3,"name":"ZyXEL VPN50 Firewall VPN 50"}]},{"@type":"WebSite","@id":"https:\/\/aivlisoft.net\/shop\/#website","url":"https:\/\/aivlisoft.net\/shop\/","name":"Aivlisoft Inform\u00e1tica","description":"En Aivlisoft Inform\u00e1tica ofrecemos soluciones tecnol\u00f3gicas para empresas: venta de ordenadores, consumibles, perif\u00e9ricos y m\u00e1s. Calidad, atenci\u00f3n personalizada y los mejores precios para tu negocio.","publisher":{"@id":"https:\/\/aivlisoft.net\/shop\/#organization"},"potentialAction":[{"@type":"SearchAction","target":{"@type":"EntryPoint","urlTemplate":"https:\/\/aivlisoft.net\/shop\/?s={search_term_string}"},"query-input":{"@type":"PropertyValueSpecification","valueRequired":true,"valueName":"search_term_string"}}],"inLanguage":"es"},{"@type":"Organization","@id":"https:\/\/aivlisoft.net\/shop\/#organization","name":"Aivlisoft Inform\u00e1tica","url":"https:\/\/aivlisoft.net\/shop\/","logo":{"@type":"ImageObject","inLanguage":"es","@id":"https:\/\/aivlisoft.net\/shop\/#\/schema\/logo\/image\/","url":"https:\/\/aivlisoft.net\/shop\/wp-content\/uploads\/2024\/12\/removal.ai_5b848c54-0cdf-4140-95c5-c5536bb7573b-logodef.png","contentUrl":"https:\/\/aivlisoft.net\/shop\/wp-content\/uploads\/2024\/12\/removal.ai_5b848c54-0cdf-4140-95c5-c5536bb7573b-logodef.png","width":484,"height":182,"caption":"Aivlisoft Inform\u00e1tica"},"image":{"@id":"https:\/\/aivlisoft.net\/shop\/#\/schema\/logo\/image\/"}}]}},"_links":{"self":[{"href":"https:\/\/aivlisoft.net\/shop\/wp-json\/wp\/v2\/product\/18696","targetHints":{"allow":["GET"]}}],"collection":[{"href":"https:\/\/aivlisoft.net\/shop\/wp-json\/wp\/v2\/product"}],"about":[{"href":"https:\/\/aivlisoft.net\/shop\/wp-json\/wp\/v2\/types\/product"}],"wp:featuredmedia":[{"embeddable":true,"href":"https:\/\/aivlisoft.net\/shop\/wp-json\/wp\/v2\/media\/18697"}],"wp:attachment":[{"href":"https:\/\/aivlisoft.net\/shop\/wp-json\/wp\/v2\/media?parent=18696"}],"wp:term":[{"taxonomy":"product_brand","embeddable":true,"href":"https:\/\/aivlisoft.net\/shop\/wp-json\/wp\/v2\/product_brand?post=18696"},{"taxonomy":"product_cat","embeddable":true,"href":"https:\/\/aivlisoft.net\/shop\/wp-json\/wp\/v2\/product_cat?post=18696"},{"taxonomy":"product_tag","embeddable":true,"href":"https:\/\/aivlisoft.net\/shop\/wp-json\/wp\/v2\/product_tag?post=18696"}],"curies":[{"name":"wp","href":"https:\/\/api.w.org\/{rel}","templated":true}]}}