{"id":18651,"date":"2025-01-13T15:24:13","date_gmt":"2025-01-13T15:24:13","guid":{"rendered":"https:\/\/aivlisoft.com\/?post_type=product&#038;p=18651"},"modified":"2025-01-14T11:40:32","modified_gmt":"2025-01-14T11:40:32","slug":"synology-ds124-nas-1bay-diskstation","status":"publish","type":"product","link":"https:\/\/aivlisoft.net\/shop\/producto\/synology-ds124-nas-1bay-diskstation\/","title":{"rendered":"Synology DS124 NAS 1Bay DiskStation"},"content":{"rendered":"<p><\/p>\n<p>&nbsp;<\/p>\n<table class=\"tabla_caracteristicas k-table\" width=\"100%\">\n<tr>\n<td valign=\"top\"><strong>Marca <\/strong><\/td>\n<td valign=\"top\">Synology<\/td>\n<\/tr>\n<tr>\n<td valign=\"top\"><strong>Modelo <\/strong><\/td>\n<td valign=\"top\"><strong>DS124<\/strong><\/td>\n<\/tr>\n<tr>\n<td valign=\"top\"><strong>CPU<\/strong><\/td>\n<td valign=\"top\">&#8211; Modelo de CPU: Realtek RTD1619B<br \/>\t\t\t&#8211; Cantidad de CPU: 1<br \/>\t\t\t&#8211; Arquitectura de CPU: 64-bit<br \/>\t\t\t&#8211; Frecuencia de CPU: 4-core 1.7 GHz<br \/>\t\t\t&#8211; Motor de cifrado de hardware &nbsp;&nbsp;&nbsp;<\/td>\n<\/tr>\n<tr>\n<td valign=\"top\"><strong>Memoria <\/strong><\/td>\n<td valign=\"top\">&#8211; <strong>1 GB <\/strong>DDR4 non-ECC<\/td>\n<\/tr>\n<tr>\n<td valign=\"top\"><strong>Almacenamiento <\/strong><\/td>\n<td valign=\"top\">&#8211; Recept&aacute;culo(s) de unidad: 1<br \/>\t\t\t&#8211; Tipo de unidad compatible<br \/>\t\t\t&nbsp; 3.5&#8243; SATA HDD<br \/>\t\t\t&nbsp; SSD SATA de 2,5&#8243; (con soporte de disco de 2,5&#8243; opcional)<br \/>\t\t\t* Ver todas las unidades de disco duro compatibles &nbsp;&nbsp; &nbsp;<br \/>\t\t\t&#8211; Unidad de intercambio en caliente<br \/>\t\t\t* El tipo de disco compatible indica los discos para los que se ha probado la compatibilidad con productos de Synology. Este t&eacute;rmino no indica la velocidad m&aacute;xima de conexi&oacute;n de cada recept&aacute;culo de disco duro.<\/td>\n<\/tr>\n<tr>\n<td valign=\"top\"><strong>Conexiones <\/strong><\/td>\n<td valign=\"top\">&#8211; 1 x puerto puertos RJ-45 1GbE LAN<br \/>\t\t\t&#8211; 2 x puerto USB 3.2 Gen<\/td>\n<\/tr>\n<tr>\n<td valign=\"top\"><strong>Caracter&iacute;sticas <\/strong><\/td>\n<td valign=\"top\">&#8211; Ventilador del sistema: 60 mm x 60 mm x 1 pcs<br \/>\t\t\t&#8211; Modo de velocidad de ventilador &nbsp;&nbsp; &nbsp;<br \/>\t\t\t&nbsp; Modo Velocidad completa<br \/>\t\t\t&nbsp; Modo fresco<br \/>\t\t\t&nbsp; Modo silencioso<br \/>\t\t\t&nbsp; Modo bajo consumo<br \/>\t\t\t&#8211; Indicadores LED delanteros con brillo regulable &nbsp;&nbsp; &nbsp;<br \/>\t\t\t&#8211; Recuperaci&oacute;n de energ&iacute;a &nbsp;&nbsp; &nbsp;<br \/>\t\t\t&#8211; Nivel de ruido: 19.0 dB(A)<br \/>\t\t\t&#8211; Encendido y apagado programado &nbsp;&nbsp; &nbsp;<br \/>\t\t\t&#8211; Despertar con LAN \/ WAN &nbsp;&nbsp; &nbsp;<br \/>\t\t\t&#8211; Fuente \/ Adaptador de alimentaci&oacute;n: 36 W<br \/>\t\t\t&#8211; Voltaje de alimentaci&oacute;n de entrada CA: 100V to 240V AC<br \/>\t\t\t&#8211; Frecuencia de alimentaci&oacute;n: 50\/60 Hz, Monof&aacute;sico<br \/>\t\t\t&#8211; Consumo de energ&iacute;a:<br \/>\t\t\t&nbsp; 10.69 W (Acceso)<br \/>\t\t\t&nbsp; 3.44 W (Hibernaci&oacute;n de unidad de disco duro)<br \/>\t\t\t&#8211; British thermal unit:<br \/>\t\t\t&nbsp; 36.50 BTU\/hr (Acceso)<br \/>\t\t\t&nbsp; 11.75 BTU\/hr (Hibernaci&oacute;n de unidad de disco duro)<br \/>\t\t\t* Para obtener m&aacute;s informaci&oacute;n sobre c&oacute;mo se mide el consumo el&eacute;ctrico, consulte este art&iacute;culo.<br \/>\t\t\t<strong>Sistema de archivos<\/strong><br \/>\t\t\t&#8211; Unidades internas &nbsp;&nbsp; &nbsp;<br \/>\t\t\t&nbsp; Btrfs<br \/>\t\t\t&nbsp; EXT4<br \/>\t\t\t&#8211; Unidades externas &nbsp;&nbsp; &nbsp;<br \/>\t\t\t&nbsp; Btrfs<br \/>\t\t\t&nbsp; EXT4<br \/>\t\t\t&nbsp; EXT3<br \/>\t\t\t&nbsp; FAT<br \/>\t\t\t&nbsp; NTFS<br \/>\t\t\t&nbsp; HFS+<br \/>\t\t\t&nbsp; exFAT<br \/>\t\t\t<strong>Dimensiones y peso<\/strong><br \/>\t\t\t&#8211; 166 x 71 x 224 mm<br \/>\t\t\t&#8211; 0,7 kg<\/td>\n<\/tr>\n<tr>\n<td valign=\"top\"><strong>Fecha Revisi&oacute;n <\/strong><\/td>\n<td valign=\"top\">15-09-2023 por RTY<\/td>\n<\/tr>\n<\/table>\n","protected":false},"excerpt":{"rendered":"<p>&nbsp; Marca Synology Modelo DS124 CPU &#8211; Modelo de CPU: Realtek RTD1619B &#8211; Cantidad de CPU: 1 &#8211; Arquitectura de CPU: 64-bit &#8211; Frecuencia de CPU: 4-core 1.7 GHz &#8211; Motor de cifrado de hardware &nbsp;&nbsp;&nbsp; Memoria &#8211; 1 GB DDR4 non-ECC Almacenamiento &#8211; Recept&aacute;culo(s) de unidad: 1 &#8211; Tipo de unidad compatible &nbsp; 3.5&#8243;&hellip;&nbsp;<a href=\"https:\/\/aivlisoft.net\/shop\/producto\/synology-ds124-nas-1bay-diskstation\/\" rel=\"bookmark\"><span class=\"screen-reader-text\">Synology DS124 NAS 1Bay DiskStation<\/span><\/a><\/p>\n","protected":false},"featured_media":18652,"template":"","meta":{"neve_meta_sidebar":"","neve_meta_container":"","neve_meta_enable_content_width":"","neve_meta_content_width":0,"neve_meta_title_alignment":"","neve_meta_author_avatar":"","neve_post_elements_order":"","neve_meta_disable_header":"","neve_meta_disable_footer":"","neve_meta_disable_title":""},"product_brand":[],"product_cat":[8767],"product_tag":[6784],"class_list":{"0":"post-18651","1":"product","2":"type-product","3":"status-publish","4":"has-post-thumbnail","6":"product_cat-almacenamiento-sobremesa","7":"product_tag-ds124","9":"first","10":"instock","11":"taxable","12":"shipping-taxable","13":"purchasable","14":"product-type-simple"},"yoast_head":"<!-- This site is optimized with the Yoast SEO plugin v26.0 - https:\/\/yoast.com\/wordpress\/plugins\/seo\/ -->\n<title>Synology DS124 NAS 1Bay DiskStation - Aivlisoft Inform\u00e1tica<\/title>\n<meta name=\"robots\" content=\"index, follow, max-snippet:-1, max-image-preview:large, max-video-preview:-1\" \/>\n<link rel=\"canonical\" href=\"https:\/\/aivlisoft.net\/shop\/producto\/synology-ds124-nas-1bay-diskstation\/\" \/>\n<meta property=\"og:locale\" content=\"es_ES\" \/>\n<meta property=\"og:type\" content=\"article\" \/>\n<meta property=\"og:title\" content=\"Synology DS124 NAS 1Bay DiskStation - Aivlisoft Inform\u00e1tica\" \/>\n<meta property=\"og:description\" content=\"&nbsp; Marca Synology Modelo DS124 CPU &#8211; Modelo de CPU: Realtek RTD1619B &#8211; Cantidad de CPU: 1 &#8211; Arquitectura de CPU: 64-bit &#8211; Frecuencia de CPU: 4-core 1.7 GHz &#8211; Motor de cifrado de hardware &nbsp;&nbsp;&nbsp; Memoria &#8211; 1 GB DDR4 non-ECC Almacenamiento &#8211; Recept&aacute;culo(s) de unidad: 1 &#8211; Tipo de unidad compatible &nbsp; 3.5&#8243;&hellip;&nbsp;Synology DS124 NAS 1Bay DiskStation\" \/>\n<meta property=\"og:url\" content=\"https:\/\/aivlisoft.net\/shop\/producto\/synology-ds124-nas-1bay-diskstation\/\" \/>\n<meta property=\"og:site_name\" content=\"Aivlisoft Inform\u00e1tica\" \/>\n<meta property=\"article:modified_time\" content=\"2025-01-14T11:40:32+00:00\" \/>\n<meta property=\"og:image\" content=\"https:\/\/aivlisoft.net\/shop\/wp-content\/uploads\/2025\/01\/NARARS0240_800.jpg\" \/>\n\t<meta property=\"og:image:width\" content=\"800\" \/>\n\t<meta property=\"og:image:height\" content=\"800\" \/>\n\t<meta property=\"og:image:type\" content=\"image\/jpeg\" \/>\n<meta name=\"twitter:card\" content=\"summary_large_image\" \/>\n<meta name=\"twitter:label1\" content=\"Tiempo de lectura\" \/>\n\t<meta name=\"twitter:data1\" content=\"2 minutos\" \/>\n<script type=\"application\/ld+json\" class=\"yoast-schema-graph\">{\"@context\":\"https:\/\/schema.org\",\"@graph\":[{\"@type\":\"WebPage\",\"@id\":\"https:\/\/aivlisoft.net\/shop\/producto\/synology-ds124-nas-1bay-diskstation\/\",\"url\":\"https:\/\/aivlisoft.net\/shop\/producto\/synology-ds124-nas-1bay-diskstation\/\",\"name\":\"Synology DS124 NAS 1Bay DiskStation - Aivlisoft Inform\u00e1tica\",\"isPartOf\":{\"@id\":\"https:\/\/aivlisoft.net\/shop\/#website\"},\"primaryImageOfPage\":{\"@id\":\"https:\/\/aivlisoft.net\/shop\/producto\/synology-ds124-nas-1bay-diskstation\/#primaryimage\"},\"image\":{\"@id\":\"https:\/\/aivlisoft.net\/shop\/producto\/synology-ds124-nas-1bay-diskstation\/#primaryimage\"},\"thumbnailUrl\":\"https:\/\/aivlisoft.net\/shop\/wp-content\/uploads\/2025\/01\/NARARS0240_800.jpg\",\"datePublished\":\"2025-01-13T15:24:13+00:00\",\"dateModified\":\"2025-01-14T11:40:32+00:00\",\"breadcrumb\":{\"@id\":\"https:\/\/aivlisoft.net\/shop\/producto\/synology-ds124-nas-1bay-diskstation\/#breadcrumb\"},\"inLanguage\":\"es\",\"potentialAction\":[{\"@type\":\"ReadAction\",\"target\":[\"https:\/\/aivlisoft.net\/shop\/producto\/synology-ds124-nas-1bay-diskstation\/\"]}]},{\"@type\":\"ImageObject\",\"inLanguage\":\"es\",\"@id\":\"https:\/\/aivlisoft.net\/shop\/producto\/synology-ds124-nas-1bay-diskstation\/#primaryimage\",\"url\":\"https:\/\/aivlisoft.net\/shop\/wp-content\/uploads\/2025\/01\/NARARS0240_800.jpg\",\"contentUrl\":\"https:\/\/aivlisoft.net\/shop\/wp-content\/uploads\/2025\/01\/NARARS0240_800.jpg\",\"width\":800,\"height\":800},{\"@type\":\"BreadcrumbList\",\"@id\":\"https:\/\/aivlisoft.net\/shop\/producto\/synology-ds124-nas-1bay-diskstation\/#breadcrumb\",\"itemListElement\":[{\"@type\":\"ListItem\",\"position\":1,\"name\":\"Portada\",\"item\":\"https:\/\/aivlisoft.net\/shop\/\"},{\"@type\":\"ListItem\",\"position\":2,\"name\":\"Tienda\",\"item\":\"https:\/\/aivlisoft.net\/shop\/tienda\/\"},{\"@type\":\"ListItem\",\"position\":3,\"name\":\"Synology DS124 NAS 1Bay DiskStation\"}]},{\"@type\":\"WebSite\",\"@id\":\"https:\/\/aivlisoft.net\/shop\/#website\",\"url\":\"https:\/\/aivlisoft.net\/shop\/\",\"name\":\"Aivlisoft Inform\u00e1tica\",\"description\":\"En Aivlisoft Inform\u00e1tica ofrecemos soluciones tecnol\u00f3gicas para empresas: venta de ordenadores, consumibles, perif\u00e9ricos y m\u00e1s. Calidad, atenci\u00f3n personalizada y los mejores precios para tu negocio.\",\"publisher\":{\"@id\":\"https:\/\/aivlisoft.net\/shop\/#organization\"},\"potentialAction\":[{\"@type\":\"SearchAction\",\"target\":{\"@type\":\"EntryPoint\",\"urlTemplate\":\"https:\/\/aivlisoft.net\/shop\/?s={search_term_string}\"},\"query-input\":{\"@type\":\"PropertyValueSpecification\",\"valueRequired\":true,\"valueName\":\"search_term_string\"}}],\"inLanguage\":\"es\"},{\"@type\":\"Organization\",\"@id\":\"https:\/\/aivlisoft.net\/shop\/#organization\",\"name\":\"Aivlisoft Inform\u00e1tica\",\"url\":\"https:\/\/aivlisoft.net\/shop\/\",\"logo\":{\"@type\":\"ImageObject\",\"inLanguage\":\"es\",\"@id\":\"https:\/\/aivlisoft.net\/shop\/#\/schema\/logo\/image\/\",\"url\":\"https:\/\/aivlisoft.net\/shop\/wp-content\/uploads\/2024\/12\/removal.ai_5b848c54-0cdf-4140-95c5-c5536bb7573b-logodef.png\",\"contentUrl\":\"https:\/\/aivlisoft.net\/shop\/wp-content\/uploads\/2024\/12\/removal.ai_5b848c54-0cdf-4140-95c5-c5536bb7573b-logodef.png\",\"width\":484,\"height\":182,\"caption\":\"Aivlisoft Inform\u00e1tica\"},\"image\":{\"@id\":\"https:\/\/aivlisoft.net\/shop\/#\/schema\/logo\/image\/\"}}]}<\/script>\n<!-- \/ Yoast SEO plugin. -->","yoast_head_json":{"title":"Synology DS124 NAS 1Bay DiskStation - Aivlisoft Inform\u00e1tica","robots":{"index":"index","follow":"follow","max-snippet":"max-snippet:-1","max-image-preview":"max-image-preview:large","max-video-preview":"max-video-preview:-1"},"canonical":"https:\/\/aivlisoft.net\/shop\/producto\/synology-ds124-nas-1bay-diskstation\/","og_locale":"es_ES","og_type":"article","og_title":"Synology DS124 NAS 1Bay DiskStation - Aivlisoft Inform\u00e1tica","og_description":"&nbsp; Marca Synology Modelo DS124 CPU &#8211; Modelo de CPU: Realtek RTD1619B &#8211; Cantidad de CPU: 1 &#8211; Arquitectura de CPU: 64-bit &#8211; Frecuencia de CPU: 4-core 1.7 GHz &#8211; Motor de cifrado de hardware &nbsp;&nbsp;&nbsp; Memoria &#8211; 1 GB DDR4 non-ECC Almacenamiento &#8211; Recept&aacute;culo(s) de unidad: 1 &#8211; Tipo de unidad compatible &nbsp; 3.5&#8243;&hellip;&nbsp;Synology DS124 NAS 1Bay DiskStation","og_url":"https:\/\/aivlisoft.net\/shop\/producto\/synology-ds124-nas-1bay-diskstation\/","og_site_name":"Aivlisoft Inform\u00e1tica","article_modified_time":"2025-01-14T11:40:32+00:00","og_image":[{"width":800,"height":800,"url":"https:\/\/aivlisoft.net\/shop\/wp-content\/uploads\/2025\/01\/NARARS0240_800.jpg","type":"image\/jpeg"}],"twitter_card":"summary_large_image","twitter_misc":{"Tiempo de lectura":"2 minutos"},"schema":{"@context":"https:\/\/schema.org","@graph":[{"@type":"WebPage","@id":"https:\/\/aivlisoft.net\/shop\/producto\/synology-ds124-nas-1bay-diskstation\/","url":"https:\/\/aivlisoft.net\/shop\/producto\/synology-ds124-nas-1bay-diskstation\/","name":"Synology DS124 NAS 1Bay DiskStation - Aivlisoft Inform\u00e1tica","isPartOf":{"@id":"https:\/\/aivlisoft.net\/shop\/#website"},"primaryImageOfPage":{"@id":"https:\/\/aivlisoft.net\/shop\/producto\/synology-ds124-nas-1bay-diskstation\/#primaryimage"},"image":{"@id":"https:\/\/aivlisoft.net\/shop\/producto\/synology-ds124-nas-1bay-diskstation\/#primaryimage"},"thumbnailUrl":"https:\/\/aivlisoft.net\/shop\/wp-content\/uploads\/2025\/01\/NARARS0240_800.jpg","datePublished":"2025-01-13T15:24:13+00:00","dateModified":"2025-01-14T11:40:32+00:00","breadcrumb":{"@id":"https:\/\/aivlisoft.net\/shop\/producto\/synology-ds124-nas-1bay-diskstation\/#breadcrumb"},"inLanguage":"es","potentialAction":[{"@type":"ReadAction","target":["https:\/\/aivlisoft.net\/shop\/producto\/synology-ds124-nas-1bay-diskstation\/"]}]},{"@type":"ImageObject","inLanguage":"es","@id":"https:\/\/aivlisoft.net\/shop\/producto\/synology-ds124-nas-1bay-diskstation\/#primaryimage","url":"https:\/\/aivlisoft.net\/shop\/wp-content\/uploads\/2025\/01\/NARARS0240_800.jpg","contentUrl":"https:\/\/aivlisoft.net\/shop\/wp-content\/uploads\/2025\/01\/NARARS0240_800.jpg","width":800,"height":800},{"@type":"BreadcrumbList","@id":"https:\/\/aivlisoft.net\/shop\/producto\/synology-ds124-nas-1bay-diskstation\/#breadcrumb","itemListElement":[{"@type":"ListItem","position":1,"name":"Portada","item":"https:\/\/aivlisoft.net\/shop\/"},{"@type":"ListItem","position":2,"name":"Tienda","item":"https:\/\/aivlisoft.net\/shop\/tienda\/"},{"@type":"ListItem","position":3,"name":"Synology DS124 NAS 1Bay DiskStation"}]},{"@type":"WebSite","@id":"https:\/\/aivlisoft.net\/shop\/#website","url":"https:\/\/aivlisoft.net\/shop\/","name":"Aivlisoft Inform\u00e1tica","description":"En Aivlisoft Inform\u00e1tica ofrecemos soluciones tecnol\u00f3gicas para empresas: venta de ordenadores, consumibles, perif\u00e9ricos y m\u00e1s. Calidad, atenci\u00f3n personalizada y los mejores precios para tu negocio.","publisher":{"@id":"https:\/\/aivlisoft.net\/shop\/#organization"},"potentialAction":[{"@type":"SearchAction","target":{"@type":"EntryPoint","urlTemplate":"https:\/\/aivlisoft.net\/shop\/?s={search_term_string}"},"query-input":{"@type":"PropertyValueSpecification","valueRequired":true,"valueName":"search_term_string"}}],"inLanguage":"es"},{"@type":"Organization","@id":"https:\/\/aivlisoft.net\/shop\/#organization","name":"Aivlisoft Inform\u00e1tica","url":"https:\/\/aivlisoft.net\/shop\/","logo":{"@type":"ImageObject","inLanguage":"es","@id":"https:\/\/aivlisoft.net\/shop\/#\/schema\/logo\/image\/","url":"https:\/\/aivlisoft.net\/shop\/wp-content\/uploads\/2024\/12\/removal.ai_5b848c54-0cdf-4140-95c5-c5536bb7573b-logodef.png","contentUrl":"https:\/\/aivlisoft.net\/shop\/wp-content\/uploads\/2024\/12\/removal.ai_5b848c54-0cdf-4140-95c5-c5536bb7573b-logodef.png","width":484,"height":182,"caption":"Aivlisoft Inform\u00e1tica"},"image":{"@id":"https:\/\/aivlisoft.net\/shop\/#\/schema\/logo\/image\/"}}]}},"_links":{"self":[{"href":"https:\/\/aivlisoft.net\/shop\/wp-json\/wp\/v2\/product\/18651","targetHints":{"allow":["GET"]}}],"collection":[{"href":"https:\/\/aivlisoft.net\/shop\/wp-json\/wp\/v2\/product"}],"about":[{"href":"https:\/\/aivlisoft.net\/shop\/wp-json\/wp\/v2\/types\/product"}],"wp:featuredmedia":[{"embeddable":true,"href":"https:\/\/aivlisoft.net\/shop\/wp-json\/wp\/v2\/media\/18652"}],"wp:attachment":[{"href":"https:\/\/aivlisoft.net\/shop\/wp-json\/wp\/v2\/media?parent=18651"}],"wp:term":[{"taxonomy":"product_brand","embeddable":true,"href":"https:\/\/aivlisoft.net\/shop\/wp-json\/wp\/v2\/product_brand?post=18651"},{"taxonomy":"product_cat","embeddable":true,"href":"https:\/\/aivlisoft.net\/shop\/wp-json\/wp\/v2\/product_cat?post=18651"},{"taxonomy":"product_tag","embeddable":true,"href":"https:\/\/aivlisoft.net\/shop\/wp-json\/wp\/v2\/product_tag?post=18651"}],"curies":[{"name":"wp","href":"https:\/\/api.w.org\/{rel}","templated":true}]}}