{"id":18644,"date":"2025-01-13T15:24:09","date_gmt":"2025-01-13T15:24:09","guid":{"rendered":"https:\/\/aivlisoft.com\/?post_type=product&#038;p=18644"},"modified":"2025-01-14T11:40:30","modified_gmt":"2025-01-14T11:40:30","slug":"synology-ds223j-nas-2bay-disk-station","status":"publish","type":"product","link":"https:\/\/aivlisoft.net\/shop\/producto\/synology-ds223j-nas-2bay-disk-station\/","title":{"rendered":"SYNOLOGY DS223j NAS 2Bay Disk Station"},"content":{"rendered":"<p><\/p>\n<table class=\"tabla_caracteristicas\" width=\"100%\">\n<tr>\n<td valign=\"top\"><strong>Marca <\/strong><\/td>\n<td valign=\"top\">Synology<\/td>\n<\/tr>\n<tr>\n<td valign=\"top\"><strong>Modelo <\/strong><\/td>\n<td valign=\"top\"><strong>DS223j<\/strong><\/td>\n<\/tr>\n<tr>\n<td valign=\"top\"><strong>CPU <\/strong><\/td>\n<td valign=\"top\">&#8211; Realtek RTD1619B<\/td>\n<\/tr>\n<tr>\n<td valign=\"top\"><strong>Memoria<\/strong><\/td>\n<td valign=\"top\">&#8211; 1 GB DDR4&nbsp;<\/td>\n<\/tr>\n<tr>\n<td valign=\"top\"><strong>Almacenamiento <\/strong><\/td>\n<td valign=\"top\">&#8211; Tipo de unidad compatible: 2 SSD\/HDD SATA de 3,5 o 2,5 pulgadas<br \/>\t\t\t*Synology solo garantiza la funcionalidad, la fiabilidad y el rendimiento completos de las unidades Synology enumeradas en la lista de compatibilidad.<br \/>\t\t\t&nbsp; El uso de componentes no validados puede limitar ciertas funciones y provocar la p&eacute;rdida de datos y la inestabilidad del sistema.<\/td>\n<\/tr>\n<tr>\n<td valign=\"top\"><strong>Conexiones <\/strong><\/td>\n<td valign=\"top\">&#8211; 2 x puertos USB 3.2 Gen 1<br \/>\t\t\t&#8211; 1 x RJ-45 1 GbE<\/td>\n<\/tr>\n<tr>\n<td valign=\"top\"><strong>Caracter&iacute;sticas <\/strong><\/td>\n<td valign=\"top\">&#8211; Ventilador del sistema: 1 x (92 x 92 x 25 mm)<br \/>\t\t\t&#8211; Factor de forma: Escritorio<br \/>\t\t\t&#8211; Encendido\/apagado programado<br \/>\t\t\t<strong>Protocolos<\/strong><br \/>\t\t\t&#8211; SMB<br \/>\t\t\t&#8211; AFP<br \/>\t\t\t&#8211; NFS<br \/>\t\t\t&#8211; FTP<br \/>\t\t\t&#8211; WebDAV<br \/>\t\t\t&#8211; CalDAV<br \/>\t\t\t&#8211; iSCSI<br \/>\t\t\t&#8211; Telnet<br \/>\t\t\t&#8211; SSH<br \/>\t\t\t&#8211; SNMP<br \/>\t\t\t&#8211; VPN (PPTP, OpenVPN, L2TP)<br \/>\t\t\t<strong>Sistemas de archivos<\/strong><br \/>\t\t\t&#8211; Interno: Btrfs, ext4<br \/>\t\t\t&#8211; Externo: Btrfs, ext4, ext3, FAT32, NTFS, HFS+, exFAT<br \/>\t\t\t<strong>RAID compatibles<\/strong><br \/>\t\t\t&#8211; Synology Hybrid RAID (SHR)<br \/>\t\t\t&#8211; Basic<br \/>\t\t\t&#8211; JBOD<br \/>\t\t\t&#8211; RAID 0<br \/>\t\t\t&#8211; RAID 1<br \/>\t\t\t<strong>Alimentaci&oacute;n<\/strong><br \/>\t\t\t&#8211; Tensi&oacute;n de alimentaci&oacute;n de entrada CA: de 100 a 240 V CA<br \/>\t\t\t&#8211; Frecuencia de alimentaci&oacute;n: 50\/60 Hz, monof&aacute;sica<br \/>\t\t\t&#8211; Entorno operativo:<br \/>\t\t\t&nbsp; Temperatura: De 0 &deg;C a 40 &deg;C (de 32 &deg;F a 104 &deg;F)<br \/>\t\t\t&nbsp; Humedad relativa: Del 8 % al 80 % de HR<br \/>\t\t\t&#8211; Entorno de almacenamiento:<br \/>\t\t\t&nbsp; Temperatura: De -20 &deg;C a 60 &deg;C (de -5 &deg;F a 140 &deg;F)<br \/>\t\t\t&nbsp; Humedad relativa: Del 5 % al 95 % de HR<br \/>\t\t\t&#8211; Altitud operativa m&aacute;xima;: 5000 m (16 400 ft)<br \/>\t\t\t<strong>Dimensiones y peso<\/strong><br \/>\t\t\t&#8211; 165 x 100 x 225,5 mm<br \/>\t\t\t&#8211; 0,88 kg<\/td>\n<\/tr>\n<tr>\n<td valign=\"top\"><strong>Fecha Revisi&oacute;n <\/strong><\/td>\n<td valign=\"top\">27-06-2023 por RTY<\/td>\n<\/tr>\n<\/table>\n<p>&nbsp;<\/p>\n<p>&nbsp;<\/p>\n","protected":false},"excerpt":{"rendered":"<p>Marca Synology Modelo DS223j CPU &#8211; Realtek RTD1619B Memoria &#8211; 1 GB DDR4&nbsp; Almacenamiento &#8211; Tipo de unidad compatible: 2 SSD\/HDD SATA de 3,5 o 2,5 pulgadas *Synology solo garantiza la funcionalidad, la fiabilidad y el rendimiento completos de las unidades Synology enumeradas en la lista de compatibilidad. &nbsp; El uso de componentes no validados&hellip;&nbsp;<a href=\"https:\/\/aivlisoft.net\/shop\/producto\/synology-ds223j-nas-2bay-disk-station\/\" rel=\"bookmark\"><span class=\"screen-reader-text\">SYNOLOGY DS223j NAS 2Bay Disk Station<\/span><\/a><\/p>\n","protected":false},"featured_media":18645,"template":"","meta":{"neve_meta_sidebar":"","neve_meta_container":"","neve_meta_enable_content_width":"","neve_meta_content_width":0,"neve_meta_title_alignment":"","neve_meta_author_avatar":"","neve_post_elements_order":"","neve_meta_disable_header":"","neve_meta_disable_footer":"","neve_meta_disable_title":""},"product_brand":[],"product_cat":[8767],"product_tag":[6782],"class_list":{"0":"post-18644","1":"product","2":"type-product","3":"status-publish","4":"has-post-thumbnail","6":"product_cat-almacenamiento-sobremesa","7":"product_tag-ds223j","9":"first","10":"instock","11":"taxable","12":"shipping-taxable","13":"purchasable","14":"product-type-simple"},"yoast_head":"<!-- This site is optimized with the Yoast SEO plugin v26.0 - https:\/\/yoast.com\/wordpress\/plugins\/seo\/ -->\n<title>SYNOLOGY DS223j NAS 2Bay Disk Station - Aivlisoft Inform\u00e1tica<\/title>\n<meta name=\"robots\" content=\"index, follow, max-snippet:-1, max-image-preview:large, max-video-preview:-1\" \/>\n<link rel=\"canonical\" href=\"https:\/\/aivlisoft.net\/shop\/producto\/synology-ds223j-nas-2bay-disk-station\/\" \/>\n<meta property=\"og:locale\" content=\"es_ES\" \/>\n<meta property=\"og:type\" content=\"article\" \/>\n<meta property=\"og:title\" content=\"SYNOLOGY DS223j NAS 2Bay Disk Station - Aivlisoft Inform\u00e1tica\" \/>\n<meta property=\"og:description\" content=\"Marca Synology Modelo DS223j CPU &#8211; Realtek RTD1619B Memoria &#8211; 1 GB DDR4&nbsp; Almacenamiento &#8211; Tipo de unidad compatible: 2 SSD\/HDD SATA de 3,5 o 2,5 pulgadas *Synology solo garantiza la funcionalidad, la fiabilidad y el rendimiento completos de las unidades Synology enumeradas en la lista de compatibilidad. &nbsp; El uso de componentes no validados&hellip;&nbsp;SYNOLOGY DS223j NAS 2Bay Disk Station\" \/>\n<meta property=\"og:url\" content=\"https:\/\/aivlisoft.net\/shop\/producto\/synology-ds223j-nas-2bay-disk-station\/\" \/>\n<meta property=\"og:site_name\" content=\"Aivlisoft Inform\u00e1tica\" \/>\n<meta property=\"article:modified_time\" content=\"2025-01-14T11:40:30+00:00\" \/>\n<meta property=\"og:image\" content=\"https:\/\/aivlisoft.net\/shop\/wp-content\/uploads\/2025\/01\/NARARS0238_800.jpg\" \/>\n\t<meta property=\"og:image:width\" content=\"800\" \/>\n\t<meta property=\"og:image:height\" content=\"800\" \/>\n\t<meta property=\"og:image:type\" content=\"image\/jpeg\" \/>\n<meta name=\"twitter:card\" content=\"summary_large_image\" \/>\n<meta name=\"twitter:label1\" content=\"Tiempo de lectura\" \/>\n\t<meta name=\"twitter:data1\" content=\"1 minuto\" \/>\n<script type=\"application\/ld+json\" class=\"yoast-schema-graph\">{\"@context\":\"https:\/\/schema.org\",\"@graph\":[{\"@type\":\"WebPage\",\"@id\":\"https:\/\/aivlisoft.net\/shop\/producto\/synology-ds223j-nas-2bay-disk-station\/\",\"url\":\"https:\/\/aivlisoft.net\/shop\/producto\/synology-ds223j-nas-2bay-disk-station\/\",\"name\":\"SYNOLOGY DS223j NAS 2Bay Disk Station - Aivlisoft Inform\u00e1tica\",\"isPartOf\":{\"@id\":\"https:\/\/aivlisoft.net\/shop\/#website\"},\"primaryImageOfPage\":{\"@id\":\"https:\/\/aivlisoft.net\/shop\/producto\/synology-ds223j-nas-2bay-disk-station\/#primaryimage\"},\"image\":{\"@id\":\"https:\/\/aivlisoft.net\/shop\/producto\/synology-ds223j-nas-2bay-disk-station\/#primaryimage\"},\"thumbnailUrl\":\"https:\/\/aivlisoft.net\/shop\/wp-content\/uploads\/2025\/01\/NARARS0238_800.jpg\",\"datePublished\":\"2025-01-13T15:24:09+00:00\",\"dateModified\":\"2025-01-14T11:40:30+00:00\",\"breadcrumb\":{\"@id\":\"https:\/\/aivlisoft.net\/shop\/producto\/synology-ds223j-nas-2bay-disk-station\/#breadcrumb\"},\"inLanguage\":\"es\",\"potentialAction\":[{\"@type\":\"ReadAction\",\"target\":[\"https:\/\/aivlisoft.net\/shop\/producto\/synology-ds223j-nas-2bay-disk-station\/\"]}]},{\"@type\":\"ImageObject\",\"inLanguage\":\"es\",\"@id\":\"https:\/\/aivlisoft.net\/shop\/producto\/synology-ds223j-nas-2bay-disk-station\/#primaryimage\",\"url\":\"https:\/\/aivlisoft.net\/shop\/wp-content\/uploads\/2025\/01\/NARARS0238_800.jpg\",\"contentUrl\":\"https:\/\/aivlisoft.net\/shop\/wp-content\/uploads\/2025\/01\/NARARS0238_800.jpg\",\"width\":800,\"height\":800},{\"@type\":\"BreadcrumbList\",\"@id\":\"https:\/\/aivlisoft.net\/shop\/producto\/synology-ds223j-nas-2bay-disk-station\/#breadcrumb\",\"itemListElement\":[{\"@type\":\"ListItem\",\"position\":1,\"name\":\"Portada\",\"item\":\"https:\/\/aivlisoft.net\/shop\/\"},{\"@type\":\"ListItem\",\"position\":2,\"name\":\"Tienda\",\"item\":\"https:\/\/aivlisoft.net\/shop\/tienda\/\"},{\"@type\":\"ListItem\",\"position\":3,\"name\":\"SYNOLOGY DS223j NAS 2Bay Disk Station\"}]},{\"@type\":\"WebSite\",\"@id\":\"https:\/\/aivlisoft.net\/shop\/#website\",\"url\":\"https:\/\/aivlisoft.net\/shop\/\",\"name\":\"Aivlisoft Inform\u00e1tica\",\"description\":\"En Aivlisoft Inform\u00e1tica ofrecemos soluciones tecnol\u00f3gicas para empresas: venta de ordenadores, consumibles, perif\u00e9ricos y m\u00e1s. Calidad, atenci\u00f3n personalizada y los mejores precios para tu negocio.\",\"publisher\":{\"@id\":\"https:\/\/aivlisoft.net\/shop\/#organization\"},\"potentialAction\":[{\"@type\":\"SearchAction\",\"target\":{\"@type\":\"EntryPoint\",\"urlTemplate\":\"https:\/\/aivlisoft.net\/shop\/?s={search_term_string}\"},\"query-input\":{\"@type\":\"PropertyValueSpecification\",\"valueRequired\":true,\"valueName\":\"search_term_string\"}}],\"inLanguage\":\"es\"},{\"@type\":\"Organization\",\"@id\":\"https:\/\/aivlisoft.net\/shop\/#organization\",\"name\":\"Aivlisoft Inform\u00e1tica\",\"url\":\"https:\/\/aivlisoft.net\/shop\/\",\"logo\":{\"@type\":\"ImageObject\",\"inLanguage\":\"es\",\"@id\":\"https:\/\/aivlisoft.net\/shop\/#\/schema\/logo\/image\/\",\"url\":\"https:\/\/aivlisoft.net\/shop\/wp-content\/uploads\/2024\/12\/removal.ai_5b848c54-0cdf-4140-95c5-c5536bb7573b-logodef.png\",\"contentUrl\":\"https:\/\/aivlisoft.net\/shop\/wp-content\/uploads\/2024\/12\/removal.ai_5b848c54-0cdf-4140-95c5-c5536bb7573b-logodef.png\",\"width\":484,\"height\":182,\"caption\":\"Aivlisoft Inform\u00e1tica\"},\"image\":{\"@id\":\"https:\/\/aivlisoft.net\/shop\/#\/schema\/logo\/image\/\"}}]}<\/script>\n<!-- \/ Yoast SEO plugin. -->","yoast_head_json":{"title":"SYNOLOGY DS223j NAS 2Bay Disk Station - Aivlisoft Inform\u00e1tica","robots":{"index":"index","follow":"follow","max-snippet":"max-snippet:-1","max-image-preview":"max-image-preview:large","max-video-preview":"max-video-preview:-1"},"canonical":"https:\/\/aivlisoft.net\/shop\/producto\/synology-ds223j-nas-2bay-disk-station\/","og_locale":"es_ES","og_type":"article","og_title":"SYNOLOGY DS223j NAS 2Bay Disk Station - Aivlisoft Inform\u00e1tica","og_description":"Marca Synology Modelo DS223j CPU &#8211; Realtek RTD1619B Memoria &#8211; 1 GB DDR4&nbsp; Almacenamiento &#8211; Tipo de unidad compatible: 2 SSD\/HDD SATA de 3,5 o 2,5 pulgadas *Synology solo garantiza la funcionalidad, la fiabilidad y el rendimiento completos de las unidades Synology enumeradas en la lista de compatibilidad. &nbsp; El uso de componentes no validados&hellip;&nbsp;SYNOLOGY DS223j NAS 2Bay Disk Station","og_url":"https:\/\/aivlisoft.net\/shop\/producto\/synology-ds223j-nas-2bay-disk-station\/","og_site_name":"Aivlisoft Inform\u00e1tica","article_modified_time":"2025-01-14T11:40:30+00:00","og_image":[{"width":800,"height":800,"url":"https:\/\/aivlisoft.net\/shop\/wp-content\/uploads\/2025\/01\/NARARS0238_800.jpg","type":"image\/jpeg"}],"twitter_card":"summary_large_image","twitter_misc":{"Tiempo de lectura":"1 minuto"},"schema":{"@context":"https:\/\/schema.org","@graph":[{"@type":"WebPage","@id":"https:\/\/aivlisoft.net\/shop\/producto\/synology-ds223j-nas-2bay-disk-station\/","url":"https:\/\/aivlisoft.net\/shop\/producto\/synology-ds223j-nas-2bay-disk-station\/","name":"SYNOLOGY DS223j NAS 2Bay Disk Station - Aivlisoft Inform\u00e1tica","isPartOf":{"@id":"https:\/\/aivlisoft.net\/shop\/#website"},"primaryImageOfPage":{"@id":"https:\/\/aivlisoft.net\/shop\/producto\/synology-ds223j-nas-2bay-disk-station\/#primaryimage"},"image":{"@id":"https:\/\/aivlisoft.net\/shop\/producto\/synology-ds223j-nas-2bay-disk-station\/#primaryimage"},"thumbnailUrl":"https:\/\/aivlisoft.net\/shop\/wp-content\/uploads\/2025\/01\/NARARS0238_800.jpg","datePublished":"2025-01-13T15:24:09+00:00","dateModified":"2025-01-14T11:40:30+00:00","breadcrumb":{"@id":"https:\/\/aivlisoft.net\/shop\/producto\/synology-ds223j-nas-2bay-disk-station\/#breadcrumb"},"inLanguage":"es","potentialAction":[{"@type":"ReadAction","target":["https:\/\/aivlisoft.net\/shop\/producto\/synology-ds223j-nas-2bay-disk-station\/"]}]},{"@type":"ImageObject","inLanguage":"es","@id":"https:\/\/aivlisoft.net\/shop\/producto\/synology-ds223j-nas-2bay-disk-station\/#primaryimage","url":"https:\/\/aivlisoft.net\/shop\/wp-content\/uploads\/2025\/01\/NARARS0238_800.jpg","contentUrl":"https:\/\/aivlisoft.net\/shop\/wp-content\/uploads\/2025\/01\/NARARS0238_800.jpg","width":800,"height":800},{"@type":"BreadcrumbList","@id":"https:\/\/aivlisoft.net\/shop\/producto\/synology-ds223j-nas-2bay-disk-station\/#breadcrumb","itemListElement":[{"@type":"ListItem","position":1,"name":"Portada","item":"https:\/\/aivlisoft.net\/shop\/"},{"@type":"ListItem","position":2,"name":"Tienda","item":"https:\/\/aivlisoft.net\/shop\/tienda\/"},{"@type":"ListItem","position":3,"name":"SYNOLOGY DS223j NAS 2Bay Disk Station"}]},{"@type":"WebSite","@id":"https:\/\/aivlisoft.net\/shop\/#website","url":"https:\/\/aivlisoft.net\/shop\/","name":"Aivlisoft Inform\u00e1tica","description":"En Aivlisoft Inform\u00e1tica ofrecemos soluciones tecnol\u00f3gicas para empresas: venta de ordenadores, consumibles, perif\u00e9ricos y m\u00e1s. Calidad, atenci\u00f3n personalizada y los mejores precios para tu negocio.","publisher":{"@id":"https:\/\/aivlisoft.net\/shop\/#organization"},"potentialAction":[{"@type":"SearchAction","target":{"@type":"EntryPoint","urlTemplate":"https:\/\/aivlisoft.net\/shop\/?s={search_term_string}"},"query-input":{"@type":"PropertyValueSpecification","valueRequired":true,"valueName":"search_term_string"}}],"inLanguage":"es"},{"@type":"Organization","@id":"https:\/\/aivlisoft.net\/shop\/#organization","name":"Aivlisoft Inform\u00e1tica","url":"https:\/\/aivlisoft.net\/shop\/","logo":{"@type":"ImageObject","inLanguage":"es","@id":"https:\/\/aivlisoft.net\/shop\/#\/schema\/logo\/image\/","url":"https:\/\/aivlisoft.net\/shop\/wp-content\/uploads\/2024\/12\/removal.ai_5b848c54-0cdf-4140-95c5-c5536bb7573b-logodef.png","contentUrl":"https:\/\/aivlisoft.net\/shop\/wp-content\/uploads\/2024\/12\/removal.ai_5b848c54-0cdf-4140-95c5-c5536bb7573b-logodef.png","width":484,"height":182,"caption":"Aivlisoft Inform\u00e1tica"},"image":{"@id":"https:\/\/aivlisoft.net\/shop\/#\/schema\/logo\/image\/"}}]}},"_links":{"self":[{"href":"https:\/\/aivlisoft.net\/shop\/wp-json\/wp\/v2\/product\/18644","targetHints":{"allow":["GET"]}}],"collection":[{"href":"https:\/\/aivlisoft.net\/shop\/wp-json\/wp\/v2\/product"}],"about":[{"href":"https:\/\/aivlisoft.net\/shop\/wp-json\/wp\/v2\/types\/product"}],"wp:featuredmedia":[{"embeddable":true,"href":"https:\/\/aivlisoft.net\/shop\/wp-json\/wp\/v2\/media\/18645"}],"wp:attachment":[{"href":"https:\/\/aivlisoft.net\/shop\/wp-json\/wp\/v2\/media?parent=18644"}],"wp:term":[{"taxonomy":"product_brand","embeddable":true,"href":"https:\/\/aivlisoft.net\/shop\/wp-json\/wp\/v2\/product_brand?post=18644"},{"taxonomy":"product_cat","embeddable":true,"href":"https:\/\/aivlisoft.net\/shop\/wp-json\/wp\/v2\/product_cat?post=18644"},{"taxonomy":"product_tag","embeddable":true,"href":"https:\/\/aivlisoft.net\/shop\/wp-json\/wp\/v2\/product_tag?post=18644"}],"curies":[{"name":"wp","href":"https:\/\/api.w.org\/{rel}","templated":true}]}}