{"id":1862,"date":"2025-01-13T13:05:42","date_gmt":"2025-01-13T13:05:42","guid":{"rendered":"https:\/\/aivlisoft.com\/?post_type=product&#038;p=1862"},"modified":"2025-01-14T09:58:38","modified_gmt":"2025-01-14T09:58:38","slug":"rivacase-powerbank-va2585-30000mah-qc-pd-lcd-20w","status":"publish","type":"product","link":"https:\/\/aivlisoft.net\/shop\/producto\/rivacase-powerbank-va2585-30000mah-qc-pd-lcd-20w\/","title":{"rendered":"RIVACASE Powerbank VA2585 30000mAh QC\/PD\/LCD 20W"},"content":{"rendered":"<p><\/p>\n<table class=\"tabla_caracteristicas\" width=\"100%\">\n<tr>\n<td valign=\"top\"><strong>Marca<\/strong><\/td>\n<td>Rivacase<\/td>\n<\/tr>\n<tr>\n<td valign=\"top\"><strong>Modelo<\/strong><\/td>\n<td><strong>VA2585<\/strong><\/td>\n<\/tr>\n<tr>\n<td valign=\"top\"><strong>Caracter&iacute;sticas<\/strong><\/td>\n<td>&#8211; Capacidad de la bater&iacute;a: <strong>30000 mAh&middot;h<\/strong><br \/>\t\t\t&#8211; Iphone de carga r&aacute;pida: compatible con el modo de carga de 20 W<br \/>\t\t\t&#8211; Indicador de carga r&aacute;pida<br \/>\t\t\t&#8211; La pantalla LCD muestra la capacidad restante, el voltaje de carga y la potencia<br \/>\t\t\t&#8211; Entrada\/salida USB-C: Puede usar la toma USB-C para cargar dispositivos y recargar la bater&iacute;a<br \/>\t\t\t&#8211; Recarga port&aacute;til de emergencia a trav&eacute;s de USB-C<br \/>\t\t\t&#8211; Soporte: Power Delivery 20W, QC3.0<br \/>\t\t\t&#8211; Bater&iacute;a de pol&iacute;mero de litio: 3,7 V 30000 mAh 111 Wh<br \/>\t\t\t&#8211; Entrada: Tipo-C 5V 2A \/ 9V 2 (Compatible con QC 3.0\/PD 3.0)<br \/>\t\t\t&#8211; Salida:<br \/>\t\t\t&nbsp; USB1 5V 3A \/ 9V 2? \/ 12V 1,5? (Soporte QC 3.0)<br \/>\t\t\t&nbsp; USB2 5V 3A \/ 9V 2A \/ 12V 1,5A (Soporte QC 3.0)<br \/>\t\t\t&nbsp; Tipo-C 5V 3A \/ 9V 2,2A \/ 12V 1,66A (Soporte PD 3.0)<br \/>\t\t\t<strong>Dimensiones y peso<\/strong><br \/>\t\t\t&#8211; 150 x 68 x 40 mm<br \/>\t\t\t&#8211; 576 g<\/td>\n<\/tr>\n<tr>\n<td valign=\"top\"><strong>Fecha de revisi&oacute;n<\/strong><\/td>\n<td>07-06-2023 por RTY<\/td>\n<\/tr>\n<\/table>\n","protected":false},"excerpt":{"rendered":"<p>Marca Rivacase Modelo VA2585 Caracter&iacute;sticas &#8211; Capacidad de la bater&iacute;a: 30000 mAh&middot;h &#8211; Iphone de carga r&aacute;pida: compatible con el modo de carga de 20 W &#8211; Indicador de carga r&aacute;pida &#8211; La pantalla LCD muestra la capacidad restante, el voltaje de carga y la potencia &#8211; Entrada\/salida USB-C: Puede usar la toma USB-C para&hellip;&nbsp;<a href=\"https:\/\/aivlisoft.net\/shop\/producto\/rivacase-powerbank-va2585-30000mah-qc-pd-lcd-20w\/\" rel=\"bookmark\"><span class=\"screen-reader-text\">RIVACASE Powerbank VA2585 30000mAh QC\/PD\/LCD 20W<\/span><\/a><\/p>\n","protected":false},"featured_media":1863,"template":"","meta":{"neve_meta_sidebar":"","neve_meta_container":"","neve_meta_enable_content_width":"","neve_meta_content_width":0,"neve_meta_title_alignment":"","neve_meta_author_avatar":"","neve_post_elements_order":"","neve_meta_disable_header":"","neve_meta_disable_footer":"","neve_meta_disable_title":""},"product_brand":[],"product_cat":[15],"product_tag":[523],"class_list":{"0":"post-1862","1":"product","2":"type-product","3":"status-publish","4":"has-post-thumbnail","6":"product_cat-sin-categorizar","7":"product_tag-va2585","9":"first","10":"instock","11":"taxable","12":"shipping-taxable","13":"purchasable","14":"product-type-simple"},"yoast_head":"<!-- This site is optimized with the Yoast SEO plugin v26.0 - https:\/\/yoast.com\/wordpress\/plugins\/seo\/ -->\n<title>RIVACASE Powerbank VA2585 30000mAh QC\/PD\/LCD 20W - Aivlisoft Inform\u00e1tica<\/title>\n<meta name=\"robots\" content=\"index, follow, max-snippet:-1, max-image-preview:large, max-video-preview:-1\" \/>\n<link rel=\"canonical\" href=\"https:\/\/aivlisoft.net\/shop\/producto\/rivacase-powerbank-va2585-30000mah-qc-pd-lcd-20w\/\" \/>\n<meta property=\"og:locale\" content=\"es_ES\" \/>\n<meta property=\"og:type\" content=\"article\" \/>\n<meta property=\"og:title\" content=\"RIVACASE Powerbank VA2585 30000mAh QC\/PD\/LCD 20W - Aivlisoft Inform\u00e1tica\" \/>\n<meta property=\"og:description\" content=\"Marca Rivacase Modelo VA2585 Caracter&iacute;sticas &#8211; Capacidad de la bater&iacute;a: 30000 mAh&middot;h &#8211; Iphone de carga r&aacute;pida: compatible con el modo de carga de 20 W &#8211; Indicador de carga r&aacute;pida &#8211; La pantalla LCD muestra la capacidad restante, el voltaje de carga y la potencia &#8211; Entrada\/salida USB-C: Puede usar la toma USB-C para&hellip;&nbsp;RIVACASE Powerbank VA2585 30000mAh QC\/PD\/LCD 20W\" \/>\n<meta property=\"og:url\" content=\"https:\/\/aivlisoft.net\/shop\/producto\/rivacase-powerbank-va2585-30000mah-qc-pd-lcd-20w\/\" \/>\n<meta property=\"og:site_name\" content=\"Aivlisoft Inform\u00e1tica\" \/>\n<meta property=\"article:modified_time\" content=\"2025-01-14T09:58:38+00:00\" \/>\n<meta property=\"og:image\" content=\"https:\/\/aivlisoft.net\/shop\/wp-content\/uploads\/2025\/01\/AATBPT0290_800-1.jpg\" \/>\n\t<meta property=\"og:image:width\" content=\"800\" \/>\n\t<meta property=\"og:image:height\" content=\"800\" \/>\n\t<meta property=\"og:image:type\" content=\"image\/jpeg\" \/>\n<meta name=\"twitter:card\" content=\"summary_large_image\" \/>\n<meta name=\"twitter:label1\" content=\"Tiempo de lectura\" \/>\n\t<meta name=\"twitter:data1\" content=\"1 minuto\" \/>\n<script type=\"application\/ld+json\" class=\"yoast-schema-graph\">{\"@context\":\"https:\/\/schema.org\",\"@graph\":[{\"@type\":\"WebPage\",\"@id\":\"https:\/\/aivlisoft.net\/shop\/producto\/rivacase-powerbank-va2585-30000mah-qc-pd-lcd-20w\/\",\"url\":\"https:\/\/aivlisoft.net\/shop\/producto\/rivacase-powerbank-va2585-30000mah-qc-pd-lcd-20w\/\",\"name\":\"RIVACASE Powerbank VA2585 30000mAh QC\/PD\/LCD 20W - Aivlisoft Inform\u00e1tica\",\"isPartOf\":{\"@id\":\"https:\/\/aivlisoft.net\/shop\/#website\"},\"primaryImageOfPage\":{\"@id\":\"https:\/\/aivlisoft.net\/shop\/producto\/rivacase-powerbank-va2585-30000mah-qc-pd-lcd-20w\/#primaryimage\"},\"image\":{\"@id\":\"https:\/\/aivlisoft.net\/shop\/producto\/rivacase-powerbank-va2585-30000mah-qc-pd-lcd-20w\/#primaryimage\"},\"thumbnailUrl\":\"https:\/\/aivlisoft.net\/shop\/wp-content\/uploads\/2025\/01\/AATBPT0290_800-1.jpg\",\"datePublished\":\"2025-01-13T13:05:42+00:00\",\"dateModified\":\"2025-01-14T09:58:38+00:00\",\"breadcrumb\":{\"@id\":\"https:\/\/aivlisoft.net\/shop\/producto\/rivacase-powerbank-va2585-30000mah-qc-pd-lcd-20w\/#breadcrumb\"},\"inLanguage\":\"es\",\"potentialAction\":[{\"@type\":\"ReadAction\",\"target\":[\"https:\/\/aivlisoft.net\/shop\/producto\/rivacase-powerbank-va2585-30000mah-qc-pd-lcd-20w\/\"]}]},{\"@type\":\"ImageObject\",\"inLanguage\":\"es\",\"@id\":\"https:\/\/aivlisoft.net\/shop\/producto\/rivacase-powerbank-va2585-30000mah-qc-pd-lcd-20w\/#primaryimage\",\"url\":\"https:\/\/aivlisoft.net\/shop\/wp-content\/uploads\/2025\/01\/AATBPT0290_800-1.jpg\",\"contentUrl\":\"https:\/\/aivlisoft.net\/shop\/wp-content\/uploads\/2025\/01\/AATBPT0290_800-1.jpg\",\"width\":800,\"height\":800},{\"@type\":\"BreadcrumbList\",\"@id\":\"https:\/\/aivlisoft.net\/shop\/producto\/rivacase-powerbank-va2585-30000mah-qc-pd-lcd-20w\/#breadcrumb\",\"itemListElement\":[{\"@type\":\"ListItem\",\"position\":1,\"name\":\"Portada\",\"item\":\"https:\/\/aivlisoft.net\/shop\/\"},{\"@type\":\"ListItem\",\"position\":2,\"name\":\"Tienda\",\"item\":\"https:\/\/aivlisoft.net\/shop\/tienda\/\"},{\"@type\":\"ListItem\",\"position\":3,\"name\":\"RIVACASE Powerbank VA2585 30000mAh QC\/PD\/LCD 20W\"}]},{\"@type\":\"WebSite\",\"@id\":\"https:\/\/aivlisoft.net\/shop\/#website\",\"url\":\"https:\/\/aivlisoft.net\/shop\/\",\"name\":\"Aivlisoft Inform\u00e1tica\",\"description\":\"En Aivlisoft Inform\u00e1tica ofrecemos soluciones tecnol\u00f3gicas para empresas: venta de ordenadores, consumibles, perif\u00e9ricos y m\u00e1s. Calidad, atenci\u00f3n personalizada y los mejores precios para tu negocio.\",\"publisher\":{\"@id\":\"https:\/\/aivlisoft.net\/shop\/#organization\"},\"potentialAction\":[{\"@type\":\"SearchAction\",\"target\":{\"@type\":\"EntryPoint\",\"urlTemplate\":\"https:\/\/aivlisoft.net\/shop\/?s={search_term_string}\"},\"query-input\":{\"@type\":\"PropertyValueSpecification\",\"valueRequired\":true,\"valueName\":\"search_term_string\"}}],\"inLanguage\":\"es\"},{\"@type\":\"Organization\",\"@id\":\"https:\/\/aivlisoft.net\/shop\/#organization\",\"name\":\"Aivlisoft Inform\u00e1tica\",\"url\":\"https:\/\/aivlisoft.net\/shop\/\",\"logo\":{\"@type\":\"ImageObject\",\"inLanguage\":\"es\",\"@id\":\"https:\/\/aivlisoft.net\/shop\/#\/schema\/logo\/image\/\",\"url\":\"https:\/\/aivlisoft.net\/shop\/wp-content\/uploads\/2024\/12\/removal.ai_5b848c54-0cdf-4140-95c5-c5536bb7573b-logodef.png\",\"contentUrl\":\"https:\/\/aivlisoft.net\/shop\/wp-content\/uploads\/2024\/12\/removal.ai_5b848c54-0cdf-4140-95c5-c5536bb7573b-logodef.png\",\"width\":484,\"height\":182,\"caption\":\"Aivlisoft Inform\u00e1tica\"},\"image\":{\"@id\":\"https:\/\/aivlisoft.net\/shop\/#\/schema\/logo\/image\/\"}}]}<\/script>\n<!-- \/ Yoast SEO plugin. -->","yoast_head_json":{"title":"RIVACASE Powerbank VA2585 30000mAh QC\/PD\/LCD 20W - Aivlisoft Inform\u00e1tica","robots":{"index":"index","follow":"follow","max-snippet":"max-snippet:-1","max-image-preview":"max-image-preview:large","max-video-preview":"max-video-preview:-1"},"canonical":"https:\/\/aivlisoft.net\/shop\/producto\/rivacase-powerbank-va2585-30000mah-qc-pd-lcd-20w\/","og_locale":"es_ES","og_type":"article","og_title":"RIVACASE Powerbank VA2585 30000mAh QC\/PD\/LCD 20W - Aivlisoft Inform\u00e1tica","og_description":"Marca Rivacase Modelo VA2585 Caracter&iacute;sticas &#8211; Capacidad de la bater&iacute;a: 30000 mAh&middot;h &#8211; Iphone de carga r&aacute;pida: compatible con el modo de carga de 20 W &#8211; Indicador de carga r&aacute;pida &#8211; La pantalla LCD muestra la capacidad restante, el voltaje de carga y la potencia &#8211; Entrada\/salida USB-C: Puede usar la toma USB-C para&hellip;&nbsp;RIVACASE Powerbank VA2585 30000mAh QC\/PD\/LCD 20W","og_url":"https:\/\/aivlisoft.net\/shop\/producto\/rivacase-powerbank-va2585-30000mah-qc-pd-lcd-20w\/","og_site_name":"Aivlisoft Inform\u00e1tica","article_modified_time":"2025-01-14T09:58:38+00:00","og_image":[{"width":800,"height":800,"url":"https:\/\/aivlisoft.net\/shop\/wp-content\/uploads\/2025\/01\/AATBPT0290_800-1.jpg","type":"image\/jpeg"}],"twitter_card":"summary_large_image","twitter_misc":{"Tiempo de lectura":"1 minuto"},"schema":{"@context":"https:\/\/schema.org","@graph":[{"@type":"WebPage","@id":"https:\/\/aivlisoft.net\/shop\/producto\/rivacase-powerbank-va2585-30000mah-qc-pd-lcd-20w\/","url":"https:\/\/aivlisoft.net\/shop\/producto\/rivacase-powerbank-va2585-30000mah-qc-pd-lcd-20w\/","name":"RIVACASE Powerbank VA2585 30000mAh QC\/PD\/LCD 20W - Aivlisoft Inform\u00e1tica","isPartOf":{"@id":"https:\/\/aivlisoft.net\/shop\/#website"},"primaryImageOfPage":{"@id":"https:\/\/aivlisoft.net\/shop\/producto\/rivacase-powerbank-va2585-30000mah-qc-pd-lcd-20w\/#primaryimage"},"image":{"@id":"https:\/\/aivlisoft.net\/shop\/producto\/rivacase-powerbank-va2585-30000mah-qc-pd-lcd-20w\/#primaryimage"},"thumbnailUrl":"https:\/\/aivlisoft.net\/shop\/wp-content\/uploads\/2025\/01\/AATBPT0290_800-1.jpg","datePublished":"2025-01-13T13:05:42+00:00","dateModified":"2025-01-14T09:58:38+00:00","breadcrumb":{"@id":"https:\/\/aivlisoft.net\/shop\/producto\/rivacase-powerbank-va2585-30000mah-qc-pd-lcd-20w\/#breadcrumb"},"inLanguage":"es","potentialAction":[{"@type":"ReadAction","target":["https:\/\/aivlisoft.net\/shop\/producto\/rivacase-powerbank-va2585-30000mah-qc-pd-lcd-20w\/"]}]},{"@type":"ImageObject","inLanguage":"es","@id":"https:\/\/aivlisoft.net\/shop\/producto\/rivacase-powerbank-va2585-30000mah-qc-pd-lcd-20w\/#primaryimage","url":"https:\/\/aivlisoft.net\/shop\/wp-content\/uploads\/2025\/01\/AATBPT0290_800-1.jpg","contentUrl":"https:\/\/aivlisoft.net\/shop\/wp-content\/uploads\/2025\/01\/AATBPT0290_800-1.jpg","width":800,"height":800},{"@type":"BreadcrumbList","@id":"https:\/\/aivlisoft.net\/shop\/producto\/rivacase-powerbank-va2585-30000mah-qc-pd-lcd-20w\/#breadcrumb","itemListElement":[{"@type":"ListItem","position":1,"name":"Portada","item":"https:\/\/aivlisoft.net\/shop\/"},{"@type":"ListItem","position":2,"name":"Tienda","item":"https:\/\/aivlisoft.net\/shop\/tienda\/"},{"@type":"ListItem","position":3,"name":"RIVACASE Powerbank VA2585 30000mAh QC\/PD\/LCD 20W"}]},{"@type":"WebSite","@id":"https:\/\/aivlisoft.net\/shop\/#website","url":"https:\/\/aivlisoft.net\/shop\/","name":"Aivlisoft Inform\u00e1tica","description":"En Aivlisoft Inform\u00e1tica ofrecemos soluciones tecnol\u00f3gicas para empresas: venta de ordenadores, consumibles, perif\u00e9ricos y m\u00e1s. Calidad, atenci\u00f3n personalizada y los mejores precios para tu negocio.","publisher":{"@id":"https:\/\/aivlisoft.net\/shop\/#organization"},"potentialAction":[{"@type":"SearchAction","target":{"@type":"EntryPoint","urlTemplate":"https:\/\/aivlisoft.net\/shop\/?s={search_term_string}"},"query-input":{"@type":"PropertyValueSpecification","valueRequired":true,"valueName":"search_term_string"}}],"inLanguage":"es"},{"@type":"Organization","@id":"https:\/\/aivlisoft.net\/shop\/#organization","name":"Aivlisoft Inform\u00e1tica","url":"https:\/\/aivlisoft.net\/shop\/","logo":{"@type":"ImageObject","inLanguage":"es","@id":"https:\/\/aivlisoft.net\/shop\/#\/schema\/logo\/image\/","url":"https:\/\/aivlisoft.net\/shop\/wp-content\/uploads\/2024\/12\/removal.ai_5b848c54-0cdf-4140-95c5-c5536bb7573b-logodef.png","contentUrl":"https:\/\/aivlisoft.net\/shop\/wp-content\/uploads\/2024\/12\/removal.ai_5b848c54-0cdf-4140-95c5-c5536bb7573b-logodef.png","width":484,"height":182,"caption":"Aivlisoft Inform\u00e1tica"},"image":{"@id":"https:\/\/aivlisoft.net\/shop\/#\/schema\/logo\/image\/"}}]}},"_links":{"self":[{"href":"https:\/\/aivlisoft.net\/shop\/wp-json\/wp\/v2\/product\/1862","targetHints":{"allow":["GET"]}}],"collection":[{"href":"https:\/\/aivlisoft.net\/shop\/wp-json\/wp\/v2\/product"}],"about":[{"href":"https:\/\/aivlisoft.net\/shop\/wp-json\/wp\/v2\/types\/product"}],"wp:featuredmedia":[{"embeddable":true,"href":"https:\/\/aivlisoft.net\/shop\/wp-json\/wp\/v2\/media\/1863"}],"wp:attachment":[{"href":"https:\/\/aivlisoft.net\/shop\/wp-json\/wp\/v2\/media?parent=1862"}],"wp:term":[{"taxonomy":"product_brand","embeddable":true,"href":"https:\/\/aivlisoft.net\/shop\/wp-json\/wp\/v2\/product_brand?post=1862"},{"taxonomy":"product_cat","embeddable":true,"href":"https:\/\/aivlisoft.net\/shop\/wp-json\/wp\/v2\/product_cat?post=1862"},{"taxonomy":"product_tag","embeddable":true,"href":"https:\/\/aivlisoft.net\/shop\/wp-json\/wp\/v2\/product_tag?post=1862"}],"curies":[{"name":"wp","href":"https:\/\/api.w.org\/{rel}","templated":true}]}}