{"id":18586,"date":"2025-01-13T15:23:37","date_gmt":"2025-01-13T15:23:37","guid":{"rendered":"https:\/\/aivlisoft.com\/?post_type=product&#038;p=18586"},"modified":"2025-01-14T11:40:13","modified_gmt":"2025-01-14T11:40:13","slug":"synology-ds723-nas-2bay-disk-station","status":"publish","type":"product","link":"https:\/\/aivlisoft.net\/shop\/producto\/synology-ds723-nas-2bay-disk-station\/","title":{"rendered":"Synology DS723+ NAS 2Bay Disk Station"},"content":{"rendered":"<p>Almacenamiento compacto y compatible para entornos dom&eacute;sticos y peque&ntilde;as empresas.<\/p>\n<p>Synology DS723+ es una soluci&oacute;n NAS compacta y flexible de 2 bah&iacute;as que puedeajustar y ampliar a medida que cambian sus necesidades, con posibilidad de incluirhasta siete unidades, redes m&aacute;s r&aacute;pidas y SSD NVMe para grupos de almacenamiento adicionales o en cach&eacute;. Con la tecnolog&iacute;a de Synology DiskStation Manager (DSM), ofrece una soluci&oacute;n flexible y todo en uno para compartir datos, sincronizar, realizar copias de seguridad y supervisar.<br \/>&nbsp;<\/p>\n<table class=\"tabla_caracteristicas k-table\" width=\"100%\">\n<tr>\n<td valign=\"top\"><strong>Marca <\/strong><\/td>\n<td valign=\"top\">Synology<\/td>\n<\/tr>\n<tr>\n<td valign=\"top\"><strong>Modelo <\/strong><\/td>\n<td valign=\"top\"><strong>DS723+<\/strong><\/td>\n<\/tr>\n<tr>\n<td valign=\"top\"><strong>CPU<\/strong><\/td>\n<td valign=\"top\">&#8211; CPU: AMD Ryzen&trade; <strong>R1600<\/strong> de dos n&uacute;cleos (4 subprocesos), aumento de reloj m&aacute;ximo hasta 3,1 GHz<br \/>\t\t\t&#8211; Motor de cifrado de hardware: (AES-NI)<\/td>\n<\/tr>\n<tr>\n<td valign=\"top\"><strong>Memoria <\/strong><\/td>\n<td valign=\"top\">&#8211; <strong>2 GB <\/strong>de SODIMM ECC SODIMM (ampliable hasta 32 GB)<\/td>\n<\/tr>\n<tr>\n<td valign=\"top\"><strong>Almacenamiento <\/strong><\/td>\n<td valign=\"top\">&#8211; Tipo de unidad compatible<br \/>\t\t\t&nbsp; 2 x HDD\/SSD SATA de 3,5&quot; o 2,5&quot; (no se incluyen los discos)<br \/>\t\t\t&nbsp; 2 x SSD M.2 2280 NVMe (no se incluyen los discos)<br \/>\t\t\t&nbsp; Synology solo garantiza la funcionalidad, la fiabilidad y el rendimiento completos de las unidades Synology que figuran en la lista de compatibilidad<br \/>\t\t\t&#8211; Unidad intercambiable en caliente<\/td>\n<\/tr>\n<tr>\n<td valign=\"top\"><strong>Conexiones <\/strong><\/td>\n<td valign=\"top\">&#8211; 1 puertos USB 3.2 de 1.&ordf; generaci&oacute;n<br \/>\t\t\t&#8211; 1 puerto de expansi&oacute;n (eSATA)<\/td>\n<\/tr>\n<tr>\n<td valign=\"top\"><strong>Caracter&iacute;sticas <\/strong><\/td>\n<td valign=\"top\">&#8211; Wake on LAN \/ WAN<br \/>\t\t\t&#8211; Encendido \/ apagado programado<br \/>\t\t\t&#8211; Ventilador del sistema: 1 x (92 x 92 x 25 mm)<br \/>\t\t\t&#8211; Tensi&oacute;n de alimentaci&oacute;n de entrada de CA: de 100 V a 240 V CA<br \/>\t\t\t&#8211; Temperatura de funcionamiento: 0 &deg; C a 40 &deg; C<br \/>\t\t\t&#8211; Temperatura de almacenamiento: -20 &deg; C a 60 &deg; C<br \/>\t\t\t&#8211; Humedad relativa: 8% a 80% de HR<br \/>\t\t\t&#8211; Frecuencia de red: 50\/60 Hz, monof&aacute;sico<br \/>\t\t\t&#8211; Altitud m&aacute;xima de funcionamiento: 5000 m<br \/>\t\t\t&#8211; Protocolos<strong>: <\/strong>PPTP, OpenVPN, L2DTP \/ IPSec<br \/>\t\t\t<strong>Dimensiones y peso<\/strong><br \/>\t\t\t&#8211; (Al x An x Pr): 166 x 106 x 223 mm<br \/>\t\t\t&#8211; 1,51 kg<\/td>\n<\/tr>\n<tr>\n<td valign=\"top\"><strong>Fecha Revisi&oacute;n <\/strong><\/td>\n<td valign=\"top\">14-12-2022 por RTY<\/td>\n<\/tr>\n<\/table>\n","protected":false},"excerpt":{"rendered":"<p>Almacenamiento compacto y compatible para entornos dom&eacute;sticos y peque&ntilde;as empresas. Synology DS723+ es una soluci&oacute;n NAS compacta y flexible de 2 bah&iacute;as que puedeajustar y ampliar a medida que cambian sus necesidades, con posibilidad de incluirhasta siete unidades, redes m&aacute;s r&aacute;pidas y SSD NVMe para grupos de almacenamiento adicionales o en cach&eacute;. Con la tecnolog&iacute;a&hellip;&nbsp;<a href=\"https:\/\/aivlisoft.net\/shop\/producto\/synology-ds723-nas-2bay-disk-station\/\" rel=\"bookmark\"><span class=\"screen-reader-text\">Synology DS723+ NAS 2Bay Disk Station<\/span><\/a><\/p>\n","protected":false},"featured_media":18587,"template":"","meta":{"neve_meta_sidebar":"","neve_meta_container":"","neve_meta_enable_content_width":"","neve_meta_content_width":0,"neve_meta_title_alignment":"","neve_meta_author_avatar":"","neve_post_elements_order":"","neve_meta_disable_header":"","neve_meta_disable_footer":"","neve_meta_disable_title":""},"product_brand":[],"product_cat":[8767],"product_tag":[6769],"class_list":{"0":"post-18586","1":"product","2":"type-product","3":"status-publish","4":"has-post-thumbnail","6":"product_cat-almacenamiento-sobremesa","7":"product_tag-ds723","9":"first","10":"instock","11":"taxable","12":"shipping-taxable","13":"purchasable","14":"product-type-simple"},"yoast_head":"<!-- This site is optimized with the Yoast SEO plugin v26.0 - https:\/\/yoast.com\/wordpress\/plugins\/seo\/ -->\n<title>Synology DS723+ NAS 2Bay Disk Station - Aivlisoft Inform\u00e1tica<\/title>\n<meta name=\"robots\" content=\"index, follow, max-snippet:-1, max-image-preview:large, max-video-preview:-1\" \/>\n<link rel=\"canonical\" href=\"https:\/\/aivlisoft.net\/shop\/producto\/synology-ds723-nas-2bay-disk-station\/\" \/>\n<meta property=\"og:locale\" content=\"es_ES\" \/>\n<meta property=\"og:type\" content=\"article\" \/>\n<meta property=\"og:title\" content=\"Synology DS723+ NAS 2Bay Disk Station - Aivlisoft Inform\u00e1tica\" \/>\n<meta property=\"og:description\" content=\"Almacenamiento compacto y compatible para entornos dom&eacute;sticos y peque&ntilde;as empresas. Synology DS723+ es una soluci&oacute;n NAS compacta y flexible de 2 bah&iacute;as que puedeajustar y ampliar a medida que cambian sus necesidades, con posibilidad de incluirhasta siete unidades, redes m&aacute;s r&aacute;pidas y SSD NVMe para grupos de almacenamiento adicionales o en cach&eacute;. Con la tecnolog&iacute;a&hellip;&nbsp;Synology DS723+ NAS 2Bay Disk Station\" \/>\n<meta property=\"og:url\" content=\"https:\/\/aivlisoft.net\/shop\/producto\/synology-ds723-nas-2bay-disk-station\/\" \/>\n<meta property=\"og:site_name\" content=\"Aivlisoft Inform\u00e1tica\" \/>\n<meta property=\"article:modified_time\" content=\"2025-01-14T11:40:13+00:00\" \/>\n<meta property=\"og:image\" content=\"https:\/\/aivlisoft.net\/shop\/wp-content\/uploads\/2025\/01\/NARARS0224_800.jpg\" \/>\n\t<meta property=\"og:image:width\" content=\"800\" \/>\n\t<meta property=\"og:image:height\" content=\"800\" \/>\n\t<meta property=\"og:image:type\" content=\"image\/jpeg\" \/>\n<meta name=\"twitter:card\" content=\"summary_large_image\" \/>\n<meta name=\"twitter:label1\" content=\"Tiempo de lectura\" \/>\n\t<meta name=\"twitter:data1\" content=\"2 minutos\" \/>\n<script type=\"application\/ld+json\" class=\"yoast-schema-graph\">{\"@context\":\"https:\/\/schema.org\",\"@graph\":[{\"@type\":\"WebPage\",\"@id\":\"https:\/\/aivlisoft.net\/shop\/producto\/synology-ds723-nas-2bay-disk-station\/\",\"url\":\"https:\/\/aivlisoft.net\/shop\/producto\/synology-ds723-nas-2bay-disk-station\/\",\"name\":\"Synology DS723+ NAS 2Bay Disk Station - Aivlisoft Inform\u00e1tica\",\"isPartOf\":{\"@id\":\"https:\/\/aivlisoft.net\/shop\/#website\"},\"primaryImageOfPage\":{\"@id\":\"https:\/\/aivlisoft.net\/shop\/producto\/synology-ds723-nas-2bay-disk-station\/#primaryimage\"},\"image\":{\"@id\":\"https:\/\/aivlisoft.net\/shop\/producto\/synology-ds723-nas-2bay-disk-station\/#primaryimage\"},\"thumbnailUrl\":\"https:\/\/aivlisoft.net\/shop\/wp-content\/uploads\/2025\/01\/NARARS0224_800.jpg\",\"datePublished\":\"2025-01-13T15:23:37+00:00\",\"dateModified\":\"2025-01-14T11:40:13+00:00\",\"breadcrumb\":{\"@id\":\"https:\/\/aivlisoft.net\/shop\/producto\/synology-ds723-nas-2bay-disk-station\/#breadcrumb\"},\"inLanguage\":\"es\",\"potentialAction\":[{\"@type\":\"ReadAction\",\"target\":[\"https:\/\/aivlisoft.net\/shop\/producto\/synology-ds723-nas-2bay-disk-station\/\"]}]},{\"@type\":\"ImageObject\",\"inLanguage\":\"es\",\"@id\":\"https:\/\/aivlisoft.net\/shop\/producto\/synology-ds723-nas-2bay-disk-station\/#primaryimage\",\"url\":\"https:\/\/aivlisoft.net\/shop\/wp-content\/uploads\/2025\/01\/NARARS0224_800.jpg\",\"contentUrl\":\"https:\/\/aivlisoft.net\/shop\/wp-content\/uploads\/2025\/01\/NARARS0224_800.jpg\",\"width\":800,\"height\":800},{\"@type\":\"BreadcrumbList\",\"@id\":\"https:\/\/aivlisoft.net\/shop\/producto\/synology-ds723-nas-2bay-disk-station\/#breadcrumb\",\"itemListElement\":[{\"@type\":\"ListItem\",\"position\":1,\"name\":\"Portada\",\"item\":\"https:\/\/aivlisoft.net\/shop\/\"},{\"@type\":\"ListItem\",\"position\":2,\"name\":\"Tienda\",\"item\":\"https:\/\/aivlisoft.net\/shop\/tienda\/\"},{\"@type\":\"ListItem\",\"position\":3,\"name\":\"Synology DS723+ NAS 2Bay Disk Station\"}]},{\"@type\":\"WebSite\",\"@id\":\"https:\/\/aivlisoft.net\/shop\/#website\",\"url\":\"https:\/\/aivlisoft.net\/shop\/\",\"name\":\"Aivlisoft Inform\u00e1tica\",\"description\":\"En Aivlisoft Inform\u00e1tica ofrecemos soluciones tecnol\u00f3gicas para empresas: venta de ordenadores, consumibles, perif\u00e9ricos y m\u00e1s. Calidad, atenci\u00f3n personalizada y los mejores precios para tu negocio.\",\"publisher\":{\"@id\":\"https:\/\/aivlisoft.net\/shop\/#organization\"},\"potentialAction\":[{\"@type\":\"SearchAction\",\"target\":{\"@type\":\"EntryPoint\",\"urlTemplate\":\"https:\/\/aivlisoft.net\/shop\/?s={search_term_string}\"},\"query-input\":{\"@type\":\"PropertyValueSpecification\",\"valueRequired\":true,\"valueName\":\"search_term_string\"}}],\"inLanguage\":\"es\"},{\"@type\":\"Organization\",\"@id\":\"https:\/\/aivlisoft.net\/shop\/#organization\",\"name\":\"Aivlisoft Inform\u00e1tica\",\"url\":\"https:\/\/aivlisoft.net\/shop\/\",\"logo\":{\"@type\":\"ImageObject\",\"inLanguage\":\"es\",\"@id\":\"https:\/\/aivlisoft.net\/shop\/#\/schema\/logo\/image\/\",\"url\":\"https:\/\/aivlisoft.net\/shop\/wp-content\/uploads\/2024\/12\/removal.ai_5b848c54-0cdf-4140-95c5-c5536bb7573b-logodef.png\",\"contentUrl\":\"https:\/\/aivlisoft.net\/shop\/wp-content\/uploads\/2024\/12\/removal.ai_5b848c54-0cdf-4140-95c5-c5536bb7573b-logodef.png\",\"width\":484,\"height\":182,\"caption\":\"Aivlisoft Inform\u00e1tica\"},\"image\":{\"@id\":\"https:\/\/aivlisoft.net\/shop\/#\/schema\/logo\/image\/\"}}]}<\/script>\n<!-- \/ Yoast SEO plugin. -->","yoast_head_json":{"title":"Synology DS723+ NAS 2Bay Disk Station - Aivlisoft Inform\u00e1tica","robots":{"index":"index","follow":"follow","max-snippet":"max-snippet:-1","max-image-preview":"max-image-preview:large","max-video-preview":"max-video-preview:-1"},"canonical":"https:\/\/aivlisoft.net\/shop\/producto\/synology-ds723-nas-2bay-disk-station\/","og_locale":"es_ES","og_type":"article","og_title":"Synology DS723+ NAS 2Bay Disk Station - Aivlisoft Inform\u00e1tica","og_description":"Almacenamiento compacto y compatible para entornos dom&eacute;sticos y peque&ntilde;as empresas. Synology DS723+ es una soluci&oacute;n NAS compacta y flexible de 2 bah&iacute;as que puedeajustar y ampliar a medida que cambian sus necesidades, con posibilidad de incluirhasta siete unidades, redes m&aacute;s r&aacute;pidas y SSD NVMe para grupos de almacenamiento adicionales o en cach&eacute;. Con la tecnolog&iacute;a&hellip;&nbsp;Synology DS723+ NAS 2Bay Disk Station","og_url":"https:\/\/aivlisoft.net\/shop\/producto\/synology-ds723-nas-2bay-disk-station\/","og_site_name":"Aivlisoft Inform\u00e1tica","article_modified_time":"2025-01-14T11:40:13+00:00","og_image":[{"width":800,"height":800,"url":"https:\/\/aivlisoft.net\/shop\/wp-content\/uploads\/2025\/01\/NARARS0224_800.jpg","type":"image\/jpeg"}],"twitter_card":"summary_large_image","twitter_misc":{"Tiempo de lectura":"2 minutos"},"schema":{"@context":"https:\/\/schema.org","@graph":[{"@type":"WebPage","@id":"https:\/\/aivlisoft.net\/shop\/producto\/synology-ds723-nas-2bay-disk-station\/","url":"https:\/\/aivlisoft.net\/shop\/producto\/synology-ds723-nas-2bay-disk-station\/","name":"Synology DS723+ NAS 2Bay Disk Station - Aivlisoft Inform\u00e1tica","isPartOf":{"@id":"https:\/\/aivlisoft.net\/shop\/#website"},"primaryImageOfPage":{"@id":"https:\/\/aivlisoft.net\/shop\/producto\/synology-ds723-nas-2bay-disk-station\/#primaryimage"},"image":{"@id":"https:\/\/aivlisoft.net\/shop\/producto\/synology-ds723-nas-2bay-disk-station\/#primaryimage"},"thumbnailUrl":"https:\/\/aivlisoft.net\/shop\/wp-content\/uploads\/2025\/01\/NARARS0224_800.jpg","datePublished":"2025-01-13T15:23:37+00:00","dateModified":"2025-01-14T11:40:13+00:00","breadcrumb":{"@id":"https:\/\/aivlisoft.net\/shop\/producto\/synology-ds723-nas-2bay-disk-station\/#breadcrumb"},"inLanguage":"es","potentialAction":[{"@type":"ReadAction","target":["https:\/\/aivlisoft.net\/shop\/producto\/synology-ds723-nas-2bay-disk-station\/"]}]},{"@type":"ImageObject","inLanguage":"es","@id":"https:\/\/aivlisoft.net\/shop\/producto\/synology-ds723-nas-2bay-disk-station\/#primaryimage","url":"https:\/\/aivlisoft.net\/shop\/wp-content\/uploads\/2025\/01\/NARARS0224_800.jpg","contentUrl":"https:\/\/aivlisoft.net\/shop\/wp-content\/uploads\/2025\/01\/NARARS0224_800.jpg","width":800,"height":800},{"@type":"BreadcrumbList","@id":"https:\/\/aivlisoft.net\/shop\/producto\/synology-ds723-nas-2bay-disk-station\/#breadcrumb","itemListElement":[{"@type":"ListItem","position":1,"name":"Portada","item":"https:\/\/aivlisoft.net\/shop\/"},{"@type":"ListItem","position":2,"name":"Tienda","item":"https:\/\/aivlisoft.net\/shop\/tienda\/"},{"@type":"ListItem","position":3,"name":"Synology DS723+ NAS 2Bay Disk Station"}]},{"@type":"WebSite","@id":"https:\/\/aivlisoft.net\/shop\/#website","url":"https:\/\/aivlisoft.net\/shop\/","name":"Aivlisoft Inform\u00e1tica","description":"En Aivlisoft Inform\u00e1tica ofrecemos soluciones tecnol\u00f3gicas para empresas: venta de ordenadores, consumibles, perif\u00e9ricos y m\u00e1s. Calidad, atenci\u00f3n personalizada y los mejores precios para tu negocio.","publisher":{"@id":"https:\/\/aivlisoft.net\/shop\/#organization"},"potentialAction":[{"@type":"SearchAction","target":{"@type":"EntryPoint","urlTemplate":"https:\/\/aivlisoft.net\/shop\/?s={search_term_string}"},"query-input":{"@type":"PropertyValueSpecification","valueRequired":true,"valueName":"search_term_string"}}],"inLanguage":"es"},{"@type":"Organization","@id":"https:\/\/aivlisoft.net\/shop\/#organization","name":"Aivlisoft Inform\u00e1tica","url":"https:\/\/aivlisoft.net\/shop\/","logo":{"@type":"ImageObject","inLanguage":"es","@id":"https:\/\/aivlisoft.net\/shop\/#\/schema\/logo\/image\/","url":"https:\/\/aivlisoft.net\/shop\/wp-content\/uploads\/2024\/12\/removal.ai_5b848c54-0cdf-4140-95c5-c5536bb7573b-logodef.png","contentUrl":"https:\/\/aivlisoft.net\/shop\/wp-content\/uploads\/2024\/12\/removal.ai_5b848c54-0cdf-4140-95c5-c5536bb7573b-logodef.png","width":484,"height":182,"caption":"Aivlisoft Inform\u00e1tica"},"image":{"@id":"https:\/\/aivlisoft.net\/shop\/#\/schema\/logo\/image\/"}}]}},"_links":{"self":[{"href":"https:\/\/aivlisoft.net\/shop\/wp-json\/wp\/v2\/product\/18586","targetHints":{"allow":["GET"]}}],"collection":[{"href":"https:\/\/aivlisoft.net\/shop\/wp-json\/wp\/v2\/product"}],"about":[{"href":"https:\/\/aivlisoft.net\/shop\/wp-json\/wp\/v2\/types\/product"}],"wp:featuredmedia":[{"embeddable":true,"href":"https:\/\/aivlisoft.net\/shop\/wp-json\/wp\/v2\/media\/18587"}],"wp:attachment":[{"href":"https:\/\/aivlisoft.net\/shop\/wp-json\/wp\/v2\/media?parent=18586"}],"wp:term":[{"taxonomy":"product_brand","embeddable":true,"href":"https:\/\/aivlisoft.net\/shop\/wp-json\/wp\/v2\/product_brand?post=18586"},{"taxonomy":"product_cat","embeddable":true,"href":"https:\/\/aivlisoft.net\/shop\/wp-json\/wp\/v2\/product_cat?post=18586"},{"taxonomy":"product_tag","embeddable":true,"href":"https:\/\/aivlisoft.net\/shop\/wp-json\/wp\/v2\/product_tag?post=18586"}],"curies":[{"name":"wp","href":"https:\/\/api.w.org\/{rel}","templated":true}]}}