{"id":18580,"date":"2025-01-13T15:23:30","date_gmt":"2025-01-13T15:23:30","guid":{"rendered":"https:\/\/aivlisoft.com\/?post_type=product&#038;p=18580"},"modified":"2025-01-14T11:40:08","modified_gmt":"2025-01-14T11:40:08","slug":"qnap-ts-262-4g-nas-2xhdd-bay-1x2-5gbe-4xusb","status":"publish","type":"product","link":"https:\/\/aivlisoft.net\/shop\/producto\/qnap-ts-262-4g-nas-2xhdd-bay-1x2-5gbe-4xusb\/","title":{"rendered":"QNAP TS-262-4G NAS 2XHDD-Bay 1&#215;2.5GbE 4xUSB"},"content":{"rendered":"<p>&nbsp;<\/p>\n<table class=\"tabla_caracteristicas k-table\" width=\"100%\">\n<tr>\n<td valign=\"top\"><strong>Marca <\/strong><\/td>\n<td valign=\"top\">QNAP<\/td>\n<\/tr>\n<tr>\n<td valign=\"top\"><strong>Modelo <\/strong><\/td>\n<td valign=\"top\"><strong>TS-262-4G<\/strong><\/td>\n<\/tr>\n<tr>\n<td valign=\"top\"><strong>CPU <\/strong><\/td>\n<td valign=\"top\">&#8211; Intel&reg; Celeron&reg; N4505 2-core\/2-thread processor, burst up to 2.9 GHz<br \/>\t\t\t&#8211; Architecture 64-bit x86<br \/>\t\t\t&#8211; Processors Intel&reg; UHD Graphics<br \/>\t\t\t&#8211; Unidad de punto flotante<br \/>\t\t\t&#8211; Motor de cifrado (AES-NI)<br \/>\t\t\t&#8211; Transcodificaci&oacute;n acelerada por hardware<\/td>\n<\/tr>\n<tr>\n<td valign=\"top\"><strong>Memoria<\/strong><\/td>\n<td valign=\"top\">&#8211; Memoria interna:<strong> 4 GB<\/strong> de memoria integrada (no ampliable)<br \/>\t\t\t&#8211; Memoria flash: <strong>4 GB<\/strong> (protecci&oacute;n del sistema operativo de doble arranque)<\/td>\n<\/tr>\n<tr>\n<td valign=\"top\"><strong>Almacenamiento <\/strong><\/td>\n<td valign=\"top\">&#8211; Bah&iacute;a de unidad 2 x 3,5 pulgadas SATA 6Gb\/s<br \/>\t\t\t&#8211; Compatibilidad de unidades<br \/>\t\t\t&nbsp; Unidades de disco duro SATA de 3,5 pulgadas<br \/>\t\t\t&nbsp; Unidades de disco duro SATA de 2,5 pulgadas<br \/>\t\t\t&nbsp; Unidades de estado s&oacute;lido SATA de 2,5 pulgadas<br \/>\t\t\t&#8211; Intercambiables en caliente<br \/>\t\t\t&#8211; Ranura M.2 2 x M.2 2280 PCIe Gen 3 x1<br \/>\t\t\t&#8211; Ranura 1: PCIe Gen 3 x2<br \/>\t\t\t&#8211; Soporte de aceleraci&oacute;n de cach&eacute; SSD<\/td>\n<\/tr>\n<tr>\n<td valign=\"top\"><strong>Conexiones <\/strong><\/td>\n<td valign=\"top\">&#8211; Puerto Ethernet de 2,5 Gigabits (2,5G\/1G\/100M): 1 (2,5G\/1G\/100M\/10M)<br \/>\t\t\t&#8211; Salida HDMI 1, HDMI 2.0<br \/>\t\t\t&#8211; USB 3.2 de 2.&ordf; generaci&oacute;n (10 Gbps):&nbsp; 2 x tipo A<br \/>\t\t\t&#8211; Puerto USB 2.0: 2<\/td>\n<\/tr>\n<tr>\n<td valign=\"top\"><strong>Caracter&iacute;sticas <\/strong><\/td>\n<td valign=\"top\">&#8211; Wake on LAN (WOL)<br \/>\t\t\t&#8211; Marco gigante<br \/>\t\t\t&#8211; Torre de factor de forma<br \/>\t\t\t&#8211; Indicadores LED Alimentaci&oacute;n\/Estado, LAN, USB, HDD1-2<br \/>\t\t\t&#8211; Sensor IR: S&iacute; (control remoto QNAP RM-IR004 opcional)<br \/>\t\t\t&#8211; Botones Encendido, Copia USB, Restablecer<br \/>\t\t\t&#8211; Ventilador 1 x 70 mm, 12 VCC<br \/>\t\t\t&#8211; Zumbador de advertencia del sistema<br \/>\t\t\t&#8211; Ranura de seguridad Kensington: S&iacute;<br \/>\t\t\t&#8211; m&aacute;x. N&uacute;mero de conexiones simult&aacute;neas (CIFS) &#8211; con Max. Memoria: 1500<br \/>\t\t\t<strong>Entorno<\/strong><br \/>\t\t\t&#8211; Temperatura operativa: 0 ~ 40&ordm;C (32&ordm;F ~ 104&ordm;F)<br \/>\t\t\t&#8211; Temperatura de almacenamiento: -20 &#8211; 70&deg;C (-4&deg;F &#8211; 158&deg;F)<br \/>\t\t\t&#8211; Humedad relativa: 5 ~ 95 % de humedad relativa sin condensaci&oacute;n, bulbo h&uacute;medo: 27 &ordm;C (80,6 &ordm;F)<br \/>\t\t\t<strong>Alimentaci&oacute;n<\/strong><br \/>\t\t\t&#8211; Fuente de alimentaci&oacute;n: Adaptador de 65 W, 100-240 V<br \/>\t\t\t&#8211; Consumo de energ&iacute;a: HDD Modo de suspensi&oacute;n: 8.198 W<br \/>\t\t\t&#8211; Consumo de energ&iacute;a: modo de funcionamiento, t&iacute;pico: 12,448 W<br \/>\t\t\t<strong>F&iacute;sicas<\/strong><br \/>\t\t\t&#8211; Dimensiones (Altura x Anchura x Profundidad): 168 &times; 105 &times; 226 mm<br \/>\t\t\t&#8211; Peso (neto): 1,55 kg<br \/>\t\t\t&#8211; Peso (bruto): 2,68 kg<\/td>\n<\/tr>\n<tr>\n<td valign=\"top\"><strong>Fecha Revisi&oacute;n <\/strong><\/td>\n<td valign=\"top\">08-11-2022 por MPM<\/td>\n<\/tr>\n<\/table>\n","protected":false},"excerpt":{"rendered":"<p>&nbsp; Marca QNAP Modelo TS-262-4G CPU &#8211; Intel&reg; Celeron&reg; N4505 2-core\/2-thread processor, burst up to 2.9 GHz &#8211; Architecture 64-bit x86 &#8211; Processors Intel&reg; UHD Graphics &#8211; Unidad de punto flotante &#8211; Motor de cifrado (AES-NI) &#8211; Transcodificaci&oacute;n acelerada por hardware Memoria &#8211; Memoria interna: 4 GB de memoria integrada (no ampliable) &#8211; Memoria flash:&hellip;&nbsp;<a href=\"https:\/\/aivlisoft.net\/shop\/producto\/qnap-ts-262-4g-nas-2xhdd-bay-1x2-5gbe-4xusb\/\" rel=\"bookmark\"><span class=\"screen-reader-text\">QNAP TS-262-4G NAS 2XHDD-Bay 1&#215;2.5GbE 4xUSB<\/span><\/a><\/p>\n","protected":false},"featured_media":18581,"template":"","meta":{"neve_meta_sidebar":"","neve_meta_container":"","neve_meta_enable_content_width":"","neve_meta_content_width":0,"neve_meta_title_alignment":"","neve_meta_author_avatar":"","neve_post_elements_order":"","neve_meta_disable_header":"","neve_meta_disable_footer":"","neve_meta_disable_title":""},"product_brand":[],"product_cat":[8767],"product_tag":[6766],"class_list":{"0":"post-18580","1":"product","2":"type-product","3":"status-publish","4":"has-post-thumbnail","6":"product_cat-almacenamiento-sobremesa","7":"product_tag-ts-262-4g","9":"first","10":"instock","11":"taxable","12":"shipping-taxable","13":"purchasable","14":"product-type-simple"},"yoast_head":"<!-- This site is optimized with the Yoast SEO plugin v26.0 - https:\/\/yoast.com\/wordpress\/plugins\/seo\/ -->\n<title>QNAP TS-262-4G NAS 2XHDD-Bay 1x2.5GbE 4xUSB - Aivlisoft Inform\u00e1tica<\/title>\n<meta name=\"robots\" content=\"index, follow, max-snippet:-1, max-image-preview:large, max-video-preview:-1\" \/>\n<link rel=\"canonical\" href=\"https:\/\/aivlisoft.net\/shop\/producto\/qnap-ts-262-4g-nas-2xhdd-bay-1x2-5gbe-4xusb\/\" \/>\n<meta property=\"og:locale\" content=\"es_ES\" \/>\n<meta property=\"og:type\" content=\"article\" \/>\n<meta property=\"og:title\" content=\"QNAP TS-262-4G NAS 2XHDD-Bay 1x2.5GbE 4xUSB - Aivlisoft Inform\u00e1tica\" \/>\n<meta property=\"og:description\" content=\"&nbsp; Marca QNAP Modelo TS-262-4G CPU &#8211; Intel&reg; Celeron&reg; N4505 2-core\/2-thread processor, burst up to 2.9 GHz &#8211; Architecture 64-bit x86 &#8211; Processors Intel&reg; UHD Graphics &#8211; Unidad de punto flotante &#8211; Motor de cifrado (AES-NI) &#8211; Transcodificaci&oacute;n acelerada por hardware Memoria &#8211; Memoria interna: 4 GB de memoria integrada (no ampliable) &#8211; Memoria flash:&hellip;&nbsp;QNAP TS-262-4G NAS 2XHDD-Bay 1&#215;2.5GbE 4xUSB\" \/>\n<meta property=\"og:url\" content=\"https:\/\/aivlisoft.net\/shop\/producto\/qnap-ts-262-4g-nas-2xhdd-bay-1x2-5gbe-4xusb\/\" \/>\n<meta property=\"og:site_name\" content=\"Aivlisoft Inform\u00e1tica\" \/>\n<meta property=\"article:modified_time\" content=\"2025-01-14T11:40:08+00:00\" \/>\n<meta property=\"og:image\" content=\"https:\/\/aivlisoft.net\/shop\/wp-content\/uploads\/2025\/01\/NARARS0219_800.jpg\" \/>\n\t<meta property=\"og:image:width\" content=\"800\" \/>\n\t<meta property=\"og:image:height\" content=\"800\" \/>\n\t<meta property=\"og:image:type\" content=\"image\/jpeg\" \/>\n<meta name=\"twitter:card\" content=\"summary_large_image\" \/>\n<meta name=\"twitter:label1\" content=\"Tiempo de lectura\" \/>\n\t<meta name=\"twitter:data1\" content=\"2 minutos\" \/>\n<script type=\"application\/ld+json\" class=\"yoast-schema-graph\">{\"@context\":\"https:\/\/schema.org\",\"@graph\":[{\"@type\":\"WebPage\",\"@id\":\"https:\/\/aivlisoft.net\/shop\/producto\/qnap-ts-262-4g-nas-2xhdd-bay-1x2-5gbe-4xusb\/\",\"url\":\"https:\/\/aivlisoft.net\/shop\/producto\/qnap-ts-262-4g-nas-2xhdd-bay-1x2-5gbe-4xusb\/\",\"name\":\"QNAP TS-262-4G NAS 2XHDD-Bay 1x2.5GbE 4xUSB - Aivlisoft Inform\u00e1tica\",\"isPartOf\":{\"@id\":\"https:\/\/aivlisoft.net\/shop\/#website\"},\"primaryImageOfPage\":{\"@id\":\"https:\/\/aivlisoft.net\/shop\/producto\/qnap-ts-262-4g-nas-2xhdd-bay-1x2-5gbe-4xusb\/#primaryimage\"},\"image\":{\"@id\":\"https:\/\/aivlisoft.net\/shop\/producto\/qnap-ts-262-4g-nas-2xhdd-bay-1x2-5gbe-4xusb\/#primaryimage\"},\"thumbnailUrl\":\"https:\/\/aivlisoft.net\/shop\/wp-content\/uploads\/2025\/01\/NARARS0219_800.jpg\",\"datePublished\":\"2025-01-13T15:23:30+00:00\",\"dateModified\":\"2025-01-14T11:40:08+00:00\",\"breadcrumb\":{\"@id\":\"https:\/\/aivlisoft.net\/shop\/producto\/qnap-ts-262-4g-nas-2xhdd-bay-1x2-5gbe-4xusb\/#breadcrumb\"},\"inLanguage\":\"es\",\"potentialAction\":[{\"@type\":\"ReadAction\",\"target\":[\"https:\/\/aivlisoft.net\/shop\/producto\/qnap-ts-262-4g-nas-2xhdd-bay-1x2-5gbe-4xusb\/\"]}]},{\"@type\":\"ImageObject\",\"inLanguage\":\"es\",\"@id\":\"https:\/\/aivlisoft.net\/shop\/producto\/qnap-ts-262-4g-nas-2xhdd-bay-1x2-5gbe-4xusb\/#primaryimage\",\"url\":\"https:\/\/aivlisoft.net\/shop\/wp-content\/uploads\/2025\/01\/NARARS0219_800.jpg\",\"contentUrl\":\"https:\/\/aivlisoft.net\/shop\/wp-content\/uploads\/2025\/01\/NARARS0219_800.jpg\",\"width\":800,\"height\":800},{\"@type\":\"BreadcrumbList\",\"@id\":\"https:\/\/aivlisoft.net\/shop\/producto\/qnap-ts-262-4g-nas-2xhdd-bay-1x2-5gbe-4xusb\/#breadcrumb\",\"itemListElement\":[{\"@type\":\"ListItem\",\"position\":1,\"name\":\"Portada\",\"item\":\"https:\/\/aivlisoft.net\/shop\/\"},{\"@type\":\"ListItem\",\"position\":2,\"name\":\"Tienda\",\"item\":\"https:\/\/aivlisoft.net\/shop\/tienda\/\"},{\"@type\":\"ListItem\",\"position\":3,\"name\":\"QNAP TS-262-4G NAS 2XHDD-Bay 1&#215;2.5GbE 4xUSB\"}]},{\"@type\":\"WebSite\",\"@id\":\"https:\/\/aivlisoft.net\/shop\/#website\",\"url\":\"https:\/\/aivlisoft.net\/shop\/\",\"name\":\"Aivlisoft Inform\u00e1tica\",\"description\":\"En Aivlisoft Inform\u00e1tica ofrecemos soluciones tecnol\u00f3gicas para empresas: venta de ordenadores, consumibles, perif\u00e9ricos y m\u00e1s. Calidad, atenci\u00f3n personalizada y los mejores precios para tu negocio.\",\"publisher\":{\"@id\":\"https:\/\/aivlisoft.net\/shop\/#organization\"},\"potentialAction\":[{\"@type\":\"SearchAction\",\"target\":{\"@type\":\"EntryPoint\",\"urlTemplate\":\"https:\/\/aivlisoft.net\/shop\/?s={search_term_string}\"},\"query-input\":{\"@type\":\"PropertyValueSpecification\",\"valueRequired\":true,\"valueName\":\"search_term_string\"}}],\"inLanguage\":\"es\"},{\"@type\":\"Organization\",\"@id\":\"https:\/\/aivlisoft.net\/shop\/#organization\",\"name\":\"Aivlisoft Inform\u00e1tica\",\"url\":\"https:\/\/aivlisoft.net\/shop\/\",\"logo\":{\"@type\":\"ImageObject\",\"inLanguage\":\"es\",\"@id\":\"https:\/\/aivlisoft.net\/shop\/#\/schema\/logo\/image\/\",\"url\":\"https:\/\/aivlisoft.net\/shop\/wp-content\/uploads\/2024\/12\/removal.ai_5b848c54-0cdf-4140-95c5-c5536bb7573b-logodef.png\",\"contentUrl\":\"https:\/\/aivlisoft.net\/shop\/wp-content\/uploads\/2024\/12\/removal.ai_5b848c54-0cdf-4140-95c5-c5536bb7573b-logodef.png\",\"width\":484,\"height\":182,\"caption\":\"Aivlisoft Inform\u00e1tica\"},\"image\":{\"@id\":\"https:\/\/aivlisoft.net\/shop\/#\/schema\/logo\/image\/\"}}]}<\/script>\n<!-- \/ Yoast SEO plugin. -->","yoast_head_json":{"title":"QNAP TS-262-4G NAS 2XHDD-Bay 1x2.5GbE 4xUSB - Aivlisoft Inform\u00e1tica","robots":{"index":"index","follow":"follow","max-snippet":"max-snippet:-1","max-image-preview":"max-image-preview:large","max-video-preview":"max-video-preview:-1"},"canonical":"https:\/\/aivlisoft.net\/shop\/producto\/qnap-ts-262-4g-nas-2xhdd-bay-1x2-5gbe-4xusb\/","og_locale":"es_ES","og_type":"article","og_title":"QNAP TS-262-4G NAS 2XHDD-Bay 1x2.5GbE 4xUSB - Aivlisoft Inform\u00e1tica","og_description":"&nbsp; Marca QNAP Modelo TS-262-4G CPU &#8211; Intel&reg; Celeron&reg; N4505 2-core\/2-thread processor, burst up to 2.9 GHz &#8211; Architecture 64-bit x86 &#8211; Processors Intel&reg; UHD Graphics &#8211; Unidad de punto flotante &#8211; Motor de cifrado (AES-NI) &#8211; Transcodificaci&oacute;n acelerada por hardware Memoria &#8211; Memoria interna: 4 GB de memoria integrada (no ampliable) &#8211; Memoria flash:&hellip;&nbsp;QNAP TS-262-4G NAS 2XHDD-Bay 1&#215;2.5GbE 4xUSB","og_url":"https:\/\/aivlisoft.net\/shop\/producto\/qnap-ts-262-4g-nas-2xhdd-bay-1x2-5gbe-4xusb\/","og_site_name":"Aivlisoft Inform\u00e1tica","article_modified_time":"2025-01-14T11:40:08+00:00","og_image":[{"width":800,"height":800,"url":"https:\/\/aivlisoft.net\/shop\/wp-content\/uploads\/2025\/01\/NARARS0219_800.jpg","type":"image\/jpeg"}],"twitter_card":"summary_large_image","twitter_misc":{"Tiempo de lectura":"2 minutos"},"schema":{"@context":"https:\/\/schema.org","@graph":[{"@type":"WebPage","@id":"https:\/\/aivlisoft.net\/shop\/producto\/qnap-ts-262-4g-nas-2xhdd-bay-1x2-5gbe-4xusb\/","url":"https:\/\/aivlisoft.net\/shop\/producto\/qnap-ts-262-4g-nas-2xhdd-bay-1x2-5gbe-4xusb\/","name":"QNAP TS-262-4G NAS 2XHDD-Bay 1x2.5GbE 4xUSB - Aivlisoft Inform\u00e1tica","isPartOf":{"@id":"https:\/\/aivlisoft.net\/shop\/#website"},"primaryImageOfPage":{"@id":"https:\/\/aivlisoft.net\/shop\/producto\/qnap-ts-262-4g-nas-2xhdd-bay-1x2-5gbe-4xusb\/#primaryimage"},"image":{"@id":"https:\/\/aivlisoft.net\/shop\/producto\/qnap-ts-262-4g-nas-2xhdd-bay-1x2-5gbe-4xusb\/#primaryimage"},"thumbnailUrl":"https:\/\/aivlisoft.net\/shop\/wp-content\/uploads\/2025\/01\/NARARS0219_800.jpg","datePublished":"2025-01-13T15:23:30+00:00","dateModified":"2025-01-14T11:40:08+00:00","breadcrumb":{"@id":"https:\/\/aivlisoft.net\/shop\/producto\/qnap-ts-262-4g-nas-2xhdd-bay-1x2-5gbe-4xusb\/#breadcrumb"},"inLanguage":"es","potentialAction":[{"@type":"ReadAction","target":["https:\/\/aivlisoft.net\/shop\/producto\/qnap-ts-262-4g-nas-2xhdd-bay-1x2-5gbe-4xusb\/"]}]},{"@type":"ImageObject","inLanguage":"es","@id":"https:\/\/aivlisoft.net\/shop\/producto\/qnap-ts-262-4g-nas-2xhdd-bay-1x2-5gbe-4xusb\/#primaryimage","url":"https:\/\/aivlisoft.net\/shop\/wp-content\/uploads\/2025\/01\/NARARS0219_800.jpg","contentUrl":"https:\/\/aivlisoft.net\/shop\/wp-content\/uploads\/2025\/01\/NARARS0219_800.jpg","width":800,"height":800},{"@type":"BreadcrumbList","@id":"https:\/\/aivlisoft.net\/shop\/producto\/qnap-ts-262-4g-nas-2xhdd-bay-1x2-5gbe-4xusb\/#breadcrumb","itemListElement":[{"@type":"ListItem","position":1,"name":"Portada","item":"https:\/\/aivlisoft.net\/shop\/"},{"@type":"ListItem","position":2,"name":"Tienda","item":"https:\/\/aivlisoft.net\/shop\/tienda\/"},{"@type":"ListItem","position":3,"name":"QNAP TS-262-4G NAS 2XHDD-Bay 1&#215;2.5GbE 4xUSB"}]},{"@type":"WebSite","@id":"https:\/\/aivlisoft.net\/shop\/#website","url":"https:\/\/aivlisoft.net\/shop\/","name":"Aivlisoft Inform\u00e1tica","description":"En Aivlisoft Inform\u00e1tica ofrecemos soluciones tecnol\u00f3gicas para empresas: venta de ordenadores, consumibles, perif\u00e9ricos y m\u00e1s. Calidad, atenci\u00f3n personalizada y los mejores precios para tu negocio.","publisher":{"@id":"https:\/\/aivlisoft.net\/shop\/#organization"},"potentialAction":[{"@type":"SearchAction","target":{"@type":"EntryPoint","urlTemplate":"https:\/\/aivlisoft.net\/shop\/?s={search_term_string}"},"query-input":{"@type":"PropertyValueSpecification","valueRequired":true,"valueName":"search_term_string"}}],"inLanguage":"es"},{"@type":"Organization","@id":"https:\/\/aivlisoft.net\/shop\/#organization","name":"Aivlisoft Inform\u00e1tica","url":"https:\/\/aivlisoft.net\/shop\/","logo":{"@type":"ImageObject","inLanguage":"es","@id":"https:\/\/aivlisoft.net\/shop\/#\/schema\/logo\/image\/","url":"https:\/\/aivlisoft.net\/shop\/wp-content\/uploads\/2024\/12\/removal.ai_5b848c54-0cdf-4140-95c5-c5536bb7573b-logodef.png","contentUrl":"https:\/\/aivlisoft.net\/shop\/wp-content\/uploads\/2024\/12\/removal.ai_5b848c54-0cdf-4140-95c5-c5536bb7573b-logodef.png","width":484,"height":182,"caption":"Aivlisoft Inform\u00e1tica"},"image":{"@id":"https:\/\/aivlisoft.net\/shop\/#\/schema\/logo\/image\/"}}]}},"_links":{"self":[{"href":"https:\/\/aivlisoft.net\/shop\/wp-json\/wp\/v2\/product\/18580","targetHints":{"allow":["GET"]}}],"collection":[{"href":"https:\/\/aivlisoft.net\/shop\/wp-json\/wp\/v2\/product"}],"about":[{"href":"https:\/\/aivlisoft.net\/shop\/wp-json\/wp\/v2\/types\/product"}],"wp:featuredmedia":[{"embeddable":true,"href":"https:\/\/aivlisoft.net\/shop\/wp-json\/wp\/v2\/media\/18581"}],"wp:attachment":[{"href":"https:\/\/aivlisoft.net\/shop\/wp-json\/wp\/v2\/media?parent=18580"}],"wp:term":[{"taxonomy":"product_brand","embeddable":true,"href":"https:\/\/aivlisoft.net\/shop\/wp-json\/wp\/v2\/product_brand?post=18580"},{"taxonomy":"product_cat","embeddable":true,"href":"https:\/\/aivlisoft.net\/shop\/wp-json\/wp\/v2\/product_cat?post=18580"},{"taxonomy":"product_tag","embeddable":true,"href":"https:\/\/aivlisoft.net\/shop\/wp-json\/wp\/v2\/product_tag?post=18580"}],"curies":[{"name":"wp","href":"https:\/\/api.w.org\/{rel}","templated":true}]}}