{"id":18573,"date":"2025-01-13T15:23:27","date_gmt":"2025-01-13T15:23:27","guid":{"rendered":"https:\/\/aivlisoft.com\/?post_type=product&#038;p=18573"},"modified":"2025-01-14T11:40:06","modified_gmt":"2025-01-14T11:40:06","slug":"qnap-ts-410e-8g-nas-4xssd-bay-2x2-5gbe-4xusb","status":"publish","type":"product","link":"https:\/\/aivlisoft.net\/shop\/producto\/qnap-ts-410e-8g-nas-4xssd-bay-2x2-5gbe-4xusb\/","title":{"rendered":"QNAP TS-410E-8G NAS 4XSSD Bay 2&#215;2.5GbE 4xUSB"},"content":{"rendered":"<p>&nbsp;<\/p>\n<table class=\"tabla_caracteristicas k-table\" width=\"100%\">\n<tr>\n<td valign=\"top\"><strong>Marca <\/strong><\/td>\n<td valign=\"top\">QNAP<\/td>\n<\/tr>\n<tr>\n<td valign=\"top\"><strong>Modelo <\/strong><\/td>\n<td valign=\"top\"><strong>TS-410E-8G<\/strong><\/td>\n<\/tr>\n<tr>\n<td valign=\"top\"><strong>CPU <\/strong><\/td>\n<td valign=\"top\">&#8211; CPU: Procesador Intel&reg; Celeron&reg; J6412 de cuatro n&uacute;cleos y cuatro hilos, con potencia de hasta 2,6 GHz<br \/>\t\t\t&#8211; Arquitectura de CPU: x86 de 64 bits<br \/>\t\t\t&#8211; Procesadores gr&aacute;ficos: Intel&reg; UHD Graphics<br \/>\t\t\t&#8211; Unidad de coma flotante<br \/>\t\t\t&#8211; Motor de cifrado: (AES-NI)<br \/>\t\t\t&#8211; Transcodificaci&oacute;n acelerada de hardware<\/td>\n<\/tr>\n<tr>\n<td valign=\"top\"><strong>Memoria<\/strong><\/td>\n<td valign=\"top\">&#8211; Memoria interna:<strong> 8 GB<\/strong> de memoria integrada (no ampliable)<br \/>\t\t\t&#8211; Memoria flash: <strong>4 GB<\/strong> (protecci&oacute;n del sistema operativo de doble arranque)<\/td>\n<\/tr>\n<tr>\n<td valign=\"top\"><strong>Almacenamiento <\/strong><\/td>\n<td valign=\"top\">&#8211; Bah&iacute;a para unidades: 4 unidades SATA de 3,5&quot; a 6Gb\/s. El sistema se env&iacute;a sin unidad de disco duro.<br \/>\t\t\t&#8211; Compatibilidad de unidades: Unidades de estado s&oacute;lido SATA de 2,5&quot;<br \/>\t\t\t&nbsp;&#8211; Intercambiable en caliente<br \/>\t\t\t&#8211; Compatibilidad con aceleraci&oacute;n de cach&eacute; SSD:<\/td>\n<\/tr>\n<tr>\n<td valign=\"top\"><strong>Software<\/strong><\/td>\n<td valign=\"top\">&#8211; RAID Type &nbsp;&nbsp; &nbsp;<br \/>\t\t\t&nbsp; 8-bay (and more): JBOD, Single, RAID 0, 1, 5, 6, 10, 50, 60<br \/>\t\t\t&nbsp; 6-bay: JBOD, Single, RAID 0, 1, 5, 6, 10, 50<br \/>\t\t\t&nbsp; 4-bay: JBOD, Single, RAID 0, 1, 5, 6, 10<br \/>\t\t\t&nbsp; 2-bay: JBOD, Single, RAID 0, 1<br \/>\t\t\t&#8211; Sistema operativo: QTS 5.0.1<br \/>\t\t\t&#8211; Sistemas operativos de cliente compatibles<br \/>\t\t\t&nbsp; Apple Mac OS 10.10 or later<br \/>\t\t\t&nbsp; Ubuntu 14.04, CentOS 7, RHEL 6.6, SUSE 12 or later Linux<br \/>\t\t\t&nbsp; IBM AIX 7, Solaris 10 or later UNIX<br \/>\t\t\t&nbsp; Microsoft Windows 7, 8, 10 and 11<br \/>\t\t\t&nbsp; Microsoft Windows Server 2008 R2, 2012, 2012 R2, 2016, and 2019<br \/>\t\t\t&#8211; Navegadores compatibles<br \/>\t\t\t&nbsp; Apple Safari (&uacute;ltima versi&oacute;n)<br \/>\t\t\t&nbsp; Google Chrome (&uacute;ltima versi&oacute;n)<br \/>\t\t\t&nbsp; Microsoft Edge (&uacute;ltima versi&oacute;n)<br \/>\t\t\t&nbsp; Mozilla Firefox (&uacute;ltima versi&oacute;n)<br \/>\t\t\t&#8211; Tama&ntilde;o m&aacute;ximo del grupo: 308 TB<br \/>\t\t\t&#8211; N&uacute;mero m&aacute;ximo de grupos de almacenamiento: 128<br \/>\t\t\t&#8211; Tipo de volumen: grueso, delgado, est&aacute;tico<br \/>\t\t\t&#8211; Tama&ntilde;o m&aacute;ximo del volumen: 250 TB<br \/>\t\t\t&#8211; N&uacute;mero m&aacute;ximo de volumen: 128<br \/>\t\t\t&#8211; Tama&ntilde;o m&aacute;ximo de carpeta compartida: 250 TB<br \/>\t\t\t&#8211; N&uacute;mero m&aacute;ximo de carpetas compartidas: 512<\/td>\n<\/tr>\n<tr>\n<td valign=\"top\"><strong>Conexiones <\/strong><\/td>\n<td valign=\"top\">&#8211; Puerto USB 3.2 Gen 2 (10 Gbps): 4<br \/>\t\t\t&#8211; Salida HDMI: 1, HDMI 1.4b (hasta 3840 x 2160 a 30 Hz)<br \/>\t\t\t&#8211; Puerto 2,5 GbE (2,5G\/1G\/100M): 2 (2,5G\/1G\/100M\/10M)<\/td>\n<\/tr>\n<tr>\n<td valign=\"top\"><strong>Caracter&iacute;sticas <\/strong><\/td>\n<td valign=\"top\">&#8211; Wake-on-LAN (WOL)<br \/>\t\t\t&#8211; Jumbo Frame<br \/>\t\t\t&#8211; Factor de forma: Torre<br \/>\t\t\t&#8211; Indicadores LED: Alimentaci&oacute;n\/Estado, LAN, SSD 1-4<br \/>\t\t\t&#8211; Botones: Encendido, Reinicio<br \/>\t\t\t&#8211; Advertencia del sistema: Timbre<br \/>\t\t\t&#8211; Ranura de seguridad Kensington<br \/>\t\t\t&#8211; N.&ordm; m&aacute;x. de conexiones simult&aacute;neas (CIFS): con memoria m&aacute;x.: 1.500<br \/>\t\t\t<strong>Entorno<\/strong><br \/>\t\t\t&#8211; Temperatura operativa: 0 ~ 40&ordm;C (32&ordm;F ~ 104&ordm;F)<br \/>\t\t\t&#8211; Temperatura de almacenamiento: -20 &#8211; 70&deg;C (-4&deg;F &#8211; 158&deg;F)<br \/>\t\t\t&#8211; Humedad relativa: 5 ~ 95 % de humedad relativa sin condensaci&oacute;n, bulbo h&uacute;medo: 27 &ordm;C (80,6 &ordm;F)<br \/>\t\t\t<strong>Alimentaci&oacute;n<\/strong><br \/>\t\t\t&#8211; Unidad de alimentaci&oacute;n el&eacute;ctrica: Adaptador de alimentaci&oacute;n externo, 90 W y superior, 100-240 V de CA<br \/>\t\t\t&#8211; Consumo de energ&iacute;a: Modo suspensi&oacute;n de disco duro:: 13.494 W<br \/>\t\t\t&#8211; Consumo de energ&iacute;a: Modo de funcionamiento, t&iacute;pico: 22.694 W<br \/>\t\t\t<strong>F&iacute;sicas<\/strong><br \/>\t\t\t&#8211; Dimensiones (Altura x Anchura x Profundidad): 60 &times; 180 &times; 254 mm<br \/>\t\t\t&#8211; Peso (neto): 2,64 kg<br \/>\t\t\t&#8211; Peso (bruto): 3,83 kg<\/td>\n<\/tr>\n<tr>\n<td valign=\"top\"><strong>Fecha Revisi&oacute;n <\/strong><\/td>\n<td valign=\"top\">17-10-2022 por MPM<\/td>\n<\/tr>\n<\/table>\n","protected":false},"excerpt":{"rendered":"<p>&nbsp; Marca QNAP Modelo TS-410E-8G CPU &#8211; CPU: Procesador Intel&reg; Celeron&reg; J6412 de cuatro n&uacute;cleos y cuatro hilos, con potencia de hasta 2,6 GHz &#8211; Arquitectura de CPU: x86 de 64 bits &#8211; Procesadores gr&aacute;ficos: Intel&reg; UHD Graphics &#8211; Unidad de coma flotante &#8211; Motor de cifrado: (AES-NI) &#8211; Transcodificaci&oacute;n acelerada de hardware Memoria &#8211;&hellip;&nbsp;<a href=\"https:\/\/aivlisoft.net\/shop\/producto\/qnap-ts-410e-8g-nas-4xssd-bay-2x2-5gbe-4xusb\/\" rel=\"bookmark\"><span class=\"screen-reader-text\">QNAP TS-410E-8G NAS 4XSSD Bay 2&#215;2.5GbE 4xUSB<\/span><\/a><\/p>\n","protected":false},"featured_media":18574,"template":"","meta":{"neve_meta_sidebar":"","neve_meta_container":"","neve_meta_enable_content_width":"","neve_meta_content_width":0,"neve_meta_title_alignment":"","neve_meta_author_avatar":"","neve_post_elements_order":"","neve_meta_disable_header":"","neve_meta_disable_footer":"","neve_meta_disable_title":""},"product_brand":[],"product_cat":[8767],"product_tag":[6764],"class_list":{"0":"post-18573","1":"product","2":"type-product","3":"status-publish","4":"has-post-thumbnail","6":"product_cat-almacenamiento-sobremesa","7":"product_tag-ts-410e-8g","9":"first","10":"instock","11":"taxable","12":"shipping-taxable","13":"purchasable","14":"product-type-simple"},"yoast_head":"<!-- This site is optimized with the Yoast SEO plugin v26.0 - https:\/\/yoast.com\/wordpress\/plugins\/seo\/ -->\n<title>QNAP TS-410E-8G NAS 4XSSD Bay 2x2.5GbE 4xUSB - Aivlisoft Inform\u00e1tica<\/title>\n<meta name=\"robots\" content=\"index, follow, max-snippet:-1, max-image-preview:large, max-video-preview:-1\" \/>\n<link rel=\"canonical\" href=\"https:\/\/aivlisoft.net\/shop\/producto\/qnap-ts-410e-8g-nas-4xssd-bay-2x2-5gbe-4xusb\/\" \/>\n<meta property=\"og:locale\" content=\"es_ES\" \/>\n<meta property=\"og:type\" content=\"article\" \/>\n<meta property=\"og:title\" content=\"QNAP TS-410E-8G NAS 4XSSD Bay 2x2.5GbE 4xUSB - Aivlisoft Inform\u00e1tica\" \/>\n<meta property=\"og:description\" content=\"&nbsp; Marca QNAP Modelo TS-410E-8G CPU &#8211; CPU: Procesador Intel&reg; Celeron&reg; J6412 de cuatro n&uacute;cleos y cuatro hilos, con potencia de hasta 2,6 GHz &#8211; Arquitectura de CPU: x86 de 64 bits &#8211; Procesadores gr&aacute;ficos: Intel&reg; UHD Graphics &#8211; Unidad de coma flotante &#8211; Motor de cifrado: (AES-NI) &#8211; Transcodificaci&oacute;n acelerada de hardware Memoria &#8211;&hellip;&nbsp;QNAP TS-410E-8G NAS 4XSSD Bay 2&#215;2.5GbE 4xUSB\" \/>\n<meta property=\"og:url\" content=\"https:\/\/aivlisoft.net\/shop\/producto\/qnap-ts-410e-8g-nas-4xssd-bay-2x2-5gbe-4xusb\/\" \/>\n<meta property=\"og:site_name\" content=\"Aivlisoft Inform\u00e1tica\" \/>\n<meta property=\"article:modified_time\" content=\"2025-01-14T11:40:06+00:00\" \/>\n<meta property=\"og:image\" content=\"https:\/\/aivlisoft.net\/shop\/wp-content\/uploads\/2025\/01\/NARARS0217_800.jpg\" \/>\n\t<meta property=\"og:image:width\" content=\"800\" \/>\n\t<meta property=\"og:image:height\" content=\"800\" \/>\n\t<meta property=\"og:image:type\" content=\"image\/jpeg\" \/>\n<meta name=\"twitter:card\" content=\"summary_large_image\" \/>\n<meta name=\"twitter:label1\" content=\"Tiempo de lectura\" \/>\n\t<meta name=\"twitter:data1\" content=\"3 minutos\" \/>\n<script type=\"application\/ld+json\" class=\"yoast-schema-graph\">{\"@context\":\"https:\/\/schema.org\",\"@graph\":[{\"@type\":\"WebPage\",\"@id\":\"https:\/\/aivlisoft.net\/shop\/producto\/qnap-ts-410e-8g-nas-4xssd-bay-2x2-5gbe-4xusb\/\",\"url\":\"https:\/\/aivlisoft.net\/shop\/producto\/qnap-ts-410e-8g-nas-4xssd-bay-2x2-5gbe-4xusb\/\",\"name\":\"QNAP TS-410E-8G NAS 4XSSD Bay 2x2.5GbE 4xUSB - Aivlisoft Inform\u00e1tica\",\"isPartOf\":{\"@id\":\"https:\/\/aivlisoft.net\/shop\/#website\"},\"primaryImageOfPage\":{\"@id\":\"https:\/\/aivlisoft.net\/shop\/producto\/qnap-ts-410e-8g-nas-4xssd-bay-2x2-5gbe-4xusb\/#primaryimage\"},\"image\":{\"@id\":\"https:\/\/aivlisoft.net\/shop\/producto\/qnap-ts-410e-8g-nas-4xssd-bay-2x2-5gbe-4xusb\/#primaryimage\"},\"thumbnailUrl\":\"https:\/\/aivlisoft.net\/shop\/wp-content\/uploads\/2025\/01\/NARARS0217_800.jpg\",\"datePublished\":\"2025-01-13T15:23:27+00:00\",\"dateModified\":\"2025-01-14T11:40:06+00:00\",\"breadcrumb\":{\"@id\":\"https:\/\/aivlisoft.net\/shop\/producto\/qnap-ts-410e-8g-nas-4xssd-bay-2x2-5gbe-4xusb\/#breadcrumb\"},\"inLanguage\":\"es\",\"potentialAction\":[{\"@type\":\"ReadAction\",\"target\":[\"https:\/\/aivlisoft.net\/shop\/producto\/qnap-ts-410e-8g-nas-4xssd-bay-2x2-5gbe-4xusb\/\"]}]},{\"@type\":\"ImageObject\",\"inLanguage\":\"es\",\"@id\":\"https:\/\/aivlisoft.net\/shop\/producto\/qnap-ts-410e-8g-nas-4xssd-bay-2x2-5gbe-4xusb\/#primaryimage\",\"url\":\"https:\/\/aivlisoft.net\/shop\/wp-content\/uploads\/2025\/01\/NARARS0217_800.jpg\",\"contentUrl\":\"https:\/\/aivlisoft.net\/shop\/wp-content\/uploads\/2025\/01\/NARARS0217_800.jpg\",\"width\":800,\"height\":800},{\"@type\":\"BreadcrumbList\",\"@id\":\"https:\/\/aivlisoft.net\/shop\/producto\/qnap-ts-410e-8g-nas-4xssd-bay-2x2-5gbe-4xusb\/#breadcrumb\",\"itemListElement\":[{\"@type\":\"ListItem\",\"position\":1,\"name\":\"Portada\",\"item\":\"https:\/\/aivlisoft.net\/shop\/\"},{\"@type\":\"ListItem\",\"position\":2,\"name\":\"Tienda\",\"item\":\"https:\/\/aivlisoft.net\/shop\/tienda\/\"},{\"@type\":\"ListItem\",\"position\":3,\"name\":\"QNAP TS-410E-8G NAS 4XSSD Bay 2&#215;2.5GbE 4xUSB\"}]},{\"@type\":\"WebSite\",\"@id\":\"https:\/\/aivlisoft.net\/shop\/#website\",\"url\":\"https:\/\/aivlisoft.net\/shop\/\",\"name\":\"Aivlisoft Inform\u00e1tica\",\"description\":\"En Aivlisoft Inform\u00e1tica ofrecemos soluciones tecnol\u00f3gicas para empresas: venta de ordenadores, consumibles, perif\u00e9ricos y m\u00e1s. Calidad, atenci\u00f3n personalizada y los mejores precios para tu negocio.\",\"publisher\":{\"@id\":\"https:\/\/aivlisoft.net\/shop\/#organization\"},\"potentialAction\":[{\"@type\":\"SearchAction\",\"target\":{\"@type\":\"EntryPoint\",\"urlTemplate\":\"https:\/\/aivlisoft.net\/shop\/?s={search_term_string}\"},\"query-input\":{\"@type\":\"PropertyValueSpecification\",\"valueRequired\":true,\"valueName\":\"search_term_string\"}}],\"inLanguage\":\"es\"},{\"@type\":\"Organization\",\"@id\":\"https:\/\/aivlisoft.net\/shop\/#organization\",\"name\":\"Aivlisoft Inform\u00e1tica\",\"url\":\"https:\/\/aivlisoft.net\/shop\/\",\"logo\":{\"@type\":\"ImageObject\",\"inLanguage\":\"es\",\"@id\":\"https:\/\/aivlisoft.net\/shop\/#\/schema\/logo\/image\/\",\"url\":\"https:\/\/aivlisoft.net\/shop\/wp-content\/uploads\/2024\/12\/removal.ai_5b848c54-0cdf-4140-95c5-c5536bb7573b-logodef.png\",\"contentUrl\":\"https:\/\/aivlisoft.net\/shop\/wp-content\/uploads\/2024\/12\/removal.ai_5b848c54-0cdf-4140-95c5-c5536bb7573b-logodef.png\",\"width\":484,\"height\":182,\"caption\":\"Aivlisoft Inform\u00e1tica\"},\"image\":{\"@id\":\"https:\/\/aivlisoft.net\/shop\/#\/schema\/logo\/image\/\"}}]}<\/script>\n<!-- \/ Yoast SEO plugin. -->","yoast_head_json":{"title":"QNAP TS-410E-8G NAS 4XSSD Bay 2x2.5GbE 4xUSB - Aivlisoft Inform\u00e1tica","robots":{"index":"index","follow":"follow","max-snippet":"max-snippet:-1","max-image-preview":"max-image-preview:large","max-video-preview":"max-video-preview:-1"},"canonical":"https:\/\/aivlisoft.net\/shop\/producto\/qnap-ts-410e-8g-nas-4xssd-bay-2x2-5gbe-4xusb\/","og_locale":"es_ES","og_type":"article","og_title":"QNAP TS-410E-8G NAS 4XSSD Bay 2x2.5GbE 4xUSB - Aivlisoft Inform\u00e1tica","og_description":"&nbsp; Marca QNAP Modelo TS-410E-8G CPU &#8211; CPU: Procesador Intel&reg; Celeron&reg; J6412 de cuatro n&uacute;cleos y cuatro hilos, con potencia de hasta 2,6 GHz &#8211; Arquitectura de CPU: x86 de 64 bits &#8211; Procesadores gr&aacute;ficos: Intel&reg; UHD Graphics &#8211; Unidad de coma flotante &#8211; Motor de cifrado: (AES-NI) &#8211; Transcodificaci&oacute;n acelerada de hardware Memoria &#8211;&hellip;&nbsp;QNAP TS-410E-8G NAS 4XSSD Bay 2&#215;2.5GbE 4xUSB","og_url":"https:\/\/aivlisoft.net\/shop\/producto\/qnap-ts-410e-8g-nas-4xssd-bay-2x2-5gbe-4xusb\/","og_site_name":"Aivlisoft Inform\u00e1tica","article_modified_time":"2025-01-14T11:40:06+00:00","og_image":[{"width":800,"height":800,"url":"https:\/\/aivlisoft.net\/shop\/wp-content\/uploads\/2025\/01\/NARARS0217_800.jpg","type":"image\/jpeg"}],"twitter_card":"summary_large_image","twitter_misc":{"Tiempo de lectura":"3 minutos"},"schema":{"@context":"https:\/\/schema.org","@graph":[{"@type":"WebPage","@id":"https:\/\/aivlisoft.net\/shop\/producto\/qnap-ts-410e-8g-nas-4xssd-bay-2x2-5gbe-4xusb\/","url":"https:\/\/aivlisoft.net\/shop\/producto\/qnap-ts-410e-8g-nas-4xssd-bay-2x2-5gbe-4xusb\/","name":"QNAP TS-410E-8G NAS 4XSSD Bay 2x2.5GbE 4xUSB - Aivlisoft Inform\u00e1tica","isPartOf":{"@id":"https:\/\/aivlisoft.net\/shop\/#website"},"primaryImageOfPage":{"@id":"https:\/\/aivlisoft.net\/shop\/producto\/qnap-ts-410e-8g-nas-4xssd-bay-2x2-5gbe-4xusb\/#primaryimage"},"image":{"@id":"https:\/\/aivlisoft.net\/shop\/producto\/qnap-ts-410e-8g-nas-4xssd-bay-2x2-5gbe-4xusb\/#primaryimage"},"thumbnailUrl":"https:\/\/aivlisoft.net\/shop\/wp-content\/uploads\/2025\/01\/NARARS0217_800.jpg","datePublished":"2025-01-13T15:23:27+00:00","dateModified":"2025-01-14T11:40:06+00:00","breadcrumb":{"@id":"https:\/\/aivlisoft.net\/shop\/producto\/qnap-ts-410e-8g-nas-4xssd-bay-2x2-5gbe-4xusb\/#breadcrumb"},"inLanguage":"es","potentialAction":[{"@type":"ReadAction","target":["https:\/\/aivlisoft.net\/shop\/producto\/qnap-ts-410e-8g-nas-4xssd-bay-2x2-5gbe-4xusb\/"]}]},{"@type":"ImageObject","inLanguage":"es","@id":"https:\/\/aivlisoft.net\/shop\/producto\/qnap-ts-410e-8g-nas-4xssd-bay-2x2-5gbe-4xusb\/#primaryimage","url":"https:\/\/aivlisoft.net\/shop\/wp-content\/uploads\/2025\/01\/NARARS0217_800.jpg","contentUrl":"https:\/\/aivlisoft.net\/shop\/wp-content\/uploads\/2025\/01\/NARARS0217_800.jpg","width":800,"height":800},{"@type":"BreadcrumbList","@id":"https:\/\/aivlisoft.net\/shop\/producto\/qnap-ts-410e-8g-nas-4xssd-bay-2x2-5gbe-4xusb\/#breadcrumb","itemListElement":[{"@type":"ListItem","position":1,"name":"Portada","item":"https:\/\/aivlisoft.net\/shop\/"},{"@type":"ListItem","position":2,"name":"Tienda","item":"https:\/\/aivlisoft.net\/shop\/tienda\/"},{"@type":"ListItem","position":3,"name":"QNAP TS-410E-8G NAS 4XSSD Bay 2&#215;2.5GbE 4xUSB"}]},{"@type":"WebSite","@id":"https:\/\/aivlisoft.net\/shop\/#website","url":"https:\/\/aivlisoft.net\/shop\/","name":"Aivlisoft Inform\u00e1tica","description":"En Aivlisoft Inform\u00e1tica ofrecemos soluciones tecnol\u00f3gicas para empresas: venta de ordenadores, consumibles, perif\u00e9ricos y m\u00e1s. Calidad, atenci\u00f3n personalizada y los mejores precios para tu negocio.","publisher":{"@id":"https:\/\/aivlisoft.net\/shop\/#organization"},"potentialAction":[{"@type":"SearchAction","target":{"@type":"EntryPoint","urlTemplate":"https:\/\/aivlisoft.net\/shop\/?s={search_term_string}"},"query-input":{"@type":"PropertyValueSpecification","valueRequired":true,"valueName":"search_term_string"}}],"inLanguage":"es"},{"@type":"Organization","@id":"https:\/\/aivlisoft.net\/shop\/#organization","name":"Aivlisoft Inform\u00e1tica","url":"https:\/\/aivlisoft.net\/shop\/","logo":{"@type":"ImageObject","inLanguage":"es","@id":"https:\/\/aivlisoft.net\/shop\/#\/schema\/logo\/image\/","url":"https:\/\/aivlisoft.net\/shop\/wp-content\/uploads\/2024\/12\/removal.ai_5b848c54-0cdf-4140-95c5-c5536bb7573b-logodef.png","contentUrl":"https:\/\/aivlisoft.net\/shop\/wp-content\/uploads\/2024\/12\/removal.ai_5b848c54-0cdf-4140-95c5-c5536bb7573b-logodef.png","width":484,"height":182,"caption":"Aivlisoft Inform\u00e1tica"},"image":{"@id":"https:\/\/aivlisoft.net\/shop\/#\/schema\/logo\/image\/"}}]}},"_links":{"self":[{"href":"https:\/\/aivlisoft.net\/shop\/wp-json\/wp\/v2\/product\/18573","targetHints":{"allow":["GET"]}}],"collection":[{"href":"https:\/\/aivlisoft.net\/shop\/wp-json\/wp\/v2\/product"}],"about":[{"href":"https:\/\/aivlisoft.net\/shop\/wp-json\/wp\/v2\/types\/product"}],"wp:featuredmedia":[{"embeddable":true,"href":"https:\/\/aivlisoft.net\/shop\/wp-json\/wp\/v2\/media\/18574"}],"wp:attachment":[{"href":"https:\/\/aivlisoft.net\/shop\/wp-json\/wp\/v2\/media?parent=18573"}],"wp:term":[{"taxonomy":"product_brand","embeddable":true,"href":"https:\/\/aivlisoft.net\/shop\/wp-json\/wp\/v2\/product_brand?post=18573"},{"taxonomy":"product_cat","embeddable":true,"href":"https:\/\/aivlisoft.net\/shop\/wp-json\/wp\/v2\/product_cat?post=18573"},{"taxonomy":"product_tag","embeddable":true,"href":"https:\/\/aivlisoft.net\/shop\/wp-json\/wp\/v2\/product_tag?post=18573"}],"curies":[{"name":"wp","href":"https:\/\/api.w.org\/{rel}","templated":true}]}}