{"id":18568,"date":"2025-01-13T15:23:25","date_gmt":"2025-01-13T15:23:25","guid":{"rendered":"https:\/\/aivlisoft.com\/?post_type=product&#038;p=18568"},"modified":"2025-01-14T11:40:05","modified_gmt":"2025-01-14T11:40:05","slug":"qnap-ts-932px-4g-nas-54-bay-2x10gbe-sfp-2xlan","status":"publish","type":"product","link":"https:\/\/aivlisoft.net\/shop\/producto\/qnap-ts-932px-4g-nas-54-bay-2x10gbe-sfp-2xlan\/","title":{"rendered":"QNAP TS-932PX-4G NAS 5+4-Bay 2x10GbE SFP+ 2xLAN"},"content":{"rendered":"<p>&nbsp;<\/p>\n<table class=\"tabla_caracteristicas k-table\" width=\"100%\">\n<tr>\n<td valign=\"top\"><strong>Marca <\/strong><\/td>\n<td valign=\"top\">QNAP<\/td>\n<\/tr>\n<tr>\n<td valign=\"top\"><strong>Modelo <\/strong><\/td>\n<td valign=\"top\"><strong>TS-932PX-4G<\/strong><\/td>\n<\/tr>\n<tr>\n<td valign=\"top\"><strong>CPU <\/strong><\/td>\n<td valign=\"top\">&#8211; Procesador AnnapurnaLabs Alpine AL324 ARM&reg; Cortex-A57 de cuatro n&uacute;cleos de 1,7 GHz<br \/>\t\t\t&#8211; Arquitectura de CPU ARM de 64 bits<br \/>\t\t\t&#8211; Unidad de coma flotante<br \/>\t\t\t&#8211; Motor de cifrado<\/td>\n<\/tr>\n<tr>\n<td valign=\"top\"><strong>Memoria<\/strong><\/td>\n<td valign=\"top\">&#8211; Memoria interna: <strong>4 GB<\/strong><br \/>\t\t\t&#8211; Memoria m&aacute;xima <strong>16 GB<\/strong> (1 m&oacute;dulo de 16 GB)<br \/>\t\t\t&#8211; Ranura para memoria 1 x SODIMM DDR4<br \/>\t\t\t&#8211; Memoria flash 512 MB (protecci&oacute;n del sistema operativo de doble arranque)<\/td>\n<\/tr>\n<tr>\n<td valign=\"top\"><strong>Almacenamiento <\/strong><\/td>\n<td valign=\"top\">&#8211; Bah&iacute;as: 5x 3.5-inch+ 4 x 2.5-inch SATA 6Gb\/s<br \/>\t\t\t&#8211; Compatibilidad de unidades<br \/>\t\t\t&nbsp; Bah&iacute;as de 3,5&quot;:<br \/>\t\t\t&nbsp; Unidades de disco duro SATA de 3,5&quot;<br \/>\t\t\t&nbsp; Unidades de disco duro SATA de 2,5&quot;<br \/>\t\t\t&nbsp; Unidades de estado s&oacute;lido SATA de 2,5&quot;<br \/>\t\t\t&nbsp; Bah&iacute;as de 2,5&quot;:<br \/>\t\t\t&nbsp; Unidades de estado s&oacute;lido de 2,5&quot;<\/td>\n<\/tr>\n<tr>\n<td valign=\"top\"><strong>Conexiones <\/strong><\/td>\n<td valign=\"top\">&#8211; Puerto GbE (RJ45): 2<br \/>\t\t\t&#8211; Puerto 10 GbE: 2 puerto SFP+ 10GbE<br \/>\t\t\t&#8211; Puerto 2.5 Gbe: 2 (2.5G\/1G\/100M\/10M)<br \/>\t\t\t&#8211; Puerto USB 3.2 Gen 1: 3<br \/>\t\t\t&#8211; Salida de audio: 1 altavoz integrado, 1 conector de salida de l&iacute;nea de 3,5 mm (para amplificadores o altavoces)<\/td>\n<\/tr>\n<tr>\n<td valign=\"top\"><strong>Caracter&iacute;sticas <\/strong><\/td>\n<td valign=\"top\">&#8211; Factor de forma: Torre<br \/>\t\t\t&#8211; Wake-on-LAN (WOL)<br \/>\t\t\t&#8211; Jumbo Frame<br \/>\t\t\t&#8211; Intercambiable en caliente<br \/>\t\t\t&#8211; Botones: Encendido, Reinicio, copia USB<br \/>\t\t\t&#8211; Indicadores LED: Estado del sistema, LAN, USB, unidad de disco duro 1~5, SSD 1~4<br \/>\t\t\t&#8211; Ventilador: 1 de 140mm, 12 V de CC<br \/>\t\t\t&#8211; Advertencia del sistema: Mensajes de voz o timbre<br \/>\t\t\t&#8211; Ranura de seguridad: Kensington<br \/>\t\t\t&#8211; N.&ordm; m&aacute;x. de conexiones simult&aacute;neas (CIFS): con memoria m&aacute;x. 700<br \/>\t\t\t<strong>Entorno<\/strong><br \/>\t\t\t&#8211; Temperatura operativa: 0 &#8211; 40 &deg;C (32&deg;F &#8211; 104&deg;F)<br \/>\t\t\t&#8211; Temperatura de almacenamiento: -20 &#8211; 70&deg;C (-4&deg;F &#8211; 158&deg;F)<br \/>\t\t\t&#8211; Humedad relativa: 5 ~ 95 % de humedad relativa sin condensaci&oacute;n, bulbo h&uacute;medo: 27 &ordm;C (80,6 &ordm;F)<br \/>\t\t\t<strong>Alimentaci&oacute;n<\/strong><br \/>\t\t\t&#8211; Unidad de alimentaci&oacute;n el&eacute;ctrica: Externo, 120 W, CA 100 a 240 V<br \/>\t\t\t&#8211; Consumo de energ&iacute;a: Modo suspensi&oacute;n de disco duro: 23.83 W<br \/>\t\t\t&#8211; Consumo de energ&iacute;a: Modo de funcionamiento, t&iacute;pico 43.00 W<br \/>\t\t\t<strong>F&iacute;sicas<\/strong><br \/>\t\t\t&#8211; Dimensiones (Altura x Anchura x Profundidad): 182,7 &times; 224,6 &times; 224,1 mm<br \/>\t\t\t&#8211; Peso (neto): 3.39kg<br \/>\t\t\t&#8211; Peso (bruto): 4.99 kg<\/td>\n<\/tr>\n<tr>\n<td valign=\"top\"><strong>Fecha Revisi&oacute;n <\/strong><\/td>\n<td valign=\"top\">15-09-2022 por MPM<\/td>\n<\/tr>\n<\/table>\n","protected":false},"excerpt":{"rendered":"<p>&nbsp; Marca QNAP Modelo TS-932PX-4G CPU &#8211; Procesador AnnapurnaLabs Alpine AL324 ARM&reg; Cortex-A57 de cuatro n&uacute;cleos de 1,7 GHz &#8211; Arquitectura de CPU ARM de 64 bits &#8211; Unidad de coma flotante &#8211; Motor de cifrado Memoria &#8211; Memoria interna: 4 GB &#8211; Memoria m&aacute;xima 16 GB (1 m&oacute;dulo de 16 GB) &#8211; Ranura para&hellip;&nbsp;<a href=\"https:\/\/aivlisoft.net\/shop\/producto\/qnap-ts-932px-4g-nas-54-bay-2x10gbe-sfp-2xlan\/\" rel=\"bookmark\"><span class=\"screen-reader-text\">QNAP TS-932PX-4G NAS 5+4-Bay 2x10GbE SFP+ 2xLAN<\/span><\/a><\/p>\n","protected":false},"featured_media":18569,"template":"","meta":{"neve_meta_sidebar":"","neve_meta_container":"","neve_meta_enable_content_width":"","neve_meta_content_width":0,"neve_meta_title_alignment":"","neve_meta_author_avatar":"","neve_post_elements_order":"","neve_meta_disable_header":"","neve_meta_disable_footer":"","neve_meta_disable_title":""},"product_brand":[],"product_cat":[8767],"product_tag":[6763],"class_list":{"0":"post-18568","1":"product","2":"type-product","3":"status-publish","4":"has-post-thumbnail","6":"product_cat-almacenamiento-sobremesa","7":"product_tag-ts-932px-4g","9":"first","10":"instock","11":"taxable","12":"shipping-taxable","13":"purchasable","14":"product-type-simple"},"yoast_head":"<!-- This site is optimized with the Yoast SEO plugin v26.0 - https:\/\/yoast.com\/wordpress\/plugins\/seo\/ -->\n<title>QNAP TS-932PX-4G NAS 5+4-Bay 2x10GbE SFP+ 2xLAN - Aivlisoft Inform\u00e1tica<\/title>\n<meta name=\"robots\" content=\"index, follow, max-snippet:-1, max-image-preview:large, max-video-preview:-1\" \/>\n<link rel=\"canonical\" href=\"https:\/\/aivlisoft.net\/shop\/producto\/qnap-ts-932px-4g-nas-54-bay-2x10gbe-sfp-2xlan\/\" \/>\n<meta property=\"og:locale\" content=\"es_ES\" \/>\n<meta property=\"og:type\" content=\"article\" \/>\n<meta property=\"og:title\" content=\"QNAP TS-932PX-4G NAS 5+4-Bay 2x10GbE SFP+ 2xLAN - Aivlisoft Inform\u00e1tica\" \/>\n<meta property=\"og:description\" content=\"&nbsp; Marca QNAP Modelo TS-932PX-4G CPU &#8211; Procesador AnnapurnaLabs Alpine AL324 ARM&reg; Cortex-A57 de cuatro n&uacute;cleos de 1,7 GHz &#8211; Arquitectura de CPU ARM de 64 bits &#8211; Unidad de coma flotante &#8211; Motor de cifrado Memoria &#8211; Memoria interna: 4 GB &#8211; Memoria m&aacute;xima 16 GB (1 m&oacute;dulo de 16 GB) &#8211; Ranura para&hellip;&nbsp;QNAP TS-932PX-4G NAS 5+4-Bay 2x10GbE SFP+ 2xLAN\" \/>\n<meta property=\"og:url\" content=\"https:\/\/aivlisoft.net\/shop\/producto\/qnap-ts-932px-4g-nas-54-bay-2x10gbe-sfp-2xlan\/\" \/>\n<meta property=\"og:site_name\" content=\"Aivlisoft Inform\u00e1tica\" \/>\n<meta property=\"article:modified_time\" content=\"2025-01-14T11:40:05+00:00\" \/>\n<meta property=\"og:image\" content=\"https:\/\/aivlisoft.net\/shop\/wp-content\/uploads\/2025\/01\/NARARS0215_800.jpg\" \/>\n\t<meta property=\"og:image:width\" content=\"800\" \/>\n\t<meta property=\"og:image:height\" content=\"800\" \/>\n\t<meta property=\"og:image:type\" content=\"image\/jpeg\" \/>\n<meta name=\"twitter:card\" content=\"summary_large_image\" \/>\n<meta name=\"twitter:label1\" content=\"Tiempo de lectura\" \/>\n\t<meta name=\"twitter:data1\" content=\"2 minutos\" \/>\n<script type=\"application\/ld+json\" class=\"yoast-schema-graph\">{\"@context\":\"https:\/\/schema.org\",\"@graph\":[{\"@type\":\"WebPage\",\"@id\":\"https:\/\/aivlisoft.net\/shop\/producto\/qnap-ts-932px-4g-nas-54-bay-2x10gbe-sfp-2xlan\/\",\"url\":\"https:\/\/aivlisoft.net\/shop\/producto\/qnap-ts-932px-4g-nas-54-bay-2x10gbe-sfp-2xlan\/\",\"name\":\"QNAP TS-932PX-4G NAS 5+4-Bay 2x10GbE SFP+ 2xLAN - Aivlisoft Inform\u00e1tica\",\"isPartOf\":{\"@id\":\"https:\/\/aivlisoft.net\/shop\/#website\"},\"primaryImageOfPage\":{\"@id\":\"https:\/\/aivlisoft.net\/shop\/producto\/qnap-ts-932px-4g-nas-54-bay-2x10gbe-sfp-2xlan\/#primaryimage\"},\"image\":{\"@id\":\"https:\/\/aivlisoft.net\/shop\/producto\/qnap-ts-932px-4g-nas-54-bay-2x10gbe-sfp-2xlan\/#primaryimage\"},\"thumbnailUrl\":\"https:\/\/aivlisoft.net\/shop\/wp-content\/uploads\/2025\/01\/NARARS0215_800.jpg\",\"datePublished\":\"2025-01-13T15:23:25+00:00\",\"dateModified\":\"2025-01-14T11:40:05+00:00\",\"breadcrumb\":{\"@id\":\"https:\/\/aivlisoft.net\/shop\/producto\/qnap-ts-932px-4g-nas-54-bay-2x10gbe-sfp-2xlan\/#breadcrumb\"},\"inLanguage\":\"es\",\"potentialAction\":[{\"@type\":\"ReadAction\",\"target\":[\"https:\/\/aivlisoft.net\/shop\/producto\/qnap-ts-932px-4g-nas-54-bay-2x10gbe-sfp-2xlan\/\"]}]},{\"@type\":\"ImageObject\",\"inLanguage\":\"es\",\"@id\":\"https:\/\/aivlisoft.net\/shop\/producto\/qnap-ts-932px-4g-nas-54-bay-2x10gbe-sfp-2xlan\/#primaryimage\",\"url\":\"https:\/\/aivlisoft.net\/shop\/wp-content\/uploads\/2025\/01\/NARARS0215_800.jpg\",\"contentUrl\":\"https:\/\/aivlisoft.net\/shop\/wp-content\/uploads\/2025\/01\/NARARS0215_800.jpg\",\"width\":800,\"height\":800},{\"@type\":\"BreadcrumbList\",\"@id\":\"https:\/\/aivlisoft.net\/shop\/producto\/qnap-ts-932px-4g-nas-54-bay-2x10gbe-sfp-2xlan\/#breadcrumb\",\"itemListElement\":[{\"@type\":\"ListItem\",\"position\":1,\"name\":\"Portada\",\"item\":\"https:\/\/aivlisoft.net\/shop\/\"},{\"@type\":\"ListItem\",\"position\":2,\"name\":\"Tienda\",\"item\":\"https:\/\/aivlisoft.net\/shop\/tienda\/\"},{\"@type\":\"ListItem\",\"position\":3,\"name\":\"QNAP TS-932PX-4G NAS 5+4-Bay 2x10GbE SFP+ 2xLAN\"}]},{\"@type\":\"WebSite\",\"@id\":\"https:\/\/aivlisoft.net\/shop\/#website\",\"url\":\"https:\/\/aivlisoft.net\/shop\/\",\"name\":\"Aivlisoft Inform\u00e1tica\",\"description\":\"En Aivlisoft Inform\u00e1tica ofrecemos soluciones tecnol\u00f3gicas para empresas: venta de ordenadores, consumibles, perif\u00e9ricos y m\u00e1s. Calidad, atenci\u00f3n personalizada y los mejores precios para tu negocio.\",\"publisher\":{\"@id\":\"https:\/\/aivlisoft.net\/shop\/#organization\"},\"potentialAction\":[{\"@type\":\"SearchAction\",\"target\":{\"@type\":\"EntryPoint\",\"urlTemplate\":\"https:\/\/aivlisoft.net\/shop\/?s={search_term_string}\"},\"query-input\":{\"@type\":\"PropertyValueSpecification\",\"valueRequired\":true,\"valueName\":\"search_term_string\"}}],\"inLanguage\":\"es\"},{\"@type\":\"Organization\",\"@id\":\"https:\/\/aivlisoft.net\/shop\/#organization\",\"name\":\"Aivlisoft Inform\u00e1tica\",\"url\":\"https:\/\/aivlisoft.net\/shop\/\",\"logo\":{\"@type\":\"ImageObject\",\"inLanguage\":\"es\",\"@id\":\"https:\/\/aivlisoft.net\/shop\/#\/schema\/logo\/image\/\",\"url\":\"https:\/\/aivlisoft.net\/shop\/wp-content\/uploads\/2024\/12\/removal.ai_5b848c54-0cdf-4140-95c5-c5536bb7573b-logodef.png\",\"contentUrl\":\"https:\/\/aivlisoft.net\/shop\/wp-content\/uploads\/2024\/12\/removal.ai_5b848c54-0cdf-4140-95c5-c5536bb7573b-logodef.png\",\"width\":484,\"height\":182,\"caption\":\"Aivlisoft Inform\u00e1tica\"},\"image\":{\"@id\":\"https:\/\/aivlisoft.net\/shop\/#\/schema\/logo\/image\/\"}}]}<\/script>\n<!-- \/ Yoast SEO plugin. -->","yoast_head_json":{"title":"QNAP TS-932PX-4G NAS 5+4-Bay 2x10GbE SFP+ 2xLAN - Aivlisoft Inform\u00e1tica","robots":{"index":"index","follow":"follow","max-snippet":"max-snippet:-1","max-image-preview":"max-image-preview:large","max-video-preview":"max-video-preview:-1"},"canonical":"https:\/\/aivlisoft.net\/shop\/producto\/qnap-ts-932px-4g-nas-54-bay-2x10gbe-sfp-2xlan\/","og_locale":"es_ES","og_type":"article","og_title":"QNAP TS-932PX-4G NAS 5+4-Bay 2x10GbE SFP+ 2xLAN - Aivlisoft Inform\u00e1tica","og_description":"&nbsp; Marca QNAP Modelo TS-932PX-4G CPU &#8211; Procesador AnnapurnaLabs Alpine AL324 ARM&reg; Cortex-A57 de cuatro n&uacute;cleos de 1,7 GHz &#8211; Arquitectura de CPU ARM de 64 bits &#8211; Unidad de coma flotante &#8211; Motor de cifrado Memoria &#8211; Memoria interna: 4 GB &#8211; Memoria m&aacute;xima 16 GB (1 m&oacute;dulo de 16 GB) &#8211; Ranura para&hellip;&nbsp;QNAP TS-932PX-4G NAS 5+4-Bay 2x10GbE SFP+ 2xLAN","og_url":"https:\/\/aivlisoft.net\/shop\/producto\/qnap-ts-932px-4g-nas-54-bay-2x10gbe-sfp-2xlan\/","og_site_name":"Aivlisoft Inform\u00e1tica","article_modified_time":"2025-01-14T11:40:05+00:00","og_image":[{"width":800,"height":800,"url":"https:\/\/aivlisoft.net\/shop\/wp-content\/uploads\/2025\/01\/NARARS0215_800.jpg","type":"image\/jpeg"}],"twitter_card":"summary_large_image","twitter_misc":{"Tiempo de lectura":"2 minutos"},"schema":{"@context":"https:\/\/schema.org","@graph":[{"@type":"WebPage","@id":"https:\/\/aivlisoft.net\/shop\/producto\/qnap-ts-932px-4g-nas-54-bay-2x10gbe-sfp-2xlan\/","url":"https:\/\/aivlisoft.net\/shop\/producto\/qnap-ts-932px-4g-nas-54-bay-2x10gbe-sfp-2xlan\/","name":"QNAP TS-932PX-4G NAS 5+4-Bay 2x10GbE SFP+ 2xLAN - Aivlisoft Inform\u00e1tica","isPartOf":{"@id":"https:\/\/aivlisoft.net\/shop\/#website"},"primaryImageOfPage":{"@id":"https:\/\/aivlisoft.net\/shop\/producto\/qnap-ts-932px-4g-nas-54-bay-2x10gbe-sfp-2xlan\/#primaryimage"},"image":{"@id":"https:\/\/aivlisoft.net\/shop\/producto\/qnap-ts-932px-4g-nas-54-bay-2x10gbe-sfp-2xlan\/#primaryimage"},"thumbnailUrl":"https:\/\/aivlisoft.net\/shop\/wp-content\/uploads\/2025\/01\/NARARS0215_800.jpg","datePublished":"2025-01-13T15:23:25+00:00","dateModified":"2025-01-14T11:40:05+00:00","breadcrumb":{"@id":"https:\/\/aivlisoft.net\/shop\/producto\/qnap-ts-932px-4g-nas-54-bay-2x10gbe-sfp-2xlan\/#breadcrumb"},"inLanguage":"es","potentialAction":[{"@type":"ReadAction","target":["https:\/\/aivlisoft.net\/shop\/producto\/qnap-ts-932px-4g-nas-54-bay-2x10gbe-sfp-2xlan\/"]}]},{"@type":"ImageObject","inLanguage":"es","@id":"https:\/\/aivlisoft.net\/shop\/producto\/qnap-ts-932px-4g-nas-54-bay-2x10gbe-sfp-2xlan\/#primaryimage","url":"https:\/\/aivlisoft.net\/shop\/wp-content\/uploads\/2025\/01\/NARARS0215_800.jpg","contentUrl":"https:\/\/aivlisoft.net\/shop\/wp-content\/uploads\/2025\/01\/NARARS0215_800.jpg","width":800,"height":800},{"@type":"BreadcrumbList","@id":"https:\/\/aivlisoft.net\/shop\/producto\/qnap-ts-932px-4g-nas-54-bay-2x10gbe-sfp-2xlan\/#breadcrumb","itemListElement":[{"@type":"ListItem","position":1,"name":"Portada","item":"https:\/\/aivlisoft.net\/shop\/"},{"@type":"ListItem","position":2,"name":"Tienda","item":"https:\/\/aivlisoft.net\/shop\/tienda\/"},{"@type":"ListItem","position":3,"name":"QNAP TS-932PX-4G NAS 5+4-Bay 2x10GbE SFP+ 2xLAN"}]},{"@type":"WebSite","@id":"https:\/\/aivlisoft.net\/shop\/#website","url":"https:\/\/aivlisoft.net\/shop\/","name":"Aivlisoft Inform\u00e1tica","description":"En Aivlisoft Inform\u00e1tica ofrecemos soluciones tecnol\u00f3gicas para empresas: venta de ordenadores, consumibles, perif\u00e9ricos y m\u00e1s. Calidad, atenci\u00f3n personalizada y los mejores precios para tu negocio.","publisher":{"@id":"https:\/\/aivlisoft.net\/shop\/#organization"},"potentialAction":[{"@type":"SearchAction","target":{"@type":"EntryPoint","urlTemplate":"https:\/\/aivlisoft.net\/shop\/?s={search_term_string}"},"query-input":{"@type":"PropertyValueSpecification","valueRequired":true,"valueName":"search_term_string"}}],"inLanguage":"es"},{"@type":"Organization","@id":"https:\/\/aivlisoft.net\/shop\/#organization","name":"Aivlisoft Inform\u00e1tica","url":"https:\/\/aivlisoft.net\/shop\/","logo":{"@type":"ImageObject","inLanguage":"es","@id":"https:\/\/aivlisoft.net\/shop\/#\/schema\/logo\/image\/","url":"https:\/\/aivlisoft.net\/shop\/wp-content\/uploads\/2024\/12\/removal.ai_5b848c54-0cdf-4140-95c5-c5536bb7573b-logodef.png","contentUrl":"https:\/\/aivlisoft.net\/shop\/wp-content\/uploads\/2024\/12\/removal.ai_5b848c54-0cdf-4140-95c5-c5536bb7573b-logodef.png","width":484,"height":182,"caption":"Aivlisoft Inform\u00e1tica"},"image":{"@id":"https:\/\/aivlisoft.net\/shop\/#\/schema\/logo\/image\/"}}]}},"_links":{"self":[{"href":"https:\/\/aivlisoft.net\/shop\/wp-json\/wp\/v2\/product\/18568","targetHints":{"allow":["GET"]}}],"collection":[{"href":"https:\/\/aivlisoft.net\/shop\/wp-json\/wp\/v2\/product"}],"about":[{"href":"https:\/\/aivlisoft.net\/shop\/wp-json\/wp\/v2\/types\/product"}],"wp:featuredmedia":[{"embeddable":true,"href":"https:\/\/aivlisoft.net\/shop\/wp-json\/wp\/v2\/media\/18569"}],"wp:attachment":[{"href":"https:\/\/aivlisoft.net\/shop\/wp-json\/wp\/v2\/media?parent=18568"}],"wp:term":[{"taxonomy":"product_brand","embeddable":true,"href":"https:\/\/aivlisoft.net\/shop\/wp-json\/wp\/v2\/product_brand?post=18568"},{"taxonomy":"product_cat","embeddable":true,"href":"https:\/\/aivlisoft.net\/shop\/wp-json\/wp\/v2\/product_cat?post=18568"},{"taxonomy":"product_tag","embeddable":true,"href":"https:\/\/aivlisoft.net\/shop\/wp-json\/wp\/v2\/product_tag?post=18568"}],"curies":[{"name":"wp","href":"https:\/\/api.w.org\/{rel}","templated":true}]}}