{"id":18566,"date":"2025-01-13T15:23:24","date_gmt":"2025-01-13T15:23:24","guid":{"rendered":"https:\/\/aivlisoft.com\/?post_type=product&#038;p=18566"},"modified":"2025-01-14T11:40:04","modified_gmt":"2025-01-14T11:40:04","slug":"synology-ds1522-nas-5bay-diskstation","status":"publish","type":"product","link":"https:\/\/aivlisoft.net\/shop\/producto\/synology-ds1522-nas-5bay-diskstation\/","title":{"rendered":"Synology DS1522+ NAS 5Bay DiskStation"},"content":{"rendered":"<p>&nbsp;<\/p>\n<table class=\"tabla_caracteristicas k-table\" width=\"100%\">\n<tr>\n<td valign=\"top\"><strong>Marca <\/strong><\/td>\n<td valign=\"top\">Synology<\/td>\n<\/tr>\n<tr>\n<td valign=\"top\"><strong>Modelo <\/strong><\/td>\n<td valign=\"top\"><strong>DS1522+<\/strong><\/td>\n<\/tr>\n<tr>\n<td valign=\"top\"><strong>CPU <\/strong><\/td>\n<td valign=\"top\">&#8211; CPU AMD Ryzen&trade; R1600 dual-core (4-thread) 2.6 GHz, max. boost clock up to 3.1 GHz<br \/>\t\t\t&#8211; Hardware encryption engine AES-NI<\/td>\n<\/tr>\n<tr>\n<td valign=\"top\"><strong>Memoria<\/strong><\/td>\n<td valign=\"top\">\n<div><strong>&#8211; <\/strong>Memoria del sistema: <strong>8 GB<\/strong> DDR4 ECC SODIMM<\/div>\n<p>\t\t\t&#8211; Memoria ampliable hasta: 32GB<\/td>\n<\/tr>\n<tr>\n<td valign=\"top\"><strong>Almacenamiento <\/strong><\/td>\n<td valign=\"top\">\n<div><strong>&#8211; Recept&aacute;culos de unidades: 4<\/strong><\/div>\n<div>&#8211; Recept&aacute;culos de unidades m&aacute;x. con unidad de expansi&oacute;n: 16<br \/>\t\t\t&#8211; Tipo de unidad<br \/>\t\t\t&nbsp; 5 x 3.5&quot; or 2.5&quot; SATA HDD\/SSD (drives not included)<br \/>\t\t\t&nbsp; 2 x M.2 2280 NVMe SSD (drives not included)<br \/>\t\t\t&#8211; Tama&ntilde;o m&aacute;ximo de volumen individual:<br \/>\t\t\t&nbsp; Max. single volume size: 108 TB<br \/>\t\t\t&nbsp; Max. number of system snapshots: 65,536<br \/>\t\t\t&nbsp; Max. number of internal volumes: 64<br \/>\t\t\t&#8211; Unidad de intercambio en caliente<\/div>\n<p>\t\t\t&#8211; Tipo de RAID compatible: Synology Hybrid RAID (SHR), Basic, JBOD, RAID 0, RAID 1, RAID 5, RAID 6, and RAID 10<\/td>\n<\/tr>\n<tr>\n<td valign=\"top\"><strong>Conexiones <\/strong><\/td>\n<td valign=\"top\">&#8211; 2 puertos USB 3.2 Gen 1<br \/>\t\t\t&#8211; 2 puertos de expansi&oacute;n (eSATA)<br \/>\t\t\t&#8211; Puertos LAN: 4 x 1GbE RJ-45<\/td>\n<\/tr>\n<tr>\n<td valign=\"top\"><strong>Caracter&iacute;sticas <\/strong><\/td>\n<td valign=\"top\">\n<div><strong>Sistema de archivos<\/strong><br \/>\t\t\t&#8211; Unidades internas: Btrfs, ext4<br \/>\t\t\t&#8211; Unidades externas: Btrfs, ext4, ext3, FAT32, NTFS, HFS+, exFAT<\/div>\n<div><strong>Apariencia<\/strong><br \/>\t\t\t&#8211; Dimensiones: 166 x 230 x 223 mm<br \/>\t\t\t&#8211; Peso: 2.7 Kg<br \/>\t\t\t<strong>Protocolos de red &nbsp;&nbsp; &nbsp;<\/strong><br \/>\t\t\t&#8211; SMB<br \/>\t\t\t&#8211; AFP<br \/>\t\t\t&#8211; NFS<br \/>\t\t\t&#8211; FTP<br \/>\t\t\t&#8211; WebDAV<br \/>\t\t\t&#8211; CalDAV<br \/>\t\t\t&#8211; iSCSI<br \/>\t\t\t&#8211; Telnet<br \/>\t\t\t&#8211; SSH<br \/>\t\t\t&#8211; SNMP<br \/>\t\t\t&#8211; VPN (PPTP, OpenVPN&trade;, L2TP)<br \/>\t\t\t<strong>Otros<\/strong><\/div>\n<p>\t\t\t&#8211; Factor de forma: Escritorio<br \/>\t\t\t&#8211; Despertar en LAN\/WAN: S&iacute;<br \/>\t\t\t&#8211; Expansi&oacute;n de red Admite el m&oacute;dulo de actualizaci&oacute;n de red E10G22-T1-Mini 10GbE RJ-452<br \/>\t\t\t&#8211; Encendido\/apagado programado:&nbsp; S&iacute;<br \/>\t\t\t&#8211; Ventiladores del sistema: 2 x (92 x 92 x 25 mm)<br \/>\t\t\t&#8211; Voltaje de alimentaci&oacute;n de entrada de CA 100 V a 240 V CA<br \/>\t\t\t&#8211; Frecuencia de red 50\/60 Hz, monof&aacute;sica<br \/>\t\t\t<strong>Contiene<\/strong><br \/>\t\t\t&#8211; 1 x DS1522+ main unit<br \/>\t\t\t&#8211; 1 x Quick Installation Guide<br \/>\t\t\t&#8211; 1 x Accessory pack<br \/>\t\t\t&#8211; 1 x AC power adapter<br \/>\t\t\t&#8211; 1 x AC power cord<br \/>\t\t\t&#8211; 2 x RJ-45 LAN cables<\/td>\n<\/tr>\n<tr>\n<td valign=\"top\"><strong>Fecha Revisi&oacute;n <\/strong><\/td>\n<td valign=\"top\">31-05-2022 por MPM<\/td>\n<\/tr>\n<\/table>\n","protected":false},"excerpt":{"rendered":"<p>&nbsp; Marca Synology Modelo DS1522+ CPU &#8211; CPU AMD Ryzen&trade; R1600 dual-core (4-thread) 2.6 GHz, max. boost clock up to 3.1 GHz &#8211; Hardware encryption engine AES-NI Memoria &#8211; Memoria del sistema: 8 GB DDR4 ECC SODIMM &#8211; Memoria ampliable hasta: 32GB Almacenamiento &#8211; Recept&aacute;culos de unidades: 4 &#8211; Recept&aacute;culos de unidades m&aacute;x. con unidad&hellip;&nbsp;<a href=\"https:\/\/aivlisoft.net\/shop\/producto\/synology-ds1522-nas-5bay-diskstation\/\" rel=\"bookmark\"><span class=\"screen-reader-text\">Synology DS1522+ NAS 5Bay DiskStation<\/span><\/a><\/p>\n","protected":false},"featured_media":18567,"template":"","meta":{"neve_meta_sidebar":"","neve_meta_container":"","neve_meta_enable_content_width":"","neve_meta_content_width":0,"neve_meta_title_alignment":"","neve_meta_author_avatar":"","neve_post_elements_order":"","neve_meta_disable_header":"","neve_meta_disable_footer":"","neve_meta_disable_title":""},"product_brand":[],"product_cat":[8767],"product_tag":[6762],"class_list":{"0":"post-18566","1":"product","2":"type-product","3":"status-publish","4":"has-post-thumbnail","6":"product_cat-almacenamiento-sobremesa","7":"product_tag-ds1522","9":"first","10":"instock","11":"taxable","12":"shipping-taxable","13":"purchasable","14":"product-type-simple"},"yoast_head":"<!-- This site is optimized with the Yoast SEO plugin v26.0 - https:\/\/yoast.com\/wordpress\/plugins\/seo\/ -->\n<title>Synology DS1522+ NAS 5Bay DiskStation - Aivlisoft Inform\u00e1tica<\/title>\n<meta name=\"robots\" content=\"index, follow, max-snippet:-1, max-image-preview:large, max-video-preview:-1\" \/>\n<link rel=\"canonical\" href=\"https:\/\/aivlisoft.net\/shop\/producto\/synology-ds1522-nas-5bay-diskstation\/\" \/>\n<meta property=\"og:locale\" content=\"es_ES\" \/>\n<meta property=\"og:type\" content=\"article\" \/>\n<meta property=\"og:title\" content=\"Synology DS1522+ NAS 5Bay DiskStation - Aivlisoft Inform\u00e1tica\" \/>\n<meta property=\"og:description\" content=\"&nbsp; Marca Synology Modelo DS1522+ CPU &#8211; CPU AMD Ryzen&trade; R1600 dual-core (4-thread) 2.6 GHz, max. boost clock up to 3.1 GHz &#8211; Hardware encryption engine AES-NI Memoria &#8211; Memoria del sistema: 8 GB DDR4 ECC SODIMM &#8211; Memoria ampliable hasta: 32GB Almacenamiento &#8211; Recept&aacute;culos de unidades: 4 &#8211; Recept&aacute;culos de unidades m&aacute;x. con unidad&hellip;&nbsp;Synology DS1522+ NAS 5Bay DiskStation\" \/>\n<meta property=\"og:url\" content=\"https:\/\/aivlisoft.net\/shop\/producto\/synology-ds1522-nas-5bay-diskstation\/\" \/>\n<meta property=\"og:site_name\" content=\"Aivlisoft Inform\u00e1tica\" \/>\n<meta property=\"article:modified_time\" content=\"2025-01-14T11:40:04+00:00\" \/>\n<meta property=\"og:image\" content=\"https:\/\/aivlisoft.net\/shop\/wp-content\/uploads\/2025\/01\/NARARS0214_800.jpg\" \/>\n\t<meta property=\"og:image:width\" content=\"800\" \/>\n\t<meta property=\"og:image:height\" content=\"800\" \/>\n\t<meta property=\"og:image:type\" content=\"image\/jpeg\" \/>\n<meta name=\"twitter:card\" content=\"summary_large_image\" \/>\n<meta name=\"twitter:label1\" content=\"Tiempo de lectura\" \/>\n\t<meta name=\"twitter:data1\" content=\"2 minutos\" \/>\n<script type=\"application\/ld+json\" class=\"yoast-schema-graph\">{\"@context\":\"https:\/\/schema.org\",\"@graph\":[{\"@type\":\"WebPage\",\"@id\":\"https:\/\/aivlisoft.net\/shop\/producto\/synology-ds1522-nas-5bay-diskstation\/\",\"url\":\"https:\/\/aivlisoft.net\/shop\/producto\/synology-ds1522-nas-5bay-diskstation\/\",\"name\":\"Synology DS1522+ NAS 5Bay DiskStation - Aivlisoft Inform\u00e1tica\",\"isPartOf\":{\"@id\":\"https:\/\/aivlisoft.net\/shop\/#website\"},\"primaryImageOfPage\":{\"@id\":\"https:\/\/aivlisoft.net\/shop\/producto\/synology-ds1522-nas-5bay-diskstation\/#primaryimage\"},\"image\":{\"@id\":\"https:\/\/aivlisoft.net\/shop\/producto\/synology-ds1522-nas-5bay-diskstation\/#primaryimage\"},\"thumbnailUrl\":\"https:\/\/aivlisoft.net\/shop\/wp-content\/uploads\/2025\/01\/NARARS0214_800.jpg\",\"datePublished\":\"2025-01-13T15:23:24+00:00\",\"dateModified\":\"2025-01-14T11:40:04+00:00\",\"breadcrumb\":{\"@id\":\"https:\/\/aivlisoft.net\/shop\/producto\/synology-ds1522-nas-5bay-diskstation\/#breadcrumb\"},\"inLanguage\":\"es\",\"potentialAction\":[{\"@type\":\"ReadAction\",\"target\":[\"https:\/\/aivlisoft.net\/shop\/producto\/synology-ds1522-nas-5bay-diskstation\/\"]}]},{\"@type\":\"ImageObject\",\"inLanguage\":\"es\",\"@id\":\"https:\/\/aivlisoft.net\/shop\/producto\/synology-ds1522-nas-5bay-diskstation\/#primaryimage\",\"url\":\"https:\/\/aivlisoft.net\/shop\/wp-content\/uploads\/2025\/01\/NARARS0214_800.jpg\",\"contentUrl\":\"https:\/\/aivlisoft.net\/shop\/wp-content\/uploads\/2025\/01\/NARARS0214_800.jpg\",\"width\":800,\"height\":800},{\"@type\":\"BreadcrumbList\",\"@id\":\"https:\/\/aivlisoft.net\/shop\/producto\/synology-ds1522-nas-5bay-diskstation\/#breadcrumb\",\"itemListElement\":[{\"@type\":\"ListItem\",\"position\":1,\"name\":\"Portada\",\"item\":\"https:\/\/aivlisoft.net\/shop\/\"},{\"@type\":\"ListItem\",\"position\":2,\"name\":\"Tienda\",\"item\":\"https:\/\/aivlisoft.net\/shop\/tienda\/\"},{\"@type\":\"ListItem\",\"position\":3,\"name\":\"Synology DS1522+ NAS 5Bay DiskStation\"}]},{\"@type\":\"WebSite\",\"@id\":\"https:\/\/aivlisoft.net\/shop\/#website\",\"url\":\"https:\/\/aivlisoft.net\/shop\/\",\"name\":\"Aivlisoft Inform\u00e1tica\",\"description\":\"En Aivlisoft Inform\u00e1tica ofrecemos soluciones tecnol\u00f3gicas para empresas: venta de ordenadores, consumibles, perif\u00e9ricos y m\u00e1s. Calidad, atenci\u00f3n personalizada y los mejores precios para tu negocio.\",\"publisher\":{\"@id\":\"https:\/\/aivlisoft.net\/shop\/#organization\"},\"potentialAction\":[{\"@type\":\"SearchAction\",\"target\":{\"@type\":\"EntryPoint\",\"urlTemplate\":\"https:\/\/aivlisoft.net\/shop\/?s={search_term_string}\"},\"query-input\":{\"@type\":\"PropertyValueSpecification\",\"valueRequired\":true,\"valueName\":\"search_term_string\"}}],\"inLanguage\":\"es\"},{\"@type\":\"Organization\",\"@id\":\"https:\/\/aivlisoft.net\/shop\/#organization\",\"name\":\"Aivlisoft Inform\u00e1tica\",\"url\":\"https:\/\/aivlisoft.net\/shop\/\",\"logo\":{\"@type\":\"ImageObject\",\"inLanguage\":\"es\",\"@id\":\"https:\/\/aivlisoft.net\/shop\/#\/schema\/logo\/image\/\",\"url\":\"https:\/\/aivlisoft.net\/shop\/wp-content\/uploads\/2024\/12\/removal.ai_5b848c54-0cdf-4140-95c5-c5536bb7573b-logodef.png\",\"contentUrl\":\"https:\/\/aivlisoft.net\/shop\/wp-content\/uploads\/2024\/12\/removal.ai_5b848c54-0cdf-4140-95c5-c5536bb7573b-logodef.png\",\"width\":484,\"height\":182,\"caption\":\"Aivlisoft Inform\u00e1tica\"},\"image\":{\"@id\":\"https:\/\/aivlisoft.net\/shop\/#\/schema\/logo\/image\/\"}}]}<\/script>\n<!-- \/ Yoast SEO plugin. -->","yoast_head_json":{"title":"Synology DS1522+ NAS 5Bay DiskStation - Aivlisoft Inform\u00e1tica","robots":{"index":"index","follow":"follow","max-snippet":"max-snippet:-1","max-image-preview":"max-image-preview:large","max-video-preview":"max-video-preview:-1"},"canonical":"https:\/\/aivlisoft.net\/shop\/producto\/synology-ds1522-nas-5bay-diskstation\/","og_locale":"es_ES","og_type":"article","og_title":"Synology DS1522+ NAS 5Bay DiskStation - Aivlisoft Inform\u00e1tica","og_description":"&nbsp; Marca Synology Modelo DS1522+ CPU &#8211; CPU AMD Ryzen&trade; R1600 dual-core (4-thread) 2.6 GHz, max. boost clock up to 3.1 GHz &#8211; Hardware encryption engine AES-NI Memoria &#8211; Memoria del sistema: 8 GB DDR4 ECC SODIMM &#8211; Memoria ampliable hasta: 32GB Almacenamiento &#8211; Recept&aacute;culos de unidades: 4 &#8211; Recept&aacute;culos de unidades m&aacute;x. con unidad&hellip;&nbsp;Synology DS1522+ NAS 5Bay DiskStation","og_url":"https:\/\/aivlisoft.net\/shop\/producto\/synology-ds1522-nas-5bay-diskstation\/","og_site_name":"Aivlisoft Inform\u00e1tica","article_modified_time":"2025-01-14T11:40:04+00:00","og_image":[{"width":800,"height":800,"url":"https:\/\/aivlisoft.net\/shop\/wp-content\/uploads\/2025\/01\/NARARS0214_800.jpg","type":"image\/jpeg"}],"twitter_card":"summary_large_image","twitter_misc":{"Tiempo de lectura":"2 minutos"},"schema":{"@context":"https:\/\/schema.org","@graph":[{"@type":"WebPage","@id":"https:\/\/aivlisoft.net\/shop\/producto\/synology-ds1522-nas-5bay-diskstation\/","url":"https:\/\/aivlisoft.net\/shop\/producto\/synology-ds1522-nas-5bay-diskstation\/","name":"Synology DS1522+ NAS 5Bay DiskStation - Aivlisoft Inform\u00e1tica","isPartOf":{"@id":"https:\/\/aivlisoft.net\/shop\/#website"},"primaryImageOfPage":{"@id":"https:\/\/aivlisoft.net\/shop\/producto\/synology-ds1522-nas-5bay-diskstation\/#primaryimage"},"image":{"@id":"https:\/\/aivlisoft.net\/shop\/producto\/synology-ds1522-nas-5bay-diskstation\/#primaryimage"},"thumbnailUrl":"https:\/\/aivlisoft.net\/shop\/wp-content\/uploads\/2025\/01\/NARARS0214_800.jpg","datePublished":"2025-01-13T15:23:24+00:00","dateModified":"2025-01-14T11:40:04+00:00","breadcrumb":{"@id":"https:\/\/aivlisoft.net\/shop\/producto\/synology-ds1522-nas-5bay-diskstation\/#breadcrumb"},"inLanguage":"es","potentialAction":[{"@type":"ReadAction","target":["https:\/\/aivlisoft.net\/shop\/producto\/synology-ds1522-nas-5bay-diskstation\/"]}]},{"@type":"ImageObject","inLanguage":"es","@id":"https:\/\/aivlisoft.net\/shop\/producto\/synology-ds1522-nas-5bay-diskstation\/#primaryimage","url":"https:\/\/aivlisoft.net\/shop\/wp-content\/uploads\/2025\/01\/NARARS0214_800.jpg","contentUrl":"https:\/\/aivlisoft.net\/shop\/wp-content\/uploads\/2025\/01\/NARARS0214_800.jpg","width":800,"height":800},{"@type":"BreadcrumbList","@id":"https:\/\/aivlisoft.net\/shop\/producto\/synology-ds1522-nas-5bay-diskstation\/#breadcrumb","itemListElement":[{"@type":"ListItem","position":1,"name":"Portada","item":"https:\/\/aivlisoft.net\/shop\/"},{"@type":"ListItem","position":2,"name":"Tienda","item":"https:\/\/aivlisoft.net\/shop\/tienda\/"},{"@type":"ListItem","position":3,"name":"Synology DS1522+ NAS 5Bay DiskStation"}]},{"@type":"WebSite","@id":"https:\/\/aivlisoft.net\/shop\/#website","url":"https:\/\/aivlisoft.net\/shop\/","name":"Aivlisoft Inform\u00e1tica","description":"En Aivlisoft Inform\u00e1tica ofrecemos soluciones tecnol\u00f3gicas para empresas: venta de ordenadores, consumibles, perif\u00e9ricos y m\u00e1s. Calidad, atenci\u00f3n personalizada y los mejores precios para tu negocio.","publisher":{"@id":"https:\/\/aivlisoft.net\/shop\/#organization"},"potentialAction":[{"@type":"SearchAction","target":{"@type":"EntryPoint","urlTemplate":"https:\/\/aivlisoft.net\/shop\/?s={search_term_string}"},"query-input":{"@type":"PropertyValueSpecification","valueRequired":true,"valueName":"search_term_string"}}],"inLanguage":"es"},{"@type":"Organization","@id":"https:\/\/aivlisoft.net\/shop\/#organization","name":"Aivlisoft Inform\u00e1tica","url":"https:\/\/aivlisoft.net\/shop\/","logo":{"@type":"ImageObject","inLanguage":"es","@id":"https:\/\/aivlisoft.net\/shop\/#\/schema\/logo\/image\/","url":"https:\/\/aivlisoft.net\/shop\/wp-content\/uploads\/2024\/12\/removal.ai_5b848c54-0cdf-4140-95c5-c5536bb7573b-logodef.png","contentUrl":"https:\/\/aivlisoft.net\/shop\/wp-content\/uploads\/2024\/12\/removal.ai_5b848c54-0cdf-4140-95c5-c5536bb7573b-logodef.png","width":484,"height":182,"caption":"Aivlisoft Inform\u00e1tica"},"image":{"@id":"https:\/\/aivlisoft.net\/shop\/#\/schema\/logo\/image\/"}}]}},"_links":{"self":[{"href":"https:\/\/aivlisoft.net\/shop\/wp-json\/wp\/v2\/product\/18566","targetHints":{"allow":["GET"]}}],"collection":[{"href":"https:\/\/aivlisoft.net\/shop\/wp-json\/wp\/v2\/product"}],"about":[{"href":"https:\/\/aivlisoft.net\/shop\/wp-json\/wp\/v2\/types\/product"}],"wp:featuredmedia":[{"embeddable":true,"href":"https:\/\/aivlisoft.net\/shop\/wp-json\/wp\/v2\/media\/18567"}],"wp:attachment":[{"href":"https:\/\/aivlisoft.net\/shop\/wp-json\/wp\/v2\/media?parent=18566"}],"wp:term":[{"taxonomy":"product_brand","embeddable":true,"href":"https:\/\/aivlisoft.net\/shop\/wp-json\/wp\/v2\/product_brand?post=18566"},{"taxonomy":"product_cat","embeddable":true,"href":"https:\/\/aivlisoft.net\/shop\/wp-json\/wp\/v2\/product_cat?post=18566"},{"taxonomy":"product_tag","embeddable":true,"href":"https:\/\/aivlisoft.net\/shop\/wp-json\/wp\/v2\/product_tag?post=18566"}],"curies":[{"name":"wp","href":"https:\/\/api.w.org\/{rel}","templated":true}]}}