{"id":18542,"date":"2025-01-13T15:23:09","date_gmt":"2025-01-13T15:23:09","guid":{"rendered":"https:\/\/aivlisoft.com\/?post_type=product&#038;p=18542"},"modified":"2025-01-14T11:39:57","modified_gmt":"2025-01-14T11:39:57","slug":"qnap-ts-h973ax-8g-nas-9xhdd-bay-2x2-5gbe1x10gb","status":"publish","type":"product","link":"https:\/\/aivlisoft.net\/shop\/producto\/qnap-ts-h973ax-8g-nas-9xhdd-bay-2x2-5gbe1x10gb\/","title":{"rendered":"QNAP TS-h973AX-8G NAS 9XHDD-Bay 2&#215;2.5GbE+1x10Gb"},"content":{"rendered":"<p>Con un procesador AMD Ryzen&trade; V1000 serie V1500B de cuatro n&uacute;cleos y conectividad 10GbE\/2,5GbE, el TS-h973AX de 9 bah&iacute;as ofrece una infraestructura de almacenamiento h&iacute;brido de alta capacidad en un compacto formato f&iacute;sico. Con cinco bah&iacute;as de unidades SATA 6Gbps de 3,5 pulgadas, dos ranuras para SSD NVMe U.2 de 2,5 pulgadas (la ranura 1 y 2 admiten ambas SSD SATA y U.2 NVMe) y dos ranuras para SSD SATA 6Gbps de 2,5 pulgadas, el TS-h973AX puede aprovechar el almacenamiento en cach&eacute; SSD para mejorar las aplicaciones con uso intensivo de IOPS. Con el sistema operativo QuTS hero basado en ZFS, el TS-h973AX garantiza la integridad de los datos y admite la deduplicaci&oacute;n y compresi&oacute;n de los datos en l&iacute;nea a nivel de bloques, instant&aacute;neas pr&aacute;cticamente ilimitadas y SnapSync en tiempo real para responder a las necesidades de los servidores de archivos cr&iacute;ticos, la edici&oacute;n de v&iacute;deo colaborativa y la copia y recuperaci&oacute;n de datos eficiente con un rendimiento de clase empresarial, fiabilidad del trabajo y un coste general reducido.<br \/>&nbsp;<\/p>\n<table width=\"100%\">\n<tr>\n<td valign=\"top\"><strong>Marca <\/strong><\/td>\n<td valign=\"top\">QNAP<\/td>\n<\/tr>\n<tr>\n<td valign=\"top\"><strong>Modelo <\/strong><\/td>\n<td valign=\"top\"><strong>TS-h973AX-8G<\/strong><\/td>\n<\/tr>\n<tr>\n<td valign=\"top\"><strong>CPU <\/strong><\/td>\n<td valign=\"top\">&#8211; CPU: AMD Ryzen&trade; Embedded V1500B 4-core\/8-thread 2.2 GHz processor<br \/>\t\t\t&#8211; Arquitectura de CPU: x86 de 64 bits<br \/>\t\t\t&#8211; Procesadores gr&aacute;ficos: Opcional a trav&eacute;s de un adaptador PCIe<br \/>\t\t\t&#8211; Unidad de coma flotante<br \/>\t\t\t&#8211; Motor de cifrado: (AES-NI)<\/td>\n<\/tr>\n<tr>\n<td valign=\"top\"><strong>Memoria<\/strong><\/td>\n<td valign=\"top\">&#8211; Memoria del sistema: <strong>8GB <\/strong>de memoria DDR4 SO-DIMM (1 m&oacute;dulo de 8GB)<br \/>\t\t\t&#8211; Memoria m&aacute;xima: 64 GB (2 x 32GB)<br \/>\t\t\t&#8211; Ranura para memoria: 2 x SO-DIMM DDR4<br \/>\t\t\t&#8211; Soporta memoria ECC<\/td>\n<\/tr>\n<tr>\n<td valign=\"top\"><strong>Almacenamiento <\/strong><\/td>\n<td valign=\"top\">&#8211; Memoria flash: <strong>5GB<\/strong> (protecci&oacute;n del sistema operativo de doble arranque)<br \/>\t\t\t&#8211; Bah&iacute;a para unidades: 5 de 3,5&quot; + 4 de 2,5&quot;<br \/>\t\t\t&#8211; Compatibilidad de unidades:<br \/>\t\t\t&nbsp; Bah&iacute;as de 3,5&quot;:<br \/>\t\t\t&nbsp; &#8211; Unidades de disco duro SATA de 3,5&quot;<br \/>\t\t\t&nbsp; &#8211; Unidades de disco duro SATA de 2,5&quot;<br \/>\t\t\t&nbsp; &#8211; Unidades de estado s&oacute;lido SATA de 2,5&quot;<br \/>\t\t\t&nbsp; Bah&iacute;as de 2,5&quot;:<br \/>\t\t\t&nbsp; &#8211; Unidades de disco duro SATA de 2,5&quot;<br \/>\t\t\t&nbsp; &#8211; Unidades de estado s&oacute;lido SATA de 2,5&quot;<br \/>\t\t\t&nbsp; &#8211; Unidades de estado s&oacute;lido PCIe NVMe U.2 Gen3 x4 de 2,5&quot; (bah&iacute;a de 2,5&quot; #1 &amp; #2)<br \/>\t\t\t&#8211; Intercambiable en caliente<br \/>\t\t\t&#8211; Compatibilidad con aceleraci&oacute;n de cach&eacute; SSD<br \/>\t\t\t<strong>Sistema de archivos<\/strong><br \/>\t\t\t&#8211; Unidades internas: <strong>ZFS<\/strong><br \/>\t\t\t&#8211; Unidades externas: <strong>EXT3, EXT4, NTFS, FAT32, HFS+, <\/strong>y<strong> exFAT<\/strong><br \/>\t\t\t<strong>Tipos de RAID compatibles<\/strong><br \/>\t\t\t&#8211; Single, RAID 0, 1, 5, 6, 10, 50, 60, Triple Mirror, Triple Parity<br \/>\t\t\t<strong>Gesti&oacute;n de almacenamiento<\/strong><br \/>\t\t\t&#8211; Tama&ntilde;o m&aacute;ximo de volumen individual: 1024 TB<br \/>\t\t\t&#8211; N&uacute;mero m&aacute;ximo de vol&uacute;menes internos: 128<br \/>\t\t\t&#8211; Tama&ntilde;o m&aacute;ximo de carpetas compartidas: 1024 TB<br \/>\t\t\t&#8211; N&uacute;mero m&aacute;ximo de carpetas compartidas: 256<\/td>\n<\/tr>\n<tr>\n<td valign=\"top\"><strong>Conexiones <\/strong><\/td>\n<td valign=\"top\">&#8211; 2 x Puerto 2,5 GbE (2,5G\/1G\/100M)<br \/>\t\t\t&#8211; 1 x Puerto 10 GbE (10G\/5G\/2,5G\/1G\/100M)<br \/>\t\t\t&#8211; 3 x Type-A USB 3.2 Gen 2<br \/>\t\t\t&#8211; 1 x Type-C USB 3.2 Gen 2<\/td>\n<\/tr>\n<tr>\n<td valign=\"top\"><strong>Caracter&iacute;sticas <\/strong><\/td>\n<td valign=\"top\">&#8211; Wake-on-LAN (WOL)<br \/>\t\t\t&#8211; Jumbo Frame<br \/>\t\t\t&#8211; Servidor de archivos:<br \/>\t\t\t&nbsp; Uso compartido de archivos en Windows, Mac y Linux \/ UNIX<br \/>\t\t\t&nbsp; Redes de Microsoft (CIFS \/ SMB)<br \/>\t\t\t&nbsp; Redes de Apple (AFP)<br \/>\t\t\t&nbsp; Servicios NFS versi&oacute;n 3\/4<br \/>\t\t\t&#8211; Servidor FTP:<br \/>\t\t\t&nbsp; Protocolos FTP, SFTP y TFTP<br \/>\t\t\t&nbsp; FTP sobre SSL \/ TLS (FTPS expl&iacute;cito)<br \/>\t\t\t&nbsp; Soporte FXP<br \/>\t\t\t&#8211; Conexi&oacute;n FTP m&aacute;xima: 1024<br \/>\t\t\t&#8211; File Station (Web)<br \/>\t\t\t&#8211; Almacenamiento de objetos<br \/>\t\t\t&#8211; Cuenta de usuario local: 1600<br \/>\t\t\t&#8211; Cuenta de grupo local: 512<br \/>\t\t\t&#8211; Usuario de dominio \/ cuenta de grupo: 200.000<br \/>\t\t\t<strong>F&iacute;sicas<\/strong><br \/>\t\t\t&#8211; Formato: Torre<br \/>\t\t\t&#8211; Indicadores LED: Unidad de disco duro 1-5, SSD 1-4, alimentaci&oacute;n\/estado, LAN, USB<br \/>\t\t\t&#8211; Botones: Encendido, Reinicio, copia USB<br \/>\t\t\t&#8211; Dimensiones (Altura x Anchura x Profundidad): 182,65 &times; 224,6 &times; 224,1 mm<br \/>\t\t\t&#8211; Peso (neto): 3,52 kg<br \/>\t\t\t&#8211; Peso (bruto): 5,12 kg<br \/>\t\t\t&#8211; Temperatura operativa: 0 &#8211; 40 &deg;C (32&deg;F &#8211; 104&deg;F)<br \/>\t\t\t&#8211; Temperatura de almacenamiento: -20 &#8211; 70&deg;C (-4&deg;F &#8211; 158&deg;F)<br \/>\t\t\t&#8211; Humedad relativa: 5 ~ 95 % de humedad relativa sin condensaci&oacute;n, bulbo h&uacute;medo: 27 ?C (80,6 ?F)<br \/>\t\t\t&#8211; Unidad de alimentaci&oacute;n el&eacute;ctrica: Externo, 120 W, CA 100 a 240 V<br \/>\t\t\t&#8211; Consumo de energ&iacute;a: Modo suspensi&oacute;n de disco duro:: 41,2 W<br \/>\t\t\t&#8211; Consumo de energ&iacute;a: Modo de funcionamiento, t&iacute;pico: 55,41 W<br \/>\t\t\t&#8211; Ventilador: 1 de 140 mm, 12 V de CC<br \/>\t\t\t&#8211; Nivel de sonido: 22,9 db(A)<br \/>\t\t\t&#8211; Advertencia del sistema: Timbre<br \/>\t\t\t&#8211; Ranura de seguridad Kensington<br \/>\t\t\t&#8211; Max. Number of Concurrent Connections (CIFS) &#8211; with Max. Memory: 2000<\/td>\n<\/tr>\n<tr>\n<td valign=\"top\"><strong>Fecha Revisi&oacute;n <\/strong><\/td>\n<td valign=\"top\">13-01-2022 por MSB<\/td>\n<\/tr>\n<\/table>\n<p>&nbsp;<\/p>\n","protected":false},"excerpt":{"rendered":"<p>Con un procesador AMD Ryzen&trade; V1000 serie V1500B de cuatro n&uacute;cleos y conectividad 10GbE\/2,5GbE, el TS-h973AX de 9 bah&iacute;as ofrece una infraestructura de almacenamiento h&iacute;brido de alta capacidad en un compacto formato f&iacute;sico. Con cinco bah&iacute;as de unidades SATA 6Gbps de 3,5 pulgadas, dos ranuras para SSD NVMe U.2 de 2,5 pulgadas (la ranura 1&hellip;&nbsp;<a href=\"https:\/\/aivlisoft.net\/shop\/producto\/qnap-ts-h973ax-8g-nas-9xhdd-bay-2x2-5gbe1x10gb\/\" rel=\"bookmark\"><span class=\"screen-reader-text\">QNAP TS-h973AX-8G NAS 9XHDD-Bay 2&#215;2.5GbE+1x10Gb<\/span><\/a><\/p>\n","protected":false},"featured_media":18543,"template":"","meta":{"neve_meta_sidebar":"","neve_meta_container":"","neve_meta_enable_content_width":"","neve_meta_content_width":0,"neve_meta_title_alignment":"","neve_meta_author_avatar":"","neve_post_elements_order":"","neve_meta_disable_header":"","neve_meta_disable_footer":"","neve_meta_disable_title":""},"product_brand":[],"product_cat":[8767],"product_tag":[6756],"class_list":{"0":"post-18542","1":"product","2":"type-product","3":"status-publish","4":"has-post-thumbnail","6":"product_cat-almacenamiento-sobremesa","7":"product_tag-ts-h973ax-8g","9":"first","10":"instock","11":"taxable","12":"shipping-taxable","13":"purchasable","14":"product-type-simple"},"yoast_head":"<!-- This site is optimized with the Yoast SEO plugin v26.0 - https:\/\/yoast.com\/wordpress\/plugins\/seo\/ -->\n<title>QNAP TS-h973AX-8G NAS 9XHDD-Bay 2x2.5GbE+1x10Gb - Aivlisoft Inform\u00e1tica<\/title>\n<meta name=\"robots\" content=\"index, follow, max-snippet:-1, max-image-preview:large, max-video-preview:-1\" \/>\n<link rel=\"canonical\" href=\"https:\/\/aivlisoft.net\/shop\/producto\/qnap-ts-h973ax-8g-nas-9xhdd-bay-2x2-5gbe1x10gb\/\" \/>\n<meta property=\"og:locale\" content=\"es_ES\" \/>\n<meta property=\"og:type\" content=\"article\" \/>\n<meta property=\"og:title\" content=\"QNAP TS-h973AX-8G NAS 9XHDD-Bay 2x2.5GbE+1x10Gb - Aivlisoft Inform\u00e1tica\" \/>\n<meta property=\"og:description\" content=\"Con un procesador AMD Ryzen&trade; V1000 serie V1500B de cuatro n&uacute;cleos y conectividad 10GbE\/2,5GbE, el TS-h973AX de 9 bah&iacute;as ofrece una infraestructura de almacenamiento h&iacute;brido de alta capacidad en un compacto formato f&iacute;sico. Con cinco bah&iacute;as de unidades SATA 6Gbps de 3,5 pulgadas, dos ranuras para SSD NVMe U.2 de 2,5 pulgadas (la ranura 1&hellip;&nbsp;QNAP TS-h973AX-8G NAS 9XHDD-Bay 2&#215;2.5GbE+1x10Gb\" \/>\n<meta property=\"og:url\" content=\"https:\/\/aivlisoft.net\/shop\/producto\/qnap-ts-h973ax-8g-nas-9xhdd-bay-2x2-5gbe1x10gb\/\" \/>\n<meta property=\"og:site_name\" content=\"Aivlisoft Inform\u00e1tica\" \/>\n<meta property=\"article:modified_time\" content=\"2025-01-14T11:39:57+00:00\" \/>\n<meta property=\"og:image\" content=\"https:\/\/aivlisoft.net\/shop\/wp-content\/uploads\/2025\/01\/NARARS0205_800.jpg\" \/>\n\t<meta property=\"og:image:width\" content=\"800\" \/>\n\t<meta property=\"og:image:height\" content=\"800\" \/>\n\t<meta property=\"og:image:type\" content=\"image\/jpeg\" \/>\n<meta name=\"twitter:card\" content=\"summary_large_image\" \/>\n<meta name=\"twitter:label1\" content=\"Tiempo de lectura\" \/>\n\t<meta name=\"twitter:data1\" content=\"4 minutos\" \/>\n<script type=\"application\/ld+json\" class=\"yoast-schema-graph\">{\"@context\":\"https:\/\/schema.org\",\"@graph\":[{\"@type\":\"WebPage\",\"@id\":\"https:\/\/aivlisoft.net\/shop\/producto\/qnap-ts-h973ax-8g-nas-9xhdd-bay-2x2-5gbe1x10gb\/\",\"url\":\"https:\/\/aivlisoft.net\/shop\/producto\/qnap-ts-h973ax-8g-nas-9xhdd-bay-2x2-5gbe1x10gb\/\",\"name\":\"QNAP TS-h973AX-8G NAS 9XHDD-Bay 2x2.5GbE+1x10Gb - Aivlisoft Inform\u00e1tica\",\"isPartOf\":{\"@id\":\"https:\/\/aivlisoft.net\/shop\/#website\"},\"primaryImageOfPage\":{\"@id\":\"https:\/\/aivlisoft.net\/shop\/producto\/qnap-ts-h973ax-8g-nas-9xhdd-bay-2x2-5gbe1x10gb\/#primaryimage\"},\"image\":{\"@id\":\"https:\/\/aivlisoft.net\/shop\/producto\/qnap-ts-h973ax-8g-nas-9xhdd-bay-2x2-5gbe1x10gb\/#primaryimage\"},\"thumbnailUrl\":\"https:\/\/aivlisoft.net\/shop\/wp-content\/uploads\/2025\/01\/NARARS0205_800.jpg\",\"datePublished\":\"2025-01-13T15:23:09+00:00\",\"dateModified\":\"2025-01-14T11:39:57+00:00\",\"breadcrumb\":{\"@id\":\"https:\/\/aivlisoft.net\/shop\/producto\/qnap-ts-h973ax-8g-nas-9xhdd-bay-2x2-5gbe1x10gb\/#breadcrumb\"},\"inLanguage\":\"es\",\"potentialAction\":[{\"@type\":\"ReadAction\",\"target\":[\"https:\/\/aivlisoft.net\/shop\/producto\/qnap-ts-h973ax-8g-nas-9xhdd-bay-2x2-5gbe1x10gb\/\"]}]},{\"@type\":\"ImageObject\",\"inLanguage\":\"es\",\"@id\":\"https:\/\/aivlisoft.net\/shop\/producto\/qnap-ts-h973ax-8g-nas-9xhdd-bay-2x2-5gbe1x10gb\/#primaryimage\",\"url\":\"https:\/\/aivlisoft.net\/shop\/wp-content\/uploads\/2025\/01\/NARARS0205_800.jpg\",\"contentUrl\":\"https:\/\/aivlisoft.net\/shop\/wp-content\/uploads\/2025\/01\/NARARS0205_800.jpg\",\"width\":800,\"height\":800},{\"@type\":\"BreadcrumbList\",\"@id\":\"https:\/\/aivlisoft.net\/shop\/producto\/qnap-ts-h973ax-8g-nas-9xhdd-bay-2x2-5gbe1x10gb\/#breadcrumb\",\"itemListElement\":[{\"@type\":\"ListItem\",\"position\":1,\"name\":\"Portada\",\"item\":\"https:\/\/aivlisoft.net\/shop\/\"},{\"@type\":\"ListItem\",\"position\":2,\"name\":\"Tienda\",\"item\":\"https:\/\/aivlisoft.net\/shop\/tienda\/\"},{\"@type\":\"ListItem\",\"position\":3,\"name\":\"QNAP TS-h973AX-8G NAS 9XHDD-Bay 2&#215;2.5GbE+1x10Gb\"}]},{\"@type\":\"WebSite\",\"@id\":\"https:\/\/aivlisoft.net\/shop\/#website\",\"url\":\"https:\/\/aivlisoft.net\/shop\/\",\"name\":\"Aivlisoft Inform\u00e1tica\",\"description\":\"En Aivlisoft Inform\u00e1tica ofrecemos soluciones tecnol\u00f3gicas para empresas: venta de ordenadores, consumibles, perif\u00e9ricos y m\u00e1s. Calidad, atenci\u00f3n personalizada y los mejores precios para tu negocio.\",\"publisher\":{\"@id\":\"https:\/\/aivlisoft.net\/shop\/#organization\"},\"potentialAction\":[{\"@type\":\"SearchAction\",\"target\":{\"@type\":\"EntryPoint\",\"urlTemplate\":\"https:\/\/aivlisoft.net\/shop\/?s={search_term_string}\"},\"query-input\":{\"@type\":\"PropertyValueSpecification\",\"valueRequired\":true,\"valueName\":\"search_term_string\"}}],\"inLanguage\":\"es\"},{\"@type\":\"Organization\",\"@id\":\"https:\/\/aivlisoft.net\/shop\/#organization\",\"name\":\"Aivlisoft Inform\u00e1tica\",\"url\":\"https:\/\/aivlisoft.net\/shop\/\",\"logo\":{\"@type\":\"ImageObject\",\"inLanguage\":\"es\",\"@id\":\"https:\/\/aivlisoft.net\/shop\/#\/schema\/logo\/image\/\",\"url\":\"https:\/\/aivlisoft.net\/shop\/wp-content\/uploads\/2024\/12\/removal.ai_5b848c54-0cdf-4140-95c5-c5536bb7573b-logodef.png\",\"contentUrl\":\"https:\/\/aivlisoft.net\/shop\/wp-content\/uploads\/2024\/12\/removal.ai_5b848c54-0cdf-4140-95c5-c5536bb7573b-logodef.png\",\"width\":484,\"height\":182,\"caption\":\"Aivlisoft Inform\u00e1tica\"},\"image\":{\"@id\":\"https:\/\/aivlisoft.net\/shop\/#\/schema\/logo\/image\/\"}}]}<\/script>\n<!-- \/ Yoast SEO plugin. -->","yoast_head_json":{"title":"QNAP TS-h973AX-8G NAS 9XHDD-Bay 2x2.5GbE+1x10Gb - Aivlisoft Inform\u00e1tica","robots":{"index":"index","follow":"follow","max-snippet":"max-snippet:-1","max-image-preview":"max-image-preview:large","max-video-preview":"max-video-preview:-1"},"canonical":"https:\/\/aivlisoft.net\/shop\/producto\/qnap-ts-h973ax-8g-nas-9xhdd-bay-2x2-5gbe1x10gb\/","og_locale":"es_ES","og_type":"article","og_title":"QNAP TS-h973AX-8G NAS 9XHDD-Bay 2x2.5GbE+1x10Gb - Aivlisoft Inform\u00e1tica","og_description":"Con un procesador AMD Ryzen&trade; V1000 serie V1500B de cuatro n&uacute;cleos y conectividad 10GbE\/2,5GbE, el TS-h973AX de 9 bah&iacute;as ofrece una infraestructura de almacenamiento h&iacute;brido de alta capacidad en un compacto formato f&iacute;sico. Con cinco bah&iacute;as de unidades SATA 6Gbps de 3,5 pulgadas, dos ranuras para SSD NVMe U.2 de 2,5 pulgadas (la ranura 1&hellip;&nbsp;QNAP TS-h973AX-8G NAS 9XHDD-Bay 2&#215;2.5GbE+1x10Gb","og_url":"https:\/\/aivlisoft.net\/shop\/producto\/qnap-ts-h973ax-8g-nas-9xhdd-bay-2x2-5gbe1x10gb\/","og_site_name":"Aivlisoft Inform\u00e1tica","article_modified_time":"2025-01-14T11:39:57+00:00","og_image":[{"width":800,"height":800,"url":"https:\/\/aivlisoft.net\/shop\/wp-content\/uploads\/2025\/01\/NARARS0205_800.jpg","type":"image\/jpeg"}],"twitter_card":"summary_large_image","twitter_misc":{"Tiempo de lectura":"4 minutos"},"schema":{"@context":"https:\/\/schema.org","@graph":[{"@type":"WebPage","@id":"https:\/\/aivlisoft.net\/shop\/producto\/qnap-ts-h973ax-8g-nas-9xhdd-bay-2x2-5gbe1x10gb\/","url":"https:\/\/aivlisoft.net\/shop\/producto\/qnap-ts-h973ax-8g-nas-9xhdd-bay-2x2-5gbe1x10gb\/","name":"QNAP TS-h973AX-8G NAS 9XHDD-Bay 2x2.5GbE+1x10Gb - Aivlisoft Inform\u00e1tica","isPartOf":{"@id":"https:\/\/aivlisoft.net\/shop\/#website"},"primaryImageOfPage":{"@id":"https:\/\/aivlisoft.net\/shop\/producto\/qnap-ts-h973ax-8g-nas-9xhdd-bay-2x2-5gbe1x10gb\/#primaryimage"},"image":{"@id":"https:\/\/aivlisoft.net\/shop\/producto\/qnap-ts-h973ax-8g-nas-9xhdd-bay-2x2-5gbe1x10gb\/#primaryimage"},"thumbnailUrl":"https:\/\/aivlisoft.net\/shop\/wp-content\/uploads\/2025\/01\/NARARS0205_800.jpg","datePublished":"2025-01-13T15:23:09+00:00","dateModified":"2025-01-14T11:39:57+00:00","breadcrumb":{"@id":"https:\/\/aivlisoft.net\/shop\/producto\/qnap-ts-h973ax-8g-nas-9xhdd-bay-2x2-5gbe1x10gb\/#breadcrumb"},"inLanguage":"es","potentialAction":[{"@type":"ReadAction","target":["https:\/\/aivlisoft.net\/shop\/producto\/qnap-ts-h973ax-8g-nas-9xhdd-bay-2x2-5gbe1x10gb\/"]}]},{"@type":"ImageObject","inLanguage":"es","@id":"https:\/\/aivlisoft.net\/shop\/producto\/qnap-ts-h973ax-8g-nas-9xhdd-bay-2x2-5gbe1x10gb\/#primaryimage","url":"https:\/\/aivlisoft.net\/shop\/wp-content\/uploads\/2025\/01\/NARARS0205_800.jpg","contentUrl":"https:\/\/aivlisoft.net\/shop\/wp-content\/uploads\/2025\/01\/NARARS0205_800.jpg","width":800,"height":800},{"@type":"BreadcrumbList","@id":"https:\/\/aivlisoft.net\/shop\/producto\/qnap-ts-h973ax-8g-nas-9xhdd-bay-2x2-5gbe1x10gb\/#breadcrumb","itemListElement":[{"@type":"ListItem","position":1,"name":"Portada","item":"https:\/\/aivlisoft.net\/shop\/"},{"@type":"ListItem","position":2,"name":"Tienda","item":"https:\/\/aivlisoft.net\/shop\/tienda\/"},{"@type":"ListItem","position":3,"name":"QNAP TS-h973AX-8G NAS 9XHDD-Bay 2&#215;2.5GbE+1x10Gb"}]},{"@type":"WebSite","@id":"https:\/\/aivlisoft.net\/shop\/#website","url":"https:\/\/aivlisoft.net\/shop\/","name":"Aivlisoft Inform\u00e1tica","description":"En Aivlisoft Inform\u00e1tica ofrecemos soluciones tecnol\u00f3gicas para empresas: venta de ordenadores, consumibles, perif\u00e9ricos y m\u00e1s. Calidad, atenci\u00f3n personalizada y los mejores precios para tu negocio.","publisher":{"@id":"https:\/\/aivlisoft.net\/shop\/#organization"},"potentialAction":[{"@type":"SearchAction","target":{"@type":"EntryPoint","urlTemplate":"https:\/\/aivlisoft.net\/shop\/?s={search_term_string}"},"query-input":{"@type":"PropertyValueSpecification","valueRequired":true,"valueName":"search_term_string"}}],"inLanguage":"es"},{"@type":"Organization","@id":"https:\/\/aivlisoft.net\/shop\/#organization","name":"Aivlisoft Inform\u00e1tica","url":"https:\/\/aivlisoft.net\/shop\/","logo":{"@type":"ImageObject","inLanguage":"es","@id":"https:\/\/aivlisoft.net\/shop\/#\/schema\/logo\/image\/","url":"https:\/\/aivlisoft.net\/shop\/wp-content\/uploads\/2024\/12\/removal.ai_5b848c54-0cdf-4140-95c5-c5536bb7573b-logodef.png","contentUrl":"https:\/\/aivlisoft.net\/shop\/wp-content\/uploads\/2024\/12\/removal.ai_5b848c54-0cdf-4140-95c5-c5536bb7573b-logodef.png","width":484,"height":182,"caption":"Aivlisoft Inform\u00e1tica"},"image":{"@id":"https:\/\/aivlisoft.net\/shop\/#\/schema\/logo\/image\/"}}]}},"_links":{"self":[{"href":"https:\/\/aivlisoft.net\/shop\/wp-json\/wp\/v2\/product\/18542","targetHints":{"allow":["GET"]}}],"collection":[{"href":"https:\/\/aivlisoft.net\/shop\/wp-json\/wp\/v2\/product"}],"about":[{"href":"https:\/\/aivlisoft.net\/shop\/wp-json\/wp\/v2\/types\/product"}],"wp:featuredmedia":[{"embeddable":true,"href":"https:\/\/aivlisoft.net\/shop\/wp-json\/wp\/v2\/media\/18543"}],"wp:attachment":[{"href":"https:\/\/aivlisoft.net\/shop\/wp-json\/wp\/v2\/media?parent=18542"}],"wp:term":[{"taxonomy":"product_brand","embeddable":true,"href":"https:\/\/aivlisoft.net\/shop\/wp-json\/wp\/v2\/product_brand?post=18542"},{"taxonomy":"product_cat","embeddable":true,"href":"https:\/\/aivlisoft.net\/shop\/wp-json\/wp\/v2\/product_cat?post=18542"},{"taxonomy":"product_tag","embeddable":true,"href":"https:\/\/aivlisoft.net\/shop\/wp-json\/wp\/v2\/product_tag?post=18542"}],"curies":[{"name":"wp","href":"https:\/\/api.w.org\/{rel}","templated":true}]}}