{"id":18537,"date":"2025-01-13T15:23:06","date_gmt":"2025-01-13T15:23:06","guid":{"rendered":"https:\/\/aivlisoft.com\/?post_type=product&#038;p=18537"},"modified":"2025-01-14T11:39:56","modified_gmt":"2025-01-14T11:39:56","slug":"qnap-ts-451d2-2g-nas-4xhdd-bay-2xgbe-4xusb3-0","status":"publish","type":"product","link":"https:\/\/aivlisoft.net\/shop\/producto\/qnap-ts-451d2-2g-nas-4xhdd-bay-2xgbe-4xusb3-0\/","title":{"rendered":"QNAP TS-451D2-2G NAS 4XHDD-Bay 2xGbE 4xUSB3.0"},"content":{"rendered":"<p>El TS-451D2 de 4 bah&iacute;as ofrece un alto potencial para usuarios dom&eacute;sticos y peque&ntilde;as empresas para almacenar, compartir y hacer una copia de seguridad de los archivos. Los usuarios empresariales pueden aprovechar su procesador Intel de doble n&uacute;cleo para permitir sin problemas el acceso multiusuario local o remoto a los archivos del trabajo, mientras que los usuarios dom&eacute;sticos podr&aacute;n disfrutar de una experiencia multimedia de alta calidad con la salida HDMI 2.0 4K tanto en streaming como en directo. Las pasarelas de almacenamiento en la nube permiten aprovechar el almacenamiento existente en la nube para aprovechar una soluci&oacute;n h&iacute;brida en la nube, mientras que el Centro de aplicaciones integrado proporciona una amplia gama de aplicaciones para a&ntilde;adir funciones al TS-451D2.<br \/>&nbsp;<\/p>\n<table class=\"tabla_caracteristicas k-table\" width=\"100%\">\n<tr>\n<td valign=\"top\"><strong>Marca <\/strong><\/td>\n<td valign=\"top\">QNAP<\/td>\n<\/tr>\n<tr>\n<td valign=\"top\"><strong>Modelo <\/strong><\/td>\n<td valign=\"top\"><strong>TS-451D2-2G<\/strong><\/td>\n<\/tr>\n<tr>\n<td valign=\"top\"><strong>CPU <\/strong><\/td>\n<td valign=\"top\">&#8211; CPU: Intel&reg; Celeron&reg; J4025 2-core\/2-thread processor, burst up to 2.9 GHz<br \/>\t\t\t&#8211; Arquitectura de CPU: x86 de 64 bits<br \/>\t\t\t&#8211; Procesadores gr&aacute;ficos: Intel&reg; HD Graphics 600<br \/>\t\t\t&#8211; Unidad de coma flotante<br \/>\t\t\t&#8211; Motor de cifrado: (AES-NI)<br \/>\t\t\t&#8211; Transcodificaci&oacute;n acelerada de hardware:<\/td>\n<\/tr>\n<tr>\n<td valign=\"top\"><strong>Memoria<\/strong><\/td>\n<td valign=\"top\">&#8211; Memoria del sistema: <strong>2GB <\/strong>de memoria DDR4 SO-DIMM (1 m&oacute;dulo de 2GB)<br \/>\t\t\t&#8211; Memoria m&aacute;xima: 8GB (2 m&oacute;dulos de 4GB)<br \/>\t\t\t&#8211; Ranura para memoria: 2 m&oacute;dulos de memoria DDR4 SO-DIMM<\/td>\n<\/tr>\n<tr>\n<td valign=\"top\"><strong>Almacenamiento <\/strong><\/td>\n<td valign=\"top\">\n<div>&#8211; Memoria flash: <strong>4GB<\/strong> (protecci&oacute;n del sistema operativo de doble arranque)<br \/>\t\t\t&#8211; Bah&iacute;a para unidades: 4 unidades SATA de 3,5&quot; a 6Gb\/s, 3Gb\/s<br \/>\t\t\t&#8211; Compatibilidad de unidades:<br \/>\t\t\t&nbsp; Unidades de disco duro SATA de 3,5&quot;<br \/>\t\t\t&nbsp; Unidades de disco duro SATA de 2,5&quot;<br \/>\t\t\t&nbsp; Unidades de estado s&oacute;lido SATA de 2,5&quot;<br \/>\t\t\t&#8211; Intercambiable en caliente<br \/>\t\t\t&#8211; Compatibilidad con aceleraci&oacute;n de cach&eacute; SSD<br \/>\t\t\t<strong>Sistema de archivos<\/strong><br \/>\t\t\t&#8211; Unidades internas: <strong>EXT4<\/strong><br \/>\t\t\t&#8211; Unidades externas: <strong>EXT3, EXT4, NTFS, FAT32, HFS+, <\/strong>y<strong> exFAT<\/strong> (optional for ARM model)<br \/>\t\t\t<strong>Tipos de RAID compatibles<\/strong><br \/>\t\t\t&#8211; 8-bay (y m&aacute;s): JBOD, Single, RAID 0, 1, 5, 6, 10, 50, 60<br \/>\t\t\t&#8211; 6-bay: JBOD, Single, RAID 0, 1, 5, 6, 10, 50<br \/>\t\t\t&#8211; 4-bay: JBOD, Single, RAID 0, 1, 5, 6, 10<br \/>\t\t\t&#8211; 2-bay: JBOD, Single, RAID 0, 1<br \/>\t\t\t<strong>Gesti&oacute;n de almacenamiento<\/strong><br \/>\t\t\t&#8211; Tama&ntilde;o m&aacute;ximo de volumen individual: 250 TB<br \/>\t\t\t&#8211; N&uacute;mero m&aacute;ximo de vol&uacute;menes internos: 128<br \/>\t\t\t&#8211; Tama&ntilde;o m&aacute;ximo de carpetas compartidas: 250 TB<br \/>\t\t\t&#8211; N&uacute;mero m&aacute;ximo de carpetas compartidas: 512<\/div>\n<\/td>\n<\/tr>\n<tr>\n<td valign=\"top\"><strong>Conexiones <\/strong><\/td>\n<td valign=\"top\">&#8211; Puerto GbE (RJ45): 2<br \/>\t\t\t&#8211; Puerto USB 3.2 Gen 1: 4<br \/>\t\t\t&#8211; Salida HDMI: 1, HDMI 2.0 (hasta 4096 x 2160 a 60 Hz)<\/td>\n<\/tr>\n<tr>\n<td valign=\"top\"><strong>Caracter&iacute;sticas <\/strong><\/td>\n<td valign=\"top\">&#8211; Wake-on-LAN (WOL)<br \/>\t\t\t&#8211; Jumbo Frame<br \/>\t\t\t&#8211; Sensor de IR: (RM-IR002 y MCE)<br \/>\t\t\t&#8211; Servidor de archivos:<br \/>\t\t\t&nbsp; Uso compartido de archivos en Windows, Mac y Linux \/ UNIX<br \/>\t\t\t&nbsp; Redes de Microsoft (CIFS \/ SMB)<br \/>\t\t\t&nbsp; Redes de Apple (AFP)<br \/>\t\t\t&nbsp; Servicios NFS versi&oacute;n 3\/4<br \/>\t\t\t&#8211; Servidor FTP:<br \/>\t\t\t&nbsp; QuFTP<br \/>\t\t\t&nbsp; Protocolos FTP, SFTP y TFTP<br \/>\t\t\t&nbsp; FTP sobre SSL \/ TLS (FTPS expl&iacute;cito)<br \/>\t\t\t&nbsp; Soporte FXP<br \/>\t\t\t&#8211; Conexi&oacute;n FTP m&aacute;xima: 1024<br \/>\t\t\t&#8211; File Station (Web)<br \/>\t\t\t&#8211; Almacenamiento de objetos<br \/>\t\t\t&#8211; Cuenta de usuario local: 4096<br \/>\t\t\t&#8211; Cuenta de grupo local: 512<br \/>\t\t\t&#8211; Usuario de dominio \/ cuenta de grupo: 200.000<br \/>\t\t\t<strong>F&iacute;sicas<\/strong><br \/>\t\t\t&#8211; Formato: Torre<br \/>\t\t\t&#8211; Indicadores LED: Alimentaci&oacute;n\/Estado, LAN, USB, unidad de disco duro 1-4<br \/>\t\t\t&#8211; Botones: Encendido, copia USB, Reinicio<br \/>\t\t\t&#8211; Dimensiones (Altura x Anchura x Profundidad): 165,3 &times; 160 &times; 219,4 mm<br \/>\t\t\t&#8211; Peso (neto): 2,09 kg<br \/>\t\t\t&#8211; Peso (bruto): 3,02 kg<br \/>\t\t\t&#8211; Temperatura operativa: 0 &#8211; 40 &deg;C (32&deg;F &#8211; 104&deg;F)<br \/>\t\t\t&#8211; Temperatura de almacenamiento: -20 &#8211; 70&deg;C (-4&deg;F &#8211; 158&deg;F)<br \/>\t\t\t&#8211; Humedad relativa: 5 ~ 95 % de humedad relativa sin condensaci&oacute;n, bulbo h&uacute;medo: 27 ?C (80,6 ?F)<br \/>\t\t\t&#8211; Unidad de alimentaci&oacute;n el&eacute;ctrica: Adaptador de alimentaci&oacute;n externo, 90W, 100-240 V de CA<br \/>\t\t\t&#8211; Ventilador: 1 de 120mm, 12 V de CC<br \/>\t\t\t&#8211; Nivel de sonido: 18,5 db(A)<br \/>\t\t\t&#8211; Advertencia del sistema: Timbre<br \/>\t\t\t&#8211; Ranura de seguridad Kensington<br \/>\t\t\t&#8211; Max. Number of Concurrent Connections (CIFS) &#8211; with Max. Memory: 1500<\/td>\n<\/tr>\n<tr>\n<td valign=\"top\"><strong>Fecha Revisi&oacute;n <\/strong><\/td>\n<td valign=\"top\">30-12-2021 por MSB<\/td>\n<\/tr>\n<\/table>\n","protected":false},"excerpt":{"rendered":"<p>El TS-451D2 de 4 bah&iacute;as ofrece un alto potencial para usuarios dom&eacute;sticos y peque&ntilde;as empresas para almacenar, compartir y hacer una copia de seguridad de los archivos. Los usuarios empresariales pueden aprovechar su procesador Intel de doble n&uacute;cleo para permitir sin problemas el acceso multiusuario local o remoto a los archivos del trabajo, mientras que&hellip;&nbsp;<a href=\"https:\/\/aivlisoft.net\/shop\/producto\/qnap-ts-451d2-2g-nas-4xhdd-bay-2xgbe-4xusb3-0\/\" rel=\"bookmark\"><span class=\"screen-reader-text\">QNAP TS-451D2-2G NAS 4XHDD-Bay 2xGbE 4xUSB3.0<\/span><\/a><\/p>\n","protected":false},"featured_media":18538,"template":"","meta":{"neve_meta_sidebar":"","neve_meta_container":"","neve_meta_enable_content_width":"","neve_meta_content_width":0,"neve_meta_title_alignment":"","neve_meta_author_avatar":"","neve_post_elements_order":"","neve_meta_disable_header":"","neve_meta_disable_footer":"","neve_meta_disable_title":""},"product_brand":[],"product_cat":[8767],"product_tag":[6755],"class_list":{"0":"post-18537","1":"product","2":"type-product","3":"status-publish","4":"has-post-thumbnail","6":"product_cat-almacenamiento-sobremesa","7":"product_tag-ts-451d2-2g","9":"first","10":"instock","11":"taxable","12":"shipping-taxable","13":"purchasable","14":"product-type-simple"},"yoast_head":"<!-- This site is optimized with the Yoast SEO plugin v26.0 - https:\/\/yoast.com\/wordpress\/plugins\/seo\/ -->\n<title>QNAP TS-451D2-2G NAS 4XHDD-Bay 2xGbE 4xUSB3.0 - Aivlisoft Inform\u00e1tica<\/title>\n<meta name=\"robots\" content=\"index, follow, max-snippet:-1, max-image-preview:large, max-video-preview:-1\" \/>\n<link rel=\"canonical\" href=\"https:\/\/aivlisoft.net\/shop\/producto\/qnap-ts-451d2-2g-nas-4xhdd-bay-2xgbe-4xusb3-0\/\" \/>\n<meta property=\"og:locale\" content=\"es_ES\" \/>\n<meta property=\"og:type\" content=\"article\" \/>\n<meta property=\"og:title\" content=\"QNAP TS-451D2-2G NAS 4XHDD-Bay 2xGbE 4xUSB3.0 - Aivlisoft Inform\u00e1tica\" \/>\n<meta property=\"og:description\" content=\"El TS-451D2 de 4 bah&iacute;as ofrece un alto potencial para usuarios dom&eacute;sticos y peque&ntilde;as empresas para almacenar, compartir y hacer una copia de seguridad de los archivos. Los usuarios empresariales pueden aprovechar su procesador Intel de doble n&uacute;cleo para permitir sin problemas el acceso multiusuario local o remoto a los archivos del trabajo, mientras que&hellip;&nbsp;QNAP TS-451D2-2G NAS 4XHDD-Bay 2xGbE 4xUSB3.0\" \/>\n<meta property=\"og:url\" content=\"https:\/\/aivlisoft.net\/shop\/producto\/qnap-ts-451d2-2g-nas-4xhdd-bay-2xgbe-4xusb3-0\/\" \/>\n<meta property=\"og:site_name\" content=\"Aivlisoft Inform\u00e1tica\" \/>\n<meta property=\"article:modified_time\" content=\"2025-01-14T11:39:56+00:00\" \/>\n<meta property=\"og:image\" content=\"https:\/\/aivlisoft.net\/shop\/wp-content\/uploads\/2025\/01\/NARARS0195_800.jpg\" \/>\n\t<meta property=\"og:image:width\" content=\"800\" \/>\n\t<meta property=\"og:image:height\" content=\"800\" \/>\n\t<meta property=\"og:image:type\" content=\"image\/jpeg\" \/>\n<meta name=\"twitter:card\" content=\"summary_large_image\" \/>\n<meta name=\"twitter:label1\" content=\"Tiempo de lectura\" \/>\n\t<meta name=\"twitter:data1\" content=\"3 minutos\" \/>\n<script type=\"application\/ld+json\" class=\"yoast-schema-graph\">{\"@context\":\"https:\/\/schema.org\",\"@graph\":[{\"@type\":\"WebPage\",\"@id\":\"https:\/\/aivlisoft.net\/shop\/producto\/qnap-ts-451d2-2g-nas-4xhdd-bay-2xgbe-4xusb3-0\/\",\"url\":\"https:\/\/aivlisoft.net\/shop\/producto\/qnap-ts-451d2-2g-nas-4xhdd-bay-2xgbe-4xusb3-0\/\",\"name\":\"QNAP TS-451D2-2G NAS 4XHDD-Bay 2xGbE 4xUSB3.0 - Aivlisoft Inform\u00e1tica\",\"isPartOf\":{\"@id\":\"https:\/\/aivlisoft.net\/shop\/#website\"},\"primaryImageOfPage\":{\"@id\":\"https:\/\/aivlisoft.net\/shop\/producto\/qnap-ts-451d2-2g-nas-4xhdd-bay-2xgbe-4xusb3-0\/#primaryimage\"},\"image\":{\"@id\":\"https:\/\/aivlisoft.net\/shop\/producto\/qnap-ts-451d2-2g-nas-4xhdd-bay-2xgbe-4xusb3-0\/#primaryimage\"},\"thumbnailUrl\":\"https:\/\/aivlisoft.net\/shop\/wp-content\/uploads\/2025\/01\/NARARS0195_800.jpg\",\"datePublished\":\"2025-01-13T15:23:06+00:00\",\"dateModified\":\"2025-01-14T11:39:56+00:00\",\"breadcrumb\":{\"@id\":\"https:\/\/aivlisoft.net\/shop\/producto\/qnap-ts-451d2-2g-nas-4xhdd-bay-2xgbe-4xusb3-0\/#breadcrumb\"},\"inLanguage\":\"es\",\"potentialAction\":[{\"@type\":\"ReadAction\",\"target\":[\"https:\/\/aivlisoft.net\/shop\/producto\/qnap-ts-451d2-2g-nas-4xhdd-bay-2xgbe-4xusb3-0\/\"]}]},{\"@type\":\"ImageObject\",\"inLanguage\":\"es\",\"@id\":\"https:\/\/aivlisoft.net\/shop\/producto\/qnap-ts-451d2-2g-nas-4xhdd-bay-2xgbe-4xusb3-0\/#primaryimage\",\"url\":\"https:\/\/aivlisoft.net\/shop\/wp-content\/uploads\/2025\/01\/NARARS0195_800.jpg\",\"contentUrl\":\"https:\/\/aivlisoft.net\/shop\/wp-content\/uploads\/2025\/01\/NARARS0195_800.jpg\",\"width\":800,\"height\":800},{\"@type\":\"BreadcrumbList\",\"@id\":\"https:\/\/aivlisoft.net\/shop\/producto\/qnap-ts-451d2-2g-nas-4xhdd-bay-2xgbe-4xusb3-0\/#breadcrumb\",\"itemListElement\":[{\"@type\":\"ListItem\",\"position\":1,\"name\":\"Portada\",\"item\":\"https:\/\/aivlisoft.net\/shop\/\"},{\"@type\":\"ListItem\",\"position\":2,\"name\":\"Tienda\",\"item\":\"https:\/\/aivlisoft.net\/shop\/tienda\/\"},{\"@type\":\"ListItem\",\"position\":3,\"name\":\"QNAP TS-451D2-2G NAS 4XHDD-Bay 2xGbE 4xUSB3.0\"}]},{\"@type\":\"WebSite\",\"@id\":\"https:\/\/aivlisoft.net\/shop\/#website\",\"url\":\"https:\/\/aivlisoft.net\/shop\/\",\"name\":\"Aivlisoft Inform\u00e1tica\",\"description\":\"En Aivlisoft Inform\u00e1tica ofrecemos soluciones tecnol\u00f3gicas para empresas: venta de ordenadores, consumibles, perif\u00e9ricos y m\u00e1s. Calidad, atenci\u00f3n personalizada y los mejores precios para tu negocio.\",\"publisher\":{\"@id\":\"https:\/\/aivlisoft.net\/shop\/#organization\"},\"potentialAction\":[{\"@type\":\"SearchAction\",\"target\":{\"@type\":\"EntryPoint\",\"urlTemplate\":\"https:\/\/aivlisoft.net\/shop\/?s={search_term_string}\"},\"query-input\":{\"@type\":\"PropertyValueSpecification\",\"valueRequired\":true,\"valueName\":\"search_term_string\"}}],\"inLanguage\":\"es\"},{\"@type\":\"Organization\",\"@id\":\"https:\/\/aivlisoft.net\/shop\/#organization\",\"name\":\"Aivlisoft Inform\u00e1tica\",\"url\":\"https:\/\/aivlisoft.net\/shop\/\",\"logo\":{\"@type\":\"ImageObject\",\"inLanguage\":\"es\",\"@id\":\"https:\/\/aivlisoft.net\/shop\/#\/schema\/logo\/image\/\",\"url\":\"https:\/\/aivlisoft.net\/shop\/wp-content\/uploads\/2024\/12\/removal.ai_5b848c54-0cdf-4140-95c5-c5536bb7573b-logodef.png\",\"contentUrl\":\"https:\/\/aivlisoft.net\/shop\/wp-content\/uploads\/2024\/12\/removal.ai_5b848c54-0cdf-4140-95c5-c5536bb7573b-logodef.png\",\"width\":484,\"height\":182,\"caption\":\"Aivlisoft Inform\u00e1tica\"},\"image\":{\"@id\":\"https:\/\/aivlisoft.net\/shop\/#\/schema\/logo\/image\/\"}}]}<\/script>\n<!-- \/ Yoast SEO plugin. -->","yoast_head_json":{"title":"QNAP TS-451D2-2G NAS 4XHDD-Bay 2xGbE 4xUSB3.0 - Aivlisoft Inform\u00e1tica","robots":{"index":"index","follow":"follow","max-snippet":"max-snippet:-1","max-image-preview":"max-image-preview:large","max-video-preview":"max-video-preview:-1"},"canonical":"https:\/\/aivlisoft.net\/shop\/producto\/qnap-ts-451d2-2g-nas-4xhdd-bay-2xgbe-4xusb3-0\/","og_locale":"es_ES","og_type":"article","og_title":"QNAP TS-451D2-2G NAS 4XHDD-Bay 2xGbE 4xUSB3.0 - Aivlisoft Inform\u00e1tica","og_description":"El TS-451D2 de 4 bah&iacute;as ofrece un alto potencial para usuarios dom&eacute;sticos y peque&ntilde;as empresas para almacenar, compartir y hacer una copia de seguridad de los archivos. Los usuarios empresariales pueden aprovechar su procesador Intel de doble n&uacute;cleo para permitir sin problemas el acceso multiusuario local o remoto a los archivos del trabajo, mientras que&hellip;&nbsp;QNAP TS-451D2-2G NAS 4XHDD-Bay 2xGbE 4xUSB3.0","og_url":"https:\/\/aivlisoft.net\/shop\/producto\/qnap-ts-451d2-2g-nas-4xhdd-bay-2xgbe-4xusb3-0\/","og_site_name":"Aivlisoft Inform\u00e1tica","article_modified_time":"2025-01-14T11:39:56+00:00","og_image":[{"width":800,"height":800,"url":"https:\/\/aivlisoft.net\/shop\/wp-content\/uploads\/2025\/01\/NARARS0195_800.jpg","type":"image\/jpeg"}],"twitter_card":"summary_large_image","twitter_misc":{"Tiempo de lectura":"3 minutos"},"schema":{"@context":"https:\/\/schema.org","@graph":[{"@type":"WebPage","@id":"https:\/\/aivlisoft.net\/shop\/producto\/qnap-ts-451d2-2g-nas-4xhdd-bay-2xgbe-4xusb3-0\/","url":"https:\/\/aivlisoft.net\/shop\/producto\/qnap-ts-451d2-2g-nas-4xhdd-bay-2xgbe-4xusb3-0\/","name":"QNAP TS-451D2-2G NAS 4XHDD-Bay 2xGbE 4xUSB3.0 - Aivlisoft Inform\u00e1tica","isPartOf":{"@id":"https:\/\/aivlisoft.net\/shop\/#website"},"primaryImageOfPage":{"@id":"https:\/\/aivlisoft.net\/shop\/producto\/qnap-ts-451d2-2g-nas-4xhdd-bay-2xgbe-4xusb3-0\/#primaryimage"},"image":{"@id":"https:\/\/aivlisoft.net\/shop\/producto\/qnap-ts-451d2-2g-nas-4xhdd-bay-2xgbe-4xusb3-0\/#primaryimage"},"thumbnailUrl":"https:\/\/aivlisoft.net\/shop\/wp-content\/uploads\/2025\/01\/NARARS0195_800.jpg","datePublished":"2025-01-13T15:23:06+00:00","dateModified":"2025-01-14T11:39:56+00:00","breadcrumb":{"@id":"https:\/\/aivlisoft.net\/shop\/producto\/qnap-ts-451d2-2g-nas-4xhdd-bay-2xgbe-4xusb3-0\/#breadcrumb"},"inLanguage":"es","potentialAction":[{"@type":"ReadAction","target":["https:\/\/aivlisoft.net\/shop\/producto\/qnap-ts-451d2-2g-nas-4xhdd-bay-2xgbe-4xusb3-0\/"]}]},{"@type":"ImageObject","inLanguage":"es","@id":"https:\/\/aivlisoft.net\/shop\/producto\/qnap-ts-451d2-2g-nas-4xhdd-bay-2xgbe-4xusb3-0\/#primaryimage","url":"https:\/\/aivlisoft.net\/shop\/wp-content\/uploads\/2025\/01\/NARARS0195_800.jpg","contentUrl":"https:\/\/aivlisoft.net\/shop\/wp-content\/uploads\/2025\/01\/NARARS0195_800.jpg","width":800,"height":800},{"@type":"BreadcrumbList","@id":"https:\/\/aivlisoft.net\/shop\/producto\/qnap-ts-451d2-2g-nas-4xhdd-bay-2xgbe-4xusb3-0\/#breadcrumb","itemListElement":[{"@type":"ListItem","position":1,"name":"Portada","item":"https:\/\/aivlisoft.net\/shop\/"},{"@type":"ListItem","position":2,"name":"Tienda","item":"https:\/\/aivlisoft.net\/shop\/tienda\/"},{"@type":"ListItem","position":3,"name":"QNAP TS-451D2-2G NAS 4XHDD-Bay 2xGbE 4xUSB3.0"}]},{"@type":"WebSite","@id":"https:\/\/aivlisoft.net\/shop\/#website","url":"https:\/\/aivlisoft.net\/shop\/","name":"Aivlisoft Inform\u00e1tica","description":"En Aivlisoft Inform\u00e1tica ofrecemos soluciones tecnol\u00f3gicas para empresas: venta de ordenadores, consumibles, perif\u00e9ricos y m\u00e1s. Calidad, atenci\u00f3n personalizada y los mejores precios para tu negocio.","publisher":{"@id":"https:\/\/aivlisoft.net\/shop\/#organization"},"potentialAction":[{"@type":"SearchAction","target":{"@type":"EntryPoint","urlTemplate":"https:\/\/aivlisoft.net\/shop\/?s={search_term_string}"},"query-input":{"@type":"PropertyValueSpecification","valueRequired":true,"valueName":"search_term_string"}}],"inLanguage":"es"},{"@type":"Organization","@id":"https:\/\/aivlisoft.net\/shop\/#organization","name":"Aivlisoft Inform\u00e1tica","url":"https:\/\/aivlisoft.net\/shop\/","logo":{"@type":"ImageObject","inLanguage":"es","@id":"https:\/\/aivlisoft.net\/shop\/#\/schema\/logo\/image\/","url":"https:\/\/aivlisoft.net\/shop\/wp-content\/uploads\/2024\/12\/removal.ai_5b848c54-0cdf-4140-95c5-c5536bb7573b-logodef.png","contentUrl":"https:\/\/aivlisoft.net\/shop\/wp-content\/uploads\/2024\/12\/removal.ai_5b848c54-0cdf-4140-95c5-c5536bb7573b-logodef.png","width":484,"height":182,"caption":"Aivlisoft Inform\u00e1tica"},"image":{"@id":"https:\/\/aivlisoft.net\/shop\/#\/schema\/logo\/image\/"}}]}},"_links":{"self":[{"href":"https:\/\/aivlisoft.net\/shop\/wp-json\/wp\/v2\/product\/18537","targetHints":{"allow":["GET"]}}],"collection":[{"href":"https:\/\/aivlisoft.net\/shop\/wp-json\/wp\/v2\/product"}],"about":[{"href":"https:\/\/aivlisoft.net\/shop\/wp-json\/wp\/v2\/types\/product"}],"wp:featuredmedia":[{"embeddable":true,"href":"https:\/\/aivlisoft.net\/shop\/wp-json\/wp\/v2\/media\/18538"}],"wp:attachment":[{"href":"https:\/\/aivlisoft.net\/shop\/wp-json\/wp\/v2\/media?parent=18537"}],"wp:term":[{"taxonomy":"product_brand","embeddable":true,"href":"https:\/\/aivlisoft.net\/shop\/wp-json\/wp\/v2\/product_brand?post=18537"},{"taxonomy":"product_cat","embeddable":true,"href":"https:\/\/aivlisoft.net\/shop\/wp-json\/wp\/v2\/product_cat?post=18537"},{"taxonomy":"product_tag","embeddable":true,"href":"https:\/\/aivlisoft.net\/shop\/wp-json\/wp\/v2\/product_tag?post=18537"}],"curies":[{"name":"wp","href":"https:\/\/api.w.org\/{rel}","templated":true}]}}