{"id":18517,"date":"2025-01-13T15:22:55","date_gmt":"2025-01-13T15:22:55","guid":{"rendered":"https:\/\/aivlisoft.com\/?post_type=product&#038;p=18517"},"modified":"2025-01-14T11:39:50","modified_gmt":"2025-01-14T11:39:50","slug":"synology-ds1821-nas-8bay-diskstation","status":"publish","type":"product","link":"https:\/\/aivlisoft.net\/shop\/producto\/synology-ds1821-nas-8bay-diskstation\/","title":{"rendered":"SYNOLOGY DS1821+ NAS 8Bay DiskStation"},"content":{"rendered":"<p><\/p>\n<table class=\"tabla_caracteristicas k-table\" width=\"100%\">\n<tbody>\n<tr>\n<td valign=\"top\"><strong>Marca <\/strong><\/td>\n<td valign=\"top\">Synology<\/td>\n<\/tr>\n<tr>\n<td valign=\"top\"><strong>Modelo <\/strong><\/td>\n<td valign=\"top\"><strong>DS1821+<\/strong><\/td>\n<\/tr>\n<tr>\n<td valign=\"top\"><strong>CPU<\/strong><\/td>\n<td valign=\"top\">&#8211; CPU: AMD <strong>Ryzen V1500B<\/strong> de cuatro n&uacute;cleos a 2,2 GHz<br \/>&#8211; Motor de cifrado de hardware: S&iacute; (AES-NI)<\/td>\n<\/tr>\n<tr>\n<td valign=\"top\"><strong>Memoria <\/strong><\/td>\n<td valign=\"top\">&#8211; Memoria: <strong>4 GB<\/strong> DDR4 ECC SODIMM (ampliable hasta 32 GB)<\/td>\n<\/tr>\n<tr>\n<td valign=\"top\"><strong>Almacenamiento <\/strong><\/td>\n<td valign=\"top\">&#8211; Tipo de unidad compatible<br \/>&nbsp;&nbsp; 8 x 3,5 \u00abo 2,5\u00bb SATA HDD \/ SSD (unidades no incluidas)<br \/>&nbsp;&nbsp; 2 x SSD M.2 2280 NVMe (unidades no incluidas)<br \/>&#8211; Unidad intercambiable en caliente<\/td>\n<\/tr>\n<tr>\n<td valign=\"top\"><strong>Conexiones <\/strong><\/td>\n<td valign=\"top\">&#8211; 4 x USB 3.2 de 1.a generaci&oacute;n<br \/>&#8211; 2 x eSATA<br \/>&#8211; Puerto LAN: 4 x 1GbE RJ-45<br \/>&#8211; Ranura PCIe 3.0 1 ranura x8 de 4 carriles<br \/>&#8211; Admite tarjetas de interfaz de red de 10 GbE<\/td>\n<\/tr>\n<tr>\n<td valign=\"top\"><strong>Caracter&iacute;sticas <\/strong><\/td>\n<td valign=\"top\">\n<div><strong>Apariencia<\/strong><br \/>&#8211; Dimensiones (Al x An x Pr): 166 x 343 x 243 mm<br \/>&#8211; Peso: 6,0 kg<br \/><strong>Otros<\/strong><\/div>\n<p>&#8211; Despertar en LAN \/ WAN<br \/>&#8211; Encendido \/ apagado programado<br \/>&#8211; Ventilador del sistema: 2 (120 x 120 x 25 mm)<br \/>&#8211; Voltaje de alimentaci&oacute;n de entrada de CA: 100 V a 240 V CA<br \/>&#8211; Temperatura de funcionamiento: 0 &deg; C a 40 &deg; C<br \/>&#8211; Temperatura de almacenamiento: -20 &deg; C a 60 &deg; C<br \/>&#8211; Humedad relativa: 5% a 95% RH<br \/>&#8211; Frecuencia de red: 50\/60 Hz, monof&aacute;sico<br \/>&#8211; Altitud m&aacute;xima de funcionamiento: 5,000 m (16,400 pies)<br \/><strong>Protocolos<br \/>&#8211; <\/strong>SMB, AFP, NFS, FTP, WebDAV, CalDAV, iSCSI, Telnet, SSH, SNMP, VPN (PPTP, OpenVPN&trade;, L2TP)<strong><\/strong><\/td>\n<\/tr>\n<tr>\n<td valign=\"top\"><strong>Fecha Revisi&oacute;n <\/strong><\/td>\n<td valign=\"top\">23-11-2020 por MPM<\/td>\n<\/tr>\n<\/tbody>\n<\/table>\n","protected":false},"excerpt":{"rendered":"<p>Marca Synology Modelo DS1821+ CPU &#8211; CPU: AMD Ryzen V1500B de cuatro n&uacute;cleos a 2,2 GHz&#8211; Motor de cifrado de hardware: S&iacute; (AES-NI) Memoria &#8211; Memoria: 4 GB DDR4 ECC SODIMM (ampliable hasta 32 GB) Almacenamiento &#8211; Tipo de unidad compatible&nbsp;&nbsp; 8 x 3,5 \u00abo 2,5\u00bb SATA HDD \/ SSD (unidades no incluidas)&nbsp;&nbsp; 2 x&hellip;&nbsp;<a href=\"https:\/\/aivlisoft.net\/shop\/producto\/synology-ds1821-nas-8bay-diskstation\/\" rel=\"bookmark\"><span class=\"screen-reader-text\">SYNOLOGY DS1821+ NAS 8Bay DiskStation<\/span><\/a><\/p>\n","protected":false},"featured_media":18518,"template":"","meta":{"neve_meta_sidebar":"","neve_meta_container":"","neve_meta_enable_content_width":"","neve_meta_content_width":0,"neve_meta_title_alignment":"","neve_meta_author_avatar":"","neve_post_elements_order":"","neve_meta_disable_header":"","neve_meta_disable_footer":"","neve_meta_disable_title":""},"product_brand":[],"product_cat":[8767],"product_tag":[6748],"class_list":{"0":"post-18517","1":"product","2":"type-product","3":"status-publish","4":"has-post-thumbnail","6":"product_cat-almacenamiento-sobremesa","7":"product_tag-ds1821","9":"first","10":"instock","11":"taxable","12":"shipping-taxable","13":"purchasable","14":"product-type-simple"},"yoast_head":"<!-- This site is optimized with the Yoast SEO plugin v26.0 - https:\/\/yoast.com\/wordpress\/plugins\/seo\/ -->\n<title>SYNOLOGY DS1821+ NAS 8Bay DiskStation - Aivlisoft Inform\u00e1tica<\/title>\n<meta name=\"robots\" content=\"index, follow, max-snippet:-1, max-image-preview:large, max-video-preview:-1\" \/>\n<link rel=\"canonical\" href=\"https:\/\/aivlisoft.net\/shop\/producto\/synology-ds1821-nas-8bay-diskstation\/\" \/>\n<meta property=\"og:locale\" content=\"es_ES\" \/>\n<meta property=\"og:type\" content=\"article\" \/>\n<meta property=\"og:title\" content=\"SYNOLOGY DS1821+ NAS 8Bay DiskStation - Aivlisoft Inform\u00e1tica\" \/>\n<meta property=\"og:description\" content=\"Marca Synology Modelo DS1821+ CPU &#8211; CPU: AMD Ryzen V1500B de cuatro n&uacute;cleos a 2,2 GHz&#8211; Motor de cifrado de hardware: S&iacute; (AES-NI) Memoria &#8211; Memoria: 4 GB DDR4 ECC SODIMM (ampliable hasta 32 GB) Almacenamiento &#8211; Tipo de unidad compatible&nbsp;&nbsp; 8 x 3,5 \u00abo 2,5\u00bb SATA HDD \/ SSD (unidades no incluidas)&nbsp;&nbsp; 2 x&hellip;&nbsp;SYNOLOGY DS1821+ NAS 8Bay DiskStation\" \/>\n<meta property=\"og:url\" content=\"https:\/\/aivlisoft.net\/shop\/producto\/synology-ds1821-nas-8bay-diskstation\/\" \/>\n<meta property=\"og:site_name\" content=\"Aivlisoft Inform\u00e1tica\" \/>\n<meta property=\"article:modified_time\" content=\"2025-01-14T11:39:50+00:00\" \/>\n<meta property=\"og:image\" content=\"https:\/\/aivlisoft.net\/shop\/wp-content\/uploads\/2025\/01\/NARARS0178_800.jpg\" \/>\n\t<meta property=\"og:image:width\" content=\"800\" \/>\n\t<meta property=\"og:image:height\" content=\"800\" \/>\n\t<meta property=\"og:image:type\" content=\"image\/jpeg\" \/>\n<meta name=\"twitter:card\" content=\"summary_large_image\" \/>\n<meta name=\"twitter:label1\" content=\"Tiempo de lectura\" \/>\n\t<meta name=\"twitter:data1\" content=\"1 minuto\" \/>\n<script type=\"application\/ld+json\" class=\"yoast-schema-graph\">{\"@context\":\"https:\/\/schema.org\",\"@graph\":[{\"@type\":\"WebPage\",\"@id\":\"https:\/\/aivlisoft.net\/shop\/producto\/synology-ds1821-nas-8bay-diskstation\/\",\"url\":\"https:\/\/aivlisoft.net\/shop\/producto\/synology-ds1821-nas-8bay-diskstation\/\",\"name\":\"SYNOLOGY DS1821+ NAS 8Bay DiskStation - Aivlisoft Inform\u00e1tica\",\"isPartOf\":{\"@id\":\"https:\/\/aivlisoft.net\/shop\/#website\"},\"primaryImageOfPage\":{\"@id\":\"https:\/\/aivlisoft.net\/shop\/producto\/synology-ds1821-nas-8bay-diskstation\/#primaryimage\"},\"image\":{\"@id\":\"https:\/\/aivlisoft.net\/shop\/producto\/synology-ds1821-nas-8bay-diskstation\/#primaryimage\"},\"thumbnailUrl\":\"https:\/\/aivlisoft.net\/shop\/wp-content\/uploads\/2025\/01\/NARARS0178_800.jpg\",\"datePublished\":\"2025-01-13T15:22:55+00:00\",\"dateModified\":\"2025-01-14T11:39:50+00:00\",\"breadcrumb\":{\"@id\":\"https:\/\/aivlisoft.net\/shop\/producto\/synology-ds1821-nas-8bay-diskstation\/#breadcrumb\"},\"inLanguage\":\"es\",\"potentialAction\":[{\"@type\":\"ReadAction\",\"target\":[\"https:\/\/aivlisoft.net\/shop\/producto\/synology-ds1821-nas-8bay-diskstation\/\"]}]},{\"@type\":\"ImageObject\",\"inLanguage\":\"es\",\"@id\":\"https:\/\/aivlisoft.net\/shop\/producto\/synology-ds1821-nas-8bay-diskstation\/#primaryimage\",\"url\":\"https:\/\/aivlisoft.net\/shop\/wp-content\/uploads\/2025\/01\/NARARS0178_800.jpg\",\"contentUrl\":\"https:\/\/aivlisoft.net\/shop\/wp-content\/uploads\/2025\/01\/NARARS0178_800.jpg\",\"width\":800,\"height\":800},{\"@type\":\"BreadcrumbList\",\"@id\":\"https:\/\/aivlisoft.net\/shop\/producto\/synology-ds1821-nas-8bay-diskstation\/#breadcrumb\",\"itemListElement\":[{\"@type\":\"ListItem\",\"position\":1,\"name\":\"Portada\",\"item\":\"https:\/\/aivlisoft.net\/shop\/\"},{\"@type\":\"ListItem\",\"position\":2,\"name\":\"Tienda\",\"item\":\"https:\/\/aivlisoft.net\/shop\/tienda\/\"},{\"@type\":\"ListItem\",\"position\":3,\"name\":\"SYNOLOGY DS1821+ NAS 8Bay DiskStation\"}]},{\"@type\":\"WebSite\",\"@id\":\"https:\/\/aivlisoft.net\/shop\/#website\",\"url\":\"https:\/\/aivlisoft.net\/shop\/\",\"name\":\"Aivlisoft Inform\u00e1tica\",\"description\":\"En Aivlisoft Inform\u00e1tica ofrecemos soluciones tecnol\u00f3gicas para empresas: venta de ordenadores, consumibles, perif\u00e9ricos y m\u00e1s. Calidad, atenci\u00f3n personalizada y los mejores precios para tu negocio.\",\"publisher\":{\"@id\":\"https:\/\/aivlisoft.net\/shop\/#organization\"},\"potentialAction\":[{\"@type\":\"SearchAction\",\"target\":{\"@type\":\"EntryPoint\",\"urlTemplate\":\"https:\/\/aivlisoft.net\/shop\/?s={search_term_string}\"},\"query-input\":{\"@type\":\"PropertyValueSpecification\",\"valueRequired\":true,\"valueName\":\"search_term_string\"}}],\"inLanguage\":\"es\"},{\"@type\":\"Organization\",\"@id\":\"https:\/\/aivlisoft.net\/shop\/#organization\",\"name\":\"Aivlisoft Inform\u00e1tica\",\"url\":\"https:\/\/aivlisoft.net\/shop\/\",\"logo\":{\"@type\":\"ImageObject\",\"inLanguage\":\"es\",\"@id\":\"https:\/\/aivlisoft.net\/shop\/#\/schema\/logo\/image\/\",\"url\":\"https:\/\/aivlisoft.net\/shop\/wp-content\/uploads\/2024\/12\/removal.ai_5b848c54-0cdf-4140-95c5-c5536bb7573b-logodef.png\",\"contentUrl\":\"https:\/\/aivlisoft.net\/shop\/wp-content\/uploads\/2024\/12\/removal.ai_5b848c54-0cdf-4140-95c5-c5536bb7573b-logodef.png\",\"width\":484,\"height\":182,\"caption\":\"Aivlisoft Inform\u00e1tica\"},\"image\":{\"@id\":\"https:\/\/aivlisoft.net\/shop\/#\/schema\/logo\/image\/\"}}]}<\/script>\n<!-- \/ Yoast SEO plugin. -->","yoast_head_json":{"title":"SYNOLOGY DS1821+ NAS 8Bay DiskStation - Aivlisoft Inform\u00e1tica","robots":{"index":"index","follow":"follow","max-snippet":"max-snippet:-1","max-image-preview":"max-image-preview:large","max-video-preview":"max-video-preview:-1"},"canonical":"https:\/\/aivlisoft.net\/shop\/producto\/synology-ds1821-nas-8bay-diskstation\/","og_locale":"es_ES","og_type":"article","og_title":"SYNOLOGY DS1821+ NAS 8Bay DiskStation - Aivlisoft Inform\u00e1tica","og_description":"Marca Synology Modelo DS1821+ CPU &#8211; CPU: AMD Ryzen V1500B de cuatro n&uacute;cleos a 2,2 GHz&#8211; Motor de cifrado de hardware: S&iacute; (AES-NI) Memoria &#8211; Memoria: 4 GB DDR4 ECC SODIMM (ampliable hasta 32 GB) Almacenamiento &#8211; Tipo de unidad compatible&nbsp;&nbsp; 8 x 3,5 \u00abo 2,5\u00bb SATA HDD \/ SSD (unidades no incluidas)&nbsp;&nbsp; 2 x&hellip;&nbsp;SYNOLOGY DS1821+ NAS 8Bay DiskStation","og_url":"https:\/\/aivlisoft.net\/shop\/producto\/synology-ds1821-nas-8bay-diskstation\/","og_site_name":"Aivlisoft Inform\u00e1tica","article_modified_time":"2025-01-14T11:39:50+00:00","og_image":[{"width":800,"height":800,"url":"https:\/\/aivlisoft.net\/shop\/wp-content\/uploads\/2025\/01\/NARARS0178_800.jpg","type":"image\/jpeg"}],"twitter_card":"summary_large_image","twitter_misc":{"Tiempo de lectura":"1 minuto"},"schema":{"@context":"https:\/\/schema.org","@graph":[{"@type":"WebPage","@id":"https:\/\/aivlisoft.net\/shop\/producto\/synology-ds1821-nas-8bay-diskstation\/","url":"https:\/\/aivlisoft.net\/shop\/producto\/synology-ds1821-nas-8bay-diskstation\/","name":"SYNOLOGY DS1821+ NAS 8Bay DiskStation - Aivlisoft Inform\u00e1tica","isPartOf":{"@id":"https:\/\/aivlisoft.net\/shop\/#website"},"primaryImageOfPage":{"@id":"https:\/\/aivlisoft.net\/shop\/producto\/synology-ds1821-nas-8bay-diskstation\/#primaryimage"},"image":{"@id":"https:\/\/aivlisoft.net\/shop\/producto\/synology-ds1821-nas-8bay-diskstation\/#primaryimage"},"thumbnailUrl":"https:\/\/aivlisoft.net\/shop\/wp-content\/uploads\/2025\/01\/NARARS0178_800.jpg","datePublished":"2025-01-13T15:22:55+00:00","dateModified":"2025-01-14T11:39:50+00:00","breadcrumb":{"@id":"https:\/\/aivlisoft.net\/shop\/producto\/synology-ds1821-nas-8bay-diskstation\/#breadcrumb"},"inLanguage":"es","potentialAction":[{"@type":"ReadAction","target":["https:\/\/aivlisoft.net\/shop\/producto\/synology-ds1821-nas-8bay-diskstation\/"]}]},{"@type":"ImageObject","inLanguage":"es","@id":"https:\/\/aivlisoft.net\/shop\/producto\/synology-ds1821-nas-8bay-diskstation\/#primaryimage","url":"https:\/\/aivlisoft.net\/shop\/wp-content\/uploads\/2025\/01\/NARARS0178_800.jpg","contentUrl":"https:\/\/aivlisoft.net\/shop\/wp-content\/uploads\/2025\/01\/NARARS0178_800.jpg","width":800,"height":800},{"@type":"BreadcrumbList","@id":"https:\/\/aivlisoft.net\/shop\/producto\/synology-ds1821-nas-8bay-diskstation\/#breadcrumb","itemListElement":[{"@type":"ListItem","position":1,"name":"Portada","item":"https:\/\/aivlisoft.net\/shop\/"},{"@type":"ListItem","position":2,"name":"Tienda","item":"https:\/\/aivlisoft.net\/shop\/tienda\/"},{"@type":"ListItem","position":3,"name":"SYNOLOGY DS1821+ NAS 8Bay DiskStation"}]},{"@type":"WebSite","@id":"https:\/\/aivlisoft.net\/shop\/#website","url":"https:\/\/aivlisoft.net\/shop\/","name":"Aivlisoft Inform\u00e1tica","description":"En Aivlisoft Inform\u00e1tica ofrecemos soluciones tecnol\u00f3gicas para empresas: venta de ordenadores, consumibles, perif\u00e9ricos y m\u00e1s. Calidad, atenci\u00f3n personalizada y los mejores precios para tu negocio.","publisher":{"@id":"https:\/\/aivlisoft.net\/shop\/#organization"},"potentialAction":[{"@type":"SearchAction","target":{"@type":"EntryPoint","urlTemplate":"https:\/\/aivlisoft.net\/shop\/?s={search_term_string}"},"query-input":{"@type":"PropertyValueSpecification","valueRequired":true,"valueName":"search_term_string"}}],"inLanguage":"es"},{"@type":"Organization","@id":"https:\/\/aivlisoft.net\/shop\/#organization","name":"Aivlisoft Inform\u00e1tica","url":"https:\/\/aivlisoft.net\/shop\/","logo":{"@type":"ImageObject","inLanguage":"es","@id":"https:\/\/aivlisoft.net\/shop\/#\/schema\/logo\/image\/","url":"https:\/\/aivlisoft.net\/shop\/wp-content\/uploads\/2024\/12\/removal.ai_5b848c54-0cdf-4140-95c5-c5536bb7573b-logodef.png","contentUrl":"https:\/\/aivlisoft.net\/shop\/wp-content\/uploads\/2024\/12\/removal.ai_5b848c54-0cdf-4140-95c5-c5536bb7573b-logodef.png","width":484,"height":182,"caption":"Aivlisoft Inform\u00e1tica"},"image":{"@id":"https:\/\/aivlisoft.net\/shop\/#\/schema\/logo\/image\/"}}]}},"_links":{"self":[{"href":"https:\/\/aivlisoft.net\/shop\/wp-json\/wp\/v2\/product\/18517","targetHints":{"allow":["GET"]}}],"collection":[{"href":"https:\/\/aivlisoft.net\/shop\/wp-json\/wp\/v2\/product"}],"about":[{"href":"https:\/\/aivlisoft.net\/shop\/wp-json\/wp\/v2\/types\/product"}],"wp:featuredmedia":[{"embeddable":true,"href":"https:\/\/aivlisoft.net\/shop\/wp-json\/wp\/v2\/media\/18518"}],"wp:attachment":[{"href":"https:\/\/aivlisoft.net\/shop\/wp-json\/wp\/v2\/media?parent=18517"}],"wp:term":[{"taxonomy":"product_brand","embeddable":true,"href":"https:\/\/aivlisoft.net\/shop\/wp-json\/wp\/v2\/product_brand?post=18517"},{"taxonomy":"product_cat","embeddable":true,"href":"https:\/\/aivlisoft.net\/shop\/wp-json\/wp\/v2\/product_cat?post=18517"},{"taxonomy":"product_tag","embeddable":true,"href":"https:\/\/aivlisoft.net\/shop\/wp-json\/wp\/v2\/product_tag?post=18517"}],"curies":[{"name":"wp","href":"https:\/\/api.w.org\/{rel}","templated":true}]}}