{"id":18512,"date":"2025-01-13T15:22:50","date_gmt":"2025-01-13T15:22:50","guid":{"rendered":"https:\/\/aivlisoft.com\/?post_type=product&#038;p=18512"},"modified":"2025-01-14T11:39:46","modified_gmt":"2025-01-14T11:39:46","slug":"synology-ds1621-nas-6bay-disk-station","status":"publish","type":"product","link":"https:\/\/aivlisoft.net\/shop\/producto\/synology-ds1621-nas-6bay-disk-station\/","title":{"rendered":"SYNOLOGY DS1621+ NAS 6Bay Disk Station"},"content":{"rendered":"<p>&nbsp;<\/p>\n<table class=\"tabla_caracteristicas k-table\" width=\"100%\">\n<tr>\n<td valign=\"top\"><strong>Marca <\/strong><\/td>\n<td valign=\"top\">Synology<\/td>\n<\/tr>\n<tr>\n<td valign=\"top\"><strong>Modelo <\/strong><\/td>\n<td valign=\"top\"><strong>DS1621+<\/strong><\/td>\n<\/tr>\n<tr>\n<td valign=\"top\"><strong>CPU <\/strong><\/td>\n<td valign=\"top\">&#8211; Modelo de CPU: <strong>AMD Ryzen V1500B<\/strong><br \/>\t\t\t&#8211; Arquitectura de CPU: 64-bit<br \/>\t\t\t&#8211; Frecuencia de CPU: 4-core 2.2 (base)<br \/>\t\t\t&#8211; Motor de cifrado de hardware (AES-NI)<\/td>\n<\/tr>\n<tr>\n<td valign=\"top\"><strong>Memoria <\/strong><\/td>\n<td valign=\"top\">&#8211; Memoria del sistema: <strong>4GB<\/strong> DDR4 ECC SODIMM<br \/>\t\t\t&#8211; M&oacute;dulo de memoria preinstalado: 4GB (4GB x 1)<br \/>\t\t\t&#8211; Ranuras de memoria totales: 2<br \/>\t\t\t&#8211; Capacidad de memoria m&aacute;xima: 32 GB (16 GB x 2)<\/td>\n<\/tr>\n<tr>\n<td valign=\"top\"><strong>Almacenamiento <\/strong><\/td>\n<td valign=\"top\">\n<div><strong>&#8211; Recept&aacute;culos de unidades: 6<\/strong><\/div>\n<div>&#8211; Recept&aacute;culos de unidades m&aacute;x. con unidad de expansi&oacute;n: 16<br \/>\t\t\t&#8211; Ranuras de unidad M.2: 2 (NVMe)<br \/>\t\t\t&#8211; Tipo de unidad<br \/>\t\t\t&#8211; 3.5&quot; SATA HDD<br \/>\t\t\t&#8211; 2.5&quot; SATA HDD<br \/>\t\t\t&#8211; 2.5&quot; SATA SSD<br \/>\t\t\t&#8211; M.2 2280 NVMe SSD<\/div>\n<p>\t\t\t&#8211; Tama&ntilde;o m&aacute;ximo de volumen individual: <strong>108 TB<\/strong><br \/>\t\t\t&#8211; Unidad de intercambio en caliente<br \/>\t\t\t<strong>Gesti&oacute;n de almacenamiento<\/strong><br \/>\t\t\t&#8211; N&uacute;mero m&aacute;x. de volumen interno: 64<br \/>\t\t\t&#8211; N&uacute;mero m&aacute;x. de iSCSI Target: 128<br \/>\t\t\t&#8211; N&uacute;mero m&aacute;x. de iSCSI LUN: 256<br \/>\t\t\t&#8211; Clon\/Instant&aacute;nea de iSCSI LUN, Windows ODX (Las transferencias de datos descargados)<br \/>\t\t\t&#8211; SSD de cach&eacute; de lectura\/escritura (White Paper)<br \/>\t\t\t&#8211; SSD TRIM<br \/>\t\t\t&#8211; Tipo de RAID compatible:<br \/>\t\t\t&nbsp; <strong>Synology Hybrid RAID<\/strong><br \/>\t\t\t<strong>&nbsp; Basic<\/strong><br \/>\t\t\t<strong>&nbsp; JBOD<\/strong><br \/>\t\t\t<strong>&nbsp; RAID 0<\/strong><br \/>\t\t\t<strong>&nbsp; RAID 1<\/strong><br \/>\t\t\t<strong>&nbsp; RAID 5<\/strong><br \/>\t\t\t<strong>&nbsp; RAID 6<\/strong><br \/>\t\t\t<strong>&nbsp; RAID 10<\/strong><\/td>\n<\/tr>\n<tr>\n<td valign=\"top\"><strong>Conexiones <\/strong><\/td>\n<td valign=\"top\">&#8211; Puerto RJ-45 1GbE LAN: 4 (Con soporte de Conmutaci&oacute;n por error \/ Link Aggregation)<br \/>\t\t\t&#8211; Puerto USB 3.0: 3<br \/>\t\t\t&#8211; Puerto eSATA: 2<br \/>\t\t\t&#8211; Expansi&oacute;n PCIe: 1 x Gen3 x8 slot (x4 link)<\/td>\n<\/tr>\n<tr>\n<td valign=\"top\"><strong>Caracter&iacute;sticas <\/strong><\/td>\n<td valign=\"top\">\n<div><strong>Sistema de archivos<\/strong><br \/>\t\t\t&#8211; Unidades internas: <strong>Btrfs<\/strong>, <strong>EXT4<\/strong><br \/>\t\t\t&#8211; Unidades externas: <strong>Btrfs, <\/strong><strong>EXT4, EXT3, FAT, NTFS, HFS+, exFAT*<\/strong><\/div>\n<div><strong>Apariencia<\/strong><br \/>\t\t\t&#8211; Tama&ntilde;o (Altura X Anchura X Profundidad):<\/div>\n<div>\n<div>&nbsp; 166 mm X 282 mm X 243 mm<br \/>\t\t\t&#8211; Peso 5.1 kg<br \/>\t\t\t<strong>Certificaci&oacute;n<\/strong><br \/>\t\t\t&#8211; EAC<br \/>\t\t\t&#8211; VCCI<br \/>\t\t\t&#8211; CCC<br \/>\t\t\t&#8211; RCM<br \/>\t\t\t&#8211; KC<br \/>\t\t\t&#8211; FCC<br \/>\t\t\t&#8211; CE<br \/>\t\t\t&#8211; BSMI<br \/>\t\t\t<strong>Servicios de archivos<\/strong><br \/>\t\t\t&#8211; Protocolo de archivos: CIFS\/AFP\/NFS\/FTP\/WebDAV<br \/>\t\t\t&#8211; N&uacute;mero m&aacute;x. de conexiones CIFS\/AFP\/FTP simult&aacute;neas: 1,000<br \/>\t\t\t&#8211; N&uacute;mero m&aacute;x. de conexiones CIFS\/AFP\/FTP simult&aacute;neas (con expansi&oacute;n RAM): 2,000<br \/>\t\t\t&#8211; Integraci&oacute;n con Lista de control de acceso de Windows (ACL)<br \/>\t\t\t&#8211; Autenticaci&oacute;n Kerberos de NFS<\/div>\n<div><strong>Protocolos de red &nbsp;&nbsp; &nbsp;<\/strong><br \/>\t\t\t&#8211; SMB1 (CIFS)<br \/>\t\t\t&#8211; SMB2<br \/>\t\t\t&#8211; SMB3<br \/>\t\t\t&#8211; NFSv3<br \/>\t\t\t&#8211; NFSv4<br \/>\t\t\t&#8211; NFSv4.1<br \/>\t\t\t&#8211; NFS Kerberized sessions<br \/>\t\t\t&#8211; iSCSI<br \/>\t\t\t&#8211; HTTP<br \/>\t\t\t&#8211; HTTPs<br \/>\t\t\t&#8211; FTP<br \/>\t\t\t&#8211; SNMP<br \/>\t\t\t&#8211; LDAP<br \/>\t\t\t&#8211; CalDAV<br \/>\t\t\t<strong>Otros<\/strong><\/div>\n<\/p><\/div>\n<p>\t\t\t&#8211; Ventilador del sistema: 92 mm x 92 mm x 2 pcs<br \/>\t\t\t&#8211; F&aacute;cil sustituci&oacute;n de ventilador del sistema<br \/>\t\t\t&#8211; Indicadores LED delanteros con brillo regulable<br \/>\t\t\t&#8211; Recuperaci&oacute;n de energ&iacute;a<br \/>\t\t\t&#8211; Nivel de ruido: 25.2 dB(A)<br \/>\t\t\t&#8211; Encendido y apagado programado<br \/>\t\t\t&#8211; Despertar con LAN\/WAN<br \/>\t\t\t&#8211; Fuente \/ Adaptador de alimentaci&oacute;n: 250W<br \/>\t\t\t&#8211; Voltaje de alimentaci&oacute;n de entrada CA: De 100V a 240V CA<br \/>\t\t\t&#8211; Frecuencia de alimentaci&oacute;n: 50\/60 Hz, Monof&aacute;sico<br \/>\t\t\t&#8211; Consumo de energ&iacute;a: 51.22 W (Acceso)<br \/>\t\t\t&nbsp; 25.27 W (Hibernaci&oacute;n el sistema)<\/td>\n<\/tr>\n<tr>\n<td valign=\"top\"><strong>Fecha Revisi&oacute;n <\/strong><\/td>\n<td valign=\"top\">12-11-2020 por MSB<\/td>\n<\/tr>\n<\/table>\n","protected":false},"excerpt":{"rendered":"<p>&nbsp; Marca Synology Modelo DS1621+ CPU &#8211; Modelo de CPU: AMD Ryzen V1500B &#8211; Arquitectura de CPU: 64-bit &#8211; Frecuencia de CPU: 4-core 2.2 (base) &#8211; Motor de cifrado de hardware (AES-NI) Memoria &#8211; Memoria del sistema: 4GB DDR4 ECC SODIMM &#8211; M&oacute;dulo de memoria preinstalado: 4GB (4GB x 1) &#8211; Ranuras de memoria totales:&hellip;&nbsp;<a href=\"https:\/\/aivlisoft.net\/shop\/producto\/synology-ds1621-nas-6bay-disk-station\/\" rel=\"bookmark\"><span class=\"screen-reader-text\">SYNOLOGY DS1621+ NAS 6Bay Disk Station<\/span><\/a><\/p>\n","protected":false},"featured_media":18513,"template":"","meta":{"neve_meta_sidebar":"","neve_meta_container":"","neve_meta_enable_content_width":"","neve_meta_content_width":0,"neve_meta_title_alignment":"","neve_meta_author_avatar":"","neve_post_elements_order":"","neve_meta_disable_header":"","neve_meta_disable_footer":"","neve_meta_disable_title":""},"product_brand":[],"product_cat":[8767],"product_tag":[6747],"class_list":{"0":"post-18512","1":"product","2":"type-product","3":"status-publish","4":"has-post-thumbnail","6":"product_cat-almacenamiento-sobremesa","7":"product_tag-ds1621","9":"first","10":"instock","11":"taxable","12":"shipping-taxable","13":"purchasable","14":"product-type-simple"},"yoast_head":"<!-- This site is optimized with the Yoast SEO plugin v26.0 - https:\/\/yoast.com\/wordpress\/plugins\/seo\/ -->\n<title>SYNOLOGY DS1621+ NAS 6Bay Disk Station - Aivlisoft Inform\u00e1tica<\/title>\n<meta name=\"robots\" content=\"index, follow, max-snippet:-1, max-image-preview:large, max-video-preview:-1\" \/>\n<link rel=\"canonical\" href=\"https:\/\/aivlisoft.net\/shop\/producto\/synology-ds1621-nas-6bay-disk-station\/\" \/>\n<meta property=\"og:locale\" content=\"es_ES\" \/>\n<meta property=\"og:type\" content=\"article\" \/>\n<meta property=\"og:title\" content=\"SYNOLOGY DS1621+ NAS 6Bay Disk Station - Aivlisoft Inform\u00e1tica\" \/>\n<meta property=\"og:description\" content=\"&nbsp; Marca Synology Modelo DS1621+ CPU &#8211; Modelo de CPU: AMD Ryzen V1500B &#8211; Arquitectura de CPU: 64-bit &#8211; Frecuencia de CPU: 4-core 2.2 (base) &#8211; Motor de cifrado de hardware (AES-NI) Memoria &#8211; Memoria del sistema: 4GB DDR4 ECC SODIMM &#8211; M&oacute;dulo de memoria preinstalado: 4GB (4GB x 1) &#8211; Ranuras de memoria totales:&hellip;&nbsp;SYNOLOGY DS1621+ NAS 6Bay Disk Station\" \/>\n<meta property=\"og:url\" content=\"https:\/\/aivlisoft.net\/shop\/producto\/synology-ds1621-nas-6bay-disk-station\/\" \/>\n<meta property=\"og:site_name\" content=\"Aivlisoft Inform\u00e1tica\" \/>\n<meta property=\"article:modified_time\" content=\"2025-01-14T11:39:46+00:00\" \/>\n<meta property=\"og:image\" content=\"https:\/\/aivlisoft.net\/shop\/wp-content\/uploads\/2025\/01\/NARARS0177_800.jpg\" \/>\n\t<meta property=\"og:image:width\" content=\"800\" \/>\n\t<meta property=\"og:image:height\" content=\"800\" \/>\n\t<meta property=\"og:image:type\" content=\"image\/jpeg\" \/>\n<meta name=\"twitter:card\" content=\"summary_large_image\" \/>\n<meta name=\"twitter:label1\" content=\"Tiempo de lectura\" \/>\n\t<meta name=\"twitter:data1\" content=\"3 minutos\" \/>\n<script type=\"application\/ld+json\" class=\"yoast-schema-graph\">{\"@context\":\"https:\/\/schema.org\",\"@graph\":[{\"@type\":\"WebPage\",\"@id\":\"https:\/\/aivlisoft.net\/shop\/producto\/synology-ds1621-nas-6bay-disk-station\/\",\"url\":\"https:\/\/aivlisoft.net\/shop\/producto\/synology-ds1621-nas-6bay-disk-station\/\",\"name\":\"SYNOLOGY DS1621+ NAS 6Bay Disk Station - Aivlisoft Inform\u00e1tica\",\"isPartOf\":{\"@id\":\"https:\/\/aivlisoft.net\/shop\/#website\"},\"primaryImageOfPage\":{\"@id\":\"https:\/\/aivlisoft.net\/shop\/producto\/synology-ds1621-nas-6bay-disk-station\/#primaryimage\"},\"image\":{\"@id\":\"https:\/\/aivlisoft.net\/shop\/producto\/synology-ds1621-nas-6bay-disk-station\/#primaryimage\"},\"thumbnailUrl\":\"https:\/\/aivlisoft.net\/shop\/wp-content\/uploads\/2025\/01\/NARARS0177_800.jpg\",\"datePublished\":\"2025-01-13T15:22:50+00:00\",\"dateModified\":\"2025-01-14T11:39:46+00:00\",\"breadcrumb\":{\"@id\":\"https:\/\/aivlisoft.net\/shop\/producto\/synology-ds1621-nas-6bay-disk-station\/#breadcrumb\"},\"inLanguage\":\"es\",\"potentialAction\":[{\"@type\":\"ReadAction\",\"target\":[\"https:\/\/aivlisoft.net\/shop\/producto\/synology-ds1621-nas-6bay-disk-station\/\"]}]},{\"@type\":\"ImageObject\",\"inLanguage\":\"es\",\"@id\":\"https:\/\/aivlisoft.net\/shop\/producto\/synology-ds1621-nas-6bay-disk-station\/#primaryimage\",\"url\":\"https:\/\/aivlisoft.net\/shop\/wp-content\/uploads\/2025\/01\/NARARS0177_800.jpg\",\"contentUrl\":\"https:\/\/aivlisoft.net\/shop\/wp-content\/uploads\/2025\/01\/NARARS0177_800.jpg\",\"width\":800,\"height\":800},{\"@type\":\"BreadcrumbList\",\"@id\":\"https:\/\/aivlisoft.net\/shop\/producto\/synology-ds1621-nas-6bay-disk-station\/#breadcrumb\",\"itemListElement\":[{\"@type\":\"ListItem\",\"position\":1,\"name\":\"Portada\",\"item\":\"https:\/\/aivlisoft.net\/shop\/\"},{\"@type\":\"ListItem\",\"position\":2,\"name\":\"Tienda\",\"item\":\"https:\/\/aivlisoft.net\/shop\/tienda\/\"},{\"@type\":\"ListItem\",\"position\":3,\"name\":\"SYNOLOGY DS1621+ NAS 6Bay Disk Station\"}]},{\"@type\":\"WebSite\",\"@id\":\"https:\/\/aivlisoft.net\/shop\/#website\",\"url\":\"https:\/\/aivlisoft.net\/shop\/\",\"name\":\"Aivlisoft Inform\u00e1tica\",\"description\":\"En Aivlisoft Inform\u00e1tica ofrecemos soluciones tecnol\u00f3gicas para empresas: venta de ordenadores, consumibles, perif\u00e9ricos y m\u00e1s. Calidad, atenci\u00f3n personalizada y los mejores precios para tu negocio.\",\"publisher\":{\"@id\":\"https:\/\/aivlisoft.net\/shop\/#organization\"},\"potentialAction\":[{\"@type\":\"SearchAction\",\"target\":{\"@type\":\"EntryPoint\",\"urlTemplate\":\"https:\/\/aivlisoft.net\/shop\/?s={search_term_string}\"},\"query-input\":{\"@type\":\"PropertyValueSpecification\",\"valueRequired\":true,\"valueName\":\"search_term_string\"}}],\"inLanguage\":\"es\"},{\"@type\":\"Organization\",\"@id\":\"https:\/\/aivlisoft.net\/shop\/#organization\",\"name\":\"Aivlisoft Inform\u00e1tica\",\"url\":\"https:\/\/aivlisoft.net\/shop\/\",\"logo\":{\"@type\":\"ImageObject\",\"inLanguage\":\"es\",\"@id\":\"https:\/\/aivlisoft.net\/shop\/#\/schema\/logo\/image\/\",\"url\":\"https:\/\/aivlisoft.net\/shop\/wp-content\/uploads\/2024\/12\/removal.ai_5b848c54-0cdf-4140-95c5-c5536bb7573b-logodef.png\",\"contentUrl\":\"https:\/\/aivlisoft.net\/shop\/wp-content\/uploads\/2024\/12\/removal.ai_5b848c54-0cdf-4140-95c5-c5536bb7573b-logodef.png\",\"width\":484,\"height\":182,\"caption\":\"Aivlisoft Inform\u00e1tica\"},\"image\":{\"@id\":\"https:\/\/aivlisoft.net\/shop\/#\/schema\/logo\/image\/\"}}]}<\/script>\n<!-- \/ Yoast SEO plugin. -->","yoast_head_json":{"title":"SYNOLOGY DS1621+ NAS 6Bay Disk Station - Aivlisoft Inform\u00e1tica","robots":{"index":"index","follow":"follow","max-snippet":"max-snippet:-1","max-image-preview":"max-image-preview:large","max-video-preview":"max-video-preview:-1"},"canonical":"https:\/\/aivlisoft.net\/shop\/producto\/synology-ds1621-nas-6bay-disk-station\/","og_locale":"es_ES","og_type":"article","og_title":"SYNOLOGY DS1621+ NAS 6Bay Disk Station - Aivlisoft Inform\u00e1tica","og_description":"&nbsp; Marca Synology Modelo DS1621+ CPU &#8211; Modelo de CPU: AMD Ryzen V1500B &#8211; Arquitectura de CPU: 64-bit &#8211; Frecuencia de CPU: 4-core 2.2 (base) &#8211; Motor de cifrado de hardware (AES-NI) Memoria &#8211; Memoria del sistema: 4GB DDR4 ECC SODIMM &#8211; M&oacute;dulo de memoria preinstalado: 4GB (4GB x 1) &#8211; Ranuras de memoria totales:&hellip;&nbsp;SYNOLOGY DS1621+ NAS 6Bay Disk Station","og_url":"https:\/\/aivlisoft.net\/shop\/producto\/synology-ds1621-nas-6bay-disk-station\/","og_site_name":"Aivlisoft Inform\u00e1tica","article_modified_time":"2025-01-14T11:39:46+00:00","og_image":[{"width":800,"height":800,"url":"https:\/\/aivlisoft.net\/shop\/wp-content\/uploads\/2025\/01\/NARARS0177_800.jpg","type":"image\/jpeg"}],"twitter_card":"summary_large_image","twitter_misc":{"Tiempo de lectura":"3 minutos"},"schema":{"@context":"https:\/\/schema.org","@graph":[{"@type":"WebPage","@id":"https:\/\/aivlisoft.net\/shop\/producto\/synology-ds1621-nas-6bay-disk-station\/","url":"https:\/\/aivlisoft.net\/shop\/producto\/synology-ds1621-nas-6bay-disk-station\/","name":"SYNOLOGY DS1621+ NAS 6Bay Disk Station - Aivlisoft Inform\u00e1tica","isPartOf":{"@id":"https:\/\/aivlisoft.net\/shop\/#website"},"primaryImageOfPage":{"@id":"https:\/\/aivlisoft.net\/shop\/producto\/synology-ds1621-nas-6bay-disk-station\/#primaryimage"},"image":{"@id":"https:\/\/aivlisoft.net\/shop\/producto\/synology-ds1621-nas-6bay-disk-station\/#primaryimage"},"thumbnailUrl":"https:\/\/aivlisoft.net\/shop\/wp-content\/uploads\/2025\/01\/NARARS0177_800.jpg","datePublished":"2025-01-13T15:22:50+00:00","dateModified":"2025-01-14T11:39:46+00:00","breadcrumb":{"@id":"https:\/\/aivlisoft.net\/shop\/producto\/synology-ds1621-nas-6bay-disk-station\/#breadcrumb"},"inLanguage":"es","potentialAction":[{"@type":"ReadAction","target":["https:\/\/aivlisoft.net\/shop\/producto\/synology-ds1621-nas-6bay-disk-station\/"]}]},{"@type":"ImageObject","inLanguage":"es","@id":"https:\/\/aivlisoft.net\/shop\/producto\/synology-ds1621-nas-6bay-disk-station\/#primaryimage","url":"https:\/\/aivlisoft.net\/shop\/wp-content\/uploads\/2025\/01\/NARARS0177_800.jpg","contentUrl":"https:\/\/aivlisoft.net\/shop\/wp-content\/uploads\/2025\/01\/NARARS0177_800.jpg","width":800,"height":800},{"@type":"BreadcrumbList","@id":"https:\/\/aivlisoft.net\/shop\/producto\/synology-ds1621-nas-6bay-disk-station\/#breadcrumb","itemListElement":[{"@type":"ListItem","position":1,"name":"Portada","item":"https:\/\/aivlisoft.net\/shop\/"},{"@type":"ListItem","position":2,"name":"Tienda","item":"https:\/\/aivlisoft.net\/shop\/tienda\/"},{"@type":"ListItem","position":3,"name":"SYNOLOGY DS1621+ NAS 6Bay Disk Station"}]},{"@type":"WebSite","@id":"https:\/\/aivlisoft.net\/shop\/#website","url":"https:\/\/aivlisoft.net\/shop\/","name":"Aivlisoft Inform\u00e1tica","description":"En Aivlisoft Inform\u00e1tica ofrecemos soluciones tecnol\u00f3gicas para empresas: venta de ordenadores, consumibles, perif\u00e9ricos y m\u00e1s. Calidad, atenci\u00f3n personalizada y los mejores precios para tu negocio.","publisher":{"@id":"https:\/\/aivlisoft.net\/shop\/#organization"},"potentialAction":[{"@type":"SearchAction","target":{"@type":"EntryPoint","urlTemplate":"https:\/\/aivlisoft.net\/shop\/?s={search_term_string}"},"query-input":{"@type":"PropertyValueSpecification","valueRequired":true,"valueName":"search_term_string"}}],"inLanguage":"es"},{"@type":"Organization","@id":"https:\/\/aivlisoft.net\/shop\/#organization","name":"Aivlisoft Inform\u00e1tica","url":"https:\/\/aivlisoft.net\/shop\/","logo":{"@type":"ImageObject","inLanguage":"es","@id":"https:\/\/aivlisoft.net\/shop\/#\/schema\/logo\/image\/","url":"https:\/\/aivlisoft.net\/shop\/wp-content\/uploads\/2024\/12\/removal.ai_5b848c54-0cdf-4140-95c5-c5536bb7573b-logodef.png","contentUrl":"https:\/\/aivlisoft.net\/shop\/wp-content\/uploads\/2024\/12\/removal.ai_5b848c54-0cdf-4140-95c5-c5536bb7573b-logodef.png","width":484,"height":182,"caption":"Aivlisoft Inform\u00e1tica"},"image":{"@id":"https:\/\/aivlisoft.net\/shop\/#\/schema\/logo\/image\/"}}]}},"_links":{"self":[{"href":"https:\/\/aivlisoft.net\/shop\/wp-json\/wp\/v2\/product\/18512","targetHints":{"allow":["GET"]}}],"collection":[{"href":"https:\/\/aivlisoft.net\/shop\/wp-json\/wp\/v2\/product"}],"about":[{"href":"https:\/\/aivlisoft.net\/shop\/wp-json\/wp\/v2\/types\/product"}],"wp:featuredmedia":[{"embeddable":true,"href":"https:\/\/aivlisoft.net\/shop\/wp-json\/wp\/v2\/media\/18513"}],"wp:attachment":[{"href":"https:\/\/aivlisoft.net\/shop\/wp-json\/wp\/v2\/media?parent=18512"}],"wp:term":[{"taxonomy":"product_brand","embeddable":true,"href":"https:\/\/aivlisoft.net\/shop\/wp-json\/wp\/v2\/product_brand?post=18512"},{"taxonomy":"product_cat","embeddable":true,"href":"https:\/\/aivlisoft.net\/shop\/wp-json\/wp\/v2\/product_cat?post=18512"},{"taxonomy":"product_tag","embeddable":true,"href":"https:\/\/aivlisoft.net\/shop\/wp-json\/wp\/v2\/product_tag?post=18512"}],"curies":[{"name":"wp","href":"https:\/\/api.w.org\/{rel}","templated":true}]}}