{"id":18507,"date":"2025-01-13T15:22:48","date_gmt":"2025-01-13T15:22:48","guid":{"rendered":"https:\/\/aivlisoft.com\/?post_type=product&#038;p=18507"},"modified":"2025-01-14T11:39:46","modified_gmt":"2025-01-14T11:39:46","slug":"synology-ds620slim-nas-6bay-disk-station","status":"publish","type":"product","link":"https:\/\/aivlisoft.net\/shop\/producto\/synology-ds620slim-nas-6bay-disk-station\/","title":{"rendered":"SYNOLOGY DS620slim NAS 6Bay Disk Station"},"content":{"rendered":"<p><\/p>\n<\/p>\n<p><\/p>\n<table class=\"tabla_caracteristicas k-table\" width=\"100%\">\n<tbody>\n<tr>\n<td valign=\"top\"><strong>Marca <\/strong><\/td>\n<td valign=\"top\">Synology<\/td>\n<\/tr>\n<tr>\n<td valign=\"top\"><strong>Modelo <\/strong><\/td>\n<td valign=\"top\"><strong>DS620slim<\/strong><\/td>\n<\/tr>\n<tr>\n<td valign=\"top\"><strong>CPU <\/strong><\/td>\n<td valign=\"top\">&#8211; CPU <strong>Intel Celeron J3355<\/strong> 64-bit<br \/>&#8211; Frecuencia de CPU: Doble n&uacute;cleo hasta 2.5GHz<\/td>\n<\/tr>\n<tr>\n<td valign=\"top\"><strong>Memoria <\/strong><\/td>\n<td valign=\"top\">&#8211; Memoria del sistema: <strong>2GB&nbsp;<\/strong>DDR3L<br \/>&#8211; M&oacute;dulo de memoria preinstalado: 2GB (<strong>2GB x 1<\/strong>)<br \/>&#8211; Ranuras de memoria totales: 2<br \/>&#8211; Memoria ampliable hasta 6GB (2GB + 4GB)<\/td>\n<\/tr>\n<tr>\n<td valign=\"top\"><strong>Almacenamiento <\/strong><\/td>\n<td valign=\"top\">&#8211; Recept&aacute;culos de unidades: <strong>6<\/strong><br \/>&#8211; Tipo de unidad compatible: 2.5&#8243; SATA HDD\/2.5&#8243; SATA SSD<br \/>&#8211; Capacidad interna m&aacute;x:<strong> 30TB<\/strong> (unidad de disco duro de <strong>5TB x 6<\/strong>) (la capacidad puede variar seg&uacute;n el tipo de RAID)<br \/>&#8211; Tama&ntilde;o m&aacute;ximo de volumen individual: 108 TB<br \/>&#8211; Unidad de intercambio en caliente<br \/><strong>Tipos de raid compatible<\/strong><br \/>&#8211; Synology Hybrid RAID<br \/>&#8211; Basic<br \/>&#8211; JBOD<br \/>&#8211; RAID 0<br \/>&#8211; RAID 1<br \/>&#8211; RAID 5<br \/>&#8211; RAID 6<br \/>&#8211; RAID 10<\/td>\n<\/tr>\n<tr>\n<td valign=\"top\"><strong>Conexiones <\/strong><\/td>\n<td valign=\"top\">&#8211; 2 x Puerto RJ45 1GbE LAN (Con soporte de conmutaci&oacute;n por error \/ Ling Aggregation)<br \/>&#8211; 2 x Puerto USB 3.0<\/td>\n<\/tr>\n<tr>\n<td valign=\"top\"><strong>Caracter&iacute;sticas <\/strong><\/td>\n<td valign=\"top\"><strong>Sistema de archivos<\/strong><br \/>&#8211; Unidades internas: <strong>Btrfs, EXT4<\/strong><br \/>&#8211; Unidades externas: <strong>Btrfs, <\/strong><strong>EXT4, EXT3, FAT, NTFS, HFS+<\/strong><br \/><strong>Apariencia<\/strong><br \/>&#8211; Tama&ntilde;o: 121 mm x 151 mm x 175 mm<br \/>&#8211; Peso 1,4 kg<br \/><strong>Certificaci&oacute;n<\/strong><br \/>&#8211; EAC<br \/>&#8211; VCCI<br \/>&#8211; RCM<br \/>&#8211; FCC<br \/>&#8211; CE<br \/>&#8211; BSMI<br \/><strong>Otros<\/strong><br \/>&#8211; Ventilador del sistema: 80 mm x 80 mm x 1 pcs<br \/>&#8211; Modos de velocidad de ventilador: Velocidad completa, fresco, silencioso<br \/>&#8211; F&aacute;cil sustituci&oacute;n de ventilador del sistema<br \/>&#8211; Indicadores LED delanteros con brillo regulable<br \/>&#8211; Recuperaci&oacute;n de energ&iacute;a<br \/>&#8211; Nivel de ruido: 20.5 dB(A)<br \/>&#8211; Encendido y apagado programado<br \/>&#8211; Despertar con LAN\/WAN<br \/>&#8211; Fuente \/ Adaptador de alimentaci&oacute;n: 65W<br \/>&#8211; Voltaje de alimentaci&oacute;n de entrada CA: De 100V a 240V CA<br \/>&#8211; Frecuencia de alimentaci&oacute;n: 50\/60 Hz, Monof&aacute;sico<br \/>&#8211; Consumo de energ&iacute;a: 34.88 W (Acceso)<br \/>&nbsp; 7.59 W (Hibernaci&oacute;n el sistema)<br \/>&#8211; Temperatura operativa: 5&ordm;C a 40&ordm;C<br \/>&#8211; Temperatura de almacenamiento: -20&ordm;C a 60&ordm;C<br \/>&#8211; Humedad relativa: 5% a 95% RH<\/td>\n<\/tr>\n<tr>\n<td valign=\"top\"><strong>Fecha Revisi&oacute;n <\/strong><\/td>\n<td valign=\"top\">06-08-2019 por MRS<\/td>\n<\/tr>\n<\/tbody>\n<\/table>\n","protected":false},"excerpt":{"rendered":"<p>Marca Synology Modelo DS620slim CPU &#8211; CPU Intel Celeron J3355 64-bit&#8211; Frecuencia de CPU: Doble n&uacute;cleo hasta 2.5GHz Memoria &#8211; Memoria del sistema: 2GB&nbsp;DDR3L&#8211; M&oacute;dulo de memoria preinstalado: 2GB (2GB x 1)&#8211; Ranuras de memoria totales: 2&#8211; Memoria ampliable hasta 6GB (2GB + 4GB) Almacenamiento &#8211; Recept&aacute;culos de unidades: 6&#8211; Tipo de unidad compatible: 2.5&#8243;&hellip;&nbsp;<a href=\"https:\/\/aivlisoft.net\/shop\/producto\/synology-ds620slim-nas-6bay-disk-station\/\" rel=\"bookmark\"><span class=\"screen-reader-text\">SYNOLOGY DS620slim NAS 6Bay Disk Station<\/span><\/a><\/p>\n","protected":false},"featured_media":18508,"template":"","meta":{"neve_meta_sidebar":"","neve_meta_container":"","neve_meta_enable_content_width":"","neve_meta_content_width":0,"neve_meta_title_alignment":"","neve_meta_author_avatar":"","neve_post_elements_order":"","neve_meta_disable_header":"","neve_meta_disable_footer":"","neve_meta_disable_title":""},"product_brand":[],"product_cat":[8767],"product_tag":[6746],"class_list":{"0":"post-18507","1":"product","2":"type-product","3":"status-publish","4":"has-post-thumbnail","6":"product_cat-almacenamiento-sobremesa","7":"product_tag-ds620slim","9":"first","10":"instock","11":"taxable","12":"shipping-taxable","13":"purchasable","14":"product-type-simple"},"yoast_head":"<!-- This site is optimized with the Yoast SEO plugin v26.0 - https:\/\/yoast.com\/wordpress\/plugins\/seo\/ -->\n<title>SYNOLOGY DS620slim NAS 6Bay Disk Station - Aivlisoft Inform\u00e1tica<\/title>\n<meta name=\"robots\" content=\"index, follow, max-snippet:-1, max-image-preview:large, max-video-preview:-1\" \/>\n<link rel=\"canonical\" href=\"https:\/\/aivlisoft.net\/shop\/producto\/synology-ds620slim-nas-6bay-disk-station\/\" \/>\n<meta property=\"og:locale\" content=\"es_ES\" \/>\n<meta property=\"og:type\" content=\"article\" \/>\n<meta property=\"og:title\" content=\"SYNOLOGY DS620slim NAS 6Bay Disk Station - Aivlisoft Inform\u00e1tica\" \/>\n<meta property=\"og:description\" content=\"Marca Synology Modelo DS620slim CPU &#8211; CPU Intel Celeron J3355 64-bit&#8211; Frecuencia de CPU: Doble n&uacute;cleo hasta 2.5GHz Memoria &#8211; Memoria del sistema: 2GB&nbsp;DDR3L&#8211; M&oacute;dulo de memoria preinstalado: 2GB (2GB x 1)&#8211; Ranuras de memoria totales: 2&#8211; Memoria ampliable hasta 6GB (2GB + 4GB) Almacenamiento &#8211; Recept&aacute;culos de unidades: 6&#8211; Tipo de unidad compatible: 2.5&#8243;&hellip;&nbsp;SYNOLOGY DS620slim NAS 6Bay Disk Station\" \/>\n<meta property=\"og:url\" content=\"https:\/\/aivlisoft.net\/shop\/producto\/synology-ds620slim-nas-6bay-disk-station\/\" \/>\n<meta property=\"og:site_name\" content=\"Aivlisoft Inform\u00e1tica\" \/>\n<meta property=\"article:modified_time\" content=\"2025-01-14T11:39:46+00:00\" \/>\n<meta property=\"og:image\" content=\"https:\/\/aivlisoft.net\/shop\/wp-content\/uploads\/2025\/01\/NARARS0168_800.jpg\" \/>\n\t<meta property=\"og:image:width\" content=\"800\" \/>\n\t<meta property=\"og:image:height\" content=\"800\" \/>\n\t<meta property=\"og:image:type\" content=\"image\/jpeg\" \/>\n<meta name=\"twitter:card\" content=\"summary_large_image\" \/>\n<meta name=\"twitter:label1\" content=\"Tiempo de lectura\" \/>\n\t<meta name=\"twitter:data1\" content=\"2 minutos\" \/>\n<script type=\"application\/ld+json\" class=\"yoast-schema-graph\">{\"@context\":\"https:\/\/schema.org\",\"@graph\":[{\"@type\":\"WebPage\",\"@id\":\"https:\/\/aivlisoft.net\/shop\/producto\/synology-ds620slim-nas-6bay-disk-station\/\",\"url\":\"https:\/\/aivlisoft.net\/shop\/producto\/synology-ds620slim-nas-6bay-disk-station\/\",\"name\":\"SYNOLOGY DS620slim NAS 6Bay Disk Station - Aivlisoft Inform\u00e1tica\",\"isPartOf\":{\"@id\":\"https:\/\/aivlisoft.net\/shop\/#website\"},\"primaryImageOfPage\":{\"@id\":\"https:\/\/aivlisoft.net\/shop\/producto\/synology-ds620slim-nas-6bay-disk-station\/#primaryimage\"},\"image\":{\"@id\":\"https:\/\/aivlisoft.net\/shop\/producto\/synology-ds620slim-nas-6bay-disk-station\/#primaryimage\"},\"thumbnailUrl\":\"https:\/\/aivlisoft.net\/shop\/wp-content\/uploads\/2025\/01\/NARARS0168_800.jpg\",\"datePublished\":\"2025-01-13T15:22:48+00:00\",\"dateModified\":\"2025-01-14T11:39:46+00:00\",\"breadcrumb\":{\"@id\":\"https:\/\/aivlisoft.net\/shop\/producto\/synology-ds620slim-nas-6bay-disk-station\/#breadcrumb\"},\"inLanguage\":\"es\",\"potentialAction\":[{\"@type\":\"ReadAction\",\"target\":[\"https:\/\/aivlisoft.net\/shop\/producto\/synology-ds620slim-nas-6bay-disk-station\/\"]}]},{\"@type\":\"ImageObject\",\"inLanguage\":\"es\",\"@id\":\"https:\/\/aivlisoft.net\/shop\/producto\/synology-ds620slim-nas-6bay-disk-station\/#primaryimage\",\"url\":\"https:\/\/aivlisoft.net\/shop\/wp-content\/uploads\/2025\/01\/NARARS0168_800.jpg\",\"contentUrl\":\"https:\/\/aivlisoft.net\/shop\/wp-content\/uploads\/2025\/01\/NARARS0168_800.jpg\",\"width\":800,\"height\":800},{\"@type\":\"BreadcrumbList\",\"@id\":\"https:\/\/aivlisoft.net\/shop\/producto\/synology-ds620slim-nas-6bay-disk-station\/#breadcrumb\",\"itemListElement\":[{\"@type\":\"ListItem\",\"position\":1,\"name\":\"Portada\",\"item\":\"https:\/\/aivlisoft.net\/shop\/\"},{\"@type\":\"ListItem\",\"position\":2,\"name\":\"Tienda\",\"item\":\"https:\/\/aivlisoft.net\/shop\/tienda\/\"},{\"@type\":\"ListItem\",\"position\":3,\"name\":\"SYNOLOGY DS620slim NAS 6Bay Disk Station\"}]},{\"@type\":\"WebSite\",\"@id\":\"https:\/\/aivlisoft.net\/shop\/#website\",\"url\":\"https:\/\/aivlisoft.net\/shop\/\",\"name\":\"Aivlisoft Inform\u00e1tica\",\"description\":\"En Aivlisoft Inform\u00e1tica ofrecemos soluciones tecnol\u00f3gicas para empresas: venta de ordenadores, consumibles, perif\u00e9ricos y m\u00e1s. Calidad, atenci\u00f3n personalizada y los mejores precios para tu negocio.\",\"publisher\":{\"@id\":\"https:\/\/aivlisoft.net\/shop\/#organization\"},\"potentialAction\":[{\"@type\":\"SearchAction\",\"target\":{\"@type\":\"EntryPoint\",\"urlTemplate\":\"https:\/\/aivlisoft.net\/shop\/?s={search_term_string}\"},\"query-input\":{\"@type\":\"PropertyValueSpecification\",\"valueRequired\":true,\"valueName\":\"search_term_string\"}}],\"inLanguage\":\"es\"},{\"@type\":\"Organization\",\"@id\":\"https:\/\/aivlisoft.net\/shop\/#organization\",\"name\":\"Aivlisoft Inform\u00e1tica\",\"url\":\"https:\/\/aivlisoft.net\/shop\/\",\"logo\":{\"@type\":\"ImageObject\",\"inLanguage\":\"es\",\"@id\":\"https:\/\/aivlisoft.net\/shop\/#\/schema\/logo\/image\/\",\"url\":\"https:\/\/aivlisoft.net\/shop\/wp-content\/uploads\/2024\/12\/removal.ai_5b848c54-0cdf-4140-95c5-c5536bb7573b-logodef.png\",\"contentUrl\":\"https:\/\/aivlisoft.net\/shop\/wp-content\/uploads\/2024\/12\/removal.ai_5b848c54-0cdf-4140-95c5-c5536bb7573b-logodef.png\",\"width\":484,\"height\":182,\"caption\":\"Aivlisoft Inform\u00e1tica\"},\"image\":{\"@id\":\"https:\/\/aivlisoft.net\/shop\/#\/schema\/logo\/image\/\"}}]}<\/script>\n<!-- \/ Yoast SEO plugin. -->","yoast_head_json":{"title":"SYNOLOGY DS620slim NAS 6Bay Disk Station - Aivlisoft Inform\u00e1tica","robots":{"index":"index","follow":"follow","max-snippet":"max-snippet:-1","max-image-preview":"max-image-preview:large","max-video-preview":"max-video-preview:-1"},"canonical":"https:\/\/aivlisoft.net\/shop\/producto\/synology-ds620slim-nas-6bay-disk-station\/","og_locale":"es_ES","og_type":"article","og_title":"SYNOLOGY DS620slim NAS 6Bay Disk Station - Aivlisoft Inform\u00e1tica","og_description":"Marca Synology Modelo DS620slim CPU &#8211; CPU Intel Celeron J3355 64-bit&#8211; Frecuencia de CPU: Doble n&uacute;cleo hasta 2.5GHz Memoria &#8211; Memoria del sistema: 2GB&nbsp;DDR3L&#8211; M&oacute;dulo de memoria preinstalado: 2GB (2GB x 1)&#8211; Ranuras de memoria totales: 2&#8211; Memoria ampliable hasta 6GB (2GB + 4GB) Almacenamiento &#8211; Recept&aacute;culos de unidades: 6&#8211; Tipo de unidad compatible: 2.5&#8243;&hellip;&nbsp;SYNOLOGY DS620slim NAS 6Bay Disk Station","og_url":"https:\/\/aivlisoft.net\/shop\/producto\/synology-ds620slim-nas-6bay-disk-station\/","og_site_name":"Aivlisoft Inform\u00e1tica","article_modified_time":"2025-01-14T11:39:46+00:00","og_image":[{"width":800,"height":800,"url":"https:\/\/aivlisoft.net\/shop\/wp-content\/uploads\/2025\/01\/NARARS0168_800.jpg","type":"image\/jpeg"}],"twitter_card":"summary_large_image","twitter_misc":{"Tiempo de lectura":"2 minutos"},"schema":{"@context":"https:\/\/schema.org","@graph":[{"@type":"WebPage","@id":"https:\/\/aivlisoft.net\/shop\/producto\/synology-ds620slim-nas-6bay-disk-station\/","url":"https:\/\/aivlisoft.net\/shop\/producto\/synology-ds620slim-nas-6bay-disk-station\/","name":"SYNOLOGY DS620slim NAS 6Bay Disk Station - Aivlisoft Inform\u00e1tica","isPartOf":{"@id":"https:\/\/aivlisoft.net\/shop\/#website"},"primaryImageOfPage":{"@id":"https:\/\/aivlisoft.net\/shop\/producto\/synology-ds620slim-nas-6bay-disk-station\/#primaryimage"},"image":{"@id":"https:\/\/aivlisoft.net\/shop\/producto\/synology-ds620slim-nas-6bay-disk-station\/#primaryimage"},"thumbnailUrl":"https:\/\/aivlisoft.net\/shop\/wp-content\/uploads\/2025\/01\/NARARS0168_800.jpg","datePublished":"2025-01-13T15:22:48+00:00","dateModified":"2025-01-14T11:39:46+00:00","breadcrumb":{"@id":"https:\/\/aivlisoft.net\/shop\/producto\/synology-ds620slim-nas-6bay-disk-station\/#breadcrumb"},"inLanguage":"es","potentialAction":[{"@type":"ReadAction","target":["https:\/\/aivlisoft.net\/shop\/producto\/synology-ds620slim-nas-6bay-disk-station\/"]}]},{"@type":"ImageObject","inLanguage":"es","@id":"https:\/\/aivlisoft.net\/shop\/producto\/synology-ds620slim-nas-6bay-disk-station\/#primaryimage","url":"https:\/\/aivlisoft.net\/shop\/wp-content\/uploads\/2025\/01\/NARARS0168_800.jpg","contentUrl":"https:\/\/aivlisoft.net\/shop\/wp-content\/uploads\/2025\/01\/NARARS0168_800.jpg","width":800,"height":800},{"@type":"BreadcrumbList","@id":"https:\/\/aivlisoft.net\/shop\/producto\/synology-ds620slim-nas-6bay-disk-station\/#breadcrumb","itemListElement":[{"@type":"ListItem","position":1,"name":"Portada","item":"https:\/\/aivlisoft.net\/shop\/"},{"@type":"ListItem","position":2,"name":"Tienda","item":"https:\/\/aivlisoft.net\/shop\/tienda\/"},{"@type":"ListItem","position":3,"name":"SYNOLOGY DS620slim NAS 6Bay Disk Station"}]},{"@type":"WebSite","@id":"https:\/\/aivlisoft.net\/shop\/#website","url":"https:\/\/aivlisoft.net\/shop\/","name":"Aivlisoft Inform\u00e1tica","description":"En Aivlisoft Inform\u00e1tica ofrecemos soluciones tecnol\u00f3gicas para empresas: venta de ordenadores, consumibles, perif\u00e9ricos y m\u00e1s. Calidad, atenci\u00f3n personalizada y los mejores precios para tu negocio.","publisher":{"@id":"https:\/\/aivlisoft.net\/shop\/#organization"},"potentialAction":[{"@type":"SearchAction","target":{"@type":"EntryPoint","urlTemplate":"https:\/\/aivlisoft.net\/shop\/?s={search_term_string}"},"query-input":{"@type":"PropertyValueSpecification","valueRequired":true,"valueName":"search_term_string"}}],"inLanguage":"es"},{"@type":"Organization","@id":"https:\/\/aivlisoft.net\/shop\/#organization","name":"Aivlisoft Inform\u00e1tica","url":"https:\/\/aivlisoft.net\/shop\/","logo":{"@type":"ImageObject","inLanguage":"es","@id":"https:\/\/aivlisoft.net\/shop\/#\/schema\/logo\/image\/","url":"https:\/\/aivlisoft.net\/shop\/wp-content\/uploads\/2024\/12\/removal.ai_5b848c54-0cdf-4140-95c5-c5536bb7573b-logodef.png","contentUrl":"https:\/\/aivlisoft.net\/shop\/wp-content\/uploads\/2024\/12\/removal.ai_5b848c54-0cdf-4140-95c5-c5536bb7573b-logodef.png","width":484,"height":182,"caption":"Aivlisoft Inform\u00e1tica"},"image":{"@id":"https:\/\/aivlisoft.net\/shop\/#\/schema\/logo\/image\/"}}]}},"_links":{"self":[{"href":"https:\/\/aivlisoft.net\/shop\/wp-json\/wp\/v2\/product\/18507","targetHints":{"allow":["GET"]}}],"collection":[{"href":"https:\/\/aivlisoft.net\/shop\/wp-json\/wp\/v2\/product"}],"about":[{"href":"https:\/\/aivlisoft.net\/shop\/wp-json\/wp\/v2\/types\/product"}],"wp:featuredmedia":[{"embeddable":true,"href":"https:\/\/aivlisoft.net\/shop\/wp-json\/wp\/v2\/media\/18508"}],"wp:attachment":[{"href":"https:\/\/aivlisoft.net\/shop\/wp-json\/wp\/v2\/media?parent=18507"}],"wp:term":[{"taxonomy":"product_brand","embeddable":true,"href":"https:\/\/aivlisoft.net\/shop\/wp-json\/wp\/v2\/product_brand?post=18507"},{"taxonomy":"product_cat","embeddable":true,"href":"https:\/\/aivlisoft.net\/shop\/wp-json\/wp\/v2\/product_cat?post=18507"},{"taxonomy":"product_tag","embeddable":true,"href":"https:\/\/aivlisoft.net\/shop\/wp-json\/wp\/v2\/product_tag?post=18507"}],"curies":[{"name":"wp","href":"https:\/\/api.w.org\/{rel}","templated":true}]}}