{"id":18502,"date":"2025-01-13T15:22:45","date_gmt":"2025-01-13T15:22:45","guid":{"rendered":"https:\/\/aivlisoft.com\/?post_type=product&#038;p=18502"},"modified":"2025-01-14T11:39:44","modified_gmt":"2025-01-14T11:39:44","slug":"hpe-tarjeta-10gigabit-ethernet-8x-pci-express-pb","status":"publish","type":"product","link":"https:\/\/aivlisoft.net\/shop\/producto\/hpe-tarjeta-10gigabit-ethernet-8x-pci-express-pb\/","title":{"rendered":"HPE Tarjeta 10Gigabit ethernet 8x pci express pb"},"content":{"rendered":"<div>\n<div>El HP 530SFP+ es un adaptador Ethernet de 10Gb, con doble puerto que cuenta con la soluci&oacute;n BCM57810S de un solo chip de pr&oacute;xima generaci&oacute;n de Broadcom en un formato compatible con PCIe 2.0, dise&ntilde;ado para determinados servidores HP ProLiant Gen8 y Gen7 ML\/DL\/SL. Vali&eacute;ndose de la arquitectura y el software probados en el mercado de Broadcom, el HP 530SFP+ ofrece rendimiento completo a velocidad de l&iacute;nea en todos los puertos, con bajo consumo de energ&iacute;a.<\/div>\n<div>&nbsp;<\/div>\n<div>El HP 530SFP es compatible con funciones de clase empresarial tales como el etiquetado VLAN, la coalescencia adaptativa de interrupciones, MSI-X, uni&oacute;n NIC (vinculaci&oacute;n), escalado de recepci&oacute;n lateral (RSS), marcos &quot;jumbo&quot; o arranque PXE, as&iacute; como funciones de virtualizaci&oacute;n tales como VMware NetQueue y Microsoft VMQ. La compatibilidad con la tecnolog&iacute;a 3D HP Sea of Sensors aumenta el rendimiento del servidor y reduce su consumo y gasto de energ&iacute;a.<\/div>\n<div>&nbsp;<\/div>\n<div><strong>Adaptador de bajo perfil Ethernet de 10 Gb, doble puerto, dise&ntilde;ado para un mayor rendimiento de red.<\/strong><br \/>&#8211; La velocidad de transferencia Ethernet d&uacute;plex completa de 20 Gbps por puerto (40 Gbps total) mejora los tiempos de respuesta y alivia los cuellos de botella en los centros de datos de pr&oacute;xima generaci&oacute;n<br \/>&#8211; Amplias descargas sin estado para optimizar la eficiencia de host y la densidad de las m&aacute;quinas virtuales, quitando la carga de los procesos de red de la CPU del host.<br \/>&#8211; Compatibilidad de virtualizaci&oacute;n con VMware NetQueue y Microsoft VMQ para satisfacer las demandas de rendimiento de cargas de trabajo virtuales consolidadas. Preparado para virtualizaci&oacute;n SR-IOV.<br \/>&#8211; Compatibilidad con MSI\/MSI-X para ofrecer ventajas de rendimiento para servidores de n&uacute;cleo m&uacute;ltiple, balanceando las interrupciones por carga entre las CPU \/ n&uacute;cleos<br \/>&#8211; El motor de descarga TCP\/IP (TOE) libera la CPU del servidor para otras operaciones<\/div>\n<div>&nbsp;<\/div>\n<div>\n<div><strong>Novedades<\/strong><\/div>\n<div>&#8211; Soluci&oacute;n de chip individual que integra PHY y MAC<\/div>\n<div>&#8211; Rendimiento cercano a velocidad de l&iacute;nea bidireccional de hasta 40 Gb\/s<\/div>\n<\/div>\n<\/div>\n<p><\/p>\n<table class=\"tabla_caracteristicas\" width=\"100%\">\n<tbody>\n<tr>\n<td valign=\"top\"><strong>Marca <\/strong><\/td>\n<td valign=\"top\">HP<\/td>\n<\/tr>\n<tr>\n<td valign=\"top\"><strong>Modelo <\/strong><\/td>\n<td valign=\"top\"><strong>652503-B21<\/strong><\/td>\n<\/tr>\n<tr>\n<td valign=\"top\"><strong>Uso <\/strong><\/td>\n<td valign=\"top\">Adaptador Ethernet 10Gbits<\/td>\n<\/tr>\n<tr>\n<td valign=\"top\"><strong>CPU <\/strong><\/td>\n<td valign=\"top\">&#8211; Conjunto de chips Broadcom BCM57810S<\/td>\n<\/tr>\n<tr>\n<td valign=\"top\">\n<div><strong>Velocidad de <\/strong><\/div>\n<div><strong>Datos<\/strong><\/div>\n<\/td>\n<td valign=\"top\">\n<div>&#8211; Dos puertos, cada uno de d&uacute;plex<\/div>\n<div>&nbsp; completo de 20 Gbps<br \/>\t\t\t&#8211; Ancho de banda en teor&iacute;a de d&uacute;plex completo<\/div>\n<div>&nbsp; ampliable de 40 Gbps.<\/div>\n<\/td>\n<\/tr>\n<tr>\n<td valign=\"top\"><strong>Tipo de bus<\/strong><\/td>\n<td valign=\"top\">&#8211; PCI-e 2.0 x8<\/td>\n<\/tr>\n<tr>\n<td valign=\"top\"><strong>Factor de forma<\/strong><\/td>\n<td valign=\"top\">&#8211; Tarjeta PCIe<\/td>\n<\/tr>\n<tr>\n<td valign=\"top\"><strong>Alimentaci&oacute;n<\/strong><\/td>\n<td valign=\"top\">&#8211; 9 W m&aacute;ximo<\/td>\n<\/tr>\n<tr>\n<td valign=\"top\"><strong>Cumplimiento de IEEE<\/strong><\/td>\n<td valign=\"top\">\n<div>&#8211; 802.3, 802.3ae, 802.3 x, 802.2, x, 802.3ad,<\/div>\n<div>&nbsp; 802.1Qaz, 802.1Qau, 802.1Qbb, 802.1Qbg,<\/div>\n<div>&nbsp; 802.1ax<\/div>\n<\/td>\n<\/tr>\n<tr>\n<td valign=\"top\"><strong>Otras Caracter&iacute;sticas <\/strong><\/td>\n<td valign=\"top\">\n<div><strong>Compatible con servidor<\/strong><br \/>\t\t\t&#8211; Servidores ProLiant<br \/>\t\t\t<strong>Sistemas operativos compatibles<\/strong><br \/>\t\t\t&#8211; Microsoft Windows Server 2008, Server 2008R2,<\/div>\n<div>&nbsp; y HPC Server 2008, 32 y 64 bits, Microsoft<\/div>\n<div>&nbsp; Windows Server Hyper-V, Red Hat Enterprise<\/div>\n<div>&nbsp; Linux 5.7 y 6.1, SLES 10 y 11, VMware 4.1u2<\/div>\n<div>&nbsp; y 5.0u1, Solaris 10<br \/>\t\t\t<strong>Diferenciador del producto<\/strong><br \/>\t\t\t&#8211; Adaptador 10Gb Ethernet de puerto doble,<\/div>\n<div>&nbsp; uno solo chip, con descarga TCP\/IP<br \/>\t\t\t<strong>Dimensiones y peso<\/strong><br \/>\t\t\t&#8211; (ancho x fondo x alto): 5,72 x 24,13 x 19,05 cm<br \/>\t\t\t&#8211; Peso: 0,45 kg<\/div>\n<\/td>\n<\/tr>\n<tr>\n<td valign=\"top\"><strong>Fecha Revisi&oacute;n <\/strong><\/td>\n<td valign=\"top\">23-07-2015 por MSB<\/td>\n<\/tr>\n<\/tbody>\n<\/table>\n","protected":false},"excerpt":{"rendered":"<p>El HP 530SFP+ es un adaptador Ethernet de 10Gb, con doble puerto que cuenta con la soluci&oacute;n BCM57810S de un solo chip de pr&oacute;xima generaci&oacute;n de Broadcom en un formato compatible con PCIe 2.0, dise&ntilde;ado para determinados servidores HP ProLiant Gen8 y Gen7 ML\/DL\/SL. Vali&eacute;ndose de la arquitectura y el software probados en el mercado&hellip;&nbsp;<a href=\"https:\/\/aivlisoft.net\/shop\/producto\/hpe-tarjeta-10gigabit-ethernet-8x-pci-express-pb\/\" rel=\"bookmark\"><span class=\"screen-reader-text\">HPE Tarjeta 10Gigabit ethernet 8x pci express pb<\/span><\/a><\/p>\n","protected":false},"featured_media":18503,"template":"","meta":{"neve_meta_sidebar":"","neve_meta_container":"","neve_meta_enable_content_width":"","neve_meta_content_width":0,"neve_meta_title_alignment":"","neve_meta_author_avatar":"","neve_post_elements_order":"","neve_meta_disable_header":"","neve_meta_disable_footer":"","neve_meta_disable_title":""},"product_brand":[],"product_cat":[8767],"product_tag":[6744],"class_list":{"0":"post-18502","1":"product","2":"type-product","3":"status-publish","4":"has-post-thumbnail","6":"product_cat-almacenamiento-sobremesa","7":"product_tag-652503-b21","9":"first","10":"instock","11":"taxable","12":"shipping-taxable","13":"purchasable","14":"product-type-simple"},"yoast_head":"<!-- This site is optimized with the Yoast SEO plugin v26.0 - https:\/\/yoast.com\/wordpress\/plugins\/seo\/ -->\n<title>HPE Tarjeta 10Gigabit ethernet 8x pci express pb - Aivlisoft Inform\u00e1tica<\/title>\n<meta name=\"robots\" content=\"index, follow, max-snippet:-1, max-image-preview:large, max-video-preview:-1\" \/>\n<link rel=\"canonical\" href=\"https:\/\/aivlisoft.net\/shop\/producto\/hpe-tarjeta-10gigabit-ethernet-8x-pci-express-pb\/\" \/>\n<meta property=\"og:locale\" content=\"es_ES\" \/>\n<meta property=\"og:type\" content=\"article\" \/>\n<meta property=\"og:title\" content=\"HPE Tarjeta 10Gigabit ethernet 8x pci express pb - Aivlisoft Inform\u00e1tica\" \/>\n<meta property=\"og:description\" content=\"El HP 530SFP+ es un adaptador Ethernet de 10Gb, con doble puerto que cuenta con la soluci&oacute;n BCM57810S de un solo chip de pr&oacute;xima generaci&oacute;n de Broadcom en un formato compatible con PCIe 2.0, dise&ntilde;ado para determinados servidores HP ProLiant Gen8 y Gen7 ML\/DL\/SL. Vali&eacute;ndose de la arquitectura y el software probados en el mercado&hellip;&nbsp;HPE Tarjeta 10Gigabit ethernet 8x pci express pb\" \/>\n<meta property=\"og:url\" content=\"https:\/\/aivlisoft.net\/shop\/producto\/hpe-tarjeta-10gigabit-ethernet-8x-pci-express-pb\/\" \/>\n<meta property=\"og:site_name\" content=\"Aivlisoft Inform\u00e1tica\" \/>\n<meta property=\"article:modified_time\" content=\"2025-01-14T11:39:44+00:00\" \/>\n<meta property=\"og:image\" content=\"https:\/\/aivlisoft.net\/shop\/wp-content\/uploads\/2025\/01\/NARARS0109_large.jpg\" \/>\n\t<meta property=\"og:image:width\" content=\"400\" \/>\n\t<meta property=\"og:image:height\" content=\"400\" \/>\n\t<meta property=\"og:image:type\" content=\"image\/jpeg\" \/>\n<meta name=\"twitter:card\" content=\"summary_large_image\" \/>\n<meta name=\"twitter:label1\" content=\"Tiempo de lectura\" \/>\n\t<meta name=\"twitter:data1\" content=\"3 minutos\" \/>\n<script type=\"application\/ld+json\" class=\"yoast-schema-graph\">{\"@context\":\"https:\/\/schema.org\",\"@graph\":[{\"@type\":\"WebPage\",\"@id\":\"https:\/\/aivlisoft.net\/shop\/producto\/hpe-tarjeta-10gigabit-ethernet-8x-pci-express-pb\/\",\"url\":\"https:\/\/aivlisoft.net\/shop\/producto\/hpe-tarjeta-10gigabit-ethernet-8x-pci-express-pb\/\",\"name\":\"HPE Tarjeta 10Gigabit ethernet 8x pci express pb - Aivlisoft Inform\u00e1tica\",\"isPartOf\":{\"@id\":\"https:\/\/aivlisoft.net\/shop\/#website\"},\"primaryImageOfPage\":{\"@id\":\"https:\/\/aivlisoft.net\/shop\/producto\/hpe-tarjeta-10gigabit-ethernet-8x-pci-express-pb\/#primaryimage\"},\"image\":{\"@id\":\"https:\/\/aivlisoft.net\/shop\/producto\/hpe-tarjeta-10gigabit-ethernet-8x-pci-express-pb\/#primaryimage\"},\"thumbnailUrl\":\"https:\/\/aivlisoft.net\/shop\/wp-content\/uploads\/2025\/01\/NARARS0109_large.jpg\",\"datePublished\":\"2025-01-13T15:22:45+00:00\",\"dateModified\":\"2025-01-14T11:39:44+00:00\",\"breadcrumb\":{\"@id\":\"https:\/\/aivlisoft.net\/shop\/producto\/hpe-tarjeta-10gigabit-ethernet-8x-pci-express-pb\/#breadcrumb\"},\"inLanguage\":\"es\",\"potentialAction\":[{\"@type\":\"ReadAction\",\"target\":[\"https:\/\/aivlisoft.net\/shop\/producto\/hpe-tarjeta-10gigabit-ethernet-8x-pci-express-pb\/\"]}]},{\"@type\":\"ImageObject\",\"inLanguage\":\"es\",\"@id\":\"https:\/\/aivlisoft.net\/shop\/producto\/hpe-tarjeta-10gigabit-ethernet-8x-pci-express-pb\/#primaryimage\",\"url\":\"https:\/\/aivlisoft.net\/shop\/wp-content\/uploads\/2025\/01\/NARARS0109_large.jpg\",\"contentUrl\":\"https:\/\/aivlisoft.net\/shop\/wp-content\/uploads\/2025\/01\/NARARS0109_large.jpg\",\"width\":400,\"height\":400},{\"@type\":\"BreadcrumbList\",\"@id\":\"https:\/\/aivlisoft.net\/shop\/producto\/hpe-tarjeta-10gigabit-ethernet-8x-pci-express-pb\/#breadcrumb\",\"itemListElement\":[{\"@type\":\"ListItem\",\"position\":1,\"name\":\"Portada\",\"item\":\"https:\/\/aivlisoft.net\/shop\/\"},{\"@type\":\"ListItem\",\"position\":2,\"name\":\"Tienda\",\"item\":\"https:\/\/aivlisoft.net\/shop\/tienda\/\"},{\"@type\":\"ListItem\",\"position\":3,\"name\":\"HPE Tarjeta 10Gigabit ethernet 8x pci express pb\"}]},{\"@type\":\"WebSite\",\"@id\":\"https:\/\/aivlisoft.net\/shop\/#website\",\"url\":\"https:\/\/aivlisoft.net\/shop\/\",\"name\":\"Aivlisoft Inform\u00e1tica\",\"description\":\"En Aivlisoft Inform\u00e1tica ofrecemos soluciones tecnol\u00f3gicas para empresas: venta de ordenadores, consumibles, perif\u00e9ricos y m\u00e1s. Calidad, atenci\u00f3n personalizada y los mejores precios para tu negocio.\",\"publisher\":{\"@id\":\"https:\/\/aivlisoft.net\/shop\/#organization\"},\"potentialAction\":[{\"@type\":\"SearchAction\",\"target\":{\"@type\":\"EntryPoint\",\"urlTemplate\":\"https:\/\/aivlisoft.net\/shop\/?s={search_term_string}\"},\"query-input\":{\"@type\":\"PropertyValueSpecification\",\"valueRequired\":true,\"valueName\":\"search_term_string\"}}],\"inLanguage\":\"es\"},{\"@type\":\"Organization\",\"@id\":\"https:\/\/aivlisoft.net\/shop\/#organization\",\"name\":\"Aivlisoft Inform\u00e1tica\",\"url\":\"https:\/\/aivlisoft.net\/shop\/\",\"logo\":{\"@type\":\"ImageObject\",\"inLanguage\":\"es\",\"@id\":\"https:\/\/aivlisoft.net\/shop\/#\/schema\/logo\/image\/\",\"url\":\"https:\/\/aivlisoft.net\/shop\/wp-content\/uploads\/2024\/12\/removal.ai_5b848c54-0cdf-4140-95c5-c5536bb7573b-logodef.png\",\"contentUrl\":\"https:\/\/aivlisoft.net\/shop\/wp-content\/uploads\/2024\/12\/removal.ai_5b848c54-0cdf-4140-95c5-c5536bb7573b-logodef.png\",\"width\":484,\"height\":182,\"caption\":\"Aivlisoft Inform\u00e1tica\"},\"image\":{\"@id\":\"https:\/\/aivlisoft.net\/shop\/#\/schema\/logo\/image\/\"}}]}<\/script>\n<!-- \/ Yoast SEO plugin. -->","yoast_head_json":{"title":"HPE Tarjeta 10Gigabit ethernet 8x pci express pb - Aivlisoft Inform\u00e1tica","robots":{"index":"index","follow":"follow","max-snippet":"max-snippet:-1","max-image-preview":"max-image-preview:large","max-video-preview":"max-video-preview:-1"},"canonical":"https:\/\/aivlisoft.net\/shop\/producto\/hpe-tarjeta-10gigabit-ethernet-8x-pci-express-pb\/","og_locale":"es_ES","og_type":"article","og_title":"HPE Tarjeta 10Gigabit ethernet 8x pci express pb - Aivlisoft Inform\u00e1tica","og_description":"El HP 530SFP+ es un adaptador Ethernet de 10Gb, con doble puerto que cuenta con la soluci&oacute;n BCM57810S de un solo chip de pr&oacute;xima generaci&oacute;n de Broadcom en un formato compatible con PCIe 2.0, dise&ntilde;ado para determinados servidores HP ProLiant Gen8 y Gen7 ML\/DL\/SL. Vali&eacute;ndose de la arquitectura y el software probados en el mercado&hellip;&nbsp;HPE Tarjeta 10Gigabit ethernet 8x pci express pb","og_url":"https:\/\/aivlisoft.net\/shop\/producto\/hpe-tarjeta-10gigabit-ethernet-8x-pci-express-pb\/","og_site_name":"Aivlisoft Inform\u00e1tica","article_modified_time":"2025-01-14T11:39:44+00:00","og_image":[{"width":400,"height":400,"url":"https:\/\/aivlisoft.net\/shop\/wp-content\/uploads\/2025\/01\/NARARS0109_large.jpg","type":"image\/jpeg"}],"twitter_card":"summary_large_image","twitter_misc":{"Tiempo de lectura":"3 minutos"},"schema":{"@context":"https:\/\/schema.org","@graph":[{"@type":"WebPage","@id":"https:\/\/aivlisoft.net\/shop\/producto\/hpe-tarjeta-10gigabit-ethernet-8x-pci-express-pb\/","url":"https:\/\/aivlisoft.net\/shop\/producto\/hpe-tarjeta-10gigabit-ethernet-8x-pci-express-pb\/","name":"HPE Tarjeta 10Gigabit ethernet 8x pci express pb - Aivlisoft Inform\u00e1tica","isPartOf":{"@id":"https:\/\/aivlisoft.net\/shop\/#website"},"primaryImageOfPage":{"@id":"https:\/\/aivlisoft.net\/shop\/producto\/hpe-tarjeta-10gigabit-ethernet-8x-pci-express-pb\/#primaryimage"},"image":{"@id":"https:\/\/aivlisoft.net\/shop\/producto\/hpe-tarjeta-10gigabit-ethernet-8x-pci-express-pb\/#primaryimage"},"thumbnailUrl":"https:\/\/aivlisoft.net\/shop\/wp-content\/uploads\/2025\/01\/NARARS0109_large.jpg","datePublished":"2025-01-13T15:22:45+00:00","dateModified":"2025-01-14T11:39:44+00:00","breadcrumb":{"@id":"https:\/\/aivlisoft.net\/shop\/producto\/hpe-tarjeta-10gigabit-ethernet-8x-pci-express-pb\/#breadcrumb"},"inLanguage":"es","potentialAction":[{"@type":"ReadAction","target":["https:\/\/aivlisoft.net\/shop\/producto\/hpe-tarjeta-10gigabit-ethernet-8x-pci-express-pb\/"]}]},{"@type":"ImageObject","inLanguage":"es","@id":"https:\/\/aivlisoft.net\/shop\/producto\/hpe-tarjeta-10gigabit-ethernet-8x-pci-express-pb\/#primaryimage","url":"https:\/\/aivlisoft.net\/shop\/wp-content\/uploads\/2025\/01\/NARARS0109_large.jpg","contentUrl":"https:\/\/aivlisoft.net\/shop\/wp-content\/uploads\/2025\/01\/NARARS0109_large.jpg","width":400,"height":400},{"@type":"BreadcrumbList","@id":"https:\/\/aivlisoft.net\/shop\/producto\/hpe-tarjeta-10gigabit-ethernet-8x-pci-express-pb\/#breadcrumb","itemListElement":[{"@type":"ListItem","position":1,"name":"Portada","item":"https:\/\/aivlisoft.net\/shop\/"},{"@type":"ListItem","position":2,"name":"Tienda","item":"https:\/\/aivlisoft.net\/shop\/tienda\/"},{"@type":"ListItem","position":3,"name":"HPE Tarjeta 10Gigabit ethernet 8x pci express pb"}]},{"@type":"WebSite","@id":"https:\/\/aivlisoft.net\/shop\/#website","url":"https:\/\/aivlisoft.net\/shop\/","name":"Aivlisoft Inform\u00e1tica","description":"En Aivlisoft Inform\u00e1tica ofrecemos soluciones tecnol\u00f3gicas para empresas: venta de ordenadores, consumibles, perif\u00e9ricos y m\u00e1s. Calidad, atenci\u00f3n personalizada y los mejores precios para tu negocio.","publisher":{"@id":"https:\/\/aivlisoft.net\/shop\/#organization"},"potentialAction":[{"@type":"SearchAction","target":{"@type":"EntryPoint","urlTemplate":"https:\/\/aivlisoft.net\/shop\/?s={search_term_string}"},"query-input":{"@type":"PropertyValueSpecification","valueRequired":true,"valueName":"search_term_string"}}],"inLanguage":"es"},{"@type":"Organization","@id":"https:\/\/aivlisoft.net\/shop\/#organization","name":"Aivlisoft Inform\u00e1tica","url":"https:\/\/aivlisoft.net\/shop\/","logo":{"@type":"ImageObject","inLanguage":"es","@id":"https:\/\/aivlisoft.net\/shop\/#\/schema\/logo\/image\/","url":"https:\/\/aivlisoft.net\/shop\/wp-content\/uploads\/2024\/12\/removal.ai_5b848c54-0cdf-4140-95c5-c5536bb7573b-logodef.png","contentUrl":"https:\/\/aivlisoft.net\/shop\/wp-content\/uploads\/2024\/12\/removal.ai_5b848c54-0cdf-4140-95c5-c5536bb7573b-logodef.png","width":484,"height":182,"caption":"Aivlisoft Inform\u00e1tica"},"image":{"@id":"https:\/\/aivlisoft.net\/shop\/#\/schema\/logo\/image\/"}}]}},"_links":{"self":[{"href":"https:\/\/aivlisoft.net\/shop\/wp-json\/wp\/v2\/product\/18502","targetHints":{"allow":["GET"]}}],"collection":[{"href":"https:\/\/aivlisoft.net\/shop\/wp-json\/wp\/v2\/product"}],"about":[{"href":"https:\/\/aivlisoft.net\/shop\/wp-json\/wp\/v2\/types\/product"}],"wp:featuredmedia":[{"embeddable":true,"href":"https:\/\/aivlisoft.net\/shop\/wp-json\/wp\/v2\/media\/18503"}],"wp:attachment":[{"href":"https:\/\/aivlisoft.net\/shop\/wp-json\/wp\/v2\/media?parent=18502"}],"wp:term":[{"taxonomy":"product_brand","embeddable":true,"href":"https:\/\/aivlisoft.net\/shop\/wp-json\/wp\/v2\/product_brand?post=18502"},{"taxonomy":"product_cat","embeddable":true,"href":"https:\/\/aivlisoft.net\/shop\/wp-json\/wp\/v2\/product_cat?post=18502"},{"taxonomy":"product_tag","embeddable":true,"href":"https:\/\/aivlisoft.net\/shop\/wp-json\/wp\/v2\/product_tag?post=18502"}],"curies":[{"name":"wp","href":"https:\/\/api.w.org\/{rel}","templated":true}]}}