{"id":18466,"date":"2025-01-13T15:22:25","date_gmt":"2025-01-13T15:22:25","guid":{"rendered":"https:\/\/aivlisoft.com\/?post_type=product&#038;p=18466"},"modified":"2025-01-14T11:39:33","modified_gmt":"2025-01-14T11:39:33","slug":"qnap-tr-004u-raid-expansion-4xhdd-bay-1u","status":"publish","type":"product","link":"https:\/\/aivlisoft.net\/shop\/producto\/qnap-tr-004u-raid-expansion-4xhdd-bay-1u\/","title":{"rendered":"QNAP TR-004U Raid Expansion 4XHDD-Bay 1U"},"content":{"rendered":"<p><\/p>\n<table class=\"tabla_caracteristicas k-table\" width=\"100%\">\n<tr>\n<td valign=\"top\"><strong>Marca <\/strong><\/td>\n<td valign=\"top\">QNAP<\/td>\n<\/tr>\n<tr>\n<td valign=\"top\"><strong>Modelo <\/strong><\/td>\n<td valign=\"top\"><strong>TR-004U<\/strong><\/td>\n<\/tr>\n<tr>\n<td valign=\"top\"><strong>CPU <\/strong><\/td>\n<td valign=\"top\">&#8211; Microprocesador con hardware RAID<\/td>\n<\/tr>\n<tr>\n<td valign=\"top\"><strong>Almacenamiento <\/strong><\/td>\n<td valign=\"top\">\n<div>&#8211; Bah&iacute;a para unidades: 4 unidades SATA de 3,5&#8243; a 6Gb\/s, 3Gb\/s<br \/>\t\t\t&#8211; Compatibilidad de unidades:<br \/>\t\t\t&nbsp; Unidades de disco duro SATA de 3,5&#8243;<br \/>\t\t\t&nbsp; Unidades de disco duro SATA de 2,5&#8243;<br \/>\t\t\t&nbsp; Unidades de estado s&oacute;lido SATA de 2,5&#8243;<br \/>\t\t\t&#8211; Intercambiable en caliente<br \/>\t\t\t<strong>Sistema de archivos<\/strong><br \/>\t\t\t&#8211; Unidades internas: <strong>EXT4<\/strong><br \/>\t\t\t&#8211; Unidades externas: <strong>EXT3, EXT4, NTFS, FAT32, HFS+, <\/strong>y<strong> exFAT<\/strong> (optional for ARM model)<br \/>\t\t\t<strong>Modos de sistema<\/strong><br \/>\t\t\t&#8211; Individual, JBOD, RAID de hardware 0\/1\/5\/10, CTRL de software<br \/>\t\t\t&nbsp; (el modo de control de software se utiliza con QNAP NAS y la utilidad Windows \/ macOS)<\/div>\n<\/td>\n<\/tr>\n<tr>\n<td valign=\"top\"><strong>Conexiones <\/strong><\/td>\n<td valign=\"top\">&#8211; 1 x Puerto USB 3.2 Gen 1 Tipo-C<\/td>\n<\/tr>\n<tr>\n<td valign=\"top\"><strong>Caracter&iacute;sticas <\/strong><\/td>\n<td valign=\"top\"><strong>F&iacute;sicas<\/strong><br \/>\t\t\t&#8211; Temperatura operativa: 0 &#8211; 40 &deg;C<br \/>\t\t\t&#8211; Temperatura de almacenamiento: -20 &#8211; 70&deg;C<br \/>\t\t\t&#8211; Humedad relativa: 5 ~ 95 % de humedad relativa sin condensaci&oacute;n, bulbo h&uacute;medo: 27 &ordm;C<br \/>\t\t\t&#8211; Unidad de alimentaci&oacute;n el&eacute;ctrica: Adaptador de alimentaci&oacute;n externo, 100W, 100-240 V<br \/>\t\t\t&#8211; Consumo de energ&iacute;a: Modo suspensi&oacute;n de disco duro:: 4,79 W<br \/>\t\t\t&#8211; Consumo de energ&iacute;a: Modo de funcionamiento, t&iacute;pico: 18,9 W<br \/>\t\t\t&#8211; Probado con unidades totalmente llenas.<br \/>\t\t\t&#8211; Ventilador: 2 x 40mm, 12VDC<br \/>\t\t\t&#8211; Advertencia del sistema: Timbre<br \/>\t\t\t&#8211; Ranura de seguridad Kensington<br \/>\t\t\t<strong>Dimensiones y peso<br \/>\t\t\t&#8211;<\/strong> 44 &times; 439 &times; 291 mm<br \/>\t\t\t&#8211; 4,77 kg<\/td>\n<\/tr>\n<tr>\n<td valign=\"top\"><strong>Fecha Revisi&oacute;n <\/strong><\/td>\n<td valign=\"top\">10-09-2024 por RTY<\/td>\n<\/tr>\n<\/table>\n","protected":false},"excerpt":{"rendered":"<p>Marca QNAP Modelo TR-004U CPU &#8211; Microprocesador con hardware RAID Almacenamiento &#8211; Bah&iacute;a para unidades: 4 unidades SATA de 3,5&#8243; a 6Gb\/s, 3Gb\/s &#8211; Compatibilidad de unidades: &nbsp; Unidades de disco duro SATA de 3,5&#8243; &nbsp; Unidades de disco duro SATA de 2,5&#8243; &nbsp; Unidades de estado s&oacute;lido SATA de 2,5&#8243; &#8211; Intercambiable en caliente&hellip;&nbsp;<a href=\"https:\/\/aivlisoft.net\/shop\/producto\/qnap-tr-004u-raid-expansion-4xhdd-bay-1u\/\" rel=\"bookmark\"><span class=\"screen-reader-text\">QNAP TR-004U Raid Expansion 4XHDD-Bay 1U<\/span><\/a><\/p>\n","protected":false},"featured_media":18467,"template":"","meta":{"neve_meta_sidebar":"","neve_meta_container":"","neve_meta_enable_content_width":"","neve_meta_content_width":0,"neve_meta_title_alignment":"","neve_meta_author_avatar":"","neve_post_elements_order":"","neve_meta_disable_header":"","neve_meta_disable_footer":"","neve_meta_disable_title":""},"product_brand":[],"product_cat":[8765],"product_tag":[6735],"class_list":{"0":"post-18466","1":"product","2":"type-product","3":"status-publish","4":"has-post-thumbnail","6":"product_cat-almacenamiento-armario","7":"product_tag-tr-004u","9":"first","10":"instock","11":"taxable","12":"shipping-taxable","13":"purchasable","14":"product-type-simple"},"yoast_head":"<!-- This site is optimized with the Yoast SEO plugin v26.0 - https:\/\/yoast.com\/wordpress\/plugins\/seo\/ -->\n<title>QNAP TR-004U Raid Expansion 4XHDD-Bay 1U - Aivlisoft Inform\u00e1tica<\/title>\n<meta name=\"robots\" content=\"index, follow, max-snippet:-1, max-image-preview:large, max-video-preview:-1\" \/>\n<link rel=\"canonical\" href=\"https:\/\/aivlisoft.net\/shop\/producto\/qnap-tr-004u-raid-expansion-4xhdd-bay-1u\/\" \/>\n<meta property=\"og:locale\" content=\"es_ES\" \/>\n<meta property=\"og:type\" content=\"article\" \/>\n<meta property=\"og:title\" content=\"QNAP TR-004U Raid Expansion 4XHDD-Bay 1U - Aivlisoft Inform\u00e1tica\" \/>\n<meta property=\"og:description\" content=\"Marca QNAP Modelo TR-004U CPU &#8211; Microprocesador con hardware RAID Almacenamiento &#8211; Bah&iacute;a para unidades: 4 unidades SATA de 3,5&#8243; a 6Gb\/s, 3Gb\/s &#8211; Compatibilidad de unidades: &nbsp; Unidades de disco duro SATA de 3,5&#8243; &nbsp; Unidades de disco duro SATA de 2,5&#8243; &nbsp; Unidades de estado s&oacute;lido SATA de 2,5&#8243; &#8211; Intercambiable en caliente&hellip;&nbsp;QNAP TR-004U Raid Expansion 4XHDD-Bay 1U\" \/>\n<meta property=\"og:url\" content=\"https:\/\/aivlisoft.net\/shop\/producto\/qnap-tr-004u-raid-expansion-4xhdd-bay-1u\/\" \/>\n<meta property=\"og:site_name\" content=\"Aivlisoft Inform\u00e1tica\" \/>\n<meta property=\"article:modified_time\" content=\"2025-01-14T11:39:33+00:00\" \/>\n<meta property=\"og:image\" content=\"https:\/\/aivlisoft.net\/shop\/wp-content\/uploads\/2025\/01\/NARARA0100_800.jpg\" \/>\n\t<meta property=\"og:image:width\" content=\"800\" \/>\n\t<meta property=\"og:image:height\" content=\"800\" \/>\n\t<meta property=\"og:image:type\" content=\"image\/jpeg\" \/>\n<meta name=\"twitter:card\" content=\"summary_large_image\" \/>\n<meta name=\"twitter:label1\" content=\"Tiempo de lectura\" \/>\n\t<meta name=\"twitter:data1\" content=\"1 minuto\" \/>\n<script type=\"application\/ld+json\" class=\"yoast-schema-graph\">{\"@context\":\"https:\/\/schema.org\",\"@graph\":[{\"@type\":\"WebPage\",\"@id\":\"https:\/\/aivlisoft.net\/shop\/producto\/qnap-tr-004u-raid-expansion-4xhdd-bay-1u\/\",\"url\":\"https:\/\/aivlisoft.net\/shop\/producto\/qnap-tr-004u-raid-expansion-4xhdd-bay-1u\/\",\"name\":\"QNAP TR-004U Raid Expansion 4XHDD-Bay 1U - Aivlisoft Inform\u00e1tica\",\"isPartOf\":{\"@id\":\"https:\/\/aivlisoft.net\/shop\/#website\"},\"primaryImageOfPage\":{\"@id\":\"https:\/\/aivlisoft.net\/shop\/producto\/qnap-tr-004u-raid-expansion-4xhdd-bay-1u\/#primaryimage\"},\"image\":{\"@id\":\"https:\/\/aivlisoft.net\/shop\/producto\/qnap-tr-004u-raid-expansion-4xhdd-bay-1u\/#primaryimage\"},\"thumbnailUrl\":\"https:\/\/aivlisoft.net\/shop\/wp-content\/uploads\/2025\/01\/NARARA0100_800.jpg\",\"datePublished\":\"2025-01-13T15:22:25+00:00\",\"dateModified\":\"2025-01-14T11:39:33+00:00\",\"breadcrumb\":{\"@id\":\"https:\/\/aivlisoft.net\/shop\/producto\/qnap-tr-004u-raid-expansion-4xhdd-bay-1u\/#breadcrumb\"},\"inLanguage\":\"es\",\"potentialAction\":[{\"@type\":\"ReadAction\",\"target\":[\"https:\/\/aivlisoft.net\/shop\/producto\/qnap-tr-004u-raid-expansion-4xhdd-bay-1u\/\"]}]},{\"@type\":\"ImageObject\",\"inLanguage\":\"es\",\"@id\":\"https:\/\/aivlisoft.net\/shop\/producto\/qnap-tr-004u-raid-expansion-4xhdd-bay-1u\/#primaryimage\",\"url\":\"https:\/\/aivlisoft.net\/shop\/wp-content\/uploads\/2025\/01\/NARARA0100_800.jpg\",\"contentUrl\":\"https:\/\/aivlisoft.net\/shop\/wp-content\/uploads\/2025\/01\/NARARA0100_800.jpg\",\"width\":800,\"height\":800},{\"@type\":\"BreadcrumbList\",\"@id\":\"https:\/\/aivlisoft.net\/shop\/producto\/qnap-tr-004u-raid-expansion-4xhdd-bay-1u\/#breadcrumb\",\"itemListElement\":[{\"@type\":\"ListItem\",\"position\":1,\"name\":\"Portada\",\"item\":\"https:\/\/aivlisoft.net\/shop\/\"},{\"@type\":\"ListItem\",\"position\":2,\"name\":\"Tienda\",\"item\":\"https:\/\/aivlisoft.net\/shop\/tienda\/\"},{\"@type\":\"ListItem\",\"position\":3,\"name\":\"QNAP TR-004U Raid Expansion 4XHDD-Bay 1U\"}]},{\"@type\":\"WebSite\",\"@id\":\"https:\/\/aivlisoft.net\/shop\/#website\",\"url\":\"https:\/\/aivlisoft.net\/shop\/\",\"name\":\"Aivlisoft Inform\u00e1tica\",\"description\":\"En Aivlisoft Inform\u00e1tica ofrecemos soluciones tecnol\u00f3gicas para empresas: venta de ordenadores, consumibles, perif\u00e9ricos y m\u00e1s. Calidad, atenci\u00f3n personalizada y los mejores precios para tu negocio.\",\"publisher\":{\"@id\":\"https:\/\/aivlisoft.net\/shop\/#organization\"},\"potentialAction\":[{\"@type\":\"SearchAction\",\"target\":{\"@type\":\"EntryPoint\",\"urlTemplate\":\"https:\/\/aivlisoft.net\/shop\/?s={search_term_string}\"},\"query-input\":{\"@type\":\"PropertyValueSpecification\",\"valueRequired\":true,\"valueName\":\"search_term_string\"}}],\"inLanguage\":\"es\"},{\"@type\":\"Organization\",\"@id\":\"https:\/\/aivlisoft.net\/shop\/#organization\",\"name\":\"Aivlisoft Inform\u00e1tica\",\"url\":\"https:\/\/aivlisoft.net\/shop\/\",\"logo\":{\"@type\":\"ImageObject\",\"inLanguage\":\"es\",\"@id\":\"https:\/\/aivlisoft.net\/shop\/#\/schema\/logo\/image\/\",\"url\":\"https:\/\/aivlisoft.net\/shop\/wp-content\/uploads\/2024\/12\/removal.ai_5b848c54-0cdf-4140-95c5-c5536bb7573b-logodef.png\",\"contentUrl\":\"https:\/\/aivlisoft.net\/shop\/wp-content\/uploads\/2024\/12\/removal.ai_5b848c54-0cdf-4140-95c5-c5536bb7573b-logodef.png\",\"width\":484,\"height\":182,\"caption\":\"Aivlisoft Inform\u00e1tica\"},\"image\":{\"@id\":\"https:\/\/aivlisoft.net\/shop\/#\/schema\/logo\/image\/\"}}]}<\/script>\n<!-- \/ Yoast SEO plugin. -->","yoast_head_json":{"title":"QNAP TR-004U Raid Expansion 4XHDD-Bay 1U - Aivlisoft Inform\u00e1tica","robots":{"index":"index","follow":"follow","max-snippet":"max-snippet:-1","max-image-preview":"max-image-preview:large","max-video-preview":"max-video-preview:-1"},"canonical":"https:\/\/aivlisoft.net\/shop\/producto\/qnap-tr-004u-raid-expansion-4xhdd-bay-1u\/","og_locale":"es_ES","og_type":"article","og_title":"QNAP TR-004U Raid Expansion 4XHDD-Bay 1U - Aivlisoft Inform\u00e1tica","og_description":"Marca QNAP Modelo TR-004U CPU &#8211; Microprocesador con hardware RAID Almacenamiento &#8211; Bah&iacute;a para unidades: 4 unidades SATA de 3,5&#8243; a 6Gb\/s, 3Gb\/s &#8211; Compatibilidad de unidades: &nbsp; Unidades de disco duro SATA de 3,5&#8243; &nbsp; Unidades de disco duro SATA de 2,5&#8243; &nbsp; Unidades de estado s&oacute;lido SATA de 2,5&#8243; &#8211; Intercambiable en caliente&hellip;&nbsp;QNAP TR-004U Raid Expansion 4XHDD-Bay 1U","og_url":"https:\/\/aivlisoft.net\/shop\/producto\/qnap-tr-004u-raid-expansion-4xhdd-bay-1u\/","og_site_name":"Aivlisoft Inform\u00e1tica","article_modified_time":"2025-01-14T11:39:33+00:00","og_image":[{"width":800,"height":800,"url":"https:\/\/aivlisoft.net\/shop\/wp-content\/uploads\/2025\/01\/NARARA0100_800.jpg","type":"image\/jpeg"}],"twitter_card":"summary_large_image","twitter_misc":{"Tiempo de lectura":"1 minuto"},"schema":{"@context":"https:\/\/schema.org","@graph":[{"@type":"WebPage","@id":"https:\/\/aivlisoft.net\/shop\/producto\/qnap-tr-004u-raid-expansion-4xhdd-bay-1u\/","url":"https:\/\/aivlisoft.net\/shop\/producto\/qnap-tr-004u-raid-expansion-4xhdd-bay-1u\/","name":"QNAP TR-004U Raid Expansion 4XHDD-Bay 1U - Aivlisoft Inform\u00e1tica","isPartOf":{"@id":"https:\/\/aivlisoft.net\/shop\/#website"},"primaryImageOfPage":{"@id":"https:\/\/aivlisoft.net\/shop\/producto\/qnap-tr-004u-raid-expansion-4xhdd-bay-1u\/#primaryimage"},"image":{"@id":"https:\/\/aivlisoft.net\/shop\/producto\/qnap-tr-004u-raid-expansion-4xhdd-bay-1u\/#primaryimage"},"thumbnailUrl":"https:\/\/aivlisoft.net\/shop\/wp-content\/uploads\/2025\/01\/NARARA0100_800.jpg","datePublished":"2025-01-13T15:22:25+00:00","dateModified":"2025-01-14T11:39:33+00:00","breadcrumb":{"@id":"https:\/\/aivlisoft.net\/shop\/producto\/qnap-tr-004u-raid-expansion-4xhdd-bay-1u\/#breadcrumb"},"inLanguage":"es","potentialAction":[{"@type":"ReadAction","target":["https:\/\/aivlisoft.net\/shop\/producto\/qnap-tr-004u-raid-expansion-4xhdd-bay-1u\/"]}]},{"@type":"ImageObject","inLanguage":"es","@id":"https:\/\/aivlisoft.net\/shop\/producto\/qnap-tr-004u-raid-expansion-4xhdd-bay-1u\/#primaryimage","url":"https:\/\/aivlisoft.net\/shop\/wp-content\/uploads\/2025\/01\/NARARA0100_800.jpg","contentUrl":"https:\/\/aivlisoft.net\/shop\/wp-content\/uploads\/2025\/01\/NARARA0100_800.jpg","width":800,"height":800},{"@type":"BreadcrumbList","@id":"https:\/\/aivlisoft.net\/shop\/producto\/qnap-tr-004u-raid-expansion-4xhdd-bay-1u\/#breadcrumb","itemListElement":[{"@type":"ListItem","position":1,"name":"Portada","item":"https:\/\/aivlisoft.net\/shop\/"},{"@type":"ListItem","position":2,"name":"Tienda","item":"https:\/\/aivlisoft.net\/shop\/tienda\/"},{"@type":"ListItem","position":3,"name":"QNAP TR-004U Raid Expansion 4XHDD-Bay 1U"}]},{"@type":"WebSite","@id":"https:\/\/aivlisoft.net\/shop\/#website","url":"https:\/\/aivlisoft.net\/shop\/","name":"Aivlisoft Inform\u00e1tica","description":"En Aivlisoft Inform\u00e1tica ofrecemos soluciones tecnol\u00f3gicas para empresas: venta de ordenadores, consumibles, perif\u00e9ricos y m\u00e1s. Calidad, atenci\u00f3n personalizada y los mejores precios para tu negocio.","publisher":{"@id":"https:\/\/aivlisoft.net\/shop\/#organization"},"potentialAction":[{"@type":"SearchAction","target":{"@type":"EntryPoint","urlTemplate":"https:\/\/aivlisoft.net\/shop\/?s={search_term_string}"},"query-input":{"@type":"PropertyValueSpecification","valueRequired":true,"valueName":"search_term_string"}}],"inLanguage":"es"},{"@type":"Organization","@id":"https:\/\/aivlisoft.net\/shop\/#organization","name":"Aivlisoft Inform\u00e1tica","url":"https:\/\/aivlisoft.net\/shop\/","logo":{"@type":"ImageObject","inLanguage":"es","@id":"https:\/\/aivlisoft.net\/shop\/#\/schema\/logo\/image\/","url":"https:\/\/aivlisoft.net\/shop\/wp-content\/uploads\/2024\/12\/removal.ai_5b848c54-0cdf-4140-95c5-c5536bb7573b-logodef.png","contentUrl":"https:\/\/aivlisoft.net\/shop\/wp-content\/uploads\/2024\/12\/removal.ai_5b848c54-0cdf-4140-95c5-c5536bb7573b-logodef.png","width":484,"height":182,"caption":"Aivlisoft Inform\u00e1tica"},"image":{"@id":"https:\/\/aivlisoft.net\/shop\/#\/schema\/logo\/image\/"}}]}},"_links":{"self":[{"href":"https:\/\/aivlisoft.net\/shop\/wp-json\/wp\/v2\/product\/18466","targetHints":{"allow":["GET"]}}],"collection":[{"href":"https:\/\/aivlisoft.net\/shop\/wp-json\/wp\/v2\/product"}],"about":[{"href":"https:\/\/aivlisoft.net\/shop\/wp-json\/wp\/v2\/types\/product"}],"wp:featuredmedia":[{"embeddable":true,"href":"https:\/\/aivlisoft.net\/shop\/wp-json\/wp\/v2\/media\/18467"}],"wp:attachment":[{"href":"https:\/\/aivlisoft.net\/shop\/wp-json\/wp\/v2\/media?parent=18466"}],"wp:term":[{"taxonomy":"product_brand","embeddable":true,"href":"https:\/\/aivlisoft.net\/shop\/wp-json\/wp\/v2\/product_brand?post=18466"},{"taxonomy":"product_cat","embeddable":true,"href":"https:\/\/aivlisoft.net\/shop\/wp-json\/wp\/v2\/product_cat?post=18466"},{"taxonomy":"product_tag","embeddable":true,"href":"https:\/\/aivlisoft.net\/shop\/wp-json\/wp\/v2\/product_tag?post=18466"}],"curies":[{"name":"wp","href":"https:\/\/api.w.org\/{rel}","templated":true}]}}