{"id":18461,"date":"2025-01-13T15:22:23","date_gmt":"2025-01-13T15:22:23","guid":{"rendered":"https:\/\/aivlisoft.com\/?post_type=product&#038;p=18461"},"modified":"2025-01-14T11:39:32","modified_gmt":"2025-01-14T11:39:32","slug":"qnap-ts-431xeu-8g-nas-4xhdd-bay-1x10gbe-sfp-1u","status":"publish","type":"product","link":"https:\/\/aivlisoft.net\/shop\/producto\/qnap-ts-431xeu-8g-nas-4xhdd-bay-1x10gbe-sfp-1u\/","title":{"rendered":"QNAP TS-431XeU-8G NAS 4XHDD-Bay 1x10GbE SFP+ 1U"},"content":{"rendered":"<p><\/p>\n<table class=\"tabla_caracteristicas k-table\" width=\"100%\">\n<tr>\n<td valign=\"top\"><strong>Marca <\/strong><\/td>\n<td valign=\"top\">QNAP<\/td>\n<\/tr>\n<tr>\n<td valign=\"top\"><strong>Modelo <\/strong><\/td>\n<td valign=\"top\"><strong>TS-431XeU-8G<\/strong><\/td>\n<\/tr>\n<tr>\n<td valign=\"top\"><strong>CPU <\/strong><\/td>\n<td valign=\"top\">&#8211; CPU: AnnapurnaLabs Alpine AL314 32-bit ARM Cortex-A15 4-core 1.7GHz<br \/>\t\t\t&#8211; Arquitectura de CPU: ARM de 32 bits<br \/>\t\t\t&#8211; Unidad de coma flotante<br \/>\t\t\t&#8211; Motor de cifrado<\/td>\n<\/tr>\n<tr>\n<td valign=\"top\"><strong>Memoria<\/strong><\/td>\n<td valign=\"top\">&#8211; Memoria del sistema: <strong>8GB <\/strong>de memoria DDR3 SODIMM (1 m&oacute;dulo de 8 GB)<br \/>\t\t\t&#8211; Memoria m&aacute;xima: 8GB (1 m&oacute;dulo de 8GB)<br \/>\t\t\t&#8211; Ranura para memoria: 1 m&oacute;dulo de memoria DDR3 SO-DIMM<\/td>\n<\/tr>\n<tr>\n<td valign=\"top\"><strong>Almacenamiento <\/strong><\/td>\n<td valign=\"top\">\n<div>&#8211; Memoria flash: <strong>512MB <\/strong>(protecci&oacute;n del sistema operativo de doble arranque)<br \/>\t\t\t&#8211; Bah&iacute;a para unidades: 4 unidades SATA de 3,5&#8243; a 6Gb\/s, 3Gb\/s<br \/>\t\t\t&#8211; Compatibilidad de unidades:<br \/>\t\t\t&nbsp; Bah&iacute;as de 3,5&#8243;:<br \/>\t\t\t&nbsp; &#8211; Unidades de disco duro SATA de 3,5&#8243;<br \/>\t\t\t&nbsp; &#8211; Unidades de disco duro SATA de 2,5&#8243;<br \/>\t\t\t&nbsp; &#8211; Unidades de estado s&oacute;lido SATA de 2,5&#8243;<br \/>\t\t\t&#8211; Intercambiable en caliente<br \/>\t\t\t&#8211; Compatibilidad con aceleraci&oacute;n de cach&eacute; SSD<br \/>\t\t\t<strong>Sistema de archivos<\/strong><br \/>\t\t\t&#8211; Unidades internas: <strong>EXT4<\/strong><br \/>\t\t\t&#8211; Unidades externas: <strong>EXT3, EXT4, NTFS, FAT32, HFS+, <\/strong>y<strong> exFAT<\/strong> (optional for ARM model)<br \/>\t\t\t<strong>Tipos de RAID compatibles<\/strong><br \/>\t\t\t&#8211; 8-bay (y m&aacute;s): JBOD, Single, RAID 0, 1, 5, 6, 10, 50, 60<br \/>\t\t\t&#8211; 6-bay: JBOD, Single, RAID 0, 1, 5, 6, 10, 50<br \/>\t\t\t&#8211; 4-bay: JBOD, Single, RAID 0, 1, 5, 6, 10<br \/>\t\t\t&#8211; 2-bay: JBOD, Single, RAID 0, 1<br \/>\t\t\t<strong>Gesti&oacute;n de almacenamiento<\/strong><br \/>\t\t\t&#8211; Tama&ntilde;o m&aacute;ximo de volumen individual: 250 TB<br \/>\t\t\t&#8211; N&uacute;mero m&aacute;ximo de vol&uacute;menes internos: 128<br \/>\t\t\t&#8211; Tama&ntilde;o m&aacute;ximo de carpetas compartidas: 250 TB<br \/>\t\t\t&#8211; N&uacute;mero m&aacute;ximo de carpetas compartidas: 512<\/div>\n<\/td>\n<\/tr>\n<tr>\n<td valign=\"top\"><strong>Conexiones <\/strong><\/td>\n<td valign=\"top\">&#8211; 2 x puertos GbE (RJ45)<br \/>\t\t\t&#8211; Puerto 10 GbE: 1 puerto SFP+ 10GbE<br \/>\t\t\t&#8211; 4 x puertos USB 3.2 Gen<\/td>\n<\/tr>\n<tr>\n<td valign=\"top\"><strong>Caracter&iacute;sticas <\/strong><\/td>\n<td valign=\"top\">&#8211; Wake-on-LAN (WOL)<br \/>\t\t\t&#8211; Jumbo Frame<br \/>\t\t\t&#8211; Servidor de archivos:<br \/>\t\t\t&nbsp; Uso compartido de archivos en Windows, Mac y Linux \/ UNIX<br \/>\t\t\t&nbsp; Redes de Microsoft (CIFS \/ SMB)<br \/>\t\t\t&nbsp; Redes de Apple (AFP)<br \/>\t\t\t&nbsp; Servicios NFS versi&oacute;n 3\/4<br \/>\t\t\t&#8211; Servidor FTP:<br \/>\t\t\t&nbsp; QuFTP<br \/>\t\t\t&nbsp; Protocolos FTP, SFTP y TFTP<br \/>\t\t\t&nbsp; FTP sobre SSL \/ TLS (FTPS expl&iacute;cito)<br \/>\t\t\t&nbsp; Soporte FXP<br \/>\t\t\t&#8211; Conexi&oacute;n FTP m&aacute;xima: 1024<br \/>\t\t\t&#8211; File Station (Web)<br \/>\t\t\t&#8211; Almacenamiento de objetos<br \/>\t\t\t&#8211; Cuenta de usuario local: 4096<br \/>\t\t\t&#8211; Cuenta de grupo local: 512<br \/>\t\t\t&#8211; Usuario de dominio \/ cuenta de grupo: 200.000<br \/>\t\t\t<strong>F&iacute;sicas<\/strong><br \/>\t\t\t&#8211; Formato: Montaje en rack de 1U<br \/>\t\t\t&#8211; Indicadores LED: Unidad de disco duro 1-4, estado, USB, LAN 1-3<br \/>\t\t\t&#8211; Botones: Encendido, Reinicio<br \/>\t\t\t&#8211; Temperatura operativa: 0 &#8211; 40 &deg;C<br \/>\t\t\t&#8211; Temperatura de almacenamiento: -20 &#8211; 70&deg;C<br \/>\t\t\t&#8211; Humedad relativa: 5 ~ 95 % de humedad relativa sin condensaci&oacute;n, bulbo h&uacute;medo: 27 &ordm;C<br \/>\t\t\t&#8211; Unidad de alimentaci&oacute;n el&eacute;ctrica: Marco abierto 100 W, Entrada: 100 V &#8211; 240 V ~ \/ 3,5 A, 50 Hz &#8211; 60 Hz<br \/>\t\t\t&#8211; Consumo de energ&iacute;a: Modo suspensi&oacute;n de disco duro:: 12,42 W<br \/>\t\t\t&#8211; Consumo de energ&iacute;a: Modo de funcionamiento, t&iacute;pico: 30,99 W<br \/>\t\t\t&#8211; Ventilador: Ventilador del sistema: 3 de 40 mm, 12 V de CC<br \/>\t\t\t&#8211; Advertencia del sistema: Timbre<br \/>\t\t\t&#8211; Ranura de seguridad Kensington<br \/>\t\t\t&#8211; Max. Number of Concurrent Connections (CIFS) &#8211; with Max. Memory: 400<br \/>\t\t\t<strong>Dimensiones y peso<\/strong><br \/>\t\t\t&#8211; 44 &times; 439 &times; 291 mm<br \/>\t\t\t&#8211; 4,15 kg<\/td>\n<\/tr>\n<tr>\n<td valign=\"top\"><strong>Fecha Revisi&oacute;n <\/strong><\/td>\n<td valign=\"top\">14-09-2023 por RTY<\/td>\n<\/tr>\n<\/table>\n<p><br class=\"k-br\"><\/p>\n<p>&nbsp;<\/p>\n","protected":false},"excerpt":{"rendered":"<p>Marca QNAP Modelo TS-431XeU-8G CPU &#8211; CPU: AnnapurnaLabs Alpine AL314 32-bit ARM Cortex-A15 4-core 1.7GHz &#8211; Arquitectura de CPU: ARM de 32 bits &#8211; Unidad de coma flotante &#8211; Motor de cifrado Memoria &#8211; Memoria del sistema: 8GB de memoria DDR3 SODIMM (1 m&oacute;dulo de 8 GB) &#8211; Memoria m&aacute;xima: 8GB (1 m&oacute;dulo de 8GB)&hellip;&nbsp;<a href=\"https:\/\/aivlisoft.net\/shop\/producto\/qnap-ts-431xeu-8g-nas-4xhdd-bay-1x10gbe-sfp-1u\/\" rel=\"bookmark\"><span class=\"screen-reader-text\">QNAP TS-431XeU-8G NAS 4XHDD-Bay 1x10GbE SFP+ 1U<\/span><\/a><\/p>\n","protected":false},"featured_media":18462,"template":"","meta":{"neve_meta_sidebar":"","neve_meta_container":"","neve_meta_enable_content_width":"","neve_meta_content_width":0,"neve_meta_title_alignment":"","neve_meta_author_avatar":"","neve_post_elements_order":"","neve_meta_disable_header":"","neve_meta_disable_footer":"","neve_meta_disable_title":""},"product_brand":[],"product_cat":[8765],"product_tag":[6734],"class_list":{"0":"post-18461","1":"product","2":"type-product","3":"status-publish","4":"has-post-thumbnail","6":"product_cat-almacenamiento-armario","7":"product_tag-ts-431xeu-8g","9":"first","10":"instock","11":"taxable","12":"shipping-taxable","13":"purchasable","14":"product-type-simple"},"yoast_head":"<!-- This site is optimized with the Yoast SEO plugin v26.0 - https:\/\/yoast.com\/wordpress\/plugins\/seo\/ -->\n<title>QNAP TS-431XeU-8G NAS 4XHDD-Bay 1x10GbE SFP+ 1U - Aivlisoft Inform\u00e1tica<\/title>\n<meta name=\"robots\" content=\"index, follow, max-snippet:-1, max-image-preview:large, max-video-preview:-1\" \/>\n<link rel=\"canonical\" href=\"https:\/\/aivlisoft.net\/shop\/producto\/qnap-ts-431xeu-8g-nas-4xhdd-bay-1x10gbe-sfp-1u\/\" \/>\n<meta property=\"og:locale\" content=\"es_ES\" \/>\n<meta property=\"og:type\" content=\"article\" \/>\n<meta property=\"og:title\" content=\"QNAP TS-431XeU-8G NAS 4XHDD-Bay 1x10GbE SFP+ 1U - Aivlisoft Inform\u00e1tica\" \/>\n<meta property=\"og:description\" content=\"Marca QNAP Modelo TS-431XeU-8G CPU &#8211; CPU: AnnapurnaLabs Alpine AL314 32-bit ARM Cortex-A15 4-core 1.7GHz &#8211; Arquitectura de CPU: ARM de 32 bits &#8211; Unidad de coma flotante &#8211; Motor de cifrado Memoria &#8211; Memoria del sistema: 8GB de memoria DDR3 SODIMM (1 m&oacute;dulo de 8 GB) &#8211; Memoria m&aacute;xima: 8GB (1 m&oacute;dulo de 8GB)&hellip;&nbsp;QNAP TS-431XeU-8G NAS 4XHDD-Bay 1x10GbE SFP+ 1U\" \/>\n<meta property=\"og:url\" content=\"https:\/\/aivlisoft.net\/shop\/producto\/qnap-ts-431xeu-8g-nas-4xhdd-bay-1x10gbe-sfp-1u\/\" \/>\n<meta property=\"og:site_name\" content=\"Aivlisoft Inform\u00e1tica\" \/>\n<meta property=\"article:modified_time\" content=\"2025-01-14T11:39:32+00:00\" \/>\n<meta property=\"og:image\" content=\"https:\/\/aivlisoft.net\/shop\/wp-content\/uploads\/2025\/01\/NARARA0099_800.jpg\" \/>\n\t<meta property=\"og:image:width\" content=\"800\" \/>\n\t<meta property=\"og:image:height\" content=\"800\" \/>\n\t<meta property=\"og:image:type\" content=\"image\/jpeg\" \/>\n<meta name=\"twitter:card\" content=\"summary_large_image\" \/>\n<meta name=\"twitter:label1\" content=\"Tiempo de lectura\" \/>\n\t<meta name=\"twitter:data1\" content=\"3 minutos\" \/>\n<script type=\"application\/ld+json\" class=\"yoast-schema-graph\">{\"@context\":\"https:\/\/schema.org\",\"@graph\":[{\"@type\":\"WebPage\",\"@id\":\"https:\/\/aivlisoft.net\/shop\/producto\/qnap-ts-431xeu-8g-nas-4xhdd-bay-1x10gbe-sfp-1u\/\",\"url\":\"https:\/\/aivlisoft.net\/shop\/producto\/qnap-ts-431xeu-8g-nas-4xhdd-bay-1x10gbe-sfp-1u\/\",\"name\":\"QNAP TS-431XeU-8G NAS 4XHDD-Bay 1x10GbE SFP+ 1U - Aivlisoft Inform\u00e1tica\",\"isPartOf\":{\"@id\":\"https:\/\/aivlisoft.net\/shop\/#website\"},\"primaryImageOfPage\":{\"@id\":\"https:\/\/aivlisoft.net\/shop\/producto\/qnap-ts-431xeu-8g-nas-4xhdd-bay-1x10gbe-sfp-1u\/#primaryimage\"},\"image\":{\"@id\":\"https:\/\/aivlisoft.net\/shop\/producto\/qnap-ts-431xeu-8g-nas-4xhdd-bay-1x10gbe-sfp-1u\/#primaryimage\"},\"thumbnailUrl\":\"https:\/\/aivlisoft.net\/shop\/wp-content\/uploads\/2025\/01\/NARARA0099_800.jpg\",\"datePublished\":\"2025-01-13T15:22:23+00:00\",\"dateModified\":\"2025-01-14T11:39:32+00:00\",\"breadcrumb\":{\"@id\":\"https:\/\/aivlisoft.net\/shop\/producto\/qnap-ts-431xeu-8g-nas-4xhdd-bay-1x10gbe-sfp-1u\/#breadcrumb\"},\"inLanguage\":\"es\",\"potentialAction\":[{\"@type\":\"ReadAction\",\"target\":[\"https:\/\/aivlisoft.net\/shop\/producto\/qnap-ts-431xeu-8g-nas-4xhdd-bay-1x10gbe-sfp-1u\/\"]}]},{\"@type\":\"ImageObject\",\"inLanguage\":\"es\",\"@id\":\"https:\/\/aivlisoft.net\/shop\/producto\/qnap-ts-431xeu-8g-nas-4xhdd-bay-1x10gbe-sfp-1u\/#primaryimage\",\"url\":\"https:\/\/aivlisoft.net\/shop\/wp-content\/uploads\/2025\/01\/NARARA0099_800.jpg\",\"contentUrl\":\"https:\/\/aivlisoft.net\/shop\/wp-content\/uploads\/2025\/01\/NARARA0099_800.jpg\",\"width\":800,\"height\":800},{\"@type\":\"BreadcrumbList\",\"@id\":\"https:\/\/aivlisoft.net\/shop\/producto\/qnap-ts-431xeu-8g-nas-4xhdd-bay-1x10gbe-sfp-1u\/#breadcrumb\",\"itemListElement\":[{\"@type\":\"ListItem\",\"position\":1,\"name\":\"Portada\",\"item\":\"https:\/\/aivlisoft.net\/shop\/\"},{\"@type\":\"ListItem\",\"position\":2,\"name\":\"Tienda\",\"item\":\"https:\/\/aivlisoft.net\/shop\/tienda\/\"},{\"@type\":\"ListItem\",\"position\":3,\"name\":\"QNAP TS-431XeU-8G NAS 4XHDD-Bay 1x10GbE SFP+ 1U\"}]},{\"@type\":\"WebSite\",\"@id\":\"https:\/\/aivlisoft.net\/shop\/#website\",\"url\":\"https:\/\/aivlisoft.net\/shop\/\",\"name\":\"Aivlisoft Inform\u00e1tica\",\"description\":\"En Aivlisoft Inform\u00e1tica ofrecemos soluciones tecnol\u00f3gicas para empresas: venta de ordenadores, consumibles, perif\u00e9ricos y m\u00e1s. Calidad, atenci\u00f3n personalizada y los mejores precios para tu negocio.\",\"publisher\":{\"@id\":\"https:\/\/aivlisoft.net\/shop\/#organization\"},\"potentialAction\":[{\"@type\":\"SearchAction\",\"target\":{\"@type\":\"EntryPoint\",\"urlTemplate\":\"https:\/\/aivlisoft.net\/shop\/?s={search_term_string}\"},\"query-input\":{\"@type\":\"PropertyValueSpecification\",\"valueRequired\":true,\"valueName\":\"search_term_string\"}}],\"inLanguage\":\"es\"},{\"@type\":\"Organization\",\"@id\":\"https:\/\/aivlisoft.net\/shop\/#organization\",\"name\":\"Aivlisoft Inform\u00e1tica\",\"url\":\"https:\/\/aivlisoft.net\/shop\/\",\"logo\":{\"@type\":\"ImageObject\",\"inLanguage\":\"es\",\"@id\":\"https:\/\/aivlisoft.net\/shop\/#\/schema\/logo\/image\/\",\"url\":\"https:\/\/aivlisoft.net\/shop\/wp-content\/uploads\/2024\/12\/removal.ai_5b848c54-0cdf-4140-95c5-c5536bb7573b-logodef.png\",\"contentUrl\":\"https:\/\/aivlisoft.net\/shop\/wp-content\/uploads\/2024\/12\/removal.ai_5b848c54-0cdf-4140-95c5-c5536bb7573b-logodef.png\",\"width\":484,\"height\":182,\"caption\":\"Aivlisoft Inform\u00e1tica\"},\"image\":{\"@id\":\"https:\/\/aivlisoft.net\/shop\/#\/schema\/logo\/image\/\"}}]}<\/script>\n<!-- \/ Yoast SEO plugin. -->","yoast_head_json":{"title":"QNAP TS-431XeU-8G NAS 4XHDD-Bay 1x10GbE SFP+ 1U - Aivlisoft Inform\u00e1tica","robots":{"index":"index","follow":"follow","max-snippet":"max-snippet:-1","max-image-preview":"max-image-preview:large","max-video-preview":"max-video-preview:-1"},"canonical":"https:\/\/aivlisoft.net\/shop\/producto\/qnap-ts-431xeu-8g-nas-4xhdd-bay-1x10gbe-sfp-1u\/","og_locale":"es_ES","og_type":"article","og_title":"QNAP TS-431XeU-8G NAS 4XHDD-Bay 1x10GbE SFP+ 1U - Aivlisoft Inform\u00e1tica","og_description":"Marca QNAP Modelo TS-431XeU-8G CPU &#8211; CPU: AnnapurnaLabs Alpine AL314 32-bit ARM Cortex-A15 4-core 1.7GHz &#8211; Arquitectura de CPU: ARM de 32 bits &#8211; Unidad de coma flotante &#8211; Motor de cifrado Memoria &#8211; Memoria del sistema: 8GB de memoria DDR3 SODIMM (1 m&oacute;dulo de 8 GB) &#8211; Memoria m&aacute;xima: 8GB (1 m&oacute;dulo de 8GB)&hellip;&nbsp;QNAP TS-431XeU-8G NAS 4XHDD-Bay 1x10GbE SFP+ 1U","og_url":"https:\/\/aivlisoft.net\/shop\/producto\/qnap-ts-431xeu-8g-nas-4xhdd-bay-1x10gbe-sfp-1u\/","og_site_name":"Aivlisoft Inform\u00e1tica","article_modified_time":"2025-01-14T11:39:32+00:00","og_image":[{"width":800,"height":800,"url":"https:\/\/aivlisoft.net\/shop\/wp-content\/uploads\/2025\/01\/NARARA0099_800.jpg","type":"image\/jpeg"}],"twitter_card":"summary_large_image","twitter_misc":{"Tiempo de lectura":"3 minutos"},"schema":{"@context":"https:\/\/schema.org","@graph":[{"@type":"WebPage","@id":"https:\/\/aivlisoft.net\/shop\/producto\/qnap-ts-431xeu-8g-nas-4xhdd-bay-1x10gbe-sfp-1u\/","url":"https:\/\/aivlisoft.net\/shop\/producto\/qnap-ts-431xeu-8g-nas-4xhdd-bay-1x10gbe-sfp-1u\/","name":"QNAP TS-431XeU-8G NAS 4XHDD-Bay 1x10GbE SFP+ 1U - Aivlisoft Inform\u00e1tica","isPartOf":{"@id":"https:\/\/aivlisoft.net\/shop\/#website"},"primaryImageOfPage":{"@id":"https:\/\/aivlisoft.net\/shop\/producto\/qnap-ts-431xeu-8g-nas-4xhdd-bay-1x10gbe-sfp-1u\/#primaryimage"},"image":{"@id":"https:\/\/aivlisoft.net\/shop\/producto\/qnap-ts-431xeu-8g-nas-4xhdd-bay-1x10gbe-sfp-1u\/#primaryimage"},"thumbnailUrl":"https:\/\/aivlisoft.net\/shop\/wp-content\/uploads\/2025\/01\/NARARA0099_800.jpg","datePublished":"2025-01-13T15:22:23+00:00","dateModified":"2025-01-14T11:39:32+00:00","breadcrumb":{"@id":"https:\/\/aivlisoft.net\/shop\/producto\/qnap-ts-431xeu-8g-nas-4xhdd-bay-1x10gbe-sfp-1u\/#breadcrumb"},"inLanguage":"es","potentialAction":[{"@type":"ReadAction","target":["https:\/\/aivlisoft.net\/shop\/producto\/qnap-ts-431xeu-8g-nas-4xhdd-bay-1x10gbe-sfp-1u\/"]}]},{"@type":"ImageObject","inLanguage":"es","@id":"https:\/\/aivlisoft.net\/shop\/producto\/qnap-ts-431xeu-8g-nas-4xhdd-bay-1x10gbe-sfp-1u\/#primaryimage","url":"https:\/\/aivlisoft.net\/shop\/wp-content\/uploads\/2025\/01\/NARARA0099_800.jpg","contentUrl":"https:\/\/aivlisoft.net\/shop\/wp-content\/uploads\/2025\/01\/NARARA0099_800.jpg","width":800,"height":800},{"@type":"BreadcrumbList","@id":"https:\/\/aivlisoft.net\/shop\/producto\/qnap-ts-431xeu-8g-nas-4xhdd-bay-1x10gbe-sfp-1u\/#breadcrumb","itemListElement":[{"@type":"ListItem","position":1,"name":"Portada","item":"https:\/\/aivlisoft.net\/shop\/"},{"@type":"ListItem","position":2,"name":"Tienda","item":"https:\/\/aivlisoft.net\/shop\/tienda\/"},{"@type":"ListItem","position":3,"name":"QNAP TS-431XeU-8G NAS 4XHDD-Bay 1x10GbE SFP+ 1U"}]},{"@type":"WebSite","@id":"https:\/\/aivlisoft.net\/shop\/#website","url":"https:\/\/aivlisoft.net\/shop\/","name":"Aivlisoft Inform\u00e1tica","description":"En Aivlisoft Inform\u00e1tica ofrecemos soluciones tecnol\u00f3gicas para empresas: venta de ordenadores, consumibles, perif\u00e9ricos y m\u00e1s. Calidad, atenci\u00f3n personalizada y los mejores precios para tu negocio.","publisher":{"@id":"https:\/\/aivlisoft.net\/shop\/#organization"},"potentialAction":[{"@type":"SearchAction","target":{"@type":"EntryPoint","urlTemplate":"https:\/\/aivlisoft.net\/shop\/?s={search_term_string}"},"query-input":{"@type":"PropertyValueSpecification","valueRequired":true,"valueName":"search_term_string"}}],"inLanguage":"es"},{"@type":"Organization","@id":"https:\/\/aivlisoft.net\/shop\/#organization","name":"Aivlisoft Inform\u00e1tica","url":"https:\/\/aivlisoft.net\/shop\/","logo":{"@type":"ImageObject","inLanguage":"es","@id":"https:\/\/aivlisoft.net\/shop\/#\/schema\/logo\/image\/","url":"https:\/\/aivlisoft.net\/shop\/wp-content\/uploads\/2024\/12\/removal.ai_5b848c54-0cdf-4140-95c5-c5536bb7573b-logodef.png","contentUrl":"https:\/\/aivlisoft.net\/shop\/wp-content\/uploads\/2024\/12\/removal.ai_5b848c54-0cdf-4140-95c5-c5536bb7573b-logodef.png","width":484,"height":182,"caption":"Aivlisoft Inform\u00e1tica"},"image":{"@id":"https:\/\/aivlisoft.net\/shop\/#\/schema\/logo\/image\/"}}]}},"_links":{"self":[{"href":"https:\/\/aivlisoft.net\/shop\/wp-json\/wp\/v2\/product\/18461","targetHints":{"allow":["GET"]}}],"collection":[{"href":"https:\/\/aivlisoft.net\/shop\/wp-json\/wp\/v2\/product"}],"about":[{"href":"https:\/\/aivlisoft.net\/shop\/wp-json\/wp\/v2\/types\/product"}],"wp:featuredmedia":[{"embeddable":true,"href":"https:\/\/aivlisoft.net\/shop\/wp-json\/wp\/v2\/media\/18462"}],"wp:attachment":[{"href":"https:\/\/aivlisoft.net\/shop\/wp-json\/wp\/v2\/media?parent=18461"}],"wp:term":[{"taxonomy":"product_brand","embeddable":true,"href":"https:\/\/aivlisoft.net\/shop\/wp-json\/wp\/v2\/product_brand?post=18461"},{"taxonomy":"product_cat","embeddable":true,"href":"https:\/\/aivlisoft.net\/shop\/wp-json\/wp\/v2\/product_cat?post=18461"},{"taxonomy":"product_tag","embeddable":true,"href":"https:\/\/aivlisoft.net\/shop\/wp-json\/wp\/v2\/product_tag?post=18461"}],"curies":[{"name":"wp","href":"https:\/\/api.w.org\/{rel}","templated":true}]}}