{"id":18457,"date":"2025-01-13T15:22:21","date_gmt":"2025-01-13T15:22:21","guid":{"rendered":"https:\/\/aivlisoft.com\/?post_type=product&#038;p=18457"},"modified":"2025-01-14T11:39:31","modified_gmt":"2025-01-14T11:39:31","slug":"synology-sa3400d-12bay-sas-enterprise-server","status":"publish","type":"product","link":"https:\/\/aivlisoft.net\/shop\/producto\/synology-sa3400d-12bay-sas-enterprise-server\/","title":{"rendered":"Synology SA3400D 12Bay SAS Enterprise Server"},"content":{"rendered":"<p><\/p>\n<table class=\"tabla_caracteristicas\" width=\"100%\">\n<tr>\n<td><strong>Marca<\/strong><\/td>\n<td>Synology<\/td>\n<\/tr>\n<tr>\n<td><strong>Modelo<\/strong><\/td>\n<td><strong>SA3400D<\/strong><\/td>\n<\/tr>\n<tr>\n<td><strong>Caracter&iacute;sticas<\/strong><\/td>\n<td>&#8211; N&uacute;mero de m&oacute;dulo de controlador: 2<br \/>\t\t\t&#8211; Modelo de CPU: Intel Xeon D-1541<br \/>\t\t\t&#8211; Cantidad de CPU: 1 (por controlador)<br \/>\t\t\t&#8211; Arquitectura de CPU: de 64 bits<br \/>\t\t\t&#8211; Frecuencia de CPU: 8 n&uacute;cleos 2.1 (base) \/ 2.7 (turbo) GHz<br \/>\t\t\t&#8211; Motor de cifrado de hardware (AES-NI)<br \/>\t\t\t<strong>Memoria<\/strong><br \/>\t\t\t&#8211; Memoria del sistema: 8 GB DDR4 ECC UDIMM (por controlador)<br \/>\t\t\t&#8211; M&oacute;dulo de memoria Preinstalado: 8 GB (8 GB x 1) (por controlador)<br \/>\t\t\t&#8211; Total de ranuras de memoria: 4 (por controlador)<br \/>\t\t\t&#8211; Capacidad m&aacute;xima de memoria: 64 GB (16 GB x 4) (por controlador)<br \/>\t\t\t<strong>Almacenamiento<\/strong><br \/>\t\t\t&#8211; Recept&aacute;culo(s) de unidad: 12<br \/>\t\t\t&#8211; Tipo de unidad compatible:<br \/>\t\t\t&nbsp; Unidad de disco duro SAS de dos puertos de 3,5&#8243;<br \/>\t\t\t&nbsp; Unidad de disco duro SAS de dos puertos de 2,5&#8243;<br \/>\t\t\t&nbsp; SSD SAS de 2,5&#8243;<br \/>\t\t\t&#8211; Capacidad m&aacute;xima bruta interna: 192TB (unidad de disco duro de 16 TB x 12) (la capacidad puede variar seg&uacute;n el tipo de RAID)<br \/>\t\t\t&#8211; Unidad de intercambio en caliente<br \/>\t\t\t<strong>Puertos externos<\/strong><br \/>\t\t\t&#8211; 2 x puerto LAN RJ-45 de 1 GbE (con compatibilidad con agregaci&oacute;n de enlaces\/conmutaci&oacute;n por error) (por controlador)<br \/>\t\t\t&#8211; 1 x puerto LAN RJ-45 10GbE (por controlador)<br \/>\t\t\t&#8211; 1 x puerto de expansi&oacute;n<br \/>\t\t\t* Los puertos LAN de 1 GbE de este dispositivo tienen un tama&ntilde;o m&aacute;ximo de unidad de transmisi&oacute;n (MTU) de 1500 bytes.<br \/>\t\t\t<strong>PCIe<\/strong><br \/>\t\t\t&#8211; Expansi&oacute;n PCIe 1 ranura Gen3 x8 (enlace x8) (por controlador)<br \/>\t\t\t<strong>Sistema de archivos<\/strong><br \/>\t\t\t&#8211; Unidades internas<br \/>\t\t\t&nbsp; btrfs<br \/>\t\t\t&nbsp; EXT4<br \/>\t\t\t<strong>Apariencia<\/strong><br \/>\t\t\t&#8211; Factor de forma (RU): 2U<br \/>\t\t\t&#8211; Soporte de instalaci&oacute;n en rack: Rack de 4 postes de 19&#8243; (Kit de rieles Synology &#8211; RKS-02)<br \/>\t\t\t* El kit de rieles se vende por separado<br \/>\t\t\t<strong>Otras Caracter&iacute;sticas<\/strong><br \/>\t\t\t&#8211; Ventilador del sistema: 60 mm x 60 mm x 2 piezas<br \/>\t\t\t&#8211; Modo de velocidad del ventilador<br \/>\t\t\t&nbsp; Modo de velocidad completa<br \/>\t\t\t&nbsp; Modo fresco<br \/>\t\t\t&nbsp; Modo silencioso<br \/>\t\t\t&#8211; Ventilador del sistema de reemplazo f&aacute;cil<br \/>\t\t\t&#8211; Recuperaci&oacute;n de energ&iacute;a<br \/>\t\t\t&#8211; Nivel de ruido: 51,3 dB(A)<br \/>\t\t\t<strong>Alimentaci&oacute;n<\/strong><br \/>\t\t\t&#8211; Fuente de alimentaci&oacute;n \/ Adaptador: 500 W<br \/>\t\t\t&#8211; Fuente de alimentaci&oacute;n redundante<br \/>\t\t\t&#8211; Voltaje de alimentaci&oacute;n de entrada de CA: 100 V a 240 V CA<br \/>\t\t\t&#8211; Frecuencia de alimentaci&oacute;n: 50\/60 Hz, monof&aacute;sico<br \/>\t\t\t&#8211; Consumo de energ&iacute;a: 257,78 W (acceso)<br \/>\t\t\t&#8211; Unidad t&eacute;rmica brit&aacute;nica: 879,58 BTU\/h (acceso)<br \/>\t\t\t* El consumo de energ&iacute;a se mide cuando est&aacute; completamente cargado con los discos duros Synology 12TB HAS5300-12T.<br \/>\t\t\t<strong>Temperatura<\/strong><br \/>\t\t\t&#8211; Temperatura operativa: De 0&deg;C a 35&deg;C<br \/>\t\t\t&#8211; Temperatura de almacenamiento: De -20&deg;C a 60&deg;C<br \/>\t\t\t&#8211; Humedad relativa: De 5% a 95% HR<br \/>\t\t\t<strong>Certificaci&oacute;n<\/strong><br \/>\t\t\t&#8211; FCC<br \/>\t\t\t&#8211; CE<br \/>\t\t\t&#8211; BSMI<br \/>\t\t\t&#8211; VCCI<br \/>\t\t\t&#8211; UKCA<br \/>\t\t\t&#8211; EAC<br \/>\t\t\t&#8211; CCC<br \/>\t\t\t&#8211; KC<br \/>\t\t\t&#8211; RCM<br \/>\t\t\t<strong>Dimensiones y peso<\/strong><br \/>\t\t\t&#8211; 88 mm x 482 mm x 724 mm<br \/>\t\t\t&#8211; 19,7 kg<br \/>\t\t\t<strong>Contenido<\/strong><br \/>\t\t\t&#8211; 1 x unidad principal<br \/>\t\t\t&#8211; 1 x paquete de accesorios<br \/>\t\t\t&#8211; 2 x cable de alimentaci&oacute;n de CA<br \/>\t\t\t&#8211; 1 x gu&iacute;a de instalaci&oacute;n r&aacute;pida<\/td>\n<\/tr>\n<tr>\n<td><strong>Fecha de revisi&oacute;n<\/strong><\/td>\n<td>21-06-2023 por RTY<\/td>\n<\/tr>\n<\/table>\n","protected":false},"excerpt":{"rendered":"<p>Marca Synology Modelo SA3400D Caracter&iacute;sticas &#8211; N&uacute;mero de m&oacute;dulo de controlador: 2 &#8211; Modelo de CPU: Intel Xeon D-1541 &#8211; Cantidad de CPU: 1 (por controlador) &#8211; Arquitectura de CPU: de 64 bits &#8211; Frecuencia de CPU: 8 n&uacute;cleos 2.1 (base) \/ 2.7 (turbo) GHz &#8211; Motor de cifrado de hardware (AES-NI) Memoria &#8211; Memoria&hellip;&nbsp;<a href=\"https:\/\/aivlisoft.net\/shop\/producto\/synology-sa3400d-12bay-sas-enterprise-server\/\" rel=\"bookmark\"><span class=\"screen-reader-text\">Synology SA3400D 12Bay SAS Enterprise Server<\/span><\/a><\/p>\n","protected":false},"featured_media":18458,"template":"","meta":{"neve_meta_sidebar":"","neve_meta_container":"","neve_meta_enable_content_width":"","neve_meta_content_width":0,"neve_meta_title_alignment":"","neve_meta_author_avatar":"","neve_post_elements_order":"","neve_meta_disable_header":"","neve_meta_disable_footer":"","neve_meta_disable_title":""},"product_brand":[],"product_cat":[8765],"product_tag":[6732],"class_list":{"0":"post-18457","1":"product","2":"type-product","3":"status-publish","4":"has-post-thumbnail","6":"product_cat-almacenamiento-armario","7":"product_tag-sa3400d","9":"first","10":"instock","11":"taxable","12":"shipping-taxable","13":"purchasable","14":"product-type-simple"},"yoast_head":"<!-- This site is optimized with the Yoast SEO plugin v26.0 - https:\/\/yoast.com\/wordpress\/plugins\/seo\/ -->\n<title>Synology SA3400D 12Bay SAS Enterprise Server - Aivlisoft Inform\u00e1tica<\/title>\n<meta name=\"robots\" content=\"index, follow, max-snippet:-1, max-image-preview:large, max-video-preview:-1\" \/>\n<link rel=\"canonical\" href=\"https:\/\/aivlisoft.net\/shop\/producto\/synology-sa3400d-12bay-sas-enterprise-server\/\" \/>\n<meta property=\"og:locale\" content=\"es_ES\" \/>\n<meta property=\"og:type\" content=\"article\" \/>\n<meta property=\"og:title\" content=\"Synology SA3400D 12Bay SAS Enterprise Server - Aivlisoft Inform\u00e1tica\" \/>\n<meta property=\"og:description\" content=\"Marca Synology Modelo SA3400D Caracter&iacute;sticas &#8211; N&uacute;mero de m&oacute;dulo de controlador: 2 &#8211; Modelo de CPU: Intel Xeon D-1541 &#8211; Cantidad de CPU: 1 (por controlador) &#8211; Arquitectura de CPU: de 64 bits &#8211; Frecuencia de CPU: 8 n&uacute;cleos 2.1 (base) \/ 2.7 (turbo) GHz &#8211; Motor de cifrado de hardware (AES-NI) Memoria &#8211; Memoria&hellip;&nbsp;Synology SA3400D 12Bay SAS Enterprise Server\" \/>\n<meta property=\"og:url\" content=\"https:\/\/aivlisoft.net\/shop\/producto\/synology-sa3400d-12bay-sas-enterprise-server\/\" \/>\n<meta property=\"og:site_name\" content=\"Aivlisoft Inform\u00e1tica\" \/>\n<meta property=\"article:modified_time\" content=\"2025-01-14T11:39:31+00:00\" \/>\n<meta property=\"og:image\" content=\"https:\/\/aivlisoft.net\/shop\/wp-content\/uploads\/2025\/01\/NARARA0097_800.jpg\" \/>\n\t<meta property=\"og:image:width\" content=\"800\" \/>\n\t<meta property=\"og:image:height\" content=\"800\" \/>\n\t<meta property=\"og:image:type\" content=\"image\/jpeg\" \/>\n<meta name=\"twitter:card\" content=\"summary_large_image\" \/>\n<meta name=\"twitter:label1\" content=\"Tiempo de lectura\" \/>\n\t<meta name=\"twitter:data1\" content=\"3 minutos\" \/>\n<script type=\"application\/ld+json\" class=\"yoast-schema-graph\">{\"@context\":\"https:\/\/schema.org\",\"@graph\":[{\"@type\":\"WebPage\",\"@id\":\"https:\/\/aivlisoft.net\/shop\/producto\/synology-sa3400d-12bay-sas-enterprise-server\/\",\"url\":\"https:\/\/aivlisoft.net\/shop\/producto\/synology-sa3400d-12bay-sas-enterprise-server\/\",\"name\":\"Synology SA3400D 12Bay SAS Enterprise Server - Aivlisoft Inform\u00e1tica\",\"isPartOf\":{\"@id\":\"https:\/\/aivlisoft.net\/shop\/#website\"},\"primaryImageOfPage\":{\"@id\":\"https:\/\/aivlisoft.net\/shop\/producto\/synology-sa3400d-12bay-sas-enterprise-server\/#primaryimage\"},\"image\":{\"@id\":\"https:\/\/aivlisoft.net\/shop\/producto\/synology-sa3400d-12bay-sas-enterprise-server\/#primaryimage\"},\"thumbnailUrl\":\"https:\/\/aivlisoft.net\/shop\/wp-content\/uploads\/2025\/01\/NARARA0097_800.jpg\",\"datePublished\":\"2025-01-13T15:22:21+00:00\",\"dateModified\":\"2025-01-14T11:39:31+00:00\",\"breadcrumb\":{\"@id\":\"https:\/\/aivlisoft.net\/shop\/producto\/synology-sa3400d-12bay-sas-enterprise-server\/#breadcrumb\"},\"inLanguage\":\"es\",\"potentialAction\":[{\"@type\":\"ReadAction\",\"target\":[\"https:\/\/aivlisoft.net\/shop\/producto\/synology-sa3400d-12bay-sas-enterprise-server\/\"]}]},{\"@type\":\"ImageObject\",\"inLanguage\":\"es\",\"@id\":\"https:\/\/aivlisoft.net\/shop\/producto\/synology-sa3400d-12bay-sas-enterprise-server\/#primaryimage\",\"url\":\"https:\/\/aivlisoft.net\/shop\/wp-content\/uploads\/2025\/01\/NARARA0097_800.jpg\",\"contentUrl\":\"https:\/\/aivlisoft.net\/shop\/wp-content\/uploads\/2025\/01\/NARARA0097_800.jpg\",\"width\":800,\"height\":800},{\"@type\":\"BreadcrumbList\",\"@id\":\"https:\/\/aivlisoft.net\/shop\/producto\/synology-sa3400d-12bay-sas-enterprise-server\/#breadcrumb\",\"itemListElement\":[{\"@type\":\"ListItem\",\"position\":1,\"name\":\"Portada\",\"item\":\"https:\/\/aivlisoft.net\/shop\/\"},{\"@type\":\"ListItem\",\"position\":2,\"name\":\"Tienda\",\"item\":\"https:\/\/aivlisoft.net\/shop\/tienda\/\"},{\"@type\":\"ListItem\",\"position\":3,\"name\":\"Synology SA3400D 12Bay SAS Enterprise Server\"}]},{\"@type\":\"WebSite\",\"@id\":\"https:\/\/aivlisoft.net\/shop\/#website\",\"url\":\"https:\/\/aivlisoft.net\/shop\/\",\"name\":\"Aivlisoft Inform\u00e1tica\",\"description\":\"En Aivlisoft Inform\u00e1tica ofrecemos soluciones tecnol\u00f3gicas para empresas: venta de ordenadores, consumibles, perif\u00e9ricos y m\u00e1s. Calidad, atenci\u00f3n personalizada y los mejores precios para tu negocio.\",\"publisher\":{\"@id\":\"https:\/\/aivlisoft.net\/shop\/#organization\"},\"potentialAction\":[{\"@type\":\"SearchAction\",\"target\":{\"@type\":\"EntryPoint\",\"urlTemplate\":\"https:\/\/aivlisoft.net\/shop\/?s={search_term_string}\"},\"query-input\":{\"@type\":\"PropertyValueSpecification\",\"valueRequired\":true,\"valueName\":\"search_term_string\"}}],\"inLanguage\":\"es\"},{\"@type\":\"Organization\",\"@id\":\"https:\/\/aivlisoft.net\/shop\/#organization\",\"name\":\"Aivlisoft Inform\u00e1tica\",\"url\":\"https:\/\/aivlisoft.net\/shop\/\",\"logo\":{\"@type\":\"ImageObject\",\"inLanguage\":\"es\",\"@id\":\"https:\/\/aivlisoft.net\/shop\/#\/schema\/logo\/image\/\",\"url\":\"https:\/\/aivlisoft.net\/shop\/wp-content\/uploads\/2024\/12\/removal.ai_5b848c54-0cdf-4140-95c5-c5536bb7573b-logodef.png\",\"contentUrl\":\"https:\/\/aivlisoft.net\/shop\/wp-content\/uploads\/2024\/12\/removal.ai_5b848c54-0cdf-4140-95c5-c5536bb7573b-logodef.png\",\"width\":484,\"height\":182,\"caption\":\"Aivlisoft Inform\u00e1tica\"},\"image\":{\"@id\":\"https:\/\/aivlisoft.net\/shop\/#\/schema\/logo\/image\/\"}}]}<\/script>\n<!-- \/ Yoast SEO plugin. -->","yoast_head_json":{"title":"Synology SA3400D 12Bay SAS Enterprise Server - Aivlisoft Inform\u00e1tica","robots":{"index":"index","follow":"follow","max-snippet":"max-snippet:-1","max-image-preview":"max-image-preview:large","max-video-preview":"max-video-preview:-1"},"canonical":"https:\/\/aivlisoft.net\/shop\/producto\/synology-sa3400d-12bay-sas-enterprise-server\/","og_locale":"es_ES","og_type":"article","og_title":"Synology SA3400D 12Bay SAS Enterprise Server - Aivlisoft Inform\u00e1tica","og_description":"Marca Synology Modelo SA3400D Caracter&iacute;sticas &#8211; N&uacute;mero de m&oacute;dulo de controlador: 2 &#8211; Modelo de CPU: Intel Xeon D-1541 &#8211; Cantidad de CPU: 1 (por controlador) &#8211; Arquitectura de CPU: de 64 bits &#8211; Frecuencia de CPU: 8 n&uacute;cleos 2.1 (base) \/ 2.7 (turbo) GHz &#8211; Motor de cifrado de hardware (AES-NI) Memoria &#8211; Memoria&hellip;&nbsp;Synology SA3400D 12Bay SAS Enterprise Server","og_url":"https:\/\/aivlisoft.net\/shop\/producto\/synology-sa3400d-12bay-sas-enterprise-server\/","og_site_name":"Aivlisoft Inform\u00e1tica","article_modified_time":"2025-01-14T11:39:31+00:00","og_image":[{"width":800,"height":800,"url":"https:\/\/aivlisoft.net\/shop\/wp-content\/uploads\/2025\/01\/NARARA0097_800.jpg","type":"image\/jpeg"}],"twitter_card":"summary_large_image","twitter_misc":{"Tiempo de lectura":"3 minutos"},"schema":{"@context":"https:\/\/schema.org","@graph":[{"@type":"WebPage","@id":"https:\/\/aivlisoft.net\/shop\/producto\/synology-sa3400d-12bay-sas-enterprise-server\/","url":"https:\/\/aivlisoft.net\/shop\/producto\/synology-sa3400d-12bay-sas-enterprise-server\/","name":"Synology SA3400D 12Bay SAS Enterprise Server - Aivlisoft Inform\u00e1tica","isPartOf":{"@id":"https:\/\/aivlisoft.net\/shop\/#website"},"primaryImageOfPage":{"@id":"https:\/\/aivlisoft.net\/shop\/producto\/synology-sa3400d-12bay-sas-enterprise-server\/#primaryimage"},"image":{"@id":"https:\/\/aivlisoft.net\/shop\/producto\/synology-sa3400d-12bay-sas-enterprise-server\/#primaryimage"},"thumbnailUrl":"https:\/\/aivlisoft.net\/shop\/wp-content\/uploads\/2025\/01\/NARARA0097_800.jpg","datePublished":"2025-01-13T15:22:21+00:00","dateModified":"2025-01-14T11:39:31+00:00","breadcrumb":{"@id":"https:\/\/aivlisoft.net\/shop\/producto\/synology-sa3400d-12bay-sas-enterprise-server\/#breadcrumb"},"inLanguage":"es","potentialAction":[{"@type":"ReadAction","target":["https:\/\/aivlisoft.net\/shop\/producto\/synology-sa3400d-12bay-sas-enterprise-server\/"]}]},{"@type":"ImageObject","inLanguage":"es","@id":"https:\/\/aivlisoft.net\/shop\/producto\/synology-sa3400d-12bay-sas-enterprise-server\/#primaryimage","url":"https:\/\/aivlisoft.net\/shop\/wp-content\/uploads\/2025\/01\/NARARA0097_800.jpg","contentUrl":"https:\/\/aivlisoft.net\/shop\/wp-content\/uploads\/2025\/01\/NARARA0097_800.jpg","width":800,"height":800},{"@type":"BreadcrumbList","@id":"https:\/\/aivlisoft.net\/shop\/producto\/synology-sa3400d-12bay-sas-enterprise-server\/#breadcrumb","itemListElement":[{"@type":"ListItem","position":1,"name":"Portada","item":"https:\/\/aivlisoft.net\/shop\/"},{"@type":"ListItem","position":2,"name":"Tienda","item":"https:\/\/aivlisoft.net\/shop\/tienda\/"},{"@type":"ListItem","position":3,"name":"Synology SA3400D 12Bay SAS Enterprise Server"}]},{"@type":"WebSite","@id":"https:\/\/aivlisoft.net\/shop\/#website","url":"https:\/\/aivlisoft.net\/shop\/","name":"Aivlisoft Inform\u00e1tica","description":"En Aivlisoft Inform\u00e1tica ofrecemos soluciones tecnol\u00f3gicas para empresas: venta de ordenadores, consumibles, perif\u00e9ricos y m\u00e1s. Calidad, atenci\u00f3n personalizada y los mejores precios para tu negocio.","publisher":{"@id":"https:\/\/aivlisoft.net\/shop\/#organization"},"potentialAction":[{"@type":"SearchAction","target":{"@type":"EntryPoint","urlTemplate":"https:\/\/aivlisoft.net\/shop\/?s={search_term_string}"},"query-input":{"@type":"PropertyValueSpecification","valueRequired":true,"valueName":"search_term_string"}}],"inLanguage":"es"},{"@type":"Organization","@id":"https:\/\/aivlisoft.net\/shop\/#organization","name":"Aivlisoft Inform\u00e1tica","url":"https:\/\/aivlisoft.net\/shop\/","logo":{"@type":"ImageObject","inLanguage":"es","@id":"https:\/\/aivlisoft.net\/shop\/#\/schema\/logo\/image\/","url":"https:\/\/aivlisoft.net\/shop\/wp-content\/uploads\/2024\/12\/removal.ai_5b848c54-0cdf-4140-95c5-c5536bb7573b-logodef.png","contentUrl":"https:\/\/aivlisoft.net\/shop\/wp-content\/uploads\/2024\/12\/removal.ai_5b848c54-0cdf-4140-95c5-c5536bb7573b-logodef.png","width":484,"height":182,"caption":"Aivlisoft Inform\u00e1tica"},"image":{"@id":"https:\/\/aivlisoft.net\/shop\/#\/schema\/logo\/image\/"}}]}},"_links":{"self":[{"href":"https:\/\/aivlisoft.net\/shop\/wp-json\/wp\/v2\/product\/18457","targetHints":{"allow":["GET"]}}],"collection":[{"href":"https:\/\/aivlisoft.net\/shop\/wp-json\/wp\/v2\/product"}],"about":[{"href":"https:\/\/aivlisoft.net\/shop\/wp-json\/wp\/v2\/types\/product"}],"wp:featuredmedia":[{"embeddable":true,"href":"https:\/\/aivlisoft.net\/shop\/wp-json\/wp\/v2\/media\/18458"}],"wp:attachment":[{"href":"https:\/\/aivlisoft.net\/shop\/wp-json\/wp\/v2\/media?parent=18457"}],"wp:term":[{"taxonomy":"product_brand","embeddable":true,"href":"https:\/\/aivlisoft.net\/shop\/wp-json\/wp\/v2\/product_brand?post=18457"},{"taxonomy":"product_cat","embeddable":true,"href":"https:\/\/aivlisoft.net\/shop\/wp-json\/wp\/v2\/product_cat?post=18457"},{"taxonomy":"product_tag","embeddable":true,"href":"https:\/\/aivlisoft.net\/shop\/wp-json\/wp\/v2\/product_tag?post=18457"}],"curies":[{"name":"wp","href":"https:\/\/api.w.org\/{rel}","templated":true}]}}