{"id":18447,"date":"2025-01-13T15:22:16","date_gmt":"2025-01-13T15:22:16","guid":{"rendered":"https:\/\/aivlisoft.com\/?post_type=product&#038;p=18447"},"modified":"2025-01-14T11:39:29","modified_gmt":"2025-01-14T11:39:29","slug":"qnap-ts-1264u-rp-8g-nas-12xhdd-bay-2x2-5gbe","status":"publish","type":"product","link":"https:\/\/aivlisoft.net\/shop\/producto\/qnap-ts-1264u-rp-8g-nas-12xhdd-bay-2x2-5gbe\/","title":{"rendered":"QNAP TS-1264U-RP-8G NAS 12XHDD-Bay 2&#215;2.5GbE"},"content":{"rendered":"<p><\/p>\n<table class=\"tabla_caracteristicas\" width=\"100%\">\n<tr>\n<td valign=\"top\"><strong>Marca <\/strong><\/td>\n<td valign=\"top\">QNAP<\/td>\n<\/tr>\n<tr>\n<td valign=\"top\"><strong>Modelo <\/strong><\/td>\n<td valign=\"top\"><strong>TS-1264U-RP-8G<\/strong><\/td>\n<\/tr>\n<tr>\n<td valign=\"top\"><strong>CPU <\/strong><\/td>\n<td valign=\"top\">&#8211; CPU: Procesador Intel Celeron N5095 de cuatro n&uacute;cleos y cuatro hilos, con potencia de hasta 2,9 GHz<br \/>\t\t\t&#8211; Arquitectura de CPU: x86 de 64 bits<br \/>\t\t\t&#8211; Procesadores gr&aacute;ficos: Intel UHD Graphics<br \/>\t\t\t&#8211; Unidad de coma flotante<br \/>\t\t\t&#8211; Motor de cifrado: (AES-NI)<br \/>\t\t\t&#8211; Transcodificaci&oacute;n acelerada de hardware<\/td>\n<\/tr>\n<tr>\n<td valign=\"top\"><strong>Memoria<\/strong><\/td>\n<td valign=\"top\">&#8211; Memoria del sistema: <strong>8GB <\/strong>de memoria integrada (no ampliable)<br \/>\t\t\t&#8211; Memoria m&aacute;xima: 8GB<\/td>\n<\/tr>\n<tr>\n<td valign=\"top\"><strong>Almacenamiento <\/strong><\/td>\n<td valign=\"top\">&#8211; Memoria flash: <strong>4GB <\/strong>(protecci&oacute;n del sistema operativo de doble arranque)<br \/>\t\t\t&#8211; Bah&iacute;a para unidades: 12 unidades SATA de 3,5&#8243; a 6Gb\/s, 3Gb\/s<br \/>\t\t\t&#8211; Compatibilidad de unidades:<br \/>\t\t\t&nbsp; Unidades de disco duro SATA de 3,5&#8243;<br \/>\t\t\t&nbsp; Unidades de estado s&oacute;lido SATA de 2,5&#8243;<br \/>\t\t\t&#8211; Intercambiable en caliente<br \/>\t\t\t&#8211; Compatibilidad con aceleraci&oacute;n de cach&eacute; SSD<br \/>\t\t\t<strong>Sistema de archivos<\/strong><br \/>\t\t\t&#8211; Unidades internas: <strong>EXT4<\/strong><br \/>\t\t\t&#8211; Unidades externas: <strong>EXT3, EXT4, NTFS, FAT32, HFS+, <\/strong>y<strong> exFAT<\/strong> (optional for ARM model)<br \/>\t\t\t<strong>Tipos de RAID compatibles<\/strong><br \/>\t\t\t&#8211; 8-bay (y m&aacute;s): JBOD, Single, RAID 0, 1, 5, 6, 10, 50, 60<br \/>\t\t\t&#8211; 6-bay: JBOD, Single, RAID 0, 1, 5, 6, 10, 50<br \/>\t\t\t&#8211; 4-bay: JBOD, Single, RAID 0, 1, 5, 6, 10<br \/>\t\t\t&#8211; 2-bay: JBOD, Single, RAID 0, 1<br \/>\t\t\t<strong>Gesti&oacute;n de almacenamiento<\/strong><br \/>\t\t\t&#8211; Tama&ntilde;o m&aacute;ximo de volumen individual: 250 TB<br \/>\t\t\t&#8211; N&uacute;mero m&aacute;ximo de vol&uacute;menes internos: 128<br \/>\t\t\t&#8211; Tama&ntilde;o m&aacute;ximo de carpetas compartidas: 250 TB<br \/>\t\t\t&#8211; N&uacute;mero m&aacute;ximo de carpetas compartidas: 512<\/td>\n<\/tr>\n<tr>\n<td valign=\"top\"><strong>Conexiones <\/strong><\/td>\n<td valign=\"top\">&#8211; 2 x 2,5 GbE (2,5G\/1G\/100M\/10M)<br \/>\t\t\t&#8211; 2 x USB 2.0<br \/>\t\t\t&#8211; 2 x Puerto USB 3.2 Gen 2 tipo A&nbsp;&nbsp;&nbsp;<br \/>\t\t\t&#8211; 1 x HDMI 1.4b<\/td>\n<\/tr>\n<tr>\n<td valign=\"top\"><strong>Caracter&iacute;sticas <\/strong><\/td>\n<td valign=\"top\">&#8211; Wake-on-LAN (WOL)<br \/>\t\t\t&#8211; Jumbo Frame<br \/>\t\t\t&#8211; Servidor de archivos:<br \/>\t\t\t&nbsp; Uso compartido de archivos en Windows, Mac y Linux \/ UNIX<br \/>\t\t\t&nbsp; Redes de Microsoft (CIFS \/ SMB)<br \/>\t\t\t&nbsp; Redes de Apple (AFP)<br \/>\t\t\t&nbsp; NFS version 3\/4 services<br \/>\t\t\t&#8211; Servidor FTP:<br \/>\t\t\t&nbsp; QuFTP<br \/>\t\t\t&nbsp; Protocolos FTP, SFTP y TFTP<br \/>\t\t\t&nbsp; FTP sobre SSL \/ TLS (FTPS expl&iacute;cito)<br \/>\t\t\t&nbsp; Soporte FXP<br \/>\t\t\t&#8211; Conexi&oacute;n FTP m&aacute;xima: 1024<br \/>\t\t\t&#8211; File Station (Web)<br \/>\t\t\t&#8211; Almacenamiento de objetos<br \/>\t\t\t&#8211; Cuenta de usuario local: 4096<br \/>\t\t\t&#8211; Cuenta de grupo local: 512<br \/>\t\t\t&#8211; Usuario de dominio \/ cuenta de grupo: 200.000<br \/>\t\t\t<strong>F&iacute;sicas<\/strong><br \/>\t\t\t&#8211; Formato: Montaje en rack de 2U<br \/>\t\t\t&#8211; Indicadores LED: Unidad de disco duro 1-12, estado, LAN, expansi&oacute;n, alimentaci&oacute;n<br \/>\t\t\t&#8211; Botones: Encendido, Reinicio<br \/>\t\t\t&#8211; Temperatura operativa: 0 &#8211; 40 &deg;C<br \/>\t\t\t&#8211; Temperatura de almacenamiento: -20 &#8211; 70&deg;C<br \/>\t\t\t&#8211; Humedad relativa: 5 ~ 95 % de humedad relativa sin condensaci&oacute;n, bulbo h&uacute;medo: 27 &ordm;C<br \/>\t\t\t&#8211; Unidad de alimentaci&oacute;n el&eacute;ctrica: 300W PSU, 100-240 V<br \/>\t\t\t&#8211; Consumo de energ&iacute;a: Modo suspensi&oacute;n de disco duro: &nbsp;37,854W<br \/>\t\t\t&#8211; Consumo de energ&iacute;a: Modo de funcionamiento, t&iacute;pico: 70,913 W<br \/>\t\t\t&#8211; Ventilador: 2 de 80 mm, 12 V de CC<br \/>\t\t\t&#8211; Advertencia del sistema: Timbre<br \/>\t\t\t&#8211; Max. Number of Concurrent Connections (CIFS) &#8211; with Max. Memory: 1500<br \/>\t\t\t<strong>Dimensiones y peso<\/strong><br \/>\t\t\t&#8211; Dimensiones: 88,7 &times; 482,2 &times; 423,8 mm<br \/>\t\t\t&#8211; Peso (neto): 9,43 kg<\/td>\n<\/tr>\n<tr>\n<td valign=\"top\"><strong>Fecha Revisi&oacute;n <\/strong><\/td>\n<td valign=\"top\">31-05-2023 por RTY<\/td>\n<\/tr>\n<\/table>\n<p>&nbsp;<\/p>\n<p>&nbsp;<\/p>\n","protected":false},"excerpt":{"rendered":"<p>Marca QNAP Modelo TS-1264U-RP-8G CPU &#8211; CPU: Procesador Intel Celeron N5095 de cuatro n&uacute;cleos y cuatro hilos, con potencia de hasta 2,9 GHz &#8211; Arquitectura de CPU: x86 de 64 bits &#8211; Procesadores gr&aacute;ficos: Intel UHD Graphics &#8211; Unidad de coma flotante &#8211; Motor de cifrado: (AES-NI) &#8211; Transcodificaci&oacute;n acelerada de hardware Memoria &#8211; Memoria&hellip;&nbsp;<a href=\"https:\/\/aivlisoft.net\/shop\/producto\/qnap-ts-1264u-rp-8g-nas-12xhdd-bay-2x2-5gbe\/\" rel=\"bookmark\"><span class=\"screen-reader-text\">QNAP TS-1264U-RP-8G NAS 12XHDD-Bay 2&#215;2.5GbE<\/span><\/a><\/p>\n","protected":false},"featured_media":18448,"template":"","meta":{"neve_meta_sidebar":"","neve_meta_container":"","neve_meta_enable_content_width":"","neve_meta_content_width":0,"neve_meta_title_alignment":"","neve_meta_author_avatar":"","neve_post_elements_order":"","neve_meta_disable_header":"","neve_meta_disable_footer":"","neve_meta_disable_title":""},"product_brand":[],"product_cat":[8765],"product_tag":[6730],"class_list":{"0":"post-18447","1":"product","2":"type-product","3":"status-publish","4":"has-post-thumbnail","6":"product_cat-almacenamiento-armario","7":"product_tag-ts-1264u-rp-8g","9":"first","10":"instock","11":"taxable","12":"shipping-taxable","13":"purchasable","14":"product-type-simple"},"yoast_head":"<!-- This site is optimized with the Yoast SEO plugin v26.0 - https:\/\/yoast.com\/wordpress\/plugins\/seo\/ -->\n<title>QNAP TS-1264U-RP-8G NAS 12XHDD-Bay 2x2.5GbE - Aivlisoft Inform\u00e1tica<\/title>\n<meta name=\"robots\" content=\"index, follow, max-snippet:-1, max-image-preview:large, max-video-preview:-1\" \/>\n<link rel=\"canonical\" href=\"https:\/\/aivlisoft.net\/shop\/producto\/qnap-ts-1264u-rp-8g-nas-12xhdd-bay-2x2-5gbe\/\" \/>\n<meta property=\"og:locale\" content=\"es_ES\" \/>\n<meta property=\"og:type\" content=\"article\" \/>\n<meta property=\"og:title\" content=\"QNAP TS-1264U-RP-8G NAS 12XHDD-Bay 2x2.5GbE - Aivlisoft Inform\u00e1tica\" \/>\n<meta property=\"og:description\" content=\"Marca QNAP Modelo TS-1264U-RP-8G CPU &#8211; CPU: Procesador Intel Celeron N5095 de cuatro n&uacute;cleos y cuatro hilos, con potencia de hasta 2,9 GHz &#8211; Arquitectura de CPU: x86 de 64 bits &#8211; Procesadores gr&aacute;ficos: Intel UHD Graphics &#8211; Unidad de coma flotante &#8211; Motor de cifrado: (AES-NI) &#8211; Transcodificaci&oacute;n acelerada de hardware Memoria &#8211; Memoria&hellip;&nbsp;QNAP TS-1264U-RP-8G NAS 12XHDD-Bay 2&#215;2.5GbE\" \/>\n<meta property=\"og:url\" content=\"https:\/\/aivlisoft.net\/shop\/producto\/qnap-ts-1264u-rp-8g-nas-12xhdd-bay-2x2-5gbe\/\" \/>\n<meta property=\"og:site_name\" content=\"Aivlisoft Inform\u00e1tica\" \/>\n<meta property=\"article:modified_time\" content=\"2025-01-14T11:39:29+00:00\" \/>\n<meta property=\"og:image\" content=\"https:\/\/aivlisoft.net\/shop\/wp-content\/uploads\/2025\/01\/NARARA0095_800.jpg\" \/>\n\t<meta property=\"og:image:width\" content=\"800\" \/>\n\t<meta property=\"og:image:height\" content=\"800\" \/>\n\t<meta property=\"og:image:type\" content=\"image\/jpeg\" \/>\n<meta name=\"twitter:card\" content=\"summary_large_image\" \/>\n<meta name=\"twitter:label1\" content=\"Tiempo de lectura\" \/>\n\t<meta name=\"twitter:data1\" content=\"3 minutos\" \/>\n<script type=\"application\/ld+json\" class=\"yoast-schema-graph\">{\"@context\":\"https:\/\/schema.org\",\"@graph\":[{\"@type\":\"WebPage\",\"@id\":\"https:\/\/aivlisoft.net\/shop\/producto\/qnap-ts-1264u-rp-8g-nas-12xhdd-bay-2x2-5gbe\/\",\"url\":\"https:\/\/aivlisoft.net\/shop\/producto\/qnap-ts-1264u-rp-8g-nas-12xhdd-bay-2x2-5gbe\/\",\"name\":\"QNAP TS-1264U-RP-8G NAS 12XHDD-Bay 2x2.5GbE - Aivlisoft Inform\u00e1tica\",\"isPartOf\":{\"@id\":\"https:\/\/aivlisoft.net\/shop\/#website\"},\"primaryImageOfPage\":{\"@id\":\"https:\/\/aivlisoft.net\/shop\/producto\/qnap-ts-1264u-rp-8g-nas-12xhdd-bay-2x2-5gbe\/#primaryimage\"},\"image\":{\"@id\":\"https:\/\/aivlisoft.net\/shop\/producto\/qnap-ts-1264u-rp-8g-nas-12xhdd-bay-2x2-5gbe\/#primaryimage\"},\"thumbnailUrl\":\"https:\/\/aivlisoft.net\/shop\/wp-content\/uploads\/2025\/01\/NARARA0095_800.jpg\",\"datePublished\":\"2025-01-13T15:22:16+00:00\",\"dateModified\":\"2025-01-14T11:39:29+00:00\",\"breadcrumb\":{\"@id\":\"https:\/\/aivlisoft.net\/shop\/producto\/qnap-ts-1264u-rp-8g-nas-12xhdd-bay-2x2-5gbe\/#breadcrumb\"},\"inLanguage\":\"es\",\"potentialAction\":[{\"@type\":\"ReadAction\",\"target\":[\"https:\/\/aivlisoft.net\/shop\/producto\/qnap-ts-1264u-rp-8g-nas-12xhdd-bay-2x2-5gbe\/\"]}]},{\"@type\":\"ImageObject\",\"inLanguage\":\"es\",\"@id\":\"https:\/\/aivlisoft.net\/shop\/producto\/qnap-ts-1264u-rp-8g-nas-12xhdd-bay-2x2-5gbe\/#primaryimage\",\"url\":\"https:\/\/aivlisoft.net\/shop\/wp-content\/uploads\/2025\/01\/NARARA0095_800.jpg\",\"contentUrl\":\"https:\/\/aivlisoft.net\/shop\/wp-content\/uploads\/2025\/01\/NARARA0095_800.jpg\",\"width\":800,\"height\":800},{\"@type\":\"BreadcrumbList\",\"@id\":\"https:\/\/aivlisoft.net\/shop\/producto\/qnap-ts-1264u-rp-8g-nas-12xhdd-bay-2x2-5gbe\/#breadcrumb\",\"itemListElement\":[{\"@type\":\"ListItem\",\"position\":1,\"name\":\"Portada\",\"item\":\"https:\/\/aivlisoft.net\/shop\/\"},{\"@type\":\"ListItem\",\"position\":2,\"name\":\"Tienda\",\"item\":\"https:\/\/aivlisoft.net\/shop\/tienda\/\"},{\"@type\":\"ListItem\",\"position\":3,\"name\":\"QNAP TS-1264U-RP-8G NAS 12XHDD-Bay 2&#215;2.5GbE\"}]},{\"@type\":\"WebSite\",\"@id\":\"https:\/\/aivlisoft.net\/shop\/#website\",\"url\":\"https:\/\/aivlisoft.net\/shop\/\",\"name\":\"Aivlisoft Inform\u00e1tica\",\"description\":\"En Aivlisoft Inform\u00e1tica ofrecemos soluciones tecnol\u00f3gicas para empresas: venta de ordenadores, consumibles, perif\u00e9ricos y m\u00e1s. Calidad, atenci\u00f3n personalizada y los mejores precios para tu negocio.\",\"publisher\":{\"@id\":\"https:\/\/aivlisoft.net\/shop\/#organization\"},\"potentialAction\":[{\"@type\":\"SearchAction\",\"target\":{\"@type\":\"EntryPoint\",\"urlTemplate\":\"https:\/\/aivlisoft.net\/shop\/?s={search_term_string}\"},\"query-input\":{\"@type\":\"PropertyValueSpecification\",\"valueRequired\":true,\"valueName\":\"search_term_string\"}}],\"inLanguage\":\"es\"},{\"@type\":\"Organization\",\"@id\":\"https:\/\/aivlisoft.net\/shop\/#organization\",\"name\":\"Aivlisoft Inform\u00e1tica\",\"url\":\"https:\/\/aivlisoft.net\/shop\/\",\"logo\":{\"@type\":\"ImageObject\",\"inLanguage\":\"es\",\"@id\":\"https:\/\/aivlisoft.net\/shop\/#\/schema\/logo\/image\/\",\"url\":\"https:\/\/aivlisoft.net\/shop\/wp-content\/uploads\/2024\/12\/removal.ai_5b848c54-0cdf-4140-95c5-c5536bb7573b-logodef.png\",\"contentUrl\":\"https:\/\/aivlisoft.net\/shop\/wp-content\/uploads\/2024\/12\/removal.ai_5b848c54-0cdf-4140-95c5-c5536bb7573b-logodef.png\",\"width\":484,\"height\":182,\"caption\":\"Aivlisoft Inform\u00e1tica\"},\"image\":{\"@id\":\"https:\/\/aivlisoft.net\/shop\/#\/schema\/logo\/image\/\"}}]}<\/script>\n<!-- \/ Yoast SEO plugin. -->","yoast_head_json":{"title":"QNAP TS-1264U-RP-8G NAS 12XHDD-Bay 2x2.5GbE - Aivlisoft Inform\u00e1tica","robots":{"index":"index","follow":"follow","max-snippet":"max-snippet:-1","max-image-preview":"max-image-preview:large","max-video-preview":"max-video-preview:-1"},"canonical":"https:\/\/aivlisoft.net\/shop\/producto\/qnap-ts-1264u-rp-8g-nas-12xhdd-bay-2x2-5gbe\/","og_locale":"es_ES","og_type":"article","og_title":"QNAP TS-1264U-RP-8G NAS 12XHDD-Bay 2x2.5GbE - Aivlisoft Inform\u00e1tica","og_description":"Marca QNAP Modelo TS-1264U-RP-8G CPU &#8211; CPU: Procesador Intel Celeron N5095 de cuatro n&uacute;cleos y cuatro hilos, con potencia de hasta 2,9 GHz &#8211; Arquitectura de CPU: x86 de 64 bits &#8211; Procesadores gr&aacute;ficos: Intel UHD Graphics &#8211; Unidad de coma flotante &#8211; Motor de cifrado: (AES-NI) &#8211; Transcodificaci&oacute;n acelerada de hardware Memoria &#8211; Memoria&hellip;&nbsp;QNAP TS-1264U-RP-8G NAS 12XHDD-Bay 2&#215;2.5GbE","og_url":"https:\/\/aivlisoft.net\/shop\/producto\/qnap-ts-1264u-rp-8g-nas-12xhdd-bay-2x2-5gbe\/","og_site_name":"Aivlisoft Inform\u00e1tica","article_modified_time":"2025-01-14T11:39:29+00:00","og_image":[{"width":800,"height":800,"url":"https:\/\/aivlisoft.net\/shop\/wp-content\/uploads\/2025\/01\/NARARA0095_800.jpg","type":"image\/jpeg"}],"twitter_card":"summary_large_image","twitter_misc":{"Tiempo de lectura":"3 minutos"},"schema":{"@context":"https:\/\/schema.org","@graph":[{"@type":"WebPage","@id":"https:\/\/aivlisoft.net\/shop\/producto\/qnap-ts-1264u-rp-8g-nas-12xhdd-bay-2x2-5gbe\/","url":"https:\/\/aivlisoft.net\/shop\/producto\/qnap-ts-1264u-rp-8g-nas-12xhdd-bay-2x2-5gbe\/","name":"QNAP TS-1264U-RP-8G NAS 12XHDD-Bay 2x2.5GbE - Aivlisoft Inform\u00e1tica","isPartOf":{"@id":"https:\/\/aivlisoft.net\/shop\/#website"},"primaryImageOfPage":{"@id":"https:\/\/aivlisoft.net\/shop\/producto\/qnap-ts-1264u-rp-8g-nas-12xhdd-bay-2x2-5gbe\/#primaryimage"},"image":{"@id":"https:\/\/aivlisoft.net\/shop\/producto\/qnap-ts-1264u-rp-8g-nas-12xhdd-bay-2x2-5gbe\/#primaryimage"},"thumbnailUrl":"https:\/\/aivlisoft.net\/shop\/wp-content\/uploads\/2025\/01\/NARARA0095_800.jpg","datePublished":"2025-01-13T15:22:16+00:00","dateModified":"2025-01-14T11:39:29+00:00","breadcrumb":{"@id":"https:\/\/aivlisoft.net\/shop\/producto\/qnap-ts-1264u-rp-8g-nas-12xhdd-bay-2x2-5gbe\/#breadcrumb"},"inLanguage":"es","potentialAction":[{"@type":"ReadAction","target":["https:\/\/aivlisoft.net\/shop\/producto\/qnap-ts-1264u-rp-8g-nas-12xhdd-bay-2x2-5gbe\/"]}]},{"@type":"ImageObject","inLanguage":"es","@id":"https:\/\/aivlisoft.net\/shop\/producto\/qnap-ts-1264u-rp-8g-nas-12xhdd-bay-2x2-5gbe\/#primaryimage","url":"https:\/\/aivlisoft.net\/shop\/wp-content\/uploads\/2025\/01\/NARARA0095_800.jpg","contentUrl":"https:\/\/aivlisoft.net\/shop\/wp-content\/uploads\/2025\/01\/NARARA0095_800.jpg","width":800,"height":800},{"@type":"BreadcrumbList","@id":"https:\/\/aivlisoft.net\/shop\/producto\/qnap-ts-1264u-rp-8g-nas-12xhdd-bay-2x2-5gbe\/#breadcrumb","itemListElement":[{"@type":"ListItem","position":1,"name":"Portada","item":"https:\/\/aivlisoft.net\/shop\/"},{"@type":"ListItem","position":2,"name":"Tienda","item":"https:\/\/aivlisoft.net\/shop\/tienda\/"},{"@type":"ListItem","position":3,"name":"QNAP TS-1264U-RP-8G NAS 12XHDD-Bay 2&#215;2.5GbE"}]},{"@type":"WebSite","@id":"https:\/\/aivlisoft.net\/shop\/#website","url":"https:\/\/aivlisoft.net\/shop\/","name":"Aivlisoft Inform\u00e1tica","description":"En Aivlisoft Inform\u00e1tica ofrecemos soluciones tecnol\u00f3gicas para empresas: venta de ordenadores, consumibles, perif\u00e9ricos y m\u00e1s. Calidad, atenci\u00f3n personalizada y los mejores precios para tu negocio.","publisher":{"@id":"https:\/\/aivlisoft.net\/shop\/#organization"},"potentialAction":[{"@type":"SearchAction","target":{"@type":"EntryPoint","urlTemplate":"https:\/\/aivlisoft.net\/shop\/?s={search_term_string}"},"query-input":{"@type":"PropertyValueSpecification","valueRequired":true,"valueName":"search_term_string"}}],"inLanguage":"es"},{"@type":"Organization","@id":"https:\/\/aivlisoft.net\/shop\/#organization","name":"Aivlisoft Inform\u00e1tica","url":"https:\/\/aivlisoft.net\/shop\/","logo":{"@type":"ImageObject","inLanguage":"es","@id":"https:\/\/aivlisoft.net\/shop\/#\/schema\/logo\/image\/","url":"https:\/\/aivlisoft.net\/shop\/wp-content\/uploads\/2024\/12\/removal.ai_5b848c54-0cdf-4140-95c5-c5536bb7573b-logodef.png","contentUrl":"https:\/\/aivlisoft.net\/shop\/wp-content\/uploads\/2024\/12\/removal.ai_5b848c54-0cdf-4140-95c5-c5536bb7573b-logodef.png","width":484,"height":182,"caption":"Aivlisoft Inform\u00e1tica"},"image":{"@id":"https:\/\/aivlisoft.net\/shop\/#\/schema\/logo\/image\/"}}]}},"_links":{"self":[{"href":"https:\/\/aivlisoft.net\/shop\/wp-json\/wp\/v2\/product\/18447","targetHints":{"allow":["GET"]}}],"collection":[{"href":"https:\/\/aivlisoft.net\/shop\/wp-json\/wp\/v2\/product"}],"about":[{"href":"https:\/\/aivlisoft.net\/shop\/wp-json\/wp\/v2\/types\/product"}],"wp:featuredmedia":[{"embeddable":true,"href":"https:\/\/aivlisoft.net\/shop\/wp-json\/wp\/v2\/media\/18448"}],"wp:attachment":[{"href":"https:\/\/aivlisoft.net\/shop\/wp-json\/wp\/v2\/media?parent=18447"}],"wp:term":[{"taxonomy":"product_brand","embeddable":true,"href":"https:\/\/aivlisoft.net\/shop\/wp-json\/wp\/v2\/product_brand?post=18447"},{"taxonomy":"product_cat","embeddable":true,"href":"https:\/\/aivlisoft.net\/shop\/wp-json\/wp\/v2\/product_cat?post=18447"},{"taxonomy":"product_tag","embeddable":true,"href":"https:\/\/aivlisoft.net\/shop\/wp-json\/wp\/v2\/product_tag?post=18447"}],"curies":[{"name":"wp","href":"https:\/\/api.w.org\/{rel}","templated":true}]}}