{"id":18422,"date":"2025-01-13T15:22:01","date_gmt":"2025-01-13T15:22:01","guid":{"rendered":"https:\/\/aivlisoft.com\/?post_type=product&#038;p=18422"},"modified":"2025-01-14T11:39:19","modified_gmt":"2025-01-14T11:39:19","slug":"synology-rs2423-nas-12bay-rackstation-2xgbe-1x10g","status":"publish","type":"product","link":"https:\/\/aivlisoft.net\/shop\/producto\/synology-rs2423-nas-12bay-rackstation-2xgbe-1x10g\/","title":{"rendered":"Synology RS2423+ NAS 12Bay RackStation 2xGbE 1x10G"},"content":{"rendered":"<p><\/p>\n<p>&nbsp;<\/p>\n<table class=\"tabla_caracteristicas k-table\" width=\"100%\">\n<tr>\n<td valign=\"top\"><strong>Marca <\/strong><\/td>\n<td valign=\"top\">Synology<\/td>\n<\/tr>\n<tr>\n<td valign=\"top\"><strong>Modelo <\/strong><\/td>\n<td valign=\"top\"><strong>RS2423+<\/strong><\/td>\n<\/tr>\n<tr>\n<td valign=\"top\"><strong>CPU <\/strong><\/td>\n<td valign=\"top\">&#8211; 1x AMD Ryzen V1780B 64-bit 4-core 3.35 (base) \/ 3.6 (turbo) GHz<br \/>\t\t\t&#8211; Motor de cifrado de hardware: S&iacute; (AES-NI)<\/td>\n<\/tr>\n<tr>\n<td valign=\"top\"><strong>Memoria<\/strong><\/td>\n<td valign=\"top\">\n<div>&#8211; <strong>8GB<\/strong> de UDIMM ECC DDR4 (ampliable hasta 32 GB)<br \/>\t\t\t&#8211; 2 Ranuras de memoria totales<\/div>\n<\/td>\n<\/tr>\n<tr>\n<td valign=\"top\"><strong>Almacenamiento <\/strong><\/td>\n<td valign=\"top\">\n<div>&#8211; <strong>12<\/strong> x SATA de 3,5&#8243;(HDD) o 2,5&#8243;(SDD) (no se incluyen los discos)<br \/>\t\t\t<strong>&#8211; <\/strong>Unidad de intercambio en caliente<br \/>\t\t\t<strong>Sistema de archivos<\/strong><br \/>\t\t\t&#8211; Unidades internas: <strong>Btrfs, <\/strong><strong>EXT4<\/strong><br \/>\t\t\t&#8211; Unidades externas: <strong>Btrfs, EXT4, EXT3, FAT, NTFS, HFS+, exFAT<br \/>\t\t\t&#8211; <\/strong>Recept&aacute;culos de unidad m&aacute;x. con la unidad de expansi&oacute;n: 24 (RX1223RP x 1)<\/div>\n<\/td>\n<\/tr>\n<tr>\n<td valign=\"top\"><strong>Conexiones <\/strong><\/td>\n<td valign=\"top\">&#8211; 2 x puertos USB 3.2 de 1.&ordf; generaci&oacute;n<br \/>\t\t\t&#8211; 1 x puerto de expansi&oacute;n<br \/>\t\t\t&#8211; 1 x Puerto RJ-45 10GbE LAN<br \/>\t\t\t&#8211; 2 x Puerto RJ-45 1GbE LAN (Con soporte de Conmutaci&oacute;n por error \/ Link Aggregation)<br \/>\t\t\t&#8211; 1 x Expansi&oacute;n PCIe Gen3 x8 slot (x4 link)<\/td>\n<\/tr>\n<tr>\n<td valign=\"top\"><strong>Caracter&iacute;sticas <\/strong><\/td>\n<td valign=\"top\">\n<div>\n<div>\n<div><strong>Apariencia<br \/>\t\t\t&#8211; <\/strong>Factor de forma (RU): 2U<br \/>\t\t\t&#8211; Tama&ntilde;o (Alt x An x Prof):&nbsp; 88 mm x 482 mm x 552 mm<br \/>\t\t\t&#8211; Peso: 11.5 kg<br \/>\t\t\t&#8211; Bastidor de 4 postes de 19&#8243; (Synology Rail Kit: RKS-02) (El kit de ra&iacute;les se vende por separado)<\/div>\n<p>\t\t\t<strong>Otros<\/strong><\/div>\n<\/p><\/div>\n<p>\t\t\t&#8211; Ventilador del sistema:&nbsp; 3 x (60 mm x 60 mm)<br \/>\t\t\t&#8211; Encendido y apagado programado<br \/>\t\t\t&#8211; Despertar con LAN\/WAN<br \/>\t\t\t&#8211; Voltaje de alimentaci&oacute;n de entrada CA: De 100V a 240V CA<br \/>\t\t\t<strong>Contenido del paquete:<\/strong><br \/>\t\t\t&#8211; 1x Unidad principal<br \/>\t\t\t&#8211; 1x Paquete de accesorios<br \/>\t\t\t&#8211; 1x Cable de alimentaci&oacute;n CA<br \/>\t\t\t&#8211; 1x Gu&iacute;a de instalaci&oacute;n r&aacute;pida<\/td>\n<\/tr>\n<tr>\n<td valign=\"top\"><strong>Fecha Revisi&oacute;n <\/strong><\/td>\n<td valign=\"top\">17-04-2023 por HBG<\/td>\n<\/tr>\n<\/table>\n","protected":false},"excerpt":{"rendered":"<p>&nbsp; Marca Synology Modelo RS2423+ CPU &#8211; 1x AMD Ryzen V1780B 64-bit 4-core 3.35 (base) \/ 3.6 (turbo) GHz &#8211; Motor de cifrado de hardware: S&iacute; (AES-NI) Memoria &#8211; 8GB de UDIMM ECC DDR4 (ampliable hasta 32 GB) &#8211; 2 Ranuras de memoria totales Almacenamiento &#8211; 12 x SATA de 3,5&#8243;(HDD) o 2,5&#8243;(SDD) (no se&hellip;&nbsp;<a href=\"https:\/\/aivlisoft.net\/shop\/producto\/synology-rs2423-nas-12bay-rackstation-2xgbe-1x10g\/\" rel=\"bookmark\"><span class=\"screen-reader-text\">Synology RS2423+ NAS 12Bay RackStation 2xGbE 1x10G<\/span><\/a><\/p>\n","protected":false},"featured_media":18423,"template":"","meta":{"neve_meta_sidebar":"","neve_meta_container":"","neve_meta_enable_content_width":"","neve_meta_content_width":0,"neve_meta_title_alignment":"","neve_meta_author_avatar":"","neve_post_elements_order":"","neve_meta_disable_header":"","neve_meta_disable_footer":"","neve_meta_disable_title":""},"product_brand":[],"product_cat":[8765],"product_tag":[6725],"class_list":{"0":"post-18422","1":"product","2":"type-product","3":"status-publish","4":"has-post-thumbnail","6":"product_cat-almacenamiento-armario","7":"product_tag-rs2423","9":"first","10":"instock","11":"taxable","12":"shipping-taxable","13":"purchasable","14":"product-type-simple"},"yoast_head":"<!-- This site is optimized with the Yoast SEO plugin v26.0 - https:\/\/yoast.com\/wordpress\/plugins\/seo\/ -->\n<title>Synology RS2423+ NAS 12Bay RackStation 2xGbE 1x10G - Aivlisoft Inform\u00e1tica<\/title>\n<meta name=\"robots\" content=\"index, follow, max-snippet:-1, max-image-preview:large, max-video-preview:-1\" \/>\n<link rel=\"canonical\" href=\"https:\/\/aivlisoft.net\/shop\/producto\/synology-rs2423-nas-12bay-rackstation-2xgbe-1x10g\/\" \/>\n<meta property=\"og:locale\" content=\"es_ES\" \/>\n<meta property=\"og:type\" content=\"article\" \/>\n<meta property=\"og:title\" content=\"Synology RS2423+ NAS 12Bay RackStation 2xGbE 1x10G - Aivlisoft Inform\u00e1tica\" \/>\n<meta property=\"og:description\" content=\"&nbsp; Marca Synology Modelo RS2423+ CPU &#8211; 1x AMD Ryzen V1780B 64-bit 4-core 3.35 (base) \/ 3.6 (turbo) GHz &#8211; Motor de cifrado de hardware: S&iacute; (AES-NI) Memoria &#8211; 8GB de UDIMM ECC DDR4 (ampliable hasta 32 GB) &#8211; 2 Ranuras de memoria totales Almacenamiento &#8211; 12 x SATA de 3,5&#8243;(HDD) o 2,5&#8243;(SDD) (no se&hellip;&nbsp;Synology RS2423+ NAS 12Bay RackStation 2xGbE 1x10G\" \/>\n<meta property=\"og:url\" content=\"https:\/\/aivlisoft.net\/shop\/producto\/synology-rs2423-nas-12bay-rackstation-2xgbe-1x10g\/\" \/>\n<meta property=\"og:site_name\" content=\"Aivlisoft Inform\u00e1tica\" \/>\n<meta property=\"article:modified_time\" content=\"2025-01-14T11:39:19+00:00\" \/>\n<meta property=\"og:image\" content=\"https:\/\/aivlisoft.net\/shop\/wp-content\/uploads\/2025\/01\/NARARA0088_800.jpg\" \/>\n\t<meta property=\"og:image:width\" content=\"800\" \/>\n\t<meta property=\"og:image:height\" content=\"800\" \/>\n\t<meta property=\"og:image:type\" content=\"image\/jpeg\" \/>\n<meta name=\"twitter:card\" content=\"summary_large_image\" \/>\n<meta name=\"twitter:label1\" content=\"Tiempo de lectura\" \/>\n\t<meta name=\"twitter:data1\" content=\"1 minuto\" \/>\n<script type=\"application\/ld+json\" class=\"yoast-schema-graph\">{\"@context\":\"https:\/\/schema.org\",\"@graph\":[{\"@type\":\"WebPage\",\"@id\":\"https:\/\/aivlisoft.net\/shop\/producto\/synology-rs2423-nas-12bay-rackstation-2xgbe-1x10g\/\",\"url\":\"https:\/\/aivlisoft.net\/shop\/producto\/synology-rs2423-nas-12bay-rackstation-2xgbe-1x10g\/\",\"name\":\"Synology RS2423+ NAS 12Bay RackStation 2xGbE 1x10G - Aivlisoft Inform\u00e1tica\",\"isPartOf\":{\"@id\":\"https:\/\/aivlisoft.net\/shop\/#website\"},\"primaryImageOfPage\":{\"@id\":\"https:\/\/aivlisoft.net\/shop\/producto\/synology-rs2423-nas-12bay-rackstation-2xgbe-1x10g\/#primaryimage\"},\"image\":{\"@id\":\"https:\/\/aivlisoft.net\/shop\/producto\/synology-rs2423-nas-12bay-rackstation-2xgbe-1x10g\/#primaryimage\"},\"thumbnailUrl\":\"https:\/\/aivlisoft.net\/shop\/wp-content\/uploads\/2025\/01\/NARARA0088_800.jpg\",\"datePublished\":\"2025-01-13T15:22:01+00:00\",\"dateModified\":\"2025-01-14T11:39:19+00:00\",\"breadcrumb\":{\"@id\":\"https:\/\/aivlisoft.net\/shop\/producto\/synology-rs2423-nas-12bay-rackstation-2xgbe-1x10g\/#breadcrumb\"},\"inLanguage\":\"es\",\"potentialAction\":[{\"@type\":\"ReadAction\",\"target\":[\"https:\/\/aivlisoft.net\/shop\/producto\/synology-rs2423-nas-12bay-rackstation-2xgbe-1x10g\/\"]}]},{\"@type\":\"ImageObject\",\"inLanguage\":\"es\",\"@id\":\"https:\/\/aivlisoft.net\/shop\/producto\/synology-rs2423-nas-12bay-rackstation-2xgbe-1x10g\/#primaryimage\",\"url\":\"https:\/\/aivlisoft.net\/shop\/wp-content\/uploads\/2025\/01\/NARARA0088_800.jpg\",\"contentUrl\":\"https:\/\/aivlisoft.net\/shop\/wp-content\/uploads\/2025\/01\/NARARA0088_800.jpg\",\"width\":800,\"height\":800},{\"@type\":\"BreadcrumbList\",\"@id\":\"https:\/\/aivlisoft.net\/shop\/producto\/synology-rs2423-nas-12bay-rackstation-2xgbe-1x10g\/#breadcrumb\",\"itemListElement\":[{\"@type\":\"ListItem\",\"position\":1,\"name\":\"Portada\",\"item\":\"https:\/\/aivlisoft.net\/shop\/\"},{\"@type\":\"ListItem\",\"position\":2,\"name\":\"Tienda\",\"item\":\"https:\/\/aivlisoft.net\/shop\/tienda\/\"},{\"@type\":\"ListItem\",\"position\":3,\"name\":\"Synology RS2423+ NAS 12Bay RackStation 2xGbE 1x10G\"}]},{\"@type\":\"WebSite\",\"@id\":\"https:\/\/aivlisoft.net\/shop\/#website\",\"url\":\"https:\/\/aivlisoft.net\/shop\/\",\"name\":\"Aivlisoft Inform\u00e1tica\",\"description\":\"En Aivlisoft Inform\u00e1tica ofrecemos soluciones tecnol\u00f3gicas para empresas: venta de ordenadores, consumibles, perif\u00e9ricos y m\u00e1s. Calidad, atenci\u00f3n personalizada y los mejores precios para tu negocio.\",\"publisher\":{\"@id\":\"https:\/\/aivlisoft.net\/shop\/#organization\"},\"potentialAction\":[{\"@type\":\"SearchAction\",\"target\":{\"@type\":\"EntryPoint\",\"urlTemplate\":\"https:\/\/aivlisoft.net\/shop\/?s={search_term_string}\"},\"query-input\":{\"@type\":\"PropertyValueSpecification\",\"valueRequired\":true,\"valueName\":\"search_term_string\"}}],\"inLanguage\":\"es\"},{\"@type\":\"Organization\",\"@id\":\"https:\/\/aivlisoft.net\/shop\/#organization\",\"name\":\"Aivlisoft Inform\u00e1tica\",\"url\":\"https:\/\/aivlisoft.net\/shop\/\",\"logo\":{\"@type\":\"ImageObject\",\"inLanguage\":\"es\",\"@id\":\"https:\/\/aivlisoft.net\/shop\/#\/schema\/logo\/image\/\",\"url\":\"https:\/\/aivlisoft.net\/shop\/wp-content\/uploads\/2024\/12\/removal.ai_5b848c54-0cdf-4140-95c5-c5536bb7573b-logodef.png\",\"contentUrl\":\"https:\/\/aivlisoft.net\/shop\/wp-content\/uploads\/2024\/12\/removal.ai_5b848c54-0cdf-4140-95c5-c5536bb7573b-logodef.png\",\"width\":484,\"height\":182,\"caption\":\"Aivlisoft Inform\u00e1tica\"},\"image\":{\"@id\":\"https:\/\/aivlisoft.net\/shop\/#\/schema\/logo\/image\/\"}}]}<\/script>\n<!-- \/ Yoast SEO plugin. -->","yoast_head_json":{"title":"Synology RS2423+ NAS 12Bay RackStation 2xGbE 1x10G - Aivlisoft Inform\u00e1tica","robots":{"index":"index","follow":"follow","max-snippet":"max-snippet:-1","max-image-preview":"max-image-preview:large","max-video-preview":"max-video-preview:-1"},"canonical":"https:\/\/aivlisoft.net\/shop\/producto\/synology-rs2423-nas-12bay-rackstation-2xgbe-1x10g\/","og_locale":"es_ES","og_type":"article","og_title":"Synology RS2423+ NAS 12Bay RackStation 2xGbE 1x10G - Aivlisoft Inform\u00e1tica","og_description":"&nbsp; Marca Synology Modelo RS2423+ CPU &#8211; 1x AMD Ryzen V1780B 64-bit 4-core 3.35 (base) \/ 3.6 (turbo) GHz &#8211; Motor de cifrado de hardware: S&iacute; (AES-NI) Memoria &#8211; 8GB de UDIMM ECC DDR4 (ampliable hasta 32 GB) &#8211; 2 Ranuras de memoria totales Almacenamiento &#8211; 12 x SATA de 3,5&#8243;(HDD) o 2,5&#8243;(SDD) (no se&hellip;&nbsp;Synology RS2423+ NAS 12Bay RackStation 2xGbE 1x10G","og_url":"https:\/\/aivlisoft.net\/shop\/producto\/synology-rs2423-nas-12bay-rackstation-2xgbe-1x10g\/","og_site_name":"Aivlisoft Inform\u00e1tica","article_modified_time":"2025-01-14T11:39:19+00:00","og_image":[{"width":800,"height":800,"url":"https:\/\/aivlisoft.net\/shop\/wp-content\/uploads\/2025\/01\/NARARA0088_800.jpg","type":"image\/jpeg"}],"twitter_card":"summary_large_image","twitter_misc":{"Tiempo de lectura":"1 minuto"},"schema":{"@context":"https:\/\/schema.org","@graph":[{"@type":"WebPage","@id":"https:\/\/aivlisoft.net\/shop\/producto\/synology-rs2423-nas-12bay-rackstation-2xgbe-1x10g\/","url":"https:\/\/aivlisoft.net\/shop\/producto\/synology-rs2423-nas-12bay-rackstation-2xgbe-1x10g\/","name":"Synology RS2423+ NAS 12Bay RackStation 2xGbE 1x10G - Aivlisoft Inform\u00e1tica","isPartOf":{"@id":"https:\/\/aivlisoft.net\/shop\/#website"},"primaryImageOfPage":{"@id":"https:\/\/aivlisoft.net\/shop\/producto\/synology-rs2423-nas-12bay-rackstation-2xgbe-1x10g\/#primaryimage"},"image":{"@id":"https:\/\/aivlisoft.net\/shop\/producto\/synology-rs2423-nas-12bay-rackstation-2xgbe-1x10g\/#primaryimage"},"thumbnailUrl":"https:\/\/aivlisoft.net\/shop\/wp-content\/uploads\/2025\/01\/NARARA0088_800.jpg","datePublished":"2025-01-13T15:22:01+00:00","dateModified":"2025-01-14T11:39:19+00:00","breadcrumb":{"@id":"https:\/\/aivlisoft.net\/shop\/producto\/synology-rs2423-nas-12bay-rackstation-2xgbe-1x10g\/#breadcrumb"},"inLanguage":"es","potentialAction":[{"@type":"ReadAction","target":["https:\/\/aivlisoft.net\/shop\/producto\/synology-rs2423-nas-12bay-rackstation-2xgbe-1x10g\/"]}]},{"@type":"ImageObject","inLanguage":"es","@id":"https:\/\/aivlisoft.net\/shop\/producto\/synology-rs2423-nas-12bay-rackstation-2xgbe-1x10g\/#primaryimage","url":"https:\/\/aivlisoft.net\/shop\/wp-content\/uploads\/2025\/01\/NARARA0088_800.jpg","contentUrl":"https:\/\/aivlisoft.net\/shop\/wp-content\/uploads\/2025\/01\/NARARA0088_800.jpg","width":800,"height":800},{"@type":"BreadcrumbList","@id":"https:\/\/aivlisoft.net\/shop\/producto\/synology-rs2423-nas-12bay-rackstation-2xgbe-1x10g\/#breadcrumb","itemListElement":[{"@type":"ListItem","position":1,"name":"Portada","item":"https:\/\/aivlisoft.net\/shop\/"},{"@type":"ListItem","position":2,"name":"Tienda","item":"https:\/\/aivlisoft.net\/shop\/tienda\/"},{"@type":"ListItem","position":3,"name":"Synology RS2423+ NAS 12Bay RackStation 2xGbE 1x10G"}]},{"@type":"WebSite","@id":"https:\/\/aivlisoft.net\/shop\/#website","url":"https:\/\/aivlisoft.net\/shop\/","name":"Aivlisoft Inform\u00e1tica","description":"En Aivlisoft Inform\u00e1tica ofrecemos soluciones tecnol\u00f3gicas para empresas: venta de ordenadores, consumibles, perif\u00e9ricos y m\u00e1s. Calidad, atenci\u00f3n personalizada y los mejores precios para tu negocio.","publisher":{"@id":"https:\/\/aivlisoft.net\/shop\/#organization"},"potentialAction":[{"@type":"SearchAction","target":{"@type":"EntryPoint","urlTemplate":"https:\/\/aivlisoft.net\/shop\/?s={search_term_string}"},"query-input":{"@type":"PropertyValueSpecification","valueRequired":true,"valueName":"search_term_string"}}],"inLanguage":"es"},{"@type":"Organization","@id":"https:\/\/aivlisoft.net\/shop\/#organization","name":"Aivlisoft Inform\u00e1tica","url":"https:\/\/aivlisoft.net\/shop\/","logo":{"@type":"ImageObject","inLanguage":"es","@id":"https:\/\/aivlisoft.net\/shop\/#\/schema\/logo\/image\/","url":"https:\/\/aivlisoft.net\/shop\/wp-content\/uploads\/2024\/12\/removal.ai_5b848c54-0cdf-4140-95c5-c5536bb7573b-logodef.png","contentUrl":"https:\/\/aivlisoft.net\/shop\/wp-content\/uploads\/2024\/12\/removal.ai_5b848c54-0cdf-4140-95c5-c5536bb7573b-logodef.png","width":484,"height":182,"caption":"Aivlisoft Inform\u00e1tica"},"image":{"@id":"https:\/\/aivlisoft.net\/shop\/#\/schema\/logo\/image\/"}}]}},"_links":{"self":[{"href":"https:\/\/aivlisoft.net\/shop\/wp-json\/wp\/v2\/product\/18422","targetHints":{"allow":["GET"]}}],"collection":[{"href":"https:\/\/aivlisoft.net\/shop\/wp-json\/wp\/v2\/product"}],"about":[{"href":"https:\/\/aivlisoft.net\/shop\/wp-json\/wp\/v2\/types\/product"}],"wp:featuredmedia":[{"embeddable":true,"href":"https:\/\/aivlisoft.net\/shop\/wp-json\/wp\/v2\/media\/18423"}],"wp:attachment":[{"href":"https:\/\/aivlisoft.net\/shop\/wp-json\/wp\/v2\/media?parent=18422"}],"wp:term":[{"taxonomy":"product_brand","embeddable":true,"href":"https:\/\/aivlisoft.net\/shop\/wp-json\/wp\/v2\/product_brand?post=18422"},{"taxonomy":"product_cat","embeddable":true,"href":"https:\/\/aivlisoft.net\/shop\/wp-json\/wp\/v2\/product_cat?post=18422"},{"taxonomy":"product_tag","embeddable":true,"href":"https:\/\/aivlisoft.net\/shop\/wp-json\/wp\/v2\/product_tag?post=18422"}],"curies":[{"name":"wp","href":"https:\/\/api.w.org\/{rel}","templated":true}]}}