{"id":18417,"date":"2025-01-13T15:21:59","date_gmt":"2025-01-13T15:21:59","guid":{"rendered":"https:\/\/aivlisoft.com\/?post_type=product&#038;p=18417"},"modified":"2025-01-14T11:39:18","modified_gmt":"2025-01-14T11:39:18","slug":"synology-sa3610-nas-12bay-rack-station-4xgbe-2x10g","status":"publish","type":"product","link":"https:\/\/aivlisoft.net\/shop\/producto\/synology-sa3610-nas-12bay-rack-station-4xgbe-2x10g\/","title":{"rendered":"Synology SA3610 NAS 12Bay Rack Station 4xGbE 2x10G"},"content":{"rendered":"<p><\/p>\n<table class=\"tabla_caracteristicas\" width=\"100%\">\n<tr>\n<td valign=\"top\"><strong>Marca<\/strong><\/td>\n<td>Synology<\/td>\n<\/tr>\n<tr>\n<td valign=\"top\"><strong>Modelo<\/strong><\/td>\n<td valign=\"top\"><strong>SA3610<\/strong><\/td>\n<\/tr>\n<tr>\n<td valign=\"top\"><strong>CPU<\/strong><\/td>\n<td valign=\"top\">&#8211; Intel Xeon D-1567 64-bit 12-core 2.1 (base) \/ 2.7 (turbo) GHz<\/td>\n<\/tr>\n<tr>\n<td valign=\"top\"><strong>Memoria<\/strong><\/td>\n<td valign=\"top\">&#8211; 1 x 16 GB DDR4 ECC RDIMM<br \/>\t\t\t&#8211; Ranuras memoria totales: 4<br \/>\t\t\t&#8211; Capacidad de memoria m&aacute;xima: 128 GB (32 GB x 4)<\/td>\n<\/tr>\n<tr>\n<td valign=\"top\"><strong>Almacenamiento<\/strong><\/td>\n<td valign=\"top\"><strong>&#8211; <\/strong>Recept&aacute;culos de unidad: 12<br \/>\t\t\t&#8211; Intercambiables en caliente (Hot Swap)<br \/>\t\t\t<strong>Tipos de unidad compatible<\/strong><br \/>\t\t\t&#8211; Unidad de disco duro SAS de 3,5&#8243;<br \/>\t\t\t&#8211; SSD SAS de 2,5&#8243;<br \/>\t\t\t&#8211; 2.5&#8243; SATA SSD<br \/>\t\t\t&#8211; 3.5&#8243; SATA HDD<\/td>\n<\/tr>\n<tr>\n<td valign=\"top\"><strong>Puertos<\/strong><\/td>\n<td valign=\"top\">&#8211; 2 x Puerto USB 3.2 Gen 1&nbsp;&nbsp; &nbsp;<br \/>\t\t\t&#8211; 4 x Puerto RJ-45 1GbE LAN<br \/>\t\t\t&#8211; 2 x Puerto RJ-45 10GbE LAN<br \/>\t\t\t&#8211; 1 x Puerto LAN de gesti&oacute;n fuera de banda<br \/>\t\t\t&#8211; N&uacute;mero m&aacute;x. de puertos LAN: 15<br \/>\t\t\t&#8211; Puerto de expansi&oacute;n: 1<br \/>\t\t\t&#8211; 2 x Gen3 x8 slots (x8 link)<\/td>\n<\/tr>\n<tr>\n<td valign=\"top\"><strong>Gestion de almacenamiento<\/strong><\/td>\n<td>&#8211; SSD de cach&eacute; de lectura\/escritura<br \/>\t\t\t<strong>&#8211; <\/strong>N&uacute;mero m&aacute;x. de volumen interno<strong>: <\/strong>256<br \/>\t\t\t<strong>Tama&ntilde;o m&aacute;ximo de volumen individual<\/strong><br \/>\t\t\t&#8211; 1 PB (se necesitan 64 GB de memoria, solo para grupos RAID 6)<br \/>\t\t\t&#8211; 200 TB (se necesitan 32 GB de memoria)<br \/>\t\t\t&#8211; 108 TB<br \/>\t\t\t<strong>Tipo de RAID compatible<\/strong><br \/>\t\t\t&#8211; RAID F1<br \/>\t\t\t&#8211; Basic<br \/>\t\t\t&#8211; JBOD<br \/>\t\t\t&#8211; RAID 0<br \/>\t\t\t&#8211; RAID 1<br \/>\t\t\t&#8211; RAID 5<br \/>\t\t\t&#8211; RAID 6<br \/>\t\t\t&#8211; RAID 10<\/td>\n<\/tr>\n<tr>\n<td valign=\"top\"><strong>Servicios de archivos<\/strong><\/td>\n<td>&#8211; Protocolo de archivos: SMB\/AFP\/NFS\/FTP\/WebDAV<br \/>\t\t\t&#8211; N&uacute;mero m&aacute;x. de conexiones SMB\/AFP\/FTP simult&aacute;neas: 4,000<br \/>\t\t\t&#8211; N&uacute;mero m&aacute;x. de conexiones SMB\/AFP\/FTP simult&aacute;neas (con expansi&oacute;n RAM): 10,000<br \/>\t\t\t&#8211; Integraci&oacute;n con Lista de control de acceso de Windows (ACL)<br \/>\t\t\t&#8211; Autenticaci&oacute;n Kerberos de NFS<\/td>\n<\/tr>\n<tr>\n<td valign=\"top\"><strong>Cuentas y carpetas compartidas<\/strong><\/td>\n<td>&#8211; N&uacute;m. m&aacute;ximo de cuentas de usuario local: 16,000<br \/>\t\t\t&#8211; N&uacute;m. m&aacute;ximo de grupos locales: 512<br \/>\t\t\t&#8211; N&uacute;mero m&aacute;x. de carpetas compartidas: 512<br \/>\t\t\t&#8211; N&uacute;mero m&aacute;x. de tareas de sincronizaci&oacute;n de carpetas compartidas: 32<\/td>\n<\/tr>\n<tr>\n<td valign=\"top\"><strong>Otras <\/strong> <strong>caracter&iacute;sticas<\/strong><\/td>\n<td><strong>Caracter&iacute;sticas f&iacute;sicas:<\/strong><br \/>\t\t\t&#8211; Factor de forma: 2U<br \/>\t\t\t&#8211; Dimensiones: 88 mm x 482 mm x 724 mm<br \/>\t\t\t&#8211; Peso: 14.5Kg<br \/>\t\t\t<strong>&#8211; <\/strong>Soporte para instalaci&oacute;n en bastidor<strong>:<\/strong> Bastidor de 4 postes de 19&#8243;<br \/>\t\t\t<strong>Virtualizaci&oacute;n<\/strong><br \/>\t\t\t&#8211; VMware vSphere with VAAI&nbsp;&nbsp; &nbsp;<br \/>\t\t\t&#8211; Citrix Ready&nbsp;&nbsp; &nbsp;<br \/>\t\t\t&#8211; OpenStack<br \/>\t\t\t<strong>Protocolos de red<\/strong><br \/>\t\t\t&#8211; SMB1 (CIFS), SMB2, SMB3, NFSv3, NFSv4, NFSv4.1, NFS Kerberized sessions, iSCSI, Fibre Channel, HTTP, HTTPs, FTP, SNMP, LDAP, CalDAV<br \/>\t\t\t<strong>Exploradores compatibles<\/strong><br \/>\t\t\t&#8211; Google Chrome<br \/>\t\t\t&#8211; Firefox<br \/>\t\t\t&#8211; Microsoft Edge<br \/>\t\t\t&#8211; Safari<br \/>\t\t\t<strong>Alimentaci&oacute;n el&eacute;ctrica<\/strong><br \/>\t\t\t&#8211; Fuente \/ Adaptador de alimentaci&oacute;n: 550 W<br \/>\t\t\t&#8211; Voltaje de alimentaci&oacute;n de entrada CA: 100V to 240V AC || 50\/60 Hz, Monof&aacute;sico<br \/>\t\t\t<strong>Contenido del paquete<\/strong><br \/>\t\t\t&#8211; Unidad principal<br \/>\t\t\t&#8211; Paquete de accesorios<br \/>\t\t\t&#8211; Cable de alimentaci&oacute;n CA<br \/>\t\t\t&#8211; Gu&iacute;a de instalaci&oacute;n r&aacute;pida<\/td>\n<\/tr>\n<tr>\n<td valign=\"top\"><strong>Fecha de revisi&oacute;n<\/strong><\/td>\n<td>09-05-2023 por HBG<\/td>\n<\/tr>\n<\/table>\n","protected":false},"excerpt":{"rendered":"<p>Marca Synology Modelo SA3610 CPU &#8211; Intel Xeon D-1567 64-bit 12-core 2.1 (base) \/ 2.7 (turbo) GHz Memoria &#8211; 1 x 16 GB DDR4 ECC RDIMM &#8211; Ranuras memoria totales: 4 &#8211; Capacidad de memoria m&aacute;xima: 128 GB (32 GB x 4) Almacenamiento &#8211; Recept&aacute;culos de unidad: 12 &#8211; Intercambiables en caliente (Hot Swap) Tipos&hellip;&nbsp;<a href=\"https:\/\/aivlisoft.net\/shop\/producto\/synology-sa3610-nas-12bay-rack-station-4xgbe-2x10g\/\" rel=\"bookmark\"><span class=\"screen-reader-text\">Synology SA3610 NAS 12Bay Rack Station 4xGbE 2x10G<\/span><\/a><\/p>\n","protected":false},"featured_media":18418,"template":"","meta":{"neve_meta_sidebar":"","neve_meta_container":"","neve_meta_enable_content_width":"","neve_meta_content_width":0,"neve_meta_title_alignment":"","neve_meta_author_avatar":"","neve_post_elements_order":"","neve_meta_disable_header":"","neve_meta_disable_footer":"","neve_meta_disable_title":""},"product_brand":[],"product_cat":[8765],"product_tag":[6724],"class_list":{"0":"post-18417","1":"product","2":"type-product","3":"status-publish","4":"has-post-thumbnail","6":"product_cat-almacenamiento-armario","7":"product_tag-sa3610","9":"first","10":"instock","11":"taxable","12":"shipping-taxable","13":"purchasable","14":"product-type-simple"},"yoast_head":"<!-- This site is optimized with the Yoast SEO plugin v26.0 - https:\/\/yoast.com\/wordpress\/plugins\/seo\/ -->\n<title>Synology SA3610 NAS 12Bay Rack Station 4xGbE 2x10G - Aivlisoft Inform\u00e1tica<\/title>\n<meta name=\"robots\" content=\"index, follow, max-snippet:-1, max-image-preview:large, max-video-preview:-1\" \/>\n<link rel=\"canonical\" href=\"https:\/\/aivlisoft.net\/shop\/producto\/synology-sa3610-nas-12bay-rack-station-4xgbe-2x10g\/\" \/>\n<meta property=\"og:locale\" content=\"es_ES\" \/>\n<meta property=\"og:type\" content=\"article\" \/>\n<meta property=\"og:title\" content=\"Synology SA3610 NAS 12Bay Rack Station 4xGbE 2x10G - Aivlisoft Inform\u00e1tica\" \/>\n<meta property=\"og:description\" content=\"Marca Synology Modelo SA3610 CPU &#8211; Intel Xeon D-1567 64-bit 12-core 2.1 (base) \/ 2.7 (turbo) GHz Memoria &#8211; 1 x 16 GB DDR4 ECC RDIMM &#8211; Ranuras memoria totales: 4 &#8211; Capacidad de memoria m&aacute;xima: 128 GB (32 GB x 4) Almacenamiento &#8211; Recept&aacute;culos de unidad: 12 &#8211; Intercambiables en caliente (Hot Swap) Tipos&hellip;&nbsp;Synology SA3610 NAS 12Bay Rack Station 4xGbE 2x10G\" \/>\n<meta property=\"og:url\" content=\"https:\/\/aivlisoft.net\/shop\/producto\/synology-sa3610-nas-12bay-rack-station-4xgbe-2x10g\/\" \/>\n<meta property=\"og:site_name\" content=\"Aivlisoft Inform\u00e1tica\" \/>\n<meta property=\"article:modified_time\" content=\"2025-01-14T11:39:18+00:00\" \/>\n<meta property=\"og:image\" content=\"https:\/\/aivlisoft.net\/shop\/wp-content\/uploads\/2025\/01\/NARARA0087_800.jpg\" \/>\n\t<meta property=\"og:image:width\" content=\"800\" \/>\n\t<meta property=\"og:image:height\" content=\"800\" \/>\n\t<meta property=\"og:image:type\" content=\"image\/jpeg\" \/>\n<meta name=\"twitter:card\" content=\"summary_large_image\" \/>\n<meta name=\"twitter:label1\" content=\"Tiempo de lectura\" \/>\n\t<meta name=\"twitter:data1\" content=\"2 minutos\" \/>\n<script type=\"application\/ld+json\" class=\"yoast-schema-graph\">{\"@context\":\"https:\/\/schema.org\",\"@graph\":[{\"@type\":\"WebPage\",\"@id\":\"https:\/\/aivlisoft.net\/shop\/producto\/synology-sa3610-nas-12bay-rack-station-4xgbe-2x10g\/\",\"url\":\"https:\/\/aivlisoft.net\/shop\/producto\/synology-sa3610-nas-12bay-rack-station-4xgbe-2x10g\/\",\"name\":\"Synology SA3610 NAS 12Bay Rack Station 4xGbE 2x10G - Aivlisoft Inform\u00e1tica\",\"isPartOf\":{\"@id\":\"https:\/\/aivlisoft.net\/shop\/#website\"},\"primaryImageOfPage\":{\"@id\":\"https:\/\/aivlisoft.net\/shop\/producto\/synology-sa3610-nas-12bay-rack-station-4xgbe-2x10g\/#primaryimage\"},\"image\":{\"@id\":\"https:\/\/aivlisoft.net\/shop\/producto\/synology-sa3610-nas-12bay-rack-station-4xgbe-2x10g\/#primaryimage\"},\"thumbnailUrl\":\"https:\/\/aivlisoft.net\/shop\/wp-content\/uploads\/2025\/01\/NARARA0087_800.jpg\",\"datePublished\":\"2025-01-13T15:21:59+00:00\",\"dateModified\":\"2025-01-14T11:39:18+00:00\",\"breadcrumb\":{\"@id\":\"https:\/\/aivlisoft.net\/shop\/producto\/synology-sa3610-nas-12bay-rack-station-4xgbe-2x10g\/#breadcrumb\"},\"inLanguage\":\"es\",\"potentialAction\":[{\"@type\":\"ReadAction\",\"target\":[\"https:\/\/aivlisoft.net\/shop\/producto\/synology-sa3610-nas-12bay-rack-station-4xgbe-2x10g\/\"]}]},{\"@type\":\"ImageObject\",\"inLanguage\":\"es\",\"@id\":\"https:\/\/aivlisoft.net\/shop\/producto\/synology-sa3610-nas-12bay-rack-station-4xgbe-2x10g\/#primaryimage\",\"url\":\"https:\/\/aivlisoft.net\/shop\/wp-content\/uploads\/2025\/01\/NARARA0087_800.jpg\",\"contentUrl\":\"https:\/\/aivlisoft.net\/shop\/wp-content\/uploads\/2025\/01\/NARARA0087_800.jpg\",\"width\":800,\"height\":800},{\"@type\":\"BreadcrumbList\",\"@id\":\"https:\/\/aivlisoft.net\/shop\/producto\/synology-sa3610-nas-12bay-rack-station-4xgbe-2x10g\/#breadcrumb\",\"itemListElement\":[{\"@type\":\"ListItem\",\"position\":1,\"name\":\"Portada\",\"item\":\"https:\/\/aivlisoft.net\/shop\/\"},{\"@type\":\"ListItem\",\"position\":2,\"name\":\"Tienda\",\"item\":\"https:\/\/aivlisoft.net\/shop\/tienda\/\"},{\"@type\":\"ListItem\",\"position\":3,\"name\":\"Synology SA3610 NAS 12Bay Rack Station 4xGbE 2x10G\"}]},{\"@type\":\"WebSite\",\"@id\":\"https:\/\/aivlisoft.net\/shop\/#website\",\"url\":\"https:\/\/aivlisoft.net\/shop\/\",\"name\":\"Aivlisoft Inform\u00e1tica\",\"description\":\"En Aivlisoft Inform\u00e1tica ofrecemos soluciones tecnol\u00f3gicas para empresas: venta de ordenadores, consumibles, perif\u00e9ricos y m\u00e1s. Calidad, atenci\u00f3n personalizada y los mejores precios para tu negocio.\",\"publisher\":{\"@id\":\"https:\/\/aivlisoft.net\/shop\/#organization\"},\"potentialAction\":[{\"@type\":\"SearchAction\",\"target\":{\"@type\":\"EntryPoint\",\"urlTemplate\":\"https:\/\/aivlisoft.net\/shop\/?s={search_term_string}\"},\"query-input\":{\"@type\":\"PropertyValueSpecification\",\"valueRequired\":true,\"valueName\":\"search_term_string\"}}],\"inLanguage\":\"es\"},{\"@type\":\"Organization\",\"@id\":\"https:\/\/aivlisoft.net\/shop\/#organization\",\"name\":\"Aivlisoft Inform\u00e1tica\",\"url\":\"https:\/\/aivlisoft.net\/shop\/\",\"logo\":{\"@type\":\"ImageObject\",\"inLanguage\":\"es\",\"@id\":\"https:\/\/aivlisoft.net\/shop\/#\/schema\/logo\/image\/\",\"url\":\"https:\/\/aivlisoft.net\/shop\/wp-content\/uploads\/2024\/12\/removal.ai_5b848c54-0cdf-4140-95c5-c5536bb7573b-logodef.png\",\"contentUrl\":\"https:\/\/aivlisoft.net\/shop\/wp-content\/uploads\/2024\/12\/removal.ai_5b848c54-0cdf-4140-95c5-c5536bb7573b-logodef.png\",\"width\":484,\"height\":182,\"caption\":\"Aivlisoft Inform\u00e1tica\"},\"image\":{\"@id\":\"https:\/\/aivlisoft.net\/shop\/#\/schema\/logo\/image\/\"}}]}<\/script>\n<!-- \/ Yoast SEO plugin. -->","yoast_head_json":{"title":"Synology SA3610 NAS 12Bay Rack Station 4xGbE 2x10G - Aivlisoft Inform\u00e1tica","robots":{"index":"index","follow":"follow","max-snippet":"max-snippet:-1","max-image-preview":"max-image-preview:large","max-video-preview":"max-video-preview:-1"},"canonical":"https:\/\/aivlisoft.net\/shop\/producto\/synology-sa3610-nas-12bay-rack-station-4xgbe-2x10g\/","og_locale":"es_ES","og_type":"article","og_title":"Synology SA3610 NAS 12Bay Rack Station 4xGbE 2x10G - Aivlisoft Inform\u00e1tica","og_description":"Marca Synology Modelo SA3610 CPU &#8211; Intel Xeon D-1567 64-bit 12-core 2.1 (base) \/ 2.7 (turbo) GHz Memoria &#8211; 1 x 16 GB DDR4 ECC RDIMM &#8211; Ranuras memoria totales: 4 &#8211; Capacidad de memoria m&aacute;xima: 128 GB (32 GB x 4) Almacenamiento &#8211; Recept&aacute;culos de unidad: 12 &#8211; Intercambiables en caliente (Hot Swap) Tipos&hellip;&nbsp;Synology SA3610 NAS 12Bay Rack Station 4xGbE 2x10G","og_url":"https:\/\/aivlisoft.net\/shop\/producto\/synology-sa3610-nas-12bay-rack-station-4xgbe-2x10g\/","og_site_name":"Aivlisoft Inform\u00e1tica","article_modified_time":"2025-01-14T11:39:18+00:00","og_image":[{"width":800,"height":800,"url":"https:\/\/aivlisoft.net\/shop\/wp-content\/uploads\/2025\/01\/NARARA0087_800.jpg","type":"image\/jpeg"}],"twitter_card":"summary_large_image","twitter_misc":{"Tiempo de lectura":"2 minutos"},"schema":{"@context":"https:\/\/schema.org","@graph":[{"@type":"WebPage","@id":"https:\/\/aivlisoft.net\/shop\/producto\/synology-sa3610-nas-12bay-rack-station-4xgbe-2x10g\/","url":"https:\/\/aivlisoft.net\/shop\/producto\/synology-sa3610-nas-12bay-rack-station-4xgbe-2x10g\/","name":"Synology SA3610 NAS 12Bay Rack Station 4xGbE 2x10G - Aivlisoft Inform\u00e1tica","isPartOf":{"@id":"https:\/\/aivlisoft.net\/shop\/#website"},"primaryImageOfPage":{"@id":"https:\/\/aivlisoft.net\/shop\/producto\/synology-sa3610-nas-12bay-rack-station-4xgbe-2x10g\/#primaryimage"},"image":{"@id":"https:\/\/aivlisoft.net\/shop\/producto\/synology-sa3610-nas-12bay-rack-station-4xgbe-2x10g\/#primaryimage"},"thumbnailUrl":"https:\/\/aivlisoft.net\/shop\/wp-content\/uploads\/2025\/01\/NARARA0087_800.jpg","datePublished":"2025-01-13T15:21:59+00:00","dateModified":"2025-01-14T11:39:18+00:00","breadcrumb":{"@id":"https:\/\/aivlisoft.net\/shop\/producto\/synology-sa3610-nas-12bay-rack-station-4xgbe-2x10g\/#breadcrumb"},"inLanguage":"es","potentialAction":[{"@type":"ReadAction","target":["https:\/\/aivlisoft.net\/shop\/producto\/synology-sa3610-nas-12bay-rack-station-4xgbe-2x10g\/"]}]},{"@type":"ImageObject","inLanguage":"es","@id":"https:\/\/aivlisoft.net\/shop\/producto\/synology-sa3610-nas-12bay-rack-station-4xgbe-2x10g\/#primaryimage","url":"https:\/\/aivlisoft.net\/shop\/wp-content\/uploads\/2025\/01\/NARARA0087_800.jpg","contentUrl":"https:\/\/aivlisoft.net\/shop\/wp-content\/uploads\/2025\/01\/NARARA0087_800.jpg","width":800,"height":800},{"@type":"BreadcrumbList","@id":"https:\/\/aivlisoft.net\/shop\/producto\/synology-sa3610-nas-12bay-rack-station-4xgbe-2x10g\/#breadcrumb","itemListElement":[{"@type":"ListItem","position":1,"name":"Portada","item":"https:\/\/aivlisoft.net\/shop\/"},{"@type":"ListItem","position":2,"name":"Tienda","item":"https:\/\/aivlisoft.net\/shop\/tienda\/"},{"@type":"ListItem","position":3,"name":"Synology SA3610 NAS 12Bay Rack Station 4xGbE 2x10G"}]},{"@type":"WebSite","@id":"https:\/\/aivlisoft.net\/shop\/#website","url":"https:\/\/aivlisoft.net\/shop\/","name":"Aivlisoft Inform\u00e1tica","description":"En Aivlisoft Inform\u00e1tica ofrecemos soluciones tecnol\u00f3gicas para empresas: venta de ordenadores, consumibles, perif\u00e9ricos y m\u00e1s. Calidad, atenci\u00f3n personalizada y los mejores precios para tu negocio.","publisher":{"@id":"https:\/\/aivlisoft.net\/shop\/#organization"},"potentialAction":[{"@type":"SearchAction","target":{"@type":"EntryPoint","urlTemplate":"https:\/\/aivlisoft.net\/shop\/?s={search_term_string}"},"query-input":{"@type":"PropertyValueSpecification","valueRequired":true,"valueName":"search_term_string"}}],"inLanguage":"es"},{"@type":"Organization","@id":"https:\/\/aivlisoft.net\/shop\/#organization","name":"Aivlisoft Inform\u00e1tica","url":"https:\/\/aivlisoft.net\/shop\/","logo":{"@type":"ImageObject","inLanguage":"es","@id":"https:\/\/aivlisoft.net\/shop\/#\/schema\/logo\/image\/","url":"https:\/\/aivlisoft.net\/shop\/wp-content\/uploads\/2024\/12\/removal.ai_5b848c54-0cdf-4140-95c5-c5536bb7573b-logodef.png","contentUrl":"https:\/\/aivlisoft.net\/shop\/wp-content\/uploads\/2024\/12\/removal.ai_5b848c54-0cdf-4140-95c5-c5536bb7573b-logodef.png","width":484,"height":182,"caption":"Aivlisoft Inform\u00e1tica"},"image":{"@id":"https:\/\/aivlisoft.net\/shop\/#\/schema\/logo\/image\/"}}]}},"_links":{"self":[{"href":"https:\/\/aivlisoft.net\/shop\/wp-json\/wp\/v2\/product\/18417","targetHints":{"allow":["GET"]}}],"collection":[{"href":"https:\/\/aivlisoft.net\/shop\/wp-json\/wp\/v2\/product"}],"about":[{"href":"https:\/\/aivlisoft.net\/shop\/wp-json\/wp\/v2\/types\/product"}],"wp:featuredmedia":[{"embeddable":true,"href":"https:\/\/aivlisoft.net\/shop\/wp-json\/wp\/v2\/media\/18418"}],"wp:attachment":[{"href":"https:\/\/aivlisoft.net\/shop\/wp-json\/wp\/v2\/media?parent=18417"}],"wp:term":[{"taxonomy":"product_brand","embeddable":true,"href":"https:\/\/aivlisoft.net\/shop\/wp-json\/wp\/v2\/product_brand?post=18417"},{"taxonomy":"product_cat","embeddable":true,"href":"https:\/\/aivlisoft.net\/shop\/wp-json\/wp\/v2\/product_cat?post=18417"},{"taxonomy":"product_tag","embeddable":true,"href":"https:\/\/aivlisoft.net\/shop\/wp-json\/wp\/v2\/product_tag?post=18417"}],"curies":[{"name":"wp","href":"https:\/\/api.w.org\/{rel}","templated":true}]}}