{"id":18412,"date":"2025-01-13T15:21:57","date_gmt":"2025-01-13T15:21:57","guid":{"rendered":"https:\/\/aivlisoft.com\/?post_type=product&#038;p=18412"},"modified":"2025-01-14T11:39:17","modified_gmt":"2025-01-14T11:39:17","slug":"synology-sa3410-nas-12bay-rack-station-4xgbe-2x10g","status":"publish","type":"product","link":"https:\/\/aivlisoft.net\/shop\/producto\/synology-sa3410-nas-12bay-rack-station-4xgbe-2x10g\/","title":{"rendered":"Synology SA3410 NAS 12Bay Rack Station 4xGbE 2x10G"},"content":{"rendered":"<p><\/p>\n<p>&nbsp;<\/p>\n<table class=\"tabla_caracteristicas k-table\" width=\"100%\">\n<tr>\n<td valign=\"top\"><strong>Marca <\/strong><\/td>\n<td valign=\"top\">Synology<\/td>\n<\/tr>\n<tr>\n<td valign=\"top\"><strong>Modelo <\/strong><\/td>\n<td valign=\"top\"><strong>SA3410<\/strong><\/td>\n<\/tr>\n<tr>\n<td valign=\"top\"><strong>CPU <\/strong><\/td>\n<td valign=\"top\">&#8211; Intel Xeon D-1541<br \/>\t\t\t&#8211; Cantidad de CPU: 1<br \/>\t\t\t&#8211; Arquitectura de CPU: 64-bit<br \/>\t\t\t&#8211; Frecuencia de CPU: 8-core 2.1 (base) \/ 2.7 (turbo) GHz<br \/>\t\t\t&#8211; Motor de cifrado de hardware (AES-NI)<\/td>\n<\/tr>\n<tr>\n<td valign=\"top\"><strong>Memoria<\/strong><\/td>\n<td valign=\"top\">&#8211;  <strong>16 GB<\/strong> DDR4 ECC RDIMM (16 GB x 1)<br \/>\t\t\t&#8211; 4 ranuras de memoria<br \/>\t\t\t&#8211; Ampliable hasta: 128 GB<br \/>\t\t\t*No se recomienda instalar m&oacute;dulos de memoria con diferentes capacidades. Consulte la Gu&iacute;a de instalaci&oacute;n de hardware de su producto Synology para saber cu&aacute;les son las configuraciones de memoria recomendadas.<\/td>\n<\/tr>\n<tr>\n<td valign=\"top\"><strong>Almacenamiento <\/strong><\/td>\n<td valign=\"top\">&#8211; Recept&aacute;culos de unidad: 12<br \/>\t\t\t&#8211; Recept&aacute;culos de unidad m&aacute;x. con la unidad de expansi&oacute;n:96 (RX1222sas x 7)<br \/>\t\t\t&#8211; Tipo de unidad compatible (ver todas las unidades de disco duro compatibles) &nbsp;&nbsp; &nbsp;<br \/>\t\t\t&nbsp; Unidad de disco duro SAS de 3,5&#8243;<br \/>\t\t\t&nbsp; SSD SAS de 2,5&#8243;<br \/>\t\t\t&nbsp; 3.5&#8243; SATA HDD<br \/>\t\t\t&nbsp; 2.5&#8243; SATA SSD<br \/>\t\t\t&#8211; Unidad de intercambio en caliente<br \/>\t\t\t* Synology solo garantiza la funcionalidad, la fiabilidad y el rendimiento completos de las unidades Synology enumeradas en la lista de compatibilidad. El uso de componentes no validados puede limitar ciertas funciones y provocar la p&eacute;rdida de datos y la inestabilidad del sistema.<br \/>\t\t\t* El tipo de disco compatible indica los discos para los que se ha probado la compatibilidad con productos de Synology. Este t&eacute;rmino no indica la velocidad m&aacute;xima de conexi&oacute;n de cada recept&aacute;culo de disco duro.<\/td>\n<\/tr>\n<tr>\n<td valign=\"top\"><strong>Conexiones <\/strong><\/td>\n<td valign=\"top\">&#8211; 4 x puerto RJ-45 1GbE LAN: 4 (Con soporte de Conmutaci&oacute;n por error \/ Link Aggregation)<br \/>\t\t\t&#8211; 2 x puerto RJ-45 10GbE LAN: 2 (Con soporte de Conmutaci&oacute;n por error \/ Link Aggregation)<br \/>\t\t\t&#8211; 2 x puerto USB 3.2 Gen: 2<br \/>\t\t\t&#8211; 1 x puerto de expansi&oacute;n<br \/>\t\t\t&#8211; N&uacute;mero m&aacute;x. de puertos LAN: 15<br \/>\t\t\t&#8211; 1 x&nbsp; puerto LAN<br \/>\t\t\t* Los puertos LAN de 1 GbE de este dispositivo tienen un tama&ntilde;o de unidad de transmisi&oacute;n m&aacute;xima (MTU) de 1500 bytes.<\/td>\n<\/tr>\n<tr>\n<td valign=\"top\"><strong>Caracter&iacute;sticas <\/strong><\/td>\n<td valign=\"top\">\n<div><strong>PCLe<\/strong><br \/>\t\t\t&#8211; Expansi&oacute;n PCIe: 2 x Gen3 x8 slots (x8 link)<br \/>\t\t\t<strong>Sistema de archivos<\/strong><br \/>\t\t\t&#8211; Interno: Btrfs, ext4<br \/>\t\t\t&#8211; Externo: Btrfs, ext4, ext3, FAT, NTFS, HFS+, exFAT<br \/>\t\t\t<strong>Ventilaci&oacute;n<\/strong><br \/>\t\t\t&#8211; Ventilador del sistema: 80 mm x 80 mm x 4 pcs<br \/>\t\t\t&#8211; Modo de velocidad de ventilador:<br \/>\t\t\t&nbsp; Modo Velocidad completa<br \/>\t\t\t&nbsp; Modo fresco<br \/>\t\t\t&nbsp; Modo silencioso<br \/>\t\t\t<strong>Alimentaci&oacute;n<\/strong><\/div>\n<div>&#8211; Fuente \/ Adaptador de alimentaci&oacute;n: 550 W<br \/>\t\t\t&#8211; Fuente de alimentaci&oacute;n redundante &nbsp;&nbsp; &nbsp;&nbsp;&nbsp; &nbsp;<br \/>\t\t\t&#8211; Voltaje de alimentaci&oacute;n de entrada CA: 100V to 240V AC<br \/>\t\t\t&#8211; Frecuencia de alimentaci&oacute;n: 50\/60 Hz, Monof&aacute;sico<br \/>\t\t\t&#8211; Consumo de energ&iacute;a:<br \/>\t\t\t&nbsp; 136.15 W (Acceso)<br \/>\t\t\t&nbsp; 58.48 W (Hibernaci&oacute;n de unidad de disco duro) &nbsp;&nbsp;&nbsp;<br \/>\t\t\t<strong>Otros<\/strong><\/div>\n<p>\t\t\t&#8211; Temperatura operativa: De 0 &deg;C a 35 &deg;C (de 32 &deg;F a 95 &deg;F)<br \/>\t\t\t&#8211; Humedad relativa operativa: Del 8 % al 80 % de HR<br \/>\t\t\t&#8211; Temperatura de almacenamiento: De -20 &deg;C a 60 &deg;C (de -5 &deg;F a 140 &deg;F)<br \/>\t\t\t&#8211; Humedad relativa de almacenamiento: Del 5 % al 95 % de HR<br \/>\t\t\t&#8211; Altitud operativa m&aacute;xima: 5000 m (16 400 ft)<br \/>\t\t\t<strong>Dimensiones y peso<\/strong><br \/>\t\t\t&#8211; 88 mm x 482 mm x 724 mm<br \/>\t\t\t&#8211; 14.5 kg<\/td>\n<\/tr>\n<tr>\n<td valign=\"top\"><strong>Fecha Revisi&oacute;n <\/strong><\/td>\n<td valign=\"top\">18-04-2023 por RTY<\/td>\n<\/tr>\n<\/table>\n","protected":false},"excerpt":{"rendered":"<p>&nbsp; Marca Synology Modelo SA3410 CPU &#8211; Intel Xeon D-1541 &#8211; Cantidad de CPU: 1 &#8211; Arquitectura de CPU: 64-bit &#8211; Frecuencia de CPU: 8-core 2.1 (base) \/ 2.7 (turbo) GHz &#8211; Motor de cifrado de hardware (AES-NI) Memoria &#8211; 16 GB DDR4 ECC RDIMM (16 GB x 1) &#8211; 4 ranuras de memoria &#8211;&hellip;&nbsp;<a href=\"https:\/\/aivlisoft.net\/shop\/producto\/synology-sa3410-nas-12bay-rack-station-4xgbe-2x10g\/\" rel=\"bookmark\"><span class=\"screen-reader-text\">Synology SA3410 NAS 12Bay Rack Station 4xGbE 2x10G<\/span><\/a><\/p>\n","protected":false},"featured_media":18413,"template":"","meta":{"neve_meta_sidebar":"","neve_meta_container":"","neve_meta_enable_content_width":"","neve_meta_content_width":0,"neve_meta_title_alignment":"","neve_meta_author_avatar":"","neve_post_elements_order":"","neve_meta_disable_header":"","neve_meta_disable_footer":"","neve_meta_disable_title":""},"product_brand":[],"product_cat":[8765],"product_tag":[6723],"class_list":{"0":"post-18412","1":"product","2":"type-product","3":"status-publish","4":"has-post-thumbnail","6":"product_cat-almacenamiento-armario","7":"product_tag-sa3410","9":"first","10":"instock","11":"taxable","12":"shipping-taxable","13":"purchasable","14":"product-type-simple"},"yoast_head":"<!-- This site is optimized with the Yoast SEO plugin v26.0 - https:\/\/yoast.com\/wordpress\/plugins\/seo\/ -->\n<title>Synology SA3410 NAS 12Bay Rack Station 4xGbE 2x10G - Aivlisoft Inform\u00e1tica<\/title>\n<meta name=\"robots\" content=\"index, follow, max-snippet:-1, max-image-preview:large, max-video-preview:-1\" \/>\n<link rel=\"canonical\" href=\"https:\/\/aivlisoft.net\/shop\/producto\/synology-sa3410-nas-12bay-rack-station-4xgbe-2x10g\/\" \/>\n<meta property=\"og:locale\" content=\"es_ES\" \/>\n<meta property=\"og:type\" content=\"article\" \/>\n<meta property=\"og:title\" content=\"Synology SA3410 NAS 12Bay Rack Station 4xGbE 2x10G - Aivlisoft Inform\u00e1tica\" \/>\n<meta property=\"og:description\" content=\"&nbsp; Marca Synology Modelo SA3410 CPU &#8211; Intel Xeon D-1541 &#8211; Cantidad de CPU: 1 &#8211; Arquitectura de CPU: 64-bit &#8211; Frecuencia de CPU: 8-core 2.1 (base) \/ 2.7 (turbo) GHz &#8211; Motor de cifrado de hardware (AES-NI) Memoria &#8211; 16 GB DDR4 ECC RDIMM (16 GB x 1) &#8211; 4 ranuras de memoria &#8211;&hellip;&nbsp;Synology SA3410 NAS 12Bay Rack Station 4xGbE 2x10G\" \/>\n<meta property=\"og:url\" content=\"https:\/\/aivlisoft.net\/shop\/producto\/synology-sa3410-nas-12bay-rack-station-4xgbe-2x10g\/\" \/>\n<meta property=\"og:site_name\" content=\"Aivlisoft Inform\u00e1tica\" \/>\n<meta property=\"article:modified_time\" content=\"2025-01-14T11:39:17+00:00\" \/>\n<meta property=\"og:image\" content=\"https:\/\/aivlisoft.net\/shop\/wp-content\/uploads\/2025\/01\/NARARA0086_800.jpg\" \/>\n\t<meta property=\"og:image:width\" content=\"800\" \/>\n\t<meta property=\"og:image:height\" content=\"800\" \/>\n\t<meta property=\"og:image:type\" content=\"image\/jpeg\" \/>\n<meta name=\"twitter:card\" content=\"summary_large_image\" \/>\n<meta name=\"twitter:label1\" content=\"Tiempo de lectura\" \/>\n\t<meta name=\"twitter:data1\" content=\"3 minutos\" \/>\n<script type=\"application\/ld+json\" class=\"yoast-schema-graph\">{\"@context\":\"https:\/\/schema.org\",\"@graph\":[{\"@type\":\"WebPage\",\"@id\":\"https:\/\/aivlisoft.net\/shop\/producto\/synology-sa3410-nas-12bay-rack-station-4xgbe-2x10g\/\",\"url\":\"https:\/\/aivlisoft.net\/shop\/producto\/synology-sa3410-nas-12bay-rack-station-4xgbe-2x10g\/\",\"name\":\"Synology SA3410 NAS 12Bay Rack Station 4xGbE 2x10G - Aivlisoft Inform\u00e1tica\",\"isPartOf\":{\"@id\":\"https:\/\/aivlisoft.net\/shop\/#website\"},\"primaryImageOfPage\":{\"@id\":\"https:\/\/aivlisoft.net\/shop\/producto\/synology-sa3410-nas-12bay-rack-station-4xgbe-2x10g\/#primaryimage\"},\"image\":{\"@id\":\"https:\/\/aivlisoft.net\/shop\/producto\/synology-sa3410-nas-12bay-rack-station-4xgbe-2x10g\/#primaryimage\"},\"thumbnailUrl\":\"https:\/\/aivlisoft.net\/shop\/wp-content\/uploads\/2025\/01\/NARARA0086_800.jpg\",\"datePublished\":\"2025-01-13T15:21:57+00:00\",\"dateModified\":\"2025-01-14T11:39:17+00:00\",\"breadcrumb\":{\"@id\":\"https:\/\/aivlisoft.net\/shop\/producto\/synology-sa3410-nas-12bay-rack-station-4xgbe-2x10g\/#breadcrumb\"},\"inLanguage\":\"es\",\"potentialAction\":[{\"@type\":\"ReadAction\",\"target\":[\"https:\/\/aivlisoft.net\/shop\/producto\/synology-sa3410-nas-12bay-rack-station-4xgbe-2x10g\/\"]}]},{\"@type\":\"ImageObject\",\"inLanguage\":\"es\",\"@id\":\"https:\/\/aivlisoft.net\/shop\/producto\/synology-sa3410-nas-12bay-rack-station-4xgbe-2x10g\/#primaryimage\",\"url\":\"https:\/\/aivlisoft.net\/shop\/wp-content\/uploads\/2025\/01\/NARARA0086_800.jpg\",\"contentUrl\":\"https:\/\/aivlisoft.net\/shop\/wp-content\/uploads\/2025\/01\/NARARA0086_800.jpg\",\"width\":800,\"height\":800},{\"@type\":\"BreadcrumbList\",\"@id\":\"https:\/\/aivlisoft.net\/shop\/producto\/synology-sa3410-nas-12bay-rack-station-4xgbe-2x10g\/#breadcrumb\",\"itemListElement\":[{\"@type\":\"ListItem\",\"position\":1,\"name\":\"Portada\",\"item\":\"https:\/\/aivlisoft.net\/shop\/\"},{\"@type\":\"ListItem\",\"position\":2,\"name\":\"Tienda\",\"item\":\"https:\/\/aivlisoft.net\/shop\/tienda\/\"},{\"@type\":\"ListItem\",\"position\":3,\"name\":\"Synology SA3410 NAS 12Bay Rack Station 4xGbE 2x10G\"}]},{\"@type\":\"WebSite\",\"@id\":\"https:\/\/aivlisoft.net\/shop\/#website\",\"url\":\"https:\/\/aivlisoft.net\/shop\/\",\"name\":\"Aivlisoft Inform\u00e1tica\",\"description\":\"En Aivlisoft Inform\u00e1tica ofrecemos soluciones tecnol\u00f3gicas para empresas: venta de ordenadores, consumibles, perif\u00e9ricos y m\u00e1s. Calidad, atenci\u00f3n personalizada y los mejores precios para tu negocio.\",\"publisher\":{\"@id\":\"https:\/\/aivlisoft.net\/shop\/#organization\"},\"potentialAction\":[{\"@type\":\"SearchAction\",\"target\":{\"@type\":\"EntryPoint\",\"urlTemplate\":\"https:\/\/aivlisoft.net\/shop\/?s={search_term_string}\"},\"query-input\":{\"@type\":\"PropertyValueSpecification\",\"valueRequired\":true,\"valueName\":\"search_term_string\"}}],\"inLanguage\":\"es\"},{\"@type\":\"Organization\",\"@id\":\"https:\/\/aivlisoft.net\/shop\/#organization\",\"name\":\"Aivlisoft Inform\u00e1tica\",\"url\":\"https:\/\/aivlisoft.net\/shop\/\",\"logo\":{\"@type\":\"ImageObject\",\"inLanguage\":\"es\",\"@id\":\"https:\/\/aivlisoft.net\/shop\/#\/schema\/logo\/image\/\",\"url\":\"https:\/\/aivlisoft.net\/shop\/wp-content\/uploads\/2024\/12\/removal.ai_5b848c54-0cdf-4140-95c5-c5536bb7573b-logodef.png\",\"contentUrl\":\"https:\/\/aivlisoft.net\/shop\/wp-content\/uploads\/2024\/12\/removal.ai_5b848c54-0cdf-4140-95c5-c5536bb7573b-logodef.png\",\"width\":484,\"height\":182,\"caption\":\"Aivlisoft Inform\u00e1tica\"},\"image\":{\"@id\":\"https:\/\/aivlisoft.net\/shop\/#\/schema\/logo\/image\/\"}}]}<\/script>\n<!-- \/ Yoast SEO plugin. -->","yoast_head_json":{"title":"Synology SA3410 NAS 12Bay Rack Station 4xGbE 2x10G - Aivlisoft Inform\u00e1tica","robots":{"index":"index","follow":"follow","max-snippet":"max-snippet:-1","max-image-preview":"max-image-preview:large","max-video-preview":"max-video-preview:-1"},"canonical":"https:\/\/aivlisoft.net\/shop\/producto\/synology-sa3410-nas-12bay-rack-station-4xgbe-2x10g\/","og_locale":"es_ES","og_type":"article","og_title":"Synology SA3410 NAS 12Bay Rack Station 4xGbE 2x10G - Aivlisoft Inform\u00e1tica","og_description":"&nbsp; Marca Synology Modelo SA3410 CPU &#8211; Intel Xeon D-1541 &#8211; Cantidad de CPU: 1 &#8211; Arquitectura de CPU: 64-bit &#8211; Frecuencia de CPU: 8-core 2.1 (base) \/ 2.7 (turbo) GHz &#8211; Motor de cifrado de hardware (AES-NI) Memoria &#8211; 16 GB DDR4 ECC RDIMM (16 GB x 1) &#8211; 4 ranuras de memoria &#8211;&hellip;&nbsp;Synology SA3410 NAS 12Bay Rack Station 4xGbE 2x10G","og_url":"https:\/\/aivlisoft.net\/shop\/producto\/synology-sa3410-nas-12bay-rack-station-4xgbe-2x10g\/","og_site_name":"Aivlisoft Inform\u00e1tica","article_modified_time":"2025-01-14T11:39:17+00:00","og_image":[{"width":800,"height":800,"url":"https:\/\/aivlisoft.net\/shop\/wp-content\/uploads\/2025\/01\/NARARA0086_800.jpg","type":"image\/jpeg"}],"twitter_card":"summary_large_image","twitter_misc":{"Tiempo de lectura":"3 minutos"},"schema":{"@context":"https:\/\/schema.org","@graph":[{"@type":"WebPage","@id":"https:\/\/aivlisoft.net\/shop\/producto\/synology-sa3410-nas-12bay-rack-station-4xgbe-2x10g\/","url":"https:\/\/aivlisoft.net\/shop\/producto\/synology-sa3410-nas-12bay-rack-station-4xgbe-2x10g\/","name":"Synology SA3410 NAS 12Bay Rack Station 4xGbE 2x10G - Aivlisoft Inform\u00e1tica","isPartOf":{"@id":"https:\/\/aivlisoft.net\/shop\/#website"},"primaryImageOfPage":{"@id":"https:\/\/aivlisoft.net\/shop\/producto\/synology-sa3410-nas-12bay-rack-station-4xgbe-2x10g\/#primaryimage"},"image":{"@id":"https:\/\/aivlisoft.net\/shop\/producto\/synology-sa3410-nas-12bay-rack-station-4xgbe-2x10g\/#primaryimage"},"thumbnailUrl":"https:\/\/aivlisoft.net\/shop\/wp-content\/uploads\/2025\/01\/NARARA0086_800.jpg","datePublished":"2025-01-13T15:21:57+00:00","dateModified":"2025-01-14T11:39:17+00:00","breadcrumb":{"@id":"https:\/\/aivlisoft.net\/shop\/producto\/synology-sa3410-nas-12bay-rack-station-4xgbe-2x10g\/#breadcrumb"},"inLanguage":"es","potentialAction":[{"@type":"ReadAction","target":["https:\/\/aivlisoft.net\/shop\/producto\/synology-sa3410-nas-12bay-rack-station-4xgbe-2x10g\/"]}]},{"@type":"ImageObject","inLanguage":"es","@id":"https:\/\/aivlisoft.net\/shop\/producto\/synology-sa3410-nas-12bay-rack-station-4xgbe-2x10g\/#primaryimage","url":"https:\/\/aivlisoft.net\/shop\/wp-content\/uploads\/2025\/01\/NARARA0086_800.jpg","contentUrl":"https:\/\/aivlisoft.net\/shop\/wp-content\/uploads\/2025\/01\/NARARA0086_800.jpg","width":800,"height":800},{"@type":"BreadcrumbList","@id":"https:\/\/aivlisoft.net\/shop\/producto\/synology-sa3410-nas-12bay-rack-station-4xgbe-2x10g\/#breadcrumb","itemListElement":[{"@type":"ListItem","position":1,"name":"Portada","item":"https:\/\/aivlisoft.net\/shop\/"},{"@type":"ListItem","position":2,"name":"Tienda","item":"https:\/\/aivlisoft.net\/shop\/tienda\/"},{"@type":"ListItem","position":3,"name":"Synology SA3410 NAS 12Bay Rack Station 4xGbE 2x10G"}]},{"@type":"WebSite","@id":"https:\/\/aivlisoft.net\/shop\/#website","url":"https:\/\/aivlisoft.net\/shop\/","name":"Aivlisoft Inform\u00e1tica","description":"En Aivlisoft Inform\u00e1tica ofrecemos soluciones tecnol\u00f3gicas para empresas: venta de ordenadores, consumibles, perif\u00e9ricos y m\u00e1s. Calidad, atenci\u00f3n personalizada y los mejores precios para tu negocio.","publisher":{"@id":"https:\/\/aivlisoft.net\/shop\/#organization"},"potentialAction":[{"@type":"SearchAction","target":{"@type":"EntryPoint","urlTemplate":"https:\/\/aivlisoft.net\/shop\/?s={search_term_string}"},"query-input":{"@type":"PropertyValueSpecification","valueRequired":true,"valueName":"search_term_string"}}],"inLanguage":"es"},{"@type":"Organization","@id":"https:\/\/aivlisoft.net\/shop\/#organization","name":"Aivlisoft Inform\u00e1tica","url":"https:\/\/aivlisoft.net\/shop\/","logo":{"@type":"ImageObject","inLanguage":"es","@id":"https:\/\/aivlisoft.net\/shop\/#\/schema\/logo\/image\/","url":"https:\/\/aivlisoft.net\/shop\/wp-content\/uploads\/2024\/12\/removal.ai_5b848c54-0cdf-4140-95c5-c5536bb7573b-logodef.png","contentUrl":"https:\/\/aivlisoft.net\/shop\/wp-content\/uploads\/2024\/12\/removal.ai_5b848c54-0cdf-4140-95c5-c5536bb7573b-logodef.png","width":484,"height":182,"caption":"Aivlisoft Inform\u00e1tica"},"image":{"@id":"https:\/\/aivlisoft.net\/shop\/#\/schema\/logo\/image\/"}}]}},"_links":{"self":[{"href":"https:\/\/aivlisoft.net\/shop\/wp-json\/wp\/v2\/product\/18412","targetHints":{"allow":["GET"]}}],"collection":[{"href":"https:\/\/aivlisoft.net\/shop\/wp-json\/wp\/v2\/product"}],"about":[{"href":"https:\/\/aivlisoft.net\/shop\/wp-json\/wp\/v2\/types\/product"}],"wp:featuredmedia":[{"embeddable":true,"href":"https:\/\/aivlisoft.net\/shop\/wp-json\/wp\/v2\/media\/18413"}],"wp:attachment":[{"href":"https:\/\/aivlisoft.net\/shop\/wp-json\/wp\/v2\/media?parent=18412"}],"wp:term":[{"taxonomy":"product_brand","embeddable":true,"href":"https:\/\/aivlisoft.net\/shop\/wp-json\/wp\/v2\/product_brand?post=18412"},{"taxonomy":"product_cat","embeddable":true,"href":"https:\/\/aivlisoft.net\/shop\/wp-json\/wp\/v2\/product_cat?post=18412"},{"taxonomy":"product_tag","embeddable":true,"href":"https:\/\/aivlisoft.net\/shop\/wp-json\/wp\/v2\/product_tag?post=18412"}],"curies":[{"name":"wp","href":"https:\/\/api.w.org\/{rel}","templated":true}]}}