{"id":18400,"date":"2025-01-13T15:21:50","date_gmt":"2025-01-13T15:21:50","guid":{"rendered":"https:\/\/aivlisoft.com\/?post_type=product&#038;p=18400"},"modified":"2025-01-14T11:39:09","modified_gmt":"2025-01-14T11:39:09","slug":"synology-rx6022sas-expansion-unit-60bay-rack-4u","status":"publish","type":"product","link":"https:\/\/aivlisoft.net\/shop\/producto\/synology-rx6022sas-expansion-unit-60bay-rack-4u\/","title":{"rendered":"Synology RX6022sas Expansion Unit 60Bay Rack 4U"},"content":{"rendered":"<p>&nbsp;<\/p>\n<table class=\"tabla_caracteristicas k-table\" width=\"100%\">\n<tr>\n<td valign=\"top\"><strong>Marca <\/strong><\/td>\n<td valign=\"top\">Synology<\/td>\n<\/tr>\n<tr>\n<td valign=\"top\"><strong>Modelo <\/strong><\/td>\n<td valign=\"top\"><strong>RX6022sas<\/strong><\/td>\n<\/tr>\n<tr>\n<td valign=\"top\"><strong>Hardware<\/strong><\/td>\n<td valign=\"top\">&#8211; Tipos de discos compatibles: 60 HDD SAS de 3,5&quot; (discos no incluidos)<br \/>\t\t\t&#8211; Unidades intercambiables en caliente<br \/>\t\t\t&#8211; Puertos externos: 1 SAS IN, 1 SAS OUT (mini-SAS HD)<br \/>\t\t\t&#8211; Ventiladores del sistema: 4 x (80 x 80 x 38 mm)<br \/>\t\t\t&#8211; Tensi&oacute;n de alimentaci&oacute;n de entrada CA de 200 a 240 V CA<br \/>\t\t\t&#8211; Frecuencia de alimentaci&oacute;n: 50\/60 Hz, monof&aacute;sica<\/td>\n<\/tr>\n<tr>\n<td valign=\"top\"><strong>Otras caracter&iacute;sticas<\/strong><\/td>\n<td valign=\"top\">\n<div><strong>Apariencia<\/strong><br \/>\t\t\t&#8211; Tama&ntilde;o (Al. x An. x Pr.)<br \/>\t\t\t&nbsp; 176 x 438 x 985 mm<br \/>\t\t\t&nbsp; 176 x 482 x 1.020 mm (con las asas del servidor)<br \/>\t\t\t&#8211; Peso: 33,9 kg<br \/>\t\t\t<strong>Otros<\/strong><\/div>\n<p>\t\t\t&#8211; Temperatura operativa: De 0 &deg;C a 35 &deg;C (de 32 &deg;F a 95 &deg;F)<br \/>\t\t\t&#8211; Humedad relativa operativa: Del 8 % al 80 % de HR<br \/>\t\t\t&#8211; Temperatura de almacenamiento: De -20 &deg;C a 60 &deg;C (de -5 &deg;F a 140 &deg;F)<br \/>\t\t\t&#8211; Humedad relativa de almacenamiento: Del 5 % al 95 % de HR<br \/>\t\t\t&#8211; Altitud operativa m&aacute;xima: 5000 m (16 400 ft)<br \/>\t\t\t&#8211; Seguridad medioambiental: Cumple con la normativa RoHS<br \/>\t\t\t<strong>Contenido de la caja<\/strong><br \/>\t\t\t&#8211; Unidad principal del RX6022sas<br \/>\t\t\t&#8211; 1 kit de ra&iacute;les deslizantes RKS-03<br \/>\t\t\t&#8211; 2 cables de alimentaci&oacute;n de CA<br \/>\t\t\t&#8211; 2 cables de expansi&oacute;n<br \/>\t\t\t&#8211; Paquete de accesorios<br \/>\t\t\t&#8211; Gu&iacute;a de instalaci&oacute;n r&aacute;pida<\/td>\n<\/tr>\n<tr>\n<td valign=\"top\"><strong>Fecha Revisi&oacute;n <\/strong><\/td>\n<td valign=\"top\">16-05-2022 por MPM<\/td>\n<\/tr>\n<\/table>\n","protected":false},"excerpt":{"rendered":"<p>&nbsp; Marca Synology Modelo RX6022sas Hardware &#8211; Tipos de discos compatibles: 60 HDD SAS de 3,5&quot; (discos no incluidos) &#8211; Unidades intercambiables en caliente &#8211; Puertos externos: 1 SAS IN, 1 SAS OUT (mini-SAS HD) &#8211; Ventiladores del sistema: 4 x (80 x 80 x 38 mm) &#8211; Tensi&oacute;n de alimentaci&oacute;n de entrada CA de&hellip;&nbsp;<a href=\"https:\/\/aivlisoft.net\/shop\/producto\/synology-rx6022sas-expansion-unit-60bay-rack-4u\/\" rel=\"bookmark\"><span class=\"screen-reader-text\">Synology RX6022sas Expansion Unit 60Bay Rack 4U<\/span><\/a><\/p>\n","protected":false},"featured_media":18401,"template":"","meta":{"neve_meta_sidebar":"","neve_meta_container":"","neve_meta_enable_content_width":"","neve_meta_content_width":0,"neve_meta_title_alignment":"","neve_meta_author_avatar":"","neve_post_elements_order":"","neve_meta_disable_header":"","neve_meta_disable_footer":"","neve_meta_disable_title":""},"product_brand":[],"product_cat":[8765],"product_tag":[6717],"class_list":{"0":"post-18400","1":"product","2":"type-product","3":"status-publish","4":"has-post-thumbnail","6":"product_cat-almacenamiento-armario","7":"product_tag-rx6022sas","9":"first","10":"instock","11":"taxable","12":"shipping-taxable","13":"purchasable","14":"product-type-simple"},"yoast_head":"<!-- This site is optimized with the Yoast SEO plugin v26.0 - https:\/\/yoast.com\/wordpress\/plugins\/seo\/ -->\n<title>Synology RX6022sas Expansion Unit 60Bay Rack 4U - Aivlisoft Inform\u00e1tica<\/title>\n<meta name=\"robots\" content=\"index, follow, max-snippet:-1, max-image-preview:large, max-video-preview:-1\" \/>\n<link rel=\"canonical\" href=\"https:\/\/aivlisoft.net\/shop\/producto\/synology-rx6022sas-expansion-unit-60bay-rack-4u\/\" \/>\n<meta property=\"og:locale\" content=\"es_ES\" \/>\n<meta property=\"og:type\" content=\"article\" \/>\n<meta property=\"og:title\" content=\"Synology RX6022sas Expansion Unit 60Bay Rack 4U - Aivlisoft Inform\u00e1tica\" \/>\n<meta property=\"og:description\" content=\"&nbsp; Marca Synology Modelo RX6022sas Hardware &#8211; Tipos de discos compatibles: 60 HDD SAS de 3,5&quot; (discos no incluidos) &#8211; Unidades intercambiables en caliente &#8211; Puertos externos: 1 SAS IN, 1 SAS OUT (mini-SAS HD) &#8211; Ventiladores del sistema: 4 x (80 x 80 x 38 mm) &#8211; Tensi&oacute;n de alimentaci&oacute;n de entrada CA de&hellip;&nbsp;Synology RX6022sas Expansion Unit 60Bay Rack 4U\" \/>\n<meta property=\"og:url\" content=\"https:\/\/aivlisoft.net\/shop\/producto\/synology-rx6022sas-expansion-unit-60bay-rack-4u\/\" \/>\n<meta property=\"og:site_name\" content=\"Aivlisoft Inform\u00e1tica\" \/>\n<meta property=\"article:modified_time\" content=\"2025-01-14T11:39:09+00:00\" \/>\n<meta property=\"og:image\" content=\"https:\/\/aivlisoft.net\/shop\/wp-content\/uploads\/2025\/01\/NARARA0079_800.jpg\" \/>\n\t<meta property=\"og:image:width\" content=\"800\" \/>\n\t<meta property=\"og:image:height\" content=\"800\" \/>\n\t<meta property=\"og:image:type\" content=\"image\/jpeg\" \/>\n<meta name=\"twitter:card\" content=\"summary_large_image\" \/>\n<meta name=\"twitter:label1\" content=\"Tiempo de lectura\" \/>\n\t<meta name=\"twitter:data1\" content=\"1 minuto\" \/>\n<script type=\"application\/ld+json\" class=\"yoast-schema-graph\">{\"@context\":\"https:\/\/schema.org\",\"@graph\":[{\"@type\":\"WebPage\",\"@id\":\"https:\/\/aivlisoft.net\/shop\/producto\/synology-rx6022sas-expansion-unit-60bay-rack-4u\/\",\"url\":\"https:\/\/aivlisoft.net\/shop\/producto\/synology-rx6022sas-expansion-unit-60bay-rack-4u\/\",\"name\":\"Synology RX6022sas Expansion Unit 60Bay Rack 4U - Aivlisoft Inform\u00e1tica\",\"isPartOf\":{\"@id\":\"https:\/\/aivlisoft.net\/shop\/#website\"},\"primaryImageOfPage\":{\"@id\":\"https:\/\/aivlisoft.net\/shop\/producto\/synology-rx6022sas-expansion-unit-60bay-rack-4u\/#primaryimage\"},\"image\":{\"@id\":\"https:\/\/aivlisoft.net\/shop\/producto\/synology-rx6022sas-expansion-unit-60bay-rack-4u\/#primaryimage\"},\"thumbnailUrl\":\"https:\/\/aivlisoft.net\/shop\/wp-content\/uploads\/2025\/01\/NARARA0079_800.jpg\",\"datePublished\":\"2025-01-13T15:21:50+00:00\",\"dateModified\":\"2025-01-14T11:39:09+00:00\",\"breadcrumb\":{\"@id\":\"https:\/\/aivlisoft.net\/shop\/producto\/synology-rx6022sas-expansion-unit-60bay-rack-4u\/#breadcrumb\"},\"inLanguage\":\"es\",\"potentialAction\":[{\"@type\":\"ReadAction\",\"target\":[\"https:\/\/aivlisoft.net\/shop\/producto\/synology-rx6022sas-expansion-unit-60bay-rack-4u\/\"]}]},{\"@type\":\"ImageObject\",\"inLanguage\":\"es\",\"@id\":\"https:\/\/aivlisoft.net\/shop\/producto\/synology-rx6022sas-expansion-unit-60bay-rack-4u\/#primaryimage\",\"url\":\"https:\/\/aivlisoft.net\/shop\/wp-content\/uploads\/2025\/01\/NARARA0079_800.jpg\",\"contentUrl\":\"https:\/\/aivlisoft.net\/shop\/wp-content\/uploads\/2025\/01\/NARARA0079_800.jpg\",\"width\":800,\"height\":800},{\"@type\":\"BreadcrumbList\",\"@id\":\"https:\/\/aivlisoft.net\/shop\/producto\/synology-rx6022sas-expansion-unit-60bay-rack-4u\/#breadcrumb\",\"itemListElement\":[{\"@type\":\"ListItem\",\"position\":1,\"name\":\"Portada\",\"item\":\"https:\/\/aivlisoft.net\/shop\/\"},{\"@type\":\"ListItem\",\"position\":2,\"name\":\"Tienda\",\"item\":\"https:\/\/aivlisoft.net\/shop\/tienda\/\"},{\"@type\":\"ListItem\",\"position\":3,\"name\":\"Synology RX6022sas Expansion Unit 60Bay Rack 4U\"}]},{\"@type\":\"WebSite\",\"@id\":\"https:\/\/aivlisoft.net\/shop\/#website\",\"url\":\"https:\/\/aivlisoft.net\/shop\/\",\"name\":\"Aivlisoft Inform\u00e1tica\",\"description\":\"En Aivlisoft Inform\u00e1tica ofrecemos soluciones tecnol\u00f3gicas para empresas: venta de ordenadores, consumibles, perif\u00e9ricos y m\u00e1s. Calidad, atenci\u00f3n personalizada y los mejores precios para tu negocio.\",\"publisher\":{\"@id\":\"https:\/\/aivlisoft.net\/shop\/#organization\"},\"potentialAction\":[{\"@type\":\"SearchAction\",\"target\":{\"@type\":\"EntryPoint\",\"urlTemplate\":\"https:\/\/aivlisoft.net\/shop\/?s={search_term_string}\"},\"query-input\":{\"@type\":\"PropertyValueSpecification\",\"valueRequired\":true,\"valueName\":\"search_term_string\"}}],\"inLanguage\":\"es\"},{\"@type\":\"Organization\",\"@id\":\"https:\/\/aivlisoft.net\/shop\/#organization\",\"name\":\"Aivlisoft Inform\u00e1tica\",\"url\":\"https:\/\/aivlisoft.net\/shop\/\",\"logo\":{\"@type\":\"ImageObject\",\"inLanguage\":\"es\",\"@id\":\"https:\/\/aivlisoft.net\/shop\/#\/schema\/logo\/image\/\",\"url\":\"https:\/\/aivlisoft.net\/shop\/wp-content\/uploads\/2024\/12\/removal.ai_5b848c54-0cdf-4140-95c5-c5536bb7573b-logodef.png\",\"contentUrl\":\"https:\/\/aivlisoft.net\/shop\/wp-content\/uploads\/2024\/12\/removal.ai_5b848c54-0cdf-4140-95c5-c5536bb7573b-logodef.png\",\"width\":484,\"height\":182,\"caption\":\"Aivlisoft Inform\u00e1tica\"},\"image\":{\"@id\":\"https:\/\/aivlisoft.net\/shop\/#\/schema\/logo\/image\/\"}}]}<\/script>\n<!-- \/ Yoast SEO plugin. -->","yoast_head_json":{"title":"Synology RX6022sas Expansion Unit 60Bay Rack 4U - Aivlisoft Inform\u00e1tica","robots":{"index":"index","follow":"follow","max-snippet":"max-snippet:-1","max-image-preview":"max-image-preview:large","max-video-preview":"max-video-preview:-1"},"canonical":"https:\/\/aivlisoft.net\/shop\/producto\/synology-rx6022sas-expansion-unit-60bay-rack-4u\/","og_locale":"es_ES","og_type":"article","og_title":"Synology RX6022sas Expansion Unit 60Bay Rack 4U - Aivlisoft Inform\u00e1tica","og_description":"&nbsp; Marca Synology Modelo RX6022sas Hardware &#8211; Tipos de discos compatibles: 60 HDD SAS de 3,5&quot; (discos no incluidos) &#8211; Unidades intercambiables en caliente &#8211; Puertos externos: 1 SAS IN, 1 SAS OUT (mini-SAS HD) &#8211; Ventiladores del sistema: 4 x (80 x 80 x 38 mm) &#8211; Tensi&oacute;n de alimentaci&oacute;n de entrada CA de&hellip;&nbsp;Synology RX6022sas Expansion Unit 60Bay Rack 4U","og_url":"https:\/\/aivlisoft.net\/shop\/producto\/synology-rx6022sas-expansion-unit-60bay-rack-4u\/","og_site_name":"Aivlisoft Inform\u00e1tica","article_modified_time":"2025-01-14T11:39:09+00:00","og_image":[{"width":800,"height":800,"url":"https:\/\/aivlisoft.net\/shop\/wp-content\/uploads\/2025\/01\/NARARA0079_800.jpg","type":"image\/jpeg"}],"twitter_card":"summary_large_image","twitter_misc":{"Tiempo de lectura":"1 minuto"},"schema":{"@context":"https:\/\/schema.org","@graph":[{"@type":"WebPage","@id":"https:\/\/aivlisoft.net\/shop\/producto\/synology-rx6022sas-expansion-unit-60bay-rack-4u\/","url":"https:\/\/aivlisoft.net\/shop\/producto\/synology-rx6022sas-expansion-unit-60bay-rack-4u\/","name":"Synology RX6022sas Expansion Unit 60Bay Rack 4U - Aivlisoft Inform\u00e1tica","isPartOf":{"@id":"https:\/\/aivlisoft.net\/shop\/#website"},"primaryImageOfPage":{"@id":"https:\/\/aivlisoft.net\/shop\/producto\/synology-rx6022sas-expansion-unit-60bay-rack-4u\/#primaryimage"},"image":{"@id":"https:\/\/aivlisoft.net\/shop\/producto\/synology-rx6022sas-expansion-unit-60bay-rack-4u\/#primaryimage"},"thumbnailUrl":"https:\/\/aivlisoft.net\/shop\/wp-content\/uploads\/2025\/01\/NARARA0079_800.jpg","datePublished":"2025-01-13T15:21:50+00:00","dateModified":"2025-01-14T11:39:09+00:00","breadcrumb":{"@id":"https:\/\/aivlisoft.net\/shop\/producto\/synology-rx6022sas-expansion-unit-60bay-rack-4u\/#breadcrumb"},"inLanguage":"es","potentialAction":[{"@type":"ReadAction","target":["https:\/\/aivlisoft.net\/shop\/producto\/synology-rx6022sas-expansion-unit-60bay-rack-4u\/"]}]},{"@type":"ImageObject","inLanguage":"es","@id":"https:\/\/aivlisoft.net\/shop\/producto\/synology-rx6022sas-expansion-unit-60bay-rack-4u\/#primaryimage","url":"https:\/\/aivlisoft.net\/shop\/wp-content\/uploads\/2025\/01\/NARARA0079_800.jpg","contentUrl":"https:\/\/aivlisoft.net\/shop\/wp-content\/uploads\/2025\/01\/NARARA0079_800.jpg","width":800,"height":800},{"@type":"BreadcrumbList","@id":"https:\/\/aivlisoft.net\/shop\/producto\/synology-rx6022sas-expansion-unit-60bay-rack-4u\/#breadcrumb","itemListElement":[{"@type":"ListItem","position":1,"name":"Portada","item":"https:\/\/aivlisoft.net\/shop\/"},{"@type":"ListItem","position":2,"name":"Tienda","item":"https:\/\/aivlisoft.net\/shop\/tienda\/"},{"@type":"ListItem","position":3,"name":"Synology RX6022sas Expansion Unit 60Bay Rack 4U"}]},{"@type":"WebSite","@id":"https:\/\/aivlisoft.net\/shop\/#website","url":"https:\/\/aivlisoft.net\/shop\/","name":"Aivlisoft Inform\u00e1tica","description":"En Aivlisoft Inform\u00e1tica ofrecemos soluciones tecnol\u00f3gicas para empresas: venta de ordenadores, consumibles, perif\u00e9ricos y m\u00e1s. Calidad, atenci\u00f3n personalizada y los mejores precios para tu negocio.","publisher":{"@id":"https:\/\/aivlisoft.net\/shop\/#organization"},"potentialAction":[{"@type":"SearchAction","target":{"@type":"EntryPoint","urlTemplate":"https:\/\/aivlisoft.net\/shop\/?s={search_term_string}"},"query-input":{"@type":"PropertyValueSpecification","valueRequired":true,"valueName":"search_term_string"}}],"inLanguage":"es"},{"@type":"Organization","@id":"https:\/\/aivlisoft.net\/shop\/#organization","name":"Aivlisoft Inform\u00e1tica","url":"https:\/\/aivlisoft.net\/shop\/","logo":{"@type":"ImageObject","inLanguage":"es","@id":"https:\/\/aivlisoft.net\/shop\/#\/schema\/logo\/image\/","url":"https:\/\/aivlisoft.net\/shop\/wp-content\/uploads\/2024\/12\/removal.ai_5b848c54-0cdf-4140-95c5-c5536bb7573b-logodef.png","contentUrl":"https:\/\/aivlisoft.net\/shop\/wp-content\/uploads\/2024\/12\/removal.ai_5b848c54-0cdf-4140-95c5-c5536bb7573b-logodef.png","width":484,"height":182,"caption":"Aivlisoft Inform\u00e1tica"},"image":{"@id":"https:\/\/aivlisoft.net\/shop\/#\/schema\/logo\/image\/"}}]}},"_links":{"self":[{"href":"https:\/\/aivlisoft.net\/shop\/wp-json\/wp\/v2\/product\/18400","targetHints":{"allow":["GET"]}}],"collection":[{"href":"https:\/\/aivlisoft.net\/shop\/wp-json\/wp\/v2\/product"}],"about":[{"href":"https:\/\/aivlisoft.net\/shop\/wp-json\/wp\/v2\/types\/product"}],"wp:featuredmedia":[{"embeddable":true,"href":"https:\/\/aivlisoft.net\/shop\/wp-json\/wp\/v2\/media\/18401"}],"wp:attachment":[{"href":"https:\/\/aivlisoft.net\/shop\/wp-json\/wp\/v2\/media?parent=18400"}],"wp:term":[{"taxonomy":"product_brand","embeddable":true,"href":"https:\/\/aivlisoft.net\/shop\/wp-json\/wp\/v2\/product_brand?post=18400"},{"taxonomy":"product_cat","embeddable":true,"href":"https:\/\/aivlisoft.net\/shop\/wp-json\/wp\/v2\/product_cat?post=18400"},{"taxonomy":"product_tag","embeddable":true,"href":"https:\/\/aivlisoft.net\/shop\/wp-json\/wp\/v2\/product_tag?post=18400"}],"curies":[{"name":"wp","href":"https:\/\/api.w.org\/{rel}","templated":true}]}}