{"id":18398,"date":"2025-01-13T15:21:48","date_gmt":"2025-01-13T15:21:48","guid":{"rendered":"https:\/\/aivlisoft.com\/?post_type=product&#038;p=18398"},"modified":"2025-01-14T11:39:08","modified_gmt":"2025-01-14T11:39:08","slug":"synology-hd6500-nas-60bay-rack-station-4u","status":"publish","type":"product","link":"https:\/\/aivlisoft.net\/shop\/producto\/synology-hd6500-nas-60bay-rack-station-4u\/","title":{"rendered":"Synology HD6500 NAS 60Bay Rack Station 4U"},"content":{"rendered":"<p>&nbsp;<\/p>\n<table class=\"tabla_caracteristicas k-table\" width=\"100%\">\n<tr>\n<td valign=\"top\"><strong>Marca <\/strong><\/td>\n<td valign=\"top\">Synology<\/td>\n<\/tr>\n<tr>\n<td valign=\"top\"><strong>Modelo <\/strong><\/td>\n<td valign=\"top\"><strong>HD6500<\/strong><\/td>\n<\/tr>\n<tr>\n<td valign=\"top\"><strong>CPU <\/strong><\/td>\n<td valign=\"top\">&#8211; 2 Intel Xeon Silver 4210R de 10 n&uacute;cleos a 2,4 GHz, Turbo Boost de hasta 3,2 GHz<br \/>\t\t\t&#8211; Motor de cifrado de hardware AES-NI<\/td>\n<\/tr>\n<tr>\n<td valign=\"top\"><strong>Memoria<\/strong><\/td>\n<td valign=\"top\">&#8211;<strong> 64 GB<\/strong> de RDIMM ECC DDR4 (ampliable hasta 512 GB)<\/td>\n<\/tr>\n<tr>\n<td valign=\"top\"><strong>Almacenamiento <\/strong><\/td>\n<td valign=\"top\">&#8211; Unidades del sistema: 2 SSD SATA de 2,5&quot; (incluidos)<br \/>\t\t\t&#8211; Unidades de almacenamiento: 60 HDD SAS de 3,5&quot; (discos no incluidos)<br \/>\t\t\t&#8211; Unidades intercambiables en caliente<\/td>\n<\/tr>\n<tr>\n<td valign=\"top\"><strong>Conexiones <\/strong><\/td>\n<td valign=\"top\">&#8211; 2 puertos USB 3.2 de 1.&ordf; generaci&oacute;n<br \/>\t\t\t&#8211; 2 puertos de expansi&oacute;n (Mini-SAS HD)<br \/>\t\t\t&#8211; 1 RJ-45 de 1 GbE (gesti&oacute;n fuera de banda y transferencia de datos)<br \/>\t\t\t&#8211; 2 RJ-45 de 1 GbE (transferencia de datos)<br \/>\t\t\t&#8211; 2 x 10 GbE RJ-45<\/td>\n<\/tr>\n<tr>\n<td valign=\"top\"><strong>Caracter&iacute;sticas <\/strong><\/td>\n<td valign=\"top\">\n<div>&#8211; Tipos de RAID compatibles Basic, JBOD, RAID 0, RAID 1, RAID 5, RAID 6 y RAID 10<br \/>\t\t\t<strong>Gesti&oacute;n de almacenamiento<\/strong><br \/>\t\t\t&nbsp; Tama&ntilde;o m&aacute;ximo de volumen individual: 200 TB\/1 PB (Peta Volume)<br \/>\t\t\t&nbsp; N&uacute;mero m&aacute;ximo de instant&aacute;neas del sistema: 65 536<br \/>\t\t\t&nbsp; N&uacute;mero m&aacute;ximo de vol&uacute;menes internos: 256<br \/>\t\t\t<strong>Capacidades de uso compartido de archivos<\/strong><br \/>\t\t\t&nbsp; N&uacute;mero m&aacute;ximo de cuentas de usuarios locales: 16.000<br \/>\t\t\t&nbsp; N&uacute;mero m&aacute;ximo de grupos locales: 512<br \/>\t\t\t&nbsp; N&uacute;mero m&aacute;ximo de carpetas compartidas: 512<br \/>\t\t\t&nbsp; N&uacute;mero m&aacute;ximo de conexiones SMB\/NFS\/AFP\/FTP simult&aacute;neas: 6.000<br \/>\t\t\t&#8211; Wake on LAN\/WAN: S&iacute; (solo en puertos de 1 GbE)<br \/>\t\t\t&#8211; Expansi&oacute;n PCIe<br \/>\t\t\t&nbsp; 2 ranura x 8 de ancho, 8 carriles Gen 3.0<br \/>\t\t\t&nbsp; 2 ranuras x 16 de ancho, 16 carriles Gen 3.0<br \/>\t\t\t&nbsp; Compatible con tarjetas de interfaz de red y adaptadores de bus host Fibre Channel<br \/>\t\t\t&#8211; Encendido\/apagado programado<br \/>\t\t\t&#8211; Ventiladores del sistema: 4 x (80 x 80 x 38 mm)<br \/>\t\t\t&#8211; Tensi&oacute;n de alimentaci&oacute;n de entrada CA: de 200 a 240 V CA<br \/>\t\t\t&#8211; Frecuencia de alimentaci&oacute;n: 50\/60 Hz, monof&aacute;sica<br \/>\t\t\t<strong>Sistema de archivos<\/strong><br \/>\t\t\t&#8211; Interno: Btrfs<br \/>\t\t\t&#8211; Externo: Btrfs, ext4, ext3, FAT32, NTFS, HFS+, exFAT<\/div>\n<div><strong>Apariencia<\/strong><br \/>\t\t\t&#8211; Montaje en bastidor 4U<br \/>\t\t\t&#8211; Tama&ntilde;o (Al. x An. x Pr.)<br \/>\t\t\t&nbsp; 176 x 438 x 985 mm<br \/>\t\t\t&nbsp; 176 x 482 x 1020 mm (con las asas del servidor)<br \/>\t\t\t&#8211; Peso: 37,9 kg<br \/>\t\t\t<strong>Otros<\/strong><\/div>\n<p>\t\t\t&#8211; Temperatura operativa: De 0 &deg;C a 35 &deg;C (de 32 &deg;F a 95 &deg;F)<br \/>\t\t\t&#8211; Humedad relativa operativa: Del 8 % al 80 % de HR<br \/>\t\t\t&#8211; Temperatura de almacenamiento: De -20 &deg;C a 60 &deg;C (de -5 &deg;F a 140 &deg;F)<br \/>\t\t\t&#8211; Humedad relativa de almacenamiento: Del 5 % al 95 % de HR<br \/>\t\t\t&#8211; Altitud operativa m&aacute;xima: 5000 m (16 400 ft)<\/td>\n<\/tr>\n<tr>\n<td valign=\"top\"><strong>Fecha Revisi&oacute;n <\/strong><\/td>\n<td valign=\"top\">16-05-2022 por MPM<\/td>\n<\/tr>\n<\/table>\n","protected":false},"excerpt":{"rendered":"<p>&nbsp; Marca Synology Modelo HD6500 CPU &#8211; 2 Intel Xeon Silver 4210R de 10 n&uacute;cleos a 2,4 GHz, Turbo Boost de hasta 3,2 GHz &#8211; Motor de cifrado de hardware AES-NI Memoria &#8211; 64 GB de RDIMM ECC DDR4 (ampliable hasta 512 GB) Almacenamiento &#8211; Unidades del sistema: 2 SSD SATA de 2,5&quot; (incluidos) &#8211;&hellip;&nbsp;<a href=\"https:\/\/aivlisoft.net\/shop\/producto\/synology-hd6500-nas-60bay-rack-station-4u\/\" rel=\"bookmark\"><span class=\"screen-reader-text\">Synology HD6500 NAS 60Bay Rack Station 4U<\/span><\/a><\/p>\n","protected":false},"featured_media":18399,"template":"","meta":{"neve_meta_sidebar":"","neve_meta_container":"","neve_meta_enable_content_width":"","neve_meta_content_width":0,"neve_meta_title_alignment":"","neve_meta_author_avatar":"","neve_post_elements_order":"","neve_meta_disable_header":"","neve_meta_disable_footer":"","neve_meta_disable_title":""},"product_brand":[],"product_cat":[8765],"product_tag":[6716],"class_list":{"0":"post-18398","1":"product","2":"type-product","3":"status-publish","4":"has-post-thumbnail","6":"product_cat-almacenamiento-armario","7":"product_tag-hd6500","9":"first","10":"instock","11":"taxable","12":"shipping-taxable","13":"purchasable","14":"product-type-simple"},"yoast_head":"<!-- This site is optimized with the Yoast SEO plugin v26.0 - https:\/\/yoast.com\/wordpress\/plugins\/seo\/ -->\n<title>Synology HD6500 NAS 60Bay Rack Station 4U - Aivlisoft Inform\u00e1tica<\/title>\n<meta name=\"robots\" content=\"index, follow, max-snippet:-1, max-image-preview:large, max-video-preview:-1\" \/>\n<link rel=\"canonical\" href=\"https:\/\/aivlisoft.net\/shop\/producto\/synology-hd6500-nas-60bay-rack-station-4u\/\" \/>\n<meta property=\"og:locale\" content=\"es_ES\" \/>\n<meta property=\"og:type\" content=\"article\" \/>\n<meta property=\"og:title\" content=\"Synology HD6500 NAS 60Bay Rack Station 4U - Aivlisoft Inform\u00e1tica\" \/>\n<meta property=\"og:description\" content=\"&nbsp; Marca Synology Modelo HD6500 CPU &#8211; 2 Intel Xeon Silver 4210R de 10 n&uacute;cleos a 2,4 GHz, Turbo Boost de hasta 3,2 GHz &#8211; Motor de cifrado de hardware AES-NI Memoria &#8211; 64 GB de RDIMM ECC DDR4 (ampliable hasta 512 GB) Almacenamiento &#8211; Unidades del sistema: 2 SSD SATA de 2,5&quot; (incluidos) &#8211;&hellip;&nbsp;Synology HD6500 NAS 60Bay Rack Station 4U\" \/>\n<meta property=\"og:url\" content=\"https:\/\/aivlisoft.net\/shop\/producto\/synology-hd6500-nas-60bay-rack-station-4u\/\" \/>\n<meta property=\"og:site_name\" content=\"Aivlisoft Inform\u00e1tica\" \/>\n<meta property=\"article:modified_time\" content=\"2025-01-14T11:39:08+00:00\" \/>\n<meta property=\"og:image\" content=\"https:\/\/aivlisoft.net\/shop\/wp-content\/uploads\/2025\/01\/NARARA0078_800.jpg\" \/>\n\t<meta property=\"og:image:width\" content=\"800\" \/>\n\t<meta property=\"og:image:height\" content=\"800\" \/>\n\t<meta property=\"og:image:type\" content=\"image\/jpeg\" \/>\n<meta name=\"twitter:card\" content=\"summary_large_image\" \/>\n<meta name=\"twitter:label1\" content=\"Tiempo de lectura\" \/>\n\t<meta name=\"twitter:data1\" content=\"2 minutos\" \/>\n<script type=\"application\/ld+json\" class=\"yoast-schema-graph\">{\"@context\":\"https:\/\/schema.org\",\"@graph\":[{\"@type\":\"WebPage\",\"@id\":\"https:\/\/aivlisoft.net\/shop\/producto\/synology-hd6500-nas-60bay-rack-station-4u\/\",\"url\":\"https:\/\/aivlisoft.net\/shop\/producto\/synology-hd6500-nas-60bay-rack-station-4u\/\",\"name\":\"Synology HD6500 NAS 60Bay Rack Station 4U - Aivlisoft Inform\u00e1tica\",\"isPartOf\":{\"@id\":\"https:\/\/aivlisoft.net\/shop\/#website\"},\"primaryImageOfPage\":{\"@id\":\"https:\/\/aivlisoft.net\/shop\/producto\/synology-hd6500-nas-60bay-rack-station-4u\/#primaryimage\"},\"image\":{\"@id\":\"https:\/\/aivlisoft.net\/shop\/producto\/synology-hd6500-nas-60bay-rack-station-4u\/#primaryimage\"},\"thumbnailUrl\":\"https:\/\/aivlisoft.net\/shop\/wp-content\/uploads\/2025\/01\/NARARA0078_800.jpg\",\"datePublished\":\"2025-01-13T15:21:48+00:00\",\"dateModified\":\"2025-01-14T11:39:08+00:00\",\"breadcrumb\":{\"@id\":\"https:\/\/aivlisoft.net\/shop\/producto\/synology-hd6500-nas-60bay-rack-station-4u\/#breadcrumb\"},\"inLanguage\":\"es\",\"potentialAction\":[{\"@type\":\"ReadAction\",\"target\":[\"https:\/\/aivlisoft.net\/shop\/producto\/synology-hd6500-nas-60bay-rack-station-4u\/\"]}]},{\"@type\":\"ImageObject\",\"inLanguage\":\"es\",\"@id\":\"https:\/\/aivlisoft.net\/shop\/producto\/synology-hd6500-nas-60bay-rack-station-4u\/#primaryimage\",\"url\":\"https:\/\/aivlisoft.net\/shop\/wp-content\/uploads\/2025\/01\/NARARA0078_800.jpg\",\"contentUrl\":\"https:\/\/aivlisoft.net\/shop\/wp-content\/uploads\/2025\/01\/NARARA0078_800.jpg\",\"width\":800,\"height\":800},{\"@type\":\"BreadcrumbList\",\"@id\":\"https:\/\/aivlisoft.net\/shop\/producto\/synology-hd6500-nas-60bay-rack-station-4u\/#breadcrumb\",\"itemListElement\":[{\"@type\":\"ListItem\",\"position\":1,\"name\":\"Portada\",\"item\":\"https:\/\/aivlisoft.net\/shop\/\"},{\"@type\":\"ListItem\",\"position\":2,\"name\":\"Tienda\",\"item\":\"https:\/\/aivlisoft.net\/shop\/tienda\/\"},{\"@type\":\"ListItem\",\"position\":3,\"name\":\"Synology HD6500 NAS 60Bay Rack Station 4U\"}]},{\"@type\":\"WebSite\",\"@id\":\"https:\/\/aivlisoft.net\/shop\/#website\",\"url\":\"https:\/\/aivlisoft.net\/shop\/\",\"name\":\"Aivlisoft Inform\u00e1tica\",\"description\":\"En Aivlisoft Inform\u00e1tica ofrecemos soluciones tecnol\u00f3gicas para empresas: venta de ordenadores, consumibles, perif\u00e9ricos y m\u00e1s. Calidad, atenci\u00f3n personalizada y los mejores precios para tu negocio.\",\"publisher\":{\"@id\":\"https:\/\/aivlisoft.net\/shop\/#organization\"},\"potentialAction\":[{\"@type\":\"SearchAction\",\"target\":{\"@type\":\"EntryPoint\",\"urlTemplate\":\"https:\/\/aivlisoft.net\/shop\/?s={search_term_string}\"},\"query-input\":{\"@type\":\"PropertyValueSpecification\",\"valueRequired\":true,\"valueName\":\"search_term_string\"}}],\"inLanguage\":\"es\"},{\"@type\":\"Organization\",\"@id\":\"https:\/\/aivlisoft.net\/shop\/#organization\",\"name\":\"Aivlisoft Inform\u00e1tica\",\"url\":\"https:\/\/aivlisoft.net\/shop\/\",\"logo\":{\"@type\":\"ImageObject\",\"inLanguage\":\"es\",\"@id\":\"https:\/\/aivlisoft.net\/shop\/#\/schema\/logo\/image\/\",\"url\":\"https:\/\/aivlisoft.net\/shop\/wp-content\/uploads\/2024\/12\/removal.ai_5b848c54-0cdf-4140-95c5-c5536bb7573b-logodef.png\",\"contentUrl\":\"https:\/\/aivlisoft.net\/shop\/wp-content\/uploads\/2024\/12\/removal.ai_5b848c54-0cdf-4140-95c5-c5536bb7573b-logodef.png\",\"width\":484,\"height\":182,\"caption\":\"Aivlisoft Inform\u00e1tica\"},\"image\":{\"@id\":\"https:\/\/aivlisoft.net\/shop\/#\/schema\/logo\/image\/\"}}]}<\/script>\n<!-- \/ Yoast SEO plugin. -->","yoast_head_json":{"title":"Synology HD6500 NAS 60Bay Rack Station 4U - Aivlisoft Inform\u00e1tica","robots":{"index":"index","follow":"follow","max-snippet":"max-snippet:-1","max-image-preview":"max-image-preview:large","max-video-preview":"max-video-preview:-1"},"canonical":"https:\/\/aivlisoft.net\/shop\/producto\/synology-hd6500-nas-60bay-rack-station-4u\/","og_locale":"es_ES","og_type":"article","og_title":"Synology HD6500 NAS 60Bay Rack Station 4U - Aivlisoft Inform\u00e1tica","og_description":"&nbsp; Marca Synology Modelo HD6500 CPU &#8211; 2 Intel Xeon Silver 4210R de 10 n&uacute;cleos a 2,4 GHz, Turbo Boost de hasta 3,2 GHz &#8211; Motor de cifrado de hardware AES-NI Memoria &#8211; 64 GB de RDIMM ECC DDR4 (ampliable hasta 512 GB) Almacenamiento &#8211; Unidades del sistema: 2 SSD SATA de 2,5&quot; (incluidos) &#8211;&hellip;&nbsp;Synology HD6500 NAS 60Bay Rack Station 4U","og_url":"https:\/\/aivlisoft.net\/shop\/producto\/synology-hd6500-nas-60bay-rack-station-4u\/","og_site_name":"Aivlisoft Inform\u00e1tica","article_modified_time":"2025-01-14T11:39:08+00:00","og_image":[{"width":800,"height":800,"url":"https:\/\/aivlisoft.net\/shop\/wp-content\/uploads\/2025\/01\/NARARA0078_800.jpg","type":"image\/jpeg"}],"twitter_card":"summary_large_image","twitter_misc":{"Tiempo de lectura":"2 minutos"},"schema":{"@context":"https:\/\/schema.org","@graph":[{"@type":"WebPage","@id":"https:\/\/aivlisoft.net\/shop\/producto\/synology-hd6500-nas-60bay-rack-station-4u\/","url":"https:\/\/aivlisoft.net\/shop\/producto\/synology-hd6500-nas-60bay-rack-station-4u\/","name":"Synology HD6500 NAS 60Bay Rack Station 4U - Aivlisoft Inform\u00e1tica","isPartOf":{"@id":"https:\/\/aivlisoft.net\/shop\/#website"},"primaryImageOfPage":{"@id":"https:\/\/aivlisoft.net\/shop\/producto\/synology-hd6500-nas-60bay-rack-station-4u\/#primaryimage"},"image":{"@id":"https:\/\/aivlisoft.net\/shop\/producto\/synology-hd6500-nas-60bay-rack-station-4u\/#primaryimage"},"thumbnailUrl":"https:\/\/aivlisoft.net\/shop\/wp-content\/uploads\/2025\/01\/NARARA0078_800.jpg","datePublished":"2025-01-13T15:21:48+00:00","dateModified":"2025-01-14T11:39:08+00:00","breadcrumb":{"@id":"https:\/\/aivlisoft.net\/shop\/producto\/synology-hd6500-nas-60bay-rack-station-4u\/#breadcrumb"},"inLanguage":"es","potentialAction":[{"@type":"ReadAction","target":["https:\/\/aivlisoft.net\/shop\/producto\/synology-hd6500-nas-60bay-rack-station-4u\/"]}]},{"@type":"ImageObject","inLanguage":"es","@id":"https:\/\/aivlisoft.net\/shop\/producto\/synology-hd6500-nas-60bay-rack-station-4u\/#primaryimage","url":"https:\/\/aivlisoft.net\/shop\/wp-content\/uploads\/2025\/01\/NARARA0078_800.jpg","contentUrl":"https:\/\/aivlisoft.net\/shop\/wp-content\/uploads\/2025\/01\/NARARA0078_800.jpg","width":800,"height":800},{"@type":"BreadcrumbList","@id":"https:\/\/aivlisoft.net\/shop\/producto\/synology-hd6500-nas-60bay-rack-station-4u\/#breadcrumb","itemListElement":[{"@type":"ListItem","position":1,"name":"Portada","item":"https:\/\/aivlisoft.net\/shop\/"},{"@type":"ListItem","position":2,"name":"Tienda","item":"https:\/\/aivlisoft.net\/shop\/tienda\/"},{"@type":"ListItem","position":3,"name":"Synology HD6500 NAS 60Bay Rack Station 4U"}]},{"@type":"WebSite","@id":"https:\/\/aivlisoft.net\/shop\/#website","url":"https:\/\/aivlisoft.net\/shop\/","name":"Aivlisoft Inform\u00e1tica","description":"En Aivlisoft Inform\u00e1tica ofrecemos soluciones tecnol\u00f3gicas para empresas: venta de ordenadores, consumibles, perif\u00e9ricos y m\u00e1s. Calidad, atenci\u00f3n personalizada y los mejores precios para tu negocio.","publisher":{"@id":"https:\/\/aivlisoft.net\/shop\/#organization"},"potentialAction":[{"@type":"SearchAction","target":{"@type":"EntryPoint","urlTemplate":"https:\/\/aivlisoft.net\/shop\/?s={search_term_string}"},"query-input":{"@type":"PropertyValueSpecification","valueRequired":true,"valueName":"search_term_string"}}],"inLanguage":"es"},{"@type":"Organization","@id":"https:\/\/aivlisoft.net\/shop\/#organization","name":"Aivlisoft Inform\u00e1tica","url":"https:\/\/aivlisoft.net\/shop\/","logo":{"@type":"ImageObject","inLanguage":"es","@id":"https:\/\/aivlisoft.net\/shop\/#\/schema\/logo\/image\/","url":"https:\/\/aivlisoft.net\/shop\/wp-content\/uploads\/2024\/12\/removal.ai_5b848c54-0cdf-4140-95c5-c5536bb7573b-logodef.png","contentUrl":"https:\/\/aivlisoft.net\/shop\/wp-content\/uploads\/2024\/12\/removal.ai_5b848c54-0cdf-4140-95c5-c5536bb7573b-logodef.png","width":484,"height":182,"caption":"Aivlisoft Inform\u00e1tica"},"image":{"@id":"https:\/\/aivlisoft.net\/shop\/#\/schema\/logo\/image\/"}}]}},"_links":{"self":[{"href":"https:\/\/aivlisoft.net\/shop\/wp-json\/wp\/v2\/product\/18398","targetHints":{"allow":["GET"]}}],"collection":[{"href":"https:\/\/aivlisoft.net\/shop\/wp-json\/wp\/v2\/product"}],"about":[{"href":"https:\/\/aivlisoft.net\/shop\/wp-json\/wp\/v2\/types\/product"}],"wp:featuredmedia":[{"embeddable":true,"href":"https:\/\/aivlisoft.net\/shop\/wp-json\/wp\/v2\/media\/18399"}],"wp:attachment":[{"href":"https:\/\/aivlisoft.net\/shop\/wp-json\/wp\/v2\/media?parent=18398"}],"wp:term":[{"taxonomy":"product_brand","embeddable":true,"href":"https:\/\/aivlisoft.net\/shop\/wp-json\/wp\/v2\/product_brand?post=18398"},{"taxonomy":"product_cat","embeddable":true,"href":"https:\/\/aivlisoft.net\/shop\/wp-json\/wp\/v2\/product_cat?post=18398"},{"taxonomy":"product_tag","embeddable":true,"href":"https:\/\/aivlisoft.net\/shop\/wp-json\/wp\/v2\/product_tag?post=18398"}],"curies":[{"name":"wp","href":"https:\/\/api.w.org\/{rel}","templated":true}]}}