{"id":18382,"date":"2025-01-13T15:21:39","date_gmt":"2025-01-13T15:21:39","guid":{"rendered":"https:\/\/aivlisoft.com\/?post_type=product&#038;p=18382"},"modified":"2025-01-14T11:39:04","modified_gmt":"2025-01-14T11:39:04","slug":"synology-rx1222sas-expansion-unit-12bay-rack-stati","status":"publish","type":"product","link":"https:\/\/aivlisoft.net\/shop\/producto\/synology-rx1222sas-expansion-unit-12bay-rack-stati\/","title":{"rendered":"SYNOLOGY RX1222sas Expansion Unit 12Bay Rack Stati"},"content":{"rendered":"<p>La unidad de expansi&oacute;n RX1222sas de Synology permite una ampliaci&oacute;n del almacenamiento sin problemas para servidores de Synology montados en rack.1 Solo tiene que conectarla a trav&eacute;s del cable de expansi&oacute;n incluido para agregar hasta 12&nbsp;bah&iacute;as de unidades SAS\/SATA y empezar a aprovechar de inmediato la nueva capacidad con las completas opciones de administraci&oacute;n de vol&uacute;menes de Synology DiskStation Manager (DSM). La unidad est&aacute; respaldada por la garant&iacute;a limitada de 5 a&ntilde;os de Synology.<br \/>&nbsp;<\/p>\n<table width=\"100%\">\n<tr>\n<td valign=\"top\"><strong>Marca <\/strong><\/td>\n<td valign=\"top\">Synology<\/td>\n<\/tr>\n<tr>\n<td valign=\"top\"><strong>Modelo <\/strong><\/td>\n<td valign=\"top\"><strong>RX1222sas<\/strong><\/td>\n<\/tr>\n<tr>\n<td valign=\"top\"><strong>Memoria <\/strong><\/td>\n<td valign=\"top\"><strong>&#8211; <\/strong>Compatible con:<strong>&nbsp;<\/strong>12 x HDD\/SSD SAS\/SATA de 3,5&quot; o 2,5&quot; (unidades no incluidas)<\/td>\n<\/tr>\n<tr>\n<td valign=\"top\"><strong>Conexiones <\/strong><\/td>\n<td valign=\"top\">&#8211; 1x SAS IN&nbsp;<br \/>\t\t\t&#8211; 1x&nbsp;SAS OUT&nbsp;<\/td>\n<\/tr>\n<tr>\n<td valign=\"top\"><strong>Caracter&iacute;sticas <\/strong><\/td>\n<td valign=\"top\">&#8211; Ventiladores del sistema 4 x (80 x 80 x 32 mm)<br \/>\t\t\t&#8211; Tensi&oacute;n de alimentaci&oacute;n de&nbsp;<br \/>\t\t\t&#8211; Entrada CA de 100 a 240 V CA<br \/>\t\t\t&#8211; Frecuencia de alimentaci&oacute;n 50\/60 Hz, monof&aacute;sica<br \/>\t\t\t&#8211; Temperatura de funcionamiento De 0 &deg;C a 35 &deg;C (de 32 &deg;F a 95 &deg;F)<br \/>\t\t\t&#8211; Temperatura de&nbsp;<br \/>\t\t\t&#8211; Almacenamiento De -20 &deg;C a 60 &deg;C (de -5 &deg;F a 140 &deg;F)<br \/>\t\t\t&#8211; Humedad de funcionamiento 8% a 80% HR<br \/>\t\t\t&#8211; Humedad de almacenamiento Del 5 al 95 % de HR&nbsp;<br \/>\t\t\t&#8211; Altitud operativa m&aacute;xima 5000 m (16 400 ft)<br \/>\t\t\t<strong>Dimensiones<\/strong><br \/>\t\t\t&#8211; 88 x 430,5 x 692 mm<br \/>\t\t\t&#8211; 88 x 482 x 724 mm (con las aletas del servidor)<br \/>\t\t\t&#8211; Peso: 13,5 kilogramos&nbsp;<\/td>\n<\/tr>\n<tr>\n<td valign=\"top\"><strong>Fecha Revisi&oacute;n <\/strong><\/td>\n<td valign=\"top\">20-10-2021 por YMC<\/td>\n<\/tr>\n<\/table>\n","protected":false},"excerpt":{"rendered":"<p>La unidad de expansi&oacute;n RX1222sas de Synology permite una ampliaci&oacute;n del almacenamiento sin problemas para servidores de Synology montados en rack.1 Solo tiene que conectarla a trav&eacute;s del cable de expansi&oacute;n incluido para agregar hasta 12&nbsp;bah&iacute;as de unidades SAS\/SATA y empezar a aprovechar de inmediato la nueva capacidad con las completas opciones de administraci&oacute;n de&hellip;&nbsp;<a href=\"https:\/\/aivlisoft.net\/shop\/producto\/synology-rx1222sas-expansion-unit-12bay-rack-stati\/\" rel=\"bookmark\"><span class=\"screen-reader-text\">SYNOLOGY RX1222sas Expansion Unit 12Bay Rack Stati<\/span><\/a><\/p>\n","protected":false},"featured_media":18383,"template":"","meta":{"neve_meta_sidebar":"","neve_meta_container":"","neve_meta_enable_content_width":"","neve_meta_content_width":0,"neve_meta_title_alignment":"","neve_meta_author_avatar":"","neve_post_elements_order":"","neve_meta_disable_header":"","neve_meta_disable_footer":"","neve_meta_disable_title":""},"product_brand":[],"product_cat":[8765],"product_tag":[6711],"class_list":{"0":"post-18382","1":"product","2":"type-product","3":"status-publish","4":"has-post-thumbnail","6":"product_cat-almacenamiento-armario","7":"product_tag-rx1222sas","9":"first","10":"instock","11":"taxable","12":"shipping-taxable","13":"purchasable","14":"product-type-simple"},"yoast_head":"<!-- This site is optimized with the Yoast SEO plugin v26.0 - https:\/\/yoast.com\/wordpress\/plugins\/seo\/ -->\n<title>SYNOLOGY RX1222sas Expansion Unit 12Bay Rack Stati - Aivlisoft Inform\u00e1tica<\/title>\n<meta name=\"robots\" content=\"index, follow, max-snippet:-1, max-image-preview:large, max-video-preview:-1\" \/>\n<link rel=\"canonical\" href=\"https:\/\/aivlisoft.net\/shop\/producto\/synology-rx1222sas-expansion-unit-12bay-rack-stati\/\" \/>\n<meta property=\"og:locale\" content=\"es_ES\" \/>\n<meta property=\"og:type\" content=\"article\" \/>\n<meta property=\"og:title\" content=\"SYNOLOGY RX1222sas Expansion Unit 12Bay Rack Stati - Aivlisoft Inform\u00e1tica\" \/>\n<meta property=\"og:description\" content=\"La unidad de expansi&oacute;n RX1222sas de Synology permite una ampliaci&oacute;n del almacenamiento sin problemas para servidores de Synology montados en rack.1 Solo tiene que conectarla a trav&eacute;s del cable de expansi&oacute;n incluido para agregar hasta 12&nbsp;bah&iacute;as de unidades SAS\/SATA y empezar a aprovechar de inmediato la nueva capacidad con las completas opciones de administraci&oacute;n de&hellip;&nbsp;SYNOLOGY RX1222sas Expansion Unit 12Bay Rack Stati\" \/>\n<meta property=\"og:url\" content=\"https:\/\/aivlisoft.net\/shop\/producto\/synology-rx1222sas-expansion-unit-12bay-rack-stati\/\" \/>\n<meta property=\"og:site_name\" content=\"Aivlisoft Inform\u00e1tica\" \/>\n<meta property=\"article:modified_time\" content=\"2025-01-14T11:39:04+00:00\" \/>\n<meta property=\"og:image\" content=\"https:\/\/aivlisoft.net\/shop\/wp-content\/uploads\/2025\/01\/NARARA0073_800.jpg\" \/>\n\t<meta property=\"og:image:width\" content=\"800\" \/>\n\t<meta property=\"og:image:height\" content=\"800\" \/>\n\t<meta property=\"og:image:type\" content=\"image\/jpeg\" \/>\n<meta name=\"twitter:card\" content=\"summary_large_image\" \/>\n<meta name=\"twitter:label1\" content=\"Tiempo de lectura\" \/>\n\t<meta name=\"twitter:data1\" content=\"1 minuto\" \/>\n<script type=\"application\/ld+json\" class=\"yoast-schema-graph\">{\"@context\":\"https:\/\/schema.org\",\"@graph\":[{\"@type\":\"WebPage\",\"@id\":\"https:\/\/aivlisoft.net\/shop\/producto\/synology-rx1222sas-expansion-unit-12bay-rack-stati\/\",\"url\":\"https:\/\/aivlisoft.net\/shop\/producto\/synology-rx1222sas-expansion-unit-12bay-rack-stati\/\",\"name\":\"SYNOLOGY RX1222sas Expansion Unit 12Bay Rack Stati - Aivlisoft Inform\u00e1tica\",\"isPartOf\":{\"@id\":\"https:\/\/aivlisoft.net\/shop\/#website\"},\"primaryImageOfPage\":{\"@id\":\"https:\/\/aivlisoft.net\/shop\/producto\/synology-rx1222sas-expansion-unit-12bay-rack-stati\/#primaryimage\"},\"image\":{\"@id\":\"https:\/\/aivlisoft.net\/shop\/producto\/synology-rx1222sas-expansion-unit-12bay-rack-stati\/#primaryimage\"},\"thumbnailUrl\":\"https:\/\/aivlisoft.net\/shop\/wp-content\/uploads\/2025\/01\/NARARA0073_800.jpg\",\"datePublished\":\"2025-01-13T15:21:39+00:00\",\"dateModified\":\"2025-01-14T11:39:04+00:00\",\"breadcrumb\":{\"@id\":\"https:\/\/aivlisoft.net\/shop\/producto\/synology-rx1222sas-expansion-unit-12bay-rack-stati\/#breadcrumb\"},\"inLanguage\":\"es\",\"potentialAction\":[{\"@type\":\"ReadAction\",\"target\":[\"https:\/\/aivlisoft.net\/shop\/producto\/synology-rx1222sas-expansion-unit-12bay-rack-stati\/\"]}]},{\"@type\":\"ImageObject\",\"inLanguage\":\"es\",\"@id\":\"https:\/\/aivlisoft.net\/shop\/producto\/synology-rx1222sas-expansion-unit-12bay-rack-stati\/#primaryimage\",\"url\":\"https:\/\/aivlisoft.net\/shop\/wp-content\/uploads\/2025\/01\/NARARA0073_800.jpg\",\"contentUrl\":\"https:\/\/aivlisoft.net\/shop\/wp-content\/uploads\/2025\/01\/NARARA0073_800.jpg\",\"width\":800,\"height\":800},{\"@type\":\"BreadcrumbList\",\"@id\":\"https:\/\/aivlisoft.net\/shop\/producto\/synology-rx1222sas-expansion-unit-12bay-rack-stati\/#breadcrumb\",\"itemListElement\":[{\"@type\":\"ListItem\",\"position\":1,\"name\":\"Portada\",\"item\":\"https:\/\/aivlisoft.net\/shop\/\"},{\"@type\":\"ListItem\",\"position\":2,\"name\":\"Tienda\",\"item\":\"https:\/\/aivlisoft.net\/shop\/tienda\/\"},{\"@type\":\"ListItem\",\"position\":3,\"name\":\"SYNOLOGY RX1222sas Expansion Unit 12Bay Rack Stati\"}]},{\"@type\":\"WebSite\",\"@id\":\"https:\/\/aivlisoft.net\/shop\/#website\",\"url\":\"https:\/\/aivlisoft.net\/shop\/\",\"name\":\"Aivlisoft Inform\u00e1tica\",\"description\":\"En Aivlisoft Inform\u00e1tica ofrecemos soluciones tecnol\u00f3gicas para empresas: venta de ordenadores, consumibles, perif\u00e9ricos y m\u00e1s. Calidad, atenci\u00f3n personalizada y los mejores precios para tu negocio.\",\"publisher\":{\"@id\":\"https:\/\/aivlisoft.net\/shop\/#organization\"},\"potentialAction\":[{\"@type\":\"SearchAction\",\"target\":{\"@type\":\"EntryPoint\",\"urlTemplate\":\"https:\/\/aivlisoft.net\/shop\/?s={search_term_string}\"},\"query-input\":{\"@type\":\"PropertyValueSpecification\",\"valueRequired\":true,\"valueName\":\"search_term_string\"}}],\"inLanguage\":\"es\"},{\"@type\":\"Organization\",\"@id\":\"https:\/\/aivlisoft.net\/shop\/#organization\",\"name\":\"Aivlisoft Inform\u00e1tica\",\"url\":\"https:\/\/aivlisoft.net\/shop\/\",\"logo\":{\"@type\":\"ImageObject\",\"inLanguage\":\"es\",\"@id\":\"https:\/\/aivlisoft.net\/shop\/#\/schema\/logo\/image\/\",\"url\":\"https:\/\/aivlisoft.net\/shop\/wp-content\/uploads\/2024\/12\/removal.ai_5b848c54-0cdf-4140-95c5-c5536bb7573b-logodef.png\",\"contentUrl\":\"https:\/\/aivlisoft.net\/shop\/wp-content\/uploads\/2024\/12\/removal.ai_5b848c54-0cdf-4140-95c5-c5536bb7573b-logodef.png\",\"width\":484,\"height\":182,\"caption\":\"Aivlisoft Inform\u00e1tica\"},\"image\":{\"@id\":\"https:\/\/aivlisoft.net\/shop\/#\/schema\/logo\/image\/\"}}]}<\/script>\n<!-- \/ Yoast SEO plugin. -->","yoast_head_json":{"title":"SYNOLOGY RX1222sas Expansion Unit 12Bay Rack Stati - Aivlisoft Inform\u00e1tica","robots":{"index":"index","follow":"follow","max-snippet":"max-snippet:-1","max-image-preview":"max-image-preview:large","max-video-preview":"max-video-preview:-1"},"canonical":"https:\/\/aivlisoft.net\/shop\/producto\/synology-rx1222sas-expansion-unit-12bay-rack-stati\/","og_locale":"es_ES","og_type":"article","og_title":"SYNOLOGY RX1222sas Expansion Unit 12Bay Rack Stati - Aivlisoft Inform\u00e1tica","og_description":"La unidad de expansi&oacute;n RX1222sas de Synology permite una ampliaci&oacute;n del almacenamiento sin problemas para servidores de Synology montados en rack.1 Solo tiene que conectarla a trav&eacute;s del cable de expansi&oacute;n incluido para agregar hasta 12&nbsp;bah&iacute;as de unidades SAS\/SATA y empezar a aprovechar de inmediato la nueva capacidad con las completas opciones de administraci&oacute;n de&hellip;&nbsp;SYNOLOGY RX1222sas Expansion Unit 12Bay Rack Stati","og_url":"https:\/\/aivlisoft.net\/shop\/producto\/synology-rx1222sas-expansion-unit-12bay-rack-stati\/","og_site_name":"Aivlisoft Inform\u00e1tica","article_modified_time":"2025-01-14T11:39:04+00:00","og_image":[{"width":800,"height":800,"url":"https:\/\/aivlisoft.net\/shop\/wp-content\/uploads\/2025\/01\/NARARA0073_800.jpg","type":"image\/jpeg"}],"twitter_card":"summary_large_image","twitter_misc":{"Tiempo de lectura":"1 minuto"},"schema":{"@context":"https:\/\/schema.org","@graph":[{"@type":"WebPage","@id":"https:\/\/aivlisoft.net\/shop\/producto\/synology-rx1222sas-expansion-unit-12bay-rack-stati\/","url":"https:\/\/aivlisoft.net\/shop\/producto\/synology-rx1222sas-expansion-unit-12bay-rack-stati\/","name":"SYNOLOGY RX1222sas Expansion Unit 12Bay Rack Stati - Aivlisoft Inform\u00e1tica","isPartOf":{"@id":"https:\/\/aivlisoft.net\/shop\/#website"},"primaryImageOfPage":{"@id":"https:\/\/aivlisoft.net\/shop\/producto\/synology-rx1222sas-expansion-unit-12bay-rack-stati\/#primaryimage"},"image":{"@id":"https:\/\/aivlisoft.net\/shop\/producto\/synology-rx1222sas-expansion-unit-12bay-rack-stati\/#primaryimage"},"thumbnailUrl":"https:\/\/aivlisoft.net\/shop\/wp-content\/uploads\/2025\/01\/NARARA0073_800.jpg","datePublished":"2025-01-13T15:21:39+00:00","dateModified":"2025-01-14T11:39:04+00:00","breadcrumb":{"@id":"https:\/\/aivlisoft.net\/shop\/producto\/synology-rx1222sas-expansion-unit-12bay-rack-stati\/#breadcrumb"},"inLanguage":"es","potentialAction":[{"@type":"ReadAction","target":["https:\/\/aivlisoft.net\/shop\/producto\/synology-rx1222sas-expansion-unit-12bay-rack-stati\/"]}]},{"@type":"ImageObject","inLanguage":"es","@id":"https:\/\/aivlisoft.net\/shop\/producto\/synology-rx1222sas-expansion-unit-12bay-rack-stati\/#primaryimage","url":"https:\/\/aivlisoft.net\/shop\/wp-content\/uploads\/2025\/01\/NARARA0073_800.jpg","contentUrl":"https:\/\/aivlisoft.net\/shop\/wp-content\/uploads\/2025\/01\/NARARA0073_800.jpg","width":800,"height":800},{"@type":"BreadcrumbList","@id":"https:\/\/aivlisoft.net\/shop\/producto\/synology-rx1222sas-expansion-unit-12bay-rack-stati\/#breadcrumb","itemListElement":[{"@type":"ListItem","position":1,"name":"Portada","item":"https:\/\/aivlisoft.net\/shop\/"},{"@type":"ListItem","position":2,"name":"Tienda","item":"https:\/\/aivlisoft.net\/shop\/tienda\/"},{"@type":"ListItem","position":3,"name":"SYNOLOGY RX1222sas Expansion Unit 12Bay Rack Stati"}]},{"@type":"WebSite","@id":"https:\/\/aivlisoft.net\/shop\/#website","url":"https:\/\/aivlisoft.net\/shop\/","name":"Aivlisoft Inform\u00e1tica","description":"En Aivlisoft Inform\u00e1tica ofrecemos soluciones tecnol\u00f3gicas para empresas: venta de ordenadores, consumibles, perif\u00e9ricos y m\u00e1s. Calidad, atenci\u00f3n personalizada y los mejores precios para tu negocio.","publisher":{"@id":"https:\/\/aivlisoft.net\/shop\/#organization"},"potentialAction":[{"@type":"SearchAction","target":{"@type":"EntryPoint","urlTemplate":"https:\/\/aivlisoft.net\/shop\/?s={search_term_string}"},"query-input":{"@type":"PropertyValueSpecification","valueRequired":true,"valueName":"search_term_string"}}],"inLanguage":"es"},{"@type":"Organization","@id":"https:\/\/aivlisoft.net\/shop\/#organization","name":"Aivlisoft Inform\u00e1tica","url":"https:\/\/aivlisoft.net\/shop\/","logo":{"@type":"ImageObject","inLanguage":"es","@id":"https:\/\/aivlisoft.net\/shop\/#\/schema\/logo\/image\/","url":"https:\/\/aivlisoft.net\/shop\/wp-content\/uploads\/2024\/12\/removal.ai_5b848c54-0cdf-4140-95c5-c5536bb7573b-logodef.png","contentUrl":"https:\/\/aivlisoft.net\/shop\/wp-content\/uploads\/2024\/12\/removal.ai_5b848c54-0cdf-4140-95c5-c5536bb7573b-logodef.png","width":484,"height":182,"caption":"Aivlisoft Inform\u00e1tica"},"image":{"@id":"https:\/\/aivlisoft.net\/shop\/#\/schema\/logo\/image\/"}}]}},"_links":{"self":[{"href":"https:\/\/aivlisoft.net\/shop\/wp-json\/wp\/v2\/product\/18382","targetHints":{"allow":["GET"]}}],"collection":[{"href":"https:\/\/aivlisoft.net\/shop\/wp-json\/wp\/v2\/product"}],"about":[{"href":"https:\/\/aivlisoft.net\/shop\/wp-json\/wp\/v2\/types\/product"}],"wp:featuredmedia":[{"embeddable":true,"href":"https:\/\/aivlisoft.net\/shop\/wp-json\/wp\/v2\/media\/18383"}],"wp:attachment":[{"href":"https:\/\/aivlisoft.net\/shop\/wp-json\/wp\/v2\/media?parent=18382"}],"wp:term":[{"taxonomy":"product_brand","embeddable":true,"href":"https:\/\/aivlisoft.net\/shop\/wp-json\/wp\/v2\/product_brand?post=18382"},{"taxonomy":"product_cat","embeddable":true,"href":"https:\/\/aivlisoft.net\/shop\/wp-json\/wp\/v2\/product_cat?post=18382"},{"taxonomy":"product_tag","embeddable":true,"href":"https:\/\/aivlisoft.net\/shop\/wp-json\/wp\/v2\/product_tag?post=18382"}],"curies":[{"name":"wp","href":"https:\/\/api.w.org\/{rel}","templated":true}]}}