{"id":18374,"date":"2025-01-13T15:21:35","date_gmt":"2025-01-13T15:21:35","guid":{"rendered":"https:\/\/aivlisoft.com\/?post_type=product&#038;p=18374"},"modified":"2025-01-14T11:39:02","modified_gmt":"2025-01-14T11:39:02","slug":"synology-rs3621rpxs-nas-12-bay-2u-rack-station","status":"publish","type":"product","link":"https:\/\/aivlisoft.net\/shop\/producto\/synology-rs3621rpxs-nas-12-bay-2u-rack-station\/","title":{"rendered":"Synology RS3621RPxs NAS 12-bay 2U Rack Station"},"content":{"rendered":"<p>&nbsp;<\/p>\n<table class=\"tabla_caracteristicas k-table\" width=\"100%\">\n<tr>\n<td valign=\"top\"><strong>Marca <\/strong><\/td>\n<td valign=\"top\">Synology<\/td>\n<\/tr>\n<tr>\n<td valign=\"top\"><strong>Modelo <\/strong><\/td>\n<td valign=\"top\"><strong>RS3621RPxs<\/strong><\/td>\n<\/tr>\n<tr>\n<td valign=\"top\"><strong>CPU <\/strong><\/td>\n<td valign=\"top\">&#8211; Intel&reg; Xeon&reg; <strong>D-1531<\/strong> de 6 n&uacute;cleos (12 subprocesos) a 2,2 GHz, Turbo Boost de hasta 2,7 GHz<br \/>\t\t\t&#8211; Motor de cifrado de hardware: S&iacute; (AES-NI)<\/td>\n<\/tr>\n<tr>\n<td valign=\"top\"><strong>Memoria<\/strong><\/td>\n<td valign=\"top\">\n<div>&#8211; <strong>8GB<\/strong> de UDIMM ECC DDR4 (ampliable hasta 64 GB)<\/div>\n<\/td>\n<\/tr>\n<tr>\n<td valign=\"top\"><strong>Almacenamiento <\/strong><\/td>\n<td valign=\"top\">\n<div>&#8211; 12 x HDD\/SSD SATA de 3,5&quot; o 2,5&quot; (no se incluyen los discos)<br \/>\t\t\t&#8211; Para crear grupos de almacenamiento, solo se pueden utilizar las unidades enumeradas en la lista de compatibilidad<br \/>\t\t\t&#8211; Para crear cach&eacute;s de SSD, solo se pueden utilizar SSD SAT5200 de 2.5&quot; o serie SNV3000 de Synology (se venden por separado)<br \/>\t\t\t<strong>&#8211; <\/strong>Unidad de intercambio en caliente<br \/>\t\t\t<strong>Sistema de archivos<\/strong><br \/>\t\t\t&#8211; Unidades internas: <strong>Btrfs, <\/strong><strong>EXT4<\/strong><br \/>\t\t\t&#8211; Unidades externas: <strong>Btrfs, EXT4, EXT3, FAT, NTFS, HFS+, exFAT<br \/>\t\t\tTipos de RAID compatibles<\/strong><br \/>\t\t\t&#8211; Synology RAID F1, Basic, JBOD, RAID 0, RAID 1, RAID 5, RAID 6, RAID 10<br \/>\t\t\t<strong>Gesti&oacute;n de almacenamiento<\/strong><br \/>\t\t\t&#8211; Tama&ntilde;o m&aacute;ximo de volumen individual: 108\/200 TB<br \/>\t\t\t&#8211; M&aacute;ximo de instant&aacute;neas del sistema: 65.536<br \/>\t\t\t&#8211; N&uacute;mero m&aacute;ximo de vol&uacute;menes internos: 128<br \/>\t\t\t<strong>Cach&eacute; de SSD<\/strong><br \/>\t\t\t&#8211; Compatibilidad con escritura y lectura en cach&eacute;<br \/>\t\t\t&#8211; Compatibilidad con SSD SATA de 2,5&quot;<br \/>\t\t\t&#8211; Compatibilidad con SSD NVMe M.2<br \/>\t\t\t<strong>Capacidades de uso compartido de archivos<\/strong><br \/>\t\t\t&#8211; N&uacute;mero m&aacute;ximo de cuentas de usuarios locales: 16.000<br \/>\t\t\t&#8211; N&uacute;mero m&aacute;ximo de grupos locales: 512<br \/>\t\t\t&#8211; N&uacute;mero m&aacute;ximo de carpetas compartidas: 512<br \/>\t\t\t&#8211; N&uacute;mero m&aacute;ximo de conexiones SMB\/NFS\/AFP\/FTP simult&aacute;neas: 2.000<\/div>\n<\/td>\n<\/tr>\n<tr>\n<td valign=\"top\"><strong>Conexiones <\/strong><\/td>\n<td valign=\"top\">&#8211; 2 x puertos USB 3.2 de 1.&ordf; generaci&oacute;n<br \/>\t\t\t&#8211; 2 x puertos de expansi&oacute;n (Infiniband)<br \/>\t\t\t&#8211; Puertos LAN: 4 x 1 GbE RJ-45<br \/>\t\t\t&#8211; Ranuras PCIe 3.0:<br \/>\t\t\t&nbsp; 2 x Ranuras de 8 carriles x8<br \/>\t\t\t&nbsp; Compatibilidad con tarjetas de interfaz de red y tarjetas adaptadoras SSD M.2 NVMe para cach&eacute; de SSD<\/td>\n<\/tr>\n<tr>\n<td valign=\"top\"><strong>Caracter&iacute;sticas <\/strong><\/td>\n<td valign=\"top\">\n<div><strong>Seguridad<\/strong><br \/>\t\t\t&#8211; Cortafuegos, cifrado de carpetas compartidas, cifrado SMB, FTP a trav&eacute;s de SSL\/TLS, SFTP, rsync a trav&eacute;s de SSH<br \/>\t\t\t&nbsp; bloqueo autom&aacute;tico de inicio de sesi&oacute;n, compatibilidad con Let&#39;s Encrypt, HTTPS (conjuntos de cifrado personalizados)\t\t\t<\/p>\n<div><strong>Protocolos de red &nbsp;&nbsp; &nbsp;<\/strong><br \/>\t\t\t&#8211; SMB, AFP, NFS, FTP, WebDAV, CalDAV, iSCSI, Telnet, SSH, SNMP, VPN (PPTP, OpenVPN&trade;, L2TP)\t\t\t<\/p>\n<div><strong>Apariencia<\/strong><br \/>\t\t\t&#8211; Tama&ntilde;o (Alt x An x Prof):&nbsp; 88 mm x 482 mm x 724 mm<br \/>\t\t\t&#8211; Peso: 14.5 kg<\/div>\n<p>\t\t\t<strong>Otros<\/strong><\/div>\n<\/p><\/div>\n<p>\t\t\t&#8211; Ventilador del sistema: 4 x (80 x 80 x 32 mm)<br \/>\t\t\t&#8211; Encendido y apagado programado<br \/>\t\t\t&#8211; Despertar con LAN\/WAN<br \/>\t\t\t&#8211; Fuente de alimentaci&oacute;n redundante<br \/>\t\t\t&#8211; Voltaje de alimentaci&oacute;n de entrada CA: De 100V a 240V CA<\/td>\n<\/tr>\n<tr>\n<td valign=\"top\"><strong>Fecha Revisi&oacute;n <\/strong><\/td>\n<td valign=\"top\">08-03-2022 por MPM<\/td>\n<\/tr>\n<\/table>\n","protected":false},"excerpt":{"rendered":"<p>&nbsp; Marca Synology Modelo RS3621RPxs CPU &#8211; Intel&reg; Xeon&reg; D-1531 de 6 n&uacute;cleos (12 subprocesos) a 2,2 GHz, Turbo Boost de hasta 2,7 GHz &#8211; Motor de cifrado de hardware: S&iacute; (AES-NI) Memoria &#8211; 8GB de UDIMM ECC DDR4 (ampliable hasta 64 GB) Almacenamiento &#8211; 12 x HDD\/SSD SATA de 3,5&quot; o 2,5&quot; (no se&hellip;&nbsp;<a href=\"https:\/\/aivlisoft.net\/shop\/producto\/synology-rs3621rpxs-nas-12-bay-2u-rack-station\/\" rel=\"bookmark\"><span class=\"screen-reader-text\">Synology RS3621RPxs NAS 12-bay 2U Rack Station<\/span><\/a><\/p>\n","protected":false},"featured_media":18375,"template":"","meta":{"neve_meta_sidebar":"","neve_meta_container":"","neve_meta_enable_content_width":"","neve_meta_content_width":0,"neve_meta_title_alignment":"","neve_meta_author_avatar":"","neve_post_elements_order":"","neve_meta_disable_header":"","neve_meta_disable_footer":"","neve_meta_disable_title":""},"product_brand":[],"product_cat":[8765],"product_tag":[6709],"class_list":{"0":"post-18374","1":"product","2":"type-product","3":"status-publish","4":"has-post-thumbnail","6":"product_cat-almacenamiento-armario","7":"product_tag-rs3621rpxs","9":"first","10":"instock","11":"taxable","12":"shipping-taxable","13":"purchasable","14":"product-type-simple"},"yoast_head":"<!-- This site is optimized with the Yoast SEO plugin v26.0 - https:\/\/yoast.com\/wordpress\/plugins\/seo\/ -->\n<title>Synology RS3621RPxs NAS 12-bay 2U Rack Station - Aivlisoft Inform\u00e1tica<\/title>\n<meta name=\"robots\" content=\"index, follow, max-snippet:-1, max-image-preview:large, max-video-preview:-1\" \/>\n<link rel=\"canonical\" href=\"https:\/\/aivlisoft.net\/shop\/producto\/synology-rs3621rpxs-nas-12-bay-2u-rack-station\/\" \/>\n<meta property=\"og:locale\" content=\"es_ES\" \/>\n<meta property=\"og:type\" content=\"article\" \/>\n<meta property=\"og:title\" content=\"Synology RS3621RPxs NAS 12-bay 2U Rack Station - Aivlisoft Inform\u00e1tica\" \/>\n<meta property=\"og:description\" content=\"&nbsp; Marca Synology Modelo RS3621RPxs CPU &#8211; Intel&reg; Xeon&reg; D-1531 de 6 n&uacute;cleos (12 subprocesos) a 2,2 GHz, Turbo Boost de hasta 2,7 GHz &#8211; Motor de cifrado de hardware: S&iacute; (AES-NI) Memoria &#8211; 8GB de UDIMM ECC DDR4 (ampliable hasta 64 GB) Almacenamiento &#8211; 12 x HDD\/SSD SATA de 3,5&quot; o 2,5&quot; (no se&hellip;&nbsp;Synology RS3621RPxs NAS 12-bay 2U Rack Station\" \/>\n<meta property=\"og:url\" content=\"https:\/\/aivlisoft.net\/shop\/producto\/synology-rs3621rpxs-nas-12-bay-2u-rack-station\/\" \/>\n<meta property=\"og:site_name\" content=\"Aivlisoft Inform\u00e1tica\" \/>\n<meta property=\"article:modified_time\" content=\"2025-01-14T11:39:02+00:00\" \/>\n<meta property=\"og:image\" content=\"https:\/\/aivlisoft.net\/shop\/wp-content\/uploads\/2025\/01\/NARARA0068_800.jpg\" \/>\n\t<meta property=\"og:image:width\" content=\"800\" \/>\n\t<meta property=\"og:image:height\" content=\"800\" \/>\n\t<meta property=\"og:image:type\" content=\"image\/jpeg\" \/>\n<meta name=\"twitter:card\" content=\"summary_large_image\" \/>\n<meta name=\"twitter:label1\" content=\"Tiempo de lectura\" \/>\n\t<meta name=\"twitter:data1\" content=\"2 minutos\" \/>\n<script type=\"application\/ld+json\" class=\"yoast-schema-graph\">{\"@context\":\"https:\/\/schema.org\",\"@graph\":[{\"@type\":\"WebPage\",\"@id\":\"https:\/\/aivlisoft.net\/shop\/producto\/synology-rs3621rpxs-nas-12-bay-2u-rack-station\/\",\"url\":\"https:\/\/aivlisoft.net\/shop\/producto\/synology-rs3621rpxs-nas-12-bay-2u-rack-station\/\",\"name\":\"Synology RS3621RPxs NAS 12-bay 2U Rack Station - Aivlisoft Inform\u00e1tica\",\"isPartOf\":{\"@id\":\"https:\/\/aivlisoft.net\/shop\/#website\"},\"primaryImageOfPage\":{\"@id\":\"https:\/\/aivlisoft.net\/shop\/producto\/synology-rs3621rpxs-nas-12-bay-2u-rack-station\/#primaryimage\"},\"image\":{\"@id\":\"https:\/\/aivlisoft.net\/shop\/producto\/synology-rs3621rpxs-nas-12-bay-2u-rack-station\/#primaryimage\"},\"thumbnailUrl\":\"https:\/\/aivlisoft.net\/shop\/wp-content\/uploads\/2025\/01\/NARARA0068_800.jpg\",\"datePublished\":\"2025-01-13T15:21:35+00:00\",\"dateModified\":\"2025-01-14T11:39:02+00:00\",\"breadcrumb\":{\"@id\":\"https:\/\/aivlisoft.net\/shop\/producto\/synology-rs3621rpxs-nas-12-bay-2u-rack-station\/#breadcrumb\"},\"inLanguage\":\"es\",\"potentialAction\":[{\"@type\":\"ReadAction\",\"target\":[\"https:\/\/aivlisoft.net\/shop\/producto\/synology-rs3621rpxs-nas-12-bay-2u-rack-station\/\"]}]},{\"@type\":\"ImageObject\",\"inLanguage\":\"es\",\"@id\":\"https:\/\/aivlisoft.net\/shop\/producto\/synology-rs3621rpxs-nas-12-bay-2u-rack-station\/#primaryimage\",\"url\":\"https:\/\/aivlisoft.net\/shop\/wp-content\/uploads\/2025\/01\/NARARA0068_800.jpg\",\"contentUrl\":\"https:\/\/aivlisoft.net\/shop\/wp-content\/uploads\/2025\/01\/NARARA0068_800.jpg\",\"width\":800,\"height\":800},{\"@type\":\"BreadcrumbList\",\"@id\":\"https:\/\/aivlisoft.net\/shop\/producto\/synology-rs3621rpxs-nas-12-bay-2u-rack-station\/#breadcrumb\",\"itemListElement\":[{\"@type\":\"ListItem\",\"position\":1,\"name\":\"Portada\",\"item\":\"https:\/\/aivlisoft.net\/shop\/\"},{\"@type\":\"ListItem\",\"position\":2,\"name\":\"Tienda\",\"item\":\"https:\/\/aivlisoft.net\/shop\/tienda\/\"},{\"@type\":\"ListItem\",\"position\":3,\"name\":\"Synology RS3621RPxs NAS 12-bay 2U Rack Station\"}]},{\"@type\":\"WebSite\",\"@id\":\"https:\/\/aivlisoft.net\/shop\/#website\",\"url\":\"https:\/\/aivlisoft.net\/shop\/\",\"name\":\"Aivlisoft Inform\u00e1tica\",\"description\":\"En Aivlisoft Inform\u00e1tica ofrecemos soluciones tecnol\u00f3gicas para empresas: venta de ordenadores, consumibles, perif\u00e9ricos y m\u00e1s. Calidad, atenci\u00f3n personalizada y los mejores precios para tu negocio.\",\"publisher\":{\"@id\":\"https:\/\/aivlisoft.net\/shop\/#organization\"},\"potentialAction\":[{\"@type\":\"SearchAction\",\"target\":{\"@type\":\"EntryPoint\",\"urlTemplate\":\"https:\/\/aivlisoft.net\/shop\/?s={search_term_string}\"},\"query-input\":{\"@type\":\"PropertyValueSpecification\",\"valueRequired\":true,\"valueName\":\"search_term_string\"}}],\"inLanguage\":\"es\"},{\"@type\":\"Organization\",\"@id\":\"https:\/\/aivlisoft.net\/shop\/#organization\",\"name\":\"Aivlisoft Inform\u00e1tica\",\"url\":\"https:\/\/aivlisoft.net\/shop\/\",\"logo\":{\"@type\":\"ImageObject\",\"inLanguage\":\"es\",\"@id\":\"https:\/\/aivlisoft.net\/shop\/#\/schema\/logo\/image\/\",\"url\":\"https:\/\/aivlisoft.net\/shop\/wp-content\/uploads\/2024\/12\/removal.ai_5b848c54-0cdf-4140-95c5-c5536bb7573b-logodef.png\",\"contentUrl\":\"https:\/\/aivlisoft.net\/shop\/wp-content\/uploads\/2024\/12\/removal.ai_5b848c54-0cdf-4140-95c5-c5536bb7573b-logodef.png\",\"width\":484,\"height\":182,\"caption\":\"Aivlisoft Inform\u00e1tica\"},\"image\":{\"@id\":\"https:\/\/aivlisoft.net\/shop\/#\/schema\/logo\/image\/\"}}]}<\/script>\n<!-- \/ Yoast SEO plugin. -->","yoast_head_json":{"title":"Synology RS3621RPxs NAS 12-bay 2U Rack Station - Aivlisoft Inform\u00e1tica","robots":{"index":"index","follow":"follow","max-snippet":"max-snippet:-1","max-image-preview":"max-image-preview:large","max-video-preview":"max-video-preview:-1"},"canonical":"https:\/\/aivlisoft.net\/shop\/producto\/synology-rs3621rpxs-nas-12-bay-2u-rack-station\/","og_locale":"es_ES","og_type":"article","og_title":"Synology RS3621RPxs NAS 12-bay 2U Rack Station - Aivlisoft Inform\u00e1tica","og_description":"&nbsp; Marca Synology Modelo RS3621RPxs CPU &#8211; Intel&reg; Xeon&reg; D-1531 de 6 n&uacute;cleos (12 subprocesos) a 2,2 GHz, Turbo Boost de hasta 2,7 GHz &#8211; Motor de cifrado de hardware: S&iacute; (AES-NI) Memoria &#8211; 8GB de UDIMM ECC DDR4 (ampliable hasta 64 GB) Almacenamiento &#8211; 12 x HDD\/SSD SATA de 3,5&quot; o 2,5&quot; (no se&hellip;&nbsp;Synology RS3621RPxs NAS 12-bay 2U Rack Station","og_url":"https:\/\/aivlisoft.net\/shop\/producto\/synology-rs3621rpxs-nas-12-bay-2u-rack-station\/","og_site_name":"Aivlisoft Inform\u00e1tica","article_modified_time":"2025-01-14T11:39:02+00:00","og_image":[{"width":800,"height":800,"url":"https:\/\/aivlisoft.net\/shop\/wp-content\/uploads\/2025\/01\/NARARA0068_800.jpg","type":"image\/jpeg"}],"twitter_card":"summary_large_image","twitter_misc":{"Tiempo de lectura":"2 minutos"},"schema":{"@context":"https:\/\/schema.org","@graph":[{"@type":"WebPage","@id":"https:\/\/aivlisoft.net\/shop\/producto\/synology-rs3621rpxs-nas-12-bay-2u-rack-station\/","url":"https:\/\/aivlisoft.net\/shop\/producto\/synology-rs3621rpxs-nas-12-bay-2u-rack-station\/","name":"Synology RS3621RPxs NAS 12-bay 2U Rack Station - Aivlisoft Inform\u00e1tica","isPartOf":{"@id":"https:\/\/aivlisoft.net\/shop\/#website"},"primaryImageOfPage":{"@id":"https:\/\/aivlisoft.net\/shop\/producto\/synology-rs3621rpxs-nas-12-bay-2u-rack-station\/#primaryimage"},"image":{"@id":"https:\/\/aivlisoft.net\/shop\/producto\/synology-rs3621rpxs-nas-12-bay-2u-rack-station\/#primaryimage"},"thumbnailUrl":"https:\/\/aivlisoft.net\/shop\/wp-content\/uploads\/2025\/01\/NARARA0068_800.jpg","datePublished":"2025-01-13T15:21:35+00:00","dateModified":"2025-01-14T11:39:02+00:00","breadcrumb":{"@id":"https:\/\/aivlisoft.net\/shop\/producto\/synology-rs3621rpxs-nas-12-bay-2u-rack-station\/#breadcrumb"},"inLanguage":"es","potentialAction":[{"@type":"ReadAction","target":["https:\/\/aivlisoft.net\/shop\/producto\/synology-rs3621rpxs-nas-12-bay-2u-rack-station\/"]}]},{"@type":"ImageObject","inLanguage":"es","@id":"https:\/\/aivlisoft.net\/shop\/producto\/synology-rs3621rpxs-nas-12-bay-2u-rack-station\/#primaryimage","url":"https:\/\/aivlisoft.net\/shop\/wp-content\/uploads\/2025\/01\/NARARA0068_800.jpg","contentUrl":"https:\/\/aivlisoft.net\/shop\/wp-content\/uploads\/2025\/01\/NARARA0068_800.jpg","width":800,"height":800},{"@type":"BreadcrumbList","@id":"https:\/\/aivlisoft.net\/shop\/producto\/synology-rs3621rpxs-nas-12-bay-2u-rack-station\/#breadcrumb","itemListElement":[{"@type":"ListItem","position":1,"name":"Portada","item":"https:\/\/aivlisoft.net\/shop\/"},{"@type":"ListItem","position":2,"name":"Tienda","item":"https:\/\/aivlisoft.net\/shop\/tienda\/"},{"@type":"ListItem","position":3,"name":"Synology RS3621RPxs NAS 12-bay 2U Rack Station"}]},{"@type":"WebSite","@id":"https:\/\/aivlisoft.net\/shop\/#website","url":"https:\/\/aivlisoft.net\/shop\/","name":"Aivlisoft Inform\u00e1tica","description":"En Aivlisoft Inform\u00e1tica ofrecemos soluciones tecnol\u00f3gicas para empresas: venta de ordenadores, consumibles, perif\u00e9ricos y m\u00e1s. Calidad, atenci\u00f3n personalizada y los mejores precios para tu negocio.","publisher":{"@id":"https:\/\/aivlisoft.net\/shop\/#organization"},"potentialAction":[{"@type":"SearchAction","target":{"@type":"EntryPoint","urlTemplate":"https:\/\/aivlisoft.net\/shop\/?s={search_term_string}"},"query-input":{"@type":"PropertyValueSpecification","valueRequired":true,"valueName":"search_term_string"}}],"inLanguage":"es"},{"@type":"Organization","@id":"https:\/\/aivlisoft.net\/shop\/#organization","name":"Aivlisoft Inform\u00e1tica","url":"https:\/\/aivlisoft.net\/shop\/","logo":{"@type":"ImageObject","inLanguage":"es","@id":"https:\/\/aivlisoft.net\/shop\/#\/schema\/logo\/image\/","url":"https:\/\/aivlisoft.net\/shop\/wp-content\/uploads\/2024\/12\/removal.ai_5b848c54-0cdf-4140-95c5-c5536bb7573b-logodef.png","contentUrl":"https:\/\/aivlisoft.net\/shop\/wp-content\/uploads\/2024\/12\/removal.ai_5b848c54-0cdf-4140-95c5-c5536bb7573b-logodef.png","width":484,"height":182,"caption":"Aivlisoft Inform\u00e1tica"},"image":{"@id":"https:\/\/aivlisoft.net\/shop\/#\/schema\/logo\/image\/"}}]}},"_links":{"self":[{"href":"https:\/\/aivlisoft.net\/shop\/wp-json\/wp\/v2\/product\/18374","targetHints":{"allow":["GET"]}}],"collection":[{"href":"https:\/\/aivlisoft.net\/shop\/wp-json\/wp\/v2\/product"}],"about":[{"href":"https:\/\/aivlisoft.net\/shop\/wp-json\/wp\/v2\/types\/product"}],"wp:featuredmedia":[{"embeddable":true,"href":"https:\/\/aivlisoft.net\/shop\/wp-json\/wp\/v2\/media\/18375"}],"wp:attachment":[{"href":"https:\/\/aivlisoft.net\/shop\/wp-json\/wp\/v2\/media?parent=18374"}],"wp:term":[{"taxonomy":"product_brand","embeddable":true,"href":"https:\/\/aivlisoft.net\/shop\/wp-json\/wp\/v2\/product_brand?post=18374"},{"taxonomy":"product_cat","embeddable":true,"href":"https:\/\/aivlisoft.net\/shop\/wp-json\/wp\/v2\/product_cat?post=18374"},{"taxonomy":"product_tag","embeddable":true,"href":"https:\/\/aivlisoft.net\/shop\/wp-json\/wp\/v2\/product_tag?post=18374"}],"curies":[{"name":"wp","href":"https:\/\/api.w.org\/{rel}","templated":true}]}}