{"id":18344,"date":"2025-01-13T15:21:13","date_gmt":"2025-01-13T15:21:13","guid":{"rendered":"https:\/\/aivlisoft.com\/?post_type=product&#038;p=18344"},"modified":"2025-01-14T11:38:53","modified_gmt":"2025-01-14T11:38:53","slug":"synology-sa3200d-nas-12bay-rack-station","status":"publish","type":"product","link":"https:\/\/aivlisoft.net\/shop\/producto\/synology-sa3200d-nas-12bay-rack-station\/","title":{"rendered":"SYNOLOGY SA3200D NAS 12Bay Rack Station"},"content":{"rendered":"<p><\/p>\n<table class=\"tabla_caracteristicas k-table\" width=\"100%\">\n<tbody>\n<tr>\n<td valign=\"top\"><strong>Marca <\/strong><\/td>\n<td valign=\"top\">Synology<\/td>\n<\/tr>\n<tr>\n<td valign=\"top\"><strong>Modelo <\/strong><\/td>\n<td valign=\"top\"><strong>SA3200D<\/strong><\/td>\n<\/tr>\n<tr>\n<td valign=\"top\"><strong>Hardware<\/strong><\/td>\n<td valign=\"top\">&#8211; N&uacute;mero de m&oacute;dulos de controlador: 2<br \/>&#8211; CPU (por controlador): Intel Xeon D-1521 de 4 n&uacute;cleos a 2,4 GHz, Turbo Boost de hasta 2,7 GHz<br \/>&#8211; Motor de cifrado de hardware: S&iacute; (AES-NI)<br \/>&#8211; Memoria (por controlador):&nbsp;8 GB de UDIMM ECC DDR4 (ampliable hasta 64 GB)<br \/>&#8211; Tipo de disco compatible 12 x SAS HDD\/SSD de 3,5&#8243; o 2,5&#8243; (no se incluyen los discos)<br \/>&#8211; Disco intercambiable en caliente: S&iacute;<br \/>&#8211; Puerto externo (por controlador): 1 x puerto de expansi&oacute;n<br \/>&#8211; Tama&ntilde;o (Al. x An. x Pr.): 88 x 430,5 x 692 mm (88 x 482 x 724 mm con las aletas del servidor)<br \/>&#8211; Peso: 19,7 kg<br \/>&#8211; LAN: 2 x 1 GbE RJ-45, 1 x RJ-45 de 10 GbE&nbsp;(10GBASE-T)<br \/>&#8211; Ranura PCIe 3.0 (por controlador): 1 ranuras de 8 carriles x8; compatibilidad con tarjeta de interfaz de red de alto rendimiento<br \/>&#8211; Ventilador del sistema (por controlador): 2 (60 x 60 x 51 mm)<br \/>&#8211; Tensi&oacute;n de alimentaci&oacute;n de entrada: CA de 100 a 240 V CA<br \/>&#8211; Frecuencia de alimentaci&oacute;n: 50\/60 Hz, monof&aacute;sica<br \/>&#8211; Temperatura de funcionamiento: De 0 &deg;C a 35 &deg;C (de 32 &deg;F a 95 &deg;F)<br \/>&#8211; Temperatura de almacenamiento: De -20 ?C a 60 ?C (de -5 ?F a 140 ?F)<br \/>&#8211; Humedad relativa: Del 5 al 95 % de HR<br \/>&#8211; Altitud operativa m&aacute;xima: 5000 m (16 400 pies)<\/td>\n<\/tr>\n<tr>\n<td valign=\"top\"><strong>Especificaciones generales<\/strong><\/td>\n<td valign=\"top\"><strong>Protocolo de red<br \/><\/strong>&#8211; SMB<br \/>&#8211; AFP<br \/>&#8211; NFS<br \/>&#8211; FTP<br \/>&#8211; WebDAV<br \/>&#8211; CalDAV<br \/>&#8211; iSCSI<br \/>&#8211; Telnet<br \/>&#8211; SSH<br \/>&#8211; SNMP<br \/>&#8211; VPN (PPTP, OpenVPN&trade;, L2TP)<strong><br \/>Sistema de archivos<\/strong><br \/>&#8211; Btrfs, ext4<br \/><strong>Tipo de RAID compatible<\/strong><br \/>&#8211; Synology RAID F1<br \/>&#8211; Basic<br \/>&#8211; JBOD<br \/>&#8211; RAID 0<br \/>&#8211; RAID 1<br \/>&#8211; RAID 5<br \/>&#8211; RAID 6<br \/>&#8211; RAID 10<br \/><strong>Gestion de almacenamiento<\/strong><br \/>&#8211; Tama&ntilde;o m&aacute;ximo de volumen individual: 108 TB \/ 200 TB (al menos 32 GB de RAM necesarios; solo para grupos RAID 5 o RAID 6)<br \/>&#8211; M&aacute;ximo de instant&aacute;neas del sistema: 65.536<br \/>&#8211; Volumen interno m&aacute;ximo: 64<br \/><strong>Cach&eacute; de SSD<\/strong><br \/>&#8211; Compatibilidad con escritura y lectura en cach&eacute;<br \/><strong>Capacidad de uso compartido de archivos<\/strong><br \/>&#8211; N&uacute;mero m&aacute;ximo de cuentas de usuarios locales: 16.000<br \/>&#8211; N.&ordm; m&aacute;ximo de grupos locales: 512<br \/>&#8211; N.&ordm; m&aacute;ximo de carpetas compartidas: 512<br \/>&#8211; N.&ordm; m&aacute;ximo de conexiones SMB\/NFS\/AFP\/FTP simult&aacute;neas: 1200<br \/><strong>Privilegio<\/strong><br \/>&#8211; Lista de control de acceso de Windows (ACL), privilegios de la aplicaci&oacute;n<br \/><strong>Servicio de directorio<\/strong><br \/>&#8211; Integraci&oacute;n de Windows&reg; AD: Inicio de sesi&oacute;n de usuarios de dominio mediante SMB\/NFS\/AFP\/FTP\/File Station, LDAP, integraci&oacute;n LDAP<br \/><strong>Virtualizaci&oacute;n<\/strong><br \/>&#8211; VMware vSphere 6,5, Microsoft Hyper-V, Citrix, OpenStack<br \/><strong>Seguridad<\/strong><br \/>&#8211; Cortafuegos<br \/>&#8211; Cifrado de carpetas compartidas<br \/>&#8211; Cifrado SMB<br \/>&#8211; FTP a trav&eacute;s de SSL\/TLS<br \/>&#8211; SFTP<br \/>&#8211; Rsync a trav&eacute;s de SSH<br \/>&#8211; Bloqueo autom&aacute;tico de inicio de sesi&oacute;n<br \/>&#8211; Compatibilidad con Let&#8217;s Encrypt<br \/>&#8211; HTTPS (conjuntos de cifrado personalizados)<br \/><strong>Cliente compatible<\/strong><br \/>&#8211; Windows 7 y posteriores<br \/>&#8211; Mac OS X 10.11 y posteriores<br \/><strong>Navegador compatible<\/strong><br \/>&#8211; Chrome<br \/>&#8211; Firefox<br \/>&#8211; Edge<br \/>&#8211; Internet Explorer 10 o posterior<br \/>&#8211; Safari 10 o posterior<br \/>&#8211; Chrome (Android 6.0 o posterior) en tabletas<br \/><strong>Contenido de la caja<\/strong><br \/>&#8211; Unidad principal de SA3200D x 1<br \/>&#8211; Gu&iacute;a de instalaci&oacute;n r&aacute;pida x 1<br \/>&#8211; Paquete de accesorios x 1<br \/>&#8211; Cable de alimentaci&oacute;n de CA x 2<\/td>\n<\/tr>\n<tr>\n<td valign=\"top\"><strong>Fecha Revisi&oacute;n <\/strong><\/td>\n<td valign=\"top\">09-01-2020 por MRS<\/td>\n<\/tr>\n<\/tbody>\n<\/table>\n","protected":false},"excerpt":{"rendered":"<p>Marca Synology Modelo SA3200D Hardware &#8211; N&uacute;mero de m&oacute;dulos de controlador: 2&#8211; CPU (por controlador): Intel Xeon D-1521 de 4 n&uacute;cleos a 2,4 GHz, Turbo Boost de hasta 2,7 GHz&#8211; Motor de cifrado de hardware: S&iacute; (AES-NI)&#8211; Memoria (por controlador):&nbsp;8 GB de UDIMM ECC DDR4 (ampliable hasta 64 GB)&#8211; Tipo de disco compatible 12 x&hellip;&nbsp;<a href=\"https:\/\/aivlisoft.net\/shop\/producto\/synology-sa3200d-nas-12bay-rack-station\/\" rel=\"bookmark\"><span class=\"screen-reader-text\">SYNOLOGY SA3200D NAS 12Bay Rack Station<\/span><\/a><\/p>\n","protected":false},"featured_media":18345,"template":"","meta":{"neve_meta_sidebar":"","neve_meta_container":"","neve_meta_enable_content_width":"","neve_meta_content_width":0,"neve_meta_title_alignment":"","neve_meta_author_avatar":"","neve_post_elements_order":"","neve_meta_disable_header":"","neve_meta_disable_footer":"","neve_meta_disable_title":""},"product_brand":[],"product_cat":[8765],"product_tag":[6703],"class_list":{"0":"post-18344","1":"product","2":"type-product","3":"status-publish","4":"has-post-thumbnail","6":"product_cat-almacenamiento-armario","7":"product_tag-sa3200d","9":"first","10":"instock","11":"taxable","12":"shipping-taxable","13":"purchasable","14":"product-type-simple"},"yoast_head":"<!-- This site is optimized with the Yoast SEO plugin v26.0 - https:\/\/yoast.com\/wordpress\/plugins\/seo\/ -->\n<title>SYNOLOGY SA3200D NAS 12Bay Rack Station - Aivlisoft Inform\u00e1tica<\/title>\n<meta name=\"robots\" content=\"index, follow, max-snippet:-1, max-image-preview:large, max-video-preview:-1\" \/>\n<link rel=\"canonical\" href=\"https:\/\/aivlisoft.net\/shop\/producto\/synology-sa3200d-nas-12bay-rack-station\/\" \/>\n<meta property=\"og:locale\" content=\"es_ES\" \/>\n<meta property=\"og:type\" content=\"article\" \/>\n<meta property=\"og:title\" content=\"SYNOLOGY SA3200D NAS 12Bay Rack Station - Aivlisoft Inform\u00e1tica\" \/>\n<meta property=\"og:description\" content=\"Marca Synology Modelo SA3200D Hardware &#8211; N&uacute;mero de m&oacute;dulos de controlador: 2&#8211; CPU (por controlador): Intel Xeon D-1521 de 4 n&uacute;cleos a 2,4 GHz, Turbo Boost de hasta 2,7 GHz&#8211; Motor de cifrado de hardware: S&iacute; (AES-NI)&#8211; Memoria (por controlador):&nbsp;8 GB de UDIMM ECC DDR4 (ampliable hasta 64 GB)&#8211; Tipo de disco compatible 12 x&hellip;&nbsp;SYNOLOGY SA3200D NAS 12Bay Rack Station\" \/>\n<meta property=\"og:url\" content=\"https:\/\/aivlisoft.net\/shop\/producto\/synology-sa3200d-nas-12bay-rack-station\/\" \/>\n<meta property=\"og:site_name\" content=\"Aivlisoft Inform\u00e1tica\" \/>\n<meta property=\"article:modified_time\" content=\"2025-01-14T11:38:53+00:00\" \/>\n<meta property=\"og:image\" content=\"https:\/\/aivlisoft.net\/shop\/wp-content\/uploads\/2025\/01\/NARARA0062_800.jpg\" \/>\n\t<meta property=\"og:image:width\" content=\"800\" \/>\n\t<meta property=\"og:image:height\" content=\"800\" \/>\n\t<meta property=\"og:image:type\" content=\"image\/jpeg\" \/>\n<meta name=\"twitter:card\" content=\"summary_large_image\" \/>\n<meta name=\"twitter:label1\" content=\"Tiempo de lectura\" \/>\n\t<meta name=\"twitter:data1\" content=\"3 minutos\" \/>\n<script type=\"application\/ld+json\" class=\"yoast-schema-graph\">{\"@context\":\"https:\/\/schema.org\",\"@graph\":[{\"@type\":\"WebPage\",\"@id\":\"https:\/\/aivlisoft.net\/shop\/producto\/synology-sa3200d-nas-12bay-rack-station\/\",\"url\":\"https:\/\/aivlisoft.net\/shop\/producto\/synology-sa3200d-nas-12bay-rack-station\/\",\"name\":\"SYNOLOGY SA3200D NAS 12Bay Rack Station - Aivlisoft Inform\u00e1tica\",\"isPartOf\":{\"@id\":\"https:\/\/aivlisoft.net\/shop\/#website\"},\"primaryImageOfPage\":{\"@id\":\"https:\/\/aivlisoft.net\/shop\/producto\/synology-sa3200d-nas-12bay-rack-station\/#primaryimage\"},\"image\":{\"@id\":\"https:\/\/aivlisoft.net\/shop\/producto\/synology-sa3200d-nas-12bay-rack-station\/#primaryimage\"},\"thumbnailUrl\":\"https:\/\/aivlisoft.net\/shop\/wp-content\/uploads\/2025\/01\/NARARA0062_800.jpg\",\"datePublished\":\"2025-01-13T15:21:13+00:00\",\"dateModified\":\"2025-01-14T11:38:53+00:00\",\"breadcrumb\":{\"@id\":\"https:\/\/aivlisoft.net\/shop\/producto\/synology-sa3200d-nas-12bay-rack-station\/#breadcrumb\"},\"inLanguage\":\"es\",\"potentialAction\":[{\"@type\":\"ReadAction\",\"target\":[\"https:\/\/aivlisoft.net\/shop\/producto\/synology-sa3200d-nas-12bay-rack-station\/\"]}]},{\"@type\":\"ImageObject\",\"inLanguage\":\"es\",\"@id\":\"https:\/\/aivlisoft.net\/shop\/producto\/synology-sa3200d-nas-12bay-rack-station\/#primaryimage\",\"url\":\"https:\/\/aivlisoft.net\/shop\/wp-content\/uploads\/2025\/01\/NARARA0062_800.jpg\",\"contentUrl\":\"https:\/\/aivlisoft.net\/shop\/wp-content\/uploads\/2025\/01\/NARARA0062_800.jpg\",\"width\":800,\"height\":800},{\"@type\":\"BreadcrumbList\",\"@id\":\"https:\/\/aivlisoft.net\/shop\/producto\/synology-sa3200d-nas-12bay-rack-station\/#breadcrumb\",\"itemListElement\":[{\"@type\":\"ListItem\",\"position\":1,\"name\":\"Portada\",\"item\":\"https:\/\/aivlisoft.net\/shop\/\"},{\"@type\":\"ListItem\",\"position\":2,\"name\":\"Tienda\",\"item\":\"https:\/\/aivlisoft.net\/shop\/tienda\/\"},{\"@type\":\"ListItem\",\"position\":3,\"name\":\"SYNOLOGY SA3200D NAS 12Bay Rack Station\"}]},{\"@type\":\"WebSite\",\"@id\":\"https:\/\/aivlisoft.net\/shop\/#website\",\"url\":\"https:\/\/aivlisoft.net\/shop\/\",\"name\":\"Aivlisoft Inform\u00e1tica\",\"description\":\"En Aivlisoft Inform\u00e1tica ofrecemos soluciones tecnol\u00f3gicas para empresas: venta de ordenadores, consumibles, perif\u00e9ricos y m\u00e1s. Calidad, atenci\u00f3n personalizada y los mejores precios para tu negocio.\",\"publisher\":{\"@id\":\"https:\/\/aivlisoft.net\/shop\/#organization\"},\"potentialAction\":[{\"@type\":\"SearchAction\",\"target\":{\"@type\":\"EntryPoint\",\"urlTemplate\":\"https:\/\/aivlisoft.net\/shop\/?s={search_term_string}\"},\"query-input\":{\"@type\":\"PropertyValueSpecification\",\"valueRequired\":true,\"valueName\":\"search_term_string\"}}],\"inLanguage\":\"es\"},{\"@type\":\"Organization\",\"@id\":\"https:\/\/aivlisoft.net\/shop\/#organization\",\"name\":\"Aivlisoft Inform\u00e1tica\",\"url\":\"https:\/\/aivlisoft.net\/shop\/\",\"logo\":{\"@type\":\"ImageObject\",\"inLanguage\":\"es\",\"@id\":\"https:\/\/aivlisoft.net\/shop\/#\/schema\/logo\/image\/\",\"url\":\"https:\/\/aivlisoft.net\/shop\/wp-content\/uploads\/2024\/12\/removal.ai_5b848c54-0cdf-4140-95c5-c5536bb7573b-logodef.png\",\"contentUrl\":\"https:\/\/aivlisoft.net\/shop\/wp-content\/uploads\/2024\/12\/removal.ai_5b848c54-0cdf-4140-95c5-c5536bb7573b-logodef.png\",\"width\":484,\"height\":182,\"caption\":\"Aivlisoft Inform\u00e1tica\"},\"image\":{\"@id\":\"https:\/\/aivlisoft.net\/shop\/#\/schema\/logo\/image\/\"}}]}<\/script>\n<!-- \/ Yoast SEO plugin. -->","yoast_head_json":{"title":"SYNOLOGY SA3200D NAS 12Bay Rack Station - Aivlisoft Inform\u00e1tica","robots":{"index":"index","follow":"follow","max-snippet":"max-snippet:-1","max-image-preview":"max-image-preview:large","max-video-preview":"max-video-preview:-1"},"canonical":"https:\/\/aivlisoft.net\/shop\/producto\/synology-sa3200d-nas-12bay-rack-station\/","og_locale":"es_ES","og_type":"article","og_title":"SYNOLOGY SA3200D NAS 12Bay Rack Station - Aivlisoft Inform\u00e1tica","og_description":"Marca Synology Modelo SA3200D Hardware &#8211; N&uacute;mero de m&oacute;dulos de controlador: 2&#8211; CPU (por controlador): Intel Xeon D-1521 de 4 n&uacute;cleos a 2,4 GHz, Turbo Boost de hasta 2,7 GHz&#8211; Motor de cifrado de hardware: S&iacute; (AES-NI)&#8211; Memoria (por controlador):&nbsp;8 GB de UDIMM ECC DDR4 (ampliable hasta 64 GB)&#8211; Tipo de disco compatible 12 x&hellip;&nbsp;SYNOLOGY SA3200D NAS 12Bay Rack Station","og_url":"https:\/\/aivlisoft.net\/shop\/producto\/synology-sa3200d-nas-12bay-rack-station\/","og_site_name":"Aivlisoft Inform\u00e1tica","article_modified_time":"2025-01-14T11:38:53+00:00","og_image":[{"width":800,"height":800,"url":"https:\/\/aivlisoft.net\/shop\/wp-content\/uploads\/2025\/01\/NARARA0062_800.jpg","type":"image\/jpeg"}],"twitter_card":"summary_large_image","twitter_misc":{"Tiempo de lectura":"3 minutos"},"schema":{"@context":"https:\/\/schema.org","@graph":[{"@type":"WebPage","@id":"https:\/\/aivlisoft.net\/shop\/producto\/synology-sa3200d-nas-12bay-rack-station\/","url":"https:\/\/aivlisoft.net\/shop\/producto\/synology-sa3200d-nas-12bay-rack-station\/","name":"SYNOLOGY SA3200D NAS 12Bay Rack Station - Aivlisoft Inform\u00e1tica","isPartOf":{"@id":"https:\/\/aivlisoft.net\/shop\/#website"},"primaryImageOfPage":{"@id":"https:\/\/aivlisoft.net\/shop\/producto\/synology-sa3200d-nas-12bay-rack-station\/#primaryimage"},"image":{"@id":"https:\/\/aivlisoft.net\/shop\/producto\/synology-sa3200d-nas-12bay-rack-station\/#primaryimage"},"thumbnailUrl":"https:\/\/aivlisoft.net\/shop\/wp-content\/uploads\/2025\/01\/NARARA0062_800.jpg","datePublished":"2025-01-13T15:21:13+00:00","dateModified":"2025-01-14T11:38:53+00:00","breadcrumb":{"@id":"https:\/\/aivlisoft.net\/shop\/producto\/synology-sa3200d-nas-12bay-rack-station\/#breadcrumb"},"inLanguage":"es","potentialAction":[{"@type":"ReadAction","target":["https:\/\/aivlisoft.net\/shop\/producto\/synology-sa3200d-nas-12bay-rack-station\/"]}]},{"@type":"ImageObject","inLanguage":"es","@id":"https:\/\/aivlisoft.net\/shop\/producto\/synology-sa3200d-nas-12bay-rack-station\/#primaryimage","url":"https:\/\/aivlisoft.net\/shop\/wp-content\/uploads\/2025\/01\/NARARA0062_800.jpg","contentUrl":"https:\/\/aivlisoft.net\/shop\/wp-content\/uploads\/2025\/01\/NARARA0062_800.jpg","width":800,"height":800},{"@type":"BreadcrumbList","@id":"https:\/\/aivlisoft.net\/shop\/producto\/synology-sa3200d-nas-12bay-rack-station\/#breadcrumb","itemListElement":[{"@type":"ListItem","position":1,"name":"Portada","item":"https:\/\/aivlisoft.net\/shop\/"},{"@type":"ListItem","position":2,"name":"Tienda","item":"https:\/\/aivlisoft.net\/shop\/tienda\/"},{"@type":"ListItem","position":3,"name":"SYNOLOGY SA3200D NAS 12Bay Rack Station"}]},{"@type":"WebSite","@id":"https:\/\/aivlisoft.net\/shop\/#website","url":"https:\/\/aivlisoft.net\/shop\/","name":"Aivlisoft Inform\u00e1tica","description":"En Aivlisoft Inform\u00e1tica ofrecemos soluciones tecnol\u00f3gicas para empresas: venta de ordenadores, consumibles, perif\u00e9ricos y m\u00e1s. Calidad, atenci\u00f3n personalizada y los mejores precios para tu negocio.","publisher":{"@id":"https:\/\/aivlisoft.net\/shop\/#organization"},"potentialAction":[{"@type":"SearchAction","target":{"@type":"EntryPoint","urlTemplate":"https:\/\/aivlisoft.net\/shop\/?s={search_term_string}"},"query-input":{"@type":"PropertyValueSpecification","valueRequired":true,"valueName":"search_term_string"}}],"inLanguage":"es"},{"@type":"Organization","@id":"https:\/\/aivlisoft.net\/shop\/#organization","name":"Aivlisoft Inform\u00e1tica","url":"https:\/\/aivlisoft.net\/shop\/","logo":{"@type":"ImageObject","inLanguage":"es","@id":"https:\/\/aivlisoft.net\/shop\/#\/schema\/logo\/image\/","url":"https:\/\/aivlisoft.net\/shop\/wp-content\/uploads\/2024\/12\/removal.ai_5b848c54-0cdf-4140-95c5-c5536bb7573b-logodef.png","contentUrl":"https:\/\/aivlisoft.net\/shop\/wp-content\/uploads\/2024\/12\/removal.ai_5b848c54-0cdf-4140-95c5-c5536bb7573b-logodef.png","width":484,"height":182,"caption":"Aivlisoft Inform\u00e1tica"},"image":{"@id":"https:\/\/aivlisoft.net\/shop\/#\/schema\/logo\/image\/"}}]}},"_links":{"self":[{"href":"https:\/\/aivlisoft.net\/shop\/wp-json\/wp\/v2\/product\/18344","targetHints":{"allow":["GET"]}}],"collection":[{"href":"https:\/\/aivlisoft.net\/shop\/wp-json\/wp\/v2\/product"}],"about":[{"href":"https:\/\/aivlisoft.net\/shop\/wp-json\/wp\/v2\/types\/product"}],"wp:featuredmedia":[{"embeddable":true,"href":"https:\/\/aivlisoft.net\/shop\/wp-json\/wp\/v2\/media\/18345"}],"wp:attachment":[{"href":"https:\/\/aivlisoft.net\/shop\/wp-json\/wp\/v2\/media?parent=18344"}],"wp:term":[{"taxonomy":"product_brand","embeddable":true,"href":"https:\/\/aivlisoft.net\/shop\/wp-json\/wp\/v2\/product_brand?post=18344"},{"taxonomy":"product_cat","embeddable":true,"href":"https:\/\/aivlisoft.net\/shop\/wp-json\/wp\/v2\/product_cat?post=18344"},{"taxonomy":"product_tag","embeddable":true,"href":"https:\/\/aivlisoft.net\/shop\/wp-json\/wp\/v2\/product_tag?post=18344"}],"curies":[{"name":"wp","href":"https:\/\/api.w.org\/{rel}","templated":true}]}}