{"id":18340,"date":"2025-01-13T15:21:11","date_gmt":"2025-01-13T15:21:11","guid":{"rendered":"https:\/\/aivlisoft.com\/?post_type=product&#038;p=18340"},"modified":"2025-01-14T11:38:52","modified_gmt":"2025-01-14T11:38:52","slug":"synology-rxd1219sas-expansion-unit-12bay-disk-stat","status":"publish","type":"product","link":"https:\/\/aivlisoft.net\/shop\/producto\/synology-rxd1219sas-expansion-unit-12bay-disk-stat\/","title":{"rendered":"SYNOLOGY RXD1219sas Expansion Unit 12Bay Disk Stat"},"content":{"rendered":"<p><strong>Expansi&oacute;n SAS sobre la marcha de hasta 12 recept&aacute;culos adicionales<\/strong><br \/>RXD1219sas es una unidad de expansi&oacute;n 2U dise&ntilde;ada para funcionar autom&aacute;ticamente cuando se conecta, proporcionando una soluci&oacute;n de actualizaci&oacute;n de espacio de almacenamiento sin esfuerzo para sus servidores Synology1. Puede agregar hasta 12 recept&aacute;culos de unidad SAS de 2,5&#8243;\/3,5&#8243; sobre la marcha cuando se conecta directamente con un cable mini-SAS HD.<\/p>\n<p><strong>Dise&ntilde;ada para ofrecer la m&aacute;xima fiabilidad<\/strong><br \/>Las fuentes de alimentaci&oacute;n redundantes garantizan un tiempo de servicio m&aacute;ximo. En las raras ocasiones en las que se produzca un fallo, puede sustituir instant&aacute;neamente las bandejas de unidades intercambiables en caliente y, con los componentes clave del sistema modulares, los m&oacute;dulos SAS y los ventiladores del sistema tambi&eacute;n se pueden sustituir con facilidad.<\/p>\n<p><strong>Transmisi&oacute;n de datos de alto rendimiento<\/strong><br \/>El conector mini-SAS HD proporciona conectividad de ancho de banda alto para lograr el m&aacute;ximo rendimiento durante la transferencia de datos entre su servidor de Synology y RXD1219sas. Permite que las unidades del dispositivo RXD1219sas conectado funcionen como si fueran las unidades internas del servidor de Synology, sin latencia de datos.<\/p>\n<table>\n<tbody>\n<tr>\n<td><strong>Marca<\/strong><\/td>\n<td>Synology<\/td>\n<\/tr>\n<tr>\n<td><strong>Modelo<\/strong><\/td>\n<td><strong><\/strong><strong>RXD1219sas<\/strong><\/td>\n<\/tr>\n<tr>\n<td><strong>Caracteristicas<\/strong><\/td>\n<td><strong>Modelos compatibles<\/strong><br \/>&#8211; Admite creaci&oacute;n de vol&uacute;menes s&oacute;lo en una unidad: UC3200<br \/><strong>Almacenamiento<\/strong><br \/>&#8211; Recept&aacute;culo(s) de unidad: 12<br \/>&#8211; Tipo de unidad compatible:<br \/>&nbsp; Unidad de disco duro SAS de 3,5&#8243;<br \/>&nbsp; Unidad de disco duro SAS de 2,5&#8243;<br \/>&nbsp; SSD SAS de 2,5&#8243;<br \/>&#8211; Capacidad m&aacute;xima bruta interna: 192TB (unidad de disco duro de 16 TB x 12) (la capacidad puede variar seg&uacute;n el tipo de RAID)<br \/>&#8211; Unidad de intercambio en caliente<br \/><strong>Puertos externos<\/strong><br \/>&#8211; SAS IN: 2<br \/>&#8211; SAS OUT: 2<br \/><strong>Apariencia<\/strong><br \/>&#8211; Tama&ntilde;o (Altura x Anchura x Profundidad): 88 mm x 482 mm x 724 mm<br \/>&#8211; Peso: 18,2 Kg<br \/><strong>Alimentaci&oacute;n<\/strong><br \/>&#8211; Fuente \/ Adaptador de alimentaci&oacute;n: 500W<br \/>&#8211; Voltaje de alimentaci&oacute;n de entrada CA: De 100V a 240V CA<br \/>&#8211; Frecuencia de alimentaci&oacute;n: 50\/60 Hz, Monof&aacute;sico<br \/>&#8211; Consumo de energ&iacute;a: 299,79 W (Acceso)<br \/>&#8211; BTUs: 1022,93 BTU\/hr (Acceso)<br \/>&#8211; Fuente de alimentaci&oacute;n redundante (para modelo RP)<br \/><strong>Temperatura<\/strong><br \/>&#8211; Temperatura operativa: De 0&deg;C a 35&deg;C <br \/>&#8211; Temperatura de almacenamiento: De -20&deg;C a 60&deg;C<br \/>&#8211; Humedad relativa: De 5% a 95% HR<br \/><strong>Certificaci&oacute;n<\/strong><br \/>&#8211; FCC<br \/>&#8211; CE<br \/>&#8211; BSMI<br \/>&#8211; EAC<br \/>&#8211; VCCI<br \/>&#8211; RCM<br \/>&#8211; KC<br \/><strong>Otros<\/strong><br \/>&#8211; Ventilador del sistema: 60 mm x 60 mm x 4 pcs<br \/>&#8211; F&aacute;cil sustituci&oacute;n de ventilador del sistema<br \/>&#8211; Nivel de ruido: 60.9 dB(A)<br \/><strong>Contenido<\/strong><br \/>&#8211; Unidad principal x 1<br \/>&#8211; Paquete de accesorios x 1<br \/>&#8211; Cable de alimentaci&oacute;n CA x 2<br \/>&#8211; Expansion Cable: MiniSAS-HD x 1<br \/>&#8211; Gu&iacute;a de instalaci&oacute;n r&aacute;pida x 1<\/td>\n<\/tr>\n<tr>\n<td><strong>Fecha de revisi&oacute;n<\/strong><\/td>\n<td>26-12-2019 por MRS<\/td>\n<\/tr>\n<\/tbody>\n<\/table>\n","protected":false},"excerpt":{"rendered":"<p>Expansi&oacute;n SAS sobre la marcha de hasta 12 recept&aacute;culos adicionalesRXD1219sas es una unidad de expansi&oacute;n 2U dise&ntilde;ada para funcionar autom&aacute;ticamente cuando se conecta, proporcionando una soluci&oacute;n de actualizaci&oacute;n de espacio de almacenamiento sin esfuerzo para sus servidores Synology1. Puede agregar hasta 12 recept&aacute;culos de unidad SAS de 2,5&#8243;\/3,5&#8243; sobre la marcha cuando se conecta directamente&hellip;&nbsp;<a href=\"https:\/\/aivlisoft.net\/shop\/producto\/synology-rxd1219sas-expansion-unit-12bay-disk-stat\/\" rel=\"bookmark\"><span class=\"screen-reader-text\">SYNOLOGY RXD1219sas Expansion Unit 12Bay Disk Stat<\/span><\/a><\/p>\n","protected":false},"featured_media":18341,"template":"","meta":{"neve_meta_sidebar":"","neve_meta_container":"","neve_meta_enable_content_width":"","neve_meta_content_width":0,"neve_meta_title_alignment":"","neve_meta_author_avatar":"","neve_post_elements_order":"","neve_meta_disable_header":"","neve_meta_disable_footer":"","neve_meta_disable_title":""},"product_brand":[],"product_cat":[8765],"product_tag":[6702],"class_list":{"0":"post-18340","1":"product","2":"type-product","3":"status-publish","4":"has-post-thumbnail","6":"product_cat-almacenamiento-armario","7":"product_tag-rxd1219sas","9":"first","10":"instock","11":"taxable","12":"shipping-taxable","13":"purchasable","14":"product-type-simple"},"yoast_head":"<!-- This site is optimized with the Yoast SEO plugin v26.0 - https:\/\/yoast.com\/wordpress\/plugins\/seo\/ -->\n<title>SYNOLOGY RXD1219sas Expansion Unit 12Bay Disk Stat - Aivlisoft Inform\u00e1tica<\/title>\n<meta name=\"robots\" content=\"index, follow, max-snippet:-1, max-image-preview:large, max-video-preview:-1\" \/>\n<link rel=\"canonical\" href=\"https:\/\/aivlisoft.net\/shop\/producto\/synology-rxd1219sas-expansion-unit-12bay-disk-stat\/\" \/>\n<meta property=\"og:locale\" content=\"es_ES\" \/>\n<meta property=\"og:type\" content=\"article\" \/>\n<meta property=\"og:title\" content=\"SYNOLOGY RXD1219sas Expansion Unit 12Bay Disk Stat - Aivlisoft Inform\u00e1tica\" \/>\n<meta property=\"og:description\" content=\"Expansi&oacute;n SAS sobre la marcha de hasta 12 recept&aacute;culos adicionalesRXD1219sas es una unidad de expansi&oacute;n 2U dise&ntilde;ada para funcionar autom&aacute;ticamente cuando se conecta, proporcionando una soluci&oacute;n de actualizaci&oacute;n de espacio de almacenamiento sin esfuerzo para sus servidores Synology1. Puede agregar hasta 12 recept&aacute;culos de unidad SAS de 2,5&#8243;\/3,5&#8243; sobre la marcha cuando se conecta directamente&hellip;&nbsp;SYNOLOGY RXD1219sas Expansion Unit 12Bay Disk Stat\" \/>\n<meta property=\"og:url\" content=\"https:\/\/aivlisoft.net\/shop\/producto\/synology-rxd1219sas-expansion-unit-12bay-disk-stat\/\" \/>\n<meta property=\"og:site_name\" content=\"Aivlisoft Inform\u00e1tica\" \/>\n<meta property=\"article:modified_time\" content=\"2025-01-14T11:38:52+00:00\" \/>\n<meta property=\"og:image\" content=\"https:\/\/aivlisoft.net\/shop\/wp-content\/uploads\/2025\/01\/NARARA0060_800.jpg\" \/>\n\t<meta property=\"og:image:width\" content=\"800\" \/>\n\t<meta property=\"og:image:height\" content=\"800\" \/>\n\t<meta property=\"og:image:type\" content=\"image\/jpeg\" \/>\n<meta name=\"twitter:card\" content=\"summary_large_image\" \/>\n<meta name=\"twitter:label1\" content=\"Tiempo de lectura\" \/>\n\t<meta name=\"twitter:data1\" content=\"2 minutos\" \/>\n<script type=\"application\/ld+json\" class=\"yoast-schema-graph\">{\"@context\":\"https:\/\/schema.org\",\"@graph\":[{\"@type\":\"WebPage\",\"@id\":\"https:\/\/aivlisoft.net\/shop\/producto\/synology-rxd1219sas-expansion-unit-12bay-disk-stat\/\",\"url\":\"https:\/\/aivlisoft.net\/shop\/producto\/synology-rxd1219sas-expansion-unit-12bay-disk-stat\/\",\"name\":\"SYNOLOGY RXD1219sas Expansion Unit 12Bay Disk Stat - Aivlisoft Inform\u00e1tica\",\"isPartOf\":{\"@id\":\"https:\/\/aivlisoft.net\/shop\/#website\"},\"primaryImageOfPage\":{\"@id\":\"https:\/\/aivlisoft.net\/shop\/producto\/synology-rxd1219sas-expansion-unit-12bay-disk-stat\/#primaryimage\"},\"image\":{\"@id\":\"https:\/\/aivlisoft.net\/shop\/producto\/synology-rxd1219sas-expansion-unit-12bay-disk-stat\/#primaryimage\"},\"thumbnailUrl\":\"https:\/\/aivlisoft.net\/shop\/wp-content\/uploads\/2025\/01\/NARARA0060_800.jpg\",\"datePublished\":\"2025-01-13T15:21:11+00:00\",\"dateModified\":\"2025-01-14T11:38:52+00:00\",\"breadcrumb\":{\"@id\":\"https:\/\/aivlisoft.net\/shop\/producto\/synology-rxd1219sas-expansion-unit-12bay-disk-stat\/#breadcrumb\"},\"inLanguage\":\"es\",\"potentialAction\":[{\"@type\":\"ReadAction\",\"target\":[\"https:\/\/aivlisoft.net\/shop\/producto\/synology-rxd1219sas-expansion-unit-12bay-disk-stat\/\"]}]},{\"@type\":\"ImageObject\",\"inLanguage\":\"es\",\"@id\":\"https:\/\/aivlisoft.net\/shop\/producto\/synology-rxd1219sas-expansion-unit-12bay-disk-stat\/#primaryimage\",\"url\":\"https:\/\/aivlisoft.net\/shop\/wp-content\/uploads\/2025\/01\/NARARA0060_800.jpg\",\"contentUrl\":\"https:\/\/aivlisoft.net\/shop\/wp-content\/uploads\/2025\/01\/NARARA0060_800.jpg\",\"width\":800,\"height\":800},{\"@type\":\"BreadcrumbList\",\"@id\":\"https:\/\/aivlisoft.net\/shop\/producto\/synology-rxd1219sas-expansion-unit-12bay-disk-stat\/#breadcrumb\",\"itemListElement\":[{\"@type\":\"ListItem\",\"position\":1,\"name\":\"Portada\",\"item\":\"https:\/\/aivlisoft.net\/shop\/\"},{\"@type\":\"ListItem\",\"position\":2,\"name\":\"Tienda\",\"item\":\"https:\/\/aivlisoft.net\/shop\/tienda\/\"},{\"@type\":\"ListItem\",\"position\":3,\"name\":\"SYNOLOGY RXD1219sas Expansion Unit 12Bay Disk Stat\"}]},{\"@type\":\"WebSite\",\"@id\":\"https:\/\/aivlisoft.net\/shop\/#website\",\"url\":\"https:\/\/aivlisoft.net\/shop\/\",\"name\":\"Aivlisoft Inform\u00e1tica\",\"description\":\"En Aivlisoft Inform\u00e1tica ofrecemos soluciones tecnol\u00f3gicas para empresas: venta de ordenadores, consumibles, perif\u00e9ricos y m\u00e1s. Calidad, atenci\u00f3n personalizada y los mejores precios para tu negocio.\",\"publisher\":{\"@id\":\"https:\/\/aivlisoft.net\/shop\/#organization\"},\"potentialAction\":[{\"@type\":\"SearchAction\",\"target\":{\"@type\":\"EntryPoint\",\"urlTemplate\":\"https:\/\/aivlisoft.net\/shop\/?s={search_term_string}\"},\"query-input\":{\"@type\":\"PropertyValueSpecification\",\"valueRequired\":true,\"valueName\":\"search_term_string\"}}],\"inLanguage\":\"es\"},{\"@type\":\"Organization\",\"@id\":\"https:\/\/aivlisoft.net\/shop\/#organization\",\"name\":\"Aivlisoft Inform\u00e1tica\",\"url\":\"https:\/\/aivlisoft.net\/shop\/\",\"logo\":{\"@type\":\"ImageObject\",\"inLanguage\":\"es\",\"@id\":\"https:\/\/aivlisoft.net\/shop\/#\/schema\/logo\/image\/\",\"url\":\"https:\/\/aivlisoft.net\/shop\/wp-content\/uploads\/2024\/12\/removal.ai_5b848c54-0cdf-4140-95c5-c5536bb7573b-logodef.png\",\"contentUrl\":\"https:\/\/aivlisoft.net\/shop\/wp-content\/uploads\/2024\/12\/removal.ai_5b848c54-0cdf-4140-95c5-c5536bb7573b-logodef.png\",\"width\":484,\"height\":182,\"caption\":\"Aivlisoft Inform\u00e1tica\"},\"image\":{\"@id\":\"https:\/\/aivlisoft.net\/shop\/#\/schema\/logo\/image\/\"}}]}<\/script>\n<!-- \/ Yoast SEO plugin. -->","yoast_head_json":{"title":"SYNOLOGY RXD1219sas Expansion Unit 12Bay Disk Stat - Aivlisoft Inform\u00e1tica","robots":{"index":"index","follow":"follow","max-snippet":"max-snippet:-1","max-image-preview":"max-image-preview:large","max-video-preview":"max-video-preview:-1"},"canonical":"https:\/\/aivlisoft.net\/shop\/producto\/synology-rxd1219sas-expansion-unit-12bay-disk-stat\/","og_locale":"es_ES","og_type":"article","og_title":"SYNOLOGY RXD1219sas Expansion Unit 12Bay Disk Stat - Aivlisoft Inform\u00e1tica","og_description":"Expansi&oacute;n SAS sobre la marcha de hasta 12 recept&aacute;culos adicionalesRXD1219sas es una unidad de expansi&oacute;n 2U dise&ntilde;ada para funcionar autom&aacute;ticamente cuando se conecta, proporcionando una soluci&oacute;n de actualizaci&oacute;n de espacio de almacenamiento sin esfuerzo para sus servidores Synology1. Puede agregar hasta 12 recept&aacute;culos de unidad SAS de 2,5&#8243;\/3,5&#8243; sobre la marcha cuando se conecta directamente&hellip;&nbsp;SYNOLOGY RXD1219sas Expansion Unit 12Bay Disk Stat","og_url":"https:\/\/aivlisoft.net\/shop\/producto\/synology-rxd1219sas-expansion-unit-12bay-disk-stat\/","og_site_name":"Aivlisoft Inform\u00e1tica","article_modified_time":"2025-01-14T11:38:52+00:00","og_image":[{"width":800,"height":800,"url":"https:\/\/aivlisoft.net\/shop\/wp-content\/uploads\/2025\/01\/NARARA0060_800.jpg","type":"image\/jpeg"}],"twitter_card":"summary_large_image","twitter_misc":{"Tiempo de lectura":"2 minutos"},"schema":{"@context":"https:\/\/schema.org","@graph":[{"@type":"WebPage","@id":"https:\/\/aivlisoft.net\/shop\/producto\/synology-rxd1219sas-expansion-unit-12bay-disk-stat\/","url":"https:\/\/aivlisoft.net\/shop\/producto\/synology-rxd1219sas-expansion-unit-12bay-disk-stat\/","name":"SYNOLOGY RXD1219sas Expansion Unit 12Bay Disk Stat - Aivlisoft Inform\u00e1tica","isPartOf":{"@id":"https:\/\/aivlisoft.net\/shop\/#website"},"primaryImageOfPage":{"@id":"https:\/\/aivlisoft.net\/shop\/producto\/synology-rxd1219sas-expansion-unit-12bay-disk-stat\/#primaryimage"},"image":{"@id":"https:\/\/aivlisoft.net\/shop\/producto\/synology-rxd1219sas-expansion-unit-12bay-disk-stat\/#primaryimage"},"thumbnailUrl":"https:\/\/aivlisoft.net\/shop\/wp-content\/uploads\/2025\/01\/NARARA0060_800.jpg","datePublished":"2025-01-13T15:21:11+00:00","dateModified":"2025-01-14T11:38:52+00:00","breadcrumb":{"@id":"https:\/\/aivlisoft.net\/shop\/producto\/synology-rxd1219sas-expansion-unit-12bay-disk-stat\/#breadcrumb"},"inLanguage":"es","potentialAction":[{"@type":"ReadAction","target":["https:\/\/aivlisoft.net\/shop\/producto\/synology-rxd1219sas-expansion-unit-12bay-disk-stat\/"]}]},{"@type":"ImageObject","inLanguage":"es","@id":"https:\/\/aivlisoft.net\/shop\/producto\/synology-rxd1219sas-expansion-unit-12bay-disk-stat\/#primaryimage","url":"https:\/\/aivlisoft.net\/shop\/wp-content\/uploads\/2025\/01\/NARARA0060_800.jpg","contentUrl":"https:\/\/aivlisoft.net\/shop\/wp-content\/uploads\/2025\/01\/NARARA0060_800.jpg","width":800,"height":800},{"@type":"BreadcrumbList","@id":"https:\/\/aivlisoft.net\/shop\/producto\/synology-rxd1219sas-expansion-unit-12bay-disk-stat\/#breadcrumb","itemListElement":[{"@type":"ListItem","position":1,"name":"Portada","item":"https:\/\/aivlisoft.net\/shop\/"},{"@type":"ListItem","position":2,"name":"Tienda","item":"https:\/\/aivlisoft.net\/shop\/tienda\/"},{"@type":"ListItem","position":3,"name":"SYNOLOGY RXD1219sas Expansion Unit 12Bay Disk Stat"}]},{"@type":"WebSite","@id":"https:\/\/aivlisoft.net\/shop\/#website","url":"https:\/\/aivlisoft.net\/shop\/","name":"Aivlisoft Inform\u00e1tica","description":"En Aivlisoft Inform\u00e1tica ofrecemos soluciones tecnol\u00f3gicas para empresas: venta de ordenadores, consumibles, perif\u00e9ricos y m\u00e1s. Calidad, atenci\u00f3n personalizada y los mejores precios para tu negocio.","publisher":{"@id":"https:\/\/aivlisoft.net\/shop\/#organization"},"potentialAction":[{"@type":"SearchAction","target":{"@type":"EntryPoint","urlTemplate":"https:\/\/aivlisoft.net\/shop\/?s={search_term_string}"},"query-input":{"@type":"PropertyValueSpecification","valueRequired":true,"valueName":"search_term_string"}}],"inLanguage":"es"},{"@type":"Organization","@id":"https:\/\/aivlisoft.net\/shop\/#organization","name":"Aivlisoft Inform\u00e1tica","url":"https:\/\/aivlisoft.net\/shop\/","logo":{"@type":"ImageObject","inLanguage":"es","@id":"https:\/\/aivlisoft.net\/shop\/#\/schema\/logo\/image\/","url":"https:\/\/aivlisoft.net\/shop\/wp-content\/uploads\/2024\/12\/removal.ai_5b848c54-0cdf-4140-95c5-c5536bb7573b-logodef.png","contentUrl":"https:\/\/aivlisoft.net\/shop\/wp-content\/uploads\/2024\/12\/removal.ai_5b848c54-0cdf-4140-95c5-c5536bb7573b-logodef.png","width":484,"height":182,"caption":"Aivlisoft Inform\u00e1tica"},"image":{"@id":"https:\/\/aivlisoft.net\/shop\/#\/schema\/logo\/image\/"}}]}},"_links":{"self":[{"href":"https:\/\/aivlisoft.net\/shop\/wp-json\/wp\/v2\/product\/18340","targetHints":{"allow":["GET"]}}],"collection":[{"href":"https:\/\/aivlisoft.net\/shop\/wp-json\/wp\/v2\/product"}],"about":[{"href":"https:\/\/aivlisoft.net\/shop\/wp-json\/wp\/v2\/types\/product"}],"wp:featuredmedia":[{"embeddable":true,"href":"https:\/\/aivlisoft.net\/shop\/wp-json\/wp\/v2\/media\/18341"}],"wp:attachment":[{"href":"https:\/\/aivlisoft.net\/shop\/wp-json\/wp\/v2\/media?parent=18340"}],"wp:term":[{"taxonomy":"product_brand","embeddable":true,"href":"https:\/\/aivlisoft.net\/shop\/wp-json\/wp\/v2\/product_brand?post=18340"},{"taxonomy":"product_cat","embeddable":true,"href":"https:\/\/aivlisoft.net\/shop\/wp-json\/wp\/v2\/product_cat?post=18340"},{"taxonomy":"product_tag","embeddable":true,"href":"https:\/\/aivlisoft.net\/shop\/wp-json\/wp\/v2\/product_tag?post=18340"}],"curies":[{"name":"wp","href":"https:\/\/api.w.org\/{rel}","templated":true}]}}