{"id":18331,"date":"2025-01-13T15:21:06","date_gmt":"2025-01-13T15:21:06","guid":{"rendered":"https:\/\/aivlisoft.com\/?post_type=product&#038;p=18331"},"modified":"2025-01-14T11:38:50","modified_gmt":"2025-01-14T11:38:50","slug":"synology-fs6400-nas-24bay-flash-station","status":"publish","type":"product","link":"https:\/\/aivlisoft.net\/shop\/producto\/synology-fs6400-nas-24bay-flash-station\/","title":{"rendered":"SYNOLOGY FS6400 NAS 24Bay Flash Station"},"content":{"rendered":"<p><\/p>\n<table class=\"tabla_caracteristicas k-table\" width=\"100%\">\n<tbody>\n<tr>\n<td><strong>Marca<\/strong><\/td>\n<td>Synology<\/td>\n<\/tr>\n<tr>\n<td><strong>Modelo<\/strong><\/td>\n<td><strong><\/strong><strong>FS6400<\/strong><\/td>\n<\/tr>\n<tr>\n<td><strong>Caracteristicas de Hardware<\/strong><\/td>\n<td><strong>CPU<\/strong><br \/>&#8211; Modelo de CPU: Intel Xeon Silver 4110 x 2<br \/>&#8211; Arquitectura de CPU: 64-bit<br \/>&#8211; Frecuencia de CPU: Ocho n&uacute;cleos 2.1 (base) \/ 2.7 (turbo) GHz<br \/>&#8211; Motor de cifrado de hardware (AES-NI)<br \/><strong>Memoria<\/strong><br \/>&#8211; Memoria de sistema: 32 GB DDR4 ECC RDIMM<br \/>&#8211; M&oacute;dulo de memoria preinstalado: 32 GB (16 GB x 2)<br \/>&#8211; Total de ranuras de memoria: 16<br \/>&#8211; Memoria ampliable: 512 GB (32 GB x 16)<br \/><strong>Almacenamiento<\/strong><br \/>&#8211; Recept&aacute;culo(s) de unidad: 24<br \/>&#8211; Recept&aacute;culos de unidad m&aacute;x. con la unidad de expansi&oacute;n: 48 (RXD1217sas) \/ 72 (RX2417sas)<br \/>&#8211; Tipo de unidad compatible:<br \/>&nbsp; &nbsp; Unidad de disco duro SAS de 2,5&#8243;<br \/>&nbsp; &nbsp; SSD SAS de 2,5&#8243;<br \/>&nbsp; &nbsp; 2.5&#8243; SATA SSD<br \/>&#8211; Capacidad m&aacute;xima bruta interna: 184.32 TB (7.68 TB drive x 24) (la capacidad puede variar seg&uacute;n el tipo de RAID)<br \/>&#8211; Capacidad m&aacute;xima bruta con unidades de expansi&oacute;n: 552.96 TB (184.32 TB + 7.68 TB drive x 48) (la capacidad puede variar seg&uacute;n el tipo de RAID)<br \/>&#8211; Tama&ntilde;o m&aacute;ximo de volumen individual: <br \/>&nbsp; &nbsp; 200 TB (solo para grupos RAID 5 o RAID 6)<br \/>&nbsp; &nbsp; 108 TB<br \/>&#8211; Unidad de intercambio en caliente<br \/><strong>Puertos Externos<\/strong><br \/>&#8211; Puerto LAN RJ-45 1GbE: 2 (Con soporte de Conmutaci&oacute;n por error \/ Link Aggregation)<br \/>&#8211; Puerto LAN RJ-45 10GbE: 2&nbsp;(Con soporte de Conmutaci&oacute;n por error \/ Link Aggregation)<br \/>&#8211; Puerto USB 3.0: 2<br \/>&#8211; Puerto de expansi&oacute;n: 1<br \/><strong>PCIe<\/strong><br \/>&#8211; Expansi&oacute;n PCIe: 2 x Gen3 x8 slot (x8 link)<br \/>&#8211; Compatibilidad con tarjeta de ampliaci&oacute;n: Tarjeta de interfaz de red PCIe<br \/><strong>Sistema de Archivos<\/strong><br \/>&#8211; Unidades internas: <br \/>&nbsp; &nbsp; Btrfs<br \/>&nbsp; &nbsp; EXT4<br \/>&#8211; Unidades externas:<br \/>&nbsp; &nbsp; Btrfs<br \/>&nbsp; &nbsp; EXT4<br \/>&nbsp; &nbsp; EXT3<br \/>&nbsp; &nbsp; FAT<br \/>&nbsp; &nbsp; NTFS<br \/>&nbsp; &nbsp; HFS+<br \/>&nbsp; &nbsp; exFAT (exFAT Access se adquiere por separado)<br \/><strong>Apariencia<\/strong><br \/>&#8211; Factor de forma (RU): 2U<br \/>&#8211; Tama&ntilde;o (Altura x Anchura x Profundidad): 88 mm x 482 mm x 724 mm<br \/>&#8211; Peso: 17.26 Kg<br \/><strong>Otros<\/strong><br \/>&#8211; Ventilador de sistema: 80 mm x 80 mm x 4 pcs<br \/>&#8211; Modo de velocidad de ventilador:&nbsp;<br \/>&nbsp; &nbsp; Modo Velocidad completa<br \/>&nbsp; &nbsp; Modo fresco<br \/>&nbsp; &nbsp; Modo silencioso<br \/>&#8211; F&aacute;cil sustituci&oacute;n de ventilador del sistema<br \/>&#8211; Recuperaci&oacute;n de energ&iacute;a<br \/>&#8211; Nivel de ruido: 53.7 dB(A)<br \/>&#8211; Encendido y apagado programado<br \/>&#8211; Despertar con LAN \/ WAN<br \/>&#8211; Fuente \/ Adaptador de alimentaci&oacute;n: 800W<br \/>&#8211; Fuente de alimentaci&oacute;n redundante<br \/>&#8211; Voltaje de alimentaci&oacute;n de entrada CA: De 100 V a 240 V CA<br \/>&#8211; Frecuencia de alimentaci&oacute;n: 50\/60Hz, Monof&aacute;sico<br \/>&#8211; Consumo de energ&iacute;a:&nbsp;<br \/>&nbsp; &nbsp; 288.49 W (Acceso)<br \/>&nbsp; &nbsp; 145.8 W (Hibernaci&oacute;n de unidad de disco duro)<br \/>&#8211; British thermal unit:&nbsp;<br \/>&nbsp; &nbsp; 984.37 BTU\/hr (Acceso)<br \/>&nbsp; &nbsp; 497.49 BTU\/hr (Hibernaci&oacute;n de unidad de disco duro)<br \/><strong>Temperatura<\/strong><br \/>&#8211; Temperatura operativa: De 0&deg;C a 35&deg;C&nbsp;<br \/>&#8211; Temperatura de almacenamiento: De -20&deg;C a 60&deg;C<br \/>&#8211; Humedad relativa: De 5% a 95% HR<br \/><strong>Certificaci&oacute;n<\/strong><br \/>&#8211; EAC<br \/>&#8211; VCCI<br \/>&#8211; RCM<br \/>&#8211; KC<br \/>&#8211; FCC<br \/>&#8211; CE<br \/>&#8211; BSMI<br \/><strong>Contenido<\/strong><br \/>&#8211; Unidad principal X 1<br \/>&#8211; Paquete de accesorios X 1<br \/>&#8211; Cable de alimentaci&oacute;n CA X 2<br \/>&#8211; Gu&iacute;a de instalaci&oacute;n r&aacute;pida X 1<\/td>\n<\/tr>\n<tr>\n<td><strong>Caracteristicas de Software<\/strong><\/td>\n<td><strong>Gesti&oacute;n de almacenamiento<\/strong><br \/>&#8211; N&uacute;mero m&aacute;x. de volumen interno: 256<br \/>&#8211; N&uacute;mero m&aacute;x. de iSCSI Target: 256<br \/>&#8211; N&uacute;mero m&aacute;x. de iSCSI LUN: 512<br \/>&#8211; Clon\/Instant&aacute;nea de iSCSI LUN, Windows ODX (Las transferencias de datos descargados)<br \/>&#8211; SSD de cach&eacute; de lectura\/escritura<br \/>&#8211; SSD TRIM<br \/>&#8211; RAID Group<br \/>&#8211; Tipo de RAID compatible:&nbsp;<br \/>&nbsp; &nbsp; RAID F1<br \/>&nbsp; &nbsp; Basic<br \/>&nbsp; &nbsp; JBOD<br \/>&nbsp; &nbsp; RAID 0<br \/>&nbsp; &nbsp; RAID 1<br \/>&nbsp; &nbsp; RAID 5<br \/>&nbsp; &nbsp; RAID 6<br \/>&nbsp; &nbsp; RAID 10<br \/>&#8211; Migraci&oacute;n de RAID:&nbsp;<br \/>&nbsp; &nbsp; Basic to RAID 1<br \/>&nbsp; &nbsp; Basic to RAID 5<br \/>&nbsp; &nbsp; RAID 1 to RAID 5<br \/>&nbsp; &nbsp; RAID 5 to RAID 6<br \/>&#8211; Expansi&oacute;n de volumen con unidades de disco duro m&aacute;s grandes:&nbsp;<br \/>&nbsp; &nbsp; RAID F1<br \/>&nbsp; &nbsp; RAID 1<br \/>&nbsp; &nbsp; RAID 5<br \/>&nbsp; &nbsp; RAID 6<br \/>&nbsp; &nbsp; RAID 10<br \/>&#8211; Expansi&oacute;n de volumen a&ntilde;adiendo una unidad de disco duro:&nbsp;<br \/>&nbsp; &nbsp; JBOD<br \/>&nbsp; &nbsp; RAID F1<br \/>&nbsp; &nbsp; RAID 5<br \/>&nbsp; &nbsp; RAID 6<br \/>&#8211; Tipo de RAID compatible con Global Hot Spare:&nbsp;<br \/>&nbsp; &nbsp; RAID F1<br \/>&nbsp; &nbsp; RAID 1<br \/>&nbsp; &nbsp; RAID 5<br \/>&nbsp; &nbsp; RAID 6<br \/>&nbsp; &nbsp; RAID 10<br \/><strong>Servicios de archivos<\/strong><br \/>&#8211; Protocolo de archivos:&nbsp;CIFS\/AFP\/NFS\/FTP\/WebDAV<br \/>&#8211; N&uacute;mero m&aacute;x. de conexiones CIFS\/AFP\/FTP simult&aacute;neas: 8,000<br \/>&#8211; N&uacute;mero m&aacute;x. de conexiones CIFS\/AFP\/FTP simult&aacute;neas (con expansi&oacute;n RAM): 10,000<br \/>&#8211; Integraci&oacute;n con Lista de control de acceso de Windows (ACL)<br \/>&#8211; Autenticaci&oacute;n Kerberos de NFS<br \/><strong>Cuenta y carpeta compartida<\/strong><br \/>&#8211; N&uacute;m. m&aacute;ximo de cuentas de usuario local: 16,000<br \/>&#8211; N&uacute;m. m&aacute;ximo de grupos locales: 512<br \/>&#8211; N&uacute;mero m&aacute;x. de carpetas compartidas: 512<br \/>&#8211; N&uacute;mero m&aacute;x. de tareas de sincronizaci&oacute;n de carpetas compartidas: 32<br \/><strong>Alta Disponibilidad<\/strong><br \/>&#8211; Synology High Availability<br \/><strong>Centro de registros<\/strong><br \/>&#8211; Eventos Syslog por segundo: 3000<br \/><strong>Virtualizaci&oacute;n<\/strong><br \/>&#8211; VMware vSphere 6 with VAAI<br \/>&#8211; Windows Server 2016<br \/>&#8211; Citrix Ready<br \/>&#8211; OpenStack<br \/><strong>Otros<\/strong><br \/>&#8211; Protocolos de red: SMB1 (CIFS), SMB2, SMB3, NFSv3, NFSv4, NFSv4.1, NFS Kerberized sessions, iSCSI, HTTP, HTTPs, FTP, SNMP, LDAP, CalDAV<br \/>&#8211; Exploradores compatibles:<br \/>&nbsp; &nbsp; Chrome<br \/>&nbsp; &nbsp; Firefox<br \/>&nbsp; &nbsp; Edge<br \/>&nbsp; &nbsp; Internet Explorer 10 o posterior<br \/>&nbsp; &nbsp; Safari 10 o posterior<br \/>&nbsp; &nbsp; Safari (iOS 10 o posterior)<br \/>&nbsp; &nbsp; Chrome (Android 6.0 o posterior)<\/td>\n<\/tr>\n<tr>\n<td><strong>Fecha de revisi&oacute;n<\/strong><\/td>\n<td>27-12-2019 por MRS<\/td>\n<\/tr>\n<\/tbody>\n<\/table>\n","protected":false},"excerpt":{"rendered":"<p>Marca Synology Modelo FS6400 Caracteristicas de Hardware CPU&#8211; Modelo de CPU: Intel Xeon Silver 4110 x 2&#8211; Arquitectura de CPU: 64-bit&#8211; Frecuencia de CPU: Ocho n&uacute;cleos 2.1 (base) \/ 2.7 (turbo) GHz&#8211; Motor de cifrado de hardware (AES-NI)Memoria&#8211; Memoria de sistema: 32 GB DDR4 ECC RDIMM&#8211; M&oacute;dulo de memoria preinstalado: 32 GB (16 GB x&hellip;&nbsp;<a href=\"https:\/\/aivlisoft.net\/shop\/producto\/synology-fs6400-nas-24bay-flash-station\/\" rel=\"bookmark\"><span class=\"screen-reader-text\">SYNOLOGY FS6400 NAS 24Bay Flash Station<\/span><\/a><\/p>\n","protected":false},"featured_media":18332,"template":"","meta":{"neve_meta_sidebar":"","neve_meta_container":"","neve_meta_enable_content_width":"","neve_meta_content_width":0,"neve_meta_title_alignment":"","neve_meta_author_avatar":"","neve_post_elements_order":"","neve_meta_disable_header":"","neve_meta_disable_footer":"","neve_meta_disable_title":""},"product_brand":[],"product_cat":[8765],"product_tag":[6700],"class_list":{"0":"post-18331","1":"product","2":"type-product","3":"status-publish","4":"has-post-thumbnail","6":"product_cat-almacenamiento-armario","7":"product_tag-fs6400","9":"first","10":"instock","11":"taxable","12":"shipping-taxable","13":"purchasable","14":"product-type-simple"},"yoast_head":"<!-- This site is optimized with the Yoast SEO plugin v26.0 - https:\/\/yoast.com\/wordpress\/plugins\/seo\/ -->\n<title>SYNOLOGY FS6400 NAS 24Bay Flash Station - Aivlisoft Inform\u00e1tica<\/title>\n<meta name=\"robots\" content=\"index, follow, max-snippet:-1, max-image-preview:large, max-video-preview:-1\" \/>\n<link rel=\"canonical\" href=\"https:\/\/aivlisoft.net\/shop\/producto\/synology-fs6400-nas-24bay-flash-station\/\" \/>\n<meta property=\"og:locale\" content=\"es_ES\" \/>\n<meta property=\"og:type\" content=\"article\" \/>\n<meta property=\"og:title\" content=\"SYNOLOGY FS6400 NAS 24Bay Flash Station - Aivlisoft Inform\u00e1tica\" \/>\n<meta property=\"og:description\" content=\"Marca Synology Modelo FS6400 Caracteristicas de Hardware CPU&#8211; Modelo de CPU: Intel Xeon Silver 4110 x 2&#8211; Arquitectura de CPU: 64-bit&#8211; Frecuencia de CPU: Ocho n&uacute;cleos 2.1 (base) \/ 2.7 (turbo) GHz&#8211; Motor de cifrado de hardware (AES-NI)Memoria&#8211; Memoria de sistema: 32 GB DDR4 ECC RDIMM&#8211; M&oacute;dulo de memoria preinstalado: 32 GB (16 GB x&hellip;&nbsp;SYNOLOGY FS6400 NAS 24Bay Flash Station\" \/>\n<meta property=\"og:url\" content=\"https:\/\/aivlisoft.net\/shop\/producto\/synology-fs6400-nas-24bay-flash-station\/\" \/>\n<meta property=\"og:site_name\" content=\"Aivlisoft Inform\u00e1tica\" \/>\n<meta property=\"article:modified_time\" content=\"2025-01-14T11:38:50+00:00\" \/>\n<meta property=\"og:image\" content=\"https:\/\/aivlisoft.net\/shop\/wp-content\/uploads\/2025\/01\/NARARA0056_800.jpg\" \/>\n\t<meta property=\"og:image:width\" content=\"800\" \/>\n\t<meta property=\"og:image:height\" content=\"800\" \/>\n\t<meta property=\"og:image:type\" content=\"image\/jpeg\" \/>\n<meta name=\"twitter:card\" content=\"summary_large_image\" \/>\n<meta name=\"twitter:label1\" content=\"Tiempo de lectura\" \/>\n\t<meta name=\"twitter:data1\" content=\"5 minutos\" \/>\n<script type=\"application\/ld+json\" class=\"yoast-schema-graph\">{\"@context\":\"https:\/\/schema.org\",\"@graph\":[{\"@type\":\"WebPage\",\"@id\":\"https:\/\/aivlisoft.net\/shop\/producto\/synology-fs6400-nas-24bay-flash-station\/\",\"url\":\"https:\/\/aivlisoft.net\/shop\/producto\/synology-fs6400-nas-24bay-flash-station\/\",\"name\":\"SYNOLOGY FS6400 NAS 24Bay Flash Station - Aivlisoft Inform\u00e1tica\",\"isPartOf\":{\"@id\":\"https:\/\/aivlisoft.net\/shop\/#website\"},\"primaryImageOfPage\":{\"@id\":\"https:\/\/aivlisoft.net\/shop\/producto\/synology-fs6400-nas-24bay-flash-station\/#primaryimage\"},\"image\":{\"@id\":\"https:\/\/aivlisoft.net\/shop\/producto\/synology-fs6400-nas-24bay-flash-station\/#primaryimage\"},\"thumbnailUrl\":\"https:\/\/aivlisoft.net\/shop\/wp-content\/uploads\/2025\/01\/NARARA0056_800.jpg\",\"datePublished\":\"2025-01-13T15:21:06+00:00\",\"dateModified\":\"2025-01-14T11:38:50+00:00\",\"breadcrumb\":{\"@id\":\"https:\/\/aivlisoft.net\/shop\/producto\/synology-fs6400-nas-24bay-flash-station\/#breadcrumb\"},\"inLanguage\":\"es\",\"potentialAction\":[{\"@type\":\"ReadAction\",\"target\":[\"https:\/\/aivlisoft.net\/shop\/producto\/synology-fs6400-nas-24bay-flash-station\/\"]}]},{\"@type\":\"ImageObject\",\"inLanguage\":\"es\",\"@id\":\"https:\/\/aivlisoft.net\/shop\/producto\/synology-fs6400-nas-24bay-flash-station\/#primaryimage\",\"url\":\"https:\/\/aivlisoft.net\/shop\/wp-content\/uploads\/2025\/01\/NARARA0056_800.jpg\",\"contentUrl\":\"https:\/\/aivlisoft.net\/shop\/wp-content\/uploads\/2025\/01\/NARARA0056_800.jpg\",\"width\":800,\"height\":800},{\"@type\":\"BreadcrumbList\",\"@id\":\"https:\/\/aivlisoft.net\/shop\/producto\/synology-fs6400-nas-24bay-flash-station\/#breadcrumb\",\"itemListElement\":[{\"@type\":\"ListItem\",\"position\":1,\"name\":\"Portada\",\"item\":\"https:\/\/aivlisoft.net\/shop\/\"},{\"@type\":\"ListItem\",\"position\":2,\"name\":\"Tienda\",\"item\":\"https:\/\/aivlisoft.net\/shop\/tienda\/\"},{\"@type\":\"ListItem\",\"position\":3,\"name\":\"SYNOLOGY FS6400 NAS 24Bay Flash Station\"}]},{\"@type\":\"WebSite\",\"@id\":\"https:\/\/aivlisoft.net\/shop\/#website\",\"url\":\"https:\/\/aivlisoft.net\/shop\/\",\"name\":\"Aivlisoft Inform\u00e1tica\",\"description\":\"En Aivlisoft Inform\u00e1tica ofrecemos soluciones tecnol\u00f3gicas para empresas: venta de ordenadores, consumibles, perif\u00e9ricos y m\u00e1s. Calidad, atenci\u00f3n personalizada y los mejores precios para tu negocio.\",\"publisher\":{\"@id\":\"https:\/\/aivlisoft.net\/shop\/#organization\"},\"potentialAction\":[{\"@type\":\"SearchAction\",\"target\":{\"@type\":\"EntryPoint\",\"urlTemplate\":\"https:\/\/aivlisoft.net\/shop\/?s={search_term_string}\"},\"query-input\":{\"@type\":\"PropertyValueSpecification\",\"valueRequired\":true,\"valueName\":\"search_term_string\"}}],\"inLanguage\":\"es\"},{\"@type\":\"Organization\",\"@id\":\"https:\/\/aivlisoft.net\/shop\/#organization\",\"name\":\"Aivlisoft Inform\u00e1tica\",\"url\":\"https:\/\/aivlisoft.net\/shop\/\",\"logo\":{\"@type\":\"ImageObject\",\"inLanguage\":\"es\",\"@id\":\"https:\/\/aivlisoft.net\/shop\/#\/schema\/logo\/image\/\",\"url\":\"https:\/\/aivlisoft.net\/shop\/wp-content\/uploads\/2024\/12\/removal.ai_5b848c54-0cdf-4140-95c5-c5536bb7573b-logodef.png\",\"contentUrl\":\"https:\/\/aivlisoft.net\/shop\/wp-content\/uploads\/2024\/12\/removal.ai_5b848c54-0cdf-4140-95c5-c5536bb7573b-logodef.png\",\"width\":484,\"height\":182,\"caption\":\"Aivlisoft Inform\u00e1tica\"},\"image\":{\"@id\":\"https:\/\/aivlisoft.net\/shop\/#\/schema\/logo\/image\/\"}}]}<\/script>\n<!-- \/ Yoast SEO plugin. -->","yoast_head_json":{"title":"SYNOLOGY FS6400 NAS 24Bay Flash Station - Aivlisoft Inform\u00e1tica","robots":{"index":"index","follow":"follow","max-snippet":"max-snippet:-1","max-image-preview":"max-image-preview:large","max-video-preview":"max-video-preview:-1"},"canonical":"https:\/\/aivlisoft.net\/shop\/producto\/synology-fs6400-nas-24bay-flash-station\/","og_locale":"es_ES","og_type":"article","og_title":"SYNOLOGY FS6400 NAS 24Bay Flash Station - Aivlisoft Inform\u00e1tica","og_description":"Marca Synology Modelo FS6400 Caracteristicas de Hardware CPU&#8211; Modelo de CPU: Intel Xeon Silver 4110 x 2&#8211; Arquitectura de CPU: 64-bit&#8211; Frecuencia de CPU: Ocho n&uacute;cleos 2.1 (base) \/ 2.7 (turbo) GHz&#8211; Motor de cifrado de hardware (AES-NI)Memoria&#8211; Memoria de sistema: 32 GB DDR4 ECC RDIMM&#8211; M&oacute;dulo de memoria preinstalado: 32 GB (16 GB x&hellip;&nbsp;SYNOLOGY FS6400 NAS 24Bay Flash Station","og_url":"https:\/\/aivlisoft.net\/shop\/producto\/synology-fs6400-nas-24bay-flash-station\/","og_site_name":"Aivlisoft Inform\u00e1tica","article_modified_time":"2025-01-14T11:38:50+00:00","og_image":[{"width":800,"height":800,"url":"https:\/\/aivlisoft.net\/shop\/wp-content\/uploads\/2025\/01\/NARARA0056_800.jpg","type":"image\/jpeg"}],"twitter_card":"summary_large_image","twitter_misc":{"Tiempo de lectura":"5 minutos"},"schema":{"@context":"https:\/\/schema.org","@graph":[{"@type":"WebPage","@id":"https:\/\/aivlisoft.net\/shop\/producto\/synology-fs6400-nas-24bay-flash-station\/","url":"https:\/\/aivlisoft.net\/shop\/producto\/synology-fs6400-nas-24bay-flash-station\/","name":"SYNOLOGY FS6400 NAS 24Bay Flash Station - Aivlisoft Inform\u00e1tica","isPartOf":{"@id":"https:\/\/aivlisoft.net\/shop\/#website"},"primaryImageOfPage":{"@id":"https:\/\/aivlisoft.net\/shop\/producto\/synology-fs6400-nas-24bay-flash-station\/#primaryimage"},"image":{"@id":"https:\/\/aivlisoft.net\/shop\/producto\/synology-fs6400-nas-24bay-flash-station\/#primaryimage"},"thumbnailUrl":"https:\/\/aivlisoft.net\/shop\/wp-content\/uploads\/2025\/01\/NARARA0056_800.jpg","datePublished":"2025-01-13T15:21:06+00:00","dateModified":"2025-01-14T11:38:50+00:00","breadcrumb":{"@id":"https:\/\/aivlisoft.net\/shop\/producto\/synology-fs6400-nas-24bay-flash-station\/#breadcrumb"},"inLanguage":"es","potentialAction":[{"@type":"ReadAction","target":["https:\/\/aivlisoft.net\/shop\/producto\/synology-fs6400-nas-24bay-flash-station\/"]}]},{"@type":"ImageObject","inLanguage":"es","@id":"https:\/\/aivlisoft.net\/shop\/producto\/synology-fs6400-nas-24bay-flash-station\/#primaryimage","url":"https:\/\/aivlisoft.net\/shop\/wp-content\/uploads\/2025\/01\/NARARA0056_800.jpg","contentUrl":"https:\/\/aivlisoft.net\/shop\/wp-content\/uploads\/2025\/01\/NARARA0056_800.jpg","width":800,"height":800},{"@type":"BreadcrumbList","@id":"https:\/\/aivlisoft.net\/shop\/producto\/synology-fs6400-nas-24bay-flash-station\/#breadcrumb","itemListElement":[{"@type":"ListItem","position":1,"name":"Portada","item":"https:\/\/aivlisoft.net\/shop\/"},{"@type":"ListItem","position":2,"name":"Tienda","item":"https:\/\/aivlisoft.net\/shop\/tienda\/"},{"@type":"ListItem","position":3,"name":"SYNOLOGY FS6400 NAS 24Bay Flash Station"}]},{"@type":"WebSite","@id":"https:\/\/aivlisoft.net\/shop\/#website","url":"https:\/\/aivlisoft.net\/shop\/","name":"Aivlisoft Inform\u00e1tica","description":"En Aivlisoft Inform\u00e1tica ofrecemos soluciones tecnol\u00f3gicas para empresas: venta de ordenadores, consumibles, perif\u00e9ricos y m\u00e1s. Calidad, atenci\u00f3n personalizada y los mejores precios para tu negocio.","publisher":{"@id":"https:\/\/aivlisoft.net\/shop\/#organization"},"potentialAction":[{"@type":"SearchAction","target":{"@type":"EntryPoint","urlTemplate":"https:\/\/aivlisoft.net\/shop\/?s={search_term_string}"},"query-input":{"@type":"PropertyValueSpecification","valueRequired":true,"valueName":"search_term_string"}}],"inLanguage":"es"},{"@type":"Organization","@id":"https:\/\/aivlisoft.net\/shop\/#organization","name":"Aivlisoft Inform\u00e1tica","url":"https:\/\/aivlisoft.net\/shop\/","logo":{"@type":"ImageObject","inLanguage":"es","@id":"https:\/\/aivlisoft.net\/shop\/#\/schema\/logo\/image\/","url":"https:\/\/aivlisoft.net\/shop\/wp-content\/uploads\/2024\/12\/removal.ai_5b848c54-0cdf-4140-95c5-c5536bb7573b-logodef.png","contentUrl":"https:\/\/aivlisoft.net\/shop\/wp-content\/uploads\/2024\/12\/removal.ai_5b848c54-0cdf-4140-95c5-c5536bb7573b-logodef.png","width":484,"height":182,"caption":"Aivlisoft Inform\u00e1tica"},"image":{"@id":"https:\/\/aivlisoft.net\/shop\/#\/schema\/logo\/image\/"}}]}},"_links":{"self":[{"href":"https:\/\/aivlisoft.net\/shop\/wp-json\/wp\/v2\/product\/18331","targetHints":{"allow":["GET"]}}],"collection":[{"href":"https:\/\/aivlisoft.net\/shop\/wp-json\/wp\/v2\/product"}],"about":[{"href":"https:\/\/aivlisoft.net\/shop\/wp-json\/wp\/v2\/types\/product"}],"wp:featuredmedia":[{"embeddable":true,"href":"https:\/\/aivlisoft.net\/shop\/wp-json\/wp\/v2\/media\/18332"}],"wp:attachment":[{"href":"https:\/\/aivlisoft.net\/shop\/wp-json\/wp\/v2\/media?parent=18331"}],"wp:term":[{"taxonomy":"product_brand","embeddable":true,"href":"https:\/\/aivlisoft.net\/shop\/wp-json\/wp\/v2\/product_brand?post=18331"},{"taxonomy":"product_cat","embeddable":true,"href":"https:\/\/aivlisoft.net\/shop\/wp-json\/wp\/v2\/product_cat?post=18331"},{"taxonomy":"product_tag","embeddable":true,"href":"https:\/\/aivlisoft.net\/shop\/wp-json\/wp\/v2\/product_tag?post=18331"}],"curies":[{"name":"wp","href":"https:\/\/api.w.org\/{rel}","templated":true}]}}