{"id":18315,"date":"2025-01-13T15:20:56","date_gmt":"2025-01-13T15:20:56","guid":{"rendered":"https:\/\/aivlisoft.com\/?post_type=product&#038;p=18315"},"modified":"2025-01-14T11:38:42","modified_gmt":"2025-01-14T11:38:42","slug":"synology-rx418-expansion-unit-4bay-rack-station","status":"publish","type":"product","link":"https:\/\/aivlisoft.net\/shop\/producto\/synology-rx418-expansion-unit-4bay-rack-station\/","title":{"rendered":"SYNOLOGY RX418 Expansion Unit 4Bay Rack Station"},"content":{"rendered":"<p><\/p>\n<table>\n<tbody>\n<tr>\n<td><strong>Marca<\/strong><\/td>\n<td>Synology<\/td>\n<\/tr>\n<tr>\n<td><strong>Modelo<\/strong><\/td>\n<td><strong>RX418<\/strong><\/td>\n<\/tr>\n<tr>\n<td><strong>Caracteristicas<\/strong><\/td>\n<td><strong>Modelos compatibles<\/strong><br \/>&#8211; RS1219+<br \/>&#8211; RS818(RP)+<br \/>&#8211; RS815(RP)+<br \/>&#8211; RS816<br \/>&#8211; RS815<br \/><strong>Almacenamiento<\/strong><br \/>&#8211; Recept&aacute;culo(s) de unidad: 4<br \/>&#8211; Tipo de unidad compatible: <br \/>&nbsp; 3.5&#8243; SATA HDD<br \/>&nbsp; 2.5&#8243; SATA HDD<br \/>&nbsp; 2.5&#8243; SATA SSD<br \/>&#8211; Capacidad m&aacute;xima bruta interna: 48 TB (unidad de disco duro de 12 TB x 4) (la capacidad puede variar seg&uacute;n el tipo de RAID)<br \/>&#8211; Unidad de intercambio en caliente<br \/>&#8211; Gesti&oacute;n de RAID a trav&eacute;s de Synology DSM<br \/><strong>Puertos externos<\/strong><br \/>&#8211; eSATA port: 1<br \/><strong>Apariencia<\/strong><br \/>&#8211; Tama&ntilde;o (Altura x Anchura x Profundidad): 44 mm x 480 mm x 325 mm<br \/>&#8211; Peso: 4.28 kg<br \/><strong>Alimentaci&oacute;n<\/strong><br \/>&#8211; Recuperaci&oacute;n de energ&iacute;a: Sincronizado con Synology DiskStation<br \/>&#8211; Fuente \/ Adaptador de alimentaci&oacute;n: 100W<br \/>&#8211; Voltaje de alimentaci&oacute;n de entrada CA: De 100V a 240V CA<br \/>&#8211; Frecuencia de alimentaci&oacute;n: 50\/60 Hz, Monof&aacute;sico<br \/>&#8211; Consumo de energ&iacute;a: 23.26 W (Acceso)<br \/>&nbsp; 6.39 W (Hibernaci&oacute;n de la unidad de disco duro)<br \/><strong>Temperatura<\/strong><br \/>&#8211; Temperatura operativa: De 5&deg;C a 35&deg;C <br \/>&#8211; Temperatura de almacenamiento: De -20&deg;C a 60&deg;C<br \/>&#8211; Humedad relativa: De 5% a 95% HR<br \/><strong>Certificaci&oacute;n<\/strong><br \/>&#8211; FCC<br \/>&#8211; CE<br \/>&#8211; BSMI<br \/>&#8211; EAC<br \/>&#8211; VCCI<br \/>&#8211; RCM<br \/>&#8211; KC<br \/><strong>Otros<\/strong><br \/>&#8211; Ventilador del sistema: 40 mm x 40 mm x 3 pcs<br \/>&#8211; F&aacute;cil sustituci&oacute;n de ventilador del sistema: <br \/>&nbsp; Nivel de ruido: 25.1 dB(A)<br \/><strong>Contenido<\/strong><br \/>&#8211; Unidad principal x 1<br \/>&#8211; Gu&iacute;a de usuario x 1<br \/>&#8211; Paquete de accesorios x 1<br \/>&#8211; Cable de alimentaci&oacute;n CA x 1<br \/>&#8211; Cable de expansi&oacute;n: eSATA x 1<\/td>\n<\/tr>\n<tr>\n<td><strong>Fecha de revisi&oacute;n<\/strong><\/td>\n<td>11-09-2018 por MSB<\/td>\n<\/tr>\n<\/tbody>\n<\/table>\n","protected":false},"excerpt":{"rendered":"<p>Marca Synology Modelo RX418 Caracteristicas Modelos compatibles&#8211; RS1219+&#8211; RS818(RP)+&#8211; RS815(RP)+&#8211; RS816&#8211; RS815Almacenamiento&#8211; Recept&aacute;culo(s) de unidad: 4&#8211; Tipo de unidad compatible: &nbsp; 3.5&#8243; SATA HDD&nbsp; 2.5&#8243; SATA HDD&nbsp; 2.5&#8243; SATA SSD&#8211; Capacidad m&aacute;xima bruta interna: 48 TB (unidad de disco duro de 12 TB x 4) (la capacidad puede variar seg&uacute;n el tipo de RAID)&#8211; Unidad&hellip;&nbsp;<a href=\"https:\/\/aivlisoft.net\/shop\/producto\/synology-rx418-expansion-unit-4bay-rack-station\/\" rel=\"bookmark\"><span class=\"screen-reader-text\">SYNOLOGY RX418 Expansion Unit 4Bay Rack Station<\/span><\/a><\/p>\n","protected":false},"featured_media":18316,"template":"","meta":{"neve_meta_sidebar":"","neve_meta_container":"","neve_meta_enable_content_width":"","neve_meta_content_width":0,"neve_meta_title_alignment":"","neve_meta_author_avatar":"","neve_post_elements_order":"","neve_meta_disable_header":"","neve_meta_disable_footer":"","neve_meta_disable_title":""},"product_brand":[],"product_cat":[8765],"product_tag":[6695],"class_list":{"0":"post-18315","1":"product","2":"type-product","3":"status-publish","4":"has-post-thumbnail","6":"product_cat-almacenamiento-armario","7":"product_tag-rx418","9":"first","10":"instock","11":"taxable","12":"shipping-taxable","13":"purchasable","14":"product-type-simple"},"yoast_head":"<!-- This site is optimized with the Yoast SEO plugin v26.0 - https:\/\/yoast.com\/wordpress\/plugins\/seo\/ -->\n<title>SYNOLOGY RX418 Expansion Unit 4Bay Rack Station - Aivlisoft Inform\u00e1tica<\/title>\n<meta name=\"robots\" content=\"index, follow, max-snippet:-1, max-image-preview:large, max-video-preview:-1\" \/>\n<link rel=\"canonical\" href=\"https:\/\/aivlisoft.net\/shop\/producto\/synology-rx418-expansion-unit-4bay-rack-station\/\" \/>\n<meta property=\"og:locale\" content=\"es_ES\" \/>\n<meta property=\"og:type\" content=\"article\" \/>\n<meta property=\"og:title\" content=\"SYNOLOGY RX418 Expansion Unit 4Bay Rack Station - Aivlisoft Inform\u00e1tica\" \/>\n<meta property=\"og:description\" content=\"Marca Synology Modelo RX418 Caracteristicas Modelos compatibles&#8211; RS1219+&#8211; RS818(RP)+&#8211; RS815(RP)+&#8211; RS816&#8211; RS815Almacenamiento&#8211; Recept&aacute;culo(s) de unidad: 4&#8211; Tipo de unidad compatible: &nbsp; 3.5&#8243; SATA HDD&nbsp; 2.5&#8243; SATA HDD&nbsp; 2.5&#8243; SATA SSD&#8211; Capacidad m&aacute;xima bruta interna: 48 TB (unidad de disco duro de 12 TB x 4) (la capacidad puede variar seg&uacute;n el tipo de RAID)&#8211; Unidad&hellip;&nbsp;SYNOLOGY RX418 Expansion Unit 4Bay Rack Station\" \/>\n<meta property=\"og:url\" content=\"https:\/\/aivlisoft.net\/shop\/producto\/synology-rx418-expansion-unit-4bay-rack-station\/\" \/>\n<meta property=\"og:site_name\" content=\"Aivlisoft Inform\u00e1tica\" \/>\n<meta property=\"article:modified_time\" content=\"2025-01-14T11:38:42+00:00\" \/>\n<meta property=\"og:image\" content=\"https:\/\/aivlisoft.net\/shop\/wp-content\/uploads\/2025\/01\/NARARA0046_800.jpg\" \/>\n\t<meta property=\"og:image:width\" content=\"800\" \/>\n\t<meta property=\"og:image:height\" content=\"800\" \/>\n\t<meta property=\"og:image:type\" content=\"image\/jpeg\" \/>\n<meta name=\"twitter:card\" content=\"summary_large_image\" \/>\n<meta name=\"twitter:label1\" content=\"Tiempo de lectura\" \/>\n\t<meta name=\"twitter:data1\" content=\"1 minuto\" \/>\n<script type=\"application\/ld+json\" class=\"yoast-schema-graph\">{\"@context\":\"https:\/\/schema.org\",\"@graph\":[{\"@type\":\"WebPage\",\"@id\":\"https:\/\/aivlisoft.net\/shop\/producto\/synology-rx418-expansion-unit-4bay-rack-station\/\",\"url\":\"https:\/\/aivlisoft.net\/shop\/producto\/synology-rx418-expansion-unit-4bay-rack-station\/\",\"name\":\"SYNOLOGY RX418 Expansion Unit 4Bay Rack Station - Aivlisoft Inform\u00e1tica\",\"isPartOf\":{\"@id\":\"https:\/\/aivlisoft.net\/shop\/#website\"},\"primaryImageOfPage\":{\"@id\":\"https:\/\/aivlisoft.net\/shop\/producto\/synology-rx418-expansion-unit-4bay-rack-station\/#primaryimage\"},\"image\":{\"@id\":\"https:\/\/aivlisoft.net\/shop\/producto\/synology-rx418-expansion-unit-4bay-rack-station\/#primaryimage\"},\"thumbnailUrl\":\"https:\/\/aivlisoft.net\/shop\/wp-content\/uploads\/2025\/01\/NARARA0046_800.jpg\",\"datePublished\":\"2025-01-13T15:20:56+00:00\",\"dateModified\":\"2025-01-14T11:38:42+00:00\",\"breadcrumb\":{\"@id\":\"https:\/\/aivlisoft.net\/shop\/producto\/synology-rx418-expansion-unit-4bay-rack-station\/#breadcrumb\"},\"inLanguage\":\"es\",\"potentialAction\":[{\"@type\":\"ReadAction\",\"target\":[\"https:\/\/aivlisoft.net\/shop\/producto\/synology-rx418-expansion-unit-4bay-rack-station\/\"]}]},{\"@type\":\"ImageObject\",\"inLanguage\":\"es\",\"@id\":\"https:\/\/aivlisoft.net\/shop\/producto\/synology-rx418-expansion-unit-4bay-rack-station\/#primaryimage\",\"url\":\"https:\/\/aivlisoft.net\/shop\/wp-content\/uploads\/2025\/01\/NARARA0046_800.jpg\",\"contentUrl\":\"https:\/\/aivlisoft.net\/shop\/wp-content\/uploads\/2025\/01\/NARARA0046_800.jpg\",\"width\":800,\"height\":800},{\"@type\":\"BreadcrumbList\",\"@id\":\"https:\/\/aivlisoft.net\/shop\/producto\/synology-rx418-expansion-unit-4bay-rack-station\/#breadcrumb\",\"itemListElement\":[{\"@type\":\"ListItem\",\"position\":1,\"name\":\"Portada\",\"item\":\"https:\/\/aivlisoft.net\/shop\/\"},{\"@type\":\"ListItem\",\"position\":2,\"name\":\"Tienda\",\"item\":\"https:\/\/aivlisoft.net\/shop\/tienda\/\"},{\"@type\":\"ListItem\",\"position\":3,\"name\":\"SYNOLOGY RX418 Expansion Unit 4Bay Rack Station\"}]},{\"@type\":\"WebSite\",\"@id\":\"https:\/\/aivlisoft.net\/shop\/#website\",\"url\":\"https:\/\/aivlisoft.net\/shop\/\",\"name\":\"Aivlisoft Inform\u00e1tica\",\"description\":\"En Aivlisoft Inform\u00e1tica ofrecemos soluciones tecnol\u00f3gicas para empresas: venta de ordenadores, consumibles, perif\u00e9ricos y m\u00e1s. Calidad, atenci\u00f3n personalizada y los mejores precios para tu negocio.\",\"publisher\":{\"@id\":\"https:\/\/aivlisoft.net\/shop\/#organization\"},\"potentialAction\":[{\"@type\":\"SearchAction\",\"target\":{\"@type\":\"EntryPoint\",\"urlTemplate\":\"https:\/\/aivlisoft.net\/shop\/?s={search_term_string}\"},\"query-input\":{\"@type\":\"PropertyValueSpecification\",\"valueRequired\":true,\"valueName\":\"search_term_string\"}}],\"inLanguage\":\"es\"},{\"@type\":\"Organization\",\"@id\":\"https:\/\/aivlisoft.net\/shop\/#organization\",\"name\":\"Aivlisoft Inform\u00e1tica\",\"url\":\"https:\/\/aivlisoft.net\/shop\/\",\"logo\":{\"@type\":\"ImageObject\",\"inLanguage\":\"es\",\"@id\":\"https:\/\/aivlisoft.net\/shop\/#\/schema\/logo\/image\/\",\"url\":\"https:\/\/aivlisoft.net\/shop\/wp-content\/uploads\/2024\/12\/removal.ai_5b848c54-0cdf-4140-95c5-c5536bb7573b-logodef.png\",\"contentUrl\":\"https:\/\/aivlisoft.net\/shop\/wp-content\/uploads\/2024\/12\/removal.ai_5b848c54-0cdf-4140-95c5-c5536bb7573b-logodef.png\",\"width\":484,\"height\":182,\"caption\":\"Aivlisoft Inform\u00e1tica\"},\"image\":{\"@id\":\"https:\/\/aivlisoft.net\/shop\/#\/schema\/logo\/image\/\"}}]}<\/script>\n<!-- \/ Yoast SEO plugin. -->","yoast_head_json":{"title":"SYNOLOGY RX418 Expansion Unit 4Bay Rack Station - Aivlisoft Inform\u00e1tica","robots":{"index":"index","follow":"follow","max-snippet":"max-snippet:-1","max-image-preview":"max-image-preview:large","max-video-preview":"max-video-preview:-1"},"canonical":"https:\/\/aivlisoft.net\/shop\/producto\/synology-rx418-expansion-unit-4bay-rack-station\/","og_locale":"es_ES","og_type":"article","og_title":"SYNOLOGY RX418 Expansion Unit 4Bay Rack Station - Aivlisoft Inform\u00e1tica","og_description":"Marca Synology Modelo RX418 Caracteristicas Modelos compatibles&#8211; RS1219+&#8211; RS818(RP)+&#8211; RS815(RP)+&#8211; RS816&#8211; RS815Almacenamiento&#8211; Recept&aacute;culo(s) de unidad: 4&#8211; Tipo de unidad compatible: &nbsp; 3.5&#8243; SATA HDD&nbsp; 2.5&#8243; SATA HDD&nbsp; 2.5&#8243; SATA SSD&#8211; Capacidad m&aacute;xima bruta interna: 48 TB (unidad de disco duro de 12 TB x 4) (la capacidad puede variar seg&uacute;n el tipo de RAID)&#8211; Unidad&hellip;&nbsp;SYNOLOGY RX418 Expansion Unit 4Bay Rack Station","og_url":"https:\/\/aivlisoft.net\/shop\/producto\/synology-rx418-expansion-unit-4bay-rack-station\/","og_site_name":"Aivlisoft Inform\u00e1tica","article_modified_time":"2025-01-14T11:38:42+00:00","og_image":[{"width":800,"height":800,"url":"https:\/\/aivlisoft.net\/shop\/wp-content\/uploads\/2025\/01\/NARARA0046_800.jpg","type":"image\/jpeg"}],"twitter_card":"summary_large_image","twitter_misc":{"Tiempo de lectura":"1 minuto"},"schema":{"@context":"https:\/\/schema.org","@graph":[{"@type":"WebPage","@id":"https:\/\/aivlisoft.net\/shop\/producto\/synology-rx418-expansion-unit-4bay-rack-station\/","url":"https:\/\/aivlisoft.net\/shop\/producto\/synology-rx418-expansion-unit-4bay-rack-station\/","name":"SYNOLOGY RX418 Expansion Unit 4Bay Rack Station - Aivlisoft Inform\u00e1tica","isPartOf":{"@id":"https:\/\/aivlisoft.net\/shop\/#website"},"primaryImageOfPage":{"@id":"https:\/\/aivlisoft.net\/shop\/producto\/synology-rx418-expansion-unit-4bay-rack-station\/#primaryimage"},"image":{"@id":"https:\/\/aivlisoft.net\/shop\/producto\/synology-rx418-expansion-unit-4bay-rack-station\/#primaryimage"},"thumbnailUrl":"https:\/\/aivlisoft.net\/shop\/wp-content\/uploads\/2025\/01\/NARARA0046_800.jpg","datePublished":"2025-01-13T15:20:56+00:00","dateModified":"2025-01-14T11:38:42+00:00","breadcrumb":{"@id":"https:\/\/aivlisoft.net\/shop\/producto\/synology-rx418-expansion-unit-4bay-rack-station\/#breadcrumb"},"inLanguage":"es","potentialAction":[{"@type":"ReadAction","target":["https:\/\/aivlisoft.net\/shop\/producto\/synology-rx418-expansion-unit-4bay-rack-station\/"]}]},{"@type":"ImageObject","inLanguage":"es","@id":"https:\/\/aivlisoft.net\/shop\/producto\/synology-rx418-expansion-unit-4bay-rack-station\/#primaryimage","url":"https:\/\/aivlisoft.net\/shop\/wp-content\/uploads\/2025\/01\/NARARA0046_800.jpg","contentUrl":"https:\/\/aivlisoft.net\/shop\/wp-content\/uploads\/2025\/01\/NARARA0046_800.jpg","width":800,"height":800},{"@type":"BreadcrumbList","@id":"https:\/\/aivlisoft.net\/shop\/producto\/synology-rx418-expansion-unit-4bay-rack-station\/#breadcrumb","itemListElement":[{"@type":"ListItem","position":1,"name":"Portada","item":"https:\/\/aivlisoft.net\/shop\/"},{"@type":"ListItem","position":2,"name":"Tienda","item":"https:\/\/aivlisoft.net\/shop\/tienda\/"},{"@type":"ListItem","position":3,"name":"SYNOLOGY RX418 Expansion Unit 4Bay Rack Station"}]},{"@type":"WebSite","@id":"https:\/\/aivlisoft.net\/shop\/#website","url":"https:\/\/aivlisoft.net\/shop\/","name":"Aivlisoft Inform\u00e1tica","description":"En Aivlisoft Inform\u00e1tica ofrecemos soluciones tecnol\u00f3gicas para empresas: venta de ordenadores, consumibles, perif\u00e9ricos y m\u00e1s. Calidad, atenci\u00f3n personalizada y los mejores precios para tu negocio.","publisher":{"@id":"https:\/\/aivlisoft.net\/shop\/#organization"},"potentialAction":[{"@type":"SearchAction","target":{"@type":"EntryPoint","urlTemplate":"https:\/\/aivlisoft.net\/shop\/?s={search_term_string}"},"query-input":{"@type":"PropertyValueSpecification","valueRequired":true,"valueName":"search_term_string"}}],"inLanguage":"es"},{"@type":"Organization","@id":"https:\/\/aivlisoft.net\/shop\/#organization","name":"Aivlisoft Inform\u00e1tica","url":"https:\/\/aivlisoft.net\/shop\/","logo":{"@type":"ImageObject","inLanguage":"es","@id":"https:\/\/aivlisoft.net\/shop\/#\/schema\/logo\/image\/","url":"https:\/\/aivlisoft.net\/shop\/wp-content\/uploads\/2024\/12\/removal.ai_5b848c54-0cdf-4140-95c5-c5536bb7573b-logodef.png","contentUrl":"https:\/\/aivlisoft.net\/shop\/wp-content\/uploads\/2024\/12\/removal.ai_5b848c54-0cdf-4140-95c5-c5536bb7573b-logodef.png","width":484,"height":182,"caption":"Aivlisoft Inform\u00e1tica"},"image":{"@id":"https:\/\/aivlisoft.net\/shop\/#\/schema\/logo\/image\/"}}]}},"_links":{"self":[{"href":"https:\/\/aivlisoft.net\/shop\/wp-json\/wp\/v2\/product\/18315","targetHints":{"allow":["GET"]}}],"collection":[{"href":"https:\/\/aivlisoft.net\/shop\/wp-json\/wp\/v2\/product"}],"about":[{"href":"https:\/\/aivlisoft.net\/shop\/wp-json\/wp\/v2\/types\/product"}],"wp:featuredmedia":[{"embeddable":true,"href":"https:\/\/aivlisoft.net\/shop\/wp-json\/wp\/v2\/media\/18316"}],"wp:attachment":[{"href":"https:\/\/aivlisoft.net\/shop\/wp-json\/wp\/v2\/media?parent=18315"}],"wp:term":[{"taxonomy":"product_brand","embeddable":true,"href":"https:\/\/aivlisoft.net\/shop\/wp-json\/wp\/v2\/product_brand?post=18315"},{"taxonomy":"product_cat","embeddable":true,"href":"https:\/\/aivlisoft.net\/shop\/wp-json\/wp\/v2\/product_cat?post=18315"},{"taxonomy":"product_tag","embeddable":true,"href":"https:\/\/aivlisoft.net\/shop\/wp-json\/wp\/v2\/product_tag?post=18315"}],"curies":[{"name":"wp","href":"https:\/\/api.w.org\/{rel}","templated":true}]}}