{"id":18300,"date":"2025-01-13T15:20:48","date_gmt":"2025-01-13T15:20:48","guid":{"rendered":"https:\/\/aivlisoft.com\/?post_type=product&#038;p=18300"},"modified":"2025-01-14T11:38:37","modified_gmt":"2025-01-14T11:38:37","slug":"tp-link-tl-wpa7517-kit-pwrl-ac-wifi-av1000-gbe","status":"publish","type":"product","link":"https:\/\/aivlisoft.net\/shop\/producto\/tp-link-tl-wpa7517-kit-pwrl-ac-wifi-av1000-gbe\/","title":{"rendered":"TP-Link TL-WPA7517 KIT PWRL ac WiFi AV1000 GbE"},"content":{"rendered":"<p>Cumple con el est&aacute;ndar Homeplug AV2: proporciona a los usuarios tasas de transferencia de datos estables y de alta velocidad de hasta 1000 Mbps en una longitud de l&iacute;nea de hasta 300 metros<\/p>\n<p>Wi-Fi 802.11ac de doble banda: el Wi-Fi de doble banda AC750 (433 Mbps a 5 GHz y 300 Mbps a 2,4 GHz) permite la transmisi&oacute;n, los juegos, el env&iacute;o de correos electr&oacute;nicos, la navegaci&oacute;n y la publicaci&oacute;n en sus dispositivos inal&aacute;mbricos en toda su casa<\/p>\n<p>Sincronizaci&oacute;n autom&aacute;tica de Wi-Fi: simplemente copie la configuraci&oacute;n de Wi-Fi de su enrutador y aplique los cambios en la red el&eacute;ctrica segura con Wi-Fi Clone y Wi-Fi Move<\/p>\n<p>Puerto Gigabit Ethernet: proporciona conexiones por cable confiables de alta velocidad para consolas de juegos, televisores inteligentes y NAS<\/p>\n<p>Plug, Pair and Play: configure r&aacute;pidamente una red Powerline segura<\/p>\n<table class=\"tabla_caracteristicas k-table\" width=\"100%\">\n<tr>\n<td valign=\"top\" width=\"35%\"><strong>Marca<\/strong><\/td>\n<td valign=\"top\" width=\"65%\">TP-LINK<\/td>\n<\/tr>\n<tr>\n<td valign=\"top\" width=\"35%\"><strong>Modelo<\/strong><\/td>\n<td valign=\"top\" width=\"65%\"><strong>TL-WPA7517 KIT<\/strong><\/td>\n<\/tr>\n<tr>\n<td valign=\"top\" width=\"35%\"><strong>Especificaciones<\/strong><\/td>\n<td valign=\"top\" width=\"65%\">\n<div><strong>Hardware<\/strong><br \/>\t\t\t&#8211; Tipo de Enchufe: EU<br \/>\t\t\t&#8211; Est&aacute;ndares y Protocolos<br \/>\t\t\t&nbsp; HomePlug AV2, HomePlug AV, IEEE 1901, IEEE 802.3, IEEE 802.3u,<br \/>\t\t\t&nbsp; IEEE 802.3ab, IEEE 802.11b\/g\/n (2.4GHz), IEEE 802.11a\/n\/ac (5GHz)<br \/>\t\t\t&#8211; Interfaz:<br \/>\t\t\t&nbsp; TL-WPA7517: 1 puerto Ethernet<br \/>\t\t\t&nbsp; TL-PA7017: 1 puerto Ethernet<br \/>\t\t\t&#8211; Botones: Pair, Reset, Wi-Fi Clone, LED On\/Off<br \/>\t\t\t&#8211; Consumo de Potencia:<br \/>\t\t\t&nbsp; TL-WPA7517: M&aacute;ximo: 11 W, t&iacute;pico: 6,5 W<br \/>\t\t\t&nbsp; TL-PA7017: M&aacute;ximo: 2,9 W, t&iacute;pico: 2,6 W<br \/>\t\t\t&#8211; Indicador de LED: Power, Powerline, Ethernet, Wi-Fi (2.4GHz), Wi-Fi (5GHz)<br \/>\t\t\t&#8211; Dimensiones:<br \/>\t\t\t&nbsp; TL-WPA7517: 69.5 &times; 35 &times; 124.1 mm<br \/>\t\t\t&nbsp; TL-PA7017: 52 &times; 28.5 &times; 65 mm<br \/>\t\t\t&#8211; Alcance: Hasta 300 metros \/ 1000 pies sobre el cableado el&eacute;ctrico existente<br \/>\t\t\t&#8211; Compatibilidad: Compatible con todos los adaptadores powerline est&aacute;ndar HomePlug AV y AV2<br \/>\t\t\t&#8211; Velocidades de Transmisi&oacute;n:<br \/>\t\t\t&nbsp; Powerline: Hasta 1000 Mbps<br \/>\t\t\t&nbsp; Ethernet: 10\/100\/1000 Mbps<br \/>\t\t\t<strong>Software<\/strong><br \/>\t\t\t&#8211; Seguridad Inal&aacute;mbrica: Encriptaciones WPA-PSK \/ WPA2-PSK, WEP<br \/>\t\t\t&#8211; Gesti&oacute;n:<br \/>\t\t\t&nbsp; tpPLC: Scan the QR code to download TP-Link tpPLC App<br \/>\t\t\t&nbsp; download new tpPLC Utility on PCs<br \/>\t\t\t&#8211; Tecnolog&iacute;a de Modulaci&oacute;n: OFDM (PLC)<br \/>\t\t\t&#8211; Encriptaci&oacute;n:<br \/>\t\t\t&nbsp; Powerline: cifrado AES de 128 bits<br \/>\t\t\t&nbsp; Inal&aacute;mbrico: WPA-PSK \/ WPA2-PSK, Encriptaciones WEP<\/div>\n<\/td>\n<\/tr>\n<tr>\n<td valign=\"top\" width=\"35%\"><strong>Otras caracter&iacute;sticas<\/strong><\/td>\n<td valign=\"top\" width=\"65%\">\n<div><strong>Requisitos del sistema<\/strong><br \/>\t\t\tWindows 10\/8.1\/8\/7\/Vista\/XP, Mac OS, Linux<br \/>\t\t\t<strong>Contenido del paquete<\/strong><br \/>\t\t\t&#8211; Kit AV1000 Powerline Wi-Fi: TL-WPA7517 y TL-PA7017<br \/>\t\t\t&#8211; Cable Ethernet &times; 2<br \/>\t\t\t&#8211; Gu&iacute;a de Instalaci&oacute;n R&aacute;pida<\/div>\n<\/td>\n<\/tr>\n<tr>\n<td valign=\"top\" width=\"35%\"><strong>Fecha de revisi&oacute;n<\/strong><\/td>\n<td valign=\"top\" width=\"65%\">08-03-2022 por MPM<\/td>\n<\/tr>\n<\/table>\n","protected":false},"excerpt":{"rendered":"<p>Cumple con el est&aacute;ndar Homeplug AV2: proporciona a los usuarios tasas de transferencia de datos estables y de alta velocidad de hasta 1000 Mbps en una longitud de l&iacute;nea de hasta 300 metros Wi-Fi 802.11ac de doble banda: el Wi-Fi de doble banda AC750 (433 Mbps a 5 GHz y 300 Mbps a 2,4 GHz)&hellip;&nbsp;<a href=\"https:\/\/aivlisoft.net\/shop\/producto\/tp-link-tl-wpa7517-kit-pwrl-ac-wifi-av1000-gbe\/\" rel=\"bookmark\"><span class=\"screen-reader-text\">TP-Link TL-WPA7517 KIT PWRL ac WiFi AV1000 GbE<\/span><\/a><\/p>\n","protected":false},"featured_media":18301,"template":"","meta":{"neve_meta_sidebar":"","neve_meta_container":"","neve_meta_enable_content_width":"","neve_meta_content_width":0,"neve_meta_title_alignment":"","neve_meta_author_avatar":"","neve_post_elements_order":"","neve_meta_disable_header":"","neve_meta_disable_footer":"","neve_meta_disable_title":""},"product_brand":[],"product_cat":[8764],"product_tag":[6689],"class_list":{"0":"post-18300","1":"product","2":"type-product","3":"status-publish","4":"has-post-thumbnail","6":"product_cat-powerline","7":"product_tag-tl-wpa7517-kit","9":"first","10":"instock","11":"taxable","12":"shipping-taxable","13":"purchasable","14":"product-type-simple"},"yoast_head":"<!-- This site is optimized with the Yoast SEO plugin v26.0 - https:\/\/yoast.com\/wordpress\/plugins\/seo\/ -->\n<title>TP-Link TL-WPA7517 KIT PWRL ac WiFi AV1000 GbE - Aivlisoft Inform\u00e1tica<\/title>\n<meta name=\"robots\" content=\"index, follow, max-snippet:-1, max-image-preview:large, max-video-preview:-1\" \/>\n<link rel=\"canonical\" href=\"https:\/\/aivlisoft.net\/shop\/producto\/tp-link-tl-wpa7517-kit-pwrl-ac-wifi-av1000-gbe\/\" \/>\n<meta property=\"og:locale\" content=\"es_ES\" \/>\n<meta property=\"og:type\" content=\"article\" \/>\n<meta property=\"og:title\" content=\"TP-Link TL-WPA7517 KIT PWRL ac WiFi AV1000 GbE - Aivlisoft Inform\u00e1tica\" \/>\n<meta property=\"og:description\" content=\"Cumple con el est&aacute;ndar Homeplug AV2: proporciona a los usuarios tasas de transferencia de datos estables y de alta velocidad de hasta 1000 Mbps en una longitud de l&iacute;nea de hasta 300 metros Wi-Fi 802.11ac de doble banda: el Wi-Fi de doble banda AC750 (433 Mbps a 5 GHz y 300 Mbps a 2,4 GHz)&hellip;&nbsp;TP-Link TL-WPA7517 KIT PWRL ac WiFi AV1000 GbE\" \/>\n<meta property=\"og:url\" content=\"https:\/\/aivlisoft.net\/shop\/producto\/tp-link-tl-wpa7517-kit-pwrl-ac-wifi-av1000-gbe\/\" \/>\n<meta property=\"og:site_name\" content=\"Aivlisoft Inform\u00e1tica\" \/>\n<meta property=\"article:modified_time\" content=\"2025-01-14T11:38:37+00:00\" \/>\n<meta property=\"og:image\" content=\"https:\/\/aivlisoft.net\/shop\/wp-content\/uploads\/2025\/01\/NADPOW0138_800.jpg\" \/>\n\t<meta property=\"og:image:width\" content=\"800\" \/>\n\t<meta property=\"og:image:height\" content=\"800\" \/>\n\t<meta property=\"og:image:type\" content=\"image\/jpeg\" \/>\n<meta name=\"twitter:card\" content=\"summary_large_image\" \/>\n<meta name=\"twitter:label1\" content=\"Tiempo de lectura\" \/>\n\t<meta name=\"twitter:data1\" content=\"2 minutos\" \/>\n<script type=\"application\/ld+json\" class=\"yoast-schema-graph\">{\"@context\":\"https:\/\/schema.org\",\"@graph\":[{\"@type\":\"WebPage\",\"@id\":\"https:\/\/aivlisoft.net\/shop\/producto\/tp-link-tl-wpa7517-kit-pwrl-ac-wifi-av1000-gbe\/\",\"url\":\"https:\/\/aivlisoft.net\/shop\/producto\/tp-link-tl-wpa7517-kit-pwrl-ac-wifi-av1000-gbe\/\",\"name\":\"TP-Link TL-WPA7517 KIT PWRL ac WiFi AV1000 GbE - Aivlisoft Inform\u00e1tica\",\"isPartOf\":{\"@id\":\"https:\/\/aivlisoft.net\/shop\/#website\"},\"primaryImageOfPage\":{\"@id\":\"https:\/\/aivlisoft.net\/shop\/producto\/tp-link-tl-wpa7517-kit-pwrl-ac-wifi-av1000-gbe\/#primaryimage\"},\"image\":{\"@id\":\"https:\/\/aivlisoft.net\/shop\/producto\/tp-link-tl-wpa7517-kit-pwrl-ac-wifi-av1000-gbe\/#primaryimage\"},\"thumbnailUrl\":\"https:\/\/aivlisoft.net\/shop\/wp-content\/uploads\/2025\/01\/NADPOW0138_800.jpg\",\"datePublished\":\"2025-01-13T15:20:48+00:00\",\"dateModified\":\"2025-01-14T11:38:37+00:00\",\"breadcrumb\":{\"@id\":\"https:\/\/aivlisoft.net\/shop\/producto\/tp-link-tl-wpa7517-kit-pwrl-ac-wifi-av1000-gbe\/#breadcrumb\"},\"inLanguage\":\"es\",\"potentialAction\":[{\"@type\":\"ReadAction\",\"target\":[\"https:\/\/aivlisoft.net\/shop\/producto\/tp-link-tl-wpa7517-kit-pwrl-ac-wifi-av1000-gbe\/\"]}]},{\"@type\":\"ImageObject\",\"inLanguage\":\"es\",\"@id\":\"https:\/\/aivlisoft.net\/shop\/producto\/tp-link-tl-wpa7517-kit-pwrl-ac-wifi-av1000-gbe\/#primaryimage\",\"url\":\"https:\/\/aivlisoft.net\/shop\/wp-content\/uploads\/2025\/01\/NADPOW0138_800.jpg\",\"contentUrl\":\"https:\/\/aivlisoft.net\/shop\/wp-content\/uploads\/2025\/01\/NADPOW0138_800.jpg\",\"width\":800,\"height\":800},{\"@type\":\"BreadcrumbList\",\"@id\":\"https:\/\/aivlisoft.net\/shop\/producto\/tp-link-tl-wpa7517-kit-pwrl-ac-wifi-av1000-gbe\/#breadcrumb\",\"itemListElement\":[{\"@type\":\"ListItem\",\"position\":1,\"name\":\"Portada\",\"item\":\"https:\/\/aivlisoft.net\/shop\/\"},{\"@type\":\"ListItem\",\"position\":2,\"name\":\"Tienda\",\"item\":\"https:\/\/aivlisoft.net\/shop\/tienda\/\"},{\"@type\":\"ListItem\",\"position\":3,\"name\":\"TP-Link TL-WPA7517 KIT PWRL ac WiFi AV1000 GbE\"}]},{\"@type\":\"WebSite\",\"@id\":\"https:\/\/aivlisoft.net\/shop\/#website\",\"url\":\"https:\/\/aivlisoft.net\/shop\/\",\"name\":\"Aivlisoft Inform\u00e1tica\",\"description\":\"En Aivlisoft Inform\u00e1tica ofrecemos soluciones tecnol\u00f3gicas para empresas: venta de ordenadores, consumibles, perif\u00e9ricos y m\u00e1s. Calidad, atenci\u00f3n personalizada y los mejores precios para tu negocio.\",\"publisher\":{\"@id\":\"https:\/\/aivlisoft.net\/shop\/#organization\"},\"potentialAction\":[{\"@type\":\"SearchAction\",\"target\":{\"@type\":\"EntryPoint\",\"urlTemplate\":\"https:\/\/aivlisoft.net\/shop\/?s={search_term_string}\"},\"query-input\":{\"@type\":\"PropertyValueSpecification\",\"valueRequired\":true,\"valueName\":\"search_term_string\"}}],\"inLanguage\":\"es\"},{\"@type\":\"Organization\",\"@id\":\"https:\/\/aivlisoft.net\/shop\/#organization\",\"name\":\"Aivlisoft Inform\u00e1tica\",\"url\":\"https:\/\/aivlisoft.net\/shop\/\",\"logo\":{\"@type\":\"ImageObject\",\"inLanguage\":\"es\",\"@id\":\"https:\/\/aivlisoft.net\/shop\/#\/schema\/logo\/image\/\",\"url\":\"https:\/\/aivlisoft.net\/shop\/wp-content\/uploads\/2024\/12\/removal.ai_5b848c54-0cdf-4140-95c5-c5536bb7573b-logodef.png\",\"contentUrl\":\"https:\/\/aivlisoft.net\/shop\/wp-content\/uploads\/2024\/12\/removal.ai_5b848c54-0cdf-4140-95c5-c5536bb7573b-logodef.png\",\"width\":484,\"height\":182,\"caption\":\"Aivlisoft Inform\u00e1tica\"},\"image\":{\"@id\":\"https:\/\/aivlisoft.net\/shop\/#\/schema\/logo\/image\/\"}}]}<\/script>\n<!-- \/ Yoast SEO plugin. -->","yoast_head_json":{"title":"TP-Link TL-WPA7517 KIT PWRL ac WiFi AV1000 GbE - Aivlisoft Inform\u00e1tica","robots":{"index":"index","follow":"follow","max-snippet":"max-snippet:-1","max-image-preview":"max-image-preview:large","max-video-preview":"max-video-preview:-1"},"canonical":"https:\/\/aivlisoft.net\/shop\/producto\/tp-link-tl-wpa7517-kit-pwrl-ac-wifi-av1000-gbe\/","og_locale":"es_ES","og_type":"article","og_title":"TP-Link TL-WPA7517 KIT PWRL ac WiFi AV1000 GbE - Aivlisoft Inform\u00e1tica","og_description":"Cumple con el est&aacute;ndar Homeplug AV2: proporciona a los usuarios tasas de transferencia de datos estables y de alta velocidad de hasta 1000 Mbps en una longitud de l&iacute;nea de hasta 300 metros Wi-Fi 802.11ac de doble banda: el Wi-Fi de doble banda AC750 (433 Mbps a 5 GHz y 300 Mbps a 2,4 GHz)&hellip;&nbsp;TP-Link TL-WPA7517 KIT PWRL ac WiFi AV1000 GbE","og_url":"https:\/\/aivlisoft.net\/shop\/producto\/tp-link-tl-wpa7517-kit-pwrl-ac-wifi-av1000-gbe\/","og_site_name":"Aivlisoft Inform\u00e1tica","article_modified_time":"2025-01-14T11:38:37+00:00","og_image":[{"width":800,"height":800,"url":"https:\/\/aivlisoft.net\/shop\/wp-content\/uploads\/2025\/01\/NADPOW0138_800.jpg","type":"image\/jpeg"}],"twitter_card":"summary_large_image","twitter_misc":{"Tiempo de lectura":"2 minutos"},"schema":{"@context":"https:\/\/schema.org","@graph":[{"@type":"WebPage","@id":"https:\/\/aivlisoft.net\/shop\/producto\/tp-link-tl-wpa7517-kit-pwrl-ac-wifi-av1000-gbe\/","url":"https:\/\/aivlisoft.net\/shop\/producto\/tp-link-tl-wpa7517-kit-pwrl-ac-wifi-av1000-gbe\/","name":"TP-Link TL-WPA7517 KIT PWRL ac WiFi AV1000 GbE - Aivlisoft Inform\u00e1tica","isPartOf":{"@id":"https:\/\/aivlisoft.net\/shop\/#website"},"primaryImageOfPage":{"@id":"https:\/\/aivlisoft.net\/shop\/producto\/tp-link-tl-wpa7517-kit-pwrl-ac-wifi-av1000-gbe\/#primaryimage"},"image":{"@id":"https:\/\/aivlisoft.net\/shop\/producto\/tp-link-tl-wpa7517-kit-pwrl-ac-wifi-av1000-gbe\/#primaryimage"},"thumbnailUrl":"https:\/\/aivlisoft.net\/shop\/wp-content\/uploads\/2025\/01\/NADPOW0138_800.jpg","datePublished":"2025-01-13T15:20:48+00:00","dateModified":"2025-01-14T11:38:37+00:00","breadcrumb":{"@id":"https:\/\/aivlisoft.net\/shop\/producto\/tp-link-tl-wpa7517-kit-pwrl-ac-wifi-av1000-gbe\/#breadcrumb"},"inLanguage":"es","potentialAction":[{"@type":"ReadAction","target":["https:\/\/aivlisoft.net\/shop\/producto\/tp-link-tl-wpa7517-kit-pwrl-ac-wifi-av1000-gbe\/"]}]},{"@type":"ImageObject","inLanguage":"es","@id":"https:\/\/aivlisoft.net\/shop\/producto\/tp-link-tl-wpa7517-kit-pwrl-ac-wifi-av1000-gbe\/#primaryimage","url":"https:\/\/aivlisoft.net\/shop\/wp-content\/uploads\/2025\/01\/NADPOW0138_800.jpg","contentUrl":"https:\/\/aivlisoft.net\/shop\/wp-content\/uploads\/2025\/01\/NADPOW0138_800.jpg","width":800,"height":800},{"@type":"BreadcrumbList","@id":"https:\/\/aivlisoft.net\/shop\/producto\/tp-link-tl-wpa7517-kit-pwrl-ac-wifi-av1000-gbe\/#breadcrumb","itemListElement":[{"@type":"ListItem","position":1,"name":"Portada","item":"https:\/\/aivlisoft.net\/shop\/"},{"@type":"ListItem","position":2,"name":"Tienda","item":"https:\/\/aivlisoft.net\/shop\/tienda\/"},{"@type":"ListItem","position":3,"name":"TP-Link TL-WPA7517 KIT PWRL ac WiFi AV1000 GbE"}]},{"@type":"WebSite","@id":"https:\/\/aivlisoft.net\/shop\/#website","url":"https:\/\/aivlisoft.net\/shop\/","name":"Aivlisoft Inform\u00e1tica","description":"En Aivlisoft Inform\u00e1tica ofrecemos soluciones tecnol\u00f3gicas para empresas: venta de ordenadores, consumibles, perif\u00e9ricos y m\u00e1s. Calidad, atenci\u00f3n personalizada y los mejores precios para tu negocio.","publisher":{"@id":"https:\/\/aivlisoft.net\/shop\/#organization"},"potentialAction":[{"@type":"SearchAction","target":{"@type":"EntryPoint","urlTemplate":"https:\/\/aivlisoft.net\/shop\/?s={search_term_string}"},"query-input":{"@type":"PropertyValueSpecification","valueRequired":true,"valueName":"search_term_string"}}],"inLanguage":"es"},{"@type":"Organization","@id":"https:\/\/aivlisoft.net\/shop\/#organization","name":"Aivlisoft Inform\u00e1tica","url":"https:\/\/aivlisoft.net\/shop\/","logo":{"@type":"ImageObject","inLanguage":"es","@id":"https:\/\/aivlisoft.net\/shop\/#\/schema\/logo\/image\/","url":"https:\/\/aivlisoft.net\/shop\/wp-content\/uploads\/2024\/12\/removal.ai_5b848c54-0cdf-4140-95c5-c5536bb7573b-logodef.png","contentUrl":"https:\/\/aivlisoft.net\/shop\/wp-content\/uploads\/2024\/12\/removal.ai_5b848c54-0cdf-4140-95c5-c5536bb7573b-logodef.png","width":484,"height":182,"caption":"Aivlisoft Inform\u00e1tica"},"image":{"@id":"https:\/\/aivlisoft.net\/shop\/#\/schema\/logo\/image\/"}}]}},"_links":{"self":[{"href":"https:\/\/aivlisoft.net\/shop\/wp-json\/wp\/v2\/product\/18300","targetHints":{"allow":["GET"]}}],"collection":[{"href":"https:\/\/aivlisoft.net\/shop\/wp-json\/wp\/v2\/product"}],"about":[{"href":"https:\/\/aivlisoft.net\/shop\/wp-json\/wp\/v2\/types\/product"}],"wp:featuredmedia":[{"embeddable":true,"href":"https:\/\/aivlisoft.net\/shop\/wp-json\/wp\/v2\/media\/18301"}],"wp:attachment":[{"href":"https:\/\/aivlisoft.net\/shop\/wp-json\/wp\/v2\/media?parent=18300"}],"wp:term":[{"taxonomy":"product_brand","embeddable":true,"href":"https:\/\/aivlisoft.net\/shop\/wp-json\/wp\/v2\/product_brand?post=18300"},{"taxonomy":"product_cat","embeddable":true,"href":"https:\/\/aivlisoft.net\/shop\/wp-json\/wp\/v2\/product_cat?post=18300"},{"taxonomy":"product_tag","embeddable":true,"href":"https:\/\/aivlisoft.net\/shop\/wp-json\/wp\/v2\/product_tag?post=18300"}],"curies":[{"name":"wp","href":"https:\/\/api.w.org\/{rel}","templated":true}]}}