{"id":18288,"date":"2025-01-13T15:20:40","date_gmt":"2025-01-13T15:20:40","guid":{"rendered":"https:\/\/aivlisoft.com\/?post_type=product&#038;p=18288"},"modified":"2025-01-14T11:38:30","modified_gmt":"2025-01-14T11:38:30","slug":"tp-link-tl-pa7017-kit-powerline-av1000","status":"publish","type":"product","link":"https:\/\/aivlisoft.net\/shop\/producto\/tp-link-tl-pa7017-kit-powerline-av1000\/","title":{"rendered":"TP-LINK TL-PA7017 KIT Powerline AV1000"},"content":{"rendered":"<div><strong>HomePlug AV2 Standard<\/strong>&nbsp;<br \/>Velocidades de transferencia de datos de alta velocidad de hasta 1000 Mbps, para todas tus necesidades en l&iacute;nea.<br \/>&nbsp;<\/div>\n<p><strong>Puerto Gigabit<\/strong>&nbsp;<br \/>Proporciona redes cableadas seguras para ordenadores de escritorio, televisores inteligentes o consolas de juegos.<\/p>\n<p><strong>Plug and play <\/strong>&nbsp;<br \/>Permite la configuraci&oacute;n de tu powerline en minutos, para que puedas disfrutar de conexiones r&aacute;pidas, sin cables e inal&aacute;mbricas al instante.<\/p>\n<p><strong>Modo de ahorro<\/strong><br \/>Reduce autom&aacute;ticamente el consumo de energ&iacute;a hasta un 85%.<\/p>\n<table class=\"tabla_caracteristicas k-table\" width=\"100%\">\n<tr>\n<td valign=\"top\"><strong>Marca<\/strong><\/td>\n<td>TP-LINK<\/td>\n<\/tr>\n<tr>\n<td valign=\"top\"><strong>Modelo<\/strong><\/td>\n<td valign=\"top\"><strong>TL-PA7017 KIT<\/strong><\/td>\n<\/tr>\n<tr>\n<td valign=\"top\"><strong>Caracter&iacute;sticas de Hardware<\/strong><\/td>\n<td>&#8211; Tipo de Enchufe: EU, UK, FR<br \/>\t\t\t&#8211; Est&aacute;ndares y Protocolos: HomePlug AV2, HomePlug AV, IEEE 1901, IEEE 802.3, IEEE 802.3ab<br \/>\t\t\t&#8211; Interfaz: Puerto Gigabit Ethernet<br \/>\t\t\t&#8211; Botones: Bot&oacute;n Pair\/Reset<br \/>\t\t\t&#8211; Consumo de Potencia:<br \/>\t\t\t&nbsp; &nbsp; M&aacute;ximo: 2.7W (220\/50Hz)<br \/>\t\t\t&nbsp; &nbsp; T&iacute;pico: 2.3W (220V\/50Hz)<br \/>\t\t\t&nbsp; &nbsp; Standby: 0.5W (220\/50Hz)<br \/>\t\t\t&#8211; Indicador de LED: PWR, PKC, ETH<br \/>\t\t\t&#8211; Dimensiones: 95 x 52 x 28.5 mm<br \/>\t\t\t&#8211; Alcance: 300 metros sobre circuito el&eacute;ctrico<\/td>\n<\/tr>\n<tr>\n<td valign=\"top\"><strong>Caracter&iacute;sticas de Software<\/strong><\/td>\n<td>&#8211; Tecnolog&iacute;a de Modulaci&oacute;n: OFDM (PLC)<br \/>\t\t\t&#8211; Encriptaci&oacute;n: Seguridad del Powerline: AES de 128 bits<\/td>\n<\/tr>\n<tr>\n<td valign=\"top\"><strong>Otras caracter&iacute;sticas<\/strong><\/td>\n<td>&#8211; CE, RoHS<br \/>\t\t\t&#8211; Contenido del Paquete: Adaptador Ethernet Powerline, Cable Ethernet de 2m (RJ45), Gu&iacute;a de Instalaci&oacute;n R&aacute;pida.<br \/>\t\t\t&#8211; Windows 2000\/XP\/2003\/Vista, Windows 7\/8\/8.1\/Mac, Linux<br \/>\t\t\t&#8211; Factores Ambientales:<br \/>\t\t\t&nbsp; &nbsp;&nbsp;Temperatura de funcionamiento: 0&deg;C~ 40&deg;C (32&deg;F~104&deg;F)<br \/>\t\t\t&nbsp; &nbsp;&nbsp;Temperatura de almacenamiento: -40&deg;C~70&deg;C(-40&deg;F~158&deg;F)<br \/>\t\t\t&nbsp; &nbsp;&nbsp;Humedad de funcionamiento: 10%~90% sin condensaci&oacute;n<br \/>\t\t\t&nbsp; &nbsp;&nbsp;Humedad de almacenamiento: 5%~90% sin condensaci&oacute;n<\/td>\n<\/tr>\n<tr>\n<td valign=\"top\"><strong>Fecha de revisi&oacute;n<\/strong><\/td>\n<td>20-12-2019 por MRS<\/td>\n<\/tr>\n<\/table>\n","protected":false},"excerpt":{"rendered":"<p>HomePlug AV2 Standard&nbsp;Velocidades de transferencia de datos de alta velocidad de hasta 1000 Mbps, para todas tus necesidades en l&iacute;nea.&nbsp; Puerto Gigabit&nbsp;Proporciona redes cableadas seguras para ordenadores de escritorio, televisores inteligentes o consolas de juegos. Plug and play &nbsp;Permite la configuraci&oacute;n de tu powerline en minutos, para que puedas disfrutar de conexiones r&aacute;pidas, sin cables&hellip;&nbsp;<a href=\"https:\/\/aivlisoft.net\/shop\/producto\/tp-link-tl-pa7017-kit-powerline-av1000\/\" rel=\"bookmark\"><span class=\"screen-reader-text\">TP-LINK TL-PA7017 KIT Powerline AV1000<\/span><\/a><\/p>\n","protected":false},"featured_media":18289,"template":"","meta":{"neve_meta_sidebar":"","neve_meta_container":"","neve_meta_enable_content_width":"","neve_meta_content_width":0,"neve_meta_title_alignment":"","neve_meta_author_avatar":"","neve_post_elements_order":"","neve_meta_disable_header":"","neve_meta_disable_footer":"","neve_meta_disable_title":""},"product_brand":[],"product_cat":[8764],"product_tag":[6686],"class_list":{"0":"post-18288","1":"product","2":"type-product","3":"status-publish","4":"has-post-thumbnail","6":"product_cat-powerline","7":"product_tag-tl-pa7017-kit","9":"first","10":"instock","11":"taxable","12":"shipping-taxable","13":"purchasable","14":"product-type-simple"},"yoast_head":"<!-- This site is optimized with the Yoast SEO plugin v26.0 - https:\/\/yoast.com\/wordpress\/plugins\/seo\/ -->\n<title>TP-LINK TL-PA7017 KIT Powerline AV1000 - Aivlisoft Inform\u00e1tica<\/title>\n<meta name=\"robots\" content=\"index, follow, max-snippet:-1, max-image-preview:large, max-video-preview:-1\" \/>\n<link rel=\"canonical\" href=\"https:\/\/aivlisoft.net\/shop\/producto\/tp-link-tl-pa7017-kit-powerline-av1000\/\" \/>\n<meta property=\"og:locale\" content=\"es_ES\" \/>\n<meta property=\"og:type\" content=\"article\" \/>\n<meta property=\"og:title\" content=\"TP-LINK TL-PA7017 KIT Powerline AV1000 - Aivlisoft Inform\u00e1tica\" \/>\n<meta property=\"og:description\" content=\"HomePlug AV2 Standard&nbsp;Velocidades de transferencia de datos de alta velocidad de hasta 1000 Mbps, para todas tus necesidades en l&iacute;nea.&nbsp; Puerto Gigabit&nbsp;Proporciona redes cableadas seguras para ordenadores de escritorio, televisores inteligentes o consolas de juegos. Plug and play &nbsp;Permite la configuraci&oacute;n de tu powerline en minutos, para que puedas disfrutar de conexiones r&aacute;pidas, sin cables&hellip;&nbsp;TP-LINK TL-PA7017 KIT Powerline AV1000\" \/>\n<meta property=\"og:url\" content=\"https:\/\/aivlisoft.net\/shop\/producto\/tp-link-tl-pa7017-kit-powerline-av1000\/\" \/>\n<meta property=\"og:site_name\" content=\"Aivlisoft Inform\u00e1tica\" \/>\n<meta property=\"article:modified_time\" content=\"2025-01-14T11:38:30+00:00\" \/>\n<meta property=\"og:image\" content=\"https:\/\/aivlisoft.net\/shop\/wp-content\/uploads\/2025\/01\/NADPOW0131_800.jpg\" \/>\n\t<meta property=\"og:image:width\" content=\"800\" \/>\n\t<meta property=\"og:image:height\" content=\"800\" \/>\n\t<meta property=\"og:image:type\" content=\"image\/jpeg\" \/>\n<meta name=\"twitter:card\" content=\"summary_large_image\" \/>\n<meta name=\"twitter:label1\" content=\"Tiempo de lectura\" \/>\n\t<meta name=\"twitter:data1\" content=\"1 minuto\" \/>\n<script type=\"application\/ld+json\" class=\"yoast-schema-graph\">{\"@context\":\"https:\/\/schema.org\",\"@graph\":[{\"@type\":\"WebPage\",\"@id\":\"https:\/\/aivlisoft.net\/shop\/producto\/tp-link-tl-pa7017-kit-powerline-av1000\/\",\"url\":\"https:\/\/aivlisoft.net\/shop\/producto\/tp-link-tl-pa7017-kit-powerline-av1000\/\",\"name\":\"TP-LINK TL-PA7017 KIT Powerline AV1000 - Aivlisoft Inform\u00e1tica\",\"isPartOf\":{\"@id\":\"https:\/\/aivlisoft.net\/shop\/#website\"},\"primaryImageOfPage\":{\"@id\":\"https:\/\/aivlisoft.net\/shop\/producto\/tp-link-tl-pa7017-kit-powerline-av1000\/#primaryimage\"},\"image\":{\"@id\":\"https:\/\/aivlisoft.net\/shop\/producto\/tp-link-tl-pa7017-kit-powerline-av1000\/#primaryimage\"},\"thumbnailUrl\":\"https:\/\/aivlisoft.net\/shop\/wp-content\/uploads\/2025\/01\/NADPOW0131_800.jpg\",\"datePublished\":\"2025-01-13T15:20:40+00:00\",\"dateModified\":\"2025-01-14T11:38:30+00:00\",\"breadcrumb\":{\"@id\":\"https:\/\/aivlisoft.net\/shop\/producto\/tp-link-tl-pa7017-kit-powerline-av1000\/#breadcrumb\"},\"inLanguage\":\"es\",\"potentialAction\":[{\"@type\":\"ReadAction\",\"target\":[\"https:\/\/aivlisoft.net\/shop\/producto\/tp-link-tl-pa7017-kit-powerline-av1000\/\"]}]},{\"@type\":\"ImageObject\",\"inLanguage\":\"es\",\"@id\":\"https:\/\/aivlisoft.net\/shop\/producto\/tp-link-tl-pa7017-kit-powerline-av1000\/#primaryimage\",\"url\":\"https:\/\/aivlisoft.net\/shop\/wp-content\/uploads\/2025\/01\/NADPOW0131_800.jpg\",\"contentUrl\":\"https:\/\/aivlisoft.net\/shop\/wp-content\/uploads\/2025\/01\/NADPOW0131_800.jpg\",\"width\":800,\"height\":800},{\"@type\":\"BreadcrumbList\",\"@id\":\"https:\/\/aivlisoft.net\/shop\/producto\/tp-link-tl-pa7017-kit-powerline-av1000\/#breadcrumb\",\"itemListElement\":[{\"@type\":\"ListItem\",\"position\":1,\"name\":\"Portada\",\"item\":\"https:\/\/aivlisoft.net\/shop\/\"},{\"@type\":\"ListItem\",\"position\":2,\"name\":\"Tienda\",\"item\":\"https:\/\/aivlisoft.net\/shop\/tienda\/\"},{\"@type\":\"ListItem\",\"position\":3,\"name\":\"TP-LINK TL-PA7017 KIT Powerline AV1000\"}]},{\"@type\":\"WebSite\",\"@id\":\"https:\/\/aivlisoft.net\/shop\/#website\",\"url\":\"https:\/\/aivlisoft.net\/shop\/\",\"name\":\"Aivlisoft Inform\u00e1tica\",\"description\":\"En Aivlisoft Inform\u00e1tica ofrecemos soluciones tecnol\u00f3gicas para empresas: venta de ordenadores, consumibles, perif\u00e9ricos y m\u00e1s. Calidad, atenci\u00f3n personalizada y los mejores precios para tu negocio.\",\"publisher\":{\"@id\":\"https:\/\/aivlisoft.net\/shop\/#organization\"},\"potentialAction\":[{\"@type\":\"SearchAction\",\"target\":{\"@type\":\"EntryPoint\",\"urlTemplate\":\"https:\/\/aivlisoft.net\/shop\/?s={search_term_string}\"},\"query-input\":{\"@type\":\"PropertyValueSpecification\",\"valueRequired\":true,\"valueName\":\"search_term_string\"}}],\"inLanguage\":\"es\"},{\"@type\":\"Organization\",\"@id\":\"https:\/\/aivlisoft.net\/shop\/#organization\",\"name\":\"Aivlisoft Inform\u00e1tica\",\"url\":\"https:\/\/aivlisoft.net\/shop\/\",\"logo\":{\"@type\":\"ImageObject\",\"inLanguage\":\"es\",\"@id\":\"https:\/\/aivlisoft.net\/shop\/#\/schema\/logo\/image\/\",\"url\":\"https:\/\/aivlisoft.net\/shop\/wp-content\/uploads\/2024\/12\/removal.ai_5b848c54-0cdf-4140-95c5-c5536bb7573b-logodef.png\",\"contentUrl\":\"https:\/\/aivlisoft.net\/shop\/wp-content\/uploads\/2024\/12\/removal.ai_5b848c54-0cdf-4140-95c5-c5536bb7573b-logodef.png\",\"width\":484,\"height\":182,\"caption\":\"Aivlisoft Inform\u00e1tica\"},\"image\":{\"@id\":\"https:\/\/aivlisoft.net\/shop\/#\/schema\/logo\/image\/\"}}]}<\/script>\n<!-- \/ Yoast SEO plugin. -->","yoast_head_json":{"title":"TP-LINK TL-PA7017 KIT Powerline AV1000 - Aivlisoft Inform\u00e1tica","robots":{"index":"index","follow":"follow","max-snippet":"max-snippet:-1","max-image-preview":"max-image-preview:large","max-video-preview":"max-video-preview:-1"},"canonical":"https:\/\/aivlisoft.net\/shop\/producto\/tp-link-tl-pa7017-kit-powerline-av1000\/","og_locale":"es_ES","og_type":"article","og_title":"TP-LINK TL-PA7017 KIT Powerline AV1000 - Aivlisoft Inform\u00e1tica","og_description":"HomePlug AV2 Standard&nbsp;Velocidades de transferencia de datos de alta velocidad de hasta 1000 Mbps, para todas tus necesidades en l&iacute;nea.&nbsp; Puerto Gigabit&nbsp;Proporciona redes cableadas seguras para ordenadores de escritorio, televisores inteligentes o consolas de juegos. Plug and play &nbsp;Permite la configuraci&oacute;n de tu powerline en minutos, para que puedas disfrutar de conexiones r&aacute;pidas, sin cables&hellip;&nbsp;TP-LINK TL-PA7017 KIT Powerline AV1000","og_url":"https:\/\/aivlisoft.net\/shop\/producto\/tp-link-tl-pa7017-kit-powerline-av1000\/","og_site_name":"Aivlisoft Inform\u00e1tica","article_modified_time":"2025-01-14T11:38:30+00:00","og_image":[{"width":800,"height":800,"url":"https:\/\/aivlisoft.net\/shop\/wp-content\/uploads\/2025\/01\/NADPOW0131_800.jpg","type":"image\/jpeg"}],"twitter_card":"summary_large_image","twitter_misc":{"Tiempo de lectura":"1 minuto"},"schema":{"@context":"https:\/\/schema.org","@graph":[{"@type":"WebPage","@id":"https:\/\/aivlisoft.net\/shop\/producto\/tp-link-tl-pa7017-kit-powerline-av1000\/","url":"https:\/\/aivlisoft.net\/shop\/producto\/tp-link-tl-pa7017-kit-powerline-av1000\/","name":"TP-LINK TL-PA7017 KIT Powerline AV1000 - Aivlisoft Inform\u00e1tica","isPartOf":{"@id":"https:\/\/aivlisoft.net\/shop\/#website"},"primaryImageOfPage":{"@id":"https:\/\/aivlisoft.net\/shop\/producto\/tp-link-tl-pa7017-kit-powerline-av1000\/#primaryimage"},"image":{"@id":"https:\/\/aivlisoft.net\/shop\/producto\/tp-link-tl-pa7017-kit-powerline-av1000\/#primaryimage"},"thumbnailUrl":"https:\/\/aivlisoft.net\/shop\/wp-content\/uploads\/2025\/01\/NADPOW0131_800.jpg","datePublished":"2025-01-13T15:20:40+00:00","dateModified":"2025-01-14T11:38:30+00:00","breadcrumb":{"@id":"https:\/\/aivlisoft.net\/shop\/producto\/tp-link-tl-pa7017-kit-powerline-av1000\/#breadcrumb"},"inLanguage":"es","potentialAction":[{"@type":"ReadAction","target":["https:\/\/aivlisoft.net\/shop\/producto\/tp-link-tl-pa7017-kit-powerline-av1000\/"]}]},{"@type":"ImageObject","inLanguage":"es","@id":"https:\/\/aivlisoft.net\/shop\/producto\/tp-link-tl-pa7017-kit-powerline-av1000\/#primaryimage","url":"https:\/\/aivlisoft.net\/shop\/wp-content\/uploads\/2025\/01\/NADPOW0131_800.jpg","contentUrl":"https:\/\/aivlisoft.net\/shop\/wp-content\/uploads\/2025\/01\/NADPOW0131_800.jpg","width":800,"height":800},{"@type":"BreadcrumbList","@id":"https:\/\/aivlisoft.net\/shop\/producto\/tp-link-tl-pa7017-kit-powerline-av1000\/#breadcrumb","itemListElement":[{"@type":"ListItem","position":1,"name":"Portada","item":"https:\/\/aivlisoft.net\/shop\/"},{"@type":"ListItem","position":2,"name":"Tienda","item":"https:\/\/aivlisoft.net\/shop\/tienda\/"},{"@type":"ListItem","position":3,"name":"TP-LINK TL-PA7017 KIT Powerline AV1000"}]},{"@type":"WebSite","@id":"https:\/\/aivlisoft.net\/shop\/#website","url":"https:\/\/aivlisoft.net\/shop\/","name":"Aivlisoft Inform\u00e1tica","description":"En Aivlisoft Inform\u00e1tica ofrecemos soluciones tecnol\u00f3gicas para empresas: venta de ordenadores, consumibles, perif\u00e9ricos y m\u00e1s. Calidad, atenci\u00f3n personalizada y los mejores precios para tu negocio.","publisher":{"@id":"https:\/\/aivlisoft.net\/shop\/#organization"},"potentialAction":[{"@type":"SearchAction","target":{"@type":"EntryPoint","urlTemplate":"https:\/\/aivlisoft.net\/shop\/?s={search_term_string}"},"query-input":{"@type":"PropertyValueSpecification","valueRequired":true,"valueName":"search_term_string"}}],"inLanguage":"es"},{"@type":"Organization","@id":"https:\/\/aivlisoft.net\/shop\/#organization","name":"Aivlisoft Inform\u00e1tica","url":"https:\/\/aivlisoft.net\/shop\/","logo":{"@type":"ImageObject","inLanguage":"es","@id":"https:\/\/aivlisoft.net\/shop\/#\/schema\/logo\/image\/","url":"https:\/\/aivlisoft.net\/shop\/wp-content\/uploads\/2024\/12\/removal.ai_5b848c54-0cdf-4140-95c5-c5536bb7573b-logodef.png","contentUrl":"https:\/\/aivlisoft.net\/shop\/wp-content\/uploads\/2024\/12\/removal.ai_5b848c54-0cdf-4140-95c5-c5536bb7573b-logodef.png","width":484,"height":182,"caption":"Aivlisoft Inform\u00e1tica"},"image":{"@id":"https:\/\/aivlisoft.net\/shop\/#\/schema\/logo\/image\/"}}]}},"_links":{"self":[{"href":"https:\/\/aivlisoft.net\/shop\/wp-json\/wp\/v2\/product\/18288","targetHints":{"allow":["GET"]}}],"collection":[{"href":"https:\/\/aivlisoft.net\/shop\/wp-json\/wp\/v2\/product"}],"about":[{"href":"https:\/\/aivlisoft.net\/shop\/wp-json\/wp\/v2\/types\/product"}],"wp:featuredmedia":[{"embeddable":true,"href":"https:\/\/aivlisoft.net\/shop\/wp-json\/wp\/v2\/media\/18289"}],"wp:attachment":[{"href":"https:\/\/aivlisoft.net\/shop\/wp-json\/wp\/v2\/media?parent=18288"}],"wp:term":[{"taxonomy":"product_brand","embeddable":true,"href":"https:\/\/aivlisoft.net\/shop\/wp-json\/wp\/v2\/product_brand?post=18288"},{"taxonomy":"product_cat","embeddable":true,"href":"https:\/\/aivlisoft.net\/shop\/wp-json\/wp\/v2\/product_cat?post=18288"},{"taxonomy":"product_tag","embeddable":true,"href":"https:\/\/aivlisoft.net\/shop\/wp-json\/wp\/v2\/product_tag?post=18288"}],"curies":[{"name":"wp","href":"https:\/\/api.w.org\/{rel}","templated":true}]}}