{"id":18283,"date":"2025-01-13T15:20:37","date_gmt":"2025-01-13T15:20:37","guid":{"rendered":"https:\/\/aivlisoft.com\/?post_type=product&#038;p=18283"},"modified":"2025-01-14T11:38:29","modified_gmt":"2025-01-14T11:38:29","slug":"fritz-powerline-1220e-powerline","status":"publish","type":"product","link":"https:\/\/aivlisoft.net\/shop\/producto\/fritz-powerline-1220e-powerline\/","title":{"rendered":"FRITZ! Powerline 1220E Powerline"},"content":{"rendered":"<p><strong>Transporte m&aacute;s r&aacute;pido de datos a trav&eacute;s de la red el&eacute;ctrica<\/strong><\/p>\n<p>&iquest;Para qu&eacute; necesita cableado si puede enviar los datos a trav&eacute;s de la red el&eacute;ctrica? El FRITZ!Powerline 1220E convierte cada una de las tomas de corriente de su hogar en una autopista de datos: con velocidades de hasta 1.200 Mbps, los paquetes de datos m&aacute;s pesados viajan a toda velocidad y con la m&aacute;xima seguridad a trav&eacute;s de la red dom&eacute;stica<br \/>&nbsp;<\/p>\n<table class=\"tabla_caracteristicas\" width=\"100%\">\n<tr>\n<td><strong>Marca<\/strong><\/td>\n<td>FRITZ!<\/td>\n<\/tr>\n<tr>\n<td><strong>Modelo<\/strong><\/td>\n<td><strong>20002738<\/strong><\/td>\n<\/tr>\n<tr>\n<td><strong>Puertos<\/strong><\/td>\n<td>&#8211; Toma de corriente tipo F (Schuko, CEE 7\/4), C (Euro, CEE 7\/16).<br \/>\t\t\t&#8211; 2 puertos LAN Gigabit (10\/100\/1000 Base-T, puerto RJ45)<br \/>\t\t\t&#8211; Toma de corriente integrada de 230 V con filtro de red.<\/td>\n<\/tr>\n<tr>\n<td><strong>PLC<\/strong><\/td>\n<td>&#8211; Ampl&iacute;a la red dom&eacute;stica a trav&eacute;s de la red el&eacute;ctrica de la propia vivienda.<br \/>\t\t\t&#8211; Disponible inmediatamente en cada toma de corriente, sin necesidad de instalar ning&uacute;n programa.<br \/>\t\t\t&#8211; Hasta 1.200 Mbps de velocidad PLC y conexiones robustas a grandes distancias en la red (seg&uacute;n el est&aacute;ndar PLC HomePlug AV2).<br \/>\t\t\t&#8211; Integra ordenadores, impresoras, TV, Sistemas Hi-Fi, videoconsolas, reproductores de multimedia, Blu Ray y otros dispositivos a la red de FRITZ!Box a trav&eacute;s de Gigabit Ethernet.<br \/>\t\t\t&#8211; Con una elevada eficiencia energ&eacute;tica, consume menos de un vatio en modo de espera y cerca de tres vatios en modo operativo.<br \/>\t\t\t&#8211; &quot;Quality of Service&quot;: establece la prioridad de datos para transmisi&oacute;n de v&iacute;deo y telefon&iacute;a IP sin interferencias.<br \/>\t\t\t&#8211; Soporta sesiones de multidifusi&oacute;n a trav&eacute;s de IGMP.<br \/>\t\t\t&#8211; Cifrado de f&aacute;brica: con AES de 128 bits, &quot;Link Encryption&quot; y &quot;Key Management&quot;.<br \/>\t\t\t&#8211; Compatible con adaptadores PLC de 1200, 500 y 200 Mbps, con el est&aacute;ndar IEEE P1901 y con HomePlug AV2; y puede combinarse con adaptadores PLC anteriores.<br \/>\t\t\t&#8211; Soporta el protocolo de Internet IPv6.<br \/>\t\t\t&#8211; 3 indicadores de estado.<br \/>\t\t\t&#8211; Funciones avanzadas con el programa FRITZ!Powerline para Windows 10, 8, 7, Vista y XP.<\/td>\n<\/tr>\n<tr>\n<td><strong>Caracter&iacute;sticas<\/strong><\/td>\n<td><strong>F&iacute;sicas<\/strong><br \/>\t\t\t&#8211; Medidas (A x P x A): 59 x 132 x 41 mm.<br \/>\t\t\t&#8211; Peso: 220 g.<br \/>\t\t\t&#8211; Voltaje el&eacute;ctrico: 230 V~, 50 Hz.<br \/>\t\t\t<strong>Contenido<\/strong><br \/>\t\t\t&#8211; FRITZ!Powerline 1220E.<br \/>\t\t\t&#8211; Cable de red de 1 x 1,80 m.<br \/>\t\t\t&#8211; Gu&iacute;a r&aacute;pida de instalaci&oacute;n.<\/td>\n<\/tr>\n<tr>\n<td><strong>Fecha de revisi&oacute;n<\/strong><\/td>\n<td>25-05-2022 por MPM<\/td>\n<\/tr>\n<\/table>\n","protected":false},"excerpt":{"rendered":"<p>Transporte m&aacute;s r&aacute;pido de datos a trav&eacute;s de la red el&eacute;ctrica &iquest;Para qu&eacute; necesita cableado si puede enviar los datos a trav&eacute;s de la red el&eacute;ctrica? El FRITZ!Powerline 1220E convierte cada una de las tomas de corriente de su hogar en una autopista de datos: con velocidades de hasta 1.200 Mbps, los paquetes de datos&hellip;&nbsp;<a href=\"https:\/\/aivlisoft.net\/shop\/producto\/fritz-powerline-1220e-powerline\/\" rel=\"bookmark\"><span class=\"screen-reader-text\">FRITZ! Powerline 1220E Powerline<\/span><\/a><\/p>\n","protected":false},"featured_media":18284,"template":"","meta":{"neve_meta_sidebar":"","neve_meta_container":"","neve_meta_enable_content_width":"","neve_meta_content_width":0,"neve_meta_title_alignment":"","neve_meta_author_avatar":"","neve_post_elements_order":"","neve_meta_disable_header":"","neve_meta_disable_footer":"","neve_meta_disable_title":""},"product_brand":[],"product_cat":[8764],"product_tag":[6685],"class_list":{"0":"post-18283","1":"product","2":"type-product","3":"status-publish","4":"has-post-thumbnail","6":"product_cat-powerline","7":"product_tag-6685","9":"first","10":"instock","11":"taxable","12":"shipping-taxable","13":"purchasable","14":"product-type-simple"},"yoast_head":"<!-- This site is optimized with the Yoast SEO plugin v26.0 - https:\/\/yoast.com\/wordpress\/plugins\/seo\/ -->\n<title>FRITZ! Powerline 1220E Powerline - Aivlisoft Inform\u00e1tica<\/title>\n<meta name=\"robots\" content=\"index, follow, max-snippet:-1, max-image-preview:large, max-video-preview:-1\" \/>\n<link rel=\"canonical\" href=\"https:\/\/aivlisoft.net\/shop\/producto\/fritz-powerline-1220e-powerline\/\" \/>\n<meta property=\"og:locale\" content=\"es_ES\" \/>\n<meta property=\"og:type\" content=\"article\" \/>\n<meta property=\"og:title\" content=\"FRITZ! Powerline 1220E Powerline - Aivlisoft Inform\u00e1tica\" \/>\n<meta property=\"og:description\" content=\"Transporte m&aacute;s r&aacute;pido de datos a trav&eacute;s de la red el&eacute;ctrica &iquest;Para qu&eacute; necesita cableado si puede enviar los datos a trav&eacute;s de la red el&eacute;ctrica? El FRITZ!Powerline 1220E convierte cada una de las tomas de corriente de su hogar en una autopista de datos: con velocidades de hasta 1.200 Mbps, los paquetes de datos&hellip;&nbsp;FRITZ! Powerline 1220E Powerline\" \/>\n<meta property=\"og:url\" content=\"https:\/\/aivlisoft.net\/shop\/producto\/fritz-powerline-1220e-powerline\/\" \/>\n<meta property=\"og:site_name\" content=\"Aivlisoft Inform\u00e1tica\" \/>\n<meta property=\"article:modified_time\" content=\"2025-01-14T11:38:29+00:00\" \/>\n<meta property=\"og:image\" content=\"https:\/\/aivlisoft.net\/shop\/wp-content\/uploads\/2025\/01\/NADPOW0129_800.jpg\" \/>\n\t<meta property=\"og:image:width\" content=\"800\" \/>\n\t<meta property=\"og:image:height\" content=\"800\" \/>\n\t<meta property=\"og:image:type\" content=\"image\/jpeg\" \/>\n<meta name=\"twitter:card\" content=\"summary_large_image\" \/>\n<meta name=\"twitter:label1\" content=\"Tiempo de lectura\" \/>\n\t<meta name=\"twitter:data1\" content=\"2 minutos\" \/>\n<script type=\"application\/ld+json\" class=\"yoast-schema-graph\">{\"@context\":\"https:\/\/schema.org\",\"@graph\":[{\"@type\":\"WebPage\",\"@id\":\"https:\/\/aivlisoft.net\/shop\/producto\/fritz-powerline-1220e-powerline\/\",\"url\":\"https:\/\/aivlisoft.net\/shop\/producto\/fritz-powerline-1220e-powerline\/\",\"name\":\"FRITZ! Powerline 1220E Powerline - Aivlisoft Inform\u00e1tica\",\"isPartOf\":{\"@id\":\"https:\/\/aivlisoft.net\/shop\/#website\"},\"primaryImageOfPage\":{\"@id\":\"https:\/\/aivlisoft.net\/shop\/producto\/fritz-powerline-1220e-powerline\/#primaryimage\"},\"image\":{\"@id\":\"https:\/\/aivlisoft.net\/shop\/producto\/fritz-powerline-1220e-powerline\/#primaryimage\"},\"thumbnailUrl\":\"https:\/\/aivlisoft.net\/shop\/wp-content\/uploads\/2025\/01\/NADPOW0129_800.jpg\",\"datePublished\":\"2025-01-13T15:20:37+00:00\",\"dateModified\":\"2025-01-14T11:38:29+00:00\",\"breadcrumb\":{\"@id\":\"https:\/\/aivlisoft.net\/shop\/producto\/fritz-powerline-1220e-powerline\/#breadcrumb\"},\"inLanguage\":\"es\",\"potentialAction\":[{\"@type\":\"ReadAction\",\"target\":[\"https:\/\/aivlisoft.net\/shop\/producto\/fritz-powerline-1220e-powerline\/\"]}]},{\"@type\":\"ImageObject\",\"inLanguage\":\"es\",\"@id\":\"https:\/\/aivlisoft.net\/shop\/producto\/fritz-powerline-1220e-powerline\/#primaryimage\",\"url\":\"https:\/\/aivlisoft.net\/shop\/wp-content\/uploads\/2025\/01\/NADPOW0129_800.jpg\",\"contentUrl\":\"https:\/\/aivlisoft.net\/shop\/wp-content\/uploads\/2025\/01\/NADPOW0129_800.jpg\",\"width\":800,\"height\":800},{\"@type\":\"BreadcrumbList\",\"@id\":\"https:\/\/aivlisoft.net\/shop\/producto\/fritz-powerline-1220e-powerline\/#breadcrumb\",\"itemListElement\":[{\"@type\":\"ListItem\",\"position\":1,\"name\":\"Portada\",\"item\":\"https:\/\/aivlisoft.net\/shop\/\"},{\"@type\":\"ListItem\",\"position\":2,\"name\":\"Tienda\",\"item\":\"https:\/\/aivlisoft.net\/shop\/tienda\/\"},{\"@type\":\"ListItem\",\"position\":3,\"name\":\"FRITZ! Powerline 1220E Powerline\"}]},{\"@type\":\"WebSite\",\"@id\":\"https:\/\/aivlisoft.net\/shop\/#website\",\"url\":\"https:\/\/aivlisoft.net\/shop\/\",\"name\":\"Aivlisoft Inform\u00e1tica\",\"description\":\"En Aivlisoft Inform\u00e1tica ofrecemos soluciones tecnol\u00f3gicas para empresas: venta de ordenadores, consumibles, perif\u00e9ricos y m\u00e1s. Calidad, atenci\u00f3n personalizada y los mejores precios para tu negocio.\",\"publisher\":{\"@id\":\"https:\/\/aivlisoft.net\/shop\/#organization\"},\"potentialAction\":[{\"@type\":\"SearchAction\",\"target\":{\"@type\":\"EntryPoint\",\"urlTemplate\":\"https:\/\/aivlisoft.net\/shop\/?s={search_term_string}\"},\"query-input\":{\"@type\":\"PropertyValueSpecification\",\"valueRequired\":true,\"valueName\":\"search_term_string\"}}],\"inLanguage\":\"es\"},{\"@type\":\"Organization\",\"@id\":\"https:\/\/aivlisoft.net\/shop\/#organization\",\"name\":\"Aivlisoft Inform\u00e1tica\",\"url\":\"https:\/\/aivlisoft.net\/shop\/\",\"logo\":{\"@type\":\"ImageObject\",\"inLanguage\":\"es\",\"@id\":\"https:\/\/aivlisoft.net\/shop\/#\/schema\/logo\/image\/\",\"url\":\"https:\/\/aivlisoft.net\/shop\/wp-content\/uploads\/2024\/12\/removal.ai_5b848c54-0cdf-4140-95c5-c5536bb7573b-logodef.png\",\"contentUrl\":\"https:\/\/aivlisoft.net\/shop\/wp-content\/uploads\/2024\/12\/removal.ai_5b848c54-0cdf-4140-95c5-c5536bb7573b-logodef.png\",\"width\":484,\"height\":182,\"caption\":\"Aivlisoft Inform\u00e1tica\"},\"image\":{\"@id\":\"https:\/\/aivlisoft.net\/shop\/#\/schema\/logo\/image\/\"}}]}<\/script>\n<!-- \/ Yoast SEO plugin. -->","yoast_head_json":{"title":"FRITZ! Powerline 1220E Powerline - Aivlisoft Inform\u00e1tica","robots":{"index":"index","follow":"follow","max-snippet":"max-snippet:-1","max-image-preview":"max-image-preview:large","max-video-preview":"max-video-preview:-1"},"canonical":"https:\/\/aivlisoft.net\/shop\/producto\/fritz-powerline-1220e-powerline\/","og_locale":"es_ES","og_type":"article","og_title":"FRITZ! Powerline 1220E Powerline - Aivlisoft Inform\u00e1tica","og_description":"Transporte m&aacute;s r&aacute;pido de datos a trav&eacute;s de la red el&eacute;ctrica &iquest;Para qu&eacute; necesita cableado si puede enviar los datos a trav&eacute;s de la red el&eacute;ctrica? El FRITZ!Powerline 1220E convierte cada una de las tomas de corriente de su hogar en una autopista de datos: con velocidades de hasta 1.200 Mbps, los paquetes de datos&hellip;&nbsp;FRITZ! Powerline 1220E Powerline","og_url":"https:\/\/aivlisoft.net\/shop\/producto\/fritz-powerline-1220e-powerline\/","og_site_name":"Aivlisoft Inform\u00e1tica","article_modified_time":"2025-01-14T11:38:29+00:00","og_image":[{"width":800,"height":800,"url":"https:\/\/aivlisoft.net\/shop\/wp-content\/uploads\/2025\/01\/NADPOW0129_800.jpg","type":"image\/jpeg"}],"twitter_card":"summary_large_image","twitter_misc":{"Tiempo de lectura":"2 minutos"},"schema":{"@context":"https:\/\/schema.org","@graph":[{"@type":"WebPage","@id":"https:\/\/aivlisoft.net\/shop\/producto\/fritz-powerline-1220e-powerline\/","url":"https:\/\/aivlisoft.net\/shop\/producto\/fritz-powerline-1220e-powerline\/","name":"FRITZ! Powerline 1220E Powerline - Aivlisoft Inform\u00e1tica","isPartOf":{"@id":"https:\/\/aivlisoft.net\/shop\/#website"},"primaryImageOfPage":{"@id":"https:\/\/aivlisoft.net\/shop\/producto\/fritz-powerline-1220e-powerline\/#primaryimage"},"image":{"@id":"https:\/\/aivlisoft.net\/shop\/producto\/fritz-powerline-1220e-powerline\/#primaryimage"},"thumbnailUrl":"https:\/\/aivlisoft.net\/shop\/wp-content\/uploads\/2025\/01\/NADPOW0129_800.jpg","datePublished":"2025-01-13T15:20:37+00:00","dateModified":"2025-01-14T11:38:29+00:00","breadcrumb":{"@id":"https:\/\/aivlisoft.net\/shop\/producto\/fritz-powerline-1220e-powerline\/#breadcrumb"},"inLanguage":"es","potentialAction":[{"@type":"ReadAction","target":["https:\/\/aivlisoft.net\/shop\/producto\/fritz-powerline-1220e-powerline\/"]}]},{"@type":"ImageObject","inLanguage":"es","@id":"https:\/\/aivlisoft.net\/shop\/producto\/fritz-powerline-1220e-powerline\/#primaryimage","url":"https:\/\/aivlisoft.net\/shop\/wp-content\/uploads\/2025\/01\/NADPOW0129_800.jpg","contentUrl":"https:\/\/aivlisoft.net\/shop\/wp-content\/uploads\/2025\/01\/NADPOW0129_800.jpg","width":800,"height":800},{"@type":"BreadcrumbList","@id":"https:\/\/aivlisoft.net\/shop\/producto\/fritz-powerline-1220e-powerline\/#breadcrumb","itemListElement":[{"@type":"ListItem","position":1,"name":"Portada","item":"https:\/\/aivlisoft.net\/shop\/"},{"@type":"ListItem","position":2,"name":"Tienda","item":"https:\/\/aivlisoft.net\/shop\/tienda\/"},{"@type":"ListItem","position":3,"name":"FRITZ! Powerline 1220E Powerline"}]},{"@type":"WebSite","@id":"https:\/\/aivlisoft.net\/shop\/#website","url":"https:\/\/aivlisoft.net\/shop\/","name":"Aivlisoft Inform\u00e1tica","description":"En Aivlisoft Inform\u00e1tica ofrecemos soluciones tecnol\u00f3gicas para empresas: venta de ordenadores, consumibles, perif\u00e9ricos y m\u00e1s. Calidad, atenci\u00f3n personalizada y los mejores precios para tu negocio.","publisher":{"@id":"https:\/\/aivlisoft.net\/shop\/#organization"},"potentialAction":[{"@type":"SearchAction","target":{"@type":"EntryPoint","urlTemplate":"https:\/\/aivlisoft.net\/shop\/?s={search_term_string}"},"query-input":{"@type":"PropertyValueSpecification","valueRequired":true,"valueName":"search_term_string"}}],"inLanguage":"es"},{"@type":"Organization","@id":"https:\/\/aivlisoft.net\/shop\/#organization","name":"Aivlisoft Inform\u00e1tica","url":"https:\/\/aivlisoft.net\/shop\/","logo":{"@type":"ImageObject","inLanguage":"es","@id":"https:\/\/aivlisoft.net\/shop\/#\/schema\/logo\/image\/","url":"https:\/\/aivlisoft.net\/shop\/wp-content\/uploads\/2024\/12\/removal.ai_5b848c54-0cdf-4140-95c5-c5536bb7573b-logodef.png","contentUrl":"https:\/\/aivlisoft.net\/shop\/wp-content\/uploads\/2024\/12\/removal.ai_5b848c54-0cdf-4140-95c5-c5536bb7573b-logodef.png","width":484,"height":182,"caption":"Aivlisoft Inform\u00e1tica"},"image":{"@id":"https:\/\/aivlisoft.net\/shop\/#\/schema\/logo\/image\/"}}]}},"_links":{"self":[{"href":"https:\/\/aivlisoft.net\/shop\/wp-json\/wp\/v2\/product\/18283","targetHints":{"allow":["GET"]}}],"collection":[{"href":"https:\/\/aivlisoft.net\/shop\/wp-json\/wp\/v2\/product"}],"about":[{"href":"https:\/\/aivlisoft.net\/shop\/wp-json\/wp\/v2\/types\/product"}],"wp:featuredmedia":[{"embeddable":true,"href":"https:\/\/aivlisoft.net\/shop\/wp-json\/wp\/v2\/media\/18284"}],"wp:attachment":[{"href":"https:\/\/aivlisoft.net\/shop\/wp-json\/wp\/v2\/media?parent=18283"}],"wp:term":[{"taxonomy":"product_brand","embeddable":true,"href":"https:\/\/aivlisoft.net\/shop\/wp-json\/wp\/v2\/product_brand?post=18283"},{"taxonomy":"product_cat","embeddable":true,"href":"https:\/\/aivlisoft.net\/shop\/wp-json\/wp\/v2\/product_cat?post=18283"},{"taxonomy":"product_tag","embeddable":true,"href":"https:\/\/aivlisoft.net\/shop\/wp-json\/wp\/v2\/product_tag?post=18283"}],"curies":[{"name":"wp","href":"https:\/\/api.w.org\/{rel}","templated":true}]}}