{"id":18264,"date":"2025-01-13T15:20:28","date_gmt":"2025-01-13T15:20:28","guid":{"rendered":"https:\/\/aivlisoft.com\/?post_type=product&#038;p=18264"},"modified":"2025-01-14T11:38:24","modified_gmt":"2025-01-14T11:38:24","slug":"tp-link-tl-wpa4220-kit-powerline-extensor-av600","status":"publish","type":"product","link":"https:\/\/aivlisoft.net\/shop\/producto\/tp-link-tl-wpa4220-kit-powerline-extensor-av600\/","title":{"rendered":"TP-LINK TL-WPA4220 KIT Powerline Extensor AV600"},"content":{"rendered":"<p><strong>Kit Extensor Powerline WiFi AV600 a 300 Mbps &#8211; TL-WPA4220KIT<\/strong><br \/>&#8211; S&uacute;per extensi&oacute;n de cobertura pulsando un bot&oacute;n &ndash; El bot&oacute;n de clonado Wi-Fi simplifica su configuraci&oacute;n Wi-Fi y le ayuda a construir una red dom&eacute;stica unificada y sin cortes<br \/>&#8211; El est&aacute;ndar HomePlug AV proporciona transmisi&oacute;n de datos a alta velocidad hasta 600Mbps1 sobre el cableado el&eacute;ctrico existente en el hogar, ideal para streaming de v&iacute;deo HD o 3D sin retardos y juegos en red<br \/>&#8211; Extiende las conexiones inal&aacute;mbricas a 300Mbps a zonas previamente inaccesibles de su hogar y oficina<\/p>\n<table class=\"tabla_caracteristicas k-table\" width=\"100%\">\n<tbody>\n<tr>\n<td><strong>Marca<\/strong><\/td>\n<td>TP-Link<\/td>\n<\/tr>\n<tr>\n<td><strong>Modelo<\/strong><\/td>\n<td><strong>TL-WPA4220 KIT<\/strong><\/td>\n<\/tr>\n<tr>\n<td><strong>Caracter&iacute;sticas de hardware<\/strong><\/td>\n<td>&#8211; Tipo de Enchufe: EU, UK, US, AR<br \/>&#8211; Est&aacute;ndares y Protocolos: HomePlug AV, IEEE802.3, IEEE802.3u, IEEE802.11b\/g\/n<br \/>&#8211; Interfaz: 2 puertos Ethernet 10\/100Mbps<br \/>&#8211; Botones: Emparejamiento, Reset, Wi-Fi\/Clonado Wi-Fi<br \/>&#8211; Consumo de Potencia:<br \/>&nbsp; M&aacute;ximo: 7.608W<br \/>&nbsp; Modo Standard: 7.216W<br \/>&nbsp; Modo en espera: 4.610W<br \/>&#8211; Indicador de LED: PWR, PLC, ETH, Wi-Fi\/Clonado Wi-Fi<br \/>&#8211; Dimensiones: (94&times;54&times;40mm) 3.7 x 2.1 x 1.6 in.<br \/>&#8211; Alcance: 300 metros a trav&eacute;s del circuito el&eacute;ctrico<\/td>\n<\/tr>\n<tr>\n<td><strong>Caracter&iacute;sticas inal&aacute;mbricas<\/strong><\/td>\n<td>&#8211; Frecuencia: 2.4-2.4835GHz<br \/>&#8211; Tasa de Se&ntilde;al:<br \/>&nbsp; 11n: Up to 300Mbps(dynamic)<br \/>&nbsp; 11g: Up to 54Mbps(dynamic)<br \/>&nbsp; 11b: Up to 11Mbps(dynamic)<br \/>&#8211; Sensibilidad de Recepci&oacute;n: <br \/>&nbsp; 270M: -68dBm@10% PER<br \/>&nbsp; 130M: -68dBm@10% PER<br \/>&nbsp; 108M: -68dBm@10% PER<br \/>&nbsp; 54M: -68dBm@10% PER<br \/>&nbsp; 11M: -85dBm@8% PER<br \/>&nbsp; 6M: -88dBm@10% PER<br \/>&nbsp; 1M: -90dBm@8% PER<br \/>&#8211; Seguridad Inal&aacute;mbrica: 64\/128-bit WEP \/ WPA \/ WPA2,WPA-PSK \/ WPA2-PSK<br \/>&#8211; Funciones Avanzadas: Enable\/DisableWireless Radio,WMM, Wireless Statistics<br \/>&#8211; Potencia de Transmisi&oacute;n: CE:&lt;20dBm(2.4GHz)<br \/>&nbsp; FCC:&lt;30dBm<\/td>\n<\/tr>\n<tr>\n<td><strong>Caracter&iacute;sticas de software<\/strong><\/td>\n<td>&#8211; Tecnolog&iacute;a de Modulaci&oacute;n: OFDM (PLC)<br \/>&#8211; Encriptaci&oacute;n: Seguridad Powerline:<br \/>&nbsp; AES 128-bits<br \/>&nbsp; Seguridad Wireless:<br \/>&nbsp; Encriptaci&oacute;n WEP, WPA\/WPA2, WPA-PSK\/WPA2-PSK<\/td>\n<\/tr>\n<tr>\n<td><strong>Otros<\/strong><\/td>\n<td>&#8211; Certificaciones: CE, FCC, RoHS<br \/>&#8211; Requisitos del sistema: Windows 2000\/XP\/2003\/Vista, Windows 7\/8, Mac, Linux<\/td>\n<\/tr>\n<tr>\n<td><strong>Contenido<\/strong><\/td>\n<td>&#8211; Adaptadores Powerline Ethernet TL-WPA4220 &amp; TL-PA4010<br \/>&#8211; Cable Ethernet (RJ45) de 2 m<br \/>&#8211; CD de utilidades<br \/>&#8211; Gu&iacute;a r&aacute;pida de instalaci&oacute;n<\/td>\n<\/tr>\n<tr>\n<td><strong>Fecha de revisi&oacute;n<\/strong><\/td>\n<td>21-01-2020 por MSB<\/td>\n<\/tr>\n<\/tbody>\n<\/table>\n","protected":false},"excerpt":{"rendered":"<p>Kit Extensor Powerline WiFi AV600 a 300 Mbps &#8211; TL-WPA4220KIT&#8211; S&uacute;per extensi&oacute;n de cobertura pulsando un bot&oacute;n &ndash; El bot&oacute;n de clonado Wi-Fi simplifica su configuraci&oacute;n Wi-Fi y le ayuda a construir una red dom&eacute;stica unificada y sin cortes&#8211; El est&aacute;ndar HomePlug AV proporciona transmisi&oacute;n de datos a alta velocidad hasta 600Mbps1 sobre el cableado&hellip;&nbsp;<a href=\"https:\/\/aivlisoft.net\/shop\/producto\/tp-link-tl-wpa4220-kit-powerline-extensor-av600\/\" rel=\"bookmark\"><span class=\"screen-reader-text\">TP-LINK TL-WPA4220 KIT Powerline Extensor AV600<\/span><\/a><\/p>\n","protected":false},"featured_media":18265,"template":"","meta":{"neve_meta_sidebar":"","neve_meta_container":"","neve_meta_enable_content_width":"","neve_meta_content_width":0,"neve_meta_title_alignment":"","neve_meta_author_avatar":"","neve_post_elements_order":"","neve_meta_disable_header":"","neve_meta_disable_footer":"","neve_meta_disable_title":""},"product_brand":[],"product_cat":[8764],"product_tag":[6680],"class_list":{"0":"post-18264","1":"product","2":"type-product","3":"status-publish","4":"has-post-thumbnail","6":"product_cat-powerline","7":"product_tag-tl-wpa4220-kit","9":"first","10":"instock","11":"taxable","12":"shipping-taxable","13":"purchasable","14":"product-type-simple"},"yoast_head":"<!-- This site is optimized with the Yoast SEO plugin v26.0 - https:\/\/yoast.com\/wordpress\/plugins\/seo\/ -->\n<title>TP-LINK TL-WPA4220 KIT Powerline Extensor AV600 - Aivlisoft Inform\u00e1tica<\/title>\n<meta name=\"robots\" content=\"index, follow, max-snippet:-1, max-image-preview:large, max-video-preview:-1\" \/>\n<link rel=\"canonical\" href=\"https:\/\/aivlisoft.net\/shop\/producto\/tp-link-tl-wpa4220-kit-powerline-extensor-av600\/\" \/>\n<meta property=\"og:locale\" content=\"es_ES\" \/>\n<meta property=\"og:type\" content=\"article\" \/>\n<meta property=\"og:title\" content=\"TP-LINK TL-WPA4220 KIT Powerline Extensor AV600 - Aivlisoft Inform\u00e1tica\" \/>\n<meta property=\"og:description\" content=\"Kit Extensor Powerline WiFi AV600 a 300 Mbps &#8211; TL-WPA4220KIT&#8211; S&uacute;per extensi&oacute;n de cobertura pulsando un bot&oacute;n &ndash; El bot&oacute;n de clonado Wi-Fi simplifica su configuraci&oacute;n Wi-Fi y le ayuda a construir una red dom&eacute;stica unificada y sin cortes&#8211; El est&aacute;ndar HomePlug AV proporciona transmisi&oacute;n de datos a alta velocidad hasta 600Mbps1 sobre el cableado&hellip;&nbsp;TP-LINK TL-WPA4220 KIT Powerline Extensor AV600\" \/>\n<meta property=\"og:url\" content=\"https:\/\/aivlisoft.net\/shop\/producto\/tp-link-tl-wpa4220-kit-powerline-extensor-av600\/\" \/>\n<meta property=\"og:site_name\" content=\"Aivlisoft Inform\u00e1tica\" \/>\n<meta property=\"article:modified_time\" content=\"2025-01-14T11:38:24+00:00\" \/>\n<meta property=\"og:image\" content=\"https:\/\/aivlisoft.net\/shop\/wp-content\/uploads\/2025\/01\/NADPOW0074_800.jpg\" \/>\n\t<meta property=\"og:image:width\" content=\"800\" \/>\n\t<meta property=\"og:image:height\" content=\"800\" \/>\n\t<meta property=\"og:image:type\" content=\"image\/jpeg\" \/>\n<meta name=\"twitter:card\" content=\"summary_large_image\" \/>\n<meta name=\"twitter:label1\" content=\"Tiempo de lectura\" \/>\n\t<meta name=\"twitter:data1\" content=\"2 minutos\" \/>\n<script type=\"application\/ld+json\" class=\"yoast-schema-graph\">{\"@context\":\"https:\/\/schema.org\",\"@graph\":[{\"@type\":\"WebPage\",\"@id\":\"https:\/\/aivlisoft.net\/shop\/producto\/tp-link-tl-wpa4220-kit-powerline-extensor-av600\/\",\"url\":\"https:\/\/aivlisoft.net\/shop\/producto\/tp-link-tl-wpa4220-kit-powerline-extensor-av600\/\",\"name\":\"TP-LINK TL-WPA4220 KIT Powerline Extensor AV600 - Aivlisoft Inform\u00e1tica\",\"isPartOf\":{\"@id\":\"https:\/\/aivlisoft.net\/shop\/#website\"},\"primaryImageOfPage\":{\"@id\":\"https:\/\/aivlisoft.net\/shop\/producto\/tp-link-tl-wpa4220-kit-powerline-extensor-av600\/#primaryimage\"},\"image\":{\"@id\":\"https:\/\/aivlisoft.net\/shop\/producto\/tp-link-tl-wpa4220-kit-powerline-extensor-av600\/#primaryimage\"},\"thumbnailUrl\":\"https:\/\/aivlisoft.net\/shop\/wp-content\/uploads\/2025\/01\/NADPOW0074_800.jpg\",\"datePublished\":\"2025-01-13T15:20:28+00:00\",\"dateModified\":\"2025-01-14T11:38:24+00:00\",\"breadcrumb\":{\"@id\":\"https:\/\/aivlisoft.net\/shop\/producto\/tp-link-tl-wpa4220-kit-powerline-extensor-av600\/#breadcrumb\"},\"inLanguage\":\"es\",\"potentialAction\":[{\"@type\":\"ReadAction\",\"target\":[\"https:\/\/aivlisoft.net\/shop\/producto\/tp-link-tl-wpa4220-kit-powerline-extensor-av600\/\"]}]},{\"@type\":\"ImageObject\",\"inLanguage\":\"es\",\"@id\":\"https:\/\/aivlisoft.net\/shop\/producto\/tp-link-tl-wpa4220-kit-powerline-extensor-av600\/#primaryimage\",\"url\":\"https:\/\/aivlisoft.net\/shop\/wp-content\/uploads\/2025\/01\/NADPOW0074_800.jpg\",\"contentUrl\":\"https:\/\/aivlisoft.net\/shop\/wp-content\/uploads\/2025\/01\/NADPOW0074_800.jpg\",\"width\":800,\"height\":800},{\"@type\":\"BreadcrumbList\",\"@id\":\"https:\/\/aivlisoft.net\/shop\/producto\/tp-link-tl-wpa4220-kit-powerline-extensor-av600\/#breadcrumb\",\"itemListElement\":[{\"@type\":\"ListItem\",\"position\":1,\"name\":\"Portada\",\"item\":\"https:\/\/aivlisoft.net\/shop\/\"},{\"@type\":\"ListItem\",\"position\":2,\"name\":\"Tienda\",\"item\":\"https:\/\/aivlisoft.net\/shop\/tienda\/\"},{\"@type\":\"ListItem\",\"position\":3,\"name\":\"TP-LINK TL-WPA4220 KIT Powerline Extensor AV600\"}]},{\"@type\":\"WebSite\",\"@id\":\"https:\/\/aivlisoft.net\/shop\/#website\",\"url\":\"https:\/\/aivlisoft.net\/shop\/\",\"name\":\"Aivlisoft Inform\u00e1tica\",\"description\":\"En Aivlisoft Inform\u00e1tica ofrecemos soluciones tecnol\u00f3gicas para empresas: venta de ordenadores, consumibles, perif\u00e9ricos y m\u00e1s. Calidad, atenci\u00f3n personalizada y los mejores precios para tu negocio.\",\"publisher\":{\"@id\":\"https:\/\/aivlisoft.net\/shop\/#organization\"},\"potentialAction\":[{\"@type\":\"SearchAction\",\"target\":{\"@type\":\"EntryPoint\",\"urlTemplate\":\"https:\/\/aivlisoft.net\/shop\/?s={search_term_string}\"},\"query-input\":{\"@type\":\"PropertyValueSpecification\",\"valueRequired\":true,\"valueName\":\"search_term_string\"}}],\"inLanguage\":\"es\"},{\"@type\":\"Organization\",\"@id\":\"https:\/\/aivlisoft.net\/shop\/#organization\",\"name\":\"Aivlisoft Inform\u00e1tica\",\"url\":\"https:\/\/aivlisoft.net\/shop\/\",\"logo\":{\"@type\":\"ImageObject\",\"inLanguage\":\"es\",\"@id\":\"https:\/\/aivlisoft.net\/shop\/#\/schema\/logo\/image\/\",\"url\":\"https:\/\/aivlisoft.net\/shop\/wp-content\/uploads\/2024\/12\/removal.ai_5b848c54-0cdf-4140-95c5-c5536bb7573b-logodef.png\",\"contentUrl\":\"https:\/\/aivlisoft.net\/shop\/wp-content\/uploads\/2024\/12\/removal.ai_5b848c54-0cdf-4140-95c5-c5536bb7573b-logodef.png\",\"width\":484,\"height\":182,\"caption\":\"Aivlisoft Inform\u00e1tica\"},\"image\":{\"@id\":\"https:\/\/aivlisoft.net\/shop\/#\/schema\/logo\/image\/\"}}]}<\/script>\n<!-- \/ Yoast SEO plugin. -->","yoast_head_json":{"title":"TP-LINK TL-WPA4220 KIT Powerline Extensor AV600 - Aivlisoft Inform\u00e1tica","robots":{"index":"index","follow":"follow","max-snippet":"max-snippet:-1","max-image-preview":"max-image-preview:large","max-video-preview":"max-video-preview:-1"},"canonical":"https:\/\/aivlisoft.net\/shop\/producto\/tp-link-tl-wpa4220-kit-powerline-extensor-av600\/","og_locale":"es_ES","og_type":"article","og_title":"TP-LINK TL-WPA4220 KIT Powerline Extensor AV600 - Aivlisoft Inform\u00e1tica","og_description":"Kit Extensor Powerline WiFi AV600 a 300 Mbps &#8211; TL-WPA4220KIT&#8211; S&uacute;per extensi&oacute;n de cobertura pulsando un bot&oacute;n &ndash; El bot&oacute;n de clonado Wi-Fi simplifica su configuraci&oacute;n Wi-Fi y le ayuda a construir una red dom&eacute;stica unificada y sin cortes&#8211; El est&aacute;ndar HomePlug AV proporciona transmisi&oacute;n de datos a alta velocidad hasta 600Mbps1 sobre el cableado&hellip;&nbsp;TP-LINK TL-WPA4220 KIT Powerline Extensor AV600","og_url":"https:\/\/aivlisoft.net\/shop\/producto\/tp-link-tl-wpa4220-kit-powerline-extensor-av600\/","og_site_name":"Aivlisoft Inform\u00e1tica","article_modified_time":"2025-01-14T11:38:24+00:00","og_image":[{"width":800,"height":800,"url":"https:\/\/aivlisoft.net\/shop\/wp-content\/uploads\/2025\/01\/NADPOW0074_800.jpg","type":"image\/jpeg"}],"twitter_card":"summary_large_image","twitter_misc":{"Tiempo de lectura":"2 minutos"},"schema":{"@context":"https:\/\/schema.org","@graph":[{"@type":"WebPage","@id":"https:\/\/aivlisoft.net\/shop\/producto\/tp-link-tl-wpa4220-kit-powerline-extensor-av600\/","url":"https:\/\/aivlisoft.net\/shop\/producto\/tp-link-tl-wpa4220-kit-powerline-extensor-av600\/","name":"TP-LINK TL-WPA4220 KIT Powerline Extensor AV600 - Aivlisoft Inform\u00e1tica","isPartOf":{"@id":"https:\/\/aivlisoft.net\/shop\/#website"},"primaryImageOfPage":{"@id":"https:\/\/aivlisoft.net\/shop\/producto\/tp-link-tl-wpa4220-kit-powerline-extensor-av600\/#primaryimage"},"image":{"@id":"https:\/\/aivlisoft.net\/shop\/producto\/tp-link-tl-wpa4220-kit-powerline-extensor-av600\/#primaryimage"},"thumbnailUrl":"https:\/\/aivlisoft.net\/shop\/wp-content\/uploads\/2025\/01\/NADPOW0074_800.jpg","datePublished":"2025-01-13T15:20:28+00:00","dateModified":"2025-01-14T11:38:24+00:00","breadcrumb":{"@id":"https:\/\/aivlisoft.net\/shop\/producto\/tp-link-tl-wpa4220-kit-powerline-extensor-av600\/#breadcrumb"},"inLanguage":"es","potentialAction":[{"@type":"ReadAction","target":["https:\/\/aivlisoft.net\/shop\/producto\/tp-link-tl-wpa4220-kit-powerline-extensor-av600\/"]}]},{"@type":"ImageObject","inLanguage":"es","@id":"https:\/\/aivlisoft.net\/shop\/producto\/tp-link-tl-wpa4220-kit-powerline-extensor-av600\/#primaryimage","url":"https:\/\/aivlisoft.net\/shop\/wp-content\/uploads\/2025\/01\/NADPOW0074_800.jpg","contentUrl":"https:\/\/aivlisoft.net\/shop\/wp-content\/uploads\/2025\/01\/NADPOW0074_800.jpg","width":800,"height":800},{"@type":"BreadcrumbList","@id":"https:\/\/aivlisoft.net\/shop\/producto\/tp-link-tl-wpa4220-kit-powerline-extensor-av600\/#breadcrumb","itemListElement":[{"@type":"ListItem","position":1,"name":"Portada","item":"https:\/\/aivlisoft.net\/shop\/"},{"@type":"ListItem","position":2,"name":"Tienda","item":"https:\/\/aivlisoft.net\/shop\/tienda\/"},{"@type":"ListItem","position":3,"name":"TP-LINK TL-WPA4220 KIT Powerline Extensor AV600"}]},{"@type":"WebSite","@id":"https:\/\/aivlisoft.net\/shop\/#website","url":"https:\/\/aivlisoft.net\/shop\/","name":"Aivlisoft Inform\u00e1tica","description":"En Aivlisoft Inform\u00e1tica ofrecemos soluciones tecnol\u00f3gicas para empresas: venta de ordenadores, consumibles, perif\u00e9ricos y m\u00e1s. Calidad, atenci\u00f3n personalizada y los mejores precios para tu negocio.","publisher":{"@id":"https:\/\/aivlisoft.net\/shop\/#organization"},"potentialAction":[{"@type":"SearchAction","target":{"@type":"EntryPoint","urlTemplate":"https:\/\/aivlisoft.net\/shop\/?s={search_term_string}"},"query-input":{"@type":"PropertyValueSpecification","valueRequired":true,"valueName":"search_term_string"}}],"inLanguage":"es"},{"@type":"Organization","@id":"https:\/\/aivlisoft.net\/shop\/#organization","name":"Aivlisoft Inform\u00e1tica","url":"https:\/\/aivlisoft.net\/shop\/","logo":{"@type":"ImageObject","inLanguage":"es","@id":"https:\/\/aivlisoft.net\/shop\/#\/schema\/logo\/image\/","url":"https:\/\/aivlisoft.net\/shop\/wp-content\/uploads\/2024\/12\/removal.ai_5b848c54-0cdf-4140-95c5-c5536bb7573b-logodef.png","contentUrl":"https:\/\/aivlisoft.net\/shop\/wp-content\/uploads\/2024\/12\/removal.ai_5b848c54-0cdf-4140-95c5-c5536bb7573b-logodef.png","width":484,"height":182,"caption":"Aivlisoft Inform\u00e1tica"},"image":{"@id":"https:\/\/aivlisoft.net\/shop\/#\/schema\/logo\/image\/"}}]}},"_links":{"self":[{"href":"https:\/\/aivlisoft.net\/shop\/wp-json\/wp\/v2\/product\/18264","targetHints":{"allow":["GET"]}}],"collection":[{"href":"https:\/\/aivlisoft.net\/shop\/wp-json\/wp\/v2\/product"}],"about":[{"href":"https:\/\/aivlisoft.net\/shop\/wp-json\/wp\/v2\/types\/product"}],"wp:featuredmedia":[{"embeddable":true,"href":"https:\/\/aivlisoft.net\/shop\/wp-json\/wp\/v2\/media\/18265"}],"wp:attachment":[{"href":"https:\/\/aivlisoft.net\/shop\/wp-json\/wp\/v2\/media?parent=18264"}],"wp:term":[{"taxonomy":"product_brand","embeddable":true,"href":"https:\/\/aivlisoft.net\/shop\/wp-json\/wp\/v2\/product_brand?post=18264"},{"taxonomy":"product_cat","embeddable":true,"href":"https:\/\/aivlisoft.net\/shop\/wp-json\/wp\/v2\/product_cat?post=18264"},{"taxonomy":"product_tag","embeddable":true,"href":"https:\/\/aivlisoft.net\/shop\/wp-json\/wp\/v2\/product_tag?post=18264"}],"curies":[{"name":"wp","href":"https:\/\/api.w.org\/{rel}","templated":true}]}}