{"id":18262,"date":"2025-01-13T15:20:27","date_gmt":"2025-01-13T15:20:27","guid":{"rendered":"https:\/\/aivlisoft.com\/?post_type=product&#038;p=18262"},"modified":"2025-01-14T11:38:23","modified_gmt":"2025-01-14T11:38:23","slug":"tp-link-tl-pa4010p-kit-powerline-av600","status":"publish","type":"product","link":"https:\/\/aivlisoft.net\/shop\/producto\/tp-link-tl-pa4010p-kit-powerline-av600\/","title":{"rendered":"TP-LINK TL-PA4010P KIT Powerline AV600"},"content":{"rendered":"<div>Kit de inicio con adaptadores <strong>Powerline AV600<\/strong> con enchufe incorporado<\/div>\n<div>&#8211; Tasas de transmisi&oacute;n de datos hasta 600Mbps sobre cableado el&eacute;ctrico, ideal para streaming de v&iacute;deo en HD<br \/>&#8211; Enchufe incorporado para asegurar que no se desperdicia ninguna toma el&eacute;ctrica<br \/>&#8211; Dise&ntilde;o Plug and play y encriptaci&oacute;n sencilla con solo pulsar el bot&oacute;n de emparejamiento<br \/>&#8211; Modo de ahorro de energ&iacute;a que reduce autom&aacute;ticamente el consumo hasta en un 85%<\/div>\n<p><\/p>\n<table class=\"tabla_caracteristicas k-table\" width=\"100%\">\n<tbody>\n<tr>\n<td><strong>Marca<\/strong><\/td>\n<td>TP-LINK<\/td>\n<\/tr>\n<tr>\n<td><strong>Modelo<\/strong><\/td>\n<td><strong>TL-PA4010PKIT<\/strong><\/td>\n<\/tr>\n<tr>\n<td><strong>Especificaciones<\/strong><\/td>\n<td>\n<div>&#8211; Transferencia m&aacute;xima: 600Mbps<\/div>\n<div>&#8211; Tipo de Enchufe: EU, UK, FR<br \/>&#8211; Est&aacute;ndares y Protocolos: HomePlug AV,<\/div>\n<div>&nbsp; IEEE802.3, IEEE802.3u<br \/>&#8211; Interfaces: 1 x Puerto Ethernet 10\/100Mbps,<\/div>\n<div>&nbsp; Enchufe incorporado<br \/>&#8211; Bot&oacute;n: Bot&oacute;n de Emparejamiento<br \/>&#8211; Dimensiones: 95 x 58 x 42 mm<br \/>&#8211; Consumo de Potencia: M&aacute;ximo: 5.00W<br \/>&#8211; Modo Standard: 4.60W<br \/>&#8211; Modo en espera: 0.72W<br \/>&#8211; LED: Power, Powerline, Ethernet<br \/>&#8211; Dimensiones: (95 x 58 x 42 mm)<br \/>&#8211; Alcance: 300 metros dentro de la casa<\/div>\n<\/td>\n<\/tr>\n<tr>\n<td><strong>Otras caracter&iacute;sticas<\/strong><\/td>\n<td>\n<div>&#8211; Certificaciones: CE, FCC, RoHS<br \/>&#8211; Requisitos del sistema: Windows<\/div>\n<div>&nbsp; 8\/7\/Vista\/XP\/2000, Mac OS, Linux*<br \/>&#8211; Ambiente: Temperatura de funcionamiento:<\/div>\n<div>&nbsp; 0?~40? (32?~104?)<br \/>&#8211; Temperatura de almacenamiento:<\/div>\n<div>&nbsp; -40?~70? (-40?~158?)<br \/>&#8211; Humedad de funcionamiento:<\/div>\n<div>&nbsp; 10%~90% sin condensaci&oacute;n<br \/>&#8211; Humedad de almacenamiento:<\/div>\n<div>&nbsp; 5%~90% sin condensaci&oacute;n<\/div>\n<\/td>\n<\/tr>\n<tr>\n<td><strong>Accesorios entregados<\/strong><\/td>\n<td>\n<div>&#8211; 2 Adaptadores Powerline A6500<\/div>\n<div>&nbsp; con enchufe incorporado<br \/>&#8211; Cable Ethernet RJ-45 de 2 metros<br \/>&#8211; Gu&iacute;a R&aacute;pida de Instalaci&oacute;n<br \/>&#8211; CD de Utilidades<\/div>\n<\/td>\n<\/tr>\n<tr>\n<td><strong>Fecha de revisi&oacute;n<\/strong><\/td>\n<td>18-12-2018 por MSB<\/td>\n<\/tr>\n<\/tbody>\n<\/table>\n","protected":false},"excerpt":{"rendered":"<p>Kit de inicio con adaptadores Powerline AV600 con enchufe incorporado &#8211; Tasas de transmisi&oacute;n de datos hasta 600Mbps sobre cableado el&eacute;ctrico, ideal para streaming de v&iacute;deo en HD&#8211; Enchufe incorporado para asegurar que no se desperdicia ninguna toma el&eacute;ctrica&#8211; Dise&ntilde;o Plug and play y encriptaci&oacute;n sencilla con solo pulsar el bot&oacute;n de emparejamiento&#8211; Modo de&hellip;&nbsp;<a href=\"https:\/\/aivlisoft.net\/shop\/producto\/tp-link-tl-pa4010p-kit-powerline-av600\/\" rel=\"bookmark\"><span class=\"screen-reader-text\">TP-LINK TL-PA4010P KIT Powerline AV600<\/span><\/a><\/p>\n","protected":false},"featured_media":18263,"template":"","meta":{"neve_meta_sidebar":"","neve_meta_container":"","neve_meta_enable_content_width":"","neve_meta_content_width":0,"neve_meta_title_alignment":"","neve_meta_author_avatar":"","neve_post_elements_order":"","neve_meta_disable_header":"","neve_meta_disable_footer":"","neve_meta_disable_title":""},"product_brand":[],"product_cat":[8764],"product_tag":[6679],"class_list":{"0":"post-18262","1":"product","2":"type-product","3":"status-publish","4":"has-post-thumbnail","6":"product_cat-powerline","7":"product_tag-tl-pa4010p-kit","9":"first","10":"instock","11":"taxable","12":"shipping-taxable","13":"purchasable","14":"product-type-simple"},"yoast_head":"<!-- This site is optimized with the Yoast SEO plugin v26.0 - https:\/\/yoast.com\/wordpress\/plugins\/seo\/ -->\n<title>TP-LINK TL-PA4010P KIT Powerline AV600 - Aivlisoft Inform\u00e1tica<\/title>\n<meta name=\"robots\" content=\"index, follow, max-snippet:-1, max-image-preview:large, max-video-preview:-1\" \/>\n<link rel=\"canonical\" href=\"https:\/\/aivlisoft.net\/shop\/producto\/tp-link-tl-pa4010p-kit-powerline-av600\/\" \/>\n<meta property=\"og:locale\" content=\"es_ES\" \/>\n<meta property=\"og:type\" content=\"article\" \/>\n<meta property=\"og:title\" content=\"TP-LINK TL-PA4010P KIT Powerline AV600 - Aivlisoft Inform\u00e1tica\" \/>\n<meta property=\"og:description\" content=\"Kit de inicio con adaptadores Powerline AV600 con enchufe incorporado &#8211; Tasas de transmisi&oacute;n de datos hasta 600Mbps sobre cableado el&eacute;ctrico, ideal para streaming de v&iacute;deo en HD&#8211; Enchufe incorporado para asegurar que no se desperdicia ninguna toma el&eacute;ctrica&#8211; Dise&ntilde;o Plug and play y encriptaci&oacute;n sencilla con solo pulsar el bot&oacute;n de emparejamiento&#8211; Modo de&hellip;&nbsp;TP-LINK TL-PA4010P KIT Powerline AV600\" \/>\n<meta property=\"og:url\" content=\"https:\/\/aivlisoft.net\/shop\/producto\/tp-link-tl-pa4010p-kit-powerline-av600\/\" \/>\n<meta property=\"og:site_name\" content=\"Aivlisoft Inform\u00e1tica\" \/>\n<meta property=\"article:modified_time\" content=\"2025-01-14T11:38:23+00:00\" \/>\n<meta property=\"og:image\" content=\"https:\/\/aivlisoft.net\/shop\/wp-content\/uploads\/2025\/01\/NADPOW0058_800.jpg\" \/>\n\t<meta property=\"og:image:width\" content=\"800\" \/>\n\t<meta property=\"og:image:height\" content=\"800\" \/>\n\t<meta property=\"og:image:type\" content=\"image\/jpeg\" \/>\n<meta name=\"twitter:card\" content=\"summary_large_image\" \/>\n<meta name=\"twitter:label1\" content=\"Tiempo de lectura\" \/>\n\t<meta name=\"twitter:data1\" content=\"1 minuto\" \/>\n<script type=\"application\/ld+json\" class=\"yoast-schema-graph\">{\"@context\":\"https:\/\/schema.org\",\"@graph\":[{\"@type\":\"WebPage\",\"@id\":\"https:\/\/aivlisoft.net\/shop\/producto\/tp-link-tl-pa4010p-kit-powerline-av600\/\",\"url\":\"https:\/\/aivlisoft.net\/shop\/producto\/tp-link-tl-pa4010p-kit-powerline-av600\/\",\"name\":\"TP-LINK TL-PA4010P KIT Powerline AV600 - Aivlisoft Inform\u00e1tica\",\"isPartOf\":{\"@id\":\"https:\/\/aivlisoft.net\/shop\/#website\"},\"primaryImageOfPage\":{\"@id\":\"https:\/\/aivlisoft.net\/shop\/producto\/tp-link-tl-pa4010p-kit-powerline-av600\/#primaryimage\"},\"image\":{\"@id\":\"https:\/\/aivlisoft.net\/shop\/producto\/tp-link-tl-pa4010p-kit-powerline-av600\/#primaryimage\"},\"thumbnailUrl\":\"https:\/\/aivlisoft.net\/shop\/wp-content\/uploads\/2025\/01\/NADPOW0058_800.jpg\",\"datePublished\":\"2025-01-13T15:20:27+00:00\",\"dateModified\":\"2025-01-14T11:38:23+00:00\",\"breadcrumb\":{\"@id\":\"https:\/\/aivlisoft.net\/shop\/producto\/tp-link-tl-pa4010p-kit-powerline-av600\/#breadcrumb\"},\"inLanguage\":\"es\",\"potentialAction\":[{\"@type\":\"ReadAction\",\"target\":[\"https:\/\/aivlisoft.net\/shop\/producto\/tp-link-tl-pa4010p-kit-powerline-av600\/\"]}]},{\"@type\":\"ImageObject\",\"inLanguage\":\"es\",\"@id\":\"https:\/\/aivlisoft.net\/shop\/producto\/tp-link-tl-pa4010p-kit-powerline-av600\/#primaryimage\",\"url\":\"https:\/\/aivlisoft.net\/shop\/wp-content\/uploads\/2025\/01\/NADPOW0058_800.jpg\",\"contentUrl\":\"https:\/\/aivlisoft.net\/shop\/wp-content\/uploads\/2025\/01\/NADPOW0058_800.jpg\",\"width\":800,\"height\":800},{\"@type\":\"BreadcrumbList\",\"@id\":\"https:\/\/aivlisoft.net\/shop\/producto\/tp-link-tl-pa4010p-kit-powerline-av600\/#breadcrumb\",\"itemListElement\":[{\"@type\":\"ListItem\",\"position\":1,\"name\":\"Portada\",\"item\":\"https:\/\/aivlisoft.net\/shop\/\"},{\"@type\":\"ListItem\",\"position\":2,\"name\":\"Tienda\",\"item\":\"https:\/\/aivlisoft.net\/shop\/tienda\/\"},{\"@type\":\"ListItem\",\"position\":3,\"name\":\"TP-LINK TL-PA4010P KIT Powerline AV600\"}]},{\"@type\":\"WebSite\",\"@id\":\"https:\/\/aivlisoft.net\/shop\/#website\",\"url\":\"https:\/\/aivlisoft.net\/shop\/\",\"name\":\"Aivlisoft Inform\u00e1tica\",\"description\":\"En Aivlisoft Inform\u00e1tica ofrecemos soluciones tecnol\u00f3gicas para empresas: venta de ordenadores, consumibles, perif\u00e9ricos y m\u00e1s. Calidad, atenci\u00f3n personalizada y los mejores precios para tu negocio.\",\"publisher\":{\"@id\":\"https:\/\/aivlisoft.net\/shop\/#organization\"},\"potentialAction\":[{\"@type\":\"SearchAction\",\"target\":{\"@type\":\"EntryPoint\",\"urlTemplate\":\"https:\/\/aivlisoft.net\/shop\/?s={search_term_string}\"},\"query-input\":{\"@type\":\"PropertyValueSpecification\",\"valueRequired\":true,\"valueName\":\"search_term_string\"}}],\"inLanguage\":\"es\"},{\"@type\":\"Organization\",\"@id\":\"https:\/\/aivlisoft.net\/shop\/#organization\",\"name\":\"Aivlisoft Inform\u00e1tica\",\"url\":\"https:\/\/aivlisoft.net\/shop\/\",\"logo\":{\"@type\":\"ImageObject\",\"inLanguage\":\"es\",\"@id\":\"https:\/\/aivlisoft.net\/shop\/#\/schema\/logo\/image\/\",\"url\":\"https:\/\/aivlisoft.net\/shop\/wp-content\/uploads\/2024\/12\/removal.ai_5b848c54-0cdf-4140-95c5-c5536bb7573b-logodef.png\",\"contentUrl\":\"https:\/\/aivlisoft.net\/shop\/wp-content\/uploads\/2024\/12\/removal.ai_5b848c54-0cdf-4140-95c5-c5536bb7573b-logodef.png\",\"width\":484,\"height\":182,\"caption\":\"Aivlisoft Inform\u00e1tica\"},\"image\":{\"@id\":\"https:\/\/aivlisoft.net\/shop\/#\/schema\/logo\/image\/\"}}]}<\/script>\n<!-- \/ Yoast SEO plugin. -->","yoast_head_json":{"title":"TP-LINK TL-PA4010P KIT Powerline AV600 - Aivlisoft Inform\u00e1tica","robots":{"index":"index","follow":"follow","max-snippet":"max-snippet:-1","max-image-preview":"max-image-preview:large","max-video-preview":"max-video-preview:-1"},"canonical":"https:\/\/aivlisoft.net\/shop\/producto\/tp-link-tl-pa4010p-kit-powerline-av600\/","og_locale":"es_ES","og_type":"article","og_title":"TP-LINK TL-PA4010P KIT Powerline AV600 - Aivlisoft Inform\u00e1tica","og_description":"Kit de inicio con adaptadores Powerline AV600 con enchufe incorporado &#8211; Tasas de transmisi&oacute;n de datos hasta 600Mbps sobre cableado el&eacute;ctrico, ideal para streaming de v&iacute;deo en HD&#8211; Enchufe incorporado para asegurar que no se desperdicia ninguna toma el&eacute;ctrica&#8211; Dise&ntilde;o Plug and play y encriptaci&oacute;n sencilla con solo pulsar el bot&oacute;n de emparejamiento&#8211; Modo de&hellip;&nbsp;TP-LINK TL-PA4010P KIT Powerline AV600","og_url":"https:\/\/aivlisoft.net\/shop\/producto\/tp-link-tl-pa4010p-kit-powerline-av600\/","og_site_name":"Aivlisoft Inform\u00e1tica","article_modified_time":"2025-01-14T11:38:23+00:00","og_image":[{"width":800,"height":800,"url":"https:\/\/aivlisoft.net\/shop\/wp-content\/uploads\/2025\/01\/NADPOW0058_800.jpg","type":"image\/jpeg"}],"twitter_card":"summary_large_image","twitter_misc":{"Tiempo de lectura":"1 minuto"},"schema":{"@context":"https:\/\/schema.org","@graph":[{"@type":"WebPage","@id":"https:\/\/aivlisoft.net\/shop\/producto\/tp-link-tl-pa4010p-kit-powerline-av600\/","url":"https:\/\/aivlisoft.net\/shop\/producto\/tp-link-tl-pa4010p-kit-powerline-av600\/","name":"TP-LINK TL-PA4010P KIT Powerline AV600 - Aivlisoft Inform\u00e1tica","isPartOf":{"@id":"https:\/\/aivlisoft.net\/shop\/#website"},"primaryImageOfPage":{"@id":"https:\/\/aivlisoft.net\/shop\/producto\/tp-link-tl-pa4010p-kit-powerline-av600\/#primaryimage"},"image":{"@id":"https:\/\/aivlisoft.net\/shop\/producto\/tp-link-tl-pa4010p-kit-powerline-av600\/#primaryimage"},"thumbnailUrl":"https:\/\/aivlisoft.net\/shop\/wp-content\/uploads\/2025\/01\/NADPOW0058_800.jpg","datePublished":"2025-01-13T15:20:27+00:00","dateModified":"2025-01-14T11:38:23+00:00","breadcrumb":{"@id":"https:\/\/aivlisoft.net\/shop\/producto\/tp-link-tl-pa4010p-kit-powerline-av600\/#breadcrumb"},"inLanguage":"es","potentialAction":[{"@type":"ReadAction","target":["https:\/\/aivlisoft.net\/shop\/producto\/tp-link-tl-pa4010p-kit-powerline-av600\/"]}]},{"@type":"ImageObject","inLanguage":"es","@id":"https:\/\/aivlisoft.net\/shop\/producto\/tp-link-tl-pa4010p-kit-powerline-av600\/#primaryimage","url":"https:\/\/aivlisoft.net\/shop\/wp-content\/uploads\/2025\/01\/NADPOW0058_800.jpg","contentUrl":"https:\/\/aivlisoft.net\/shop\/wp-content\/uploads\/2025\/01\/NADPOW0058_800.jpg","width":800,"height":800},{"@type":"BreadcrumbList","@id":"https:\/\/aivlisoft.net\/shop\/producto\/tp-link-tl-pa4010p-kit-powerline-av600\/#breadcrumb","itemListElement":[{"@type":"ListItem","position":1,"name":"Portada","item":"https:\/\/aivlisoft.net\/shop\/"},{"@type":"ListItem","position":2,"name":"Tienda","item":"https:\/\/aivlisoft.net\/shop\/tienda\/"},{"@type":"ListItem","position":3,"name":"TP-LINK TL-PA4010P KIT Powerline AV600"}]},{"@type":"WebSite","@id":"https:\/\/aivlisoft.net\/shop\/#website","url":"https:\/\/aivlisoft.net\/shop\/","name":"Aivlisoft Inform\u00e1tica","description":"En Aivlisoft Inform\u00e1tica ofrecemos soluciones tecnol\u00f3gicas para empresas: venta de ordenadores, consumibles, perif\u00e9ricos y m\u00e1s. Calidad, atenci\u00f3n personalizada y los mejores precios para tu negocio.","publisher":{"@id":"https:\/\/aivlisoft.net\/shop\/#organization"},"potentialAction":[{"@type":"SearchAction","target":{"@type":"EntryPoint","urlTemplate":"https:\/\/aivlisoft.net\/shop\/?s={search_term_string}"},"query-input":{"@type":"PropertyValueSpecification","valueRequired":true,"valueName":"search_term_string"}}],"inLanguage":"es"},{"@type":"Organization","@id":"https:\/\/aivlisoft.net\/shop\/#organization","name":"Aivlisoft Inform\u00e1tica","url":"https:\/\/aivlisoft.net\/shop\/","logo":{"@type":"ImageObject","inLanguage":"es","@id":"https:\/\/aivlisoft.net\/shop\/#\/schema\/logo\/image\/","url":"https:\/\/aivlisoft.net\/shop\/wp-content\/uploads\/2024\/12\/removal.ai_5b848c54-0cdf-4140-95c5-c5536bb7573b-logodef.png","contentUrl":"https:\/\/aivlisoft.net\/shop\/wp-content\/uploads\/2024\/12\/removal.ai_5b848c54-0cdf-4140-95c5-c5536bb7573b-logodef.png","width":484,"height":182,"caption":"Aivlisoft Inform\u00e1tica"},"image":{"@id":"https:\/\/aivlisoft.net\/shop\/#\/schema\/logo\/image\/"}}]}},"_links":{"self":[{"href":"https:\/\/aivlisoft.net\/shop\/wp-json\/wp\/v2\/product\/18262","targetHints":{"allow":["GET"]}}],"collection":[{"href":"https:\/\/aivlisoft.net\/shop\/wp-json\/wp\/v2\/product"}],"about":[{"href":"https:\/\/aivlisoft.net\/shop\/wp-json\/wp\/v2\/types\/product"}],"wp:featuredmedia":[{"embeddable":true,"href":"https:\/\/aivlisoft.net\/shop\/wp-json\/wp\/v2\/media\/18263"}],"wp:attachment":[{"href":"https:\/\/aivlisoft.net\/shop\/wp-json\/wp\/v2\/media?parent=18262"}],"wp:term":[{"taxonomy":"product_brand","embeddable":true,"href":"https:\/\/aivlisoft.net\/shop\/wp-json\/wp\/v2\/product_brand?post=18262"},{"taxonomy":"product_cat","embeddable":true,"href":"https:\/\/aivlisoft.net\/shop\/wp-json\/wp\/v2\/product_cat?post=18262"},{"taxonomy":"product_tag","embeddable":true,"href":"https:\/\/aivlisoft.net\/shop\/wp-json\/wp\/v2\/product_tag?post=18262"}],"curies":[{"name":"wp","href":"https:\/\/api.w.org\/{rel}","templated":true}]}}