{"id":18259,"date":"2025-01-13T15:20:26","date_gmt":"2025-01-13T15:20:26","guid":{"rendered":"https:\/\/aivlisoft.com\/?post_type=product&#038;p=18259"},"modified":"2025-01-14T11:38:22","modified_gmt":"2025-01-14T11:38:22","slug":"tp-link-tl-pa4010-kit-powerline-av600-mini","status":"publish","type":"product","link":"https:\/\/aivlisoft.net\/shop\/producto\/tp-link-tl-pa4010-kit-powerline-av600-mini\/","title":{"rendered":"TP-LINK TL-PA4010 KIT Powerline AV600 Mini"},"content":{"rendered":"<div>\tEl Powerline nano adaptador TP-LINK AV500 del&nbsp; Kit TL-PA4010KIT convierte su l&iacute;nea el&eacute;ctrica existente en una red de alta velocidad sin necesidad de cables nuevos.<\/div>\n<div>\tNo se requiere configuraci&oacute;n, s&oacute;lo tiene que enchufar los adaptadores de enchufes en su enchufe y&nbsp; establecer la infraestructura de red en un instante.<\/div>\n<div>\tCon una velocidad de hasta <strong>500 Mbps<\/strong> , TL-PA4010KIT transmite m&uacute;ltiples flujos HD y pel&iacute;culas en 3D incluso a todas las habitaciones, por lo que es una gran opci&oacute;n para un f&aacute;cil desarrollo de red de entretenimiento multimedia.<\/p>\n<p>\tDise&ntilde;o miniatura, <strong>Ultra-compacto<\/strong><br \/>\tCon su nuevo dise&ntilde;o de carcasa ultra compacta, el TL-PA4010KIT es mucho m&aacute;s peque&ntilde;o que los productos existentes TP-Link 500Mbps Powerline Mini. Con s&oacute;lo <strong>28,5 mm de espesor<\/strong>, que combina casi por completo frente a cualquier toma de corriente.<\/p>\n<p>\t<strong>Hasta 500 Mbps, a 300 metros<\/strong><br \/>\tCon la avanzada tecnolog&iacute;a HomePlug AV, TL-PA4010KIT proporcionar a los usuarios estables, con altas velocidades de transferencia de datos de hasta 500 Mbps a una longitud de l&iacute;nea de hasta 300 metros. Junto con su base de encriptaci&oacute;n AES, el TL-PA4010KIT es una gran opci&oacute;n para una soluci&oacute;n para toda la casa para conectar todos los dispositivos compatibles con la red &#8211; desde ordenadores y consolas de juegos a los decodificadores de IPTV a las impresoras y discos duros NAS.<\/p>\n<p>\t<strong>M&uacute;ltiples Streams HD<\/strong><br \/>\tHasta 500 Mbps de velocidad de l&iacute;nea el&eacute;ctrica asegura la transmisi&oacute;n m&uacute;ltiple streaming HD.<\/p>\n<p>\t<strong>Reducir el consumo de energ&iacute;a hasta un 85%<\/strong><br \/>\tEl TL-PA4010KIT, unos adaptadores Powerline de nueva generaci&oacute;n, con su dise&ntilde;o pr&aacute;ctico y sofisticado modo de ahorro de energ&iacute;a consume menos energ&iacute;a en comparaci&oacute;n con los actuales adaptadores Powerline. Cuando no hay transmisi&oacute;n o recepci&oacute;n de datos se produce en un determinado per&iacute;odo de tiempo, se cambiar&aacute; autom&aacute;ticamente de su regular modo &quot;de trabajo&quot; en modo &quot;ahorro de energ&iacute;a&quot; Modo que reducir&aacute; su consumo de energ&iacute;a hasta en un 85% *.<br \/>\t* Los datos reales pueden variar debido a las condiciones de la red y los factores ambientales.<\/p>\n<p>\t<strong>Par de botones para la Seguridad de red sencilla<\/strong><br \/>\tCon s&oacute;lo pulsar el bot&oacute;n de Pair en los adaptadores, los usuarios pueden crear una red Powerline sin problemas en cuesti&oacute;n de minutos, con 128-bit AES de cifrado de seguridad de red y protecci&oacute;n de datos.<br \/>\tEs as&iacute; de simple!<br \/>\t1. Conecte el adaptador a la toma de corriente<br \/>\t2. Conectar el dispositivo a trav&eacute;s del cable de red al adaptador<br \/>\t3. Pulse los botones y par ya est&aacute;!<br \/>\t<strong>Soporte QoS<\/strong> avanzada para m&uacute;ltiples medios de comunicaci&oacute;n<\/div>\n<div>\tCalidad de servicio (QoS) prioriza los requisitos de ancho de banda de tr&aacute;fico de datos. Los usuarios pueden elegir el tipo de tr&aacute;fico que van a utilizar &#8211; Internet, juegos en l&iacute;nea y de audio o v&iacute;deo, voz sobre IP, y las funciones de QoS garantiza transmisi&oacute;n clara y de esa solicitud, incluso cuando otras aplicaciones se est&aacute;n ejecutando en la red en al mismo tiempo.<\/div>\n<p><\/p>\n<table class=\"tabla_caracteristicas k-table\" width=\"100%\">\n<tbody>\n<tr>\n<td valign=\"top\" width=\"35%\"><strong><small><span style=\"font-face:Tahoma,Arial, Helvetica, sans-serif;\">Marca<\/span><\/small><\/strong><\/td>\n<td valign=\"top\" width=\"65%\"><small><span style=\"font-face:Tahoma,Arial, Helvetica, sans-serif;\">TP-LINK<\/span><\/small><\/td>\n<\/tr>\n<tr>\n<td valign=\"top\" width=\"35%\"><strong><small><span style=\"font-face:Tahoma,Arial, Helvetica, sans-serif;\">Modelo<\/span><\/small><\/strong><\/td>\n<td valign=\"top\" width=\"65%\"><small><span style=\"font-face:Tahoma,Arial, Helvetica, sans-serif;\">TL-PA4010KIT <\/span><\/small><\/td>\n<\/tr>\n<tr>\n<td valign=\"top\" width=\"35%\"><strong><small><span style=\"font-face:Tahoma,Arial, Helvetica, sans-serif;\">Especificaciones<\/span><\/small><\/strong><\/td>\n<td valign=\"top\" width=\"65%\">\n<div><small><span style=\"font-face:Tahoma,Arial, Helvetica, sans-serif;\">&#8211; Velocidad: <strong>500 Mbps <br \/><\/strong>&#8211; Normas y Protocolos <strong>HomePlug AV<\/strong>, IEEE802.3, IEEE802.3u,IEEE802.3ab<br \/>&#8211; Puertos a 10\/100Mbps Ethernet Interface<br \/>&#8211; Cobertura: <strong>300M<\/strong> de rango en la casa<br \/>&#8211; Tipo de enchufe: UE<br \/>&#8211; Indicador LED PWR PLC, ETH <\/span><\/small><\/div>\n<\/td>\n<\/tr>\n<tr>\n<td valign=\"top\" width=\"35%\"><strong><small><span style=\"font-face:Tahoma,Arial, Helvetica, sans-serif;\">Otras caracter&iacute;sticas<\/span><\/small><\/strong><\/td>\n<td valign=\"top\" width=\"65%\">\n<div><small><span style=\"font-face:Tahoma,Arial, Helvetica, sans-serif;\">&#8211; Normativa CE, RoHS <br \/>&#8211; Encriptaci&oacute;n de <strong>128-bit AES de cifrado<br \/><\/strong><\/span><\/small><small><span style=\"font-face:Tahoma,Arial, Helvetica, sans-serif;\">&#8211; Bot&oacute;n &#8216;Pair&#8217;<\/span><\/small><\/div>\n<div><small><span style=\"font-face:Tahoma,Arial, Helvetica, sans-serif;\">&#8211; Tecnolog&iacute;a de modulaci&oacute;n: OFMD<\/span><\/small><\/div>\n<div><small><span style=\"font-face:Tahoma,Arial, Helvetica, sans-serif;\">&#8211; Seguridad: AES 128 bits.<\/span><\/small><\/div>\n<div><small><span style=\"font-face:Tahoma,Arial, Helvetica, sans-serif;\">&#8211; Consumo de energ&iacute;a &lt;2.1 W<br \/>&#8211; Dimensiones (W x D x H): 93 &times; 56 &times; 30 mm <br \/>&#8211; Alimentaci&oacute;n: 100-240VAC, 50\/60Hz <\/span><\/small><\/div>\n<\/td>\n<\/tr>\n<tr>\n<td valign=\"top\" width=\"35%\"><strong><small><span style=\"font-face:Tahoma,Arial, Helvetica, sans-serif;\">Accesorios entregados<\/span><\/small><\/strong><\/td>\n<td valign=\"top\" width=\"65%\">\n<div><small><span style=\"font-face:Tahoma,Arial, Helvetica, sans-serif;\">&#8211; Cable Ethernet (RJ45) <br \/>&#8211; CD de recursos,<br \/>&#8211; Gu&iacute;a de instalaci&oacute;n r&aacute;pida <\/span><\/small><\/div>\n<\/td>\n<\/tr>\n<tr>\n<td valign=\"top\" width=\"35%\"><strong><small><span style=\"font-face:Tahoma,Arial, Helvetica, sans-serif;\">Fecha de revisi&oacute;n<\/span><\/small><\/strong><\/td>\n<td valign=\"top\" width=\"65%\"><small><span style=\"font-face:Tahoma,Arial, Helvetica, sans-serif;\">05-11-2012 por FE4<\/span><\/small><\/td>\n<\/tr>\n<\/tbody>\n<\/table>\n","protected":false},"excerpt":{"rendered":"<p>El Powerline nano adaptador TP-LINK AV500 del&nbsp; Kit TL-PA4010KIT convierte su l&iacute;nea el&eacute;ctrica existente en una red de alta velocidad sin necesidad de cables nuevos. No se requiere configuraci&oacute;n, s&oacute;lo tiene que enchufar los adaptadores de enchufes en su enchufe y&nbsp; establecer la infraestructura de red en un instante. Con una velocidad de hasta 500&hellip;&nbsp;<a href=\"https:\/\/aivlisoft.net\/shop\/producto\/tp-link-tl-pa4010-kit-powerline-av600-mini\/\" rel=\"bookmark\"><span class=\"screen-reader-text\">TP-LINK TL-PA4010 KIT Powerline AV600 Mini<\/span><\/a><\/p>\n","protected":false},"featured_media":18260,"template":"","meta":{"neve_meta_sidebar":"","neve_meta_container":"","neve_meta_enable_content_width":"","neve_meta_content_width":0,"neve_meta_title_alignment":"","neve_meta_author_avatar":"","neve_post_elements_order":"","neve_meta_disable_header":"","neve_meta_disable_footer":"","neve_meta_disable_title":""},"product_brand":[],"product_cat":[8764],"product_tag":[6678],"class_list":{"0":"post-18259","1":"product","2":"type-product","3":"status-publish","4":"has-post-thumbnail","6":"product_cat-powerline","7":"product_tag-tl-pa4010-kit","9":"first","10":"instock","11":"taxable","12":"shipping-taxable","13":"purchasable","14":"product-type-simple"},"yoast_head":"<!-- This site is optimized with the Yoast SEO plugin v26.0 - https:\/\/yoast.com\/wordpress\/plugins\/seo\/ -->\n<title>TP-LINK TL-PA4010 KIT Powerline AV600 Mini - Aivlisoft Inform\u00e1tica<\/title>\n<meta name=\"robots\" content=\"index, follow, max-snippet:-1, max-image-preview:large, max-video-preview:-1\" \/>\n<link rel=\"canonical\" href=\"https:\/\/aivlisoft.net\/shop\/producto\/tp-link-tl-pa4010-kit-powerline-av600-mini\/\" \/>\n<meta property=\"og:locale\" content=\"es_ES\" \/>\n<meta property=\"og:type\" content=\"article\" \/>\n<meta property=\"og:title\" content=\"TP-LINK TL-PA4010 KIT Powerline AV600 Mini - Aivlisoft Inform\u00e1tica\" \/>\n<meta property=\"og:description\" content=\"El Powerline nano adaptador TP-LINK AV500 del&nbsp; Kit TL-PA4010KIT convierte su l&iacute;nea el&eacute;ctrica existente en una red de alta velocidad sin necesidad de cables nuevos. No se requiere configuraci&oacute;n, s&oacute;lo tiene que enchufar los adaptadores de enchufes en su enchufe y&nbsp; establecer la infraestructura de red en un instante. Con una velocidad de hasta 500&hellip;&nbsp;TP-LINK TL-PA4010 KIT Powerline AV600 Mini\" \/>\n<meta property=\"og:url\" content=\"https:\/\/aivlisoft.net\/shop\/producto\/tp-link-tl-pa4010-kit-powerline-av600-mini\/\" \/>\n<meta property=\"og:site_name\" content=\"Aivlisoft Inform\u00e1tica\" \/>\n<meta property=\"article:modified_time\" content=\"2025-01-14T11:38:22+00:00\" \/>\n<meta property=\"og:image\" content=\"https:\/\/aivlisoft.net\/shop\/wp-content\/uploads\/2025\/01\/NADPOW0057_800.jpg\" \/>\n\t<meta property=\"og:image:width\" content=\"800\" \/>\n\t<meta property=\"og:image:height\" content=\"800\" \/>\n\t<meta property=\"og:image:type\" content=\"image\/jpeg\" \/>\n<meta name=\"twitter:card\" content=\"summary_large_image\" \/>\n<meta name=\"twitter:label1\" content=\"Tiempo de lectura\" \/>\n\t<meta name=\"twitter:data1\" content=\"4 minutos\" \/>\n<script type=\"application\/ld+json\" class=\"yoast-schema-graph\">{\"@context\":\"https:\/\/schema.org\",\"@graph\":[{\"@type\":\"WebPage\",\"@id\":\"https:\/\/aivlisoft.net\/shop\/producto\/tp-link-tl-pa4010-kit-powerline-av600-mini\/\",\"url\":\"https:\/\/aivlisoft.net\/shop\/producto\/tp-link-tl-pa4010-kit-powerline-av600-mini\/\",\"name\":\"TP-LINK TL-PA4010 KIT Powerline AV600 Mini - Aivlisoft Inform\u00e1tica\",\"isPartOf\":{\"@id\":\"https:\/\/aivlisoft.net\/shop\/#website\"},\"primaryImageOfPage\":{\"@id\":\"https:\/\/aivlisoft.net\/shop\/producto\/tp-link-tl-pa4010-kit-powerline-av600-mini\/#primaryimage\"},\"image\":{\"@id\":\"https:\/\/aivlisoft.net\/shop\/producto\/tp-link-tl-pa4010-kit-powerline-av600-mini\/#primaryimage\"},\"thumbnailUrl\":\"https:\/\/aivlisoft.net\/shop\/wp-content\/uploads\/2025\/01\/NADPOW0057_800.jpg\",\"datePublished\":\"2025-01-13T15:20:26+00:00\",\"dateModified\":\"2025-01-14T11:38:22+00:00\",\"breadcrumb\":{\"@id\":\"https:\/\/aivlisoft.net\/shop\/producto\/tp-link-tl-pa4010-kit-powerline-av600-mini\/#breadcrumb\"},\"inLanguage\":\"es\",\"potentialAction\":[{\"@type\":\"ReadAction\",\"target\":[\"https:\/\/aivlisoft.net\/shop\/producto\/tp-link-tl-pa4010-kit-powerline-av600-mini\/\"]}]},{\"@type\":\"ImageObject\",\"inLanguage\":\"es\",\"@id\":\"https:\/\/aivlisoft.net\/shop\/producto\/tp-link-tl-pa4010-kit-powerline-av600-mini\/#primaryimage\",\"url\":\"https:\/\/aivlisoft.net\/shop\/wp-content\/uploads\/2025\/01\/NADPOW0057_800.jpg\",\"contentUrl\":\"https:\/\/aivlisoft.net\/shop\/wp-content\/uploads\/2025\/01\/NADPOW0057_800.jpg\",\"width\":800,\"height\":800},{\"@type\":\"BreadcrumbList\",\"@id\":\"https:\/\/aivlisoft.net\/shop\/producto\/tp-link-tl-pa4010-kit-powerline-av600-mini\/#breadcrumb\",\"itemListElement\":[{\"@type\":\"ListItem\",\"position\":1,\"name\":\"Portada\",\"item\":\"https:\/\/aivlisoft.net\/shop\/\"},{\"@type\":\"ListItem\",\"position\":2,\"name\":\"Tienda\",\"item\":\"https:\/\/aivlisoft.net\/shop\/tienda\/\"},{\"@type\":\"ListItem\",\"position\":3,\"name\":\"TP-LINK TL-PA4010 KIT Powerline AV600 Mini\"}]},{\"@type\":\"WebSite\",\"@id\":\"https:\/\/aivlisoft.net\/shop\/#website\",\"url\":\"https:\/\/aivlisoft.net\/shop\/\",\"name\":\"Aivlisoft Inform\u00e1tica\",\"description\":\"En Aivlisoft Inform\u00e1tica ofrecemos soluciones tecnol\u00f3gicas para empresas: venta de ordenadores, consumibles, perif\u00e9ricos y m\u00e1s. Calidad, atenci\u00f3n personalizada y los mejores precios para tu negocio.\",\"publisher\":{\"@id\":\"https:\/\/aivlisoft.net\/shop\/#organization\"},\"potentialAction\":[{\"@type\":\"SearchAction\",\"target\":{\"@type\":\"EntryPoint\",\"urlTemplate\":\"https:\/\/aivlisoft.net\/shop\/?s={search_term_string}\"},\"query-input\":{\"@type\":\"PropertyValueSpecification\",\"valueRequired\":true,\"valueName\":\"search_term_string\"}}],\"inLanguage\":\"es\"},{\"@type\":\"Organization\",\"@id\":\"https:\/\/aivlisoft.net\/shop\/#organization\",\"name\":\"Aivlisoft Inform\u00e1tica\",\"url\":\"https:\/\/aivlisoft.net\/shop\/\",\"logo\":{\"@type\":\"ImageObject\",\"inLanguage\":\"es\",\"@id\":\"https:\/\/aivlisoft.net\/shop\/#\/schema\/logo\/image\/\",\"url\":\"https:\/\/aivlisoft.net\/shop\/wp-content\/uploads\/2024\/12\/removal.ai_5b848c54-0cdf-4140-95c5-c5536bb7573b-logodef.png\",\"contentUrl\":\"https:\/\/aivlisoft.net\/shop\/wp-content\/uploads\/2024\/12\/removal.ai_5b848c54-0cdf-4140-95c5-c5536bb7573b-logodef.png\",\"width\":484,\"height\":182,\"caption\":\"Aivlisoft Inform\u00e1tica\"},\"image\":{\"@id\":\"https:\/\/aivlisoft.net\/shop\/#\/schema\/logo\/image\/\"}}]}<\/script>\n<!-- \/ Yoast SEO plugin. -->","yoast_head_json":{"title":"TP-LINK TL-PA4010 KIT Powerline AV600 Mini - Aivlisoft Inform\u00e1tica","robots":{"index":"index","follow":"follow","max-snippet":"max-snippet:-1","max-image-preview":"max-image-preview:large","max-video-preview":"max-video-preview:-1"},"canonical":"https:\/\/aivlisoft.net\/shop\/producto\/tp-link-tl-pa4010-kit-powerline-av600-mini\/","og_locale":"es_ES","og_type":"article","og_title":"TP-LINK TL-PA4010 KIT Powerline AV600 Mini - Aivlisoft Inform\u00e1tica","og_description":"El Powerline nano adaptador TP-LINK AV500 del&nbsp; Kit TL-PA4010KIT convierte su l&iacute;nea el&eacute;ctrica existente en una red de alta velocidad sin necesidad de cables nuevos. No se requiere configuraci&oacute;n, s&oacute;lo tiene que enchufar los adaptadores de enchufes en su enchufe y&nbsp; establecer la infraestructura de red en un instante. Con una velocidad de hasta 500&hellip;&nbsp;TP-LINK TL-PA4010 KIT Powerline AV600 Mini","og_url":"https:\/\/aivlisoft.net\/shop\/producto\/tp-link-tl-pa4010-kit-powerline-av600-mini\/","og_site_name":"Aivlisoft Inform\u00e1tica","article_modified_time":"2025-01-14T11:38:22+00:00","og_image":[{"width":800,"height":800,"url":"https:\/\/aivlisoft.net\/shop\/wp-content\/uploads\/2025\/01\/NADPOW0057_800.jpg","type":"image\/jpeg"}],"twitter_card":"summary_large_image","twitter_misc":{"Tiempo de lectura":"4 minutos"},"schema":{"@context":"https:\/\/schema.org","@graph":[{"@type":"WebPage","@id":"https:\/\/aivlisoft.net\/shop\/producto\/tp-link-tl-pa4010-kit-powerline-av600-mini\/","url":"https:\/\/aivlisoft.net\/shop\/producto\/tp-link-tl-pa4010-kit-powerline-av600-mini\/","name":"TP-LINK TL-PA4010 KIT Powerline AV600 Mini - Aivlisoft Inform\u00e1tica","isPartOf":{"@id":"https:\/\/aivlisoft.net\/shop\/#website"},"primaryImageOfPage":{"@id":"https:\/\/aivlisoft.net\/shop\/producto\/tp-link-tl-pa4010-kit-powerline-av600-mini\/#primaryimage"},"image":{"@id":"https:\/\/aivlisoft.net\/shop\/producto\/tp-link-tl-pa4010-kit-powerline-av600-mini\/#primaryimage"},"thumbnailUrl":"https:\/\/aivlisoft.net\/shop\/wp-content\/uploads\/2025\/01\/NADPOW0057_800.jpg","datePublished":"2025-01-13T15:20:26+00:00","dateModified":"2025-01-14T11:38:22+00:00","breadcrumb":{"@id":"https:\/\/aivlisoft.net\/shop\/producto\/tp-link-tl-pa4010-kit-powerline-av600-mini\/#breadcrumb"},"inLanguage":"es","potentialAction":[{"@type":"ReadAction","target":["https:\/\/aivlisoft.net\/shop\/producto\/tp-link-tl-pa4010-kit-powerline-av600-mini\/"]}]},{"@type":"ImageObject","inLanguage":"es","@id":"https:\/\/aivlisoft.net\/shop\/producto\/tp-link-tl-pa4010-kit-powerline-av600-mini\/#primaryimage","url":"https:\/\/aivlisoft.net\/shop\/wp-content\/uploads\/2025\/01\/NADPOW0057_800.jpg","contentUrl":"https:\/\/aivlisoft.net\/shop\/wp-content\/uploads\/2025\/01\/NADPOW0057_800.jpg","width":800,"height":800},{"@type":"BreadcrumbList","@id":"https:\/\/aivlisoft.net\/shop\/producto\/tp-link-tl-pa4010-kit-powerline-av600-mini\/#breadcrumb","itemListElement":[{"@type":"ListItem","position":1,"name":"Portada","item":"https:\/\/aivlisoft.net\/shop\/"},{"@type":"ListItem","position":2,"name":"Tienda","item":"https:\/\/aivlisoft.net\/shop\/tienda\/"},{"@type":"ListItem","position":3,"name":"TP-LINK TL-PA4010 KIT Powerline AV600 Mini"}]},{"@type":"WebSite","@id":"https:\/\/aivlisoft.net\/shop\/#website","url":"https:\/\/aivlisoft.net\/shop\/","name":"Aivlisoft Inform\u00e1tica","description":"En Aivlisoft Inform\u00e1tica ofrecemos soluciones tecnol\u00f3gicas para empresas: venta de ordenadores, consumibles, perif\u00e9ricos y m\u00e1s. Calidad, atenci\u00f3n personalizada y los mejores precios para tu negocio.","publisher":{"@id":"https:\/\/aivlisoft.net\/shop\/#organization"},"potentialAction":[{"@type":"SearchAction","target":{"@type":"EntryPoint","urlTemplate":"https:\/\/aivlisoft.net\/shop\/?s={search_term_string}"},"query-input":{"@type":"PropertyValueSpecification","valueRequired":true,"valueName":"search_term_string"}}],"inLanguage":"es"},{"@type":"Organization","@id":"https:\/\/aivlisoft.net\/shop\/#organization","name":"Aivlisoft Inform\u00e1tica","url":"https:\/\/aivlisoft.net\/shop\/","logo":{"@type":"ImageObject","inLanguage":"es","@id":"https:\/\/aivlisoft.net\/shop\/#\/schema\/logo\/image\/","url":"https:\/\/aivlisoft.net\/shop\/wp-content\/uploads\/2024\/12\/removal.ai_5b848c54-0cdf-4140-95c5-c5536bb7573b-logodef.png","contentUrl":"https:\/\/aivlisoft.net\/shop\/wp-content\/uploads\/2024\/12\/removal.ai_5b848c54-0cdf-4140-95c5-c5536bb7573b-logodef.png","width":484,"height":182,"caption":"Aivlisoft Inform\u00e1tica"},"image":{"@id":"https:\/\/aivlisoft.net\/shop\/#\/schema\/logo\/image\/"}}]}},"_links":{"self":[{"href":"https:\/\/aivlisoft.net\/shop\/wp-json\/wp\/v2\/product\/18259","targetHints":{"allow":["GET"]}}],"collection":[{"href":"https:\/\/aivlisoft.net\/shop\/wp-json\/wp\/v2\/product"}],"about":[{"href":"https:\/\/aivlisoft.net\/shop\/wp-json\/wp\/v2\/types\/product"}],"wp:featuredmedia":[{"embeddable":true,"href":"https:\/\/aivlisoft.net\/shop\/wp-json\/wp\/v2\/media\/18260"}],"wp:attachment":[{"href":"https:\/\/aivlisoft.net\/shop\/wp-json\/wp\/v2\/media?parent=18259"}],"wp:term":[{"taxonomy":"product_brand","embeddable":true,"href":"https:\/\/aivlisoft.net\/shop\/wp-json\/wp\/v2\/product_brand?post=18259"},{"taxonomy":"product_cat","embeddable":true,"href":"https:\/\/aivlisoft.net\/shop\/wp-json\/wp\/v2\/product_cat?post=18259"},{"taxonomy":"product_tag","embeddable":true,"href":"https:\/\/aivlisoft.net\/shop\/wp-json\/wp\/v2\/product_tag?post=18259"}],"curies":[{"name":"wp","href":"https:\/\/api.w.org\/{rel}","templated":true}]}}