{"id":18251,"date":"2025-01-13T15:20:19","date_gmt":"2025-01-13T15:20:19","guid":{"rendered":"https:\/\/aivlisoft.com\/?post_type=product&#038;p=18251"},"modified":"2025-01-14T20:19:48","modified_gmt":"2025-01-14T20:19:48","slug":"tp-link-ub4a-adaptador-4-0-nano-usb-bluetooth","status":"publish","type":"product","link":"https:\/\/aivlisoft.net\/shop\/producto\/tp-link-ub4a-adaptador-4-0-nano-usb-bluetooth\/","title":{"rendered":"TP-Link UB4A Adaptador 4.0 Nano USB Bluetooth"},"content":{"rendered":"<p><\/p>\n<table class=\"tabla_caracteristicas\" width=\"100%\">\n<tr>\n<td valign=\"top\"><strong>Marca<\/strong><\/td>\n<td>TP-Link<\/td>\n<\/tr>\n<tr>\n<td valign=\"top\"><strong>Modelo<\/strong><\/td>\n<td><strong>UB4A<\/strong><\/td>\n<\/tr>\n<tr>\n<td valign=\"top\"><strong>Caracter&iacute;sticas<\/strong><\/td>\n<td>&#8211; Est&aacute;ndares y Protocolos: Bluetooth 4.0<br \/>\t\t\t&#8211; Interfaz: USB 2.0<br \/>\t\t\t&#8211; Certificaciones: FCC, CE, RoHS<br \/>\t\t\t&#8211; Requisitos del sistema: Windows 11\/10\/8.1\/8\/7<br \/>\t\t\t<strong>Factores Ambientales &nbsp;&nbsp; &nbsp;<\/strong><br \/>\t\t\t&#8211; Temperatura de Operaci&oacute;n: 0&ordm;C~40&ordm;C<br \/>\t\t\t&#8211; Temperatura de Almacenamiento: -40&ordm;C~70&ordm;C<br \/>\t\t\t&#8211; Humedad de funcionamiento: 10%~90% non-condensing<br \/>\t\t\t&#8211; Humedad de almacenamiento: 5%~90% non-condensing<br \/>\t\t\t<strong>Dimensiones<\/strong><br \/>\t\t\t&#8211; 14.8 &times; 6.8 &times; 18.9 mm<br \/>\t\t\t<strong>Contenido&nbsp;&nbsp; &nbsp;<\/strong><br \/>\t\t\t&#8211; Bluetooth 4.0 Nano USB Adapter UB400<br \/>\t\t\t&#8211; Quick Installation Guide<\/td>\n<\/tr>\n<tr>\n<td valign=\"top\"><strong>Fecha de revisi&oacute;n<\/strong><\/td>\n<td>26-10-2023 por RTY<\/td>\n<\/tr>\n<\/table>\n","protected":false},"excerpt":{"rendered":"<p>Marca TP-Link Modelo UB4A Caracter&iacute;sticas &#8211; Est&aacute;ndares y Protocolos: Bluetooth 4.0 &#8211; Interfaz: USB 2.0 &#8211; Certificaciones: FCC, CE, RoHS &#8211; Requisitos del sistema: Windows 11\/10\/8.1\/8\/7 Factores Ambientales &nbsp;&nbsp; &nbsp; &#8211; Temperatura de Operaci&oacute;n: 0&ordm;C~40&ordm;C &#8211; Temperatura de Almacenamiento: -40&ordm;C~70&ordm;C &#8211; Humedad de funcionamiento: 10%~90% non-condensing &#8211; Humedad de almacenamiento: 5%~90% non-condensing Dimensiones &#8211; 14.8&hellip;&nbsp;<a href=\"https:\/\/aivlisoft.net\/shop\/producto\/tp-link-ub4a-adaptador-4-0-nano-usb-bluetooth\/\" rel=\"bookmark\"><span class=\"screen-reader-text\">TP-Link UB4A Adaptador 4.0 Nano USB Bluetooth<\/span><\/a><\/p>\n","protected":false},"featured_media":18252,"template":"","meta":{"neve_meta_sidebar":"","neve_meta_container":"","neve_meta_enable_content_width":"","neve_meta_content_width":0,"neve_meta_title_alignment":"","neve_meta_author_avatar":"","neve_post_elements_order":"","neve_meta_disable_header":"","neve_meta_disable_footer":"","neve_meta_disable_title":""},"product_brand":[],"product_cat":[15,1399,8705,8702],"product_tag":[6676],"class_list":{"0":"post-18251","1":"product","2":"type-product","3":"status-publish","4":"has-post-thumbnail","6":"product_cat-sin-categorizar","7":"product_cat-accesorios-redes","8":"product_cat-accesorios-redes-wifi","9":"product_cat-herramientasconectores-redes","10":"product_tag-ub4a","12":"first","13":"instock","14":"taxable","15":"shipping-taxable","16":"purchasable","17":"product-type-simple"},"yoast_head":"<!-- This site is optimized with the Yoast SEO plugin v26.0 - https:\/\/yoast.com\/wordpress\/plugins\/seo\/ -->\n<title>TP-Link UB4A Adaptador 4.0 Nano USB Bluetooth - Aivlisoft Inform\u00e1tica<\/title>\n<meta name=\"robots\" content=\"index, follow, max-snippet:-1, max-image-preview:large, max-video-preview:-1\" \/>\n<link rel=\"canonical\" href=\"https:\/\/aivlisoft.net\/shop\/producto\/tp-link-ub4a-adaptador-4-0-nano-usb-bluetooth\/\" \/>\n<meta property=\"og:locale\" content=\"es_ES\" \/>\n<meta property=\"og:type\" content=\"article\" \/>\n<meta property=\"og:title\" content=\"TP-Link UB4A Adaptador 4.0 Nano USB Bluetooth - Aivlisoft Inform\u00e1tica\" \/>\n<meta property=\"og:description\" content=\"Marca TP-Link Modelo UB4A Caracter&iacute;sticas &#8211; Est&aacute;ndares y Protocolos: Bluetooth 4.0 &#8211; Interfaz: USB 2.0 &#8211; Certificaciones: FCC, CE, RoHS &#8211; Requisitos del sistema: Windows 11\/10\/8.1\/8\/7 Factores Ambientales &nbsp;&nbsp; &nbsp; &#8211; Temperatura de Operaci&oacute;n: 0&ordm;C~40&ordm;C &#8211; Temperatura de Almacenamiento: -40&ordm;C~70&ordm;C &#8211; Humedad de funcionamiento: 10%~90% non-condensing &#8211; Humedad de almacenamiento: 5%~90% non-condensing Dimensiones &#8211; 14.8&hellip;&nbsp;TP-Link UB4A Adaptador 4.0 Nano USB Bluetooth\" \/>\n<meta property=\"og:url\" content=\"https:\/\/aivlisoft.net\/shop\/producto\/tp-link-ub4a-adaptador-4-0-nano-usb-bluetooth\/\" \/>\n<meta property=\"og:site_name\" content=\"Aivlisoft Inform\u00e1tica\" \/>\n<meta property=\"article:modified_time\" content=\"2025-01-14T20:19:48+00:00\" \/>\n<meta property=\"og:image\" content=\"https:\/\/aivlisoft.net\/shop\/wp-content\/uploads\/2025\/01\/NADAIN0295_800.jpg\" \/>\n\t<meta property=\"og:image:width\" content=\"800\" \/>\n\t<meta property=\"og:image:height\" content=\"800\" \/>\n\t<meta property=\"og:image:type\" content=\"image\/jpeg\" \/>\n<meta name=\"twitter:card\" content=\"summary_large_image\" \/>\n<script type=\"application\/ld+json\" class=\"yoast-schema-graph\">{\"@context\":\"https:\/\/schema.org\",\"@graph\":[{\"@type\":\"WebPage\",\"@id\":\"https:\/\/aivlisoft.net\/shop\/producto\/tp-link-ub4a-adaptador-4-0-nano-usb-bluetooth\/\",\"url\":\"https:\/\/aivlisoft.net\/shop\/producto\/tp-link-ub4a-adaptador-4-0-nano-usb-bluetooth\/\",\"name\":\"TP-Link UB4A Adaptador 4.0 Nano USB Bluetooth - Aivlisoft Inform\u00e1tica\",\"isPartOf\":{\"@id\":\"https:\/\/aivlisoft.net\/shop\/#website\"},\"primaryImageOfPage\":{\"@id\":\"https:\/\/aivlisoft.net\/shop\/producto\/tp-link-ub4a-adaptador-4-0-nano-usb-bluetooth\/#primaryimage\"},\"image\":{\"@id\":\"https:\/\/aivlisoft.net\/shop\/producto\/tp-link-ub4a-adaptador-4-0-nano-usb-bluetooth\/#primaryimage\"},\"thumbnailUrl\":\"https:\/\/aivlisoft.net\/shop\/wp-content\/uploads\/2025\/01\/NADAIN0295_800.jpg\",\"datePublished\":\"2025-01-13T15:20:19+00:00\",\"dateModified\":\"2025-01-14T20:19:48+00:00\",\"breadcrumb\":{\"@id\":\"https:\/\/aivlisoft.net\/shop\/producto\/tp-link-ub4a-adaptador-4-0-nano-usb-bluetooth\/#breadcrumb\"},\"inLanguage\":\"es\",\"potentialAction\":[{\"@type\":\"ReadAction\",\"target\":[\"https:\/\/aivlisoft.net\/shop\/producto\/tp-link-ub4a-adaptador-4-0-nano-usb-bluetooth\/\"]}]},{\"@type\":\"ImageObject\",\"inLanguage\":\"es\",\"@id\":\"https:\/\/aivlisoft.net\/shop\/producto\/tp-link-ub4a-adaptador-4-0-nano-usb-bluetooth\/#primaryimage\",\"url\":\"https:\/\/aivlisoft.net\/shop\/wp-content\/uploads\/2025\/01\/NADAIN0295_800.jpg\",\"contentUrl\":\"https:\/\/aivlisoft.net\/shop\/wp-content\/uploads\/2025\/01\/NADAIN0295_800.jpg\",\"width\":800,\"height\":800},{\"@type\":\"BreadcrumbList\",\"@id\":\"https:\/\/aivlisoft.net\/shop\/producto\/tp-link-ub4a-adaptador-4-0-nano-usb-bluetooth\/#breadcrumb\",\"itemListElement\":[{\"@type\":\"ListItem\",\"position\":1,\"name\":\"Portada\",\"item\":\"https:\/\/aivlisoft.net\/shop\/\"},{\"@type\":\"ListItem\",\"position\":2,\"name\":\"Tienda\",\"item\":\"https:\/\/aivlisoft.net\/shop\/tienda\/\"},{\"@type\":\"ListItem\",\"position\":3,\"name\":\"TP-Link UB4A Adaptador 4.0 Nano USB Bluetooth\"}]},{\"@type\":\"WebSite\",\"@id\":\"https:\/\/aivlisoft.net\/shop\/#website\",\"url\":\"https:\/\/aivlisoft.net\/shop\/\",\"name\":\"Aivlisoft Inform\u00e1tica\",\"description\":\"En Aivlisoft Inform\u00e1tica ofrecemos soluciones tecnol\u00f3gicas para empresas: venta de ordenadores, consumibles, perif\u00e9ricos y m\u00e1s. Calidad, atenci\u00f3n personalizada y los mejores precios para tu negocio.\",\"publisher\":{\"@id\":\"https:\/\/aivlisoft.net\/shop\/#organization\"},\"potentialAction\":[{\"@type\":\"SearchAction\",\"target\":{\"@type\":\"EntryPoint\",\"urlTemplate\":\"https:\/\/aivlisoft.net\/shop\/?s={search_term_string}\"},\"query-input\":{\"@type\":\"PropertyValueSpecification\",\"valueRequired\":true,\"valueName\":\"search_term_string\"}}],\"inLanguage\":\"es\"},{\"@type\":\"Organization\",\"@id\":\"https:\/\/aivlisoft.net\/shop\/#organization\",\"name\":\"Aivlisoft Inform\u00e1tica\",\"url\":\"https:\/\/aivlisoft.net\/shop\/\",\"logo\":{\"@type\":\"ImageObject\",\"inLanguage\":\"es\",\"@id\":\"https:\/\/aivlisoft.net\/shop\/#\/schema\/logo\/image\/\",\"url\":\"https:\/\/aivlisoft.net\/shop\/wp-content\/uploads\/2024\/12\/removal.ai_5b848c54-0cdf-4140-95c5-c5536bb7573b-logodef.png\",\"contentUrl\":\"https:\/\/aivlisoft.net\/shop\/wp-content\/uploads\/2024\/12\/removal.ai_5b848c54-0cdf-4140-95c5-c5536bb7573b-logodef.png\",\"width\":484,\"height\":182,\"caption\":\"Aivlisoft Inform\u00e1tica\"},\"image\":{\"@id\":\"https:\/\/aivlisoft.net\/shop\/#\/schema\/logo\/image\/\"}}]}<\/script>\n<!-- \/ Yoast SEO plugin. -->","yoast_head_json":{"title":"TP-Link UB4A Adaptador 4.0 Nano USB Bluetooth - Aivlisoft Inform\u00e1tica","robots":{"index":"index","follow":"follow","max-snippet":"max-snippet:-1","max-image-preview":"max-image-preview:large","max-video-preview":"max-video-preview:-1"},"canonical":"https:\/\/aivlisoft.net\/shop\/producto\/tp-link-ub4a-adaptador-4-0-nano-usb-bluetooth\/","og_locale":"es_ES","og_type":"article","og_title":"TP-Link UB4A Adaptador 4.0 Nano USB Bluetooth - Aivlisoft Inform\u00e1tica","og_description":"Marca TP-Link Modelo UB4A Caracter&iacute;sticas &#8211; Est&aacute;ndares y Protocolos: Bluetooth 4.0 &#8211; Interfaz: USB 2.0 &#8211; Certificaciones: FCC, CE, RoHS &#8211; Requisitos del sistema: Windows 11\/10\/8.1\/8\/7 Factores Ambientales &nbsp;&nbsp; &nbsp; &#8211; Temperatura de Operaci&oacute;n: 0&ordm;C~40&ordm;C &#8211; Temperatura de Almacenamiento: -40&ordm;C~70&ordm;C &#8211; Humedad de funcionamiento: 10%~90% non-condensing &#8211; Humedad de almacenamiento: 5%~90% non-condensing Dimensiones &#8211; 14.8&hellip;&nbsp;TP-Link UB4A Adaptador 4.0 Nano USB Bluetooth","og_url":"https:\/\/aivlisoft.net\/shop\/producto\/tp-link-ub4a-adaptador-4-0-nano-usb-bluetooth\/","og_site_name":"Aivlisoft Inform\u00e1tica","article_modified_time":"2025-01-14T20:19:48+00:00","og_image":[{"width":800,"height":800,"url":"https:\/\/aivlisoft.net\/shop\/wp-content\/uploads\/2025\/01\/NADAIN0295_800.jpg","type":"image\/jpeg"}],"twitter_card":"summary_large_image","schema":{"@context":"https:\/\/schema.org","@graph":[{"@type":"WebPage","@id":"https:\/\/aivlisoft.net\/shop\/producto\/tp-link-ub4a-adaptador-4-0-nano-usb-bluetooth\/","url":"https:\/\/aivlisoft.net\/shop\/producto\/tp-link-ub4a-adaptador-4-0-nano-usb-bluetooth\/","name":"TP-Link UB4A Adaptador 4.0 Nano USB Bluetooth - Aivlisoft Inform\u00e1tica","isPartOf":{"@id":"https:\/\/aivlisoft.net\/shop\/#website"},"primaryImageOfPage":{"@id":"https:\/\/aivlisoft.net\/shop\/producto\/tp-link-ub4a-adaptador-4-0-nano-usb-bluetooth\/#primaryimage"},"image":{"@id":"https:\/\/aivlisoft.net\/shop\/producto\/tp-link-ub4a-adaptador-4-0-nano-usb-bluetooth\/#primaryimage"},"thumbnailUrl":"https:\/\/aivlisoft.net\/shop\/wp-content\/uploads\/2025\/01\/NADAIN0295_800.jpg","datePublished":"2025-01-13T15:20:19+00:00","dateModified":"2025-01-14T20:19:48+00:00","breadcrumb":{"@id":"https:\/\/aivlisoft.net\/shop\/producto\/tp-link-ub4a-adaptador-4-0-nano-usb-bluetooth\/#breadcrumb"},"inLanguage":"es","potentialAction":[{"@type":"ReadAction","target":["https:\/\/aivlisoft.net\/shop\/producto\/tp-link-ub4a-adaptador-4-0-nano-usb-bluetooth\/"]}]},{"@type":"ImageObject","inLanguage":"es","@id":"https:\/\/aivlisoft.net\/shop\/producto\/tp-link-ub4a-adaptador-4-0-nano-usb-bluetooth\/#primaryimage","url":"https:\/\/aivlisoft.net\/shop\/wp-content\/uploads\/2025\/01\/NADAIN0295_800.jpg","contentUrl":"https:\/\/aivlisoft.net\/shop\/wp-content\/uploads\/2025\/01\/NADAIN0295_800.jpg","width":800,"height":800},{"@type":"BreadcrumbList","@id":"https:\/\/aivlisoft.net\/shop\/producto\/tp-link-ub4a-adaptador-4-0-nano-usb-bluetooth\/#breadcrumb","itemListElement":[{"@type":"ListItem","position":1,"name":"Portada","item":"https:\/\/aivlisoft.net\/shop\/"},{"@type":"ListItem","position":2,"name":"Tienda","item":"https:\/\/aivlisoft.net\/shop\/tienda\/"},{"@type":"ListItem","position":3,"name":"TP-Link UB4A Adaptador 4.0 Nano USB Bluetooth"}]},{"@type":"WebSite","@id":"https:\/\/aivlisoft.net\/shop\/#website","url":"https:\/\/aivlisoft.net\/shop\/","name":"Aivlisoft Inform\u00e1tica","description":"En Aivlisoft Inform\u00e1tica ofrecemos soluciones tecnol\u00f3gicas para empresas: venta de ordenadores, consumibles, perif\u00e9ricos y m\u00e1s. Calidad, atenci\u00f3n personalizada y los mejores precios para tu negocio.","publisher":{"@id":"https:\/\/aivlisoft.net\/shop\/#organization"},"potentialAction":[{"@type":"SearchAction","target":{"@type":"EntryPoint","urlTemplate":"https:\/\/aivlisoft.net\/shop\/?s={search_term_string}"},"query-input":{"@type":"PropertyValueSpecification","valueRequired":true,"valueName":"search_term_string"}}],"inLanguage":"es"},{"@type":"Organization","@id":"https:\/\/aivlisoft.net\/shop\/#organization","name":"Aivlisoft Inform\u00e1tica","url":"https:\/\/aivlisoft.net\/shop\/","logo":{"@type":"ImageObject","inLanguage":"es","@id":"https:\/\/aivlisoft.net\/shop\/#\/schema\/logo\/image\/","url":"https:\/\/aivlisoft.net\/shop\/wp-content\/uploads\/2024\/12\/removal.ai_5b848c54-0cdf-4140-95c5-c5536bb7573b-logodef.png","contentUrl":"https:\/\/aivlisoft.net\/shop\/wp-content\/uploads\/2024\/12\/removal.ai_5b848c54-0cdf-4140-95c5-c5536bb7573b-logodef.png","width":484,"height":182,"caption":"Aivlisoft Inform\u00e1tica"},"image":{"@id":"https:\/\/aivlisoft.net\/shop\/#\/schema\/logo\/image\/"}}]}},"_links":{"self":[{"href":"https:\/\/aivlisoft.net\/shop\/wp-json\/wp\/v2\/product\/18251","targetHints":{"allow":["GET"]}}],"collection":[{"href":"https:\/\/aivlisoft.net\/shop\/wp-json\/wp\/v2\/product"}],"about":[{"href":"https:\/\/aivlisoft.net\/shop\/wp-json\/wp\/v2\/types\/product"}],"wp:featuredmedia":[{"embeddable":true,"href":"https:\/\/aivlisoft.net\/shop\/wp-json\/wp\/v2\/media\/18252"}],"wp:attachment":[{"href":"https:\/\/aivlisoft.net\/shop\/wp-json\/wp\/v2\/media?parent=18251"}],"wp:term":[{"taxonomy":"product_brand","embeddable":true,"href":"https:\/\/aivlisoft.net\/shop\/wp-json\/wp\/v2\/product_brand?post=18251"},{"taxonomy":"product_cat","embeddable":true,"href":"https:\/\/aivlisoft.net\/shop\/wp-json\/wp\/v2\/product_cat?post=18251"},{"taxonomy":"product_tag","embeddable":true,"href":"https:\/\/aivlisoft.net\/shop\/wp-json\/wp\/v2\/product_tag?post=18251"}],"curies":[{"name":"wp","href":"https:\/\/api.w.org\/{rel}","templated":true}]}}