{"id":18248,"date":"2025-01-13T15:20:18","date_gmt":"2025-01-13T15:20:18","guid":{"rendered":"https:\/\/aivlisoft.com\/?post_type=product&#038;p=18248"},"modified":"2025-01-14T20:19:49","modified_gmt":"2025-01-14T20:19:49","slug":"tp-link-archer-tx20e-adaptador-pcie-wifi6-ax1800","status":"publish","type":"product","link":"https:\/\/aivlisoft.net\/shop\/producto\/tp-link-archer-tx20e-adaptador-pcie-wifi6-ax1800\/","title":{"rendered":"TP-Link Archer TX20E Adaptador PCIe WiFi6 AX1800"},"content":{"rendered":"<p><\/p>\n<p>&nbsp;<\/p>\n<table class=\"tabla_caracteristicas\" width=\"100%\">\n<tr>\n<td valign=\"top\"><strong>Marca<\/strong><\/td>\n<td>TP-Link<\/td>\n<\/tr>\n<tr>\n<td><strong>Modelo<\/strong><\/td>\n<td><strong>Archer TX20E<\/strong><\/td>\n<\/tr>\n<tr>\n<td><strong>Hardware<\/strong><\/td>\n<td>&#8211; Antenas : 2 x antenas de doble banda de alta ganancia<br \/>\t\t\t&#8211; Chipset: Realtek Wi-Fi 6 Chipset<\/td>\n<\/tr>\n<tr>\n<td><strong>Inal&aacute;mbricas<\/strong><\/td>\n<td>&#8211; Est&aacute;ndares Inal&aacute;mbricos &nbsp;&nbsp; &nbsp;<br \/>\t\t\t&nbsp; IEEE 802.11ax\/ac\/n\/a 5 GHz<br \/>\t\t\t&nbsp; IEEE 802.11ax\/n\/g\/b 2.4 GHz<br \/>\t\t\t&nbsp; Bluetooth 5.2<br \/>\t\t\t&#8211; Tasa de se&ntilde;al WLAN 5 GHz<br \/>\t\t\t&nbsp; 11ax: hasta 1201 Mbps (din&aacute;mico)<br \/>\t\t\t&nbsp; 11ac: hasta 867 Mbps (din&aacute;mico)<br \/>\t\t\t&nbsp; 11n: hasta 300 Mbps (din&aacute;mico)<br \/>\t\t\t&nbsp; 11a: hasta 54 Mbps (din&aacute;mico)<br \/>\t\t\t&#8211; Tasa de se&ntilde;al WLAN 2,4 GHz<br \/>\t\t\t&nbsp; 11ax: hasta 574 Mbps (din&aacute;mico)<br \/>\t\t\t&nbsp; 11n: hasta 300 Mbps (din&aacute;mico)<br \/>\t\t\t&nbsp; 11g: hasta 54 Mbps (din&aacute;mico)<br \/>\t\t\t&nbsp; 11b: hasta 11 Mbps (din&aacute;mico)<br \/>\t\t\t&#8211; Sensibilidad de recepci&oacute;n WLAN 5 GHz :<br \/>\t\t\t&nbsp; 11ax HE80: -57.0dBm<br \/>\t\t\t&nbsp; 11ax HE40: -60.0dBm<br \/>\t\t\t&nbsp; 11ax HE20: -63.0dBm<br \/>\t\t\t&nbsp; 11ac VHT80: -59.5dBm<br \/>\t\t\t&nbsp; 11ac VHT40: -62.5dBm<br \/>\t\t\t&nbsp; 11ac VHT20: -67.5dBm<br \/>\t\t\t&nbsp; 11n HT40: -69.5dBm<br \/>\t\t\t&nbsp; 11n HT20: -72.5dBm<br \/>\t\t\t&nbsp; 11a 54Mbps: -74.0dBm<br \/>\t\t\t&nbsp; 11a 6Mbps: -94.5dBm<br \/>\t\t\t&#8211; Sensibilidad de recepci&oacute;n WLAN 2.4GHz :<br \/>\t\t\t&nbsp; 11ax HE40: -60.0dBm<br \/>\t\t\t&nbsp; 11ax HE20: -63.0dBm<br \/>\t\t\t&nbsp; 11n HT40: -69.5dBm<br \/>\t\t\t&nbsp; 11n HT20: -72.5dBm<br \/>\t\t\t&nbsp; 11g 54Mbps: -74.0dBm<br \/>\t\t\t&nbsp; 11b 11Mbps: -88.0dBm<br \/>\t\t\t&#8211; Potencia de transmisi&oacute;n WLAN: &nbsp;&nbsp; &nbsp;<br \/>\t\t\t&nbsp; 5 GHz : 27dBm(FCC) \/ 23dBm(CE) (EIRP)<br \/>\t\t\t&nbsp; 2.4 GHz : 25dBm(FCC) \/ 20dBm(CE) (EIRP)<br \/>\t\t\t&#8211; Modos WLAN: Modo infraestructura<br \/>\t\t\t&#8211; Seguridad Inal&aacute;mbrica: Support 64\/128 bit WEP, WPA\/WAP2\/WPA3, WPA-PSK\/WPA2-PSK, 802.1x<br \/>\t\t\t&#8211; Tecnolog&iacute;a de Modulaci&oacute;n: DBPSK, DQPSK, CCK, OFDM, 16-QAM, 64-QAM, 256-QAM, 1024QAM<\/td>\n<\/tr>\n<tr>\n<td><strong>Otras caracter&iacute;sticas<\/strong><\/td>\n<td>&#8211; Certificaciones:<br \/>\t\t\t&nbsp; CE<br \/>\t\t\t&nbsp; RoHS<br \/>\t\t\t&nbsp; FCC<br \/>\t\t\t&#8211; Requisitos del sistema: S&oacute;lo Windows 11\/10(64-bit)&nbsp;&nbsp;&nbsp;<br \/>\t\t\t&#8211; Factores Ambientales:<br \/>\t\t\t&nbsp; Temperatura de funcionamiento: 0&ordm;C ~ 40&ordm;C<br \/>\t\t\t&nbsp; Temperatura de almacenamiento: -40&ordm;C ~ 70&ordm;C<br \/>\t\t\t&nbsp; Humedad de funcionamiento: 10 %~90 % sin condensaci&oacute;n<br \/>\t\t\t&nbsp; Humedad de almacenamiento: 5 %~90 % sin condensaci&oacute;n<br \/>\t\t\t<strong>Dimensiones<\/strong><br \/>\t\t\t&#8211; 120.8 &times; 78.5 &times; 20.9 mm<br \/>\t\t\t<strong>Contenido<\/strong><br \/>\t\t\t&#8211; Archer TX20E<br \/>\t\t\t&#8211; Dos antenas de doble banda de alta ganancia<br \/>\t\t\t&#8211; Soporte de perfil bajo<br \/>\t\t\t&#8211; Cable de cabecera Bluetooth<br \/>\t\t\t&#8211; Gu&iacute;a de Instalaci&oacute;n R&aacute;pida<br \/>\t\t\t&#8211; CD de recursos<\/td>\n<\/tr>\n<tr>\n<td><strong>Fecha de revisi&oacute;n<\/strong><\/td>\n<td>28-03-2023 por RTY<\/td>\n<\/tr>\n<\/table>\n","protected":false},"excerpt":{"rendered":"<p>&nbsp; Marca TP-Link Modelo Archer TX20E Hardware &#8211; Antenas : 2 x antenas de doble banda de alta ganancia &#8211; Chipset: Realtek Wi-Fi 6 Chipset Inal&aacute;mbricas &#8211; Est&aacute;ndares Inal&aacute;mbricos &nbsp;&nbsp; &nbsp; &nbsp; IEEE 802.11ax\/ac\/n\/a 5 GHz &nbsp; IEEE 802.11ax\/n\/g\/b 2.4 GHz &nbsp; Bluetooth 5.2 &#8211; Tasa de se&ntilde;al WLAN 5 GHz &nbsp; 11ax: hasta 1201&hellip;&nbsp;<a href=\"https:\/\/aivlisoft.net\/shop\/producto\/tp-link-archer-tx20e-adaptador-pcie-wifi6-ax1800\/\" rel=\"bookmark\"><span class=\"screen-reader-text\">TP-Link Archer TX20E Adaptador PCIe WiFi6 AX1800<\/span><\/a><\/p>\n","protected":false},"featured_media":18249,"template":"","meta":{"neve_meta_sidebar":"","neve_meta_container":"","neve_meta_enable_content_width":"","neve_meta_content_width":0,"neve_meta_title_alignment":"","neve_meta_author_avatar":"","neve_post_elements_order":"","neve_meta_disable_header":"","neve_meta_disable_footer":"","neve_meta_disable_title":""},"product_brand":[],"product_cat":[15,1399,8705,8702],"product_tag":[6675],"class_list":{"0":"post-18248","1":"product","2":"type-product","3":"status-publish","4":"has-post-thumbnail","6":"product_cat-sin-categorizar","7":"product_cat-accesorios-redes","8":"product_cat-accesorios-redes-wifi","9":"product_cat-herramientasconectores-redes","10":"product_tag-archer-tx20e","12":"first","13":"instock","14":"taxable","15":"shipping-taxable","16":"purchasable","17":"product-type-simple"},"yoast_head":"<!-- This site is optimized with the Yoast SEO plugin v26.0 - https:\/\/yoast.com\/wordpress\/plugins\/seo\/ -->\n<title>TP-Link Archer TX20E Adaptador PCIe WiFi6 AX1800 - Aivlisoft Inform\u00e1tica<\/title>\n<meta name=\"robots\" content=\"index, follow, max-snippet:-1, max-image-preview:large, max-video-preview:-1\" \/>\n<link rel=\"canonical\" href=\"https:\/\/aivlisoft.net\/shop\/producto\/tp-link-archer-tx20e-adaptador-pcie-wifi6-ax1800\/\" \/>\n<meta property=\"og:locale\" content=\"es_ES\" \/>\n<meta property=\"og:type\" content=\"article\" \/>\n<meta property=\"og:title\" content=\"TP-Link Archer TX20E Adaptador PCIe WiFi6 AX1800 - Aivlisoft Inform\u00e1tica\" \/>\n<meta property=\"og:description\" content=\"&nbsp; Marca TP-Link Modelo Archer TX20E Hardware &#8211; Antenas : 2 x antenas de doble banda de alta ganancia &#8211; Chipset: Realtek Wi-Fi 6 Chipset Inal&aacute;mbricas &#8211; Est&aacute;ndares Inal&aacute;mbricos &nbsp;&nbsp; &nbsp; &nbsp; IEEE 802.11ax\/ac\/n\/a 5 GHz &nbsp; IEEE 802.11ax\/n\/g\/b 2.4 GHz &nbsp; Bluetooth 5.2 &#8211; Tasa de se&ntilde;al WLAN 5 GHz &nbsp; 11ax: hasta 1201&hellip;&nbsp;TP-Link Archer TX20E Adaptador PCIe WiFi6 AX1800\" \/>\n<meta property=\"og:url\" content=\"https:\/\/aivlisoft.net\/shop\/producto\/tp-link-archer-tx20e-adaptador-pcie-wifi6-ax1800\/\" \/>\n<meta property=\"og:site_name\" content=\"Aivlisoft Inform\u00e1tica\" \/>\n<meta property=\"article:modified_time\" content=\"2025-01-14T20:19:49+00:00\" \/>\n<meta property=\"og:image\" content=\"https:\/\/aivlisoft.net\/shop\/wp-content\/uploads\/2025\/01\/NADAIN0294_800.jpg\" \/>\n\t<meta property=\"og:image:width\" content=\"800\" \/>\n\t<meta property=\"og:image:height\" content=\"800\" \/>\n\t<meta property=\"og:image:type\" content=\"image\/jpeg\" \/>\n<meta name=\"twitter:card\" content=\"summary_large_image\" \/>\n<meta name=\"twitter:label1\" content=\"Tiempo de lectura\" \/>\n\t<meta name=\"twitter:data1\" content=\"2 minutos\" \/>\n<script type=\"application\/ld+json\" class=\"yoast-schema-graph\">{\"@context\":\"https:\/\/schema.org\",\"@graph\":[{\"@type\":\"WebPage\",\"@id\":\"https:\/\/aivlisoft.net\/shop\/producto\/tp-link-archer-tx20e-adaptador-pcie-wifi6-ax1800\/\",\"url\":\"https:\/\/aivlisoft.net\/shop\/producto\/tp-link-archer-tx20e-adaptador-pcie-wifi6-ax1800\/\",\"name\":\"TP-Link Archer TX20E Adaptador PCIe WiFi6 AX1800 - Aivlisoft Inform\u00e1tica\",\"isPartOf\":{\"@id\":\"https:\/\/aivlisoft.net\/shop\/#website\"},\"primaryImageOfPage\":{\"@id\":\"https:\/\/aivlisoft.net\/shop\/producto\/tp-link-archer-tx20e-adaptador-pcie-wifi6-ax1800\/#primaryimage\"},\"image\":{\"@id\":\"https:\/\/aivlisoft.net\/shop\/producto\/tp-link-archer-tx20e-adaptador-pcie-wifi6-ax1800\/#primaryimage\"},\"thumbnailUrl\":\"https:\/\/aivlisoft.net\/shop\/wp-content\/uploads\/2025\/01\/NADAIN0294_800.jpg\",\"datePublished\":\"2025-01-13T15:20:18+00:00\",\"dateModified\":\"2025-01-14T20:19:49+00:00\",\"breadcrumb\":{\"@id\":\"https:\/\/aivlisoft.net\/shop\/producto\/tp-link-archer-tx20e-adaptador-pcie-wifi6-ax1800\/#breadcrumb\"},\"inLanguage\":\"es\",\"potentialAction\":[{\"@type\":\"ReadAction\",\"target\":[\"https:\/\/aivlisoft.net\/shop\/producto\/tp-link-archer-tx20e-adaptador-pcie-wifi6-ax1800\/\"]}]},{\"@type\":\"ImageObject\",\"inLanguage\":\"es\",\"@id\":\"https:\/\/aivlisoft.net\/shop\/producto\/tp-link-archer-tx20e-adaptador-pcie-wifi6-ax1800\/#primaryimage\",\"url\":\"https:\/\/aivlisoft.net\/shop\/wp-content\/uploads\/2025\/01\/NADAIN0294_800.jpg\",\"contentUrl\":\"https:\/\/aivlisoft.net\/shop\/wp-content\/uploads\/2025\/01\/NADAIN0294_800.jpg\",\"width\":800,\"height\":800},{\"@type\":\"BreadcrumbList\",\"@id\":\"https:\/\/aivlisoft.net\/shop\/producto\/tp-link-archer-tx20e-adaptador-pcie-wifi6-ax1800\/#breadcrumb\",\"itemListElement\":[{\"@type\":\"ListItem\",\"position\":1,\"name\":\"Portada\",\"item\":\"https:\/\/aivlisoft.net\/shop\/\"},{\"@type\":\"ListItem\",\"position\":2,\"name\":\"Tienda\",\"item\":\"https:\/\/aivlisoft.net\/shop\/tienda\/\"},{\"@type\":\"ListItem\",\"position\":3,\"name\":\"TP-Link Archer TX20E Adaptador PCIe WiFi6 AX1800\"}]},{\"@type\":\"WebSite\",\"@id\":\"https:\/\/aivlisoft.net\/shop\/#website\",\"url\":\"https:\/\/aivlisoft.net\/shop\/\",\"name\":\"Aivlisoft Inform\u00e1tica\",\"description\":\"En Aivlisoft Inform\u00e1tica ofrecemos soluciones tecnol\u00f3gicas para empresas: venta de ordenadores, consumibles, perif\u00e9ricos y m\u00e1s. Calidad, atenci\u00f3n personalizada y los mejores precios para tu negocio.\",\"publisher\":{\"@id\":\"https:\/\/aivlisoft.net\/shop\/#organization\"},\"potentialAction\":[{\"@type\":\"SearchAction\",\"target\":{\"@type\":\"EntryPoint\",\"urlTemplate\":\"https:\/\/aivlisoft.net\/shop\/?s={search_term_string}\"},\"query-input\":{\"@type\":\"PropertyValueSpecification\",\"valueRequired\":true,\"valueName\":\"search_term_string\"}}],\"inLanguage\":\"es\"},{\"@type\":\"Organization\",\"@id\":\"https:\/\/aivlisoft.net\/shop\/#organization\",\"name\":\"Aivlisoft Inform\u00e1tica\",\"url\":\"https:\/\/aivlisoft.net\/shop\/\",\"logo\":{\"@type\":\"ImageObject\",\"inLanguage\":\"es\",\"@id\":\"https:\/\/aivlisoft.net\/shop\/#\/schema\/logo\/image\/\",\"url\":\"https:\/\/aivlisoft.net\/shop\/wp-content\/uploads\/2024\/12\/removal.ai_5b848c54-0cdf-4140-95c5-c5536bb7573b-logodef.png\",\"contentUrl\":\"https:\/\/aivlisoft.net\/shop\/wp-content\/uploads\/2024\/12\/removal.ai_5b848c54-0cdf-4140-95c5-c5536bb7573b-logodef.png\",\"width\":484,\"height\":182,\"caption\":\"Aivlisoft Inform\u00e1tica\"},\"image\":{\"@id\":\"https:\/\/aivlisoft.net\/shop\/#\/schema\/logo\/image\/\"}}]}<\/script>\n<!-- \/ Yoast SEO plugin. -->","yoast_head_json":{"title":"TP-Link Archer TX20E Adaptador PCIe WiFi6 AX1800 - Aivlisoft Inform\u00e1tica","robots":{"index":"index","follow":"follow","max-snippet":"max-snippet:-1","max-image-preview":"max-image-preview:large","max-video-preview":"max-video-preview:-1"},"canonical":"https:\/\/aivlisoft.net\/shop\/producto\/tp-link-archer-tx20e-adaptador-pcie-wifi6-ax1800\/","og_locale":"es_ES","og_type":"article","og_title":"TP-Link Archer TX20E Adaptador PCIe WiFi6 AX1800 - Aivlisoft Inform\u00e1tica","og_description":"&nbsp; Marca TP-Link Modelo Archer TX20E Hardware &#8211; Antenas : 2 x antenas de doble banda de alta ganancia &#8211; Chipset: Realtek Wi-Fi 6 Chipset Inal&aacute;mbricas &#8211; Est&aacute;ndares Inal&aacute;mbricos &nbsp;&nbsp; &nbsp; &nbsp; IEEE 802.11ax\/ac\/n\/a 5 GHz &nbsp; IEEE 802.11ax\/n\/g\/b 2.4 GHz &nbsp; Bluetooth 5.2 &#8211; Tasa de se&ntilde;al WLAN 5 GHz &nbsp; 11ax: hasta 1201&hellip;&nbsp;TP-Link Archer TX20E Adaptador PCIe WiFi6 AX1800","og_url":"https:\/\/aivlisoft.net\/shop\/producto\/tp-link-archer-tx20e-adaptador-pcie-wifi6-ax1800\/","og_site_name":"Aivlisoft Inform\u00e1tica","article_modified_time":"2025-01-14T20:19:49+00:00","og_image":[{"width":800,"height":800,"url":"https:\/\/aivlisoft.net\/shop\/wp-content\/uploads\/2025\/01\/NADAIN0294_800.jpg","type":"image\/jpeg"}],"twitter_card":"summary_large_image","twitter_misc":{"Tiempo de lectura":"2 minutos"},"schema":{"@context":"https:\/\/schema.org","@graph":[{"@type":"WebPage","@id":"https:\/\/aivlisoft.net\/shop\/producto\/tp-link-archer-tx20e-adaptador-pcie-wifi6-ax1800\/","url":"https:\/\/aivlisoft.net\/shop\/producto\/tp-link-archer-tx20e-adaptador-pcie-wifi6-ax1800\/","name":"TP-Link Archer TX20E Adaptador PCIe WiFi6 AX1800 - Aivlisoft Inform\u00e1tica","isPartOf":{"@id":"https:\/\/aivlisoft.net\/shop\/#website"},"primaryImageOfPage":{"@id":"https:\/\/aivlisoft.net\/shop\/producto\/tp-link-archer-tx20e-adaptador-pcie-wifi6-ax1800\/#primaryimage"},"image":{"@id":"https:\/\/aivlisoft.net\/shop\/producto\/tp-link-archer-tx20e-adaptador-pcie-wifi6-ax1800\/#primaryimage"},"thumbnailUrl":"https:\/\/aivlisoft.net\/shop\/wp-content\/uploads\/2025\/01\/NADAIN0294_800.jpg","datePublished":"2025-01-13T15:20:18+00:00","dateModified":"2025-01-14T20:19:49+00:00","breadcrumb":{"@id":"https:\/\/aivlisoft.net\/shop\/producto\/tp-link-archer-tx20e-adaptador-pcie-wifi6-ax1800\/#breadcrumb"},"inLanguage":"es","potentialAction":[{"@type":"ReadAction","target":["https:\/\/aivlisoft.net\/shop\/producto\/tp-link-archer-tx20e-adaptador-pcie-wifi6-ax1800\/"]}]},{"@type":"ImageObject","inLanguage":"es","@id":"https:\/\/aivlisoft.net\/shop\/producto\/tp-link-archer-tx20e-adaptador-pcie-wifi6-ax1800\/#primaryimage","url":"https:\/\/aivlisoft.net\/shop\/wp-content\/uploads\/2025\/01\/NADAIN0294_800.jpg","contentUrl":"https:\/\/aivlisoft.net\/shop\/wp-content\/uploads\/2025\/01\/NADAIN0294_800.jpg","width":800,"height":800},{"@type":"BreadcrumbList","@id":"https:\/\/aivlisoft.net\/shop\/producto\/tp-link-archer-tx20e-adaptador-pcie-wifi6-ax1800\/#breadcrumb","itemListElement":[{"@type":"ListItem","position":1,"name":"Portada","item":"https:\/\/aivlisoft.net\/shop\/"},{"@type":"ListItem","position":2,"name":"Tienda","item":"https:\/\/aivlisoft.net\/shop\/tienda\/"},{"@type":"ListItem","position":3,"name":"TP-Link Archer TX20E Adaptador PCIe WiFi6 AX1800"}]},{"@type":"WebSite","@id":"https:\/\/aivlisoft.net\/shop\/#website","url":"https:\/\/aivlisoft.net\/shop\/","name":"Aivlisoft Inform\u00e1tica","description":"En Aivlisoft Inform\u00e1tica ofrecemos soluciones tecnol\u00f3gicas para empresas: venta de ordenadores, consumibles, perif\u00e9ricos y m\u00e1s. Calidad, atenci\u00f3n personalizada y los mejores precios para tu negocio.","publisher":{"@id":"https:\/\/aivlisoft.net\/shop\/#organization"},"potentialAction":[{"@type":"SearchAction","target":{"@type":"EntryPoint","urlTemplate":"https:\/\/aivlisoft.net\/shop\/?s={search_term_string}"},"query-input":{"@type":"PropertyValueSpecification","valueRequired":true,"valueName":"search_term_string"}}],"inLanguage":"es"},{"@type":"Organization","@id":"https:\/\/aivlisoft.net\/shop\/#organization","name":"Aivlisoft Inform\u00e1tica","url":"https:\/\/aivlisoft.net\/shop\/","logo":{"@type":"ImageObject","inLanguage":"es","@id":"https:\/\/aivlisoft.net\/shop\/#\/schema\/logo\/image\/","url":"https:\/\/aivlisoft.net\/shop\/wp-content\/uploads\/2024\/12\/removal.ai_5b848c54-0cdf-4140-95c5-c5536bb7573b-logodef.png","contentUrl":"https:\/\/aivlisoft.net\/shop\/wp-content\/uploads\/2024\/12\/removal.ai_5b848c54-0cdf-4140-95c5-c5536bb7573b-logodef.png","width":484,"height":182,"caption":"Aivlisoft Inform\u00e1tica"},"image":{"@id":"https:\/\/aivlisoft.net\/shop\/#\/schema\/logo\/image\/"}}]}},"_links":{"self":[{"href":"https:\/\/aivlisoft.net\/shop\/wp-json\/wp\/v2\/product\/18248","targetHints":{"allow":["GET"]}}],"collection":[{"href":"https:\/\/aivlisoft.net\/shop\/wp-json\/wp\/v2\/product"}],"about":[{"href":"https:\/\/aivlisoft.net\/shop\/wp-json\/wp\/v2\/types\/product"}],"wp:featuredmedia":[{"embeddable":true,"href":"https:\/\/aivlisoft.net\/shop\/wp-json\/wp\/v2\/media\/18249"}],"wp:attachment":[{"href":"https:\/\/aivlisoft.net\/shop\/wp-json\/wp\/v2\/media?parent=18248"}],"wp:term":[{"taxonomy":"product_brand","embeddable":true,"href":"https:\/\/aivlisoft.net\/shop\/wp-json\/wp\/v2\/product_brand?post=18248"},{"taxonomy":"product_cat","embeddable":true,"href":"https:\/\/aivlisoft.net\/shop\/wp-json\/wp\/v2\/product_cat?post=18248"},{"taxonomy":"product_tag","embeddable":true,"href":"https:\/\/aivlisoft.net\/shop\/wp-json\/wp\/v2\/product_tag?post=18248"}],"curies":[{"name":"wp","href":"https:\/\/api.w.org\/{rel}","templated":true}]}}