{"id":18233,"date":"2025-01-13T15:20:11","date_gmt":"2025-01-13T15:20:11","guid":{"rendered":"https:\/\/aivlisoft.com\/?post_type=product&#038;p=18233"},"modified":"2025-01-14T20:19:50","modified_gmt":"2025-01-14T20:19:50","slug":"d-link-dwa-185-ac1300-mu-mimo-wi-fi-usb-adapter","status":"publish","type":"product","link":"https:\/\/aivlisoft.net\/shop\/producto\/d-link-dwa-185-ac1300-mu-mimo-wi-fi-usb-adapter\/","title":{"rendered":"D-Link DWA-185 AC1300 MU-MIMO Wi-Fi USB Adapter"},"content":{"rendered":"<p>&nbsp;<\/p>\n<table class=\"tabla_caracteristicas k-table\" width=\"100%\">\n<tr>\n<td valign=\"top\"><strong>Marca<\/strong><\/td>\n<td>D-Link<\/td>\n<\/tr>\n<tr>\n<td valign=\"top\"><strong>Modelo<\/strong><\/td>\n<td>\n<div><strong>DWA-185<\/strong><\/div>\n<\/td>\n<\/tr>\n<tr>\n<td valign=\"top\"><strong>Interfaz<\/strong><\/td>\n<td>&#8211; USB 3.0<\/td>\n<\/tr>\n<tr>\n<td valign=\"top\">\n<div><strong>Caracter&iacute;sticas <\/strong><\/div>\n<div><strong>principales<\/strong><\/div>\n<\/td>\n<td>&#8211; Antena desmontable omnidireccional de 5 dBi, antena integrada de 2 dBiRequisitos<br \/>\t\t\t&#8211; Sistema Operativo: Windows 7\/8\/10, Linux, Mac OS<br \/>\t\t\t<strong>Conectividad<\/strong><br \/>\t\t\t&#8211; Normas: IEEE 802.11a\/b\/g\/n\/ac<br \/>\t\t\t&#8211; Compatibilidad con MU-MIMO<br \/>\t\t\t&#8211; Rango de frecuencia:<br \/>\t\t\t&nbsp; 802.11b\/g\/n: 2,4 GHz a 2,4835 GHz<br \/>\t\t\t&nbsp; 802.11a\/n\/ac: 5,15 GHz a 5,35 GHz, 5,725 GHz a 5,825 GHz4<br \/>\t\t\t&#8211; Seguridad inal&aacute;mbrica:<br \/>\t\t\t&nbsp; Configuraci&oacute;n protegida Wi-Fi<br \/>\t\t\t&nbsp; WEP de 64\/128 bits<br \/>\t\t\t&nbsp; WPA\/WPA2<br \/>\t\t\t&nbsp; WPA-PSK\/WPA2-PSK (TKIP\/AES)<br \/>\t\t\t&#8211; Velocidad inal&aacute;mbrica:<br \/>\t\t\t&nbsp; IEEE 802.11a: 6, 9, 12, 18, 24, 36, 48 y 54Mbps<br \/>\t\t\t&nbsp; IEEE 802.11b: 1, 2, 5.5 y 11 Mbps<br \/>\t\t\t&nbsp; IEEE 802.11g: 6, 9, 12, 18, 24, 36, 48 y 54Mbps<br \/>\t\t\t&nbsp; IEEE 802.11n: hasta 400Mbps<br \/>\t\t\t&nbsp; IEEE 802.11ac: hasta 867 Mbps<\/td>\n<\/tr>\n<tr>\n<td valign=\"top\">\n<div><strong>Otras <\/strong><\/div>\n<div><strong>Caracteristicas<\/strong><\/div>\n<\/td>\n<td>&#8211; Temperatura Funcionamiento: 0 a 40 &deg;C<br \/>\t\t\t&#8211; Temperatura Almacenamiento: -40 a 60 &deg;C<br \/>\t\t\t&#8211; Humedad en funcionamiento: 10 % a 90 % sin condensaci&oacute;n<br \/>\t\t\t&#8211; Humedad almacenamiento: 5% a 95% sin condensaci&oacute;n<br \/>\t\t\t&#8211; Dimensiones: 47 x 20,5 x 12 mm<\/td>\n<\/tr>\n<tr>\n<td valign=\"top\"><strong>Fecha de revisi&oacute;n<\/strong><\/td>\n<td>02-01-2023 por RTY<\/td>\n<\/tr>\n<\/table>\n","protected":false},"excerpt":{"rendered":"<p>&nbsp; Marca D-Link Modelo DWA-185 Interfaz &#8211; USB 3.0 Caracter&iacute;sticas principales &#8211; Antena desmontable omnidireccional de 5 dBi, antena integrada de 2 dBiRequisitos &#8211; Sistema Operativo: Windows 7\/8\/10, Linux, Mac OS Conectividad &#8211; Normas: IEEE 802.11a\/b\/g\/n\/ac &#8211; Compatibilidad con MU-MIMO &#8211; Rango de frecuencia: &nbsp; 802.11b\/g\/n: 2,4 GHz a 2,4835 GHz &nbsp; 802.11a\/n\/ac: 5,15 GHz&hellip;&nbsp;<a href=\"https:\/\/aivlisoft.net\/shop\/producto\/d-link-dwa-185-ac1300-mu-mimo-wi-fi-usb-adapter\/\" rel=\"bookmark\"><span class=\"screen-reader-text\">D-Link DWA-185 AC1300 MU-MIMO Wi-Fi USB Adapter<\/span><\/a><\/p>\n","protected":false},"featured_media":18234,"template":"","meta":{"neve_meta_sidebar":"","neve_meta_container":"","neve_meta_enable_content_width":"","neve_meta_content_width":0,"neve_meta_title_alignment":"","neve_meta_author_avatar":"","neve_post_elements_order":"","neve_meta_disable_header":"","neve_meta_disable_footer":"","neve_meta_disable_title":""},"product_brand":[],"product_cat":[15,1399,8705,8702],"product_tag":[6671],"class_list":{"0":"post-18233","1":"product","2":"type-product","3":"status-publish","4":"has-post-thumbnail","6":"product_cat-sin-categorizar","7":"product_cat-accesorios-redes","8":"product_cat-accesorios-redes-wifi","9":"product_cat-herramientasconectores-redes","10":"product_tag-dwa-185","12":"first","13":"instock","14":"taxable","15":"shipping-taxable","16":"purchasable","17":"product-type-simple"},"yoast_head":"<!-- This site is optimized with the Yoast SEO plugin v26.0 - https:\/\/yoast.com\/wordpress\/plugins\/seo\/ -->\n<title>D-Link DWA-185 AC1300 MU-MIMO Wi-Fi USB Adapter - Aivlisoft Inform\u00e1tica<\/title>\n<meta name=\"robots\" content=\"index, follow, max-snippet:-1, max-image-preview:large, max-video-preview:-1\" \/>\n<link rel=\"canonical\" href=\"https:\/\/aivlisoft.net\/shop\/producto\/d-link-dwa-185-ac1300-mu-mimo-wi-fi-usb-adapter\/\" \/>\n<meta property=\"og:locale\" content=\"es_ES\" \/>\n<meta property=\"og:type\" content=\"article\" \/>\n<meta property=\"og:title\" content=\"D-Link DWA-185 AC1300 MU-MIMO Wi-Fi USB Adapter - Aivlisoft Inform\u00e1tica\" \/>\n<meta property=\"og:description\" content=\"&nbsp; Marca D-Link Modelo DWA-185 Interfaz &#8211; USB 3.0 Caracter&iacute;sticas principales &#8211; Antena desmontable omnidireccional de 5 dBi, antena integrada de 2 dBiRequisitos &#8211; Sistema Operativo: Windows 7\/8\/10, Linux, Mac OS Conectividad &#8211; Normas: IEEE 802.11a\/b\/g\/n\/ac &#8211; Compatibilidad con MU-MIMO &#8211; Rango de frecuencia: &nbsp; 802.11b\/g\/n: 2,4 GHz a 2,4835 GHz &nbsp; 802.11a\/n\/ac: 5,15 GHz&hellip;&nbsp;D-Link DWA-185 AC1300 MU-MIMO Wi-Fi USB Adapter\" \/>\n<meta property=\"og:url\" content=\"https:\/\/aivlisoft.net\/shop\/producto\/d-link-dwa-185-ac1300-mu-mimo-wi-fi-usb-adapter\/\" \/>\n<meta property=\"og:site_name\" content=\"Aivlisoft Inform\u00e1tica\" \/>\n<meta property=\"article:modified_time\" content=\"2025-01-14T20:19:50+00:00\" \/>\n<meta property=\"og:image\" content=\"https:\/\/aivlisoft.net\/shop\/wp-content\/uploads\/2025\/01\/NADAIN0289_800.jpg\" \/>\n\t<meta property=\"og:image:width\" content=\"800\" \/>\n\t<meta property=\"og:image:height\" content=\"800\" \/>\n\t<meta property=\"og:image:type\" content=\"image\/jpeg\" \/>\n<meta name=\"twitter:card\" content=\"summary_large_image\" \/>\n<meta name=\"twitter:label1\" content=\"Tiempo de lectura\" \/>\n\t<meta name=\"twitter:data1\" content=\"1 minuto\" \/>\n<script type=\"application\/ld+json\" class=\"yoast-schema-graph\">{\"@context\":\"https:\/\/schema.org\",\"@graph\":[{\"@type\":\"WebPage\",\"@id\":\"https:\/\/aivlisoft.net\/shop\/producto\/d-link-dwa-185-ac1300-mu-mimo-wi-fi-usb-adapter\/\",\"url\":\"https:\/\/aivlisoft.net\/shop\/producto\/d-link-dwa-185-ac1300-mu-mimo-wi-fi-usb-adapter\/\",\"name\":\"D-Link DWA-185 AC1300 MU-MIMO Wi-Fi USB Adapter - Aivlisoft Inform\u00e1tica\",\"isPartOf\":{\"@id\":\"https:\/\/aivlisoft.net\/shop\/#website\"},\"primaryImageOfPage\":{\"@id\":\"https:\/\/aivlisoft.net\/shop\/producto\/d-link-dwa-185-ac1300-mu-mimo-wi-fi-usb-adapter\/#primaryimage\"},\"image\":{\"@id\":\"https:\/\/aivlisoft.net\/shop\/producto\/d-link-dwa-185-ac1300-mu-mimo-wi-fi-usb-adapter\/#primaryimage\"},\"thumbnailUrl\":\"https:\/\/aivlisoft.net\/shop\/wp-content\/uploads\/2025\/01\/NADAIN0289_800.jpg\",\"datePublished\":\"2025-01-13T15:20:11+00:00\",\"dateModified\":\"2025-01-14T20:19:50+00:00\",\"breadcrumb\":{\"@id\":\"https:\/\/aivlisoft.net\/shop\/producto\/d-link-dwa-185-ac1300-mu-mimo-wi-fi-usb-adapter\/#breadcrumb\"},\"inLanguage\":\"es\",\"potentialAction\":[{\"@type\":\"ReadAction\",\"target\":[\"https:\/\/aivlisoft.net\/shop\/producto\/d-link-dwa-185-ac1300-mu-mimo-wi-fi-usb-adapter\/\"]}]},{\"@type\":\"ImageObject\",\"inLanguage\":\"es\",\"@id\":\"https:\/\/aivlisoft.net\/shop\/producto\/d-link-dwa-185-ac1300-mu-mimo-wi-fi-usb-adapter\/#primaryimage\",\"url\":\"https:\/\/aivlisoft.net\/shop\/wp-content\/uploads\/2025\/01\/NADAIN0289_800.jpg\",\"contentUrl\":\"https:\/\/aivlisoft.net\/shop\/wp-content\/uploads\/2025\/01\/NADAIN0289_800.jpg\",\"width\":800,\"height\":800},{\"@type\":\"BreadcrumbList\",\"@id\":\"https:\/\/aivlisoft.net\/shop\/producto\/d-link-dwa-185-ac1300-mu-mimo-wi-fi-usb-adapter\/#breadcrumb\",\"itemListElement\":[{\"@type\":\"ListItem\",\"position\":1,\"name\":\"Portada\",\"item\":\"https:\/\/aivlisoft.net\/shop\/\"},{\"@type\":\"ListItem\",\"position\":2,\"name\":\"Tienda\",\"item\":\"https:\/\/aivlisoft.net\/shop\/tienda\/\"},{\"@type\":\"ListItem\",\"position\":3,\"name\":\"D-Link DWA-185 AC1300 MU-MIMO Wi-Fi USB Adapter\"}]},{\"@type\":\"WebSite\",\"@id\":\"https:\/\/aivlisoft.net\/shop\/#website\",\"url\":\"https:\/\/aivlisoft.net\/shop\/\",\"name\":\"Aivlisoft Inform\u00e1tica\",\"description\":\"En Aivlisoft Inform\u00e1tica ofrecemos soluciones tecnol\u00f3gicas para empresas: venta de ordenadores, consumibles, perif\u00e9ricos y m\u00e1s. Calidad, atenci\u00f3n personalizada y los mejores precios para tu negocio.\",\"publisher\":{\"@id\":\"https:\/\/aivlisoft.net\/shop\/#organization\"},\"potentialAction\":[{\"@type\":\"SearchAction\",\"target\":{\"@type\":\"EntryPoint\",\"urlTemplate\":\"https:\/\/aivlisoft.net\/shop\/?s={search_term_string}\"},\"query-input\":{\"@type\":\"PropertyValueSpecification\",\"valueRequired\":true,\"valueName\":\"search_term_string\"}}],\"inLanguage\":\"es\"},{\"@type\":\"Organization\",\"@id\":\"https:\/\/aivlisoft.net\/shop\/#organization\",\"name\":\"Aivlisoft Inform\u00e1tica\",\"url\":\"https:\/\/aivlisoft.net\/shop\/\",\"logo\":{\"@type\":\"ImageObject\",\"inLanguage\":\"es\",\"@id\":\"https:\/\/aivlisoft.net\/shop\/#\/schema\/logo\/image\/\",\"url\":\"https:\/\/aivlisoft.net\/shop\/wp-content\/uploads\/2024\/12\/removal.ai_5b848c54-0cdf-4140-95c5-c5536bb7573b-logodef.png\",\"contentUrl\":\"https:\/\/aivlisoft.net\/shop\/wp-content\/uploads\/2024\/12\/removal.ai_5b848c54-0cdf-4140-95c5-c5536bb7573b-logodef.png\",\"width\":484,\"height\":182,\"caption\":\"Aivlisoft Inform\u00e1tica\"},\"image\":{\"@id\":\"https:\/\/aivlisoft.net\/shop\/#\/schema\/logo\/image\/\"}}]}<\/script>\n<!-- \/ Yoast SEO plugin. -->","yoast_head_json":{"title":"D-Link DWA-185 AC1300 MU-MIMO Wi-Fi USB Adapter - Aivlisoft Inform\u00e1tica","robots":{"index":"index","follow":"follow","max-snippet":"max-snippet:-1","max-image-preview":"max-image-preview:large","max-video-preview":"max-video-preview:-1"},"canonical":"https:\/\/aivlisoft.net\/shop\/producto\/d-link-dwa-185-ac1300-mu-mimo-wi-fi-usb-adapter\/","og_locale":"es_ES","og_type":"article","og_title":"D-Link DWA-185 AC1300 MU-MIMO Wi-Fi USB Adapter - Aivlisoft Inform\u00e1tica","og_description":"&nbsp; Marca D-Link Modelo DWA-185 Interfaz &#8211; USB 3.0 Caracter&iacute;sticas principales &#8211; Antena desmontable omnidireccional de 5 dBi, antena integrada de 2 dBiRequisitos &#8211; Sistema Operativo: Windows 7\/8\/10, Linux, Mac OS Conectividad &#8211; Normas: IEEE 802.11a\/b\/g\/n\/ac &#8211; Compatibilidad con MU-MIMO &#8211; Rango de frecuencia: &nbsp; 802.11b\/g\/n: 2,4 GHz a 2,4835 GHz &nbsp; 802.11a\/n\/ac: 5,15 GHz&hellip;&nbsp;D-Link DWA-185 AC1300 MU-MIMO Wi-Fi USB Adapter","og_url":"https:\/\/aivlisoft.net\/shop\/producto\/d-link-dwa-185-ac1300-mu-mimo-wi-fi-usb-adapter\/","og_site_name":"Aivlisoft Inform\u00e1tica","article_modified_time":"2025-01-14T20:19:50+00:00","og_image":[{"width":800,"height":800,"url":"https:\/\/aivlisoft.net\/shop\/wp-content\/uploads\/2025\/01\/NADAIN0289_800.jpg","type":"image\/jpeg"}],"twitter_card":"summary_large_image","twitter_misc":{"Tiempo de lectura":"1 minuto"},"schema":{"@context":"https:\/\/schema.org","@graph":[{"@type":"WebPage","@id":"https:\/\/aivlisoft.net\/shop\/producto\/d-link-dwa-185-ac1300-mu-mimo-wi-fi-usb-adapter\/","url":"https:\/\/aivlisoft.net\/shop\/producto\/d-link-dwa-185-ac1300-mu-mimo-wi-fi-usb-adapter\/","name":"D-Link DWA-185 AC1300 MU-MIMO Wi-Fi USB Adapter - Aivlisoft Inform\u00e1tica","isPartOf":{"@id":"https:\/\/aivlisoft.net\/shop\/#website"},"primaryImageOfPage":{"@id":"https:\/\/aivlisoft.net\/shop\/producto\/d-link-dwa-185-ac1300-mu-mimo-wi-fi-usb-adapter\/#primaryimage"},"image":{"@id":"https:\/\/aivlisoft.net\/shop\/producto\/d-link-dwa-185-ac1300-mu-mimo-wi-fi-usb-adapter\/#primaryimage"},"thumbnailUrl":"https:\/\/aivlisoft.net\/shop\/wp-content\/uploads\/2025\/01\/NADAIN0289_800.jpg","datePublished":"2025-01-13T15:20:11+00:00","dateModified":"2025-01-14T20:19:50+00:00","breadcrumb":{"@id":"https:\/\/aivlisoft.net\/shop\/producto\/d-link-dwa-185-ac1300-mu-mimo-wi-fi-usb-adapter\/#breadcrumb"},"inLanguage":"es","potentialAction":[{"@type":"ReadAction","target":["https:\/\/aivlisoft.net\/shop\/producto\/d-link-dwa-185-ac1300-mu-mimo-wi-fi-usb-adapter\/"]}]},{"@type":"ImageObject","inLanguage":"es","@id":"https:\/\/aivlisoft.net\/shop\/producto\/d-link-dwa-185-ac1300-mu-mimo-wi-fi-usb-adapter\/#primaryimage","url":"https:\/\/aivlisoft.net\/shop\/wp-content\/uploads\/2025\/01\/NADAIN0289_800.jpg","contentUrl":"https:\/\/aivlisoft.net\/shop\/wp-content\/uploads\/2025\/01\/NADAIN0289_800.jpg","width":800,"height":800},{"@type":"BreadcrumbList","@id":"https:\/\/aivlisoft.net\/shop\/producto\/d-link-dwa-185-ac1300-mu-mimo-wi-fi-usb-adapter\/#breadcrumb","itemListElement":[{"@type":"ListItem","position":1,"name":"Portada","item":"https:\/\/aivlisoft.net\/shop\/"},{"@type":"ListItem","position":2,"name":"Tienda","item":"https:\/\/aivlisoft.net\/shop\/tienda\/"},{"@type":"ListItem","position":3,"name":"D-Link DWA-185 AC1300 MU-MIMO Wi-Fi USB Adapter"}]},{"@type":"WebSite","@id":"https:\/\/aivlisoft.net\/shop\/#website","url":"https:\/\/aivlisoft.net\/shop\/","name":"Aivlisoft Inform\u00e1tica","description":"En Aivlisoft Inform\u00e1tica ofrecemos soluciones tecnol\u00f3gicas para empresas: venta de ordenadores, consumibles, perif\u00e9ricos y m\u00e1s. Calidad, atenci\u00f3n personalizada y los mejores precios para tu negocio.","publisher":{"@id":"https:\/\/aivlisoft.net\/shop\/#organization"},"potentialAction":[{"@type":"SearchAction","target":{"@type":"EntryPoint","urlTemplate":"https:\/\/aivlisoft.net\/shop\/?s={search_term_string}"},"query-input":{"@type":"PropertyValueSpecification","valueRequired":true,"valueName":"search_term_string"}}],"inLanguage":"es"},{"@type":"Organization","@id":"https:\/\/aivlisoft.net\/shop\/#organization","name":"Aivlisoft Inform\u00e1tica","url":"https:\/\/aivlisoft.net\/shop\/","logo":{"@type":"ImageObject","inLanguage":"es","@id":"https:\/\/aivlisoft.net\/shop\/#\/schema\/logo\/image\/","url":"https:\/\/aivlisoft.net\/shop\/wp-content\/uploads\/2024\/12\/removal.ai_5b848c54-0cdf-4140-95c5-c5536bb7573b-logodef.png","contentUrl":"https:\/\/aivlisoft.net\/shop\/wp-content\/uploads\/2024\/12\/removal.ai_5b848c54-0cdf-4140-95c5-c5536bb7573b-logodef.png","width":484,"height":182,"caption":"Aivlisoft Inform\u00e1tica"},"image":{"@id":"https:\/\/aivlisoft.net\/shop\/#\/schema\/logo\/image\/"}}]}},"_links":{"self":[{"href":"https:\/\/aivlisoft.net\/shop\/wp-json\/wp\/v2\/product\/18233","targetHints":{"allow":["GET"]}}],"collection":[{"href":"https:\/\/aivlisoft.net\/shop\/wp-json\/wp\/v2\/product"}],"about":[{"href":"https:\/\/aivlisoft.net\/shop\/wp-json\/wp\/v2\/types\/product"}],"wp:featuredmedia":[{"embeddable":true,"href":"https:\/\/aivlisoft.net\/shop\/wp-json\/wp\/v2\/media\/18234"}],"wp:attachment":[{"href":"https:\/\/aivlisoft.net\/shop\/wp-json\/wp\/v2\/media?parent=18233"}],"wp:term":[{"taxonomy":"product_brand","embeddable":true,"href":"https:\/\/aivlisoft.net\/shop\/wp-json\/wp\/v2\/product_brand?post=18233"},{"taxonomy":"product_cat","embeddable":true,"href":"https:\/\/aivlisoft.net\/shop\/wp-json\/wp\/v2\/product_cat?post=18233"},{"taxonomy":"product_tag","embeddable":true,"href":"https:\/\/aivlisoft.net\/shop\/wp-json\/wp\/v2\/product_tag?post=18233"}],"curies":[{"name":"wp","href":"https:\/\/api.w.org\/{rel}","templated":true}]}}