{"id":18231,"date":"2025-01-13T15:20:09","date_gmt":"2025-01-13T15:20:09","guid":{"rendered":"https:\/\/aivlisoft.com\/?post_type=product&#038;p=18231"},"modified":"2025-01-14T20:19:51","modified_gmt":"2025-01-14T20:19:51","slug":"d-link-dwa-x582-ax3000-wifi6-pcie-adapter-bt-5-0","status":"publish","type":"product","link":"https:\/\/aivlisoft.net\/shop\/producto\/d-link-dwa-x582-ax3000-wifi6-pcie-adapter-bt-5-0\/","title":{"rendered":"D-Link DWA-X582 AX3000 WiFi6 PCIe Adapter BT 5.0"},"content":{"rendered":"<p>&nbsp;<\/p>\n<table class=\"tabla_caracteristicas k-table\" width=\"100%\">\n<tr>\n<td valign=\"top\"><strong>Marca<\/strong><\/td>\n<td>D-Link<\/td>\n<\/tr>\n<tr>\n<td valign=\"top\"><strong>Modelo<\/strong><\/td>\n<td>\n<div><strong>DWA-X582<\/strong><\/div>\n<\/td>\n<\/tr>\n<tr>\n<td valign=\"top\"><strong>Interfaz<\/strong><\/td>\n<td>&#8211; PCI-Express (PCle)<br \/>\t\t\t&#8211; 2 x RP-SMA Connectors<br \/>\t\t\t&#8211; F-USB<\/td>\n<\/tr>\n<tr>\n<td valign=\"top\">&nbsp;<\/td>\n<td>&#8211; EEE 802.11ax\/ac\/n\/a 5 GHz<br \/>\t\t\t&#8211; IEEE 802.11ax\/n\/g\/b 2.4 GHz<br \/>\t\t\t&#8211; Bluetooth 5.1<\/td>\n<\/tr>\n<tr>\n<td valign=\"top\">\n<div><strong>Caracter&iacute;sticas <\/strong><\/div>\n<div><strong>principales<\/strong><\/div>\n<\/td>\n<td>\n<div><strong>Frecuencia de operaci&oacute;n<\/strong><br \/>\t\t\t&#8211; 2.4 GHz \/ 5 GHz<\/div>\n<p>\t\t\t<strong>Antena<\/strong><br \/>\t\t\t&#8211; 2 x antenas desmontables de 5 dBi<\/td>\n<\/tr>\n<tr>\n<td valign=\"top\">\n<div><strong>Otras <\/strong><\/div>\n<div><strong>Caracteristicas<\/strong><\/div>\n<\/td>\n<td><strong>Certificados<\/strong><br \/>\t\t\t&#8211; CE, FCC<br \/>\t\t\t<strong>Dimensiones<\/strong><br \/>\t\t\t&#8211; 103.3 x 68.9 x 21 ~ mm<br \/>\t\t\t<strong>Peso<\/strong><br \/>\t\t\t&#8211; 89 g<br \/>\t\t\t<strong>Medioambiente<\/strong><br \/>\t\t\t&#8211; Temperatura de funcionamiento: 0 &deg;C a 40 &deg;C ( &deg;F a &ordm;F)<br \/>\t\t\t&#8211; Temperatura de almacenamiento: -20 &deg; a 65 &deg; C ( &deg;F a &deg;F)<br \/>\t\t\t&#8211; Humedad en funcionamiento: 10 % a 90 % (sin condensaci&oacute;n)<br \/>\t\t\t&#8211; Humedad en almacenamiento: 10 % a 90 % (Sin condensaci&oacute;n)<br \/>\t\t\t<strong>SO compatibles<\/strong><br \/>\t\t\t&#8211; Windows 10 de 64 bits<br \/>\t\t\t&#8211; Linux 5.1 y posterior<\/td>\n<\/tr>\n<tr>\n<td valign=\"top\"><strong>Fecha de revisi&oacute;n<\/strong><\/td>\n<td>28-12-2016 por RTY<\/td>\n<\/tr>\n<\/table>\n","protected":false},"excerpt":{"rendered":"<p>&nbsp; Marca D-Link Modelo DWA-X582 Interfaz &#8211; PCI-Express (PCle) &#8211; 2 x RP-SMA Connectors &#8211; F-USB &nbsp; &#8211; EEE 802.11ax\/ac\/n\/a 5 GHz &#8211; IEEE 802.11ax\/n\/g\/b 2.4 GHz &#8211; Bluetooth 5.1 Caracter&iacute;sticas principales Frecuencia de operaci&oacute;n &#8211; 2.4 GHz \/ 5 GHz Antena &#8211; 2 x antenas desmontables de 5 dBi Otras Caracteristicas Certificados &#8211; CE,&hellip;&nbsp;<a href=\"https:\/\/aivlisoft.net\/shop\/producto\/d-link-dwa-x582-ax3000-wifi6-pcie-adapter-bt-5-0\/\" rel=\"bookmark\"><span class=\"screen-reader-text\">D-Link DWA-X582 AX3000 WiFi6 PCIe Adapter BT 5.0<\/span><\/a><\/p>\n","protected":false},"featured_media":18232,"template":"","meta":{"neve_meta_sidebar":"","neve_meta_container":"","neve_meta_enable_content_width":"","neve_meta_content_width":0,"neve_meta_title_alignment":"","neve_meta_author_avatar":"","neve_post_elements_order":"","neve_meta_disable_header":"","neve_meta_disable_footer":"","neve_meta_disable_title":""},"product_brand":[],"product_cat":[15,1399,8705,8702],"product_tag":[6670],"class_list":{"0":"post-18231","1":"product","2":"type-product","3":"status-publish","4":"has-post-thumbnail","6":"product_cat-sin-categorizar","7":"product_cat-accesorios-redes","8":"product_cat-accesorios-redes-wifi","9":"product_cat-herramientasconectores-redes","10":"product_tag-dwa-x582","12":"first","13":"instock","14":"taxable","15":"shipping-taxable","16":"purchasable","17":"product-type-simple"},"yoast_head":"<!-- This site is optimized with the Yoast SEO plugin v26.0 - https:\/\/yoast.com\/wordpress\/plugins\/seo\/ -->\n<title>D-Link DWA-X582 AX3000 WiFi6 PCIe Adapter BT 5.0 - Aivlisoft Inform\u00e1tica<\/title>\n<meta name=\"robots\" content=\"index, follow, max-snippet:-1, max-image-preview:large, max-video-preview:-1\" \/>\n<link rel=\"canonical\" href=\"https:\/\/aivlisoft.net\/shop\/producto\/d-link-dwa-x582-ax3000-wifi6-pcie-adapter-bt-5-0\/\" \/>\n<meta property=\"og:locale\" content=\"es_ES\" \/>\n<meta property=\"og:type\" content=\"article\" \/>\n<meta property=\"og:title\" content=\"D-Link DWA-X582 AX3000 WiFi6 PCIe Adapter BT 5.0 - Aivlisoft Inform\u00e1tica\" \/>\n<meta property=\"og:description\" content=\"&nbsp; Marca D-Link Modelo DWA-X582 Interfaz &#8211; PCI-Express (PCle) &#8211; 2 x RP-SMA Connectors &#8211; F-USB &nbsp; &#8211; EEE 802.11ax\/ac\/n\/a 5 GHz &#8211; IEEE 802.11ax\/n\/g\/b 2.4 GHz &#8211; Bluetooth 5.1 Caracter&iacute;sticas principales Frecuencia de operaci&oacute;n &#8211; 2.4 GHz \/ 5 GHz Antena &#8211; 2 x antenas desmontables de 5 dBi Otras Caracteristicas Certificados &#8211; CE,&hellip;&nbsp;D-Link DWA-X582 AX3000 WiFi6 PCIe Adapter BT 5.0\" \/>\n<meta property=\"og:url\" content=\"https:\/\/aivlisoft.net\/shop\/producto\/d-link-dwa-x582-ax3000-wifi6-pcie-adapter-bt-5-0\/\" \/>\n<meta property=\"og:site_name\" content=\"Aivlisoft Inform\u00e1tica\" \/>\n<meta property=\"article:modified_time\" content=\"2025-01-14T20:19:51+00:00\" \/>\n<meta property=\"og:image\" content=\"https:\/\/aivlisoft.net\/shop\/wp-content\/uploads\/2025\/01\/NADAIN0288_800.jpg\" \/>\n\t<meta property=\"og:image:width\" content=\"800\" \/>\n\t<meta property=\"og:image:height\" content=\"800\" \/>\n\t<meta property=\"og:image:type\" content=\"image\/jpeg\" \/>\n<meta name=\"twitter:card\" content=\"summary_large_image\" \/>\n<meta name=\"twitter:label1\" content=\"Tiempo de lectura\" \/>\n\t<meta name=\"twitter:data1\" content=\"1 minuto\" \/>\n<script type=\"application\/ld+json\" class=\"yoast-schema-graph\">{\"@context\":\"https:\/\/schema.org\",\"@graph\":[{\"@type\":\"WebPage\",\"@id\":\"https:\/\/aivlisoft.net\/shop\/producto\/d-link-dwa-x582-ax3000-wifi6-pcie-adapter-bt-5-0\/\",\"url\":\"https:\/\/aivlisoft.net\/shop\/producto\/d-link-dwa-x582-ax3000-wifi6-pcie-adapter-bt-5-0\/\",\"name\":\"D-Link DWA-X582 AX3000 WiFi6 PCIe Adapter BT 5.0 - Aivlisoft Inform\u00e1tica\",\"isPartOf\":{\"@id\":\"https:\/\/aivlisoft.net\/shop\/#website\"},\"primaryImageOfPage\":{\"@id\":\"https:\/\/aivlisoft.net\/shop\/producto\/d-link-dwa-x582-ax3000-wifi6-pcie-adapter-bt-5-0\/#primaryimage\"},\"image\":{\"@id\":\"https:\/\/aivlisoft.net\/shop\/producto\/d-link-dwa-x582-ax3000-wifi6-pcie-adapter-bt-5-0\/#primaryimage\"},\"thumbnailUrl\":\"https:\/\/aivlisoft.net\/shop\/wp-content\/uploads\/2025\/01\/NADAIN0288_800.jpg\",\"datePublished\":\"2025-01-13T15:20:09+00:00\",\"dateModified\":\"2025-01-14T20:19:51+00:00\",\"breadcrumb\":{\"@id\":\"https:\/\/aivlisoft.net\/shop\/producto\/d-link-dwa-x582-ax3000-wifi6-pcie-adapter-bt-5-0\/#breadcrumb\"},\"inLanguage\":\"es\",\"potentialAction\":[{\"@type\":\"ReadAction\",\"target\":[\"https:\/\/aivlisoft.net\/shop\/producto\/d-link-dwa-x582-ax3000-wifi6-pcie-adapter-bt-5-0\/\"]}]},{\"@type\":\"ImageObject\",\"inLanguage\":\"es\",\"@id\":\"https:\/\/aivlisoft.net\/shop\/producto\/d-link-dwa-x582-ax3000-wifi6-pcie-adapter-bt-5-0\/#primaryimage\",\"url\":\"https:\/\/aivlisoft.net\/shop\/wp-content\/uploads\/2025\/01\/NADAIN0288_800.jpg\",\"contentUrl\":\"https:\/\/aivlisoft.net\/shop\/wp-content\/uploads\/2025\/01\/NADAIN0288_800.jpg\",\"width\":800,\"height\":800},{\"@type\":\"BreadcrumbList\",\"@id\":\"https:\/\/aivlisoft.net\/shop\/producto\/d-link-dwa-x582-ax3000-wifi6-pcie-adapter-bt-5-0\/#breadcrumb\",\"itemListElement\":[{\"@type\":\"ListItem\",\"position\":1,\"name\":\"Portada\",\"item\":\"https:\/\/aivlisoft.net\/shop\/\"},{\"@type\":\"ListItem\",\"position\":2,\"name\":\"Tienda\",\"item\":\"https:\/\/aivlisoft.net\/shop\/tienda\/\"},{\"@type\":\"ListItem\",\"position\":3,\"name\":\"D-Link DWA-X582 AX3000 WiFi6 PCIe Adapter BT 5.0\"}]},{\"@type\":\"WebSite\",\"@id\":\"https:\/\/aivlisoft.net\/shop\/#website\",\"url\":\"https:\/\/aivlisoft.net\/shop\/\",\"name\":\"Aivlisoft Inform\u00e1tica\",\"description\":\"En Aivlisoft Inform\u00e1tica ofrecemos soluciones tecnol\u00f3gicas para empresas: venta de ordenadores, consumibles, perif\u00e9ricos y m\u00e1s. Calidad, atenci\u00f3n personalizada y los mejores precios para tu negocio.\",\"publisher\":{\"@id\":\"https:\/\/aivlisoft.net\/shop\/#organization\"},\"potentialAction\":[{\"@type\":\"SearchAction\",\"target\":{\"@type\":\"EntryPoint\",\"urlTemplate\":\"https:\/\/aivlisoft.net\/shop\/?s={search_term_string}\"},\"query-input\":{\"@type\":\"PropertyValueSpecification\",\"valueRequired\":true,\"valueName\":\"search_term_string\"}}],\"inLanguage\":\"es\"},{\"@type\":\"Organization\",\"@id\":\"https:\/\/aivlisoft.net\/shop\/#organization\",\"name\":\"Aivlisoft Inform\u00e1tica\",\"url\":\"https:\/\/aivlisoft.net\/shop\/\",\"logo\":{\"@type\":\"ImageObject\",\"inLanguage\":\"es\",\"@id\":\"https:\/\/aivlisoft.net\/shop\/#\/schema\/logo\/image\/\",\"url\":\"https:\/\/aivlisoft.net\/shop\/wp-content\/uploads\/2024\/12\/removal.ai_5b848c54-0cdf-4140-95c5-c5536bb7573b-logodef.png\",\"contentUrl\":\"https:\/\/aivlisoft.net\/shop\/wp-content\/uploads\/2024\/12\/removal.ai_5b848c54-0cdf-4140-95c5-c5536bb7573b-logodef.png\",\"width\":484,\"height\":182,\"caption\":\"Aivlisoft Inform\u00e1tica\"},\"image\":{\"@id\":\"https:\/\/aivlisoft.net\/shop\/#\/schema\/logo\/image\/\"}}]}<\/script>\n<!-- \/ Yoast SEO plugin. -->","yoast_head_json":{"title":"D-Link DWA-X582 AX3000 WiFi6 PCIe Adapter BT 5.0 - Aivlisoft Inform\u00e1tica","robots":{"index":"index","follow":"follow","max-snippet":"max-snippet:-1","max-image-preview":"max-image-preview:large","max-video-preview":"max-video-preview:-1"},"canonical":"https:\/\/aivlisoft.net\/shop\/producto\/d-link-dwa-x582-ax3000-wifi6-pcie-adapter-bt-5-0\/","og_locale":"es_ES","og_type":"article","og_title":"D-Link DWA-X582 AX3000 WiFi6 PCIe Adapter BT 5.0 - Aivlisoft Inform\u00e1tica","og_description":"&nbsp; Marca D-Link Modelo DWA-X582 Interfaz &#8211; PCI-Express (PCle) &#8211; 2 x RP-SMA Connectors &#8211; F-USB &nbsp; &#8211; EEE 802.11ax\/ac\/n\/a 5 GHz &#8211; IEEE 802.11ax\/n\/g\/b 2.4 GHz &#8211; Bluetooth 5.1 Caracter&iacute;sticas principales Frecuencia de operaci&oacute;n &#8211; 2.4 GHz \/ 5 GHz Antena &#8211; 2 x antenas desmontables de 5 dBi Otras Caracteristicas Certificados &#8211; CE,&hellip;&nbsp;D-Link DWA-X582 AX3000 WiFi6 PCIe Adapter BT 5.0","og_url":"https:\/\/aivlisoft.net\/shop\/producto\/d-link-dwa-x582-ax3000-wifi6-pcie-adapter-bt-5-0\/","og_site_name":"Aivlisoft Inform\u00e1tica","article_modified_time":"2025-01-14T20:19:51+00:00","og_image":[{"width":800,"height":800,"url":"https:\/\/aivlisoft.net\/shop\/wp-content\/uploads\/2025\/01\/NADAIN0288_800.jpg","type":"image\/jpeg"}],"twitter_card":"summary_large_image","twitter_misc":{"Tiempo de lectura":"1 minuto"},"schema":{"@context":"https:\/\/schema.org","@graph":[{"@type":"WebPage","@id":"https:\/\/aivlisoft.net\/shop\/producto\/d-link-dwa-x582-ax3000-wifi6-pcie-adapter-bt-5-0\/","url":"https:\/\/aivlisoft.net\/shop\/producto\/d-link-dwa-x582-ax3000-wifi6-pcie-adapter-bt-5-0\/","name":"D-Link DWA-X582 AX3000 WiFi6 PCIe Adapter BT 5.0 - Aivlisoft Inform\u00e1tica","isPartOf":{"@id":"https:\/\/aivlisoft.net\/shop\/#website"},"primaryImageOfPage":{"@id":"https:\/\/aivlisoft.net\/shop\/producto\/d-link-dwa-x582-ax3000-wifi6-pcie-adapter-bt-5-0\/#primaryimage"},"image":{"@id":"https:\/\/aivlisoft.net\/shop\/producto\/d-link-dwa-x582-ax3000-wifi6-pcie-adapter-bt-5-0\/#primaryimage"},"thumbnailUrl":"https:\/\/aivlisoft.net\/shop\/wp-content\/uploads\/2025\/01\/NADAIN0288_800.jpg","datePublished":"2025-01-13T15:20:09+00:00","dateModified":"2025-01-14T20:19:51+00:00","breadcrumb":{"@id":"https:\/\/aivlisoft.net\/shop\/producto\/d-link-dwa-x582-ax3000-wifi6-pcie-adapter-bt-5-0\/#breadcrumb"},"inLanguage":"es","potentialAction":[{"@type":"ReadAction","target":["https:\/\/aivlisoft.net\/shop\/producto\/d-link-dwa-x582-ax3000-wifi6-pcie-adapter-bt-5-0\/"]}]},{"@type":"ImageObject","inLanguage":"es","@id":"https:\/\/aivlisoft.net\/shop\/producto\/d-link-dwa-x582-ax3000-wifi6-pcie-adapter-bt-5-0\/#primaryimage","url":"https:\/\/aivlisoft.net\/shop\/wp-content\/uploads\/2025\/01\/NADAIN0288_800.jpg","contentUrl":"https:\/\/aivlisoft.net\/shop\/wp-content\/uploads\/2025\/01\/NADAIN0288_800.jpg","width":800,"height":800},{"@type":"BreadcrumbList","@id":"https:\/\/aivlisoft.net\/shop\/producto\/d-link-dwa-x582-ax3000-wifi6-pcie-adapter-bt-5-0\/#breadcrumb","itemListElement":[{"@type":"ListItem","position":1,"name":"Portada","item":"https:\/\/aivlisoft.net\/shop\/"},{"@type":"ListItem","position":2,"name":"Tienda","item":"https:\/\/aivlisoft.net\/shop\/tienda\/"},{"@type":"ListItem","position":3,"name":"D-Link DWA-X582 AX3000 WiFi6 PCIe Adapter BT 5.0"}]},{"@type":"WebSite","@id":"https:\/\/aivlisoft.net\/shop\/#website","url":"https:\/\/aivlisoft.net\/shop\/","name":"Aivlisoft Inform\u00e1tica","description":"En Aivlisoft Inform\u00e1tica ofrecemos soluciones tecnol\u00f3gicas para empresas: venta de ordenadores, consumibles, perif\u00e9ricos y m\u00e1s. Calidad, atenci\u00f3n personalizada y los mejores precios para tu negocio.","publisher":{"@id":"https:\/\/aivlisoft.net\/shop\/#organization"},"potentialAction":[{"@type":"SearchAction","target":{"@type":"EntryPoint","urlTemplate":"https:\/\/aivlisoft.net\/shop\/?s={search_term_string}"},"query-input":{"@type":"PropertyValueSpecification","valueRequired":true,"valueName":"search_term_string"}}],"inLanguage":"es"},{"@type":"Organization","@id":"https:\/\/aivlisoft.net\/shop\/#organization","name":"Aivlisoft Inform\u00e1tica","url":"https:\/\/aivlisoft.net\/shop\/","logo":{"@type":"ImageObject","inLanguage":"es","@id":"https:\/\/aivlisoft.net\/shop\/#\/schema\/logo\/image\/","url":"https:\/\/aivlisoft.net\/shop\/wp-content\/uploads\/2024\/12\/removal.ai_5b848c54-0cdf-4140-95c5-c5536bb7573b-logodef.png","contentUrl":"https:\/\/aivlisoft.net\/shop\/wp-content\/uploads\/2024\/12\/removal.ai_5b848c54-0cdf-4140-95c5-c5536bb7573b-logodef.png","width":484,"height":182,"caption":"Aivlisoft Inform\u00e1tica"},"image":{"@id":"https:\/\/aivlisoft.net\/shop\/#\/schema\/logo\/image\/"}}]}},"_links":{"self":[{"href":"https:\/\/aivlisoft.net\/shop\/wp-json\/wp\/v2\/product\/18231","targetHints":{"allow":["GET"]}}],"collection":[{"href":"https:\/\/aivlisoft.net\/shop\/wp-json\/wp\/v2\/product"}],"about":[{"href":"https:\/\/aivlisoft.net\/shop\/wp-json\/wp\/v2\/types\/product"}],"wp:featuredmedia":[{"embeddable":true,"href":"https:\/\/aivlisoft.net\/shop\/wp-json\/wp\/v2\/media\/18232"}],"wp:attachment":[{"href":"https:\/\/aivlisoft.net\/shop\/wp-json\/wp\/v2\/media?parent=18231"}],"wp:term":[{"taxonomy":"product_brand","embeddable":true,"href":"https:\/\/aivlisoft.net\/shop\/wp-json\/wp\/v2\/product_brand?post=18231"},{"taxonomy":"product_cat","embeddable":true,"href":"https:\/\/aivlisoft.net\/shop\/wp-json\/wp\/v2\/product_cat?post=18231"},{"taxonomy":"product_tag","embeddable":true,"href":"https:\/\/aivlisoft.net\/shop\/wp-json\/wp\/v2\/product_tag?post=18231"}],"curies":[{"name":"wp","href":"https:\/\/api.w.org\/{rel}","templated":true}]}}