{"id":18217,"date":"2025-01-13T15:20:00","date_gmt":"2025-01-13T15:20:00","guid":{"rendered":"https:\/\/aivlisoft.com\/?post_type=product&#038;p=18217"},"modified":"2025-01-14T20:19:53","modified_gmt":"2025-01-14T20:19:53","slug":"tp-link-tl-wpa7617-kit-gb-pwrl-av1000-wifi-ac1200","status":"publish","type":"product","link":"https:\/\/aivlisoft.net\/shop\/producto\/tp-link-tl-wpa7617-kit-gb-pwrl-av1000-wifi-ac1200\/","title":{"rendered":"TP-Link TL-WPA7617 KIT Gb PWRL AV1000 WiFi AC1200"},"content":{"rendered":"<p><strong>Cumple con el est&aacute;ndar Homeplug AV2<\/strong><br \/>Proporciona a los usuarios velocidades de transferencia de datos estables y de alta velocidad de hasta 1000 Mbps en una longitud de l&iacute;nea de hasta 300 metros.<\/p>\n<p><strong>Wi-Fi 802.11ac de doble banda<\/strong><br \/>Wi-Fi de doble banda AC1200 (867 Mbps en 5 GHz y 300 Mbps en 2,4 GHz) permite hacer streaming, jugar, enviar correos electr&oacute;nicos, navegar y publicar en sus dispositivos inal&aacute;mbricos, en toda su casa.<\/p>\n<p><strong>Sincronizaci&oacute;n autom&aacute;tica de Wi-Fi<\/strong><br \/>Simplemente copie la configuraci&oacute;n de Wi-Fi de su enrutador y aplique cualquier cambio a trav&eacute;s de la red el&eacute;ctrica segura con Wi-Fi Clone y Wi-Fi Move.<\/p>\n<p><strong>Puerto Gigabit Ethernet<\/strong><br \/>Proporciona conexiones por cable confiables de alta velocidad para consolas de juegos, televisores inteligentes y NAS.<\/p>\n<p><strong>Plug, Pair and Play<\/strong><br \/>Configure r&aacute;pidamente una red Powerline segura.<\/p>\n<p><strong>OneMesh<\/strong><br \/>Funciona con su enrutador OneMesh para formar una red de malla unificada para una transmisi&oacute;n continua mientras se mueve por su hogar.<br \/>&nbsp;<\/p>\n<table class=\"tabla_caracteristicas\" width=\"100%\">\n<tr>\n<td valign=\"top\"><strong>Marca<\/strong><\/td>\n<td>TP-Link<\/td>\n<\/tr>\n<tr>\n<td><strong>Modelo<\/strong><\/td>\n<td><strong>TL-WPA7617 KIT<\/strong><\/td>\n<\/tr>\n<tr>\n<td><strong>Caracter&iacute;sticas<\/strong><\/td>\n<td><strong>Hardware<\/strong><br \/>\t\t\t&#8211; Tipo de Enchufe: EU<br \/>\t\t\t&#8211; Est&aacute;ndares y Protocolos:<br \/>\t\t\t&nbsp; HomePlug AV2<br \/>\t\t\t&nbsp; HomePlug AV<br \/>\t\t\t&nbsp; IEEE 1901<br \/>\t\t\t&nbsp; IEEE 802.3<br \/>\t\t\t&nbsp; IEEE 802.3u<br \/>\t\t\t&nbsp; IEEE 802.3ab<br \/>\t\t\t&nbsp; IEEE 802.11b\/g\/n (2.4GHz)<br \/>\t\t\t&nbsp; IEEE 802.11a\/n\/ac (5GHz)<br \/>\t\t\t&#8211; Interfaz:<br \/>\t\t\t&nbsp; TL-WPA7617: 1 puerto Ethernet<br \/>\t\t\t&nbsp; TL-PA7017P: 1 puerto Ethernet<br \/>\t\t\t&#8211; Botones:<br \/>\t\t\t&nbsp; Pair, Reset<br \/>\t\t\t&nbsp; Wi-Fi Clone<br \/>\t\t\t&nbsp; LED On\/Off<br \/>\t\t\t&#8211; Consumo de Potencia:<br \/>\t\t\t&nbsp; TL-WPA7617: M&aacute;ximo: 11 W, t&iacute;pico: 6,5 W<br \/>\t\t\t&nbsp; TL-PA7017P: M&aacute;ximo: 2,9 W, T&iacute;pico: 2,6 W<br \/>\t\t\t&#8211; Indicador de LED:<br \/>\t\t\t&nbsp; Power<br \/>\t\t\t&nbsp; Powerline<br \/>\t\t\t&nbsp; Ethernet<br \/>\t\t\t&nbsp; Wi-Fi<br \/>\t\t\t&#8211; Alcance: Hasta 300 metros \/ 1000 pies sobre el cableado el&eacute;ctrico existente<br \/>\t\t\t&#8211; Compatible con todos los adaptadores powerline est&aacute;ndar HomePlug AV y AV2<br \/>\t\t\t&#8211; Velocidades de Transmisi&oacute;n:<br \/>\t\t\t&nbsp; Powerline: hasta 1000 Mbps<br \/>\t\t\t&nbsp; Ethernet: 10\/100\/1000 Mbps<br \/>\t\t\t<strong>Inal&aacute;mbricas<\/strong><br \/>\t\t\t&#8211; Velocidad Inal&aacute;mbrica: Hasta 1200 Mbps<br \/>\t\t\t&#8211; Seguridad Inal&aacute;mbrica: Inal&aacute;mbrico: WPA-PSK \/ WPA2-PSK, Encriptaciones WEP<br \/>\t\t\t<strong>Otros<\/strong><br \/>\t\t\t&#8211; Certificaciones:<br \/>\t\t\t&nbsp; CE<br \/>\t\t\t&nbsp; RoHS<br \/>\t\t\t&#8211; Requisitos del sistema:<br \/>\t\t\t&nbsp; Windows 10\/8.1\/8\/7\/Vista\/XP<br \/>\t\t\t&nbsp; Mac OS<br \/>\t\t\t&nbsp; Linux<br \/>\t\t\t&#8211; Temperatura de funcionamiento: 0 &deg; C ~ 40 &deg; C (32 &deg; F ~ 104 &deg; F)<br \/>\t\t\t&#8211; Humedad de funcionamiento: 10% ~ 90% sin condensaci&oacute;n<br \/>\t\t\t<strong>Dimensiones<\/strong><br \/>\t\t\t&#8211; TL-WPA7617: 69.5 &times; 35 &times; 124.1 mm<br \/>\t\t\t&#8211; TL-PA7017P: 58 &times; 42 &times; 95 mm<br \/>\t\t\t<strong>Contenido<\/strong><br \/>\t\t\t&#8211; Kit AV1000 Powerline Wi-Fi: TL-WPA7617<br \/>\t\t\t&#8211; TL-PA7017P<br \/>\t\t\t&#8211; Cable Ethernet &times; 2<br \/>\t\t\t&#8211; Gu&iacute;a de Instalaci&oacute;n R&aacute;pida<\/td>\n<\/tr>\n<tr>\n<td><strong>Fecha de revisi&oacute;n<\/strong><\/td>\n<td>20-12-2022 por RTY<\/td>\n<\/tr>\n<\/table>\n","protected":false},"excerpt":{"rendered":"<p>Cumple con el est&aacute;ndar Homeplug AV2Proporciona a los usuarios velocidades de transferencia de datos estables y de alta velocidad de hasta 1000 Mbps en una longitud de l&iacute;nea de hasta 300 metros. Wi-Fi 802.11ac de doble bandaWi-Fi de doble banda AC1200 (867 Mbps en 5 GHz y 300 Mbps en 2,4 GHz) permite hacer streaming,&hellip;&nbsp;<a href=\"https:\/\/aivlisoft.net\/shop\/producto\/tp-link-tl-wpa7617-kit-gb-pwrl-av1000-wifi-ac1200\/\" rel=\"bookmark\"><span class=\"screen-reader-text\">TP-Link TL-WPA7617 KIT Gb PWRL AV1000 WiFi AC1200<\/span><\/a><\/p>\n","protected":false},"featured_media":18218,"template":"","meta":{"neve_meta_sidebar":"","neve_meta_container":"","neve_meta_enable_content_width":"","neve_meta_content_width":0,"neve_meta_title_alignment":"","neve_meta_author_avatar":"","neve_post_elements_order":"","neve_meta_disable_header":"","neve_meta_disable_footer":"","neve_meta_disable_title":""},"product_brand":[],"product_cat":[15,1399,8705,8702],"product_tag":[6666],"class_list":{"0":"post-18217","1":"product","2":"type-product","3":"status-publish","4":"has-post-thumbnail","6":"product_cat-sin-categorizar","7":"product_cat-accesorios-redes","8":"product_cat-accesorios-redes-wifi","9":"product_cat-herramientasconectores-redes","10":"product_tag-tl-wpa7617-kit","12":"first","13":"instock","14":"taxable","15":"shipping-taxable","16":"purchasable","17":"product-type-simple"},"yoast_head":"<!-- This site is optimized with the Yoast SEO plugin v26.0 - https:\/\/yoast.com\/wordpress\/plugins\/seo\/ -->\n<title>TP-Link TL-WPA7617 KIT Gb PWRL AV1000 WiFi AC1200 - Aivlisoft Inform\u00e1tica<\/title>\n<meta name=\"robots\" content=\"index, follow, max-snippet:-1, max-image-preview:large, max-video-preview:-1\" \/>\n<link rel=\"canonical\" href=\"https:\/\/aivlisoft.net\/shop\/producto\/tp-link-tl-wpa7617-kit-gb-pwrl-av1000-wifi-ac1200\/\" \/>\n<meta property=\"og:locale\" content=\"es_ES\" \/>\n<meta property=\"og:type\" content=\"article\" \/>\n<meta property=\"og:title\" content=\"TP-Link TL-WPA7617 KIT Gb PWRL AV1000 WiFi AC1200 - Aivlisoft Inform\u00e1tica\" \/>\n<meta property=\"og:description\" content=\"Cumple con el est&aacute;ndar Homeplug AV2Proporciona a los usuarios velocidades de transferencia de datos estables y de alta velocidad de hasta 1000 Mbps en una longitud de l&iacute;nea de hasta 300 metros. Wi-Fi 802.11ac de doble bandaWi-Fi de doble banda AC1200 (867 Mbps en 5 GHz y 300 Mbps en 2,4 GHz) permite hacer streaming,&hellip;&nbsp;TP-Link TL-WPA7617 KIT Gb PWRL AV1000 WiFi AC1200\" \/>\n<meta property=\"og:url\" content=\"https:\/\/aivlisoft.net\/shop\/producto\/tp-link-tl-wpa7617-kit-gb-pwrl-av1000-wifi-ac1200\/\" \/>\n<meta property=\"og:site_name\" content=\"Aivlisoft Inform\u00e1tica\" \/>\n<meta property=\"article:modified_time\" content=\"2025-01-14T20:19:53+00:00\" \/>\n<meta property=\"og:image\" content=\"https:\/\/aivlisoft.net\/shop\/wp-content\/uploads\/2025\/01\/NADAIN0284_800.jpg\" \/>\n\t<meta property=\"og:image:width\" content=\"800\" \/>\n\t<meta property=\"og:image:height\" content=\"800\" \/>\n\t<meta property=\"og:image:type\" content=\"image\/jpeg\" \/>\n<meta name=\"twitter:card\" content=\"summary_large_image\" \/>\n<meta name=\"twitter:label1\" content=\"Tiempo de lectura\" \/>\n\t<meta name=\"twitter:data1\" content=\"2 minutos\" \/>\n<script type=\"application\/ld+json\" class=\"yoast-schema-graph\">{\"@context\":\"https:\/\/schema.org\",\"@graph\":[{\"@type\":\"WebPage\",\"@id\":\"https:\/\/aivlisoft.net\/shop\/producto\/tp-link-tl-wpa7617-kit-gb-pwrl-av1000-wifi-ac1200\/\",\"url\":\"https:\/\/aivlisoft.net\/shop\/producto\/tp-link-tl-wpa7617-kit-gb-pwrl-av1000-wifi-ac1200\/\",\"name\":\"TP-Link TL-WPA7617 KIT Gb PWRL AV1000 WiFi AC1200 - Aivlisoft Inform\u00e1tica\",\"isPartOf\":{\"@id\":\"https:\/\/aivlisoft.net\/shop\/#website\"},\"primaryImageOfPage\":{\"@id\":\"https:\/\/aivlisoft.net\/shop\/producto\/tp-link-tl-wpa7617-kit-gb-pwrl-av1000-wifi-ac1200\/#primaryimage\"},\"image\":{\"@id\":\"https:\/\/aivlisoft.net\/shop\/producto\/tp-link-tl-wpa7617-kit-gb-pwrl-av1000-wifi-ac1200\/#primaryimage\"},\"thumbnailUrl\":\"https:\/\/aivlisoft.net\/shop\/wp-content\/uploads\/2025\/01\/NADAIN0284_800.jpg\",\"datePublished\":\"2025-01-13T15:20:00+00:00\",\"dateModified\":\"2025-01-14T20:19:53+00:00\",\"breadcrumb\":{\"@id\":\"https:\/\/aivlisoft.net\/shop\/producto\/tp-link-tl-wpa7617-kit-gb-pwrl-av1000-wifi-ac1200\/#breadcrumb\"},\"inLanguage\":\"es\",\"potentialAction\":[{\"@type\":\"ReadAction\",\"target\":[\"https:\/\/aivlisoft.net\/shop\/producto\/tp-link-tl-wpa7617-kit-gb-pwrl-av1000-wifi-ac1200\/\"]}]},{\"@type\":\"ImageObject\",\"inLanguage\":\"es\",\"@id\":\"https:\/\/aivlisoft.net\/shop\/producto\/tp-link-tl-wpa7617-kit-gb-pwrl-av1000-wifi-ac1200\/#primaryimage\",\"url\":\"https:\/\/aivlisoft.net\/shop\/wp-content\/uploads\/2025\/01\/NADAIN0284_800.jpg\",\"contentUrl\":\"https:\/\/aivlisoft.net\/shop\/wp-content\/uploads\/2025\/01\/NADAIN0284_800.jpg\",\"width\":800,\"height\":800},{\"@type\":\"BreadcrumbList\",\"@id\":\"https:\/\/aivlisoft.net\/shop\/producto\/tp-link-tl-wpa7617-kit-gb-pwrl-av1000-wifi-ac1200\/#breadcrumb\",\"itemListElement\":[{\"@type\":\"ListItem\",\"position\":1,\"name\":\"Portada\",\"item\":\"https:\/\/aivlisoft.net\/shop\/\"},{\"@type\":\"ListItem\",\"position\":2,\"name\":\"Tienda\",\"item\":\"https:\/\/aivlisoft.net\/shop\/tienda\/\"},{\"@type\":\"ListItem\",\"position\":3,\"name\":\"TP-Link TL-WPA7617 KIT Gb PWRL AV1000 WiFi AC1200\"}]},{\"@type\":\"WebSite\",\"@id\":\"https:\/\/aivlisoft.net\/shop\/#website\",\"url\":\"https:\/\/aivlisoft.net\/shop\/\",\"name\":\"Aivlisoft Inform\u00e1tica\",\"description\":\"En Aivlisoft Inform\u00e1tica ofrecemos soluciones tecnol\u00f3gicas para empresas: venta de ordenadores, consumibles, perif\u00e9ricos y m\u00e1s. Calidad, atenci\u00f3n personalizada y los mejores precios para tu negocio.\",\"publisher\":{\"@id\":\"https:\/\/aivlisoft.net\/shop\/#organization\"},\"potentialAction\":[{\"@type\":\"SearchAction\",\"target\":{\"@type\":\"EntryPoint\",\"urlTemplate\":\"https:\/\/aivlisoft.net\/shop\/?s={search_term_string}\"},\"query-input\":{\"@type\":\"PropertyValueSpecification\",\"valueRequired\":true,\"valueName\":\"search_term_string\"}}],\"inLanguage\":\"es\"},{\"@type\":\"Organization\",\"@id\":\"https:\/\/aivlisoft.net\/shop\/#organization\",\"name\":\"Aivlisoft Inform\u00e1tica\",\"url\":\"https:\/\/aivlisoft.net\/shop\/\",\"logo\":{\"@type\":\"ImageObject\",\"inLanguage\":\"es\",\"@id\":\"https:\/\/aivlisoft.net\/shop\/#\/schema\/logo\/image\/\",\"url\":\"https:\/\/aivlisoft.net\/shop\/wp-content\/uploads\/2024\/12\/removal.ai_5b848c54-0cdf-4140-95c5-c5536bb7573b-logodef.png\",\"contentUrl\":\"https:\/\/aivlisoft.net\/shop\/wp-content\/uploads\/2024\/12\/removal.ai_5b848c54-0cdf-4140-95c5-c5536bb7573b-logodef.png\",\"width\":484,\"height\":182,\"caption\":\"Aivlisoft Inform\u00e1tica\"},\"image\":{\"@id\":\"https:\/\/aivlisoft.net\/shop\/#\/schema\/logo\/image\/\"}}]}<\/script>\n<!-- \/ Yoast SEO plugin. -->","yoast_head_json":{"title":"TP-Link TL-WPA7617 KIT Gb PWRL AV1000 WiFi AC1200 - Aivlisoft Inform\u00e1tica","robots":{"index":"index","follow":"follow","max-snippet":"max-snippet:-1","max-image-preview":"max-image-preview:large","max-video-preview":"max-video-preview:-1"},"canonical":"https:\/\/aivlisoft.net\/shop\/producto\/tp-link-tl-wpa7617-kit-gb-pwrl-av1000-wifi-ac1200\/","og_locale":"es_ES","og_type":"article","og_title":"TP-Link TL-WPA7617 KIT Gb PWRL AV1000 WiFi AC1200 - Aivlisoft Inform\u00e1tica","og_description":"Cumple con el est&aacute;ndar Homeplug AV2Proporciona a los usuarios velocidades de transferencia de datos estables y de alta velocidad de hasta 1000 Mbps en una longitud de l&iacute;nea de hasta 300 metros. Wi-Fi 802.11ac de doble bandaWi-Fi de doble banda AC1200 (867 Mbps en 5 GHz y 300 Mbps en 2,4 GHz) permite hacer streaming,&hellip;&nbsp;TP-Link TL-WPA7617 KIT Gb PWRL AV1000 WiFi AC1200","og_url":"https:\/\/aivlisoft.net\/shop\/producto\/tp-link-tl-wpa7617-kit-gb-pwrl-av1000-wifi-ac1200\/","og_site_name":"Aivlisoft Inform\u00e1tica","article_modified_time":"2025-01-14T20:19:53+00:00","og_image":[{"width":800,"height":800,"url":"https:\/\/aivlisoft.net\/shop\/wp-content\/uploads\/2025\/01\/NADAIN0284_800.jpg","type":"image\/jpeg"}],"twitter_card":"summary_large_image","twitter_misc":{"Tiempo de lectura":"2 minutos"},"schema":{"@context":"https:\/\/schema.org","@graph":[{"@type":"WebPage","@id":"https:\/\/aivlisoft.net\/shop\/producto\/tp-link-tl-wpa7617-kit-gb-pwrl-av1000-wifi-ac1200\/","url":"https:\/\/aivlisoft.net\/shop\/producto\/tp-link-tl-wpa7617-kit-gb-pwrl-av1000-wifi-ac1200\/","name":"TP-Link TL-WPA7617 KIT Gb PWRL AV1000 WiFi AC1200 - Aivlisoft Inform\u00e1tica","isPartOf":{"@id":"https:\/\/aivlisoft.net\/shop\/#website"},"primaryImageOfPage":{"@id":"https:\/\/aivlisoft.net\/shop\/producto\/tp-link-tl-wpa7617-kit-gb-pwrl-av1000-wifi-ac1200\/#primaryimage"},"image":{"@id":"https:\/\/aivlisoft.net\/shop\/producto\/tp-link-tl-wpa7617-kit-gb-pwrl-av1000-wifi-ac1200\/#primaryimage"},"thumbnailUrl":"https:\/\/aivlisoft.net\/shop\/wp-content\/uploads\/2025\/01\/NADAIN0284_800.jpg","datePublished":"2025-01-13T15:20:00+00:00","dateModified":"2025-01-14T20:19:53+00:00","breadcrumb":{"@id":"https:\/\/aivlisoft.net\/shop\/producto\/tp-link-tl-wpa7617-kit-gb-pwrl-av1000-wifi-ac1200\/#breadcrumb"},"inLanguage":"es","potentialAction":[{"@type":"ReadAction","target":["https:\/\/aivlisoft.net\/shop\/producto\/tp-link-tl-wpa7617-kit-gb-pwrl-av1000-wifi-ac1200\/"]}]},{"@type":"ImageObject","inLanguage":"es","@id":"https:\/\/aivlisoft.net\/shop\/producto\/tp-link-tl-wpa7617-kit-gb-pwrl-av1000-wifi-ac1200\/#primaryimage","url":"https:\/\/aivlisoft.net\/shop\/wp-content\/uploads\/2025\/01\/NADAIN0284_800.jpg","contentUrl":"https:\/\/aivlisoft.net\/shop\/wp-content\/uploads\/2025\/01\/NADAIN0284_800.jpg","width":800,"height":800},{"@type":"BreadcrumbList","@id":"https:\/\/aivlisoft.net\/shop\/producto\/tp-link-tl-wpa7617-kit-gb-pwrl-av1000-wifi-ac1200\/#breadcrumb","itemListElement":[{"@type":"ListItem","position":1,"name":"Portada","item":"https:\/\/aivlisoft.net\/shop\/"},{"@type":"ListItem","position":2,"name":"Tienda","item":"https:\/\/aivlisoft.net\/shop\/tienda\/"},{"@type":"ListItem","position":3,"name":"TP-Link TL-WPA7617 KIT Gb PWRL AV1000 WiFi AC1200"}]},{"@type":"WebSite","@id":"https:\/\/aivlisoft.net\/shop\/#website","url":"https:\/\/aivlisoft.net\/shop\/","name":"Aivlisoft Inform\u00e1tica","description":"En Aivlisoft Inform\u00e1tica ofrecemos soluciones tecnol\u00f3gicas para empresas: venta de ordenadores, consumibles, perif\u00e9ricos y m\u00e1s. Calidad, atenci\u00f3n personalizada y los mejores precios para tu negocio.","publisher":{"@id":"https:\/\/aivlisoft.net\/shop\/#organization"},"potentialAction":[{"@type":"SearchAction","target":{"@type":"EntryPoint","urlTemplate":"https:\/\/aivlisoft.net\/shop\/?s={search_term_string}"},"query-input":{"@type":"PropertyValueSpecification","valueRequired":true,"valueName":"search_term_string"}}],"inLanguage":"es"},{"@type":"Organization","@id":"https:\/\/aivlisoft.net\/shop\/#organization","name":"Aivlisoft Inform\u00e1tica","url":"https:\/\/aivlisoft.net\/shop\/","logo":{"@type":"ImageObject","inLanguage":"es","@id":"https:\/\/aivlisoft.net\/shop\/#\/schema\/logo\/image\/","url":"https:\/\/aivlisoft.net\/shop\/wp-content\/uploads\/2024\/12\/removal.ai_5b848c54-0cdf-4140-95c5-c5536bb7573b-logodef.png","contentUrl":"https:\/\/aivlisoft.net\/shop\/wp-content\/uploads\/2024\/12\/removal.ai_5b848c54-0cdf-4140-95c5-c5536bb7573b-logodef.png","width":484,"height":182,"caption":"Aivlisoft Inform\u00e1tica"},"image":{"@id":"https:\/\/aivlisoft.net\/shop\/#\/schema\/logo\/image\/"}}]}},"_links":{"self":[{"href":"https:\/\/aivlisoft.net\/shop\/wp-json\/wp\/v2\/product\/18217","targetHints":{"allow":["GET"]}}],"collection":[{"href":"https:\/\/aivlisoft.net\/shop\/wp-json\/wp\/v2\/product"}],"about":[{"href":"https:\/\/aivlisoft.net\/shop\/wp-json\/wp\/v2\/types\/product"}],"wp:featuredmedia":[{"embeddable":true,"href":"https:\/\/aivlisoft.net\/shop\/wp-json\/wp\/v2\/media\/18218"}],"wp:attachment":[{"href":"https:\/\/aivlisoft.net\/shop\/wp-json\/wp\/v2\/media?parent=18217"}],"wp:term":[{"taxonomy":"product_brand","embeddable":true,"href":"https:\/\/aivlisoft.net\/shop\/wp-json\/wp\/v2\/product_brand?post=18217"},{"taxonomy":"product_cat","embeddable":true,"href":"https:\/\/aivlisoft.net\/shop\/wp-json\/wp\/v2\/product_cat?post=18217"},{"taxonomy":"product_tag","embeddable":true,"href":"https:\/\/aivlisoft.net\/shop\/wp-json\/wp\/v2\/product_tag?post=18217"}],"curies":[{"name":"wp","href":"https:\/\/api.w.org\/{rel}","templated":true}]}}