{"id":18188,"date":"2025-01-13T15:19:45","date_gmt":"2025-01-13T15:19:45","guid":{"rendered":"https:\/\/aivlisoft.com\/?post_type=product&#038;p=18188"},"modified":"2025-01-14T20:19:58","modified_gmt":"2025-01-14T20:19:58","slug":"tp-link-archer-t2e-adaptador-wifi-pci-e-ac600-dual","status":"publish","type":"product","link":"https:\/\/aivlisoft.net\/shop\/producto\/tp-link-archer-t2e-adaptador-wifi-pci-e-ac600-dual\/","title":{"rendered":"TP-Link Archer T2E Adaptador WiFi PCI-E AC600 Dual"},"content":{"rendered":"<p>&nbsp;<\/p>\n<table class=\"tabla_caracteristicas k-table\" width=\"100%\">\n<tr>\n<td valign=\"top\"><strong>Marca<\/strong><\/td>\n<td>TP-Link<\/td>\n<\/tr>\n<tr>\n<td><strong>Modelo<\/strong><\/td>\n<td><strong>Archer T2E<\/strong><\/td>\n<\/tr>\n<tr>\n<td><strong>Caracter&iacute;sticas<\/strong><\/td>\n<td><strong>Inal&aacute;mbricos<\/strong><br \/>\t\t\t&#8211; Wireless Standards: IEEE 802.11b\/g\/n 2.4 GHz, IEEE 802.11a\/n\/ac 5 GHz<br \/>\t\t\t&#8211; Signal Rate:<br \/>\t\t\t&nbsp; 5 GHz:<br \/>\t\t\t&nbsp; 11ac: Hasta 433 Mbps(dynamic)<br \/>\t\t\t&nbsp; 11n: Hasta 200 Mbps(dynamic)<br \/>\t\t\t&nbsp; 11a: Hasta 54 Mbps(dynamic)<br \/>\t\t\t&nbsp; 2.4 GHz:<br \/>\t\t\t&nbsp; 11n: Hasta 200 Mbps(dynamic)<br \/>\t\t\t&nbsp; 11g: Hasta 54 Mbps(dynamic)<br \/>\t\t\t&nbsp; 11b: Hasta 11 Mbps(dynamic)<br \/>\t\t\t&#8211; Reception Sensitivity:<br \/>\t\t\t&nbsp; 5GHz:<br \/>\t\t\t&nbsp; 11ac HT80:-59.0dBm<br \/>\t\t\t&nbsp; 11n HT40:-68.0dBm<br \/>\t\t\t&nbsp; 11a 54Mbps:-73.0dBm<br \/>\t\t\t&nbsp; 11a 6Mbps:-90.0dBm<br \/>\t\t\t&nbsp; 2.4GHz:<br \/>\t\t\t&nbsp; 11n HT40:-70dBm<br \/>\t\t\t&nbsp; 11g 54Mbps:-75dBm<br \/>\t\t\t&nbsp; 11b 11Mbps:-87dBm<br \/>\t\t\t&#8211; Transmit Power:<br \/>\t\t\t&nbsp; 5GHz:18dBm(FCC)\/23dBm(CE)(EIRP)<br \/>\t\t\t&nbsp; 2.4GHz:18dBm(FCC)\/20dBm(CE)(EIRP)<br \/>\t\t\t&#8211; Wireless Modes: Infrastructure mode<br \/>\t\t\t&#8211; Wireless Security: WEP, WPA\/WPA2\/WPA3, WPA-PSK\/WPA2-PSK\/WPA3-SAE<br \/>\t\t\t&#8211; Modulation Technology: DBPSK, DQPSK, CCK, OFDM, 16-QAM, 64-QAM, 256-QAM<br \/>\t\t\t<strong>Hardware<\/strong><br \/>\t\t\t&#8211; Interfaz: PCI Express<br \/>\t\t\t&#8211; Antenas: 1 Antena Externa Desmontable<br \/>\t\t\t&#8211; Certificaci&oacute;n: FCC, CE, RoHS<br \/>\t\t\t<strong>Software<\/strong><br \/>\t\t\t&#8211; Requisitos del sistema: Windows 10<br \/>\t\t\t<strong>F&iacute;sicas<\/strong><br \/>\t\t\t&#8211; LED: Estado<br \/>\t\t\t&#8211; Dimensiones: 120,8 &times; 78,5 &times; 21,5 mm<br \/>\t\t\t<strong>Contenido<\/strong><br \/>\t\t\t&#8211; Adaptador PCI Express inal&aacute;mbrico de doble banda AC600<br \/>\t\t\t&#8211; Archer T2E<br \/>\t\t\t&#8211; Soporte<br \/>\t\t\t&#8211; Gu&iacute;a de Instalaci&oacute;n R&aacute;pida<br \/>\t\t\t&#8211; CD de recursos<\/td>\n<\/tr>\n<tr>\n<td><strong>Fecha de revisi&oacute;n<\/strong><\/td>\n<td>02-02-2022 por MPM<\/td>\n<\/tr>\n<\/table>\n<p><br class=\"k-br\" \/>&nbsp;<\/p>\n","protected":false},"excerpt":{"rendered":"<p>&nbsp; Marca TP-Link Modelo Archer T2E Caracter&iacute;sticas Inal&aacute;mbricos &#8211; Wireless Standards: IEEE 802.11b\/g\/n 2.4 GHz, IEEE 802.11a\/n\/ac 5 GHz &#8211; Signal Rate: &nbsp; 5 GHz: &nbsp; 11ac: Hasta 433 Mbps(dynamic) &nbsp; 11n: Hasta 200 Mbps(dynamic) &nbsp; 11a: Hasta 54 Mbps(dynamic) &nbsp; 2.4 GHz: &nbsp; 11n: Hasta 200 Mbps(dynamic) &nbsp; 11g: Hasta 54 Mbps(dynamic) &nbsp; 11b:&hellip;&nbsp;<a href=\"https:\/\/aivlisoft.net\/shop\/producto\/tp-link-archer-t2e-adaptador-wifi-pci-e-ac600-dual\/\" rel=\"bookmark\"><span class=\"screen-reader-text\">TP-Link Archer T2E Adaptador WiFi PCI-E AC600 Dual<\/span><\/a><\/p>\n","protected":false},"featured_media":18189,"template":"","meta":{"neve_meta_sidebar":"","neve_meta_container":"","neve_meta_enable_content_width":"","neve_meta_content_width":0,"neve_meta_title_alignment":"","neve_meta_author_avatar":"","neve_post_elements_order":"","neve_meta_disable_header":"","neve_meta_disable_footer":"","neve_meta_disable_title":""},"product_brand":[],"product_cat":[15,1399,8705,8702],"product_tag":[6657],"class_list":{"0":"post-18188","1":"product","2":"type-product","3":"status-publish","4":"has-post-thumbnail","6":"product_cat-sin-categorizar","7":"product_cat-accesorios-redes","8":"product_cat-accesorios-redes-wifi","9":"product_cat-herramientasconectores-redes","10":"product_tag-archer-t2e","12":"first","13":"instock","14":"taxable","15":"shipping-taxable","16":"purchasable","17":"product-type-simple"},"yoast_head":"<!-- This site is optimized with the Yoast SEO plugin v26.0 - https:\/\/yoast.com\/wordpress\/plugins\/seo\/ -->\n<title>TP-Link Archer T2E Adaptador WiFi PCI-E AC600 Dual - Aivlisoft Inform\u00e1tica<\/title>\n<meta name=\"robots\" content=\"index, follow, max-snippet:-1, max-image-preview:large, max-video-preview:-1\" \/>\n<link rel=\"canonical\" href=\"https:\/\/aivlisoft.net\/shop\/producto\/tp-link-archer-t2e-adaptador-wifi-pci-e-ac600-dual\/\" \/>\n<meta property=\"og:locale\" content=\"es_ES\" \/>\n<meta property=\"og:type\" content=\"article\" \/>\n<meta property=\"og:title\" content=\"TP-Link Archer T2E Adaptador WiFi PCI-E AC600 Dual - Aivlisoft Inform\u00e1tica\" \/>\n<meta property=\"og:description\" content=\"&nbsp; Marca TP-Link Modelo Archer T2E Caracter&iacute;sticas Inal&aacute;mbricos &#8211; Wireless Standards: IEEE 802.11b\/g\/n 2.4 GHz, IEEE 802.11a\/n\/ac 5 GHz &#8211; Signal Rate: &nbsp; 5 GHz: &nbsp; 11ac: Hasta 433 Mbps(dynamic) &nbsp; 11n: Hasta 200 Mbps(dynamic) &nbsp; 11a: Hasta 54 Mbps(dynamic) &nbsp; 2.4 GHz: &nbsp; 11n: Hasta 200 Mbps(dynamic) &nbsp; 11g: Hasta 54 Mbps(dynamic) &nbsp; 11b:&hellip;&nbsp;TP-Link Archer T2E Adaptador WiFi PCI-E AC600 Dual\" \/>\n<meta property=\"og:url\" content=\"https:\/\/aivlisoft.net\/shop\/producto\/tp-link-archer-t2e-adaptador-wifi-pci-e-ac600-dual\/\" \/>\n<meta property=\"og:site_name\" content=\"Aivlisoft Inform\u00e1tica\" \/>\n<meta property=\"article:modified_time\" content=\"2025-01-14T20:19:58+00:00\" \/>\n<meta property=\"og:image\" content=\"https:\/\/aivlisoft.net\/shop\/wp-content\/uploads\/2025\/01\/NADAIN0271_800.jpg\" \/>\n\t<meta property=\"og:image:width\" content=\"800\" \/>\n\t<meta property=\"og:image:height\" content=\"800\" \/>\n\t<meta property=\"og:image:type\" content=\"image\/jpeg\" \/>\n<meta name=\"twitter:card\" content=\"summary_large_image\" \/>\n<meta name=\"twitter:label1\" content=\"Tiempo de lectura\" \/>\n\t<meta name=\"twitter:data1\" content=\"1 minuto\" \/>\n<script type=\"application\/ld+json\" class=\"yoast-schema-graph\">{\"@context\":\"https:\/\/schema.org\",\"@graph\":[{\"@type\":\"WebPage\",\"@id\":\"https:\/\/aivlisoft.net\/shop\/producto\/tp-link-archer-t2e-adaptador-wifi-pci-e-ac600-dual\/\",\"url\":\"https:\/\/aivlisoft.net\/shop\/producto\/tp-link-archer-t2e-adaptador-wifi-pci-e-ac600-dual\/\",\"name\":\"TP-Link Archer T2E Adaptador WiFi PCI-E AC600 Dual - Aivlisoft Inform\u00e1tica\",\"isPartOf\":{\"@id\":\"https:\/\/aivlisoft.net\/shop\/#website\"},\"primaryImageOfPage\":{\"@id\":\"https:\/\/aivlisoft.net\/shop\/producto\/tp-link-archer-t2e-adaptador-wifi-pci-e-ac600-dual\/#primaryimage\"},\"image\":{\"@id\":\"https:\/\/aivlisoft.net\/shop\/producto\/tp-link-archer-t2e-adaptador-wifi-pci-e-ac600-dual\/#primaryimage\"},\"thumbnailUrl\":\"https:\/\/aivlisoft.net\/shop\/wp-content\/uploads\/2025\/01\/NADAIN0271_800.jpg\",\"datePublished\":\"2025-01-13T15:19:45+00:00\",\"dateModified\":\"2025-01-14T20:19:58+00:00\",\"breadcrumb\":{\"@id\":\"https:\/\/aivlisoft.net\/shop\/producto\/tp-link-archer-t2e-adaptador-wifi-pci-e-ac600-dual\/#breadcrumb\"},\"inLanguage\":\"es\",\"potentialAction\":[{\"@type\":\"ReadAction\",\"target\":[\"https:\/\/aivlisoft.net\/shop\/producto\/tp-link-archer-t2e-adaptador-wifi-pci-e-ac600-dual\/\"]}]},{\"@type\":\"ImageObject\",\"inLanguage\":\"es\",\"@id\":\"https:\/\/aivlisoft.net\/shop\/producto\/tp-link-archer-t2e-adaptador-wifi-pci-e-ac600-dual\/#primaryimage\",\"url\":\"https:\/\/aivlisoft.net\/shop\/wp-content\/uploads\/2025\/01\/NADAIN0271_800.jpg\",\"contentUrl\":\"https:\/\/aivlisoft.net\/shop\/wp-content\/uploads\/2025\/01\/NADAIN0271_800.jpg\",\"width\":800,\"height\":800},{\"@type\":\"BreadcrumbList\",\"@id\":\"https:\/\/aivlisoft.net\/shop\/producto\/tp-link-archer-t2e-adaptador-wifi-pci-e-ac600-dual\/#breadcrumb\",\"itemListElement\":[{\"@type\":\"ListItem\",\"position\":1,\"name\":\"Portada\",\"item\":\"https:\/\/aivlisoft.net\/shop\/\"},{\"@type\":\"ListItem\",\"position\":2,\"name\":\"Tienda\",\"item\":\"https:\/\/aivlisoft.net\/shop\/tienda\/\"},{\"@type\":\"ListItem\",\"position\":3,\"name\":\"TP-Link Archer T2E Adaptador WiFi PCI-E AC600 Dual\"}]},{\"@type\":\"WebSite\",\"@id\":\"https:\/\/aivlisoft.net\/shop\/#website\",\"url\":\"https:\/\/aivlisoft.net\/shop\/\",\"name\":\"Aivlisoft Inform\u00e1tica\",\"description\":\"En Aivlisoft Inform\u00e1tica ofrecemos soluciones tecnol\u00f3gicas para empresas: venta de ordenadores, consumibles, perif\u00e9ricos y m\u00e1s. Calidad, atenci\u00f3n personalizada y los mejores precios para tu negocio.\",\"publisher\":{\"@id\":\"https:\/\/aivlisoft.net\/shop\/#organization\"},\"potentialAction\":[{\"@type\":\"SearchAction\",\"target\":{\"@type\":\"EntryPoint\",\"urlTemplate\":\"https:\/\/aivlisoft.net\/shop\/?s={search_term_string}\"},\"query-input\":{\"@type\":\"PropertyValueSpecification\",\"valueRequired\":true,\"valueName\":\"search_term_string\"}}],\"inLanguage\":\"es\"},{\"@type\":\"Organization\",\"@id\":\"https:\/\/aivlisoft.net\/shop\/#organization\",\"name\":\"Aivlisoft Inform\u00e1tica\",\"url\":\"https:\/\/aivlisoft.net\/shop\/\",\"logo\":{\"@type\":\"ImageObject\",\"inLanguage\":\"es\",\"@id\":\"https:\/\/aivlisoft.net\/shop\/#\/schema\/logo\/image\/\",\"url\":\"https:\/\/aivlisoft.net\/shop\/wp-content\/uploads\/2024\/12\/removal.ai_5b848c54-0cdf-4140-95c5-c5536bb7573b-logodef.png\",\"contentUrl\":\"https:\/\/aivlisoft.net\/shop\/wp-content\/uploads\/2024\/12\/removal.ai_5b848c54-0cdf-4140-95c5-c5536bb7573b-logodef.png\",\"width\":484,\"height\":182,\"caption\":\"Aivlisoft Inform\u00e1tica\"},\"image\":{\"@id\":\"https:\/\/aivlisoft.net\/shop\/#\/schema\/logo\/image\/\"}}]}<\/script>\n<!-- \/ Yoast SEO plugin. -->","yoast_head_json":{"title":"TP-Link Archer T2E Adaptador WiFi PCI-E AC600 Dual - Aivlisoft Inform\u00e1tica","robots":{"index":"index","follow":"follow","max-snippet":"max-snippet:-1","max-image-preview":"max-image-preview:large","max-video-preview":"max-video-preview:-1"},"canonical":"https:\/\/aivlisoft.net\/shop\/producto\/tp-link-archer-t2e-adaptador-wifi-pci-e-ac600-dual\/","og_locale":"es_ES","og_type":"article","og_title":"TP-Link Archer T2E Adaptador WiFi PCI-E AC600 Dual - Aivlisoft Inform\u00e1tica","og_description":"&nbsp; Marca TP-Link Modelo Archer T2E Caracter&iacute;sticas Inal&aacute;mbricos &#8211; Wireless Standards: IEEE 802.11b\/g\/n 2.4 GHz, IEEE 802.11a\/n\/ac 5 GHz &#8211; Signal Rate: &nbsp; 5 GHz: &nbsp; 11ac: Hasta 433 Mbps(dynamic) &nbsp; 11n: Hasta 200 Mbps(dynamic) &nbsp; 11a: Hasta 54 Mbps(dynamic) &nbsp; 2.4 GHz: &nbsp; 11n: Hasta 200 Mbps(dynamic) &nbsp; 11g: Hasta 54 Mbps(dynamic) &nbsp; 11b:&hellip;&nbsp;TP-Link Archer T2E Adaptador WiFi PCI-E AC600 Dual","og_url":"https:\/\/aivlisoft.net\/shop\/producto\/tp-link-archer-t2e-adaptador-wifi-pci-e-ac600-dual\/","og_site_name":"Aivlisoft Inform\u00e1tica","article_modified_time":"2025-01-14T20:19:58+00:00","og_image":[{"width":800,"height":800,"url":"https:\/\/aivlisoft.net\/shop\/wp-content\/uploads\/2025\/01\/NADAIN0271_800.jpg","type":"image\/jpeg"}],"twitter_card":"summary_large_image","twitter_misc":{"Tiempo de lectura":"1 minuto"},"schema":{"@context":"https:\/\/schema.org","@graph":[{"@type":"WebPage","@id":"https:\/\/aivlisoft.net\/shop\/producto\/tp-link-archer-t2e-adaptador-wifi-pci-e-ac600-dual\/","url":"https:\/\/aivlisoft.net\/shop\/producto\/tp-link-archer-t2e-adaptador-wifi-pci-e-ac600-dual\/","name":"TP-Link Archer T2E Adaptador WiFi PCI-E AC600 Dual - Aivlisoft Inform\u00e1tica","isPartOf":{"@id":"https:\/\/aivlisoft.net\/shop\/#website"},"primaryImageOfPage":{"@id":"https:\/\/aivlisoft.net\/shop\/producto\/tp-link-archer-t2e-adaptador-wifi-pci-e-ac600-dual\/#primaryimage"},"image":{"@id":"https:\/\/aivlisoft.net\/shop\/producto\/tp-link-archer-t2e-adaptador-wifi-pci-e-ac600-dual\/#primaryimage"},"thumbnailUrl":"https:\/\/aivlisoft.net\/shop\/wp-content\/uploads\/2025\/01\/NADAIN0271_800.jpg","datePublished":"2025-01-13T15:19:45+00:00","dateModified":"2025-01-14T20:19:58+00:00","breadcrumb":{"@id":"https:\/\/aivlisoft.net\/shop\/producto\/tp-link-archer-t2e-adaptador-wifi-pci-e-ac600-dual\/#breadcrumb"},"inLanguage":"es","potentialAction":[{"@type":"ReadAction","target":["https:\/\/aivlisoft.net\/shop\/producto\/tp-link-archer-t2e-adaptador-wifi-pci-e-ac600-dual\/"]}]},{"@type":"ImageObject","inLanguage":"es","@id":"https:\/\/aivlisoft.net\/shop\/producto\/tp-link-archer-t2e-adaptador-wifi-pci-e-ac600-dual\/#primaryimage","url":"https:\/\/aivlisoft.net\/shop\/wp-content\/uploads\/2025\/01\/NADAIN0271_800.jpg","contentUrl":"https:\/\/aivlisoft.net\/shop\/wp-content\/uploads\/2025\/01\/NADAIN0271_800.jpg","width":800,"height":800},{"@type":"BreadcrumbList","@id":"https:\/\/aivlisoft.net\/shop\/producto\/tp-link-archer-t2e-adaptador-wifi-pci-e-ac600-dual\/#breadcrumb","itemListElement":[{"@type":"ListItem","position":1,"name":"Portada","item":"https:\/\/aivlisoft.net\/shop\/"},{"@type":"ListItem","position":2,"name":"Tienda","item":"https:\/\/aivlisoft.net\/shop\/tienda\/"},{"@type":"ListItem","position":3,"name":"TP-Link Archer T2E Adaptador WiFi PCI-E AC600 Dual"}]},{"@type":"WebSite","@id":"https:\/\/aivlisoft.net\/shop\/#website","url":"https:\/\/aivlisoft.net\/shop\/","name":"Aivlisoft Inform\u00e1tica","description":"En Aivlisoft Inform\u00e1tica ofrecemos soluciones tecnol\u00f3gicas para empresas: venta de ordenadores, consumibles, perif\u00e9ricos y m\u00e1s. Calidad, atenci\u00f3n personalizada y los mejores precios para tu negocio.","publisher":{"@id":"https:\/\/aivlisoft.net\/shop\/#organization"},"potentialAction":[{"@type":"SearchAction","target":{"@type":"EntryPoint","urlTemplate":"https:\/\/aivlisoft.net\/shop\/?s={search_term_string}"},"query-input":{"@type":"PropertyValueSpecification","valueRequired":true,"valueName":"search_term_string"}}],"inLanguage":"es"},{"@type":"Organization","@id":"https:\/\/aivlisoft.net\/shop\/#organization","name":"Aivlisoft Inform\u00e1tica","url":"https:\/\/aivlisoft.net\/shop\/","logo":{"@type":"ImageObject","inLanguage":"es","@id":"https:\/\/aivlisoft.net\/shop\/#\/schema\/logo\/image\/","url":"https:\/\/aivlisoft.net\/shop\/wp-content\/uploads\/2024\/12\/removal.ai_5b848c54-0cdf-4140-95c5-c5536bb7573b-logodef.png","contentUrl":"https:\/\/aivlisoft.net\/shop\/wp-content\/uploads\/2024\/12\/removal.ai_5b848c54-0cdf-4140-95c5-c5536bb7573b-logodef.png","width":484,"height":182,"caption":"Aivlisoft Inform\u00e1tica"},"image":{"@id":"https:\/\/aivlisoft.net\/shop\/#\/schema\/logo\/image\/"}}]}},"_links":{"self":[{"href":"https:\/\/aivlisoft.net\/shop\/wp-json\/wp\/v2\/product\/18188","targetHints":{"allow":["GET"]}}],"collection":[{"href":"https:\/\/aivlisoft.net\/shop\/wp-json\/wp\/v2\/product"}],"about":[{"href":"https:\/\/aivlisoft.net\/shop\/wp-json\/wp\/v2\/types\/product"}],"wp:featuredmedia":[{"embeddable":true,"href":"https:\/\/aivlisoft.net\/shop\/wp-json\/wp\/v2\/media\/18189"}],"wp:attachment":[{"href":"https:\/\/aivlisoft.net\/shop\/wp-json\/wp\/v2\/media?parent=18188"}],"wp:term":[{"taxonomy":"product_brand","embeddable":true,"href":"https:\/\/aivlisoft.net\/shop\/wp-json\/wp\/v2\/product_brand?post=18188"},{"taxonomy":"product_cat","embeddable":true,"href":"https:\/\/aivlisoft.net\/shop\/wp-json\/wp\/v2\/product_cat?post=18188"},{"taxonomy":"product_tag","embeddable":true,"href":"https:\/\/aivlisoft.net\/shop\/wp-json\/wp\/v2\/product_tag?post=18188"}],"curies":[{"name":"wp","href":"https:\/\/api.w.org\/{rel}","templated":true}]}}